{"id":1046,"date":"2023-12-24T17:48:05","date_gmt":"2023-12-24T17:48:05","guid":{"rendered":"https:\/\/minerales.ultbit.com\/?post_type=product&#038;p=1046"},"modified":"2025-01-01T16:49:06","modified_gmt":"2025-01-01T15:49:06","slug":"pulsera-de-ojo-de-tigre-proteccion-estabilidad-emocional","status":"publish","type":"product","link":"https:\/\/mineraleslunallena.com\/ca\/producte\/pulsera-de-ojo-de-tigre-proteccion-estabilidad-emocional\/","title":{"rendered":"Polsera D&#039;Ull De Tigre | Protecci\u00f3 \u2013 Estabilitat Emocional"},"content":{"rendered":"<p>Descubre la Pulsera de Ojo de Tigre El\u00e1stica ,una gema de protecci\u00f3n y fuerza. Ll\u00e9vala para crear un escudo de seguridad y confianza, enfrentando desaf\u00edos con valent\u00eda.<br \/>\nEsta piedra vitaliza tu energ\u00eda f\u00edsica y mental, impulsando tu vitalidad. Con\u00e9ctate con la tierra y equilibra tu energ\u00eda, sinti\u00e9ndote arraigado.<br \/>\nFomenta la claridad mental y decisiones conscientes en momentos de incertidumbre. Empod\u00e9rate y libera miedos, avanzando con coraje en tu camino.<br \/>\nLa Pulsera de Ojo de Tigre es tu aliado espiritual y terap\u00e9utico para fortalecer tu confianza y bienestar.<\/p>\n<p>Quantitat: 1 Unitat. El preu \u00e9s per una unitat.<\/p>\n<p>Tama\u00f1o: 10 mm.<\/p>\n<p>Forma: Pulsera Bola.<\/p>\n<p>&nbsp;<\/p>","protected":false},"excerpt":{"rendered":"<p>Descubre la Pulsera de Ojo de Tigre \u00c9lastica ,una gema de protecci\u00f3n y fuerza. Ll\u00e9vala para crear un escudo de seguridad y confianza, enfrentando desaf\u00edos con valent\u00eda.<br \/>\nEsta piedra vitaliza tu energ\u00eda f\u00edsica y mental, impulsando tu vitalidad. Con\u00e9ctate con la tierra y equilibra tu energ\u00eda, sinti\u00e9ndote arraigado.<br \/>\nFomenta la claridad mental y decisiones conscientes en momentos de incertidumbre. Empod\u00e9rate y libera miedos, avanzando con coraje en tu camino.<br \/>\nLa Pulsera de Ojo de Tigre es tu aliado espiritual y terap\u00e9utico para fortalecer tu confianza y bienestar.<\/p>\n<p>Quantitat: 1 Unitat. El preu \u00e9s per una unitat.<\/p>\n<p>Tama\u00f1o: 10 mm.<\/p>\n<p>Forma: Pulsera Bola.<\/p>","protected":false},"featured_media":1393,"template":"","meta":[],"product_cat":[70,78,102],"product_tag":[],"class_list":{"0":"post-1046","1":"product","2":"type-product","3":"status-publish","4":"has-post-thumbnail","6":"product_cat-joyas-y-accesorios","7":"product_cat-pulseras","8":"product_cat-pulseras-bola","10":"first","11":"instock","12":"sale","13":"taxable","14":"shipping-taxable","15":"purchasable","16":"product-type-simple"},"yoast_head":"<!-- This site is optimized with the Yoast SEO plugin v27.3 - https:\/\/yoast.com\/product\/yoast-seo-wordpress\/ -->\n<title>Pulsera De Ojo De Tigre | Protecci\u00f3n - Estabilidad Emocional - MINERALES LUNA LLENA<\/title>\n<meta name=\"robots\" content=\"index, follow, max-snippet:-1, max-image-preview:large, max-video-preview:-1\" \/>\n<link rel=\"canonical\" href=\"https:\/\/mineraleslunallena.com\/ca\/producte\/pulsera-de-ojo-de-tigre-proteccion-estabilidad-emocional\/\" \/>\n<meta property=\"og:locale\" content=\"ca_ES\" \/>\n<meta property=\"og:type\" content=\"article\" \/>\n<meta property=\"og:title\" content=\"Pulsera De Ojo De Tigre | Protecci\u00f3n - Estabilidad Emocional - MINERALES LUNA LLENA\" \/>\n<meta property=\"og:description\" content=\"Descubre la Pulsera de Ojo de Tigre \u00c9lastica ,una gema de protecci\u00f3n y fuerza. Ll\u00e9vala para crear un escudo de seguridad y confianza, enfrentando desaf\u00edos con valent\u00eda. Esta piedra vitaliza tu energ\u00eda f\u00edsica y mental, impulsando tu vitalidad. Con\u00e9ctate con la tierra y equilibra tu energ\u00eda, sinti\u00e9ndote arraigado. Fomenta la claridad mental y decisiones conscientes en momentos de incertidumbre. Empod\u00e9rate y libera miedos, avanzando con coraje en tu camino. La Pulsera de Ojo de Tigre es tu aliado espiritual y terap\u00e9utico para fortalecer tu confianza y bienestar.  Cantidad: 1 Unidad. El precio es por una unidad.  Tama\u00f1o: 10 mm.  Forma: Pulsera Bola.\" \/>\n<meta property=\"og:url\" content=\"https:\/\/mineraleslunallena.com\/ca\/producte\/pulsera-de-ojo-de-tigre-proteccion-estabilidad-emocional\/\" \/>\n<meta property=\"og:site_name\" content=\"MINERALES LUNA LLENA\" \/>\n<meta property=\"article:modified_time\" content=\"2025-01-01T15:49:06+00:00\" \/>\n<meta property=\"og:image\" content=\"https:\/\/mineraleslunallena.com\/wp-content\/uploads\/2023\/12\/ja_p_007-2-scaled.jpg\" \/>\n\t<meta property=\"og:image:width\" content=\"1920\" \/>\n\t<meta property=\"og:image:height\" content=\"2560\" \/>\n\t<meta property=\"og:image:type\" content=\"image\/jpeg\" \/>\n<meta name=\"twitter:card\" content=\"summary_large_image\" \/>\n<meta name=\"twitter:label1\" content=\"Temps estimat de lectura\" \/>\n\t<meta name=\"twitter:data1\" content=\"1 minut\" \/>\n<script type=\"application\/ld+json\" class=\"yoast-schema-graph\">{\"@context\":\"https:\\\/\\\/schema.org\",\"@graph\":[{\"@type\":\"WebPage\",\"@id\":\"https:\\\/\\\/mineraleslunallena.com\\\/producto\\\/pulsera-de-ojo-de-tigre-proteccion-estabilidad-emocional\\\/\",\"url\":\"https:\\\/\\\/mineraleslunallena.com\\\/producto\\\/pulsera-de-ojo-de-tigre-proteccion-estabilidad-emocional\\\/\",\"name\":\"Pulsera De Ojo De Tigre | Protecci\u00f3n - Estabilidad Emocional - MINERALES LUNA LLENA\",\"isPartOf\":{\"@id\":\"https:\\\/\\\/mineraleslunallena.com\\\/#website\"},\"primaryImageOfPage\":{\"@id\":\"https:\\\/\\\/mineraleslunallena.com\\\/producto\\\/pulsera-de-ojo-de-tigre-proteccion-estabilidad-emocional\\\/#primaryimage\"},\"image\":{\"@id\":\"https:\\\/\\\/mineraleslunallena.com\\\/producto\\\/pulsera-de-ojo-de-tigre-proteccion-estabilidad-emocional\\\/#primaryimage\"},\"thumbnailUrl\":\"https:\\\/\\\/mineraleslunallena.com\\\/wp-content\\\/uploads\\\/2023\\\/12\\\/ja_p_007-2-scaled.jpg\",\"datePublished\":\"2023-12-24T17:48:05+00:00\",\"dateModified\":\"2025-01-01T15:49:06+00:00\",\"breadcrumb\":{\"@id\":\"https:\\\/\\\/mineraleslunallena.com\\\/producto\\\/pulsera-de-ojo-de-tigre-proteccion-estabilidad-emocional\\\/#breadcrumb\"},\"inLanguage\":\"ca\",\"potentialAction\":[{\"@type\":\"ReadAction\",\"target\":[\"https:\\\/\\\/mineraleslunallena.com\\\/producto\\\/pulsera-de-ojo-de-tigre-proteccion-estabilidad-emocional\\\/\"]}]},{\"@type\":\"ImageObject\",\"inLanguage\":\"ca\",\"@id\":\"https:\\\/\\\/mineraleslunallena.com\\\/producto\\\/pulsera-de-ojo-de-tigre-proteccion-estabilidad-emocional\\\/#primaryimage\",\"url\":\"https:\\\/\\\/mineraleslunallena.com\\\/wp-content\\\/uploads\\\/2023\\\/12\\\/ja_p_007-2-scaled.jpg\",\"contentUrl\":\"https:\\\/\\\/mineraleslunallena.com\\\/wp-content\\\/uploads\\\/2023\\\/12\\\/ja_p_007-2-scaled.jpg\",\"width\":1920,\"height\":2560},{\"@type\":\"BreadcrumbList\",\"@id\":\"https:\\\/\\\/mineraleslunallena.com\\\/producto\\\/pulsera-de-ojo-de-tigre-proteccion-estabilidad-emocional\\\/#breadcrumb\",\"itemListElement\":[{\"@type\":\"ListItem\",\"position\":1,\"name\":\"Portada\",\"item\":\"https:\\\/\\\/mineraleslunallena.com\\\/\"},{\"@type\":\"ListItem\",\"position\":2,\"name\":\"Shop\",\"item\":\"https:\\\/\\\/mineraleslunallena.com\\\/ca\\\/shop\\\/\"},{\"@type\":\"ListItem\",\"position\":3,\"name\":\"Pulsera De Ojo De Tigre | Protecci\u00f3n &#8211; Estabilidad Emocional\"}]},{\"@type\":\"WebSite\",\"@id\":\"https:\\\/\\\/mineraleslunallena.com\\\/#website\",\"url\":\"https:\\\/\\\/mineraleslunallena.com\\\/\",\"name\":\"LUNA LLENA MINERALES\",\"description\":\"Es el momento de conectarte con tu propio poder y confiar en tus habilidades.\",\"publisher\":{\"@id\":\"https:\\\/\\\/mineraleslunallena.com\\\/#organization\"},\"potentialAction\":[{\"@type\":\"SearchAction\",\"target\":{\"@type\":\"EntryPoint\",\"urlTemplate\":\"https:\\\/\\\/mineraleslunallena.com\\\/?s={search_term_string}\"},\"query-input\":{\"@type\":\"PropertyValueSpecification\",\"valueRequired\":true,\"valueName\":\"search_term_string\"}}],\"inLanguage\":\"ca\"},{\"@type\":\"Organization\",\"@id\":\"https:\\\/\\\/mineraleslunallena.com\\\/#organization\",\"name\":\"LUNA LLENA MINERALES\",\"url\":\"https:\\\/\\\/mineraleslunallena.com\\\/\",\"logo\":{\"@type\":\"ImageObject\",\"inLanguage\":\"ca\",\"@id\":\"https:\\\/\\\/mineraleslunallena.com\\\/#\\\/schema\\\/logo\\\/image\\\/\",\"url\":\"https:\\\/\\\/mineraleslunallena.com\\\/wp-content\\\/uploads\\\/2023\\\/07\\\/LUNA-LLENA-LOGO-nuevo.png\",\"contentUrl\":\"https:\\\/\\\/mineraleslunallena.com\\\/wp-content\\\/uploads\\\/2023\\\/07\\\/LUNA-LLENA-LOGO-nuevo.png\",\"width\":229,\"height\":167,\"caption\":\"LUNA LLENA MINERALES\"},\"image\":{\"@id\":\"https:\\\/\\\/mineraleslunallena.com\\\/#\\\/schema\\\/logo\\\/image\\\/\"}}]}<\/script>\n<!-- \/ Yoast SEO plugin. -->","yoast_head_json":{"title":"Pulsera De Ojo De Tigre | Protecci\u00f3n - Estabilidad Emocional - MINERALES LUNA LLENA","robots":{"index":"index","follow":"follow","max-snippet":"max-snippet:-1","max-image-preview":"max-image-preview:large","max-video-preview":"max-video-preview:-1"},"canonical":"https:\/\/mineraleslunallena.com\/ca\/producte\/pulsera-de-ojo-de-tigre-proteccion-estabilidad-emocional\/","og_locale":"ca_ES","og_type":"article","og_title":"Pulsera De Ojo De Tigre | Protecci\u00f3n - Estabilidad Emocional - MINERALES LUNA LLENA","og_description":"Descubre la Pulsera de Ojo de Tigre \u00c9lastica ,una gema de protecci\u00f3n y fuerza. Ll\u00e9vala para crear un escudo de seguridad y confianza, enfrentando desaf\u00edos con valent\u00eda. Esta piedra vitaliza tu energ\u00eda f\u00edsica y mental, impulsando tu vitalidad. Con\u00e9ctate con la tierra y equilibra tu energ\u00eda, sinti\u00e9ndote arraigado. Fomenta la claridad mental y decisiones conscientes en momentos de incertidumbre. Empod\u00e9rate y libera miedos, avanzando con coraje en tu camino. La Pulsera de Ojo de Tigre es tu aliado espiritual y terap\u00e9utico para fortalecer tu confianza y bienestar.  Cantidad: 1 Unidad. El precio es por una unidad.  Tama\u00f1o: 10 mm.  Forma: Pulsera Bola.","og_url":"https:\/\/mineraleslunallena.com\/ca\/producte\/pulsera-de-ojo-de-tigre-proteccion-estabilidad-emocional\/","og_site_name":"MINERALES LUNA LLENA","article_modified_time":"2025-01-01T15:49:06+00:00","og_image":[{"width":1920,"height":2560,"url":"https:\/\/mineraleslunallena.com\/wp-content\/uploads\/2023\/12\/ja_p_007-2-scaled.jpg","type":"image\/jpeg"}],"twitter_card":"summary_large_image","twitter_misc":{"Temps estimat de lectura":"1 minut"},"schema":{"@context":"https:\/\/schema.org","@graph":[{"@type":"WebPage","@id":"https:\/\/mineraleslunallena.com\/producto\/pulsera-de-ojo-de-tigre-proteccion-estabilidad-emocional\/","url":"https:\/\/mineraleslunallena.com\/producto\/pulsera-de-ojo-de-tigre-proteccion-estabilidad-emocional\/","name":"Pulsera De Ojo De Tigre | Protecci\u00f3n - Estabilidad Emocional - MINERALES LUNA LLENA","isPartOf":{"@id":"https:\/\/mineraleslunallena.com\/#website"},"primaryImageOfPage":{"@id":"https:\/\/mineraleslunallena.com\/producto\/pulsera-de-ojo-de-tigre-proteccion-estabilidad-emocional\/#primaryimage"},"image":{"@id":"https:\/\/mineraleslunallena.com\/producto\/pulsera-de-ojo-de-tigre-proteccion-estabilidad-emocional\/#primaryimage"},"thumbnailUrl":"https:\/\/mineraleslunallena.com\/wp-content\/uploads\/2023\/12\/ja_p_007-2-scaled.jpg","datePublished":"2023-12-24T17:48:05+00:00","dateModified":"2025-01-01T15:49:06+00:00","breadcrumb":{"@id":"https:\/\/mineraleslunallena.com\/producto\/pulsera-de-ojo-de-tigre-proteccion-estabilidad-emocional\/#breadcrumb"},"inLanguage":"ca","potentialAction":[{"@type":"ReadAction","target":["https:\/\/mineraleslunallena.com\/producto\/pulsera-de-ojo-de-tigre-proteccion-estabilidad-emocional\/"]}]},{"@type":"ImageObject","inLanguage":"ca","@id":"https:\/\/mineraleslunallena.com\/producto\/pulsera-de-ojo-de-tigre-proteccion-estabilidad-emocional\/#primaryimage","url":"https:\/\/mineraleslunallena.com\/wp-content\/uploads\/2023\/12\/ja_p_007-2-scaled.jpg","contentUrl":"https:\/\/mineraleslunallena.com\/wp-content\/uploads\/2023\/12\/ja_p_007-2-scaled.jpg","width":1920,"height":2560},{"@type":"BreadcrumbList","@id":"https:\/\/mineraleslunallena.com\/producto\/pulsera-de-ojo-de-tigre-proteccion-estabilidad-emocional\/#breadcrumb","itemListElement":[{"@type":"ListItem","position":1,"name":"Portada","item":"https:\/\/mineraleslunallena.com\/"},{"@type":"ListItem","position":2,"name":"Shop","item":"https:\/\/mineraleslunallena.com\/ca\/shop\/"},{"@type":"ListItem","position":3,"name":"Pulsera De Ojo De Tigre | Protecci\u00f3n &#8211; Estabilidad Emocional"}]},{"@type":"WebSite","@id":"https:\/\/mineraleslunallena.com\/#website","url":"https:\/\/mineraleslunallena.com\/","name":"LLUNA PLENA MINERALS","description":"\u00c9s el moment de connectar-te amb el teu poder i confiar en les teves habilitats.","publisher":{"@id":"https:\/\/mineraleslunallena.com\/#organization"},"potentialAction":[{"@type":"SearchAction","target":{"@type":"EntryPoint","urlTemplate":"https:\/\/mineraleslunallena.com\/?s={search_term_string}"},"query-input":{"@type":"PropertyValueSpecification","valueRequired":true,"valueName":"search_term_string"}}],"inLanguage":"ca"},{"@type":"Organization","@id":"https:\/\/mineraleslunallena.com\/#organization","name":"LLUNA PLENA MINERALS","url":"https:\/\/mineraleslunallena.com\/","logo":{"@type":"ImageObject","inLanguage":"ca","@id":"https:\/\/mineraleslunallena.com\/#\/schema\/logo\/image\/","url":"https:\/\/mineraleslunallena.com\/wp-content\/uploads\/2023\/07\/LUNA-LLENA-LOGO-nuevo.png","contentUrl":"https:\/\/mineraleslunallena.com\/wp-content\/uploads\/2023\/07\/LUNA-LLENA-LOGO-nuevo.png","width":229,"height":167,"caption":"LUNA LLENA MINERALES"},"image":{"@id":"https:\/\/mineraleslunallena.com\/#\/schema\/logo\/image\/"}}]}},"jetpack_sharing_enabled":true,"_links":{"self":[{"href":"https:\/\/mineraleslunallena.com\/ca\/wp-json\/wp\/v2\/product\/1046","targetHints":{"allow":["GET"]}}],"collection":[{"href":"https:\/\/mineraleslunallena.com\/ca\/wp-json\/wp\/v2\/product"}],"about":[{"href":"https:\/\/mineraleslunallena.com\/ca\/wp-json\/wp\/v2\/types\/product"}],"version-history":[{"count":4,"href":"https:\/\/mineraleslunallena.com\/ca\/wp-json\/wp\/v2\/product\/1046\/revisions"}],"predecessor-version":[{"id":3984,"href":"https:\/\/mineraleslunallena.com\/ca\/wp-json\/wp\/v2\/product\/1046\/revisions\/3984"}],"wp:featuredmedia":[{"embeddable":true,"href":"https:\/\/mineraleslunallena.com\/ca\/wp-json\/wp\/v2\/media\/1393"}],"wp:attachment":[{"href":"https:\/\/mineraleslunallena.com\/ca\/wp-json\/wp\/v2\/media?parent=1046"}],"wp:term":[{"taxonomy":"product_cat","embeddable":true,"href":"https:\/\/mineraleslunallena.com\/ca\/wp-json\/wp\/v2\/product_cat?post=1046"},{"taxonomy":"product_tag","embeddable":true,"href":"https:\/\/mineraleslunallena.com\/ca\/wp-json\/wp\/v2\/product_tag?post=1046"}],"curies":[{"name":"wp","href":"https:\/\/api.w.org\/{rel}","templated":true}]}}