{"id":1057,"date":"2023-12-24T17:55:41","date_gmt":"2023-12-24T17:55:41","guid":{"rendered":"https:\/\/minerales.ultbit.com\/?post_type=product&#038;p=1057"},"modified":"2025-11-27T08:17:17","modified_gmt":"2025-11-27T07:17:17","slug":"pulsera-chip-de-cuarzo-cristal-sanacion-amplificador","status":"publish","type":"product","link":"https:\/\/mineraleslunallena.com\/ca\/producte\/pulsera-chip-de-cuarzo-cristal-sanacion-amplificador\/","title":{"rendered":"Polsera Xip de Quars Cristall | Sanaci\u00f3 \u2013 Amplificador"},"content":{"rendered":"","protected":false},"excerpt":{"rendered":"<p>Descobreix la Polsera de Quars Cristall El\u00e0stica, una joia que us connectar\u00e0 amb la claredat i l&#039;harmonia. La seva energia transparent i brillant actua com un amplificador denergia positiva, elevant les teves intencions i metes.<br \/>\nFes-la servir en la meditaci\u00f3 per aprofundir la concentraci\u00f3 i calmar l&#039;estr\u00e8s emocional.<br \/>\nEl Cuarzo Cristal es una piedra de sanaci\u00f3n que alivia el estr\u00e9s y promueve la claridad mental. Elimina la confusi\u00f3n mental y eleva tu vibraci\u00f3n espiritual, facilitando la conexi\u00f3n con niveles superiores de conciencia.<br \/>\n\u00c9s la teva companya di\u00e0ria per mantenir l&#039;harmonia i l&#039;equilibri espiritual a cada pas.<\/p>\n<p>Mineral: Chips De Cuarzo Cristal.<\/p>","protected":false},"featured_media":1061,"template":"","meta":[],"product_cat":[70,78,103],"product_tag":[],"class_list":{"0":"post-1057","1":"product","2":"type-product","3":"status-publish","4":"has-post-thumbnail","6":"product_cat-joyas-y-accesorios","7":"product_cat-pulseras","8":"product_cat-pulseras-chip","10":"first","11":"instock","12":"sale","13":"taxable","14":"shipping-taxable","15":"purchasable","16":"product-type-simple"},"yoast_head":"<!-- This site is optimized with the Yoast SEO plugin v27.3 - https:\/\/yoast.com\/product\/yoast-seo-wordpress\/ -->\n<title>Pulsera Chip de Cuarzo Cristal | Sanaci\u00f3n - Amplificador - MINERALES LUNA LLENA<\/title>\n<meta name=\"robots\" content=\"index, follow, max-snippet:-1, max-image-preview:large, max-video-preview:-1\" \/>\n<link rel=\"canonical\" href=\"https:\/\/mineraleslunallena.com\/ca\/producte\/pulsera-chip-de-cuarzo-cristal-sanacion-amplificador\/\" \/>\n<meta property=\"og:locale\" content=\"ca_ES\" \/>\n<meta property=\"og:type\" content=\"article\" \/>\n<meta property=\"og:title\" content=\"Pulsera Chip de Cuarzo Cristal | Sanaci\u00f3n - Amplificador - MINERALES LUNA LLENA\" \/>\n<meta property=\"og:description\" content=\"Descubre la Pulsera de Cuarzo Cristal El\u00e1stica, una joya que te conectar\u00e1 con la claridad y la armon\u00eda. Su energ\u00eda transparente y brillante act\u00faa como un amplificador de energ\u00eda positiva, elevando tus intenciones y metas. \u00dasala en la meditaci\u00f3n para profundizar la concentraci\u00f3n y calmar el estr\u00e9s emocional. El Cuarzo Cristal es una piedra de sanaci\u00f3n que alivia el estr\u00e9s y promueve la claridad mental. Elimina la confusi\u00f3n mental y eleva tu vibraci\u00f3n espiritual, facilitando la conexi\u00f3n con niveles superiores de conciencia. Es tu compa\u00f1era diaria para mantener la armon\u00eda y el equilibrio espiritual en cada paso.  Mineral: Chips De Cuarzo Cristal.\" \/>\n<meta property=\"og:url\" content=\"https:\/\/mineraleslunallena.com\/ca\/producte\/pulsera-chip-de-cuarzo-cristal-sanacion-amplificador\/\" \/>\n<meta property=\"og:site_name\" content=\"MINERALES LUNA LLENA\" \/>\n<meta property=\"article:modified_time\" content=\"2025-11-27T07:17:17+00:00\" \/>\n<meta property=\"og:image\" content=\"https:\/\/mineraleslunallena.com\/wp-content\/uploads\/2023\/12\/ja_p_010.jpg\" \/>\n\t<meta property=\"og:image:width\" content=\"600\" \/>\n\t<meta property=\"og:image:height\" content=\"800\" \/>\n\t<meta property=\"og:image:type\" content=\"image\/jpeg\" \/>\n<meta name=\"twitter:card\" content=\"summary_large_image\" \/>\n<meta name=\"twitter:label1\" content=\"Temps estimat de lectura\" \/>\n\t<meta name=\"twitter:data1\" content=\"1 minut\" \/>\n<script type=\"application\/ld+json\" class=\"yoast-schema-graph\">{\"@context\":\"https:\\\/\\\/schema.org\",\"@graph\":[{\"@type\":\"WebPage\",\"@id\":\"https:\\\/\\\/mineraleslunallena.com\\\/producto\\\/pulsera-chip-de-cuarzo-cristal-sanacion-amplificador\\\/\",\"url\":\"https:\\\/\\\/mineraleslunallena.com\\\/producto\\\/pulsera-chip-de-cuarzo-cristal-sanacion-amplificador\\\/\",\"name\":\"Pulsera Chip de Cuarzo Cristal | Sanaci\u00f3n - Amplificador - MINERALES LUNA LLENA\",\"isPartOf\":{\"@id\":\"https:\\\/\\\/mineraleslunallena.com\\\/#website\"},\"primaryImageOfPage\":{\"@id\":\"https:\\\/\\\/mineraleslunallena.com\\\/producto\\\/pulsera-chip-de-cuarzo-cristal-sanacion-amplificador\\\/#primaryimage\"},\"image\":{\"@id\":\"https:\\\/\\\/mineraleslunallena.com\\\/producto\\\/pulsera-chip-de-cuarzo-cristal-sanacion-amplificador\\\/#primaryimage\"},\"thumbnailUrl\":\"https:\\\/\\\/mineraleslunallena.com\\\/wp-content\\\/uploads\\\/2023\\\/12\\\/ja_p_010.jpg\",\"datePublished\":\"2023-12-24T17:55:41+00:00\",\"dateModified\":\"2025-11-27T07:17:17+00:00\",\"breadcrumb\":{\"@id\":\"https:\\\/\\\/mineraleslunallena.com\\\/producto\\\/pulsera-chip-de-cuarzo-cristal-sanacion-amplificador\\\/#breadcrumb\"},\"inLanguage\":\"ca\",\"potentialAction\":[{\"@type\":\"ReadAction\",\"target\":[\"https:\\\/\\\/mineraleslunallena.com\\\/producto\\\/pulsera-chip-de-cuarzo-cristal-sanacion-amplificador\\\/\"]}]},{\"@type\":\"ImageObject\",\"inLanguage\":\"ca\",\"@id\":\"https:\\\/\\\/mineraleslunallena.com\\\/producto\\\/pulsera-chip-de-cuarzo-cristal-sanacion-amplificador\\\/#primaryimage\",\"url\":\"https:\\\/\\\/mineraleslunallena.com\\\/wp-content\\\/uploads\\\/2023\\\/12\\\/ja_p_010.jpg\",\"contentUrl\":\"https:\\\/\\\/mineraleslunallena.com\\\/wp-content\\\/uploads\\\/2023\\\/12\\\/ja_p_010.jpg\",\"width\":600,\"height\":800},{\"@type\":\"BreadcrumbList\",\"@id\":\"https:\\\/\\\/mineraleslunallena.com\\\/producto\\\/pulsera-chip-de-cuarzo-cristal-sanacion-amplificador\\\/#breadcrumb\",\"itemListElement\":[{\"@type\":\"ListItem\",\"position\":1,\"name\":\"Portada\",\"item\":\"https:\\\/\\\/mineraleslunallena.com\\\/\"},{\"@type\":\"ListItem\",\"position\":2,\"name\":\"Shop\",\"item\":\"https:\\\/\\\/mineraleslunallena.com\\\/ca\\\/shop\\\/\"},{\"@type\":\"ListItem\",\"position\":3,\"name\":\"Pulsera Chip de Cuarzo Cristal | Sanaci\u00f3n &#8211; Amplificador\"}]},{\"@type\":\"WebSite\",\"@id\":\"https:\\\/\\\/mineraleslunallena.com\\\/#website\",\"url\":\"https:\\\/\\\/mineraleslunallena.com\\\/\",\"name\":\"LUNA LLENA MINERALES\",\"description\":\"Es el momento de conectarte con tu propio poder y confiar en tus habilidades.\",\"publisher\":{\"@id\":\"https:\\\/\\\/mineraleslunallena.com\\\/#organization\"},\"potentialAction\":[{\"@type\":\"SearchAction\",\"target\":{\"@type\":\"EntryPoint\",\"urlTemplate\":\"https:\\\/\\\/mineraleslunallena.com\\\/?s={search_term_string}\"},\"query-input\":{\"@type\":\"PropertyValueSpecification\",\"valueRequired\":true,\"valueName\":\"search_term_string\"}}],\"inLanguage\":\"ca\"},{\"@type\":\"Organization\",\"@id\":\"https:\\\/\\\/mineraleslunallena.com\\\/#organization\",\"name\":\"LUNA LLENA MINERALES\",\"url\":\"https:\\\/\\\/mineraleslunallena.com\\\/\",\"logo\":{\"@type\":\"ImageObject\",\"inLanguage\":\"ca\",\"@id\":\"https:\\\/\\\/mineraleslunallena.com\\\/#\\\/schema\\\/logo\\\/image\\\/\",\"url\":\"https:\\\/\\\/mineraleslunallena.com\\\/wp-content\\\/uploads\\\/2023\\\/07\\\/LUNA-LLENA-LOGO-nuevo.png\",\"contentUrl\":\"https:\\\/\\\/mineraleslunallena.com\\\/wp-content\\\/uploads\\\/2023\\\/07\\\/LUNA-LLENA-LOGO-nuevo.png\",\"width\":229,\"height\":167,\"caption\":\"LUNA LLENA MINERALES\"},\"image\":{\"@id\":\"https:\\\/\\\/mineraleslunallena.com\\\/#\\\/schema\\\/logo\\\/image\\\/\"}}]}<\/script>\n<!-- \/ Yoast SEO plugin. -->","yoast_head_json":{"title":"Pulsera Chip de Cuarzo Cristal | Sanaci\u00f3n - Amplificador - MINERALES LUNA LLENA","robots":{"index":"index","follow":"follow","max-snippet":"max-snippet:-1","max-image-preview":"max-image-preview:large","max-video-preview":"max-video-preview:-1"},"canonical":"https:\/\/mineraleslunallena.com\/ca\/producte\/pulsera-chip-de-cuarzo-cristal-sanacion-amplificador\/","og_locale":"ca_ES","og_type":"article","og_title":"Pulsera Chip de Cuarzo Cristal | Sanaci\u00f3n - Amplificador - MINERALES LUNA LLENA","og_description":"Descubre la Pulsera de Cuarzo Cristal El\u00e1stica, una joya que te conectar\u00e1 con la claridad y la armon\u00eda. Su energ\u00eda transparente y brillante act\u00faa como un amplificador de energ\u00eda positiva, elevando tus intenciones y metas. \u00dasala en la meditaci\u00f3n para profundizar la concentraci\u00f3n y calmar el estr\u00e9s emocional. El Cuarzo Cristal es una piedra de sanaci\u00f3n que alivia el estr\u00e9s y promueve la claridad mental. Elimina la confusi\u00f3n mental y eleva tu vibraci\u00f3n espiritual, facilitando la conexi\u00f3n con niveles superiores de conciencia. Es tu compa\u00f1era diaria para mantener la armon\u00eda y el equilibrio espiritual en cada paso.  Mineral: Chips De Cuarzo Cristal.","og_url":"https:\/\/mineraleslunallena.com\/ca\/producte\/pulsera-chip-de-cuarzo-cristal-sanacion-amplificador\/","og_site_name":"MINERALES LUNA LLENA","article_modified_time":"2025-11-27T07:17:17+00:00","og_image":[{"width":600,"height":800,"url":"https:\/\/mineraleslunallena.com\/wp-content\/uploads\/2023\/12\/ja_p_010.jpg","type":"image\/jpeg"}],"twitter_card":"summary_large_image","twitter_misc":{"Temps estimat de lectura":"1 minut"},"schema":{"@context":"https:\/\/schema.org","@graph":[{"@type":"WebPage","@id":"https:\/\/mineraleslunallena.com\/producto\/pulsera-chip-de-cuarzo-cristal-sanacion-amplificador\/","url":"https:\/\/mineraleslunallena.com\/producto\/pulsera-chip-de-cuarzo-cristal-sanacion-amplificador\/","name":"Pulsera Chip de Cuarzo Cristal | Sanaci\u00f3n - Amplificador - MINERALES LUNA LLENA","isPartOf":{"@id":"https:\/\/mineraleslunallena.com\/#website"},"primaryImageOfPage":{"@id":"https:\/\/mineraleslunallena.com\/producto\/pulsera-chip-de-cuarzo-cristal-sanacion-amplificador\/#primaryimage"},"image":{"@id":"https:\/\/mineraleslunallena.com\/producto\/pulsera-chip-de-cuarzo-cristal-sanacion-amplificador\/#primaryimage"},"thumbnailUrl":"https:\/\/mineraleslunallena.com\/wp-content\/uploads\/2023\/12\/ja_p_010.jpg","datePublished":"2023-12-24T17:55:41+00:00","dateModified":"2025-11-27T07:17:17+00:00","breadcrumb":{"@id":"https:\/\/mineraleslunallena.com\/producto\/pulsera-chip-de-cuarzo-cristal-sanacion-amplificador\/#breadcrumb"},"inLanguage":"ca","potentialAction":[{"@type":"ReadAction","target":["https:\/\/mineraleslunallena.com\/producto\/pulsera-chip-de-cuarzo-cristal-sanacion-amplificador\/"]}]},{"@type":"ImageObject","inLanguage":"ca","@id":"https:\/\/mineraleslunallena.com\/producto\/pulsera-chip-de-cuarzo-cristal-sanacion-amplificador\/#primaryimage","url":"https:\/\/mineraleslunallena.com\/wp-content\/uploads\/2023\/12\/ja_p_010.jpg","contentUrl":"https:\/\/mineraleslunallena.com\/wp-content\/uploads\/2023\/12\/ja_p_010.jpg","width":600,"height":800},{"@type":"BreadcrumbList","@id":"https:\/\/mineraleslunallena.com\/producto\/pulsera-chip-de-cuarzo-cristal-sanacion-amplificador\/#breadcrumb","itemListElement":[{"@type":"ListItem","position":1,"name":"Portada","item":"https:\/\/mineraleslunallena.com\/"},{"@type":"ListItem","position":2,"name":"Shop","item":"https:\/\/mineraleslunallena.com\/ca\/shop\/"},{"@type":"ListItem","position":3,"name":"Pulsera Chip de Cuarzo Cristal | Sanaci\u00f3n &#8211; Amplificador"}]},{"@type":"WebSite","@id":"https:\/\/mineraleslunallena.com\/#website","url":"https:\/\/mineraleslunallena.com\/","name":"LLUNA PLENA MINERALS","description":"\u00c9s el moment de connectar-te amb el teu poder i confiar en les teves habilitats.","publisher":{"@id":"https:\/\/mineraleslunallena.com\/#organization"},"potentialAction":[{"@type":"SearchAction","target":{"@type":"EntryPoint","urlTemplate":"https:\/\/mineraleslunallena.com\/?s={search_term_string}"},"query-input":{"@type":"PropertyValueSpecification","valueRequired":true,"valueName":"search_term_string"}}],"inLanguage":"ca"},{"@type":"Organization","@id":"https:\/\/mineraleslunallena.com\/#organization","name":"LLUNA PLENA MINERALS","url":"https:\/\/mineraleslunallena.com\/","logo":{"@type":"ImageObject","inLanguage":"ca","@id":"https:\/\/mineraleslunallena.com\/#\/schema\/logo\/image\/","url":"https:\/\/mineraleslunallena.com\/wp-content\/uploads\/2023\/07\/LUNA-LLENA-LOGO-nuevo.png","contentUrl":"https:\/\/mineraleslunallena.com\/wp-content\/uploads\/2023\/07\/LUNA-LLENA-LOGO-nuevo.png","width":229,"height":167,"caption":"LUNA LLENA MINERALES"},"image":{"@id":"https:\/\/mineraleslunallena.com\/#\/schema\/logo\/image\/"}}]}},"_links":{"self":[{"href":"https:\/\/mineraleslunallena.com\/ca\/wp-json\/wp\/v2\/product\/1057","targetHints":{"allow":["GET"]}}],"collection":[{"href":"https:\/\/mineraleslunallena.com\/ca\/wp-json\/wp\/v2\/product"}],"about":[{"href":"https:\/\/mineraleslunallena.com\/ca\/wp-json\/wp\/v2\/types\/product"}],"version-history":[{"count":2,"href":"https:\/\/mineraleslunallena.com\/ca\/wp-json\/wp\/v2\/product\/1057\/revisions"}],"predecessor-version":[{"id":3181,"href":"https:\/\/mineraleslunallena.com\/ca\/wp-json\/wp\/v2\/product\/1057\/revisions\/3181"}],"wp:featuredmedia":[{"embeddable":true,"href":"https:\/\/mineraleslunallena.com\/ca\/wp-json\/wp\/v2\/media\/1061"}],"wp:attachment":[{"href":"https:\/\/mineraleslunallena.com\/ca\/wp-json\/wp\/v2\/media?parent=1057"}],"wp:term":[{"taxonomy":"product_cat","embeddable":true,"href":"https:\/\/mineraleslunallena.com\/ca\/wp-json\/wp\/v2\/product_cat?post=1057"},{"taxonomy":"product_tag","embeddable":true,"href":"https:\/\/mineraleslunallena.com\/ca\/wp-json\/wp\/v2\/product_tag?post=1057"}],"curies":[{"name":"wp","href":"https:\/\/api.w.org\/{rel}","templated":true}]}}