{"id":1171,"date":"2023-12-24T18:24:39","date_gmt":"2023-12-24T18:24:39","guid":{"rendered":"https:\/\/minerales.ultbit.com\/?post_type=product&#038;p=1171"},"modified":"2025-09-05T11:35:07","modified_gmt":"2025-09-05T09:35:07","slug":"pulsera-chip-de-fluorita-limpieza-purificacion-equilibrio","status":"publish","type":"product","link":"https:\/\/mineraleslunallena.com\/ca\/producte\/pulsera-chip-de-fluorita-limpieza-purificacion-equilibrio\/","title":{"rendered":"Polsera Xip De Fluorita | Neteja \u2013 Purificaci\u00f3 \u2013 Equilibri"},"content":{"rendered":"<p>La Pulsera de Fluorita El\u00e1stica, un accesorio de belleza y bienestar. Ll\u00e9vala en cualquier ocasi\u00f3n para disfrutar de la serenidad y purificaci\u00f3n que ofrece la fluorita.<br \/>\nIdeal durante la meditaci\u00f3n y el yoga, fomentando la conexi\u00f3n espiritual y la claridad mental.<br \/>\nSus propiedades limpiadoras y estabilizadoras ayudan a eliminar energ\u00edas negativas.<br \/>\nPotencia la concentraci\u00f3n y el enfoque, mejorando el rendimiento intelectual. Aumentando la intuici\u00f3n y la percepci\u00f3n.<br \/>\nDescubre el accesorio que equilibra y protege, permiti\u00e9ndote afrontar el estr\u00e9s con calma.<\/p>\n<p>Mineral: Fluorita.<\/p>\n<p>Forma: Pulsera chip, el\u00e1stica.<\/p>","protected":false},"excerpt":{"rendered":"<p>La Pulsera de Fluorita El\u00e1stica, un accesorio de belleza y bienestar. Ll\u00e9vala en cualquier ocasi\u00f3n para disfrutar de la serenidad y purificaci\u00f3n que ofrece la fluorita.<br \/>\nIdeal durante la meditaci\u00f3n y el yoga, fomentando la conexi\u00f3n espiritual y la claridad mental.<br \/>\nSus propiedades limpiadoras y estabilizadoras ayudan a eliminar energ\u00edas negativas.<br \/>\nPotencia la concentraci\u00f3n y el enfoque, mejorando el rendimiento intelectual. Aumentando la intuici\u00f3n y la percepci\u00f3n.<br \/>\nDescubre el accesorio que equilibra y protege, permiti\u00e9ndote afrontar el estr\u00e9s con calma.<\/p>\n<p>Mineral: Fluorita.<\/p>\n<p>Forma: Pulsera chip, el\u00e1stica.<\/p>","protected":false},"featured_media":3473,"template":"","meta":[],"product_cat":[70,78,103],"product_tag":[],"class_list":{"0":"post-1171","1":"product","2":"type-product","3":"status-publish","4":"has-post-thumbnail","6":"product_cat-joyas-y-accesorios","7":"product_cat-pulseras","8":"product_cat-pulseras-chip","10":"first","11":"instock","12":"sale","13":"taxable","14":"shipping-taxable","15":"purchasable","16":"product-type-simple"},"yoast_head":"<!-- This site is optimized with the Yoast SEO plugin v27.3 - https:\/\/yoast.com\/product\/yoast-seo-wordpress\/ -->\n<title>Pulsera Chip De Fluorita | Limpieza - Purificaci\u00f3n - Equilibrio - MINERALES LUNA LLENA<\/title>\n<meta name=\"robots\" content=\"index, follow, max-snippet:-1, max-image-preview:large, max-video-preview:-1\" \/>\n<link rel=\"canonical\" href=\"https:\/\/mineraleslunallena.com\/ca\/producte\/pulsera-chip-de-fluorita-limpieza-purificacion-equilibrio\/\" \/>\n<meta property=\"og:locale\" content=\"ca_ES\" \/>\n<meta property=\"og:type\" content=\"article\" \/>\n<meta property=\"og:title\" content=\"Pulsera Chip De Fluorita | Limpieza - Purificaci\u00f3n - Equilibrio - MINERALES LUNA LLENA\" \/>\n<meta property=\"og:description\" content=\"La Pulsera de Fluorita El\u00e1stica, un accesorio de belleza y bienestar. Ll\u00e9vala en cualquier ocasi\u00f3n para disfrutar de la serenidad y purificaci\u00f3n que ofrece la fluorita. Ideal durante la meditaci\u00f3n y el yoga, fomentando la conexi\u00f3n espiritual y la claridad mental. Sus propiedades limpiadoras y estabilizadoras ayudan a eliminar energ\u00edas negativas. Potencia la concentraci\u00f3n y el enfoque, mejorando el rendimiento intelectual. Aumentando la intuici\u00f3n y la percepci\u00f3n. Descubre el accesorio que equilibra y protege, permiti\u00e9ndote afrontar el estr\u00e9s con calma.  Mineral: Fluorita.  Forma: Pulsera chip, el\u00e1stica.\" \/>\n<meta property=\"og:url\" content=\"https:\/\/mineraleslunallena.com\/ca\/producte\/pulsera-chip-de-fluorita-limpieza-purificacion-equilibrio\/\" \/>\n<meta property=\"og:site_name\" content=\"MINERALES LUNA LLENA\" \/>\n<meta property=\"article:modified_time\" content=\"2025-09-05T09:35:07+00:00\" \/>\n<meta property=\"og:image\" content=\"https:\/\/mineraleslunallena.com\/wp-content\/uploads\/2023\/12\/pulserachipfluorita-scaled.jpg\" \/>\n\t<meta property=\"og:image:width\" content=\"1920\" \/>\n\t<meta property=\"og:image:height\" content=\"2560\" \/>\n\t<meta property=\"og:image:type\" content=\"image\/jpeg\" \/>\n<meta name=\"twitter:card\" content=\"summary_large_image\" \/>\n<meta name=\"twitter:label1\" content=\"Temps estimat de lectura\" \/>\n\t<meta name=\"twitter:data1\" content=\"1 minut\" \/>\n<script type=\"application\/ld+json\" class=\"yoast-schema-graph\">{\"@context\":\"https:\\\/\\\/schema.org\",\"@graph\":[{\"@type\":\"WebPage\",\"@id\":\"https:\\\/\\\/mineraleslunallena.com\\\/producto\\\/pulsera-chip-de-fluorita-limpieza-purificacion-equilibrio\\\/\",\"url\":\"https:\\\/\\\/mineraleslunallena.com\\\/producto\\\/pulsera-chip-de-fluorita-limpieza-purificacion-equilibrio\\\/\",\"name\":\"Pulsera Chip De Fluorita | Limpieza - Purificaci\u00f3n - Equilibrio - MINERALES LUNA LLENA\",\"isPartOf\":{\"@id\":\"https:\\\/\\\/mineraleslunallena.com\\\/#website\"},\"primaryImageOfPage\":{\"@id\":\"https:\\\/\\\/mineraleslunallena.com\\\/producto\\\/pulsera-chip-de-fluorita-limpieza-purificacion-equilibrio\\\/#primaryimage\"},\"image\":{\"@id\":\"https:\\\/\\\/mineraleslunallena.com\\\/producto\\\/pulsera-chip-de-fluorita-limpieza-purificacion-equilibrio\\\/#primaryimage\"},\"thumbnailUrl\":\"https:\\\/\\\/mineraleslunallena.com\\\/wp-content\\\/uploads\\\/2023\\\/12\\\/pulserachipfluorita-scaled.jpg\",\"datePublished\":\"2023-12-24T18:24:39+00:00\",\"dateModified\":\"2025-09-05T09:35:07+00:00\",\"breadcrumb\":{\"@id\":\"https:\\\/\\\/mineraleslunallena.com\\\/producto\\\/pulsera-chip-de-fluorita-limpieza-purificacion-equilibrio\\\/#breadcrumb\"},\"inLanguage\":\"ca\",\"potentialAction\":[{\"@type\":\"ReadAction\",\"target\":[\"https:\\\/\\\/mineraleslunallena.com\\\/producto\\\/pulsera-chip-de-fluorita-limpieza-purificacion-equilibrio\\\/\"]}]},{\"@type\":\"ImageObject\",\"inLanguage\":\"ca\",\"@id\":\"https:\\\/\\\/mineraleslunallena.com\\\/producto\\\/pulsera-chip-de-fluorita-limpieza-purificacion-equilibrio\\\/#primaryimage\",\"url\":\"https:\\\/\\\/mineraleslunallena.com\\\/wp-content\\\/uploads\\\/2023\\\/12\\\/pulserachipfluorita-scaled.jpg\",\"contentUrl\":\"https:\\\/\\\/mineraleslunallena.com\\\/wp-content\\\/uploads\\\/2023\\\/12\\\/pulserachipfluorita-scaled.jpg\",\"width\":1920,\"height\":2560},{\"@type\":\"BreadcrumbList\",\"@id\":\"https:\\\/\\\/mineraleslunallena.com\\\/producto\\\/pulsera-chip-de-fluorita-limpieza-purificacion-equilibrio\\\/#breadcrumb\",\"itemListElement\":[{\"@type\":\"ListItem\",\"position\":1,\"name\":\"Portada\",\"item\":\"https:\\\/\\\/mineraleslunallena.com\\\/\"},{\"@type\":\"ListItem\",\"position\":2,\"name\":\"Shop\",\"item\":\"https:\\\/\\\/mineraleslunallena.com\\\/ca\\\/shop\\\/\"},{\"@type\":\"ListItem\",\"position\":3,\"name\":\"Pulsera Chip De Fluorita | Limpieza &#8211; Purificaci\u00f3n &#8211; Equilibrio\"}]},{\"@type\":\"WebSite\",\"@id\":\"https:\\\/\\\/mineraleslunallena.com\\\/#website\",\"url\":\"https:\\\/\\\/mineraleslunallena.com\\\/\",\"name\":\"LUNA LLENA MINERALES\",\"description\":\"Es el momento de conectarte con tu propio poder y confiar en tus habilidades.\",\"publisher\":{\"@id\":\"https:\\\/\\\/mineraleslunallena.com\\\/#organization\"},\"potentialAction\":[{\"@type\":\"SearchAction\",\"target\":{\"@type\":\"EntryPoint\",\"urlTemplate\":\"https:\\\/\\\/mineraleslunallena.com\\\/?s={search_term_string}\"},\"query-input\":{\"@type\":\"PropertyValueSpecification\",\"valueRequired\":true,\"valueName\":\"search_term_string\"}}],\"inLanguage\":\"ca\"},{\"@type\":\"Organization\",\"@id\":\"https:\\\/\\\/mineraleslunallena.com\\\/#organization\",\"name\":\"LUNA LLENA MINERALES\",\"url\":\"https:\\\/\\\/mineraleslunallena.com\\\/\",\"logo\":{\"@type\":\"ImageObject\",\"inLanguage\":\"ca\",\"@id\":\"https:\\\/\\\/mineraleslunallena.com\\\/#\\\/schema\\\/logo\\\/image\\\/\",\"url\":\"https:\\\/\\\/mineraleslunallena.com\\\/wp-content\\\/uploads\\\/2023\\\/07\\\/LUNA-LLENA-LOGO-nuevo.png\",\"contentUrl\":\"https:\\\/\\\/mineraleslunallena.com\\\/wp-content\\\/uploads\\\/2023\\\/07\\\/LUNA-LLENA-LOGO-nuevo.png\",\"width\":229,\"height\":167,\"caption\":\"LUNA LLENA MINERALES\"},\"image\":{\"@id\":\"https:\\\/\\\/mineraleslunallena.com\\\/#\\\/schema\\\/logo\\\/image\\\/\"}}]}<\/script>\n<!-- \/ Yoast SEO plugin. -->","yoast_head_json":{"title":"Pulsera Chip De Fluorita | Limpieza - Purificaci\u00f3n - Equilibrio - MINERALES LUNA LLENA","robots":{"index":"index","follow":"follow","max-snippet":"max-snippet:-1","max-image-preview":"max-image-preview:large","max-video-preview":"max-video-preview:-1"},"canonical":"https:\/\/mineraleslunallena.com\/ca\/producte\/pulsera-chip-de-fluorita-limpieza-purificacion-equilibrio\/","og_locale":"ca_ES","og_type":"article","og_title":"Pulsera Chip De Fluorita | Limpieza - Purificaci\u00f3n - Equilibrio - MINERALES LUNA LLENA","og_description":"La Pulsera de Fluorita El\u00e1stica, un accesorio de belleza y bienestar. Ll\u00e9vala en cualquier ocasi\u00f3n para disfrutar de la serenidad y purificaci\u00f3n que ofrece la fluorita. Ideal durante la meditaci\u00f3n y el yoga, fomentando la conexi\u00f3n espiritual y la claridad mental. Sus propiedades limpiadoras y estabilizadoras ayudan a eliminar energ\u00edas negativas. Potencia la concentraci\u00f3n y el enfoque, mejorando el rendimiento intelectual. Aumentando la intuici\u00f3n y la percepci\u00f3n. Descubre el accesorio que equilibra y protege, permiti\u00e9ndote afrontar el estr\u00e9s con calma.  Mineral: Fluorita.  Forma: Pulsera chip, el\u00e1stica.","og_url":"https:\/\/mineraleslunallena.com\/ca\/producte\/pulsera-chip-de-fluorita-limpieza-purificacion-equilibrio\/","og_site_name":"MINERALES LUNA LLENA","article_modified_time":"2025-09-05T09:35:07+00:00","og_image":[{"width":1920,"height":2560,"url":"https:\/\/mineraleslunallena.com\/wp-content\/uploads\/2023\/12\/pulserachipfluorita-scaled.jpg","type":"image\/jpeg"}],"twitter_card":"summary_large_image","twitter_misc":{"Temps estimat de lectura":"1 minut"},"schema":{"@context":"https:\/\/schema.org","@graph":[{"@type":"WebPage","@id":"https:\/\/mineraleslunallena.com\/producto\/pulsera-chip-de-fluorita-limpieza-purificacion-equilibrio\/","url":"https:\/\/mineraleslunallena.com\/producto\/pulsera-chip-de-fluorita-limpieza-purificacion-equilibrio\/","name":"Pulsera Chip De Fluorita | Limpieza - Purificaci\u00f3n - Equilibrio - MINERALES LUNA LLENA","isPartOf":{"@id":"https:\/\/mineraleslunallena.com\/#website"},"primaryImageOfPage":{"@id":"https:\/\/mineraleslunallena.com\/producto\/pulsera-chip-de-fluorita-limpieza-purificacion-equilibrio\/#primaryimage"},"image":{"@id":"https:\/\/mineraleslunallena.com\/producto\/pulsera-chip-de-fluorita-limpieza-purificacion-equilibrio\/#primaryimage"},"thumbnailUrl":"https:\/\/mineraleslunallena.com\/wp-content\/uploads\/2023\/12\/pulserachipfluorita-scaled.jpg","datePublished":"2023-12-24T18:24:39+00:00","dateModified":"2025-09-05T09:35:07+00:00","breadcrumb":{"@id":"https:\/\/mineraleslunallena.com\/producto\/pulsera-chip-de-fluorita-limpieza-purificacion-equilibrio\/#breadcrumb"},"inLanguage":"ca","potentialAction":[{"@type":"ReadAction","target":["https:\/\/mineraleslunallena.com\/producto\/pulsera-chip-de-fluorita-limpieza-purificacion-equilibrio\/"]}]},{"@type":"ImageObject","inLanguage":"ca","@id":"https:\/\/mineraleslunallena.com\/producto\/pulsera-chip-de-fluorita-limpieza-purificacion-equilibrio\/#primaryimage","url":"https:\/\/mineraleslunallena.com\/wp-content\/uploads\/2023\/12\/pulserachipfluorita-scaled.jpg","contentUrl":"https:\/\/mineraleslunallena.com\/wp-content\/uploads\/2023\/12\/pulserachipfluorita-scaled.jpg","width":1920,"height":2560},{"@type":"BreadcrumbList","@id":"https:\/\/mineraleslunallena.com\/producto\/pulsera-chip-de-fluorita-limpieza-purificacion-equilibrio\/#breadcrumb","itemListElement":[{"@type":"ListItem","position":1,"name":"Portada","item":"https:\/\/mineraleslunallena.com\/"},{"@type":"ListItem","position":2,"name":"Shop","item":"https:\/\/mineraleslunallena.com\/ca\/shop\/"},{"@type":"ListItem","position":3,"name":"Pulsera Chip De Fluorita | Limpieza &#8211; Purificaci\u00f3n &#8211; Equilibrio"}]},{"@type":"WebSite","@id":"https:\/\/mineraleslunallena.com\/#website","url":"https:\/\/mineraleslunallena.com\/","name":"LLUNA PLENA MINERALS","description":"\u00c9s el moment de connectar-te amb el teu poder i confiar en les teves habilitats.","publisher":{"@id":"https:\/\/mineraleslunallena.com\/#organization"},"potentialAction":[{"@type":"SearchAction","target":{"@type":"EntryPoint","urlTemplate":"https:\/\/mineraleslunallena.com\/?s={search_term_string}"},"query-input":{"@type":"PropertyValueSpecification","valueRequired":true,"valueName":"search_term_string"}}],"inLanguage":"ca"},{"@type":"Organization","@id":"https:\/\/mineraleslunallena.com\/#organization","name":"LLUNA PLENA MINERALS","url":"https:\/\/mineraleslunallena.com\/","logo":{"@type":"ImageObject","inLanguage":"ca","@id":"https:\/\/mineraleslunallena.com\/#\/schema\/logo\/image\/","url":"https:\/\/mineraleslunallena.com\/wp-content\/uploads\/2023\/07\/LUNA-LLENA-LOGO-nuevo.png","contentUrl":"https:\/\/mineraleslunallena.com\/wp-content\/uploads\/2023\/07\/LUNA-LLENA-LOGO-nuevo.png","width":229,"height":167,"caption":"LUNA LLENA MINERALES"},"image":{"@id":"https:\/\/mineraleslunallena.com\/#\/schema\/logo\/image\/"}}]}},"_links":{"self":[{"href":"https:\/\/mineraleslunallena.com\/ca\/wp-json\/wp\/v2\/product\/1171","targetHints":{"allow":["GET"]}}],"collection":[{"href":"https:\/\/mineraleslunallena.com\/ca\/wp-json\/wp\/v2\/product"}],"about":[{"href":"https:\/\/mineraleslunallena.com\/ca\/wp-json\/wp\/v2\/types\/product"}],"version-history":[{"count":4,"href":"https:\/\/mineraleslunallena.com\/ca\/wp-json\/wp\/v2\/product\/1171\/revisions"}],"predecessor-version":[{"id":3459,"href":"https:\/\/mineraleslunallena.com\/ca\/wp-json\/wp\/v2\/product\/1171\/revisions\/3459"}],"wp:featuredmedia":[{"embeddable":true,"href":"https:\/\/mineraleslunallena.com\/ca\/wp-json\/wp\/v2\/media\/3473"}],"wp:attachment":[{"href":"https:\/\/mineraleslunallena.com\/ca\/wp-json\/wp\/v2\/media?parent=1171"}],"wp:term":[{"taxonomy":"product_cat","embeddable":true,"href":"https:\/\/mineraleslunallena.com\/ca\/wp-json\/wp\/v2\/product_cat?post=1171"},{"taxonomy":"product_tag","embeddable":true,"href":"https:\/\/mineraleslunallena.com\/ca\/wp-json\/wp\/v2\/product_tag?post=1171"}],"curies":[{"name":"wp","href":"https:\/\/api.w.org\/{rel}","templated":true}]}}