{"id":1226,"date":"2023-12-24T18:37:10","date_gmt":"2023-12-24T18:37:10","guid":{"rendered":"https:\/\/minerales.ultbit.com\/?post_type=product&#038;p=1226"},"modified":"2025-09-23T13:21:10","modified_gmt":"2025-09-23T11:21:10","slug":"roll-on-de-fluorita-limpieza-purifiacion-organizacion","status":"publish","type":"product","link":"https:\/\/mineraleslunallena.com\/ca\/producte\/roll-on-de-fluorita-limpieza-purifiacion-organizacion\/","title":{"rendered":"Roll-On De Fluorita | Limpieza &#8211; Purificaci\u00f3n &#8211; Organizaci\u00f3n"},"content":{"rendered":"<p>El Roll-On de Fluorita: el teu elixir de claredat i protecci\u00f3. Aplica en nines, temples o tercer ull per meditar, estudiar o enfrontar desafiaments.<br \/>\nElimina la confusi\u00f3, estableix l\u00edmits energ\u00e8tics i en redueix l&#039;estr\u00e8s. Protegeix contra energies negatives i potencia la intu\u00efci\u00f3.<br \/>\nEquilibra emocions i fomenta connexions espirituals. Porta la claredat i la protecci\u00f3 de la fluorita amb tu a cada moment.<br \/>\nDescobriu la m\u00e0gia espiritual i terap\u00e8utica d&#039;aquest roll-on, transformant el vostre dia a dia.<br \/>\nAfegeix cremes, olis, ess\u00e8ncies, o qualsevol l\u00edquid que vulguis energetitzar amb aquest mineral.<\/p>\n<p>Quantitat: 1 Unitat. El preu \u00e9s per una unitat.<\/p>\n<p>Tama\u00f1o: 8.5 cm x 2 cm.\u00a0 aproximadamente.<\/p>\n<p>Forma: Mineral chip.<\/p>","protected":false},"excerpt":{"rendered":"<p>El Roll-On de Fluorita: el teu elixir de claredat i protecci\u00f3. Aplica en nines, temples o tercer ull per meditar, estudiar o enfrontar desafiaments.<br \/>\nElimina la confusi\u00f3, estableix l\u00edmits energ\u00e8tics i en redueix l&#039;estr\u00e8s. Protegeix contra energies negatives i potencia la intu\u00efci\u00f3.<br \/>\nEquilibra emocions i fomenta connexions espirituals. Porta la claredat i la protecci\u00f3 de la fluorita amb tu a cada moment.<br \/>\nDescobriu la m\u00e0gia espiritual i terap\u00e8utica d&#039;aquest roll-on, transformant el vostre dia a dia.<br \/>\nAfegeix cremes, olis, ess\u00e8ncies, o qualsevol l\u00edquid que vulguis energetitzar amb aquest mineral.<\/p>\n<p>Quantitat: 1 Unitat. El preu \u00e9s per una unitat.<\/p>\n<p>Tama\u00f1o: 8.5 cm x 2 cm.\u00a0 aproximadamente.<\/p>\n<p>Forma: Mineral chip.<\/p>","protected":false},"featured_media":1364,"template":"","meta":[],"product_cat":[70,79],"product_tag":[],"class_list":{"0":"post-1226","1":"product","2":"type-product","3":"status-publish","4":"has-post-thumbnail","6":"product_cat-joyas-y-accesorios","7":"product_cat-roll-on-de-minerales","9":"first","10":"instock","11":"sale","12":"taxable","13":"shipping-taxable","14":"purchasable","15":"product-type-simple"},"yoast_head":"<!-- This site is optimized with the Yoast SEO plugin v27.3 - https:\/\/yoast.com\/product\/yoast-seo-wordpress\/ -->\n<title>Roll-On De Fluorita | Limpieza - Purificaci\u00f3n - Organizaci\u00f3n - MINERALES LUNA LLENA<\/title>\n<meta name=\"robots\" content=\"index, follow, max-snippet:-1, max-image-preview:large, max-video-preview:-1\" \/>\n<link rel=\"canonical\" href=\"https:\/\/mineraleslunallena.com\/ca\/producte\/roll-on-de-fluorita-limpieza-purifiacion-organizacion\/\" \/>\n<meta property=\"og:locale\" content=\"ca_ES\" \/>\n<meta property=\"og:type\" content=\"article\" \/>\n<meta property=\"og:title\" content=\"Roll-On De Fluorita | Limpieza - Purificaci\u00f3n - Organizaci\u00f3n - MINERALES LUNA LLENA\" \/>\n<meta property=\"og:description\" content=\"El Roll-On de Fluorita: tu elixir de claridad y protecci\u00f3n. Aplica en mu\u00f1ecas, sienes o tercer ojo para meditar, estudiar o enfrentar desaf\u00edos. Elimina la confusi\u00f3n, establece l\u00edmites energ\u00e9ticos y reduce el estr\u00e9s. Protege contra energ\u00edas negativas y potencia la intuici\u00f3n. Equilibra emociones y fomenta conexiones espirituales. Lleva la claridad y la protecci\u00f3n de la fluorita contigo en cada momento. Descubre la magia espiritual y terap\u00e9utica de este roll-on, transformando tu d\u00eda a d\u00eda. A\u00f1ade cremas, aceites, esencias, o cualquier l\u00edquido que quieras energetizar con este mineral.  Cantidad: 1 Unidad. El precio es por una unidad.  Tama\u00f1o: 8.5 cm x 2 cm.\u00a0 aproximadamente.  Forma: Mineral chip.\" \/>\n<meta property=\"og:url\" content=\"https:\/\/mineraleslunallena.com\/ca\/producte\/roll-on-de-fluorita-limpieza-purifiacion-organizacion\/\" \/>\n<meta property=\"og:site_name\" content=\"MINERALES LUNA LLENA\" \/>\n<meta property=\"article:modified_time\" content=\"2025-09-23T11:21:10+00:00\" \/>\n<meta property=\"og:image\" content=\"https:\/\/mineraleslunallena.com\/wp-content\/uploads\/2023\/12\/ja_r-004-1-scaled.jpg\" \/>\n\t<meta property=\"og:image:width\" content=\"1920\" \/>\n\t<meta property=\"og:image:height\" content=\"2560\" \/>\n\t<meta property=\"og:image:type\" content=\"image\/jpeg\" \/>\n<meta name=\"twitter:card\" content=\"summary_large_image\" \/>\n<meta name=\"twitter:label1\" content=\"Temps estimat de lectura\" \/>\n\t<meta name=\"twitter:data1\" content=\"1 minut\" \/>\n<script type=\"application\/ld+json\" class=\"yoast-schema-graph\">{\"@context\":\"https:\\\/\\\/schema.org\",\"@graph\":[{\"@type\":\"WebPage\",\"@id\":\"https:\\\/\\\/mineraleslunallena.com\\\/producto\\\/roll-on-de-fluorita-limpieza-purifiacion-organizacion\\\/\",\"url\":\"https:\\\/\\\/mineraleslunallena.com\\\/producto\\\/roll-on-de-fluorita-limpieza-purifiacion-organizacion\\\/\",\"name\":\"Roll-On De Fluorita | Limpieza - Purificaci\u00f3n - Organizaci\u00f3n - MINERALES LUNA LLENA\",\"isPartOf\":{\"@id\":\"https:\\\/\\\/mineraleslunallena.com\\\/#website\"},\"primaryImageOfPage\":{\"@id\":\"https:\\\/\\\/mineraleslunallena.com\\\/producto\\\/roll-on-de-fluorita-limpieza-purifiacion-organizacion\\\/#primaryimage\"},\"image\":{\"@id\":\"https:\\\/\\\/mineraleslunallena.com\\\/producto\\\/roll-on-de-fluorita-limpieza-purifiacion-organizacion\\\/#primaryimage\"},\"thumbnailUrl\":\"https:\\\/\\\/mineraleslunallena.com\\\/wp-content\\\/uploads\\\/2023\\\/12\\\/ja_r-004-1-scaled.jpg\",\"datePublished\":\"2023-12-24T18:37:10+00:00\",\"dateModified\":\"2025-09-23T11:21:10+00:00\",\"breadcrumb\":{\"@id\":\"https:\\\/\\\/mineraleslunallena.com\\\/producto\\\/roll-on-de-fluorita-limpieza-purifiacion-organizacion\\\/#breadcrumb\"},\"inLanguage\":\"ca\",\"potentialAction\":[{\"@type\":\"ReadAction\",\"target\":[\"https:\\\/\\\/mineraleslunallena.com\\\/producto\\\/roll-on-de-fluorita-limpieza-purifiacion-organizacion\\\/\"]}]},{\"@type\":\"ImageObject\",\"inLanguage\":\"ca\",\"@id\":\"https:\\\/\\\/mineraleslunallena.com\\\/producto\\\/roll-on-de-fluorita-limpieza-purifiacion-organizacion\\\/#primaryimage\",\"url\":\"https:\\\/\\\/mineraleslunallena.com\\\/wp-content\\\/uploads\\\/2023\\\/12\\\/ja_r-004-1-scaled.jpg\",\"contentUrl\":\"https:\\\/\\\/mineraleslunallena.com\\\/wp-content\\\/uploads\\\/2023\\\/12\\\/ja_r-004-1-scaled.jpg\",\"width\":1920,\"height\":2560},{\"@type\":\"BreadcrumbList\",\"@id\":\"https:\\\/\\\/mineraleslunallena.com\\\/producto\\\/roll-on-de-fluorita-limpieza-purifiacion-organizacion\\\/#breadcrumb\",\"itemListElement\":[{\"@type\":\"ListItem\",\"position\":1,\"name\":\"Portada\",\"item\":\"https:\\\/\\\/mineraleslunallena.com\\\/\"},{\"@type\":\"ListItem\",\"position\":2,\"name\":\"Shop\",\"item\":\"https:\\\/\\\/mineraleslunallena.com\\\/ca\\\/shop\\\/\"},{\"@type\":\"ListItem\",\"position\":3,\"name\":\"Roll-On De Fluorita | Limpieza &#8211; Purificaci\u00f3n &#8211; Organizaci\u00f3n\"}]},{\"@type\":\"WebSite\",\"@id\":\"https:\\\/\\\/mineraleslunallena.com\\\/#website\",\"url\":\"https:\\\/\\\/mineraleslunallena.com\\\/\",\"name\":\"LUNA LLENA MINERALES\",\"description\":\"Es el momento de conectarte con tu propio poder y confiar en tus habilidades.\",\"publisher\":{\"@id\":\"https:\\\/\\\/mineraleslunallena.com\\\/#organization\"},\"potentialAction\":[{\"@type\":\"SearchAction\",\"target\":{\"@type\":\"EntryPoint\",\"urlTemplate\":\"https:\\\/\\\/mineraleslunallena.com\\\/?s={search_term_string}\"},\"query-input\":{\"@type\":\"PropertyValueSpecification\",\"valueRequired\":true,\"valueName\":\"search_term_string\"}}],\"inLanguage\":\"ca\"},{\"@type\":\"Organization\",\"@id\":\"https:\\\/\\\/mineraleslunallena.com\\\/#organization\",\"name\":\"LUNA LLENA MINERALES\",\"url\":\"https:\\\/\\\/mineraleslunallena.com\\\/\",\"logo\":{\"@type\":\"ImageObject\",\"inLanguage\":\"ca\",\"@id\":\"https:\\\/\\\/mineraleslunallena.com\\\/#\\\/schema\\\/logo\\\/image\\\/\",\"url\":\"https:\\\/\\\/mineraleslunallena.com\\\/wp-content\\\/uploads\\\/2023\\\/07\\\/LUNA-LLENA-LOGO-nuevo.png\",\"contentUrl\":\"https:\\\/\\\/mineraleslunallena.com\\\/wp-content\\\/uploads\\\/2023\\\/07\\\/LUNA-LLENA-LOGO-nuevo.png\",\"width\":229,\"height\":167,\"caption\":\"LUNA LLENA MINERALES\"},\"image\":{\"@id\":\"https:\\\/\\\/mineraleslunallena.com\\\/#\\\/schema\\\/logo\\\/image\\\/\"}}]}<\/script>\n<!-- \/ Yoast SEO plugin. -->","yoast_head_json":{"title":"Roll-On De Fluorita | Limpieza - Purificaci\u00f3n - Organizaci\u00f3n - MINERALES LUNA LLENA","robots":{"index":"index","follow":"follow","max-snippet":"max-snippet:-1","max-image-preview":"max-image-preview:large","max-video-preview":"max-video-preview:-1"},"canonical":"https:\/\/mineraleslunallena.com\/ca\/producte\/roll-on-de-fluorita-limpieza-purifiacion-organizacion\/","og_locale":"ca_ES","og_type":"article","og_title":"Roll-On De Fluorita | Limpieza - Purificaci\u00f3n - Organizaci\u00f3n - MINERALES LUNA LLENA","og_description":"El Roll-On de Fluorita: tu elixir de claridad y protecci\u00f3n. Aplica en mu\u00f1ecas, sienes o tercer ojo para meditar, estudiar o enfrentar desaf\u00edos. Elimina la confusi\u00f3n, establece l\u00edmites energ\u00e9ticos y reduce el estr\u00e9s. Protege contra energ\u00edas negativas y potencia la intuici\u00f3n. Equilibra emociones y fomenta conexiones espirituales. Lleva la claridad y la protecci\u00f3n de la fluorita contigo en cada momento. Descubre la magia espiritual y terap\u00e9utica de este roll-on, transformando tu d\u00eda a d\u00eda. A\u00f1ade cremas, aceites, esencias, o cualquier l\u00edquido que quieras energetizar con este mineral.  Cantidad: 1 Unidad. El precio es por una unidad.  Tama\u00f1o: 8.5 cm x 2 cm.\u00a0 aproximadamente.  Forma: Mineral chip.","og_url":"https:\/\/mineraleslunallena.com\/ca\/producte\/roll-on-de-fluorita-limpieza-purifiacion-organizacion\/","og_site_name":"MINERALES LUNA LLENA","article_modified_time":"2025-09-23T11:21:10+00:00","og_image":[{"width":1920,"height":2560,"url":"https:\/\/mineraleslunallena.com\/wp-content\/uploads\/2023\/12\/ja_r-004-1-scaled.jpg","type":"image\/jpeg"}],"twitter_card":"summary_large_image","twitter_misc":{"Temps estimat de lectura":"1 minut"},"schema":{"@context":"https:\/\/schema.org","@graph":[{"@type":"WebPage","@id":"https:\/\/mineraleslunallena.com\/producto\/roll-on-de-fluorita-limpieza-purifiacion-organizacion\/","url":"https:\/\/mineraleslunallena.com\/producto\/roll-on-de-fluorita-limpieza-purifiacion-organizacion\/","name":"Roll-On De Fluorita | Limpieza - Purificaci\u00f3n - Organizaci\u00f3n - MINERALES LUNA LLENA","isPartOf":{"@id":"https:\/\/mineraleslunallena.com\/#website"},"primaryImageOfPage":{"@id":"https:\/\/mineraleslunallena.com\/producto\/roll-on-de-fluorita-limpieza-purifiacion-organizacion\/#primaryimage"},"image":{"@id":"https:\/\/mineraleslunallena.com\/producto\/roll-on-de-fluorita-limpieza-purifiacion-organizacion\/#primaryimage"},"thumbnailUrl":"https:\/\/mineraleslunallena.com\/wp-content\/uploads\/2023\/12\/ja_r-004-1-scaled.jpg","datePublished":"2023-12-24T18:37:10+00:00","dateModified":"2025-09-23T11:21:10+00:00","breadcrumb":{"@id":"https:\/\/mineraleslunallena.com\/producto\/roll-on-de-fluorita-limpieza-purifiacion-organizacion\/#breadcrumb"},"inLanguage":"ca","potentialAction":[{"@type":"ReadAction","target":["https:\/\/mineraleslunallena.com\/producto\/roll-on-de-fluorita-limpieza-purifiacion-organizacion\/"]}]},{"@type":"ImageObject","inLanguage":"ca","@id":"https:\/\/mineraleslunallena.com\/producto\/roll-on-de-fluorita-limpieza-purifiacion-organizacion\/#primaryimage","url":"https:\/\/mineraleslunallena.com\/wp-content\/uploads\/2023\/12\/ja_r-004-1-scaled.jpg","contentUrl":"https:\/\/mineraleslunallena.com\/wp-content\/uploads\/2023\/12\/ja_r-004-1-scaled.jpg","width":1920,"height":2560},{"@type":"BreadcrumbList","@id":"https:\/\/mineraleslunallena.com\/producto\/roll-on-de-fluorita-limpieza-purifiacion-organizacion\/#breadcrumb","itemListElement":[{"@type":"ListItem","position":1,"name":"Portada","item":"https:\/\/mineraleslunallena.com\/"},{"@type":"ListItem","position":2,"name":"Shop","item":"https:\/\/mineraleslunallena.com\/ca\/shop\/"},{"@type":"ListItem","position":3,"name":"Roll-On De Fluorita | Limpieza &#8211; Purificaci\u00f3n &#8211; Organizaci\u00f3n"}]},{"@type":"WebSite","@id":"https:\/\/mineraleslunallena.com\/#website","url":"https:\/\/mineraleslunallena.com\/","name":"LLUNA PLENA MINERALS","description":"\u00c9s el moment de connectar-te amb el teu poder i confiar en les teves habilitats.","publisher":{"@id":"https:\/\/mineraleslunallena.com\/#organization"},"potentialAction":[{"@type":"SearchAction","target":{"@type":"EntryPoint","urlTemplate":"https:\/\/mineraleslunallena.com\/?s={search_term_string}"},"query-input":{"@type":"PropertyValueSpecification","valueRequired":true,"valueName":"search_term_string"}}],"inLanguage":"ca"},{"@type":"Organization","@id":"https:\/\/mineraleslunallena.com\/#organization","name":"LLUNA PLENA MINERALS","url":"https:\/\/mineraleslunallena.com\/","logo":{"@type":"ImageObject","inLanguage":"ca","@id":"https:\/\/mineraleslunallena.com\/#\/schema\/logo\/image\/","url":"https:\/\/mineraleslunallena.com\/wp-content\/uploads\/2023\/07\/LUNA-LLENA-LOGO-nuevo.png","contentUrl":"https:\/\/mineraleslunallena.com\/wp-content\/uploads\/2023\/07\/LUNA-LLENA-LOGO-nuevo.png","width":229,"height":167,"caption":"LUNA LLENA MINERALES"},"image":{"@id":"https:\/\/mineraleslunallena.com\/#\/schema\/logo\/image\/"}}]}},"_links":{"self":[{"href":"https:\/\/mineraleslunallena.com\/ca\/wp-json\/wp\/v2\/product\/1226","targetHints":{"allow":["GET"]}}],"collection":[{"href":"https:\/\/mineraleslunallena.com\/ca\/wp-json\/wp\/v2\/product"}],"about":[{"href":"https:\/\/mineraleslunallena.com\/ca\/wp-json\/wp\/v2\/types\/product"}],"version-history":[{"count":4,"href":"https:\/\/mineraleslunallena.com\/ca\/wp-json\/wp\/v2\/product\/1226\/revisions"}],"predecessor-version":[{"id":3450,"href":"https:\/\/mineraleslunallena.com\/ca\/wp-json\/wp\/v2\/product\/1226\/revisions\/3450"}],"wp:featuredmedia":[{"embeddable":true,"href":"https:\/\/mineraleslunallena.com\/ca\/wp-json\/wp\/v2\/media\/1364"}],"wp:attachment":[{"href":"https:\/\/mineraleslunallena.com\/ca\/wp-json\/wp\/v2\/media?parent=1226"}],"wp:term":[{"taxonomy":"product_cat","embeddable":true,"href":"https:\/\/mineraleslunallena.com\/ca\/wp-json\/wp\/v2\/product_cat?post=1226"},{"taxonomy":"product_tag","embeddable":true,"href":"https:\/\/mineraleslunallena.com\/ca\/wp-json\/wp\/v2\/product_tag?post=1226"}],"curies":[{"name":"wp","href":"https:\/\/api.w.org\/{rel}","templated":true}]}}