{"id":1272,"date":"2023-12-24T18:59:47","date_gmt":"2023-12-24T18:59:47","guid":{"rendered":"https:\/\/minerales.ultbit.com\/?post_type=product&#038;p=1272"},"modified":"2025-10-07T13:52:11","modified_gmt":"2025-10-07T11:52:11","slug":"arbol-de-obsidiana-crecimiento-personal-transformacion-limpieza","status":"publish","type":"product","link":"https:\/\/mineraleslunallena.com\/ca\/producte\/arbol-de-obsidiana-crecimiento-personal-transformacion-limpieza\/","title":{"rendered":"Arbre de Turmalina | Protecci\u00f3 \u2013 Neteja Energ\u00e8tica \u2013 Equilibri"},"content":{"rendered":"<p data-start=\"251\" data-end=\"429\">Conecta con la poderosa vibraci\u00f3n protectora de la <strong data-start=\"302\" data-end=\"321\">Turmalina Negra<\/strong>, una piedra que act\u00faa como un aut\u00e9ntico escudo frente a las energ\u00edas negativas y los pensamientos densos.<\/p>\n<p data-start=\"431\" data-end=\"662\">Este \u00e1rbol combina fuerza y armon\u00eda, ayud\u00e1ndote a <strong data-start=\"481\" data-end=\"532\">mantener tu energ\u00eda limpia, estable y protegida<\/strong> en cualquier entorno.<br data-start=\"554\" data-end=\"557\" \/>Favorece el <strong data-start=\"569\" data-end=\"627\">enraizamiento, la calma mental y la claridad emocional<\/strong>, disipando tensiones y bloqueos.<\/p>\n<p data-start=\"664\" data-end=\"792\">Ideal para colocar en espacios donde necesites equilibrio y protecci\u00f3n, aportando serenidad y energ\u00eda purificadora a tu hogar.<\/p>\n<p data-start=\"794\" data-end=\"916\">D\u00e9jate envolver por la magia de la turmalina y siente c\u00f3mo su vibraci\u00f3n te ayuda a mantener tu centro y tu paz interior.<\/p>\n<p data-start=\"918\" data-end=\"1042\"><strong data-start=\"918\" data-end=\"931\">Quantitat:<\/strong> 1 unidad. El precio es por unidad.<br data-start=\"966\" data-end=\"969\" \/><strong data-start=\"969\" data-end=\"980\">Grand\u00e0ria:<\/strong> 22 cent\u00edmetros aproximadamente.<br data-start=\"1012\" data-end=\"1015\" \/><strong data-start=\"1015\" data-end=\"1025\">Forma:<\/strong> \u00c1rbol Mineral.<\/p>","protected":false},"excerpt":{"rendered":"<p data-start=\"251\" data-end=\"429\">Conecta con la poderosa vibraci\u00f3n protectora de la <strong data-start=\"302\" data-end=\"321\">Turmalina Negra<\/strong>, una piedra que act\u00faa como un aut\u00e9ntico escudo frente a las energ\u00edas negativas y los pensamientos densos.<\/p>\n<p data-start=\"431\" data-end=\"662\">Este \u00e1rbol combina fuerza y armon\u00eda, ayud\u00e1ndote a <strong data-start=\"481\" data-end=\"532\">mantener tu energ\u00eda limpia, estable y protegida<\/strong> en cualquier entorno.<br data-start=\"554\" data-end=\"557\" \/>Favorece el <strong data-start=\"569\" data-end=\"627\">enraizamiento, la calma mental y la claridad emocional<\/strong>, disipando tensiones y bloqueos.<\/p>\n<p data-start=\"664\" data-end=\"792\">Ideal para colocar en espacios donde necesites equilibrio y protecci\u00f3n, aportando serenidad y energ\u00eda purificadora a tu hogar.<\/p>\n<p data-start=\"794\" data-end=\"916\">D\u00e9jate envolver por la magia de la turmalina y siente c\u00f3mo su vibraci\u00f3n te ayuda a mantener tu centro y tu paz interior.<\/p>\n<p data-start=\"918\" data-end=\"1042\"><strong data-start=\"918\" data-end=\"931\">Quantitat:<\/strong> 1 unidad. El precio es por unidad.<br data-start=\"966\" data-end=\"969\" \/><strong data-start=\"969\" data-end=\"980\">Grand\u00e0ria:<\/strong> 22 cent\u00edmetros aproximadamente.<br data-start=\"1012\" data-end=\"1015\" \/><strong data-start=\"1015\" data-end=\"1025\">Forma:<\/strong> \u00c1rbol Mineral.<\/p>","protected":false},"featured_media":4173,"template":"","meta":[],"product_cat":[76,69],"product_tag":[],"class_list":{"0":"post-1272","1":"product","2":"type-product","3":"status-publish","4":"has-post-thumbnail","6":"product_cat-arboles-minerales","7":"product_cat-minerales","9":"first","10":"instock","11":"sale","12":"taxable","13":"shipping-taxable","14":"purchasable","15":"product-type-simple"},"yoast_head":"<!-- This site is optimized with the Yoast SEO plugin v27.3 - https:\/\/yoast.com\/product\/yoast-seo-wordpress\/ -->\n<title>\u00c1rbol De Turmalina | Protecci\u00f3n \u2013 Limpieza Energ\u00e9tica \u2013 Equilibri - MINERALES LUNA LLENA<\/title>\n<meta name=\"robots\" content=\"index, follow, max-snippet:-1, max-image-preview:large, max-video-preview:-1\" \/>\n<link rel=\"canonical\" href=\"https:\/\/mineraleslunallena.com\/ca\/producte\/arbol-de-obsidiana-crecimiento-personal-transformacion-limpieza\/\" \/>\n<meta property=\"og:locale\" content=\"ca_ES\" \/>\n<meta property=\"og:type\" content=\"article\" \/>\n<meta property=\"og:title\" content=\"\u00c1rbol De Turmalina | Protecci\u00f3n \u2013 Limpieza Energ\u00e9tica \u2013 Equilibri - MINERALES LUNA LLENA\" \/>\n<meta property=\"og:description\" content=\"Conecta con la poderosa vibraci\u00f3n protectora de la Turmalina Negra, una piedra que act\u00faa como un aut\u00e9ntico escudo frente a las energ\u00edas negativas y los pensamientos densos. Este \u00e1rbol combina fuerza y armon\u00eda, ayud\u00e1ndote a mantener tu energ\u00eda limpia, estable y protegida en cualquier entorno.Favorece el enraizamiento, la calma mental y la claridad emocional, disipando tensiones y bloqueos. Ideal para colocar en espacios donde necesites equilibrio y protecci\u00f3n, aportando serenidad y energ\u00eda purificadora a tu hogar. D\u00e9jate envolver por la magia de la turmalina y siente c\u00f3mo su vibraci\u00f3n te ayuda a mantener tu centro y tu paz interior. Cantidad: 1 unidad. El precio es por unidad.Tama\u00f1o: 22 cent\u00edmetros aproximadamente.Forma: \u00c1rbol Mineral.\" \/>\n<meta property=\"og:url\" content=\"https:\/\/mineraleslunallena.com\/ca\/producte\/arbol-de-obsidiana-crecimiento-personal-transformacion-limpieza\/\" \/>\n<meta property=\"og:site_name\" content=\"MINERALES LUNA LLENA\" \/>\n<meta property=\"article:modified_time\" content=\"2025-10-07T11:52:11+00:00\" \/>\n<meta property=\"og:image\" content=\"https:\/\/mineraleslunallena.com\/wp-content\/uploads\/2023\/12\/arbol-obsidiana-scaled.jpg\" \/>\n\t<meta property=\"og:image:width\" content=\"1920\" \/>\n\t<meta property=\"og:image:height\" content=\"2560\" \/>\n\t<meta property=\"og:image:type\" content=\"image\/jpeg\" \/>\n<meta name=\"twitter:card\" content=\"summary_large_image\" \/>\n<meta name=\"twitter:label1\" content=\"Temps estimat de lectura\" \/>\n\t<meta name=\"twitter:data1\" content=\"1 minut\" \/>\n<script type=\"application\/ld+json\" class=\"yoast-schema-graph\">{\"@context\":\"https:\\\/\\\/schema.org\",\"@graph\":[{\"@type\":\"WebPage\",\"@id\":\"https:\\\/\\\/mineraleslunallena.com\\\/producto\\\/arbol-de-obsidiana-crecimiento-personal-transformacion-limpieza\\\/\",\"url\":\"https:\\\/\\\/mineraleslunallena.com\\\/producto\\\/arbol-de-obsidiana-crecimiento-personal-transformacion-limpieza\\\/\",\"name\":\"\u00c1rbol De Turmalina | Protecci\u00f3n \u2013 Limpieza Energ\u00e9tica \u2013 Equilibri - MINERALES LUNA LLENA\",\"isPartOf\":{\"@id\":\"https:\\\/\\\/mineraleslunallena.com\\\/#website\"},\"primaryImageOfPage\":{\"@id\":\"https:\\\/\\\/mineraleslunallena.com\\\/producto\\\/arbol-de-obsidiana-crecimiento-personal-transformacion-limpieza\\\/#primaryimage\"},\"image\":{\"@id\":\"https:\\\/\\\/mineraleslunallena.com\\\/producto\\\/arbol-de-obsidiana-crecimiento-personal-transformacion-limpieza\\\/#primaryimage\"},\"thumbnailUrl\":\"https:\\\/\\\/mineraleslunallena.com\\\/wp-content\\\/uploads\\\/2023\\\/12\\\/arbol-obsidiana-scaled.jpg\",\"datePublished\":\"2023-12-24T18:59:47+00:00\",\"dateModified\":\"2025-10-07T11:52:11+00:00\",\"breadcrumb\":{\"@id\":\"https:\\\/\\\/mineraleslunallena.com\\\/producto\\\/arbol-de-obsidiana-crecimiento-personal-transformacion-limpieza\\\/#breadcrumb\"},\"inLanguage\":\"ca\",\"potentialAction\":[{\"@type\":\"ReadAction\",\"target\":[\"https:\\\/\\\/mineraleslunallena.com\\\/producto\\\/arbol-de-obsidiana-crecimiento-personal-transformacion-limpieza\\\/\"]}]},{\"@type\":\"ImageObject\",\"inLanguage\":\"ca\",\"@id\":\"https:\\\/\\\/mineraleslunallena.com\\\/producto\\\/arbol-de-obsidiana-crecimiento-personal-transformacion-limpieza\\\/#primaryimage\",\"url\":\"https:\\\/\\\/mineraleslunallena.com\\\/wp-content\\\/uploads\\\/2023\\\/12\\\/arbol-obsidiana-scaled.jpg\",\"contentUrl\":\"https:\\\/\\\/mineraleslunallena.com\\\/wp-content\\\/uploads\\\/2023\\\/12\\\/arbol-obsidiana-scaled.jpg\",\"width\":1920,\"height\":2560},{\"@type\":\"BreadcrumbList\",\"@id\":\"https:\\\/\\\/mineraleslunallena.com\\\/producto\\\/arbol-de-obsidiana-crecimiento-personal-transformacion-limpieza\\\/#breadcrumb\",\"itemListElement\":[{\"@type\":\"ListItem\",\"position\":1,\"name\":\"Portada\",\"item\":\"https:\\\/\\\/mineraleslunallena.com\\\/\"},{\"@type\":\"ListItem\",\"position\":2,\"name\":\"Shop\",\"item\":\"https:\\\/\\\/mineraleslunallena.com\\\/ca\\\/shop\\\/\"},{\"@type\":\"ListItem\",\"position\":3,\"name\":\"\u00c1rbol De Turmalina | Protecci\u00f3n \u2013 Limpieza Energ\u00e9tica \u2013 Equilibri\"}]},{\"@type\":\"WebSite\",\"@id\":\"https:\\\/\\\/mineraleslunallena.com\\\/#website\",\"url\":\"https:\\\/\\\/mineraleslunallena.com\\\/\",\"name\":\"LUNA LLENA MINERALES\",\"description\":\"Es el momento de conectarte con tu propio poder y confiar en tus habilidades.\",\"publisher\":{\"@id\":\"https:\\\/\\\/mineraleslunallena.com\\\/#organization\"},\"potentialAction\":[{\"@type\":\"SearchAction\",\"target\":{\"@type\":\"EntryPoint\",\"urlTemplate\":\"https:\\\/\\\/mineraleslunallena.com\\\/?s={search_term_string}\"},\"query-input\":{\"@type\":\"PropertyValueSpecification\",\"valueRequired\":true,\"valueName\":\"search_term_string\"}}],\"inLanguage\":\"ca\"},{\"@type\":\"Organization\",\"@id\":\"https:\\\/\\\/mineraleslunallena.com\\\/#organization\",\"name\":\"LUNA LLENA MINERALES\",\"url\":\"https:\\\/\\\/mineraleslunallena.com\\\/\",\"logo\":{\"@type\":\"ImageObject\",\"inLanguage\":\"ca\",\"@id\":\"https:\\\/\\\/mineraleslunallena.com\\\/#\\\/schema\\\/logo\\\/image\\\/\",\"url\":\"https:\\\/\\\/mineraleslunallena.com\\\/wp-content\\\/uploads\\\/2023\\\/07\\\/LUNA-LLENA-LOGO-nuevo.png\",\"contentUrl\":\"https:\\\/\\\/mineraleslunallena.com\\\/wp-content\\\/uploads\\\/2023\\\/07\\\/LUNA-LLENA-LOGO-nuevo.png\",\"width\":229,\"height\":167,\"caption\":\"LUNA LLENA MINERALES\"},\"image\":{\"@id\":\"https:\\\/\\\/mineraleslunallena.com\\\/#\\\/schema\\\/logo\\\/image\\\/\"}}]}<\/script>\n<!-- \/ Yoast SEO plugin. -->","yoast_head_json":{"title":"\u00c1rbol De Turmalina | Protecci\u00f3n \u2013 Limpieza Energ\u00e9tica \u2013 Equilibri - MINERALES LUNA LLENA","robots":{"index":"index","follow":"follow","max-snippet":"max-snippet:-1","max-image-preview":"max-image-preview:large","max-video-preview":"max-video-preview:-1"},"canonical":"https:\/\/mineraleslunallena.com\/ca\/producte\/arbol-de-obsidiana-crecimiento-personal-transformacion-limpieza\/","og_locale":"ca_ES","og_type":"article","og_title":"\u00c1rbol De Turmalina | Protecci\u00f3n \u2013 Limpieza Energ\u00e9tica \u2013 Equilibri - MINERALES LUNA LLENA","og_description":"Conecta con la poderosa vibraci\u00f3n protectora de la Turmalina Negra, una piedra que act\u00faa como un aut\u00e9ntico escudo frente a las energ\u00edas negativas y los pensamientos densos. Este \u00e1rbol combina fuerza y armon\u00eda, ayud\u00e1ndote a mantener tu energ\u00eda limpia, estable y protegida en cualquier entorno.Favorece el enraizamiento, la calma mental y la claridad emocional, disipando tensiones y bloqueos. Ideal para colocar en espacios donde necesites equilibrio y protecci\u00f3n, aportando serenidad y energ\u00eda purificadora a tu hogar. D\u00e9jate envolver por la magia de la turmalina y siente c\u00f3mo su vibraci\u00f3n te ayuda a mantener tu centro y tu paz interior. Cantidad: 1 unidad. El precio es por unidad.Tama\u00f1o: 22 cent\u00edmetros aproximadamente.Forma: \u00c1rbol Mineral.","og_url":"https:\/\/mineraleslunallena.com\/ca\/producte\/arbol-de-obsidiana-crecimiento-personal-transformacion-limpieza\/","og_site_name":"MINERALES LUNA LLENA","article_modified_time":"2025-10-07T11:52:11+00:00","og_image":[{"width":1920,"height":2560,"url":"https:\/\/mineraleslunallena.com\/wp-content\/uploads\/2023\/12\/arbol-obsidiana-scaled.jpg","type":"image\/jpeg"}],"twitter_card":"summary_large_image","twitter_misc":{"Temps estimat de lectura":"1 minut"},"schema":{"@context":"https:\/\/schema.org","@graph":[{"@type":"WebPage","@id":"https:\/\/mineraleslunallena.com\/producto\/arbol-de-obsidiana-crecimiento-personal-transformacion-limpieza\/","url":"https:\/\/mineraleslunallena.com\/producto\/arbol-de-obsidiana-crecimiento-personal-transformacion-limpieza\/","name":"\u00c1rbol De Turmalina | Protecci\u00f3n \u2013 Limpieza Energ\u00e9tica \u2013 Equilibri - MINERALES LUNA LLENA","isPartOf":{"@id":"https:\/\/mineraleslunallena.com\/#website"},"primaryImageOfPage":{"@id":"https:\/\/mineraleslunallena.com\/producto\/arbol-de-obsidiana-crecimiento-personal-transformacion-limpieza\/#primaryimage"},"image":{"@id":"https:\/\/mineraleslunallena.com\/producto\/arbol-de-obsidiana-crecimiento-personal-transformacion-limpieza\/#primaryimage"},"thumbnailUrl":"https:\/\/mineraleslunallena.com\/wp-content\/uploads\/2023\/12\/arbol-obsidiana-scaled.jpg","datePublished":"2023-12-24T18:59:47+00:00","dateModified":"2025-10-07T11:52:11+00:00","breadcrumb":{"@id":"https:\/\/mineraleslunallena.com\/producto\/arbol-de-obsidiana-crecimiento-personal-transformacion-limpieza\/#breadcrumb"},"inLanguage":"ca","potentialAction":[{"@type":"ReadAction","target":["https:\/\/mineraleslunallena.com\/producto\/arbol-de-obsidiana-crecimiento-personal-transformacion-limpieza\/"]}]},{"@type":"ImageObject","inLanguage":"ca","@id":"https:\/\/mineraleslunallena.com\/producto\/arbol-de-obsidiana-crecimiento-personal-transformacion-limpieza\/#primaryimage","url":"https:\/\/mineraleslunallena.com\/wp-content\/uploads\/2023\/12\/arbol-obsidiana-scaled.jpg","contentUrl":"https:\/\/mineraleslunallena.com\/wp-content\/uploads\/2023\/12\/arbol-obsidiana-scaled.jpg","width":1920,"height":2560},{"@type":"BreadcrumbList","@id":"https:\/\/mineraleslunallena.com\/producto\/arbol-de-obsidiana-crecimiento-personal-transformacion-limpieza\/#breadcrumb","itemListElement":[{"@type":"ListItem","position":1,"name":"Portada","item":"https:\/\/mineraleslunallena.com\/"},{"@type":"ListItem","position":2,"name":"Shop","item":"https:\/\/mineraleslunallena.com\/ca\/shop\/"},{"@type":"ListItem","position":3,"name":"\u00c1rbol De Turmalina | Protecci\u00f3n \u2013 Limpieza Energ\u00e9tica \u2013 Equilibri"}]},{"@type":"WebSite","@id":"https:\/\/mineraleslunallena.com\/#website","url":"https:\/\/mineraleslunallena.com\/","name":"LLUNA PLENA MINERALS","description":"\u00c9s el moment de connectar-te amb el teu poder i confiar en les teves habilitats.","publisher":{"@id":"https:\/\/mineraleslunallena.com\/#organization"},"potentialAction":[{"@type":"SearchAction","target":{"@type":"EntryPoint","urlTemplate":"https:\/\/mineraleslunallena.com\/?s={search_term_string}"},"query-input":{"@type":"PropertyValueSpecification","valueRequired":true,"valueName":"search_term_string"}}],"inLanguage":"ca"},{"@type":"Organization","@id":"https:\/\/mineraleslunallena.com\/#organization","name":"LLUNA PLENA MINERALS","url":"https:\/\/mineraleslunallena.com\/","logo":{"@type":"ImageObject","inLanguage":"ca","@id":"https:\/\/mineraleslunallena.com\/#\/schema\/logo\/image\/","url":"https:\/\/mineraleslunallena.com\/wp-content\/uploads\/2023\/07\/LUNA-LLENA-LOGO-nuevo.png","contentUrl":"https:\/\/mineraleslunallena.com\/wp-content\/uploads\/2023\/07\/LUNA-LLENA-LOGO-nuevo.png","width":229,"height":167,"caption":"LUNA LLENA MINERALES"},"image":{"@id":"https:\/\/mineraleslunallena.com\/#\/schema\/logo\/image\/"}}]}},"jetpack_sharing_enabled":true,"_links":{"self":[{"href":"https:\/\/mineraleslunallena.com\/ca\/wp-json\/wp\/v2\/product\/1272","targetHints":{"allow":["GET"]}}],"collection":[{"href":"https:\/\/mineraleslunallena.com\/ca\/wp-json\/wp\/v2\/product"}],"about":[{"href":"https:\/\/mineraleslunallena.com\/ca\/wp-json\/wp\/v2\/types\/product"}],"version-history":[{"count":6,"href":"https:\/\/mineraleslunallena.com\/ca\/wp-json\/wp\/v2\/product\/1272\/revisions"}],"predecessor-version":[{"id":9034,"href":"https:\/\/mineraleslunallena.com\/ca\/wp-json\/wp\/v2\/product\/1272\/revisions\/9034"}],"wp:featuredmedia":[{"embeddable":true,"href":"https:\/\/mineraleslunallena.com\/ca\/wp-json\/wp\/v2\/media\/4173"}],"wp:attachment":[{"href":"https:\/\/mineraleslunallena.com\/ca\/wp-json\/wp\/v2\/media?parent=1272"}],"wp:term":[{"taxonomy":"product_cat","embeddable":true,"href":"https:\/\/mineraleslunallena.com\/ca\/wp-json\/wp\/v2\/product_cat?post=1272"},{"taxonomy":"product_tag","embeddable":true,"href":"https:\/\/mineraleslunallena.com\/ca\/wp-json\/wp\/v2\/product_tag?post=1272"}],"curies":[{"name":"wp","href":"https:\/\/api.w.org\/{rel}","templated":true}]}}