{"id":1303,"date":"2023-12-24T19:04:47","date_gmt":"2023-12-24T19:04:47","guid":{"rendered":"https:\/\/minerales.ultbit.com\/?post_type=product&#038;p=1303"},"modified":"2025-03-10T14:55:27","modified_gmt":"2025-03-10T13:55:27","slug":"arbol-de-cuarzo-rosa-amor-incondicional-sanacion-emocional","status":"publish","type":"product","link":"https:\/\/mineraleslunallena.com\/ca\/producte\/arbol-de-cuarzo-rosa-amor-incondicional-sanacion-emocional\/","title":{"rendered":"Arbre De Quars Rosa Base \u00c0gata | Amor incondicional \u2013 Sanaci\u00f3 emocional"},"content":{"rendered":"<p>Descubre la sublime combinaci\u00f3n de energ\u00edas que ofrece el \u00e1rbol de Cuarzo Rosa con base de \u00c1gata, una pieza que fusiona el amor incondicional del cuarzo rosa con la estabilidad y protecci\u00f3n de la \u00e1gata.<\/p>\n<p>Su vibraci\u00f3n suave y reconfortante que te envuelve en un manto de amor y compasi\u00f3n, brind\u00e1ndote consuelo y apoyo emocional en momentos de necesidad.<\/p>\n<p>\u00c9ste \u00e1rbol puede abrir tu coraz\u00f3n al amor propio y a las relaciones significativas, fomentando la armon\u00eda y el entendimiento en tus v\u00ednculos interpersonales.<\/p>\n<p>Experimenta su capacidad para equilibrar y armonizar tus emociones, ayud\u00e1ndote a liberarte de viejos traumas y resentimientos que bloquean tu bienestar emocional.\u00a0 Cultiva una sensaci\u00f3n de bienestar y autoaceptaci\u00f3n con su presencia reconfortante, nutriendo tu esp\u00edritu y fortaleciendo tu conexi\u00f3n con el amor universal.<\/p>\n<p>Emb\u00e1rcate en un viaje de autocuidado y crecimiento espiritual con la ayuda de este hermoso \u00e1rbol de cuarzo rosa como tu gu\u00eda compasiva. D\u00e9jate envolver por la energ\u00eda sanadora y pac\u00edfica del cuarzo rosa y la \u00e1gata, y permite que te lleven a un estado de paz y plenitud interior.<\/p>\n<p>Cantidad: 1 Unidad. El precio es por unidad.<br \/>\nTama\u00f1o: 23 cent\u00edmetros aproximadamente.<br \/>\nForma: \u00c1rbol Mineral .<\/p>\n<p>&nbsp;<\/p>","protected":false},"excerpt":{"rendered":"<p>Descubre la sublime combinaci\u00f3n de energ\u00edas que ofrece el \u00e1rbol de Cuarzo Rosa con base de \u00c1gata, una pieza que fusiona el amor incondicional del cuarzo rosa con la estabilidad y protecci\u00f3n de la \u00e1gata.<\/p>\n<p>Su vibraci\u00f3n suave y reconfortante que te envuelve en un manto de amor y compasi\u00f3n, brind\u00e1ndote consuelo y apoyo emocional en momentos de necesidad.<\/p>\n<p>\u00c9ste \u00e1rbol puede abrir tu coraz\u00f3n al amor propio y a las relaciones significativas, fomentando la armon\u00eda y el entendimiento en tus v\u00ednculos interpersonales.<\/p>\n<p>Experimenta su capacidad para equilibrar y armonizar tus emociones, ayud\u00e1ndote a liberarte de viejos traumas y resentimientos que bloquean tu bienestar emocional.\u00a0 Cultiva una sensaci\u00f3n de bienestar y autoaceptaci\u00f3n con su presencia reconfortante, nutriendo tu esp\u00edritu y fortaleciendo tu conexi\u00f3n con el amor universal.<\/p>\n<p>Emb\u00e1rcate en un viaje de autocuidado y crecimiento espiritual con la ayuda de este hermoso \u00e1rbol de cuarzo rosa como tu gu\u00eda compasiva. D\u00e9jate envolver por la energ\u00eda sanadora y pac\u00edfica del cuarzo rosa y la \u00e1gata, y permite que te lleven a un estado de paz y plenitud interior.<\/p>\n<p>Cantidad: 1 Unidad. El precio es por unidad.<br \/>\nTama\u00f1o: 23 cent\u00edmetros aproximadamente.<br \/>\nForma: \u00c1rbol Mineral .<\/p>","protected":false},"featured_media":4176,"template":"","meta":[],"product_cat":[76,69],"product_tag":[],"class_list":{"0":"post-1303","1":"product","2":"type-product","3":"status-publish","4":"has-post-thumbnail","6":"product_cat-arboles-minerales","7":"product_cat-minerales","9":"first","10":"instock","11":"sale","12":"taxable","13":"shipping-taxable","14":"purchasable","15":"product-type-simple"},"yoast_head":"<!-- This site is optimized with the Yoast SEO plugin v27.3 - https:\/\/yoast.com\/product\/yoast-seo-wordpress\/ -->\n<title>\u00c1rbol De Cuarzo Rosa Base \u00c0gata | Amor incondicional - Sanaci\u00f3n emocional - MINERALES LUNA LLENA<\/title>\n<meta name=\"robots\" content=\"index, follow, max-snippet:-1, max-image-preview:large, max-video-preview:-1\" \/>\n<link rel=\"canonical\" href=\"https:\/\/mineraleslunallena.com\/ca\/producte\/arbol-de-cuarzo-rosa-amor-incondicional-sanacion-emocional\/\" \/>\n<meta property=\"og:locale\" content=\"ca_ES\" \/>\n<meta property=\"og:type\" content=\"article\" \/>\n<meta property=\"og:title\" content=\"\u00c1rbol De Cuarzo Rosa Base \u00c0gata | Amor incondicional - Sanaci\u00f3n emocional - MINERALES LUNA LLENA\" \/>\n<meta property=\"og:description\" content=\"Descubre la sublime combinaci\u00f3n de energ\u00edas que ofrece el \u00e1rbol de Cuarzo Rosa con base de \u00c1gata, una pieza que fusiona el amor incondicional del cuarzo rosa con la estabilidad y protecci\u00f3n de la \u00e1gata.  Su vibraci\u00f3n suave y reconfortante que te envuelve en un manto de amor y compasi\u00f3n, brind\u00e1ndote consuelo y apoyo emocional en momentos de necesidad.  \u00c9ste \u00e1rbol puede abrir tu coraz\u00f3n al amor propio y a las relaciones significativas, fomentando la armon\u00eda y el entendimiento en tus v\u00ednculos interpersonales.  Experimenta su capacidad para equilibrar y armonizar tus emociones, ayud\u00e1ndote a liberarte de viejos traumas y resentimientos que bloquean tu bienestar emocional.\u00a0 Cultiva una sensaci\u00f3n de bienestar y autoaceptaci\u00f3n con su presencia reconfortante, nutriendo tu esp\u00edritu y fortaleciendo tu conexi\u00f3n con el amor universal.  Emb\u00e1rcate en un viaje de autocuidado y crecimiento espiritual con la ayuda de este hermoso \u00e1rbol de cuarzo rosa como tu gu\u00eda compasiva. D\u00e9jate envolver por la energ\u00eda sanadora y pac\u00edfica del cuarzo rosa y la \u00e1gata, y permite que te lleven a un estado de paz y plenitud interior.  Cantidad: 1 Unidad. El precio es por unidad. Tama\u00f1o: 23 cent\u00edmetros aproximadamente. Forma: \u00c1rbol Mineral .\" \/>\n<meta property=\"og:url\" content=\"https:\/\/mineraleslunallena.com\/ca\/producte\/arbol-de-cuarzo-rosa-amor-incondicional-sanacion-emocional\/\" \/>\n<meta property=\"og:site_name\" content=\"MINERALES LUNA LLENA\" \/>\n<meta property=\"article:modified_time\" content=\"2025-03-10T13:55:27+00:00\" \/>\n<meta property=\"og:image\" content=\"https:\/\/mineraleslunallena.com\/wp-content\/uploads\/2023\/12\/arbol-cuarzo-rosa-scaled.jpg\" \/>\n\t<meta property=\"og:image:width\" content=\"1920\" \/>\n\t<meta property=\"og:image:height\" content=\"2560\" \/>\n\t<meta property=\"og:image:type\" content=\"image\/jpeg\" \/>\n<meta name=\"twitter:card\" content=\"summary_large_image\" \/>\n<meta name=\"twitter:label1\" content=\"Temps estimat de lectura\" \/>\n\t<meta name=\"twitter:data1\" content=\"2 minuts\" \/>\n<script type=\"application\/ld+json\" class=\"yoast-schema-graph\">{\"@context\":\"https:\\\/\\\/schema.org\",\"@graph\":[{\"@type\":\"WebPage\",\"@id\":\"https:\\\/\\\/mineraleslunallena.com\\\/producto\\\/arbol-de-cuarzo-rosa-amor-incondicional-sanacion-emocional\\\/\",\"url\":\"https:\\\/\\\/mineraleslunallena.com\\\/producto\\\/arbol-de-cuarzo-rosa-amor-incondicional-sanacion-emocional\\\/\",\"name\":\"\u00c1rbol De Cuarzo Rosa Base \u00c0gata | Amor incondicional - Sanaci\u00f3n emocional - MINERALES LUNA LLENA\",\"isPartOf\":{\"@id\":\"https:\\\/\\\/mineraleslunallena.com\\\/#website\"},\"primaryImageOfPage\":{\"@id\":\"https:\\\/\\\/mineraleslunallena.com\\\/producto\\\/arbol-de-cuarzo-rosa-amor-incondicional-sanacion-emocional\\\/#primaryimage\"},\"image\":{\"@id\":\"https:\\\/\\\/mineraleslunallena.com\\\/producto\\\/arbol-de-cuarzo-rosa-amor-incondicional-sanacion-emocional\\\/#primaryimage\"},\"thumbnailUrl\":\"https:\\\/\\\/mineraleslunallena.com\\\/wp-content\\\/uploads\\\/2023\\\/12\\\/arbol-cuarzo-rosa-scaled.jpg\",\"datePublished\":\"2023-12-24T19:04:47+00:00\",\"dateModified\":\"2025-03-10T13:55:27+00:00\",\"breadcrumb\":{\"@id\":\"https:\\\/\\\/mineraleslunallena.com\\\/producto\\\/arbol-de-cuarzo-rosa-amor-incondicional-sanacion-emocional\\\/#breadcrumb\"},\"inLanguage\":\"ca\",\"potentialAction\":[{\"@type\":\"ReadAction\",\"target\":[\"https:\\\/\\\/mineraleslunallena.com\\\/producto\\\/arbol-de-cuarzo-rosa-amor-incondicional-sanacion-emocional\\\/\"]}]},{\"@type\":\"ImageObject\",\"inLanguage\":\"ca\",\"@id\":\"https:\\\/\\\/mineraleslunallena.com\\\/producto\\\/arbol-de-cuarzo-rosa-amor-incondicional-sanacion-emocional\\\/#primaryimage\",\"url\":\"https:\\\/\\\/mineraleslunallena.com\\\/wp-content\\\/uploads\\\/2023\\\/12\\\/arbol-cuarzo-rosa-scaled.jpg\",\"contentUrl\":\"https:\\\/\\\/mineraleslunallena.com\\\/wp-content\\\/uploads\\\/2023\\\/12\\\/arbol-cuarzo-rosa-scaled.jpg\",\"width\":1920,\"height\":2560},{\"@type\":\"BreadcrumbList\",\"@id\":\"https:\\\/\\\/mineraleslunallena.com\\\/producto\\\/arbol-de-cuarzo-rosa-amor-incondicional-sanacion-emocional\\\/#breadcrumb\",\"itemListElement\":[{\"@type\":\"ListItem\",\"position\":1,\"name\":\"Portada\",\"item\":\"https:\\\/\\\/mineraleslunallena.com\\\/\"},{\"@type\":\"ListItem\",\"position\":2,\"name\":\"Shop\",\"item\":\"https:\\\/\\\/mineraleslunallena.com\\\/ca\\\/shop\\\/\"},{\"@type\":\"ListItem\",\"position\":3,\"name\":\"\u00c1rbol De Cuarzo Rosa Base \u00c0gata | Amor incondicional &#8211; Sanaci\u00f3n emocional\"}]},{\"@type\":\"WebSite\",\"@id\":\"https:\\\/\\\/mineraleslunallena.com\\\/#website\",\"url\":\"https:\\\/\\\/mineraleslunallena.com\\\/\",\"name\":\"LUNA LLENA MINERALES\",\"description\":\"Es el momento de conectarte con tu propio poder y confiar en tus habilidades.\",\"publisher\":{\"@id\":\"https:\\\/\\\/mineraleslunallena.com\\\/#organization\"},\"potentialAction\":[{\"@type\":\"SearchAction\",\"target\":{\"@type\":\"EntryPoint\",\"urlTemplate\":\"https:\\\/\\\/mineraleslunallena.com\\\/?s={search_term_string}\"},\"query-input\":{\"@type\":\"PropertyValueSpecification\",\"valueRequired\":true,\"valueName\":\"search_term_string\"}}],\"inLanguage\":\"ca\"},{\"@type\":\"Organization\",\"@id\":\"https:\\\/\\\/mineraleslunallena.com\\\/#organization\",\"name\":\"LUNA LLENA MINERALES\",\"url\":\"https:\\\/\\\/mineraleslunallena.com\\\/\",\"logo\":{\"@type\":\"ImageObject\",\"inLanguage\":\"ca\",\"@id\":\"https:\\\/\\\/mineraleslunallena.com\\\/#\\\/schema\\\/logo\\\/image\\\/\",\"url\":\"https:\\\/\\\/mineraleslunallena.com\\\/wp-content\\\/uploads\\\/2023\\\/07\\\/LUNA-LLENA-LOGO-nuevo.png\",\"contentUrl\":\"https:\\\/\\\/mineraleslunallena.com\\\/wp-content\\\/uploads\\\/2023\\\/07\\\/LUNA-LLENA-LOGO-nuevo.png\",\"width\":229,\"height\":167,\"caption\":\"LUNA LLENA MINERALES\"},\"image\":{\"@id\":\"https:\\\/\\\/mineraleslunallena.com\\\/#\\\/schema\\\/logo\\\/image\\\/\"}}]}<\/script>\n<!-- \/ Yoast SEO plugin. -->","yoast_head_json":{"title":"\u00c1rbol De Cuarzo Rosa Base \u00c0gata | Amor incondicional - Sanaci\u00f3n emocional - MINERALES LUNA LLENA","robots":{"index":"index","follow":"follow","max-snippet":"max-snippet:-1","max-image-preview":"max-image-preview:large","max-video-preview":"max-video-preview:-1"},"canonical":"https:\/\/mineraleslunallena.com\/ca\/producte\/arbol-de-cuarzo-rosa-amor-incondicional-sanacion-emocional\/","og_locale":"ca_ES","og_type":"article","og_title":"\u00c1rbol De Cuarzo Rosa Base \u00c0gata | Amor incondicional - Sanaci\u00f3n emocional - MINERALES LUNA LLENA","og_description":"Descubre la sublime combinaci\u00f3n de energ\u00edas que ofrece el \u00e1rbol de Cuarzo Rosa con base de \u00c1gata, una pieza que fusiona el amor incondicional del cuarzo rosa con la estabilidad y protecci\u00f3n de la \u00e1gata.  Su vibraci\u00f3n suave y reconfortante que te envuelve en un manto de amor y compasi\u00f3n, brind\u00e1ndote consuelo y apoyo emocional en momentos de necesidad.  \u00c9ste \u00e1rbol puede abrir tu coraz\u00f3n al amor propio y a las relaciones significativas, fomentando la armon\u00eda y el entendimiento en tus v\u00ednculos interpersonales.  Experimenta su capacidad para equilibrar y armonizar tus emociones, ayud\u00e1ndote a liberarte de viejos traumas y resentimientos que bloquean tu bienestar emocional.\u00a0 Cultiva una sensaci\u00f3n de bienestar y autoaceptaci\u00f3n con su presencia reconfortante, nutriendo tu esp\u00edritu y fortaleciendo tu conexi\u00f3n con el amor universal.  Emb\u00e1rcate en un viaje de autocuidado y crecimiento espiritual con la ayuda de este hermoso \u00e1rbol de cuarzo rosa como tu gu\u00eda compasiva. D\u00e9jate envolver por la energ\u00eda sanadora y pac\u00edfica del cuarzo rosa y la \u00e1gata, y permite que te lleven a un estado de paz y plenitud interior.  Cantidad: 1 Unidad. El precio es por unidad. Tama\u00f1o: 23 cent\u00edmetros aproximadamente. Forma: \u00c1rbol Mineral .","og_url":"https:\/\/mineraleslunallena.com\/ca\/producte\/arbol-de-cuarzo-rosa-amor-incondicional-sanacion-emocional\/","og_site_name":"MINERALES LUNA LLENA","article_modified_time":"2025-03-10T13:55:27+00:00","og_image":[{"width":1920,"height":2560,"url":"https:\/\/mineraleslunallena.com\/wp-content\/uploads\/2023\/12\/arbol-cuarzo-rosa-scaled.jpg","type":"image\/jpeg"}],"twitter_card":"summary_large_image","twitter_misc":{"Temps estimat de lectura":"2 minuts"},"schema":{"@context":"https:\/\/schema.org","@graph":[{"@type":"WebPage","@id":"https:\/\/mineraleslunallena.com\/producto\/arbol-de-cuarzo-rosa-amor-incondicional-sanacion-emocional\/","url":"https:\/\/mineraleslunallena.com\/producto\/arbol-de-cuarzo-rosa-amor-incondicional-sanacion-emocional\/","name":"\u00c1rbol De Cuarzo Rosa Base \u00c0gata | Amor incondicional - Sanaci\u00f3n emocional - MINERALES LUNA LLENA","isPartOf":{"@id":"https:\/\/mineraleslunallena.com\/#website"},"primaryImageOfPage":{"@id":"https:\/\/mineraleslunallena.com\/producto\/arbol-de-cuarzo-rosa-amor-incondicional-sanacion-emocional\/#primaryimage"},"image":{"@id":"https:\/\/mineraleslunallena.com\/producto\/arbol-de-cuarzo-rosa-amor-incondicional-sanacion-emocional\/#primaryimage"},"thumbnailUrl":"https:\/\/mineraleslunallena.com\/wp-content\/uploads\/2023\/12\/arbol-cuarzo-rosa-scaled.jpg","datePublished":"2023-12-24T19:04:47+00:00","dateModified":"2025-03-10T13:55:27+00:00","breadcrumb":{"@id":"https:\/\/mineraleslunallena.com\/producto\/arbol-de-cuarzo-rosa-amor-incondicional-sanacion-emocional\/#breadcrumb"},"inLanguage":"ca","potentialAction":[{"@type":"ReadAction","target":["https:\/\/mineraleslunallena.com\/producto\/arbol-de-cuarzo-rosa-amor-incondicional-sanacion-emocional\/"]}]},{"@type":"ImageObject","inLanguage":"ca","@id":"https:\/\/mineraleslunallena.com\/producto\/arbol-de-cuarzo-rosa-amor-incondicional-sanacion-emocional\/#primaryimage","url":"https:\/\/mineraleslunallena.com\/wp-content\/uploads\/2023\/12\/arbol-cuarzo-rosa-scaled.jpg","contentUrl":"https:\/\/mineraleslunallena.com\/wp-content\/uploads\/2023\/12\/arbol-cuarzo-rosa-scaled.jpg","width":1920,"height":2560},{"@type":"BreadcrumbList","@id":"https:\/\/mineraleslunallena.com\/producto\/arbol-de-cuarzo-rosa-amor-incondicional-sanacion-emocional\/#breadcrumb","itemListElement":[{"@type":"ListItem","position":1,"name":"Portada","item":"https:\/\/mineraleslunallena.com\/"},{"@type":"ListItem","position":2,"name":"Shop","item":"https:\/\/mineraleslunallena.com\/ca\/shop\/"},{"@type":"ListItem","position":3,"name":"\u00c1rbol De Cuarzo Rosa Base \u00c0gata | Amor incondicional &#8211; Sanaci\u00f3n emocional"}]},{"@type":"WebSite","@id":"https:\/\/mineraleslunallena.com\/#website","url":"https:\/\/mineraleslunallena.com\/","name":"LLUNA PLENA MINERALS","description":"\u00c9s el moment de connectar-te amb el teu poder i confiar en les teves habilitats.","publisher":{"@id":"https:\/\/mineraleslunallena.com\/#organization"},"potentialAction":[{"@type":"SearchAction","target":{"@type":"EntryPoint","urlTemplate":"https:\/\/mineraleslunallena.com\/?s={search_term_string}"},"query-input":{"@type":"PropertyValueSpecification","valueRequired":true,"valueName":"search_term_string"}}],"inLanguage":"ca"},{"@type":"Organization","@id":"https:\/\/mineraleslunallena.com\/#organization","name":"LLUNA PLENA MINERALS","url":"https:\/\/mineraleslunallena.com\/","logo":{"@type":"ImageObject","inLanguage":"ca","@id":"https:\/\/mineraleslunallena.com\/#\/schema\/logo\/image\/","url":"https:\/\/mineraleslunallena.com\/wp-content\/uploads\/2023\/07\/LUNA-LLENA-LOGO-nuevo.png","contentUrl":"https:\/\/mineraleslunallena.com\/wp-content\/uploads\/2023\/07\/LUNA-LLENA-LOGO-nuevo.png","width":229,"height":167,"caption":"LUNA LLENA MINERALES"},"image":{"@id":"https:\/\/mineraleslunallena.com\/#\/schema\/logo\/image\/"}}]}},"jetpack_sharing_enabled":true,"_links":{"self":[{"href":"https:\/\/mineraleslunallena.com\/ca\/wp-json\/wp\/v2\/product\/1303","targetHints":{"allow":["GET"]}}],"collection":[{"href":"https:\/\/mineraleslunallena.com\/ca\/wp-json\/wp\/v2\/product"}],"about":[{"href":"https:\/\/mineraleslunallena.com\/ca\/wp-json\/wp\/v2\/types\/product"}],"version-history":[{"count":5,"href":"https:\/\/mineraleslunallena.com\/ca\/wp-json\/wp\/v2\/product\/1303\/revisions"}],"predecessor-version":[{"id":4385,"href":"https:\/\/mineraleslunallena.com\/ca\/wp-json\/wp\/v2\/product\/1303\/revisions\/4385"}],"wp:featuredmedia":[{"embeddable":true,"href":"https:\/\/mineraleslunallena.com\/ca\/wp-json\/wp\/v2\/media\/4176"}],"wp:attachment":[{"href":"https:\/\/mineraleslunallena.com\/ca\/wp-json\/wp\/v2\/media?parent=1303"}],"wp:term":[{"taxonomy":"product_cat","embeddable":true,"href":"https:\/\/mineraleslunallena.com\/ca\/wp-json\/wp\/v2\/product_cat?post=1303"},{"taxonomy":"product_tag","embeddable":true,"href":"https:\/\/mineraleslunallena.com\/ca\/wp-json\/wp\/v2\/product_tag?post=1303"}],"curies":[{"name":"wp","href":"https:\/\/api.w.org\/{rel}","templated":true}]}}