{"id":1330,"date":"2023-12-24T19:16:01","date_gmt":"2023-12-24T19:16:01","guid":{"rendered":"https:\/\/minerales.ultbit.com\/?post_type=product&#038;p=1330"},"modified":"2025-09-23T13:19:43","modified_gmt":"2025-09-23T11:19:43","slug":"esfera-de-selenita-bienestar-potenciador-paz-profunda-2","status":"publish","type":"product","link":"https:\/\/mineraleslunallena.com\/ca\/producte\/esfera-de-selenita-bienestar-potenciador-paz-profunda-2\/","title":{"rendered":"Jab\u00f3n De Selenita | Bienestar &#8211; Potenciador &#8211; Paz Profunda"},"content":{"rendered":"<p>Las piedras de Selenita en forma de jab\u00f3n tienen un uso maravilloso al sostenerlas en la mano, proporcionando relajaci\u00f3n y reducci\u00f3n de la ansiedad.<br \/>\nS\u00f3n ideals per acompanyar moments de meditaci\u00f3.<br \/>\nPurif\u00edcate Energ\u00e9ticamente, limpia tu aura y restablece el equilibrio energ\u00e9tico, promoviendo la armon\u00eda.<br \/>\nLa vibraci\u00f3 potent de la selenita pot purificar, activar i obrir els Chakras Corona i Superior, essent especialment efectiva en pr\u00e0ctiques espirituals diverses. A m\u00e9s, enforteix la mem\u00f2ria.<\/p>\n<p>Quantitat: 1 Unitat. El preu \u00e9s per una unitat.<br \/>\nTama\u00f1o: 6 cent\u00edmetros aproximadamente.<br \/>\nForma: Jab\u00f3n de Selenita.<\/p>","protected":false},"excerpt":{"rendered":"<p>Las piedras de Selenita en forma de jab\u00f3n tienen un uso maravilloso al sostenerlas en la mano, proporcionando relajaci\u00f3n y reducci\u00f3n de la ansiedad.<br \/>\nS\u00f3n ideals per acompanyar moments de meditaci\u00f3.<br \/>\nPurif\u00edcate Energ\u00e9ticamente, limpia tu aura y restablece el equilibrio energ\u00e9tico, promoviendo la armon\u00eda.<br \/>\nLa vibraci\u00f3 potent de la selenita pot purificar, activar i obrir els Chakras Corona i Superior, essent especialment efectiva en pr\u00e0ctiques espirituals diverses. A m\u00e9s, enforteix la mem\u00f2ria.<\/p>\n<p>Quantitat: 1 Unitat. El preu \u00e9s per una unitat.<br \/>\nTama\u00f1o: 6 cent\u00edmetros aproximadamente.<br \/>\nForma: Jab\u00f3n de Selenita.<\/p>","protected":false},"featured_media":1483,"template":"","meta":[],"product_cat":[69,75],"product_tag":[],"class_list":{"0":"post-1330","1":"product","2":"type-product","3":"status-publish","4":"has-post-thumbnail","6":"product_cat-minerales","7":"product_cat-https-mineraleslunallena-com-categoria-minerales-selenita","9":"first","10":"instock","11":"sale","12":"taxable","13":"shipping-taxable","14":"purchasable","15":"product-type-simple"},"yoast_head":"<!-- This site is optimized with the Yoast SEO plugin v27.3 - https:\/\/yoast.com\/product\/yoast-seo-wordpress\/ -->\n<title>Jab\u00f3n De Selenita | Bienestar - Potenciador - Paz Profunda - MINERALES LUNA LLENA<\/title>\n<meta name=\"robots\" content=\"index, follow, max-snippet:-1, max-image-preview:large, max-video-preview:-1\" \/>\n<link rel=\"canonical\" href=\"https:\/\/mineraleslunallena.com\/ca\/producte\/esfera-de-selenita-bienestar-potenciador-paz-profunda-2\/\" \/>\n<meta property=\"og:locale\" content=\"ca_ES\" \/>\n<meta property=\"og:type\" content=\"article\" \/>\n<meta property=\"og:title\" content=\"Jab\u00f3n De Selenita | Bienestar - Potenciador - Paz Profunda - MINERALES LUNA LLENA\" \/>\n<meta property=\"og:description\" content=\"Las piedras de Selenita en forma de jab\u00f3n tienen un uso maravilloso al sostenerlas en la mano, proporcionando relajaci\u00f3n y reducci\u00f3n de la ansiedad. Son ideales para acompa\u00f1ar momentos de meditaci\u00f3n. Purif\u00edcate Energ\u00e9ticamente, limpia tu aura y restablece el equilibrio energ\u00e9tico, promoviendo la armon\u00eda. La vibraci\u00f3n potente de la selenita puede purificar, activar y abrir los Chakras Corona y Superior, siendo especialmente efectiva en pr\u00e1cticas espirituales diversas. Adem\u00e1s, fortalece la memoria.  Cantidad: 1 Unidad. El precio es por una unidad. Tama\u00f1o: 6 cent\u00edmetros aproximadamente. Forma: Jab\u00f3n de Selenita.\" \/>\n<meta property=\"og:url\" content=\"https:\/\/mineraleslunallena.com\/ca\/producte\/esfera-de-selenita-bienestar-potenciador-paz-profunda-2\/\" \/>\n<meta property=\"og:site_name\" content=\"MINERALES LUNA LLENA\" \/>\n<meta property=\"article:modified_time\" content=\"2025-09-23T11:19:43+00:00\" \/>\n<meta property=\"og:image\" content=\"https:\/\/mineraleslunallena.com\/wp-content\/uploads\/2023\/12\/m_s_005-1-scaled.jpg\" \/>\n\t<meta property=\"og:image:width\" content=\"1920\" \/>\n\t<meta property=\"og:image:height\" content=\"2560\" \/>\n\t<meta property=\"og:image:type\" content=\"image\/jpeg\" \/>\n<meta name=\"twitter:card\" content=\"summary_large_image\" \/>\n<meta name=\"twitter:label1\" content=\"Temps estimat de lectura\" \/>\n\t<meta name=\"twitter:data1\" content=\"1 minut\" \/>\n<script type=\"application\/ld+json\" class=\"yoast-schema-graph\">{\"@context\":\"https:\\\/\\\/schema.org\",\"@graph\":[{\"@type\":\"WebPage\",\"@id\":\"https:\\\/\\\/mineraleslunallena.com\\\/producto\\\/esfera-de-selenita-bienestar-potenciador-paz-profunda-2\\\/\",\"url\":\"https:\\\/\\\/mineraleslunallena.com\\\/producto\\\/esfera-de-selenita-bienestar-potenciador-paz-profunda-2\\\/\",\"name\":\"Jab\u00f3n De Selenita | Bienestar - Potenciador - Paz Profunda - MINERALES LUNA LLENA\",\"isPartOf\":{\"@id\":\"https:\\\/\\\/mineraleslunallena.com\\\/#website\"},\"primaryImageOfPage\":{\"@id\":\"https:\\\/\\\/mineraleslunallena.com\\\/producto\\\/esfera-de-selenita-bienestar-potenciador-paz-profunda-2\\\/#primaryimage\"},\"image\":{\"@id\":\"https:\\\/\\\/mineraleslunallena.com\\\/producto\\\/esfera-de-selenita-bienestar-potenciador-paz-profunda-2\\\/#primaryimage\"},\"thumbnailUrl\":\"https:\\\/\\\/mineraleslunallena.com\\\/wp-content\\\/uploads\\\/2023\\\/12\\\/m_s_005-1-scaled.jpg\",\"datePublished\":\"2023-12-24T19:16:01+00:00\",\"dateModified\":\"2025-09-23T11:19:43+00:00\",\"breadcrumb\":{\"@id\":\"https:\\\/\\\/mineraleslunallena.com\\\/producto\\\/esfera-de-selenita-bienestar-potenciador-paz-profunda-2\\\/#breadcrumb\"},\"inLanguage\":\"ca\",\"potentialAction\":[{\"@type\":\"ReadAction\",\"target\":[\"https:\\\/\\\/mineraleslunallena.com\\\/producto\\\/esfera-de-selenita-bienestar-potenciador-paz-profunda-2\\\/\"]}]},{\"@type\":\"ImageObject\",\"inLanguage\":\"ca\",\"@id\":\"https:\\\/\\\/mineraleslunallena.com\\\/producto\\\/esfera-de-selenita-bienestar-potenciador-paz-profunda-2\\\/#primaryimage\",\"url\":\"https:\\\/\\\/mineraleslunallena.com\\\/wp-content\\\/uploads\\\/2023\\\/12\\\/m_s_005-1-scaled.jpg\",\"contentUrl\":\"https:\\\/\\\/mineraleslunallena.com\\\/wp-content\\\/uploads\\\/2023\\\/12\\\/m_s_005-1-scaled.jpg\",\"width\":1920,\"height\":2560},{\"@type\":\"BreadcrumbList\",\"@id\":\"https:\\\/\\\/mineraleslunallena.com\\\/producto\\\/esfera-de-selenita-bienestar-potenciador-paz-profunda-2\\\/#breadcrumb\",\"itemListElement\":[{\"@type\":\"ListItem\",\"position\":1,\"name\":\"Portada\",\"item\":\"https:\\\/\\\/mineraleslunallena.com\\\/\"},{\"@type\":\"ListItem\",\"position\":2,\"name\":\"Shop\",\"item\":\"https:\\\/\\\/mineraleslunallena.com\\\/ca\\\/shop\\\/\"},{\"@type\":\"ListItem\",\"position\":3,\"name\":\"Jab\u00f3n De Selenita | Bienestar &#8211; Potenciador &#8211; Paz Profunda\"}]},{\"@type\":\"WebSite\",\"@id\":\"https:\\\/\\\/mineraleslunallena.com\\\/#website\",\"url\":\"https:\\\/\\\/mineraleslunallena.com\\\/\",\"name\":\"LUNA LLENA MINERALES\",\"description\":\"Es el momento de conectarte con tu propio poder y confiar en tus habilidades.\",\"publisher\":{\"@id\":\"https:\\\/\\\/mineraleslunallena.com\\\/#organization\"},\"potentialAction\":[{\"@type\":\"SearchAction\",\"target\":{\"@type\":\"EntryPoint\",\"urlTemplate\":\"https:\\\/\\\/mineraleslunallena.com\\\/?s={search_term_string}\"},\"query-input\":{\"@type\":\"PropertyValueSpecification\",\"valueRequired\":true,\"valueName\":\"search_term_string\"}}],\"inLanguage\":\"ca\"},{\"@type\":\"Organization\",\"@id\":\"https:\\\/\\\/mineraleslunallena.com\\\/#organization\",\"name\":\"LUNA LLENA MINERALES\",\"url\":\"https:\\\/\\\/mineraleslunallena.com\\\/\",\"logo\":{\"@type\":\"ImageObject\",\"inLanguage\":\"ca\",\"@id\":\"https:\\\/\\\/mineraleslunallena.com\\\/#\\\/schema\\\/logo\\\/image\\\/\",\"url\":\"https:\\\/\\\/mineraleslunallena.com\\\/wp-content\\\/uploads\\\/2023\\\/07\\\/LUNA-LLENA-LOGO-nuevo.png\",\"contentUrl\":\"https:\\\/\\\/mineraleslunallena.com\\\/wp-content\\\/uploads\\\/2023\\\/07\\\/LUNA-LLENA-LOGO-nuevo.png\",\"width\":229,\"height\":167,\"caption\":\"LUNA LLENA MINERALES\"},\"image\":{\"@id\":\"https:\\\/\\\/mineraleslunallena.com\\\/#\\\/schema\\\/logo\\\/image\\\/\"}}]}<\/script>\n<!-- \/ Yoast SEO plugin. -->","yoast_head_json":{"title":"Jab\u00f3n De Selenita | Bienestar - Potenciador - Paz Profunda - MINERALES LUNA LLENA","robots":{"index":"index","follow":"follow","max-snippet":"max-snippet:-1","max-image-preview":"max-image-preview:large","max-video-preview":"max-video-preview:-1"},"canonical":"https:\/\/mineraleslunallena.com\/ca\/producte\/esfera-de-selenita-bienestar-potenciador-paz-profunda-2\/","og_locale":"ca_ES","og_type":"article","og_title":"Jab\u00f3n De Selenita | Bienestar - Potenciador - Paz Profunda - MINERALES LUNA LLENA","og_description":"Las piedras de Selenita en forma de jab\u00f3n tienen un uso maravilloso al sostenerlas en la mano, proporcionando relajaci\u00f3n y reducci\u00f3n de la ansiedad. Son ideales para acompa\u00f1ar momentos de meditaci\u00f3n. Purif\u00edcate Energ\u00e9ticamente, limpia tu aura y restablece el equilibrio energ\u00e9tico, promoviendo la armon\u00eda. La vibraci\u00f3n potente de la selenita puede purificar, activar y abrir los Chakras Corona y Superior, siendo especialmente efectiva en pr\u00e1cticas espirituales diversas. Adem\u00e1s, fortalece la memoria.  Cantidad: 1 Unidad. El precio es por una unidad. Tama\u00f1o: 6 cent\u00edmetros aproximadamente. Forma: Jab\u00f3n de Selenita.","og_url":"https:\/\/mineraleslunallena.com\/ca\/producte\/esfera-de-selenita-bienestar-potenciador-paz-profunda-2\/","og_site_name":"MINERALES LUNA LLENA","article_modified_time":"2025-09-23T11:19:43+00:00","og_image":[{"width":1920,"height":2560,"url":"https:\/\/mineraleslunallena.com\/wp-content\/uploads\/2023\/12\/m_s_005-1-scaled.jpg","type":"image\/jpeg"}],"twitter_card":"summary_large_image","twitter_misc":{"Temps estimat de lectura":"1 minut"},"schema":{"@context":"https:\/\/schema.org","@graph":[{"@type":"WebPage","@id":"https:\/\/mineraleslunallena.com\/producto\/esfera-de-selenita-bienestar-potenciador-paz-profunda-2\/","url":"https:\/\/mineraleslunallena.com\/producto\/esfera-de-selenita-bienestar-potenciador-paz-profunda-2\/","name":"Jab\u00f3n De Selenita | Bienestar - Potenciador - Paz Profunda - MINERALES LUNA LLENA","isPartOf":{"@id":"https:\/\/mineraleslunallena.com\/#website"},"primaryImageOfPage":{"@id":"https:\/\/mineraleslunallena.com\/producto\/esfera-de-selenita-bienestar-potenciador-paz-profunda-2\/#primaryimage"},"image":{"@id":"https:\/\/mineraleslunallena.com\/producto\/esfera-de-selenita-bienestar-potenciador-paz-profunda-2\/#primaryimage"},"thumbnailUrl":"https:\/\/mineraleslunallena.com\/wp-content\/uploads\/2023\/12\/m_s_005-1-scaled.jpg","datePublished":"2023-12-24T19:16:01+00:00","dateModified":"2025-09-23T11:19:43+00:00","breadcrumb":{"@id":"https:\/\/mineraleslunallena.com\/producto\/esfera-de-selenita-bienestar-potenciador-paz-profunda-2\/#breadcrumb"},"inLanguage":"ca","potentialAction":[{"@type":"ReadAction","target":["https:\/\/mineraleslunallena.com\/producto\/esfera-de-selenita-bienestar-potenciador-paz-profunda-2\/"]}]},{"@type":"ImageObject","inLanguage":"ca","@id":"https:\/\/mineraleslunallena.com\/producto\/esfera-de-selenita-bienestar-potenciador-paz-profunda-2\/#primaryimage","url":"https:\/\/mineraleslunallena.com\/wp-content\/uploads\/2023\/12\/m_s_005-1-scaled.jpg","contentUrl":"https:\/\/mineraleslunallena.com\/wp-content\/uploads\/2023\/12\/m_s_005-1-scaled.jpg","width":1920,"height":2560},{"@type":"BreadcrumbList","@id":"https:\/\/mineraleslunallena.com\/producto\/esfera-de-selenita-bienestar-potenciador-paz-profunda-2\/#breadcrumb","itemListElement":[{"@type":"ListItem","position":1,"name":"Portada","item":"https:\/\/mineraleslunallena.com\/"},{"@type":"ListItem","position":2,"name":"Shop","item":"https:\/\/mineraleslunallena.com\/ca\/shop\/"},{"@type":"ListItem","position":3,"name":"Jab\u00f3n De Selenita | Bienestar &#8211; Potenciador &#8211; Paz Profunda"}]},{"@type":"WebSite","@id":"https:\/\/mineraleslunallena.com\/#website","url":"https:\/\/mineraleslunallena.com\/","name":"LLUNA PLENA MINERALS","description":"\u00c9s el moment de connectar-te amb el teu poder i confiar en les teves habilitats.","publisher":{"@id":"https:\/\/mineraleslunallena.com\/#organization"},"potentialAction":[{"@type":"SearchAction","target":{"@type":"EntryPoint","urlTemplate":"https:\/\/mineraleslunallena.com\/?s={search_term_string}"},"query-input":{"@type":"PropertyValueSpecification","valueRequired":true,"valueName":"search_term_string"}}],"inLanguage":"ca"},{"@type":"Organization","@id":"https:\/\/mineraleslunallena.com\/#organization","name":"LLUNA PLENA MINERALS","url":"https:\/\/mineraleslunallena.com\/","logo":{"@type":"ImageObject","inLanguage":"ca","@id":"https:\/\/mineraleslunallena.com\/#\/schema\/logo\/image\/","url":"https:\/\/mineraleslunallena.com\/wp-content\/uploads\/2023\/07\/LUNA-LLENA-LOGO-nuevo.png","contentUrl":"https:\/\/mineraleslunallena.com\/wp-content\/uploads\/2023\/07\/LUNA-LLENA-LOGO-nuevo.png","width":229,"height":167,"caption":"LUNA LLENA MINERALES"},"image":{"@id":"https:\/\/mineraleslunallena.com\/#\/schema\/logo\/image\/"}}]}},"_links":{"self":[{"href":"https:\/\/mineraleslunallena.com\/ca\/wp-json\/wp\/v2\/product\/1330","targetHints":{"allow":["GET"]}}],"collection":[{"href":"https:\/\/mineraleslunallena.com\/ca\/wp-json\/wp\/v2\/product"}],"about":[{"href":"https:\/\/mineraleslunallena.com\/ca\/wp-json\/wp\/v2\/types\/product"}],"version-history":[{"count":4,"href":"https:\/\/mineraleslunallena.com\/ca\/wp-json\/wp\/v2\/product\/1330\/revisions"}],"predecessor-version":[{"id":3472,"href":"https:\/\/mineraleslunallena.com\/ca\/wp-json\/wp\/v2\/product\/1330\/revisions\/3472"}],"wp:featuredmedia":[{"embeddable":true,"href":"https:\/\/mineraleslunallena.com\/ca\/wp-json\/wp\/v2\/media\/1483"}],"wp:attachment":[{"href":"https:\/\/mineraleslunallena.com\/ca\/wp-json\/wp\/v2\/media?parent=1330"}],"wp:term":[{"taxonomy":"product_cat","embeddable":true,"href":"https:\/\/mineraleslunallena.com\/ca\/wp-json\/wp\/v2\/product_cat?post=1330"},{"taxonomy":"product_tag","embeddable":true,"href":"https:\/\/mineraleslunallena.com\/ca\/wp-json\/wp\/v2\/product_tag?post=1330"}],"curies":[{"name":"wp","href":"https:\/\/api.w.org\/{rel}","templated":true}]}}