{"id":1332,"date":"2023-12-24T19:16:51","date_gmt":"2023-12-24T19:16:51","guid":{"rendered":"https:\/\/minerales.ultbit.com\/?post_type=product&#038;p=1332"},"modified":"2024-03-19T21:12:44","modified_gmt":"2024-03-19T20:12:44","slug":"esfera-de-selenita-naranja-descanso-purificacion-claridad-mental","status":"publish","type":"product","link":"https:\/\/mineraleslunallena.com\/ca\/producte\/esfera-de-selenita-naranja-descanso-purificacion-claridad-mental\/","title":{"rendered":"Esfera De Selenita Taronja | Descans \u2013 Purificaci\u00f3 \u2013 Claredat Mental"},"content":{"rendered":"<p>La Esfera de Selenita Naranja es una piedra que ofrece una poderosa influencia en diversos aspectos de tu vida. Infunde vitalidad y optimismo en tu d\u00eda a d\u00eda, atrayendo una energ\u00eda revitalizante y positiva. Eleva tu conexi\u00f3n espiritual y despierta tu creatividad, proporcion\u00e1ndote una fuente de inspiraci\u00f3n y claridad mental. En momentos de cambio y desaf\u00edo, te brinda apoyo y nutrici\u00f3n interior, fortaleciendo tu capacidad para afrontar nuevos retos con confianza y determinaci\u00f3n. Promueve un equilibrio energ\u00e9tico en tu ser, creando un ambiente de armon\u00eda y serenidad que favorece tu bienestar emocional y mental. Estimula tu pasi\u00f3n y creatividad, permitiendo que te expreses de manera aut\u00e9ntica y genuina en todas tus actividades y relaciones. Acompa\u00f1a tus pr\u00e1cticas espirituales y momentos de reflexi\u00f3n, gui\u00e1ndote en tu camino de transformaci\u00f3n y crecimiento personal. Descubre el poder de la selenita naranja en nuestra tienda y experimenta c\u00f3mo aporta vitalidad y equilibrio a tu ser en su totalidad.<\/p>\n<p>Quantitat: 1 Unitat. El preu \u00e9s per una unitat.<\/p>\n<p>Grand\u00e0ria: Entre i cent\u00edmetres aproximadament.<br \/>\nForma: Esfera de Selenita.<\/p>","protected":false},"excerpt":{"rendered":"<p>La Esfera de Selenita Naranja es una piedra que ofrece una poderosa influencia en diversos aspectos de tu vida. Infunde vitalidad y optimismo en tu d\u00eda a d\u00eda, atrayendo una energ\u00eda revitalizante y positiva. Eleva tu conexi\u00f3n espiritual y despierta tu creatividad, proporcion\u00e1ndote una fuente de inspiraci\u00f3n y claridad mental. En momentos de cambio y desaf\u00edo, te brinda apoyo y nutrici\u00f3n interior, fortaleciendo tu capacidad para afrontar nuevos retos con confianza y determinaci\u00f3n. Promueve un equilibrio energ\u00e9tico en tu ser, creando un ambiente de armon\u00eda y serenidad que favorece tu bienestar emocional y mental. Estimula tu pasi\u00f3n y creatividad, permitiendo que te expreses de manera aut\u00e9ntica y genuina en todas tus actividades y relaciones. Acompa\u00f1a tus pr\u00e1cticas espirituales y momentos de reflexi\u00f3n, gui\u00e1ndote en tu camino de transformaci\u00f3n y crecimiento personal. Descubre el poder de la selenita naranja en nuestra tienda y experimenta c\u00f3mo aporta vitalidad y equilibrio a tu ser en su totalidad.<\/p>\n<p>Quantitat: 1 Unitat. El preu \u00e9s per una unitat.<\/p>\n<p>Grand\u00e0ria: Entre i cent\u00edmetres aproximadament.<br \/>\nForma: Esfera de Selenita.<\/p>","protected":false},"featured_media":1482,"template":"","meta":[],"product_cat":[69,75],"product_tag":[],"class_list":{"0":"post-1332","1":"product","2":"type-product","3":"status-publish","4":"has-post-thumbnail","6":"product_cat-minerales","7":"product_cat-https-mineraleslunallena-com-categoria-minerales-selenita","9":"first","10":"instock","11":"sale","12":"taxable","13":"shipping-taxable","14":"purchasable","15":"product-type-simple"},"yoast_head":"<!-- This site is optimized with the Yoast SEO plugin v27.3 - https:\/\/yoast.com\/product\/yoast-seo-wordpress\/ -->\n<title>Esfera De Selenita Naranja | Descanso - Purificaci\u00f3n - Claridad Mental - MINERALES LUNA LLENA<\/title>\n<meta name=\"robots\" content=\"index, follow, max-snippet:-1, max-image-preview:large, max-video-preview:-1\" \/>\n<link rel=\"canonical\" href=\"https:\/\/mineraleslunallena.com\/ca\/producte\/esfera-de-selenita-naranja-descanso-purificacion-claridad-mental\/\" \/>\n<meta property=\"og:locale\" content=\"ca_ES\" \/>\n<meta property=\"og:type\" content=\"article\" \/>\n<meta property=\"og:title\" content=\"Esfera De Selenita Naranja | Descanso - Purificaci\u00f3n - Claridad Mental - MINERALES LUNA LLENA\" \/>\n<meta property=\"og:description\" content=\"La Esfera de Selenita Naranja es una piedra que ofrece una poderosa influencia en diversos aspectos de tu vida. Infunde vitalidad y optimismo en tu d\u00eda a d\u00eda, atrayendo una energ\u00eda revitalizante y positiva. Eleva tu conexi\u00f3n espiritual y despierta tu creatividad, proporcion\u00e1ndote una fuente de inspiraci\u00f3n y claridad mental. En momentos de cambio y desaf\u00edo, te brinda apoyo y nutrici\u00f3n interior, fortaleciendo tu capacidad para afrontar nuevos retos con confianza y determinaci\u00f3n. Promueve un equilibrio energ\u00e9tico en tu ser, creando un ambiente de armon\u00eda y serenidad que favorece tu bienestar emocional y mental. Estimula tu pasi\u00f3n y creatividad, permitiendo que te expreses de manera aut\u00e9ntica y genuina en todas tus actividades y relaciones. Acompa\u00f1a tus pr\u00e1cticas espirituales y momentos de reflexi\u00f3n, gui\u00e1ndote en tu camino de transformaci\u00f3n y crecimiento personal. Descubre el poder de la selenita naranja en nuestra tienda y experimenta c\u00f3mo aporta vitalidad y equilibrio a tu ser en su totalidad.  Cantidad: 1 Unidad. El precio es por una unidad.  Tama\u00f1o: Entre y cent\u00edmetros aproximadamente. Forma: Esfera de Selenita.\" \/>\n<meta property=\"og:url\" content=\"https:\/\/mineraleslunallena.com\/ca\/producte\/esfera-de-selenita-naranja-descanso-purificacion-claridad-mental\/\" \/>\n<meta property=\"og:site_name\" content=\"MINERALES LUNA LLENA\" \/>\n<meta property=\"article:modified_time\" content=\"2024-03-19T20:12:44+00:00\" \/>\n<meta property=\"og:image\" content=\"https:\/\/mineraleslunallena.com\/wp-content\/uploads\/2023\/12\/m_s_006-1-scaled.jpg\" \/>\n\t<meta property=\"og:image:width\" content=\"1920\" \/>\n\t<meta property=\"og:image:height\" content=\"2560\" \/>\n\t<meta property=\"og:image:type\" content=\"image\/jpeg\" \/>\n<meta name=\"twitter:card\" content=\"summary_large_image\" \/>\n<meta name=\"twitter:label1\" content=\"Temps estimat de lectura\" \/>\n\t<meta name=\"twitter:data1\" content=\"1 minut\" \/>\n<script type=\"application\/ld+json\" class=\"yoast-schema-graph\">{\"@context\":\"https:\\\/\\\/schema.org\",\"@graph\":[{\"@type\":\"WebPage\",\"@id\":\"https:\\\/\\\/mineraleslunallena.com\\\/producto\\\/esfera-de-selenita-naranja-descanso-purificacion-claridad-mental\\\/\",\"url\":\"https:\\\/\\\/mineraleslunallena.com\\\/producto\\\/esfera-de-selenita-naranja-descanso-purificacion-claridad-mental\\\/\",\"name\":\"Esfera De Selenita Naranja | Descanso - Purificaci\u00f3n - Claridad Mental - MINERALES LUNA LLENA\",\"isPartOf\":{\"@id\":\"https:\\\/\\\/mineraleslunallena.com\\\/#website\"},\"primaryImageOfPage\":{\"@id\":\"https:\\\/\\\/mineraleslunallena.com\\\/producto\\\/esfera-de-selenita-naranja-descanso-purificacion-claridad-mental\\\/#primaryimage\"},\"image\":{\"@id\":\"https:\\\/\\\/mineraleslunallena.com\\\/producto\\\/esfera-de-selenita-naranja-descanso-purificacion-claridad-mental\\\/#primaryimage\"},\"thumbnailUrl\":\"https:\\\/\\\/mineraleslunallena.com\\\/wp-content\\\/uploads\\\/2023\\\/12\\\/m_s_006-1-scaled.jpg\",\"datePublished\":\"2023-12-24T19:16:51+00:00\",\"dateModified\":\"2024-03-19T20:12:44+00:00\",\"breadcrumb\":{\"@id\":\"https:\\\/\\\/mineraleslunallena.com\\\/producto\\\/esfera-de-selenita-naranja-descanso-purificacion-claridad-mental\\\/#breadcrumb\"},\"inLanguage\":\"ca\",\"potentialAction\":[{\"@type\":\"ReadAction\",\"target\":[\"https:\\\/\\\/mineraleslunallena.com\\\/producto\\\/esfera-de-selenita-naranja-descanso-purificacion-claridad-mental\\\/\"]}]},{\"@type\":\"ImageObject\",\"inLanguage\":\"ca\",\"@id\":\"https:\\\/\\\/mineraleslunallena.com\\\/producto\\\/esfera-de-selenita-naranja-descanso-purificacion-claridad-mental\\\/#primaryimage\",\"url\":\"https:\\\/\\\/mineraleslunallena.com\\\/wp-content\\\/uploads\\\/2023\\\/12\\\/m_s_006-1-scaled.jpg\",\"contentUrl\":\"https:\\\/\\\/mineraleslunallena.com\\\/wp-content\\\/uploads\\\/2023\\\/12\\\/m_s_006-1-scaled.jpg\",\"width\":1920,\"height\":2560},{\"@type\":\"BreadcrumbList\",\"@id\":\"https:\\\/\\\/mineraleslunallena.com\\\/producto\\\/esfera-de-selenita-naranja-descanso-purificacion-claridad-mental\\\/#breadcrumb\",\"itemListElement\":[{\"@type\":\"ListItem\",\"position\":1,\"name\":\"Portada\",\"item\":\"https:\\\/\\\/mineraleslunallena.com\\\/\"},{\"@type\":\"ListItem\",\"position\":2,\"name\":\"Shop\",\"item\":\"https:\\\/\\\/mineraleslunallena.com\\\/ca\\\/shop\\\/\"},{\"@type\":\"ListItem\",\"position\":3,\"name\":\"Esfera De Selenita Naranja | Descanso &#8211; Purificaci\u00f3n &#8211; Claridad Mental\"}]},{\"@type\":\"WebSite\",\"@id\":\"https:\\\/\\\/mineraleslunallena.com\\\/#website\",\"url\":\"https:\\\/\\\/mineraleslunallena.com\\\/\",\"name\":\"LUNA LLENA MINERALES\",\"description\":\"Es el momento de conectarte con tu propio poder y confiar en tus habilidades.\",\"publisher\":{\"@id\":\"https:\\\/\\\/mineraleslunallena.com\\\/#organization\"},\"potentialAction\":[{\"@type\":\"SearchAction\",\"target\":{\"@type\":\"EntryPoint\",\"urlTemplate\":\"https:\\\/\\\/mineraleslunallena.com\\\/?s={search_term_string}\"},\"query-input\":{\"@type\":\"PropertyValueSpecification\",\"valueRequired\":true,\"valueName\":\"search_term_string\"}}],\"inLanguage\":\"ca\"},{\"@type\":\"Organization\",\"@id\":\"https:\\\/\\\/mineraleslunallena.com\\\/#organization\",\"name\":\"LUNA LLENA MINERALES\",\"url\":\"https:\\\/\\\/mineraleslunallena.com\\\/\",\"logo\":{\"@type\":\"ImageObject\",\"inLanguage\":\"ca\",\"@id\":\"https:\\\/\\\/mineraleslunallena.com\\\/#\\\/schema\\\/logo\\\/image\\\/\",\"url\":\"https:\\\/\\\/mineraleslunallena.com\\\/wp-content\\\/uploads\\\/2023\\\/07\\\/LUNA-LLENA-LOGO-nuevo.png\",\"contentUrl\":\"https:\\\/\\\/mineraleslunallena.com\\\/wp-content\\\/uploads\\\/2023\\\/07\\\/LUNA-LLENA-LOGO-nuevo.png\",\"width\":229,\"height\":167,\"caption\":\"LUNA LLENA MINERALES\"},\"image\":{\"@id\":\"https:\\\/\\\/mineraleslunallena.com\\\/#\\\/schema\\\/logo\\\/image\\\/\"}}]}<\/script>\n<!-- \/ Yoast SEO plugin. -->","yoast_head_json":{"title":"Esfera De Selenita Naranja | Descanso - Purificaci\u00f3n - Claridad Mental - MINERALES LUNA LLENA","robots":{"index":"index","follow":"follow","max-snippet":"max-snippet:-1","max-image-preview":"max-image-preview:large","max-video-preview":"max-video-preview:-1"},"canonical":"https:\/\/mineraleslunallena.com\/ca\/producte\/esfera-de-selenita-naranja-descanso-purificacion-claridad-mental\/","og_locale":"ca_ES","og_type":"article","og_title":"Esfera De Selenita Naranja | Descanso - Purificaci\u00f3n - Claridad Mental - MINERALES LUNA LLENA","og_description":"La Esfera de Selenita Naranja es una piedra que ofrece una poderosa influencia en diversos aspectos de tu vida. Infunde vitalidad y optimismo en tu d\u00eda a d\u00eda, atrayendo una energ\u00eda revitalizante y positiva. Eleva tu conexi\u00f3n espiritual y despierta tu creatividad, proporcion\u00e1ndote una fuente de inspiraci\u00f3n y claridad mental. En momentos de cambio y desaf\u00edo, te brinda apoyo y nutrici\u00f3n interior, fortaleciendo tu capacidad para afrontar nuevos retos con confianza y determinaci\u00f3n. Promueve un equilibrio energ\u00e9tico en tu ser, creando un ambiente de armon\u00eda y serenidad que favorece tu bienestar emocional y mental. Estimula tu pasi\u00f3n y creatividad, permitiendo que te expreses de manera aut\u00e9ntica y genuina en todas tus actividades y relaciones. Acompa\u00f1a tus pr\u00e1cticas espirituales y momentos de reflexi\u00f3n, gui\u00e1ndote en tu camino de transformaci\u00f3n y crecimiento personal. Descubre el poder de la selenita naranja en nuestra tienda y experimenta c\u00f3mo aporta vitalidad y equilibrio a tu ser en su totalidad.  Cantidad: 1 Unidad. El precio es por una unidad.  Tama\u00f1o: Entre y cent\u00edmetros aproximadamente. Forma: Esfera de Selenita.","og_url":"https:\/\/mineraleslunallena.com\/ca\/producte\/esfera-de-selenita-naranja-descanso-purificacion-claridad-mental\/","og_site_name":"MINERALES LUNA LLENA","article_modified_time":"2024-03-19T20:12:44+00:00","og_image":[{"width":1920,"height":2560,"url":"https:\/\/mineraleslunallena.com\/wp-content\/uploads\/2023\/12\/m_s_006-1-scaled.jpg","type":"image\/jpeg"}],"twitter_card":"summary_large_image","twitter_misc":{"Temps estimat de lectura":"1 minut"},"schema":{"@context":"https:\/\/schema.org","@graph":[{"@type":"WebPage","@id":"https:\/\/mineraleslunallena.com\/producto\/esfera-de-selenita-naranja-descanso-purificacion-claridad-mental\/","url":"https:\/\/mineraleslunallena.com\/producto\/esfera-de-selenita-naranja-descanso-purificacion-claridad-mental\/","name":"Esfera De Selenita Naranja | Descanso - Purificaci\u00f3n - Claridad Mental - MINERALES LUNA LLENA","isPartOf":{"@id":"https:\/\/mineraleslunallena.com\/#website"},"primaryImageOfPage":{"@id":"https:\/\/mineraleslunallena.com\/producto\/esfera-de-selenita-naranja-descanso-purificacion-claridad-mental\/#primaryimage"},"image":{"@id":"https:\/\/mineraleslunallena.com\/producto\/esfera-de-selenita-naranja-descanso-purificacion-claridad-mental\/#primaryimage"},"thumbnailUrl":"https:\/\/mineraleslunallena.com\/wp-content\/uploads\/2023\/12\/m_s_006-1-scaled.jpg","datePublished":"2023-12-24T19:16:51+00:00","dateModified":"2024-03-19T20:12:44+00:00","breadcrumb":{"@id":"https:\/\/mineraleslunallena.com\/producto\/esfera-de-selenita-naranja-descanso-purificacion-claridad-mental\/#breadcrumb"},"inLanguage":"ca","potentialAction":[{"@type":"ReadAction","target":["https:\/\/mineraleslunallena.com\/producto\/esfera-de-selenita-naranja-descanso-purificacion-claridad-mental\/"]}]},{"@type":"ImageObject","inLanguage":"ca","@id":"https:\/\/mineraleslunallena.com\/producto\/esfera-de-selenita-naranja-descanso-purificacion-claridad-mental\/#primaryimage","url":"https:\/\/mineraleslunallena.com\/wp-content\/uploads\/2023\/12\/m_s_006-1-scaled.jpg","contentUrl":"https:\/\/mineraleslunallena.com\/wp-content\/uploads\/2023\/12\/m_s_006-1-scaled.jpg","width":1920,"height":2560},{"@type":"BreadcrumbList","@id":"https:\/\/mineraleslunallena.com\/producto\/esfera-de-selenita-naranja-descanso-purificacion-claridad-mental\/#breadcrumb","itemListElement":[{"@type":"ListItem","position":1,"name":"Portada","item":"https:\/\/mineraleslunallena.com\/"},{"@type":"ListItem","position":2,"name":"Shop","item":"https:\/\/mineraleslunallena.com\/ca\/shop\/"},{"@type":"ListItem","position":3,"name":"Esfera De Selenita Naranja | Descanso &#8211; Purificaci\u00f3n &#8211; Claridad Mental"}]},{"@type":"WebSite","@id":"https:\/\/mineraleslunallena.com\/#website","url":"https:\/\/mineraleslunallena.com\/","name":"LLUNA PLENA MINERALS","description":"\u00c9s el moment de connectar-te amb el teu poder i confiar en les teves habilitats.","publisher":{"@id":"https:\/\/mineraleslunallena.com\/#organization"},"potentialAction":[{"@type":"SearchAction","target":{"@type":"EntryPoint","urlTemplate":"https:\/\/mineraleslunallena.com\/?s={search_term_string}"},"query-input":{"@type":"PropertyValueSpecification","valueRequired":true,"valueName":"search_term_string"}}],"inLanguage":"ca"},{"@type":"Organization","@id":"https:\/\/mineraleslunallena.com\/#organization","name":"LLUNA PLENA MINERALS","url":"https:\/\/mineraleslunallena.com\/","logo":{"@type":"ImageObject","inLanguage":"ca","@id":"https:\/\/mineraleslunallena.com\/#\/schema\/logo\/image\/","url":"https:\/\/mineraleslunallena.com\/wp-content\/uploads\/2023\/07\/LUNA-LLENA-LOGO-nuevo.png","contentUrl":"https:\/\/mineraleslunallena.com\/wp-content\/uploads\/2023\/07\/LUNA-LLENA-LOGO-nuevo.png","width":229,"height":167,"caption":"LUNA LLENA MINERALES"},"image":{"@id":"https:\/\/mineraleslunallena.com\/#\/schema\/logo\/image\/"}}]}},"_links":{"self":[{"href":"https:\/\/mineraleslunallena.com\/ca\/wp-json\/wp\/v2\/product\/1332","targetHints":{"allow":["GET"]}}],"collection":[{"href":"https:\/\/mineraleslunallena.com\/ca\/wp-json\/wp\/v2\/product"}],"about":[{"href":"https:\/\/mineraleslunallena.com\/ca\/wp-json\/wp\/v2\/types\/product"}],"version-history":[{"count":4,"href":"https:\/\/mineraleslunallena.com\/ca\/wp-json\/wp\/v2\/product\/1332\/revisions"}],"predecessor-version":[{"id":3433,"href":"https:\/\/mineraleslunallena.com\/ca\/wp-json\/wp\/v2\/product\/1332\/revisions\/3433"}],"wp:featuredmedia":[{"embeddable":true,"href":"https:\/\/mineraleslunallena.com\/ca\/wp-json\/wp\/v2\/media\/1482"}],"wp:attachment":[{"href":"https:\/\/mineraleslunallena.com\/ca\/wp-json\/wp\/v2\/media?parent=1332"}],"wp:term":[{"taxonomy":"product_cat","embeddable":true,"href":"https:\/\/mineraleslunallena.com\/ca\/wp-json\/wp\/v2\/product_cat?post=1332"},{"taxonomy":"product_tag","embeddable":true,"href":"https:\/\/mineraleslunallena.com\/ca\/wp-json\/wp\/v2\/product_tag?post=1332"}],"curies":[{"name":"wp","href":"https:\/\/api.w.org\/{rel}","templated":true}]}}