{"id":1334,"date":"2023-12-24T19:18:15","date_gmt":"2023-12-24T19:18:15","guid":{"rendered":"https:\/\/minerales.ultbit.com\/?post_type=product&#038;p=1334"},"modified":"2026-02-28T03:12:54","modified_gmt":"2026-02-28T02:12:54","slug":"rodado-de-selenita-potenciador-bienestar-paz-porfunda","status":"publish","type":"product","link":"https:\/\/mineraleslunallena.com\/ca\/producte\/rodado-de-selenita-potenciador-bienestar-paz-porfunda\/","title":{"rendered":"Rodat De Selenita | Potenciador \u2013 Benestar \u2013 Pau Profunda"},"content":{"rendered":"<p>La Selenita rodada es conocida por su capacidad para purificar y elevar la energ\u00eda espiritual. Promueve la claridad mental y la conexi\u00f3n con la sabidur\u00eda divina. Facilita la meditaci\u00f3n profunda y la comunicaci\u00f3n con los reinos espirituales superiores. Ayuda a calmar la mente y a disolver bloqueos emocionales, promoviendo la paz interior. Act\u00faa como un escudo protector contra influencias negativas, fortaleciendo el aura espiritual. Favorece el equilibrio y la armon\u00eda en el cuerpo, mente y esp\u00edritu. Purificaci\u00f3n Energ\u00e9tica: Limpia y libera tu energ\u00eda de bloqueos y negatividad.<br \/>\nEleva tus pr\u00e1cticas meditativas y fomenta la calma interior.<br \/>\nAmbiente Armonioso, crea equilibrio en tus espacios para una atm\u00f3sfera tranquila.<br \/>\nLa de Selenita es una herramienta esencial para purificar, elevar y armonizar tu energ\u00eda y entorno.<\/p>\n<p>Quantitat: 1 Unitat. El preu \u00e9s per una unitat.<br \/>\nTama\u00f1o: Entre 2 y 3 cent\u00edmetros aproximadamente.<br \/>\nForma: Mineral Rodat.<\/p>","protected":false},"excerpt":{"rendered":"<p>La Selenita rodada es conocida por su capacidad para purificar y elevar la energ\u00eda espiritual. Promueve la claridad mental y la conexi\u00f3n con la sabidur\u00eda divina. Facilita la meditaci\u00f3n profunda y la comunicaci\u00f3n con los reinos espirituales superiores. Ayuda a calmar la mente y a disolver bloqueos emocionales, promoviendo la paz interior. Act\u00faa como un escudo protector contra influencias negativas, fortaleciendo el aura espiritual. Favorece el equilibrio y la armon\u00eda en el cuerpo, mente y esp\u00edritu. Purificaci\u00f3n Energ\u00e9tica: Limpia y libera tu energ\u00eda de bloqueos y negatividad.<br \/>\nEleva tus pr\u00e1cticas meditativas y fomenta la calma interior.<br \/>\nAmbiente Armonioso, crea equilibrio en tus espacios para una atm\u00f3sfera tranquila.<br \/>\nLa de Selenita es una herramienta esencial para purificar, elevar y armonizar tu energ\u00eda y entorno.<\/p>\n<p>Quantitat: 1 Unitat. El preu \u00e9s per una unitat.<br \/>\nTama\u00f1o: Entre 2 y 3 cent\u00edmetros aproximadamente.<br \/>\nForma: Mineral Rodat.<\/p>","protected":false},"featured_media":1481,"template":"","meta":[],"product_cat":[69,75],"product_tag":[],"class_list":{"0":"post-1334","1":"product","2":"type-product","3":"status-publish","4":"has-post-thumbnail","6":"product_cat-minerales","7":"product_cat-https-mineraleslunallena-com-categoria-minerales-selenita","9":"first","10":"instock","11":"sale","12":"taxable","13":"shipping-taxable","14":"purchasable","15":"product-type-simple"},"yoast_head":"<!-- This site is optimized with the Yoast SEO plugin v27.3 - https:\/\/yoast.com\/product\/yoast-seo-wordpress\/ -->\n<title>Rodado De Selenita | Potenciador - Bienestar - Paz Profunda - MINERALES LUNA LLENA<\/title>\n<meta name=\"robots\" content=\"index, follow, max-snippet:-1, max-image-preview:large, max-video-preview:-1\" \/>\n<link rel=\"canonical\" href=\"https:\/\/mineraleslunallena.com\/ca\/producte\/rodado-de-selenita-potenciador-bienestar-paz-porfunda\/\" \/>\n<meta property=\"og:locale\" content=\"ca_ES\" \/>\n<meta property=\"og:type\" content=\"article\" \/>\n<meta property=\"og:title\" content=\"Rodado De Selenita | Potenciador - Bienestar - Paz Profunda - MINERALES LUNA LLENA\" \/>\n<meta property=\"og:description\" content=\"La Selenita rodada es conocida por su capacidad para purificar y elevar la energ\u00eda espiritual. Promueve la claridad mental y la conexi\u00f3n con la sabidur\u00eda divina. Facilita la meditaci\u00f3n profunda y la comunicaci\u00f3n con los reinos espirituales superiores. Ayuda a calmar la mente y a disolver bloqueos emocionales, promoviendo la paz interior. Act\u00faa como un escudo protector contra influencias negativas, fortaleciendo el aura espiritual. Favorece el equilibrio y la armon\u00eda en el cuerpo, mente y esp\u00edritu. Purificaci\u00f3n Energ\u00e9tica: Limpia y libera tu energ\u00eda de bloqueos y negatividad. Eleva tus pr\u00e1cticas meditativas y fomenta la calma interior. Ambiente Armonioso, crea equilibrio en tus espacios para una atm\u00f3sfera tranquila. La de Selenita es una herramienta esencial para purificar, elevar y armonizar tu energ\u00eda y entorno.  Cantidad: 1 Unidad. El precio es por una unidad. Tama\u00f1o: Entre 2 y 3 cent\u00edmetros aproximadamente. Forma: Mineral Rodado.\" \/>\n<meta property=\"og:url\" content=\"https:\/\/mineraleslunallena.com\/ca\/producte\/rodado-de-selenita-potenciador-bienestar-paz-porfunda\/\" \/>\n<meta property=\"og:site_name\" content=\"MINERALES LUNA LLENA\" \/>\n<meta property=\"article:modified_time\" content=\"2026-02-28T02:12:54+00:00\" \/>\n<meta property=\"og:image\" content=\"https:\/\/mineraleslunallena.com\/wp-content\/uploads\/2023\/12\/m_s_007-1-scaled.jpg\" \/>\n\t<meta property=\"og:image:width\" content=\"1920\" \/>\n\t<meta property=\"og:image:height\" content=\"2560\" \/>\n\t<meta property=\"og:image:type\" content=\"image\/jpeg\" \/>\n<meta name=\"twitter:card\" content=\"summary_large_image\" \/>\n<meta name=\"twitter:label1\" content=\"Temps estimat de lectura\" \/>\n\t<meta name=\"twitter:data1\" content=\"1 minut\" \/>\n<script type=\"application\/ld+json\" class=\"yoast-schema-graph\">{\"@context\":\"https:\\\/\\\/schema.org\",\"@graph\":[{\"@type\":\"WebPage\",\"@id\":\"https:\\\/\\\/mineraleslunallena.com\\\/producto\\\/rodado-de-selenita-potenciador-bienestar-paz-porfunda\\\/\",\"url\":\"https:\\\/\\\/mineraleslunallena.com\\\/producto\\\/rodado-de-selenita-potenciador-bienestar-paz-porfunda\\\/\",\"name\":\"Rodado De Selenita | Potenciador - Bienestar - Paz Profunda - MINERALES LUNA LLENA\",\"isPartOf\":{\"@id\":\"https:\\\/\\\/mineraleslunallena.com\\\/#website\"},\"primaryImageOfPage\":{\"@id\":\"https:\\\/\\\/mineraleslunallena.com\\\/producto\\\/rodado-de-selenita-potenciador-bienestar-paz-porfunda\\\/#primaryimage\"},\"image\":{\"@id\":\"https:\\\/\\\/mineraleslunallena.com\\\/producto\\\/rodado-de-selenita-potenciador-bienestar-paz-porfunda\\\/#primaryimage\"},\"thumbnailUrl\":\"https:\\\/\\\/mineraleslunallena.com\\\/wp-content\\\/uploads\\\/2023\\\/12\\\/m_s_007-1-scaled.jpg\",\"datePublished\":\"2023-12-24T19:18:15+00:00\",\"dateModified\":\"2026-02-28T02:12:54+00:00\",\"breadcrumb\":{\"@id\":\"https:\\\/\\\/mineraleslunallena.com\\\/producto\\\/rodado-de-selenita-potenciador-bienestar-paz-porfunda\\\/#breadcrumb\"},\"inLanguage\":\"ca\",\"potentialAction\":[{\"@type\":\"ReadAction\",\"target\":[\"https:\\\/\\\/mineraleslunallena.com\\\/producto\\\/rodado-de-selenita-potenciador-bienestar-paz-porfunda\\\/\"]}]},{\"@type\":\"ImageObject\",\"inLanguage\":\"ca\",\"@id\":\"https:\\\/\\\/mineraleslunallena.com\\\/producto\\\/rodado-de-selenita-potenciador-bienestar-paz-porfunda\\\/#primaryimage\",\"url\":\"https:\\\/\\\/mineraleslunallena.com\\\/wp-content\\\/uploads\\\/2023\\\/12\\\/m_s_007-1-scaled.jpg\",\"contentUrl\":\"https:\\\/\\\/mineraleslunallena.com\\\/wp-content\\\/uploads\\\/2023\\\/12\\\/m_s_007-1-scaled.jpg\",\"width\":1920,\"height\":2560},{\"@type\":\"BreadcrumbList\",\"@id\":\"https:\\\/\\\/mineraleslunallena.com\\\/producto\\\/rodado-de-selenita-potenciador-bienestar-paz-porfunda\\\/#breadcrumb\",\"itemListElement\":[{\"@type\":\"ListItem\",\"position\":1,\"name\":\"Portada\",\"item\":\"https:\\\/\\\/mineraleslunallena.com\\\/\"},{\"@type\":\"ListItem\",\"position\":2,\"name\":\"Shop\",\"item\":\"https:\\\/\\\/mineraleslunallena.com\\\/ca\\\/shop\\\/\"},{\"@type\":\"ListItem\",\"position\":3,\"name\":\"Rodado De Selenita | Potenciador &#8211; Bienestar &#8211; Paz Profunda\"}]},{\"@type\":\"WebSite\",\"@id\":\"https:\\\/\\\/mineraleslunallena.com\\\/#website\",\"url\":\"https:\\\/\\\/mineraleslunallena.com\\\/\",\"name\":\"LUNA LLENA MINERALES\",\"description\":\"Es el momento de conectarte con tu propio poder y confiar en tus habilidades.\",\"publisher\":{\"@id\":\"https:\\\/\\\/mineraleslunallena.com\\\/#organization\"},\"potentialAction\":[{\"@type\":\"SearchAction\",\"target\":{\"@type\":\"EntryPoint\",\"urlTemplate\":\"https:\\\/\\\/mineraleslunallena.com\\\/?s={search_term_string}\"},\"query-input\":{\"@type\":\"PropertyValueSpecification\",\"valueRequired\":true,\"valueName\":\"search_term_string\"}}],\"inLanguage\":\"ca\"},{\"@type\":\"Organization\",\"@id\":\"https:\\\/\\\/mineraleslunallena.com\\\/#organization\",\"name\":\"LUNA LLENA MINERALES\",\"url\":\"https:\\\/\\\/mineraleslunallena.com\\\/\",\"logo\":{\"@type\":\"ImageObject\",\"inLanguage\":\"ca\",\"@id\":\"https:\\\/\\\/mineraleslunallena.com\\\/#\\\/schema\\\/logo\\\/image\\\/\",\"url\":\"https:\\\/\\\/mineraleslunallena.com\\\/wp-content\\\/uploads\\\/2023\\\/07\\\/LUNA-LLENA-LOGO-nuevo.png\",\"contentUrl\":\"https:\\\/\\\/mineraleslunallena.com\\\/wp-content\\\/uploads\\\/2023\\\/07\\\/LUNA-LLENA-LOGO-nuevo.png\",\"width\":229,\"height\":167,\"caption\":\"LUNA LLENA MINERALES\"},\"image\":{\"@id\":\"https:\\\/\\\/mineraleslunallena.com\\\/#\\\/schema\\\/logo\\\/image\\\/\"}}]}<\/script>\n<!-- \/ Yoast SEO plugin. -->","yoast_head_json":{"title":"Rodado De Selenita | Potenciador - Bienestar - Paz Profunda - MINERALES LUNA LLENA","robots":{"index":"index","follow":"follow","max-snippet":"max-snippet:-1","max-image-preview":"max-image-preview:large","max-video-preview":"max-video-preview:-1"},"canonical":"https:\/\/mineraleslunallena.com\/ca\/producte\/rodado-de-selenita-potenciador-bienestar-paz-porfunda\/","og_locale":"ca_ES","og_type":"article","og_title":"Rodado De Selenita | Potenciador - Bienestar - Paz Profunda - MINERALES LUNA LLENA","og_description":"La Selenita rodada es conocida por su capacidad para purificar y elevar la energ\u00eda espiritual. Promueve la claridad mental y la conexi\u00f3n con la sabidur\u00eda divina. Facilita la meditaci\u00f3n profunda y la comunicaci\u00f3n con los reinos espirituales superiores. Ayuda a calmar la mente y a disolver bloqueos emocionales, promoviendo la paz interior. Act\u00faa como un escudo protector contra influencias negativas, fortaleciendo el aura espiritual. Favorece el equilibrio y la armon\u00eda en el cuerpo, mente y esp\u00edritu. Purificaci\u00f3n Energ\u00e9tica: Limpia y libera tu energ\u00eda de bloqueos y negatividad. Eleva tus pr\u00e1cticas meditativas y fomenta la calma interior. Ambiente Armonioso, crea equilibrio en tus espacios para una atm\u00f3sfera tranquila. La de Selenita es una herramienta esencial para purificar, elevar y armonizar tu energ\u00eda y entorno.  Cantidad: 1 Unidad. El precio es por una unidad. Tama\u00f1o: Entre 2 y 3 cent\u00edmetros aproximadamente. Forma: Mineral Rodado.","og_url":"https:\/\/mineraleslunallena.com\/ca\/producte\/rodado-de-selenita-potenciador-bienestar-paz-porfunda\/","og_site_name":"MINERALES LUNA LLENA","article_modified_time":"2026-02-28T02:12:54+00:00","og_image":[{"width":1920,"height":2560,"url":"https:\/\/mineraleslunallena.com\/wp-content\/uploads\/2023\/12\/m_s_007-1-scaled.jpg","type":"image\/jpeg"}],"twitter_card":"summary_large_image","twitter_misc":{"Temps estimat de lectura":"1 minut"},"schema":{"@context":"https:\/\/schema.org","@graph":[{"@type":"WebPage","@id":"https:\/\/mineraleslunallena.com\/producto\/rodado-de-selenita-potenciador-bienestar-paz-porfunda\/","url":"https:\/\/mineraleslunallena.com\/producto\/rodado-de-selenita-potenciador-bienestar-paz-porfunda\/","name":"Rodado De Selenita | Potenciador - Bienestar - Paz Profunda - MINERALES LUNA LLENA","isPartOf":{"@id":"https:\/\/mineraleslunallena.com\/#website"},"primaryImageOfPage":{"@id":"https:\/\/mineraleslunallena.com\/producto\/rodado-de-selenita-potenciador-bienestar-paz-porfunda\/#primaryimage"},"image":{"@id":"https:\/\/mineraleslunallena.com\/producto\/rodado-de-selenita-potenciador-bienestar-paz-porfunda\/#primaryimage"},"thumbnailUrl":"https:\/\/mineraleslunallena.com\/wp-content\/uploads\/2023\/12\/m_s_007-1-scaled.jpg","datePublished":"2023-12-24T19:18:15+00:00","dateModified":"2026-02-28T02:12:54+00:00","breadcrumb":{"@id":"https:\/\/mineraleslunallena.com\/producto\/rodado-de-selenita-potenciador-bienestar-paz-porfunda\/#breadcrumb"},"inLanguage":"ca","potentialAction":[{"@type":"ReadAction","target":["https:\/\/mineraleslunallena.com\/producto\/rodado-de-selenita-potenciador-bienestar-paz-porfunda\/"]}]},{"@type":"ImageObject","inLanguage":"ca","@id":"https:\/\/mineraleslunallena.com\/producto\/rodado-de-selenita-potenciador-bienestar-paz-porfunda\/#primaryimage","url":"https:\/\/mineraleslunallena.com\/wp-content\/uploads\/2023\/12\/m_s_007-1-scaled.jpg","contentUrl":"https:\/\/mineraleslunallena.com\/wp-content\/uploads\/2023\/12\/m_s_007-1-scaled.jpg","width":1920,"height":2560},{"@type":"BreadcrumbList","@id":"https:\/\/mineraleslunallena.com\/producto\/rodado-de-selenita-potenciador-bienestar-paz-porfunda\/#breadcrumb","itemListElement":[{"@type":"ListItem","position":1,"name":"Portada","item":"https:\/\/mineraleslunallena.com\/"},{"@type":"ListItem","position":2,"name":"Shop","item":"https:\/\/mineraleslunallena.com\/ca\/shop\/"},{"@type":"ListItem","position":3,"name":"Rodado De Selenita | Potenciador &#8211; Bienestar &#8211; Paz Profunda"}]},{"@type":"WebSite","@id":"https:\/\/mineraleslunallena.com\/#website","url":"https:\/\/mineraleslunallena.com\/","name":"LLUNA PLENA MINERALS","description":"\u00c9s el moment de connectar-te amb el teu poder i confiar en les teves habilitats.","publisher":{"@id":"https:\/\/mineraleslunallena.com\/#organization"},"potentialAction":[{"@type":"SearchAction","target":{"@type":"EntryPoint","urlTemplate":"https:\/\/mineraleslunallena.com\/?s={search_term_string}"},"query-input":{"@type":"PropertyValueSpecification","valueRequired":true,"valueName":"search_term_string"}}],"inLanguage":"ca"},{"@type":"Organization","@id":"https:\/\/mineraleslunallena.com\/#organization","name":"LLUNA PLENA MINERALS","url":"https:\/\/mineraleslunallena.com\/","logo":{"@type":"ImageObject","inLanguage":"ca","@id":"https:\/\/mineraleslunallena.com\/#\/schema\/logo\/image\/","url":"https:\/\/mineraleslunallena.com\/wp-content\/uploads\/2023\/07\/LUNA-LLENA-LOGO-nuevo.png","contentUrl":"https:\/\/mineraleslunallena.com\/wp-content\/uploads\/2023\/07\/LUNA-LLENA-LOGO-nuevo.png","width":229,"height":167,"caption":"LUNA LLENA MINERALES"},"image":{"@id":"https:\/\/mineraleslunallena.com\/#\/schema\/logo\/image\/"}}]}},"_links":{"self":[{"href":"https:\/\/mineraleslunallena.com\/ca\/wp-json\/wp\/v2\/product\/1334","targetHints":{"allow":["GET"]}}],"collection":[{"href":"https:\/\/mineraleslunallena.com\/ca\/wp-json\/wp\/v2\/product"}],"about":[{"href":"https:\/\/mineraleslunallena.com\/ca\/wp-json\/wp\/v2\/types\/product"}],"version-history":[{"count":4,"href":"https:\/\/mineraleslunallena.com\/ca\/wp-json\/wp\/v2\/product\/1334\/revisions"}],"predecessor-version":[{"id":3432,"href":"https:\/\/mineraleslunallena.com\/ca\/wp-json\/wp\/v2\/product\/1334\/revisions\/3432"}],"wp:featuredmedia":[{"embeddable":true,"href":"https:\/\/mineraleslunallena.com\/ca\/wp-json\/wp\/v2\/media\/1481"}],"wp:attachment":[{"href":"https:\/\/mineraleslunallena.com\/ca\/wp-json\/wp\/v2\/media?parent=1334"}],"wp:term":[{"taxonomy":"product_cat","embeddable":true,"href":"https:\/\/mineraleslunallena.com\/ca\/wp-json\/wp\/v2\/product_cat?post=1334"},{"taxonomy":"product_tag","embeddable":true,"href":"https:\/\/mineraleslunallena.com\/ca\/wp-json\/wp\/v2\/product_tag?post=1334"}],"curies":[{"name":"wp","href":"https:\/\/api.w.org\/{rel}","templated":true}]}}