{"id":1415,"date":"2024-01-19T11:17:27","date_gmt":"2024-01-19T11:17:27","guid":{"rendered":"https:\/\/minerales.ultbit.com\/?post_type=product&#038;p=1415"},"modified":"2024-03-19T21:09:26","modified_gmt":"2024-03-19T20:09:26","slug":"punta-generadora-cuarzo-rosa-amor-incondicinal-sanacion-emocional","status":"publish","type":"product","link":"https:\/\/mineraleslunallena.com\/ca\/producte\/punta-generadora-cuarzo-rosa-amor-incondicinal-sanacion-emocional\/","title":{"rendered":"Punta generadora Cuarzo Rosa | Amor Incondicinal &#8211; Sanaci\u00f3n emocional"},"content":{"rendered":"<p>Este mineral, con su suave tono rosado, es un amuleto del coraz\u00f3n que emite vibraciones de compasi\u00f3n y autoestima. Energ\u00eda amorosa para abrir las puertas del amor incondicional y la curaci\u00f3n emocional. El Cuarzo Rosa, con su suavidad, te envuelve en un abrazo emocional, sanando las heridas y record\u00e1ndote la belleza de amarte a ti mismo. Te invita a desplegar tus emociones y dejar que el amor florezca en todas las \u00e1reas de tu vida. Siente la dulce energ\u00eda del cuarzo rosa, una piedra que te recuerda la importancia de amar y ser amado.<\/p>\n<p>Amor incondicional y compasi\u00f3n hacia uno mismo y los dem\u00e1s.<br \/>\nSanaci\u00f3n emocional y liberaci\u00f3n de bloqueos internos.<br \/>\nEquilibrio y armon\u00eda en el chakra del coraz\u00f3n.<br \/>\nPaz y serenidad interior, reduciendo el estr\u00e9s y la ansiedad.<br \/>\nEstimula la empat\u00eda y la compasi\u00f3n, promoviendo comprensi\u00f3n y perd\u00f3n<br \/>\nA\u00f1ade este generador de Cuarzo Rosa a tu colecci\u00f3n y permite que su energ\u00eda amorosa te gu\u00ede en tu camino de sanaci\u00f3n y expansi\u00f3n espiritual.<\/p>\n<p>Cantidad: 1 Unidad. El precio es por un generador.<br \/>\nTama\u00f1o: 7 cm alto x 2 cm ancho aproximadamente.<br \/>\nForma : Generador.<br \/>\nLes Puntes generadores s\u00f3n vidres amplificadors. Gr\u00e0cies a aquesta forma, la seva energia augmenta i es transmet al seu voltant.<\/p>","protected":false},"excerpt":{"rendered":"<p>Este mineral, con su suave tono rosado, es un amuleto del coraz\u00f3n que emite vibraciones de compasi\u00f3n y autoestima. Energ\u00eda amorosa para abrir las puertas del amor incondicional y la curaci\u00f3n emocional. El Cuarzo Rosa, con su suavidad, te envuelve en un abrazo emocional, sanando las heridas y record\u00e1ndote la belleza de amarte a ti mismo. Te invita a desplegar tus emociones y dejar que el amor florezca en todas las \u00e1reas de tu vida. Siente la dulce energ\u00eda del cuarzo rosa, una piedra que te recuerda la importancia de amar y ser amado.<\/p>\n<p>Amor incondicional y compasi\u00f3n hacia uno mismo y los dem\u00e1s.<br \/>\nSanaci\u00f3n emocional y liberaci\u00f3n de bloqueos internos.<br \/>\nEquilibrio y armon\u00eda en el chakra del coraz\u00f3n.<br \/>\nPaz y serenidad interior, reduciendo el estr\u00e9s y la ansiedad.<br \/>\nEstimula la empat\u00eda y la compasi\u00f3n, promoviendo comprensi\u00f3n y perd\u00f3n<br \/>\nA\u00f1ade este generador de Cuarzo Rosa a tu colecci\u00f3n y permite que su energ\u00eda amorosa te gu\u00ede en tu camino de sanaci\u00f3n y expansi\u00f3n espiritual.<\/p>\n<p>Cantidad: 1 Unidad. El precio es por un generador.<br \/>\nTama\u00f1o: 7 cm alto x 2 cm ancho aproximadamente.<br \/>\nForma : Generador.<br \/>\nLes Puntes generadores s\u00f3n vidres amplificadors. Gr\u00e0cies a aquesta forma, la seva energia augmenta i es transmet al seu voltant.<\/p>","protected":false},"featured_media":1417,"template":"","meta":[],"product_cat":[74,69],"product_tag":[],"class_list":{"0":"post-1415","1":"product","2":"type-product","3":"status-publish","4":"has-post-thumbnail","6":"product_cat-generadores-y-puntas","7":"product_cat-minerales","9":"first","10":"instock","11":"sale","12":"taxable","13":"shipping-taxable","14":"purchasable","15":"product-type-simple"},"yoast_head":"<!-- This site is optimized with the Yoast SEO plugin v27.3 - https:\/\/yoast.com\/product\/yoast-seo-wordpress\/ -->\n<title>Punta generadora Cuarzo Rosa | Amor Incondicinal - Sanaci\u00f3n emocional - MINERALES LUNA LLENA<\/title>\n<meta name=\"robots\" content=\"index, follow, max-snippet:-1, max-image-preview:large, max-video-preview:-1\" \/>\n<link rel=\"canonical\" href=\"https:\/\/mineraleslunallena.com\/ca\/producte\/punta-generadora-cuarzo-rosa-amor-incondicinal-sanacion-emocional\/\" \/>\n<meta property=\"og:locale\" content=\"ca_ES\" \/>\n<meta property=\"og:type\" content=\"article\" \/>\n<meta property=\"og:title\" content=\"Punta generadora Cuarzo Rosa | Amor Incondicinal - Sanaci\u00f3n emocional - MINERALES LUNA LLENA\" \/>\n<meta property=\"og:description\" content=\"Este mineral, con su suave tono rosado, es un amuleto del coraz\u00f3n que emite vibraciones de compasi\u00f3n y autoestima. Energ\u00eda amorosa para abrir las puertas del amor incondicional y la curaci\u00f3n emocional. El Cuarzo Rosa, con su suavidad, te envuelve en un abrazo emocional, sanando las heridas y record\u00e1ndote la belleza de amarte a ti mismo. Te invita a desplegar tus emociones y dejar que el amor florezca en todas las \u00e1reas de tu vida. Siente la dulce energ\u00eda del cuarzo rosa, una piedra que te recuerda la importancia de amar y ser amado.  Amor incondicional y compasi\u00f3n hacia uno mismo y los dem\u00e1s. Sanaci\u00f3n emocional y liberaci\u00f3n de bloqueos internos. Equilibrio y armon\u00eda en el chakra del coraz\u00f3n. Paz y serenidad interior, reduciendo el estr\u00e9s y la ansiedad. Estimula la empat\u00eda y la compasi\u00f3n, promoviendo comprensi\u00f3n y perd\u00f3n A\u00f1ade este generador de Cuarzo Rosa a tu colecci\u00f3n y permite que su energ\u00eda amorosa te gu\u00ede en tu camino de sanaci\u00f3n y expansi\u00f3n espiritual.  Cantidad: 1 Unidad. El precio es por un generador. Tama\u00f1o: 7 cm alto x 2 cm ancho aproximadamente. Forma : Generador. Las Puntas generadoras son cristales amplificadores. Gracias a esta forma su energ\u00eda aumenta y se transmite a su alrededor.\" \/>\n<meta property=\"og:url\" content=\"https:\/\/mineraleslunallena.com\/ca\/producte\/punta-generadora-cuarzo-rosa-amor-incondicinal-sanacion-emocional\/\" \/>\n<meta property=\"og:site_name\" content=\"MINERALES LUNA LLENA\" \/>\n<meta property=\"article:modified_time\" content=\"2024-03-19T20:09:26+00:00\" \/>\n<meta property=\"og:image\" content=\"https:\/\/mineraleslunallena.com\/wp-content\/uploads\/2024\/01\/m_gp_001-scaled.jpg\" \/>\n\t<meta property=\"og:image:width\" content=\"1920\" \/>\n\t<meta property=\"og:image:height\" content=\"2560\" \/>\n\t<meta property=\"og:image:type\" content=\"image\/jpeg\" \/>\n<meta name=\"twitter:card\" content=\"summary_large_image\" \/>\n<meta name=\"twitter:label1\" content=\"Temps estimat de lectura\" \/>\n\t<meta name=\"twitter:data1\" content=\"1 minut\" \/>\n<script type=\"application\/ld+json\" class=\"yoast-schema-graph\">{\"@context\":\"https:\\\/\\\/schema.org\",\"@graph\":[{\"@type\":\"WebPage\",\"@id\":\"https:\\\/\\\/mineraleslunallena.com\\\/producto\\\/punta-generadora-cuarzo-rosa-amor-incondicinal-sanacion-emocional\\\/\",\"url\":\"https:\\\/\\\/mineraleslunallena.com\\\/producto\\\/punta-generadora-cuarzo-rosa-amor-incondicinal-sanacion-emocional\\\/\",\"name\":\"Punta generadora Cuarzo Rosa | Amor Incondicinal - Sanaci\u00f3n emocional - MINERALES LUNA LLENA\",\"isPartOf\":{\"@id\":\"https:\\\/\\\/mineraleslunallena.com\\\/#website\"},\"primaryImageOfPage\":{\"@id\":\"https:\\\/\\\/mineraleslunallena.com\\\/producto\\\/punta-generadora-cuarzo-rosa-amor-incondicinal-sanacion-emocional\\\/#primaryimage\"},\"image\":{\"@id\":\"https:\\\/\\\/mineraleslunallena.com\\\/producto\\\/punta-generadora-cuarzo-rosa-amor-incondicinal-sanacion-emocional\\\/#primaryimage\"},\"thumbnailUrl\":\"https:\\\/\\\/mineraleslunallena.com\\\/wp-content\\\/uploads\\\/2024\\\/01\\\/m_gp_001-scaled.jpg\",\"datePublished\":\"2024-01-19T11:17:27+00:00\",\"dateModified\":\"2024-03-19T20:09:26+00:00\",\"breadcrumb\":{\"@id\":\"https:\\\/\\\/mineraleslunallena.com\\\/producto\\\/punta-generadora-cuarzo-rosa-amor-incondicinal-sanacion-emocional\\\/#breadcrumb\"},\"inLanguage\":\"ca\",\"potentialAction\":[{\"@type\":\"ReadAction\",\"target\":[\"https:\\\/\\\/mineraleslunallena.com\\\/producto\\\/punta-generadora-cuarzo-rosa-amor-incondicinal-sanacion-emocional\\\/\"]}]},{\"@type\":\"ImageObject\",\"inLanguage\":\"ca\",\"@id\":\"https:\\\/\\\/mineraleslunallena.com\\\/producto\\\/punta-generadora-cuarzo-rosa-amor-incondicinal-sanacion-emocional\\\/#primaryimage\",\"url\":\"https:\\\/\\\/mineraleslunallena.com\\\/wp-content\\\/uploads\\\/2024\\\/01\\\/m_gp_001-scaled.jpg\",\"contentUrl\":\"https:\\\/\\\/mineraleslunallena.com\\\/wp-content\\\/uploads\\\/2024\\\/01\\\/m_gp_001-scaled.jpg\",\"width\":1920,\"height\":2560},{\"@type\":\"BreadcrumbList\",\"@id\":\"https:\\\/\\\/mineraleslunallena.com\\\/producto\\\/punta-generadora-cuarzo-rosa-amor-incondicinal-sanacion-emocional\\\/#breadcrumb\",\"itemListElement\":[{\"@type\":\"ListItem\",\"position\":1,\"name\":\"Portada\",\"item\":\"https:\\\/\\\/mineraleslunallena.com\\\/\"},{\"@type\":\"ListItem\",\"position\":2,\"name\":\"Shop\",\"item\":\"https:\\\/\\\/mineraleslunallena.com\\\/ca\\\/shop\\\/\"},{\"@type\":\"ListItem\",\"position\":3,\"name\":\"Punta generadora Cuarzo Rosa | Amor Incondicinal &#8211; Sanaci\u00f3n emocional\"}]},{\"@type\":\"WebSite\",\"@id\":\"https:\\\/\\\/mineraleslunallena.com\\\/#website\",\"url\":\"https:\\\/\\\/mineraleslunallena.com\\\/\",\"name\":\"LUNA LLENA MINERALES\",\"description\":\"Es el momento de conectarte con tu propio poder y confiar en tus habilidades.\",\"publisher\":{\"@id\":\"https:\\\/\\\/mineraleslunallena.com\\\/#organization\"},\"potentialAction\":[{\"@type\":\"SearchAction\",\"target\":{\"@type\":\"EntryPoint\",\"urlTemplate\":\"https:\\\/\\\/mineraleslunallena.com\\\/?s={search_term_string}\"},\"query-input\":{\"@type\":\"PropertyValueSpecification\",\"valueRequired\":true,\"valueName\":\"search_term_string\"}}],\"inLanguage\":\"ca\"},{\"@type\":\"Organization\",\"@id\":\"https:\\\/\\\/mineraleslunallena.com\\\/#organization\",\"name\":\"LUNA LLENA MINERALES\",\"url\":\"https:\\\/\\\/mineraleslunallena.com\\\/\",\"logo\":{\"@type\":\"ImageObject\",\"inLanguage\":\"ca\",\"@id\":\"https:\\\/\\\/mineraleslunallena.com\\\/#\\\/schema\\\/logo\\\/image\\\/\",\"url\":\"https:\\\/\\\/mineraleslunallena.com\\\/wp-content\\\/uploads\\\/2023\\\/07\\\/LUNA-LLENA-LOGO-nuevo.png\",\"contentUrl\":\"https:\\\/\\\/mineraleslunallena.com\\\/wp-content\\\/uploads\\\/2023\\\/07\\\/LUNA-LLENA-LOGO-nuevo.png\",\"width\":229,\"height\":167,\"caption\":\"LUNA LLENA MINERALES\"},\"image\":{\"@id\":\"https:\\\/\\\/mineraleslunallena.com\\\/#\\\/schema\\\/logo\\\/image\\\/\"}}]}<\/script>\n<!-- \/ Yoast SEO plugin. -->","yoast_head_json":{"title":"Punta generadora Cuarzo Rosa | Amor Incondicinal - Sanaci\u00f3n emocional - MINERALES LUNA LLENA","robots":{"index":"index","follow":"follow","max-snippet":"max-snippet:-1","max-image-preview":"max-image-preview:large","max-video-preview":"max-video-preview:-1"},"canonical":"https:\/\/mineraleslunallena.com\/ca\/producte\/punta-generadora-cuarzo-rosa-amor-incondicinal-sanacion-emocional\/","og_locale":"ca_ES","og_type":"article","og_title":"Punta generadora Cuarzo Rosa | Amor Incondicinal - Sanaci\u00f3n emocional - MINERALES LUNA LLENA","og_description":"Este mineral, con su suave tono rosado, es un amuleto del coraz\u00f3n que emite vibraciones de compasi\u00f3n y autoestima. Energ\u00eda amorosa para abrir las puertas del amor incondicional y la curaci\u00f3n emocional. El Cuarzo Rosa, con su suavidad, te envuelve en un abrazo emocional, sanando las heridas y record\u00e1ndote la belleza de amarte a ti mismo. Te invita a desplegar tus emociones y dejar que el amor florezca en todas las \u00e1reas de tu vida. Siente la dulce energ\u00eda del cuarzo rosa, una piedra que te recuerda la importancia de amar y ser amado.  Amor incondicional y compasi\u00f3n hacia uno mismo y los dem\u00e1s. Sanaci\u00f3n emocional y liberaci\u00f3n de bloqueos internos. Equilibrio y armon\u00eda en el chakra del coraz\u00f3n. Paz y serenidad interior, reduciendo el estr\u00e9s y la ansiedad. Estimula la empat\u00eda y la compasi\u00f3n, promoviendo comprensi\u00f3n y perd\u00f3n A\u00f1ade este generador de Cuarzo Rosa a tu colecci\u00f3n y permite que su energ\u00eda amorosa te gu\u00ede en tu camino de sanaci\u00f3n y expansi\u00f3n espiritual.  Cantidad: 1 Unidad. El precio es por un generador. Tama\u00f1o: 7 cm alto x 2 cm ancho aproximadamente. Forma : Generador. Las Puntas generadoras son cristales amplificadores. Gracias a esta forma su energ\u00eda aumenta y se transmite a su alrededor.","og_url":"https:\/\/mineraleslunallena.com\/ca\/producte\/punta-generadora-cuarzo-rosa-amor-incondicinal-sanacion-emocional\/","og_site_name":"MINERALES LUNA LLENA","article_modified_time":"2024-03-19T20:09:26+00:00","og_image":[{"width":1920,"height":2560,"url":"https:\/\/mineraleslunallena.com\/wp-content\/uploads\/2024\/01\/m_gp_001-scaled.jpg","type":"image\/jpeg"}],"twitter_card":"summary_large_image","twitter_misc":{"Temps estimat de lectura":"1 minut"},"schema":{"@context":"https:\/\/schema.org","@graph":[{"@type":"WebPage","@id":"https:\/\/mineraleslunallena.com\/producto\/punta-generadora-cuarzo-rosa-amor-incondicinal-sanacion-emocional\/","url":"https:\/\/mineraleslunallena.com\/producto\/punta-generadora-cuarzo-rosa-amor-incondicinal-sanacion-emocional\/","name":"Punta generadora Cuarzo Rosa | Amor Incondicinal - Sanaci\u00f3n emocional - MINERALES LUNA LLENA","isPartOf":{"@id":"https:\/\/mineraleslunallena.com\/#website"},"primaryImageOfPage":{"@id":"https:\/\/mineraleslunallena.com\/producto\/punta-generadora-cuarzo-rosa-amor-incondicinal-sanacion-emocional\/#primaryimage"},"image":{"@id":"https:\/\/mineraleslunallena.com\/producto\/punta-generadora-cuarzo-rosa-amor-incondicinal-sanacion-emocional\/#primaryimage"},"thumbnailUrl":"https:\/\/mineraleslunallena.com\/wp-content\/uploads\/2024\/01\/m_gp_001-scaled.jpg","datePublished":"2024-01-19T11:17:27+00:00","dateModified":"2024-03-19T20:09:26+00:00","breadcrumb":{"@id":"https:\/\/mineraleslunallena.com\/producto\/punta-generadora-cuarzo-rosa-amor-incondicinal-sanacion-emocional\/#breadcrumb"},"inLanguage":"ca","potentialAction":[{"@type":"ReadAction","target":["https:\/\/mineraleslunallena.com\/producto\/punta-generadora-cuarzo-rosa-amor-incondicinal-sanacion-emocional\/"]}]},{"@type":"ImageObject","inLanguage":"ca","@id":"https:\/\/mineraleslunallena.com\/producto\/punta-generadora-cuarzo-rosa-amor-incondicinal-sanacion-emocional\/#primaryimage","url":"https:\/\/mineraleslunallena.com\/wp-content\/uploads\/2024\/01\/m_gp_001-scaled.jpg","contentUrl":"https:\/\/mineraleslunallena.com\/wp-content\/uploads\/2024\/01\/m_gp_001-scaled.jpg","width":1920,"height":2560},{"@type":"BreadcrumbList","@id":"https:\/\/mineraleslunallena.com\/producto\/punta-generadora-cuarzo-rosa-amor-incondicinal-sanacion-emocional\/#breadcrumb","itemListElement":[{"@type":"ListItem","position":1,"name":"Portada","item":"https:\/\/mineraleslunallena.com\/"},{"@type":"ListItem","position":2,"name":"Shop","item":"https:\/\/mineraleslunallena.com\/ca\/shop\/"},{"@type":"ListItem","position":3,"name":"Punta generadora Cuarzo Rosa | Amor Incondicinal &#8211; Sanaci\u00f3n emocional"}]},{"@type":"WebSite","@id":"https:\/\/mineraleslunallena.com\/#website","url":"https:\/\/mineraleslunallena.com\/","name":"LLUNA PLENA MINERALS","description":"\u00c9s el moment de connectar-te amb el teu poder i confiar en les teves habilitats.","publisher":{"@id":"https:\/\/mineraleslunallena.com\/#organization"},"potentialAction":[{"@type":"SearchAction","target":{"@type":"EntryPoint","urlTemplate":"https:\/\/mineraleslunallena.com\/?s={search_term_string}"},"query-input":{"@type":"PropertyValueSpecification","valueRequired":true,"valueName":"search_term_string"}}],"inLanguage":"ca"},{"@type":"Organization","@id":"https:\/\/mineraleslunallena.com\/#organization","name":"LLUNA PLENA MINERALS","url":"https:\/\/mineraleslunallena.com\/","logo":{"@type":"ImageObject","inLanguage":"ca","@id":"https:\/\/mineraleslunallena.com\/#\/schema\/logo\/image\/","url":"https:\/\/mineraleslunallena.com\/wp-content\/uploads\/2023\/07\/LUNA-LLENA-LOGO-nuevo.png","contentUrl":"https:\/\/mineraleslunallena.com\/wp-content\/uploads\/2023\/07\/LUNA-LLENA-LOGO-nuevo.png","width":229,"height":167,"caption":"LUNA LLENA MINERALES"},"image":{"@id":"https:\/\/mineraleslunallena.com\/#\/schema\/logo\/image\/"}}]}},"jetpack_sharing_enabled":true,"_links":{"self":[{"href":"https:\/\/mineraleslunallena.com\/ca\/wp-json\/wp\/v2\/product\/1415","targetHints":{"allow":["GET"]}}],"collection":[{"href":"https:\/\/mineraleslunallena.com\/ca\/wp-json\/wp\/v2\/product"}],"about":[{"href":"https:\/\/mineraleslunallena.com\/ca\/wp-json\/wp\/v2\/types\/product"}],"version-history":[{"count":7,"href":"https:\/\/mineraleslunallena.com\/ca\/wp-json\/wp\/v2\/product\/1415\/revisions"}],"predecessor-version":[{"id":6708,"href":"https:\/\/mineraleslunallena.com\/ca\/wp-json\/wp\/v2\/product\/1415\/revisions\/6708"}],"wp:featuredmedia":[{"embeddable":true,"href":"https:\/\/mineraleslunallena.com\/ca\/wp-json\/wp\/v2\/media\/1417"}],"wp:attachment":[{"href":"https:\/\/mineraleslunallena.com\/ca\/wp-json\/wp\/v2\/media?parent=1415"}],"wp:term":[{"taxonomy":"product_cat","embeddable":true,"href":"https:\/\/mineraleslunallena.com\/ca\/wp-json\/wp\/v2\/product_cat?post=1415"},{"taxonomy":"product_tag","embeddable":true,"href":"https:\/\/mineraleslunallena.com\/ca\/wp-json\/wp\/v2\/product_tag?post=1415"}],"curies":[{"name":"wp","href":"https:\/\/api.w.org\/{rel}","templated":true}]}}