{"id":1419,"date":"2024-01-19T11:28:43","date_gmt":"2024-01-19T11:28:43","guid":{"rendered":"https:\/\/minerales.ultbit.com\/?post_type=product&#038;p=1419"},"modified":"2024-03-19T21:08:23","modified_gmt":"2024-03-19T20:08:23","slug":"punta-generadora-piedra-del-sol-energia-confianza","status":"publish","type":"product","link":"https:\/\/mineraleslunallena.com\/ca\/producte\/punta-generadora-piedra-del-sol-energia-confianza\/","title":{"rendered":"Punta Generadora Pedra Sol | Energia \u2013 Confian\u00e7a"},"content":{"rendered":"<p>La punta generadora de Piedra Sol proporciona energ\u00eda vital y vitalidad a tu ser.<br \/>\nExperimenta una mayor alegr\u00eda y felicidad gracias a las propiedades de la Piedra Sol.<br \/>\nFortalece tu autoconfianza y eleva tu autoestima con el poder de esta piedra generadora.<br \/>\nprotecci\u00f3n espiritual al utilizar la punta generadora.<br \/>\nAtrae la manifestaci\u00f3n de tus metas y la abundancia a tu vida con esta piedra poderosa.<br \/>\nA\u00f1ade esta joya sagrada a tu colecci\u00f3n y disfruta de su poder radiante. Descubre la energ\u00eda positiva y vitalidad con el Generador de Piedra Sol.<\/p>\n<p>Cantidad: 1 Unidad. El precio es por un generador.<br \/>\nTama\u00f1o: 7 cm alto x 2 cm ancho aproximadamente.<br \/>\nForma: Generador.<br \/>\nLes Puntes generadores s\u00f3n vidres amplificadors. Gr\u00e0cies a aquesta forma, la seva energia augmenta i es transmet al seu voltant.<\/p>","protected":false},"excerpt":{"rendered":"<p>La punta generadora de Piedra Sol proporciona energ\u00eda vital y vitalidad a tu ser.<br \/>\nExperimenta una mayor alegr\u00eda y felicidad gracias a las propiedades de la Piedra Sol.<br \/>\nFortalece tu autoconfianza y eleva tu autoestima con el poder de esta piedra generadora.<br \/>\nprotecci\u00f3n espiritual al utilizar la punta generadora.<br \/>\nAtrae la manifestaci\u00f3n de tus metas y la abundancia a tu vida con esta piedra poderosa.<br \/>\nA\u00f1ade esta joya sagrada a tu colecci\u00f3n y disfruta de su poder radiante. Descubre la energ\u00eda positiva y vitalidad con el Generador de Piedra Sol.<\/p>\n<p>Cantidad: 1 Unidad. El precio es por un generador.<br \/>\nTama\u00f1o: 7 cm alto x 2 cm ancho aproximadamente.<br \/>\nForma: Generador.<br \/>\nLes Puntes generadores s\u00f3n vidres amplificadors. Gr\u00e0cies a aquesta forma, la seva energia augmenta i es transmet al seu voltant.<\/p>","protected":false},"featured_media":1423,"template":"","meta":[],"product_cat":[74,69],"product_tag":[],"class_list":{"0":"post-1419","1":"product","2":"type-product","3":"status-publish","4":"has-post-thumbnail","6":"product_cat-generadores-y-puntas","7":"product_cat-minerales","9":"first","10":"instock","11":"sale","12":"taxable","13":"shipping-taxable","14":"purchasable","15":"product-type-simple"},"yoast_head":"<!-- This site is optimized with the Yoast SEO plugin v27.3 - https:\/\/yoast.com\/product\/yoast-seo-wordpress\/ -->\n<title>Punta Generadora Piedra Sol | Energ\u00eda - Confianza - MINERALES LUNA LLENA<\/title>\n<meta name=\"robots\" content=\"index, follow, max-snippet:-1, max-image-preview:large, max-video-preview:-1\" \/>\n<link rel=\"canonical\" href=\"https:\/\/mineraleslunallena.com\/ca\/producte\/punta-generadora-piedra-del-sol-energia-confianza\/\" \/>\n<meta property=\"og:locale\" content=\"ca_ES\" \/>\n<meta property=\"og:type\" content=\"article\" \/>\n<meta property=\"og:title\" content=\"Punta Generadora Piedra Sol | Energ\u00eda - Confianza - MINERALES LUNA LLENA\" \/>\n<meta property=\"og:description\" content=\"La punta generadora de Piedra Sol proporciona energ\u00eda vital y vitalidad a tu ser. Experimenta una mayor alegr\u00eda y felicidad gracias a las propiedades de la Piedra Sol. Fortalece tu autoconfianza y eleva tu autoestima con el poder de esta piedra generadora. protecci\u00f3n espiritual al utilizar la punta generadora. Atrae la manifestaci\u00f3n de tus metas y la abundancia a tu vida con esta piedra poderosa. A\u00f1ade esta joya sagrada a tu colecci\u00f3n y disfruta de su poder radiante. Descubre la energ\u00eda positiva y vitalidad con el Generador de Piedra Sol.  Cantidad: 1 Unidad. El precio es por un generador. Tama\u00f1o: 7 cm alto x 2 cm ancho aproximadamente. Forma: Generador. Las Puntas generadoras son cristales amplificadores. Gracias a esta forma su energ\u00eda aumenta y se transmite a su alrededor.\" \/>\n<meta property=\"og:url\" content=\"https:\/\/mineraleslunallena.com\/ca\/producte\/punta-generadora-piedra-del-sol-energia-confianza\/\" \/>\n<meta property=\"og:site_name\" content=\"MINERALES LUNA LLENA\" \/>\n<meta property=\"article:modified_time\" content=\"2024-03-19T20:08:23+00:00\" \/>\n<meta property=\"og:image\" content=\"https:\/\/mineraleslunallena.com\/wp-content\/uploads\/2024\/01\/m_gp_002-scaled.jpg\" \/>\n\t<meta property=\"og:image:width\" content=\"1920\" \/>\n\t<meta property=\"og:image:height\" content=\"2560\" \/>\n\t<meta property=\"og:image:type\" content=\"image\/jpeg\" \/>\n<meta name=\"twitter:card\" content=\"summary_large_image\" \/>\n<meta name=\"twitter:label1\" content=\"Temps estimat de lectura\" \/>\n\t<meta name=\"twitter:data1\" content=\"1 minut\" \/>\n<script type=\"application\/ld+json\" class=\"yoast-schema-graph\">{\"@context\":\"https:\\\/\\\/schema.org\",\"@graph\":[{\"@type\":\"WebPage\",\"@id\":\"https:\\\/\\\/mineraleslunallena.com\\\/producto\\\/punta-generadora-piedra-del-sol-energia-confianza\\\/\",\"url\":\"https:\\\/\\\/mineraleslunallena.com\\\/producto\\\/punta-generadora-piedra-del-sol-energia-confianza\\\/\",\"name\":\"Punta Generadora Piedra Sol | Energ\u00eda - Confianza - MINERALES LUNA LLENA\",\"isPartOf\":{\"@id\":\"https:\\\/\\\/mineraleslunallena.com\\\/#website\"},\"primaryImageOfPage\":{\"@id\":\"https:\\\/\\\/mineraleslunallena.com\\\/producto\\\/punta-generadora-piedra-del-sol-energia-confianza\\\/#primaryimage\"},\"image\":{\"@id\":\"https:\\\/\\\/mineraleslunallena.com\\\/producto\\\/punta-generadora-piedra-del-sol-energia-confianza\\\/#primaryimage\"},\"thumbnailUrl\":\"https:\\\/\\\/mineraleslunallena.com\\\/wp-content\\\/uploads\\\/2024\\\/01\\\/m_gp_002-scaled.jpg\",\"datePublished\":\"2024-01-19T11:28:43+00:00\",\"dateModified\":\"2024-03-19T20:08:23+00:00\",\"breadcrumb\":{\"@id\":\"https:\\\/\\\/mineraleslunallena.com\\\/producto\\\/punta-generadora-piedra-del-sol-energia-confianza\\\/#breadcrumb\"},\"inLanguage\":\"ca\",\"potentialAction\":[{\"@type\":\"ReadAction\",\"target\":[\"https:\\\/\\\/mineraleslunallena.com\\\/producto\\\/punta-generadora-piedra-del-sol-energia-confianza\\\/\"]}]},{\"@type\":\"ImageObject\",\"inLanguage\":\"ca\",\"@id\":\"https:\\\/\\\/mineraleslunallena.com\\\/producto\\\/punta-generadora-piedra-del-sol-energia-confianza\\\/#primaryimage\",\"url\":\"https:\\\/\\\/mineraleslunallena.com\\\/wp-content\\\/uploads\\\/2024\\\/01\\\/m_gp_002-scaled.jpg\",\"contentUrl\":\"https:\\\/\\\/mineraleslunallena.com\\\/wp-content\\\/uploads\\\/2024\\\/01\\\/m_gp_002-scaled.jpg\",\"width\":1920,\"height\":2560},{\"@type\":\"BreadcrumbList\",\"@id\":\"https:\\\/\\\/mineraleslunallena.com\\\/producto\\\/punta-generadora-piedra-del-sol-energia-confianza\\\/#breadcrumb\",\"itemListElement\":[{\"@type\":\"ListItem\",\"position\":1,\"name\":\"Portada\",\"item\":\"https:\\\/\\\/mineraleslunallena.com\\\/\"},{\"@type\":\"ListItem\",\"position\":2,\"name\":\"Shop\",\"item\":\"https:\\\/\\\/mineraleslunallena.com\\\/ca\\\/shop\\\/\"},{\"@type\":\"ListItem\",\"position\":3,\"name\":\"Punta Generadora Piedra Sol | Energ\u00eda &#8211; Confianza\"}]},{\"@type\":\"WebSite\",\"@id\":\"https:\\\/\\\/mineraleslunallena.com\\\/#website\",\"url\":\"https:\\\/\\\/mineraleslunallena.com\\\/\",\"name\":\"LUNA LLENA MINERALES\",\"description\":\"Es el momento de conectarte con tu propio poder y confiar en tus habilidades.\",\"publisher\":{\"@id\":\"https:\\\/\\\/mineraleslunallena.com\\\/#organization\"},\"potentialAction\":[{\"@type\":\"SearchAction\",\"target\":{\"@type\":\"EntryPoint\",\"urlTemplate\":\"https:\\\/\\\/mineraleslunallena.com\\\/?s={search_term_string}\"},\"query-input\":{\"@type\":\"PropertyValueSpecification\",\"valueRequired\":true,\"valueName\":\"search_term_string\"}}],\"inLanguage\":\"ca\"},{\"@type\":\"Organization\",\"@id\":\"https:\\\/\\\/mineraleslunallena.com\\\/#organization\",\"name\":\"LUNA LLENA MINERALES\",\"url\":\"https:\\\/\\\/mineraleslunallena.com\\\/\",\"logo\":{\"@type\":\"ImageObject\",\"inLanguage\":\"ca\",\"@id\":\"https:\\\/\\\/mineraleslunallena.com\\\/#\\\/schema\\\/logo\\\/image\\\/\",\"url\":\"https:\\\/\\\/mineraleslunallena.com\\\/wp-content\\\/uploads\\\/2023\\\/07\\\/LUNA-LLENA-LOGO-nuevo.png\",\"contentUrl\":\"https:\\\/\\\/mineraleslunallena.com\\\/wp-content\\\/uploads\\\/2023\\\/07\\\/LUNA-LLENA-LOGO-nuevo.png\",\"width\":229,\"height\":167,\"caption\":\"LUNA LLENA MINERALES\"},\"image\":{\"@id\":\"https:\\\/\\\/mineraleslunallena.com\\\/#\\\/schema\\\/logo\\\/image\\\/\"}}]}<\/script>\n<!-- \/ Yoast SEO plugin. -->","yoast_head_json":{"title":"Punta Generadora Piedra Sol | Energ\u00eda - Confianza - MINERALES LUNA LLENA","robots":{"index":"index","follow":"follow","max-snippet":"max-snippet:-1","max-image-preview":"max-image-preview:large","max-video-preview":"max-video-preview:-1"},"canonical":"https:\/\/mineraleslunallena.com\/ca\/producte\/punta-generadora-piedra-del-sol-energia-confianza\/","og_locale":"ca_ES","og_type":"article","og_title":"Punta Generadora Piedra Sol | Energ\u00eda - Confianza - MINERALES LUNA LLENA","og_description":"La punta generadora de Piedra Sol proporciona energ\u00eda vital y vitalidad a tu ser. Experimenta una mayor alegr\u00eda y felicidad gracias a las propiedades de la Piedra Sol. Fortalece tu autoconfianza y eleva tu autoestima con el poder de esta piedra generadora. protecci\u00f3n espiritual al utilizar la punta generadora. Atrae la manifestaci\u00f3n de tus metas y la abundancia a tu vida con esta piedra poderosa. A\u00f1ade esta joya sagrada a tu colecci\u00f3n y disfruta de su poder radiante. Descubre la energ\u00eda positiva y vitalidad con el Generador de Piedra Sol.  Cantidad: 1 Unidad. El precio es por un generador. Tama\u00f1o: 7 cm alto x 2 cm ancho aproximadamente. Forma: Generador. Las Puntas generadoras son cristales amplificadores. Gracias a esta forma su energ\u00eda aumenta y se transmite a su alrededor.","og_url":"https:\/\/mineraleslunallena.com\/ca\/producte\/punta-generadora-piedra-del-sol-energia-confianza\/","og_site_name":"MINERALES LUNA LLENA","article_modified_time":"2024-03-19T20:08:23+00:00","og_image":[{"width":1920,"height":2560,"url":"https:\/\/mineraleslunallena.com\/wp-content\/uploads\/2024\/01\/m_gp_002-scaled.jpg","type":"image\/jpeg"}],"twitter_card":"summary_large_image","twitter_misc":{"Temps estimat de lectura":"1 minut"},"schema":{"@context":"https:\/\/schema.org","@graph":[{"@type":"WebPage","@id":"https:\/\/mineraleslunallena.com\/producto\/punta-generadora-piedra-del-sol-energia-confianza\/","url":"https:\/\/mineraleslunallena.com\/producto\/punta-generadora-piedra-del-sol-energia-confianza\/","name":"Punta Generadora Piedra Sol | Energ\u00eda - Confianza - MINERALES LUNA LLENA","isPartOf":{"@id":"https:\/\/mineraleslunallena.com\/#website"},"primaryImageOfPage":{"@id":"https:\/\/mineraleslunallena.com\/producto\/punta-generadora-piedra-del-sol-energia-confianza\/#primaryimage"},"image":{"@id":"https:\/\/mineraleslunallena.com\/producto\/punta-generadora-piedra-del-sol-energia-confianza\/#primaryimage"},"thumbnailUrl":"https:\/\/mineraleslunallena.com\/wp-content\/uploads\/2024\/01\/m_gp_002-scaled.jpg","datePublished":"2024-01-19T11:28:43+00:00","dateModified":"2024-03-19T20:08:23+00:00","breadcrumb":{"@id":"https:\/\/mineraleslunallena.com\/producto\/punta-generadora-piedra-del-sol-energia-confianza\/#breadcrumb"},"inLanguage":"ca","potentialAction":[{"@type":"ReadAction","target":["https:\/\/mineraleslunallena.com\/producto\/punta-generadora-piedra-del-sol-energia-confianza\/"]}]},{"@type":"ImageObject","inLanguage":"ca","@id":"https:\/\/mineraleslunallena.com\/producto\/punta-generadora-piedra-del-sol-energia-confianza\/#primaryimage","url":"https:\/\/mineraleslunallena.com\/wp-content\/uploads\/2024\/01\/m_gp_002-scaled.jpg","contentUrl":"https:\/\/mineraleslunallena.com\/wp-content\/uploads\/2024\/01\/m_gp_002-scaled.jpg","width":1920,"height":2560},{"@type":"BreadcrumbList","@id":"https:\/\/mineraleslunallena.com\/producto\/punta-generadora-piedra-del-sol-energia-confianza\/#breadcrumb","itemListElement":[{"@type":"ListItem","position":1,"name":"Portada","item":"https:\/\/mineraleslunallena.com\/"},{"@type":"ListItem","position":2,"name":"Shop","item":"https:\/\/mineraleslunallena.com\/ca\/shop\/"},{"@type":"ListItem","position":3,"name":"Punta Generadora Piedra Sol | Energ\u00eda &#8211; Confianza"}]},{"@type":"WebSite","@id":"https:\/\/mineraleslunallena.com\/#website","url":"https:\/\/mineraleslunallena.com\/","name":"LLUNA PLENA MINERALS","description":"\u00c9s el moment de connectar-te amb el teu poder i confiar en les teves habilitats.","publisher":{"@id":"https:\/\/mineraleslunallena.com\/#organization"},"potentialAction":[{"@type":"SearchAction","target":{"@type":"EntryPoint","urlTemplate":"https:\/\/mineraleslunallena.com\/?s={search_term_string}"},"query-input":{"@type":"PropertyValueSpecification","valueRequired":true,"valueName":"search_term_string"}}],"inLanguage":"ca"},{"@type":"Organization","@id":"https:\/\/mineraleslunallena.com\/#organization","name":"LLUNA PLENA MINERALS","url":"https:\/\/mineraleslunallena.com\/","logo":{"@type":"ImageObject","inLanguage":"ca","@id":"https:\/\/mineraleslunallena.com\/#\/schema\/logo\/image\/","url":"https:\/\/mineraleslunallena.com\/wp-content\/uploads\/2023\/07\/LUNA-LLENA-LOGO-nuevo.png","contentUrl":"https:\/\/mineraleslunallena.com\/wp-content\/uploads\/2023\/07\/LUNA-LLENA-LOGO-nuevo.png","width":229,"height":167,"caption":"LUNA LLENA MINERALES"},"image":{"@id":"https:\/\/mineraleslunallena.com\/#\/schema\/logo\/image\/"}}]}},"_links":{"self":[{"href":"https:\/\/mineraleslunallena.com\/ca\/wp-json\/wp\/v2\/product\/1419","targetHints":{"allow":["GET"]}}],"collection":[{"href":"https:\/\/mineraleslunallena.com\/ca\/wp-json\/wp\/v2\/product"}],"about":[{"href":"https:\/\/mineraleslunallena.com\/ca\/wp-json\/wp\/v2\/types\/product"}],"version-history":[{"count":4,"href":"https:\/\/mineraleslunallena.com\/ca\/wp-json\/wp\/v2\/product\/1419\/revisions"}],"predecessor-version":[{"id":3430,"href":"https:\/\/mineraleslunallena.com\/ca\/wp-json\/wp\/v2\/product\/1419\/revisions\/3430"}],"wp:featuredmedia":[{"embeddable":true,"href":"https:\/\/mineraleslunallena.com\/ca\/wp-json\/wp\/v2\/media\/1423"}],"wp:attachment":[{"href":"https:\/\/mineraleslunallena.com\/ca\/wp-json\/wp\/v2\/media?parent=1419"}],"wp:term":[{"taxonomy":"product_cat","embeddable":true,"href":"https:\/\/mineraleslunallena.com\/ca\/wp-json\/wp\/v2\/product_cat?post=1419"},{"taxonomy":"product_tag","embeddable":true,"href":"https:\/\/mineraleslunallena.com\/ca\/wp-json\/wp\/v2\/product_tag?post=1419"}],"curies":[{"name":"wp","href":"https:\/\/api.w.org\/{rel}","templated":true}]}}