{"id":1450,"date":"2024-01-19T11:49:46","date_gmt":"2024-01-19T11:49:46","guid":{"rendered":"https:\/\/minerales.ultbit.com\/?post_type=product&#038;p=1450"},"modified":"2024-03-19T20:54:46","modified_gmt":"2024-03-19T19:54:46","slug":"punta-generadora-de-lapsilazuli-equilibrio-conexion","status":"publish","type":"product","link":"https:\/\/mineraleslunallena.com\/ca\/producte\/punta-generadora-de-lapsilazuli-equilibrio-conexion\/","title":{"rendered":"Punta Generadora De Lapsil\u00e1zuli | Equilibri \u2013 Connexi\u00f3"},"content":{"rendered":"<p>El Lapisl\u00e0tzuli, la pedra de la saviesa i la veritat. Fes-la servir per expandir el teu coneixement i consci\u00e8ncia espiritual.<br \/>\nMillora la claredat mental i la mem\u00f2ria durant l&#039;estudi i la cerca de la veritat.<br \/>\nAcompanyeu-vos de la vostra energia en la meditaci\u00f3 per accedir a nivells m\u00e9s profunds d&#039;intu\u00efci\u00f3 i pau interior. Allibera bloquejos emocionals, equilibra el chakra del tercer ull i enforteix la teva intu\u00efci\u00f3.<br \/>\nConnecta amb els regnes espirituals i guies espirituals. Descobreix la m\u00e0gia del Lapisl\u00e0tzuli i desperta la teva saviesa interior.<\/p>\n<p>Quantitat: 1 Unitat. El preu \u00e9s per una unitat.<br \/>\nTama\u00f1o: 8 cm de alto x 2 cm aproximadamente.<br \/>\nForma: Mineral Rodat.<br \/>\nLes Puntes generadores s\u00f3n vidres amplificadors. Gr\u00e0cies a aquesta forma, la seva energia augmenta i es transmet al seu voltant.<\/p>\n<p>&nbsp;<\/p>","protected":false},"excerpt":{"rendered":"<p>El Lapisl\u00e0tzuli, la pedra de la saviesa i la veritat. Fes-la servir per expandir el teu coneixement i consci\u00e8ncia espiritual.<br \/>\nMillora la claredat mental i la mem\u00f2ria durant l&#039;estudi i la cerca de la veritat.<br \/>\nAcompanyeu-vos de la vostra energia en la meditaci\u00f3 per accedir a nivells m\u00e9s profunds d&#039;intu\u00efci\u00f3 i pau interior. Allibera bloquejos emocionals, equilibra el chakra del tercer ull i enforteix la teva intu\u00efci\u00f3.<br \/>\nConnecta amb els regnes espirituals i guies espirituals. Descobreix la m\u00e0gia del Lapisl\u00e0tzuli i desperta la teva saviesa interior.<\/p>\n<p>Quantitat: 1 Unitat. El preu \u00e9s per una unitat.<br \/>\nTama\u00f1o: 8 cm de alto x 2 cm aproximadamente.<br \/>\nForma: Mineral Rodat.<br \/>\nLes Puntes generadores s\u00f3n vidres amplificadors. Gr\u00e0cies a aquesta forma, la seva energia augmenta i es transmet al seu voltant.<\/p>","protected":false},"featured_media":1452,"template":"","meta":[],"product_cat":[74,69],"product_tag":[],"class_list":{"0":"post-1450","1":"product","2":"type-product","3":"status-publish","4":"has-post-thumbnail","6":"product_cat-generadores-y-puntas","7":"product_cat-minerales","9":"first","10":"instock","11":"sale","12":"taxable","13":"shipping-taxable","14":"purchasable","15":"product-type-simple"},"yoast_head":"<!-- This site is optimized with the Yoast SEO plugin v27.3 - https:\/\/yoast.com\/product\/yoast-seo-wordpress\/ -->\n<title>Punta Generadora De Lapsil\u00e1zuli | Equilibrio - Conexi\u00f3n - MINERALES LUNA LLENA<\/title>\n<meta name=\"robots\" content=\"index, follow, max-snippet:-1, max-image-preview:large, max-video-preview:-1\" \/>\n<link rel=\"canonical\" href=\"https:\/\/mineraleslunallena.com\/ca\/producte\/punta-generadora-de-lapsilazuli-equilibrio-conexion\/\" \/>\n<meta property=\"og:locale\" content=\"ca_ES\" \/>\n<meta property=\"og:type\" content=\"article\" \/>\n<meta property=\"og:title\" content=\"Punta Generadora De Lapsil\u00e1zuli | Equilibrio - Conexi\u00f3n - MINERALES LUNA LLENA\" \/>\n<meta property=\"og:description\" content=\"El Lapisl\u00e1zuli, la piedra de la sabidur\u00eda y la verdad. \u00dasala para expandir tu conocimiento y conciencia espiritual. Mejora la claridad mental y la memoria durante el estudio y la b\u00fasqueda de la verdad. Acomp\u00e1\u00f1ate de su energ\u00eda en la meditaci\u00f3n para acceder a niveles m\u00e1s profundos de intuici\u00f3n y paz interior. Libera bloqueos emocionales, equilibra el chakra del tercer ojo y fortalece tu intuici\u00f3n. Conecta con los reinos espirituales y gu\u00edas espirituales. Descubre la magia del Lapisl\u00e1zuli y despierta tu sabidur\u00eda interior.  Cantidad: 1 Unidad. El precio es por una unidad. Tama\u00f1o: 8 cm de alto x 2 cm aproximadamente. Forma: Mineral Rodado. Las Puntas generadoras son cristales amplificadores. Gracias a esta forma su energ\u00eda aumenta y se transmite a su alrededor.\" \/>\n<meta property=\"og:url\" content=\"https:\/\/mineraleslunallena.com\/ca\/producte\/punta-generadora-de-lapsilazuli-equilibrio-conexion\/\" \/>\n<meta property=\"og:site_name\" content=\"MINERALES LUNA LLENA\" \/>\n<meta property=\"article:modified_time\" content=\"2024-03-19T19:54:46+00:00\" \/>\n<meta property=\"og:image\" content=\"https:\/\/mineraleslunallena.com\/wp-content\/uploads\/2024\/01\/m_gp_010-scaled.jpg\" \/>\n\t<meta property=\"og:image:width\" content=\"1920\" \/>\n\t<meta property=\"og:image:height\" content=\"2560\" \/>\n\t<meta property=\"og:image:type\" content=\"image\/jpeg\" \/>\n<meta name=\"twitter:card\" content=\"summary_large_image\" \/>\n<meta name=\"twitter:label1\" content=\"Temps estimat de lectura\" \/>\n\t<meta name=\"twitter:data1\" content=\"1 minut\" \/>\n<script type=\"application\/ld+json\" class=\"yoast-schema-graph\">{\"@context\":\"https:\\\/\\\/schema.org\",\"@graph\":[{\"@type\":\"WebPage\",\"@id\":\"https:\\\/\\\/mineraleslunallena.com\\\/producto\\\/punta-generadora-de-lapsilazuli-equilibrio-conexion\\\/\",\"url\":\"https:\\\/\\\/mineraleslunallena.com\\\/producto\\\/punta-generadora-de-lapsilazuli-equilibrio-conexion\\\/\",\"name\":\"Punta Generadora De Lapsil\u00e1zuli | Equilibrio - Conexi\u00f3n - MINERALES LUNA LLENA\",\"isPartOf\":{\"@id\":\"https:\\\/\\\/mineraleslunallena.com\\\/#website\"},\"primaryImageOfPage\":{\"@id\":\"https:\\\/\\\/mineraleslunallena.com\\\/producto\\\/punta-generadora-de-lapsilazuli-equilibrio-conexion\\\/#primaryimage\"},\"image\":{\"@id\":\"https:\\\/\\\/mineraleslunallena.com\\\/producto\\\/punta-generadora-de-lapsilazuli-equilibrio-conexion\\\/#primaryimage\"},\"thumbnailUrl\":\"https:\\\/\\\/mineraleslunallena.com\\\/wp-content\\\/uploads\\\/2024\\\/01\\\/m_gp_010-scaled.jpg\",\"datePublished\":\"2024-01-19T11:49:46+00:00\",\"dateModified\":\"2024-03-19T19:54:46+00:00\",\"breadcrumb\":{\"@id\":\"https:\\\/\\\/mineraleslunallena.com\\\/producto\\\/punta-generadora-de-lapsilazuli-equilibrio-conexion\\\/#breadcrumb\"},\"inLanguage\":\"ca\",\"potentialAction\":[{\"@type\":\"ReadAction\",\"target\":[\"https:\\\/\\\/mineraleslunallena.com\\\/producto\\\/punta-generadora-de-lapsilazuli-equilibrio-conexion\\\/\"]}]},{\"@type\":\"ImageObject\",\"inLanguage\":\"ca\",\"@id\":\"https:\\\/\\\/mineraleslunallena.com\\\/producto\\\/punta-generadora-de-lapsilazuli-equilibrio-conexion\\\/#primaryimage\",\"url\":\"https:\\\/\\\/mineraleslunallena.com\\\/wp-content\\\/uploads\\\/2024\\\/01\\\/m_gp_010-scaled.jpg\",\"contentUrl\":\"https:\\\/\\\/mineraleslunallena.com\\\/wp-content\\\/uploads\\\/2024\\\/01\\\/m_gp_010-scaled.jpg\",\"width\":1920,\"height\":2560},{\"@type\":\"BreadcrumbList\",\"@id\":\"https:\\\/\\\/mineraleslunallena.com\\\/producto\\\/punta-generadora-de-lapsilazuli-equilibrio-conexion\\\/#breadcrumb\",\"itemListElement\":[{\"@type\":\"ListItem\",\"position\":1,\"name\":\"Portada\",\"item\":\"https:\\\/\\\/mineraleslunallena.com\\\/\"},{\"@type\":\"ListItem\",\"position\":2,\"name\":\"Shop\",\"item\":\"https:\\\/\\\/mineraleslunallena.com\\\/ca\\\/shop\\\/\"},{\"@type\":\"ListItem\",\"position\":3,\"name\":\"Punta Generadora De Lapsil\u00e1zuli | Equilibrio &#8211; Conexi\u00f3n\"}]},{\"@type\":\"WebSite\",\"@id\":\"https:\\\/\\\/mineraleslunallena.com\\\/#website\",\"url\":\"https:\\\/\\\/mineraleslunallena.com\\\/\",\"name\":\"LUNA LLENA MINERALES\",\"description\":\"Es el momento de conectarte con tu propio poder y confiar en tus habilidades.\",\"publisher\":{\"@id\":\"https:\\\/\\\/mineraleslunallena.com\\\/#organization\"},\"potentialAction\":[{\"@type\":\"SearchAction\",\"target\":{\"@type\":\"EntryPoint\",\"urlTemplate\":\"https:\\\/\\\/mineraleslunallena.com\\\/?s={search_term_string}\"},\"query-input\":{\"@type\":\"PropertyValueSpecification\",\"valueRequired\":true,\"valueName\":\"search_term_string\"}}],\"inLanguage\":\"ca\"},{\"@type\":\"Organization\",\"@id\":\"https:\\\/\\\/mineraleslunallena.com\\\/#organization\",\"name\":\"LUNA LLENA MINERALES\",\"url\":\"https:\\\/\\\/mineraleslunallena.com\\\/\",\"logo\":{\"@type\":\"ImageObject\",\"inLanguage\":\"ca\",\"@id\":\"https:\\\/\\\/mineraleslunallena.com\\\/#\\\/schema\\\/logo\\\/image\\\/\",\"url\":\"https:\\\/\\\/mineraleslunallena.com\\\/wp-content\\\/uploads\\\/2023\\\/07\\\/LUNA-LLENA-LOGO-nuevo.png\",\"contentUrl\":\"https:\\\/\\\/mineraleslunallena.com\\\/wp-content\\\/uploads\\\/2023\\\/07\\\/LUNA-LLENA-LOGO-nuevo.png\",\"width\":229,\"height\":167,\"caption\":\"LUNA LLENA MINERALES\"},\"image\":{\"@id\":\"https:\\\/\\\/mineraleslunallena.com\\\/#\\\/schema\\\/logo\\\/image\\\/\"}}]}<\/script>\n<!-- \/ Yoast SEO plugin. -->","yoast_head_json":{"title":"Punta Generadora De Lapsil\u00e1zuli | Equilibrio - Conexi\u00f3n - MINERALES LUNA LLENA","robots":{"index":"index","follow":"follow","max-snippet":"max-snippet:-1","max-image-preview":"max-image-preview:large","max-video-preview":"max-video-preview:-1"},"canonical":"https:\/\/mineraleslunallena.com\/ca\/producte\/punta-generadora-de-lapsilazuli-equilibrio-conexion\/","og_locale":"ca_ES","og_type":"article","og_title":"Punta Generadora De Lapsil\u00e1zuli | Equilibrio - Conexi\u00f3n - MINERALES LUNA LLENA","og_description":"El Lapisl\u00e1zuli, la piedra de la sabidur\u00eda y la verdad. \u00dasala para expandir tu conocimiento y conciencia espiritual. Mejora la claridad mental y la memoria durante el estudio y la b\u00fasqueda de la verdad. Acomp\u00e1\u00f1ate de su energ\u00eda en la meditaci\u00f3n para acceder a niveles m\u00e1s profundos de intuici\u00f3n y paz interior. Libera bloqueos emocionales, equilibra el chakra del tercer ojo y fortalece tu intuici\u00f3n. Conecta con los reinos espirituales y gu\u00edas espirituales. Descubre la magia del Lapisl\u00e1zuli y despierta tu sabidur\u00eda interior.  Cantidad: 1 Unidad. El precio es por una unidad. Tama\u00f1o: 8 cm de alto x 2 cm aproximadamente. Forma: Mineral Rodado. Las Puntas generadoras son cristales amplificadores. Gracias a esta forma su energ\u00eda aumenta y se transmite a su alrededor.","og_url":"https:\/\/mineraleslunallena.com\/ca\/producte\/punta-generadora-de-lapsilazuli-equilibrio-conexion\/","og_site_name":"MINERALES LUNA LLENA","article_modified_time":"2024-03-19T19:54:46+00:00","og_image":[{"width":1920,"height":2560,"url":"https:\/\/mineraleslunallena.com\/wp-content\/uploads\/2024\/01\/m_gp_010-scaled.jpg","type":"image\/jpeg"}],"twitter_card":"summary_large_image","twitter_misc":{"Temps estimat de lectura":"1 minut"},"schema":{"@context":"https:\/\/schema.org","@graph":[{"@type":"WebPage","@id":"https:\/\/mineraleslunallena.com\/producto\/punta-generadora-de-lapsilazuli-equilibrio-conexion\/","url":"https:\/\/mineraleslunallena.com\/producto\/punta-generadora-de-lapsilazuli-equilibrio-conexion\/","name":"Punta Generadora De Lapsil\u00e1zuli | Equilibrio - Conexi\u00f3n - MINERALES LUNA LLENA","isPartOf":{"@id":"https:\/\/mineraleslunallena.com\/#website"},"primaryImageOfPage":{"@id":"https:\/\/mineraleslunallena.com\/producto\/punta-generadora-de-lapsilazuli-equilibrio-conexion\/#primaryimage"},"image":{"@id":"https:\/\/mineraleslunallena.com\/producto\/punta-generadora-de-lapsilazuli-equilibrio-conexion\/#primaryimage"},"thumbnailUrl":"https:\/\/mineraleslunallena.com\/wp-content\/uploads\/2024\/01\/m_gp_010-scaled.jpg","datePublished":"2024-01-19T11:49:46+00:00","dateModified":"2024-03-19T19:54:46+00:00","breadcrumb":{"@id":"https:\/\/mineraleslunallena.com\/producto\/punta-generadora-de-lapsilazuli-equilibrio-conexion\/#breadcrumb"},"inLanguage":"ca","potentialAction":[{"@type":"ReadAction","target":["https:\/\/mineraleslunallena.com\/producto\/punta-generadora-de-lapsilazuli-equilibrio-conexion\/"]}]},{"@type":"ImageObject","inLanguage":"ca","@id":"https:\/\/mineraleslunallena.com\/producto\/punta-generadora-de-lapsilazuli-equilibrio-conexion\/#primaryimage","url":"https:\/\/mineraleslunallena.com\/wp-content\/uploads\/2024\/01\/m_gp_010-scaled.jpg","contentUrl":"https:\/\/mineraleslunallena.com\/wp-content\/uploads\/2024\/01\/m_gp_010-scaled.jpg","width":1920,"height":2560},{"@type":"BreadcrumbList","@id":"https:\/\/mineraleslunallena.com\/producto\/punta-generadora-de-lapsilazuli-equilibrio-conexion\/#breadcrumb","itemListElement":[{"@type":"ListItem","position":1,"name":"Portada","item":"https:\/\/mineraleslunallena.com\/"},{"@type":"ListItem","position":2,"name":"Shop","item":"https:\/\/mineraleslunallena.com\/ca\/shop\/"},{"@type":"ListItem","position":3,"name":"Punta Generadora De Lapsil\u00e1zuli | Equilibrio &#8211; Conexi\u00f3n"}]},{"@type":"WebSite","@id":"https:\/\/mineraleslunallena.com\/#website","url":"https:\/\/mineraleslunallena.com\/","name":"LLUNA PLENA MINERALS","description":"\u00c9s el moment de connectar-te amb el teu poder i confiar en les teves habilitats.","publisher":{"@id":"https:\/\/mineraleslunallena.com\/#organization"},"potentialAction":[{"@type":"SearchAction","target":{"@type":"EntryPoint","urlTemplate":"https:\/\/mineraleslunallena.com\/?s={search_term_string}"},"query-input":{"@type":"PropertyValueSpecification","valueRequired":true,"valueName":"search_term_string"}}],"inLanguage":"ca"},{"@type":"Organization","@id":"https:\/\/mineraleslunallena.com\/#organization","name":"LLUNA PLENA MINERALS","url":"https:\/\/mineraleslunallena.com\/","logo":{"@type":"ImageObject","inLanguage":"ca","@id":"https:\/\/mineraleslunallena.com\/#\/schema\/logo\/image\/","url":"https:\/\/mineraleslunallena.com\/wp-content\/uploads\/2023\/07\/LUNA-LLENA-LOGO-nuevo.png","contentUrl":"https:\/\/mineraleslunallena.com\/wp-content\/uploads\/2023\/07\/LUNA-LLENA-LOGO-nuevo.png","width":229,"height":167,"caption":"LUNA LLENA MINERALES"},"image":{"@id":"https:\/\/mineraleslunallena.com\/#\/schema\/logo\/image\/"}}]}},"_links":{"self":[{"href":"https:\/\/mineraleslunallena.com\/ca\/wp-json\/wp\/v2\/product\/1450","targetHints":{"allow":["GET"]}}],"collection":[{"href":"https:\/\/mineraleslunallena.com\/ca\/wp-json\/wp\/v2\/product"}],"about":[{"href":"https:\/\/mineraleslunallena.com\/ca\/wp-json\/wp\/v2\/types\/product"}],"version-history":[{"count":5,"href":"https:\/\/mineraleslunallena.com\/ca\/wp-json\/wp\/v2\/product\/1450\/revisions"}],"predecessor-version":[{"id":3421,"href":"https:\/\/mineraleslunallena.com\/ca\/wp-json\/wp\/v2\/product\/1450\/revisions\/3421"}],"wp:featuredmedia":[{"embeddable":true,"href":"https:\/\/mineraleslunallena.com\/ca\/wp-json\/wp\/v2\/media\/1452"}],"wp:attachment":[{"href":"https:\/\/mineraleslunallena.com\/ca\/wp-json\/wp\/v2\/media?parent=1450"}],"wp:term":[{"taxonomy":"product_cat","embeddable":true,"href":"https:\/\/mineraleslunallena.com\/ca\/wp-json\/wp\/v2\/product_cat?post=1450"},{"taxonomy":"product_tag","embeddable":true,"href":"https:\/\/mineraleslunallena.com\/ca\/wp-json\/wp\/v2\/product_tag?post=1450"}],"curies":[{"name":"wp","href":"https:\/\/api.w.org\/{rel}","templated":true}]}}