{"id":1457,"date":"2024-01-19T11:54:36","date_gmt":"2024-01-19T11:54:36","guid":{"rendered":"https:\/\/minerales.ultbit.com\/?post_type=product&#038;p=1457"},"modified":"2025-11-04T11:01:33","modified_gmt":"2025-11-04T10:01:33","slug":"punta-generadora-de-fluorita-limpieza-purificacion-equilibrio","status":"publish","type":"product","link":"https:\/\/mineraleslunallena.com\/ca\/producte\/punta-generadora-de-fluorita-limpieza-purificacion-equilibrio\/","title":{"rendered":"Punta Generadora De Fluorita | Neteja \u2013 Purificaci\u00f3 \u2013 Equilibri"},"content":{"rendered":"<p>Imagina sostener la punta generadora de Fluorita Arco\u00edris, una piedra que captura la esencia misma de la diversidad crom\u00e1tica. Esta gema es como un portal hacia un mundo espiritual lleno de luz y color. Siente c\u00f3mo su variedad de tonos te envuelve, armonizando tus chakras y elevando tu vibraci\u00f3n. La Fluorita Arco\u00edris es tu guardiana energ\u00e9tica, disipando bloqueos y proporcionando claridad mental. En meditaci\u00f3n, esta punta generadora intensifica la conexi\u00f3n espiritual, llev\u00e1ndote a un estado de equilibrio y expansi\u00f3n. Lleva esta joya no solo como un adorno, sino como un catalizador de transformaci\u00f3n y conexi\u00f3n c\u00f3smica, gui\u00e1ndote hacia un viaje espiritual lleno de luz, armon\u00eda y revelaciones.<\/p>\n<p>Quantitat: 1 Unitat. El preu \u00e9s per una unitat.<\/p>\n<p>Tama\u00f1o: Entre 8 cm x 1,5 cm aproximadamente.<\/p>\n<p>Forma: Punta Generadora.<\/p>","protected":false},"excerpt":{"rendered":"<p>Imagina sostener la punta generadora de Fluorita Arco\u00edris, una piedra que captura la esencia misma de la diversidad crom\u00e1tica. Esta gema es como un portal hacia un mundo espiritual lleno de luz y color. Siente c\u00f3mo su variedad de tonos te envuelve, armonizando tus chakras y elevando tu vibraci\u00f3n. La Fluorita Arco\u00edris es tu guardiana energ\u00e9tica, disipando bloqueos y proporcionando claridad mental. En meditaci\u00f3n, esta punta generadora intensifica la conexi\u00f3n espiritual, llev\u00e1ndote a un estado de equilibrio y expansi\u00f3n. Lleva esta joya no solo como un adorno, sino como un catalizador de transformaci\u00f3n y conexi\u00f3n c\u00f3smica, gui\u00e1ndote hacia un viaje espiritual lleno de luz, armon\u00eda y revelaciones.<\/p>\n<p>Quantitat: 1 Unitat. El preu \u00e9s per una unitat.<\/p>\n<p>Tama\u00f1o: Entre 8 cm x 1,5 cm aproximadamente.<\/p>\n<p>Forma: Punta Generadora.<\/p>","protected":false},"featured_media":4365,"template":"","meta":[],"product_cat":[74,69],"product_tag":[],"class_list":{"0":"post-1457","1":"product","2":"type-product","3":"status-publish","4":"has-post-thumbnail","6":"product_cat-generadores-y-puntas","7":"product_cat-minerales","9":"first","10":"instock","11":"sale","12":"taxable","13":"shipping-taxable","14":"purchasable","15":"product-type-simple"},"yoast_head":"<!-- This site is optimized with the Yoast SEO plugin v27.3 - https:\/\/yoast.com\/product\/yoast-seo-wordpress\/ -->\n<title>Punta Generadora De Fluorita | Limpieza - Purificaci\u00f3n - Equilibrio - MINERALES LUNA LLENA<\/title>\n<meta name=\"robots\" content=\"index, follow, max-snippet:-1, max-image-preview:large, max-video-preview:-1\" \/>\n<link rel=\"canonical\" href=\"https:\/\/mineraleslunallena.com\/ca\/producte\/punta-generadora-de-fluorita-limpieza-purificacion-equilibrio\/\" \/>\n<meta property=\"og:locale\" content=\"ca_ES\" \/>\n<meta property=\"og:type\" content=\"article\" \/>\n<meta property=\"og:title\" content=\"Punta Generadora De Fluorita | Limpieza - Purificaci\u00f3n - Equilibrio - MINERALES LUNA LLENA\" \/>\n<meta property=\"og:description\" content=\"Imagina sostener la punta generadora de Fluorita Arco\u00edris, una piedra que captura la esencia misma de la diversidad crom\u00e1tica. Esta gema es como un portal hacia un mundo espiritual lleno de luz y color. Siente c\u00f3mo su variedad de tonos te envuelve, armonizando tus chakras y elevando tu vibraci\u00f3n. La Fluorita Arco\u00edris es tu guardiana energ\u00e9tica, disipando bloqueos y proporcionando claridad mental. En meditaci\u00f3n, esta punta generadora intensifica la conexi\u00f3n espiritual, llev\u00e1ndote a un estado de equilibrio y expansi\u00f3n. Lleva esta joya no solo como un adorno, sino como un catalizador de transformaci\u00f3n y conexi\u00f3n c\u00f3smica, gui\u00e1ndote hacia un viaje espiritual lleno de luz, armon\u00eda y revelaciones.  Cantidad: 1 Unidad. El precio es por una unidad.  Tama\u00f1o: Entre 8 cm x 1,5 cm aproximadamente.  Forma: Punta Generadora.\" \/>\n<meta property=\"og:url\" content=\"https:\/\/mineraleslunallena.com\/ca\/producte\/punta-generadora-de-fluorita-limpieza-purificacion-equilibrio\/\" \/>\n<meta property=\"og:site_name\" content=\"MINERALES LUNA LLENA\" \/>\n<meta property=\"article:modified_time\" content=\"2025-11-04T10:01:33+00:00\" \/>\n<meta property=\"og:image\" content=\"https:\/\/mineraleslunallena.com\/wp-content\/uploads\/2024\/01\/Punta-Generadora-De-Fluorita--scaled.jpg\" \/>\n\t<meta property=\"og:image:width\" content=\"1920\" \/>\n\t<meta property=\"og:image:height\" content=\"2560\" \/>\n\t<meta property=\"og:image:type\" content=\"image\/jpeg\" \/>\n<meta name=\"twitter:card\" content=\"summary_large_image\" \/>\n<meta name=\"twitter:label1\" content=\"Temps estimat de lectura\" \/>\n\t<meta name=\"twitter:data1\" content=\"1 minut\" \/>\n<script type=\"application\/ld+json\" class=\"yoast-schema-graph\">{\"@context\":\"https:\\\/\\\/schema.org\",\"@graph\":[{\"@type\":\"WebPage\",\"@id\":\"https:\\\/\\\/mineraleslunallena.com\\\/producto\\\/punta-generadora-de-fluorita-limpieza-purificacion-equilibrio\\\/\",\"url\":\"https:\\\/\\\/mineraleslunallena.com\\\/producto\\\/punta-generadora-de-fluorita-limpieza-purificacion-equilibrio\\\/\",\"name\":\"Punta Generadora De Fluorita | Limpieza - Purificaci\u00f3n - Equilibrio - MINERALES LUNA LLENA\",\"isPartOf\":{\"@id\":\"https:\\\/\\\/mineraleslunallena.com\\\/#website\"},\"primaryImageOfPage\":{\"@id\":\"https:\\\/\\\/mineraleslunallena.com\\\/producto\\\/punta-generadora-de-fluorita-limpieza-purificacion-equilibrio\\\/#primaryimage\"},\"image\":{\"@id\":\"https:\\\/\\\/mineraleslunallena.com\\\/producto\\\/punta-generadora-de-fluorita-limpieza-purificacion-equilibrio\\\/#primaryimage\"},\"thumbnailUrl\":\"https:\\\/\\\/mineraleslunallena.com\\\/wp-content\\\/uploads\\\/2024\\\/01\\\/Punta-Generadora-De-Fluorita--scaled.jpg\",\"datePublished\":\"2024-01-19T11:54:36+00:00\",\"dateModified\":\"2025-11-04T10:01:33+00:00\",\"breadcrumb\":{\"@id\":\"https:\\\/\\\/mineraleslunallena.com\\\/producto\\\/punta-generadora-de-fluorita-limpieza-purificacion-equilibrio\\\/#breadcrumb\"},\"inLanguage\":\"ca\",\"potentialAction\":[{\"@type\":\"ReadAction\",\"target\":[\"https:\\\/\\\/mineraleslunallena.com\\\/producto\\\/punta-generadora-de-fluorita-limpieza-purificacion-equilibrio\\\/\"]}]},{\"@type\":\"ImageObject\",\"inLanguage\":\"ca\",\"@id\":\"https:\\\/\\\/mineraleslunallena.com\\\/producto\\\/punta-generadora-de-fluorita-limpieza-purificacion-equilibrio\\\/#primaryimage\",\"url\":\"https:\\\/\\\/mineraleslunallena.com\\\/wp-content\\\/uploads\\\/2024\\\/01\\\/Punta-Generadora-De-Fluorita--scaled.jpg\",\"contentUrl\":\"https:\\\/\\\/mineraleslunallena.com\\\/wp-content\\\/uploads\\\/2024\\\/01\\\/Punta-Generadora-De-Fluorita--scaled.jpg\",\"width\":1920,\"height\":2560},{\"@type\":\"BreadcrumbList\",\"@id\":\"https:\\\/\\\/mineraleslunallena.com\\\/producto\\\/punta-generadora-de-fluorita-limpieza-purificacion-equilibrio\\\/#breadcrumb\",\"itemListElement\":[{\"@type\":\"ListItem\",\"position\":1,\"name\":\"Portada\",\"item\":\"https:\\\/\\\/mineraleslunallena.com\\\/\"},{\"@type\":\"ListItem\",\"position\":2,\"name\":\"Shop\",\"item\":\"https:\\\/\\\/mineraleslunallena.com\\\/ca\\\/shop\\\/\"},{\"@type\":\"ListItem\",\"position\":3,\"name\":\"Punta Generadora De Fluorita | Limpieza &#8211; Purificaci\u00f3n &#8211; Equilibrio\"}]},{\"@type\":\"WebSite\",\"@id\":\"https:\\\/\\\/mineraleslunallena.com\\\/#website\",\"url\":\"https:\\\/\\\/mineraleslunallena.com\\\/\",\"name\":\"LUNA LLENA MINERALES\",\"description\":\"Es el momento de conectarte con tu propio poder y confiar en tus habilidades.\",\"publisher\":{\"@id\":\"https:\\\/\\\/mineraleslunallena.com\\\/#organization\"},\"potentialAction\":[{\"@type\":\"SearchAction\",\"target\":{\"@type\":\"EntryPoint\",\"urlTemplate\":\"https:\\\/\\\/mineraleslunallena.com\\\/?s={search_term_string}\"},\"query-input\":{\"@type\":\"PropertyValueSpecification\",\"valueRequired\":true,\"valueName\":\"search_term_string\"}}],\"inLanguage\":\"ca\"},{\"@type\":\"Organization\",\"@id\":\"https:\\\/\\\/mineraleslunallena.com\\\/#organization\",\"name\":\"LUNA LLENA MINERALES\",\"url\":\"https:\\\/\\\/mineraleslunallena.com\\\/\",\"logo\":{\"@type\":\"ImageObject\",\"inLanguage\":\"ca\",\"@id\":\"https:\\\/\\\/mineraleslunallena.com\\\/#\\\/schema\\\/logo\\\/image\\\/\",\"url\":\"https:\\\/\\\/mineraleslunallena.com\\\/wp-content\\\/uploads\\\/2023\\\/07\\\/LUNA-LLENA-LOGO-nuevo.png\",\"contentUrl\":\"https:\\\/\\\/mineraleslunallena.com\\\/wp-content\\\/uploads\\\/2023\\\/07\\\/LUNA-LLENA-LOGO-nuevo.png\",\"width\":229,\"height\":167,\"caption\":\"LUNA LLENA MINERALES\"},\"image\":{\"@id\":\"https:\\\/\\\/mineraleslunallena.com\\\/#\\\/schema\\\/logo\\\/image\\\/\"}}]}<\/script>\n<!-- \/ Yoast SEO plugin. -->","yoast_head_json":{"title":"Punta Generadora De Fluorita | Limpieza - Purificaci\u00f3n - Equilibrio - MINERALES LUNA LLENA","robots":{"index":"index","follow":"follow","max-snippet":"max-snippet:-1","max-image-preview":"max-image-preview:large","max-video-preview":"max-video-preview:-1"},"canonical":"https:\/\/mineraleslunallena.com\/ca\/producte\/punta-generadora-de-fluorita-limpieza-purificacion-equilibrio\/","og_locale":"ca_ES","og_type":"article","og_title":"Punta Generadora De Fluorita | Limpieza - Purificaci\u00f3n - Equilibrio - MINERALES LUNA LLENA","og_description":"Imagina sostener la punta generadora de Fluorita Arco\u00edris, una piedra que captura la esencia misma de la diversidad crom\u00e1tica. Esta gema es como un portal hacia un mundo espiritual lleno de luz y color. Siente c\u00f3mo su variedad de tonos te envuelve, armonizando tus chakras y elevando tu vibraci\u00f3n. La Fluorita Arco\u00edris es tu guardiana energ\u00e9tica, disipando bloqueos y proporcionando claridad mental. En meditaci\u00f3n, esta punta generadora intensifica la conexi\u00f3n espiritual, llev\u00e1ndote a un estado de equilibrio y expansi\u00f3n. Lleva esta joya no solo como un adorno, sino como un catalizador de transformaci\u00f3n y conexi\u00f3n c\u00f3smica, gui\u00e1ndote hacia un viaje espiritual lleno de luz, armon\u00eda y revelaciones.  Cantidad: 1 Unidad. El precio es por una unidad.  Tama\u00f1o: Entre 8 cm x 1,5 cm aproximadamente.  Forma: Punta Generadora.","og_url":"https:\/\/mineraleslunallena.com\/ca\/producte\/punta-generadora-de-fluorita-limpieza-purificacion-equilibrio\/","og_site_name":"MINERALES LUNA LLENA","article_modified_time":"2025-11-04T10:01:33+00:00","og_image":[{"width":1920,"height":2560,"url":"https:\/\/mineraleslunallena.com\/wp-content\/uploads\/2024\/01\/Punta-Generadora-De-Fluorita--scaled.jpg","type":"image\/jpeg"}],"twitter_card":"summary_large_image","twitter_misc":{"Temps estimat de lectura":"1 minut"},"schema":{"@context":"https:\/\/schema.org","@graph":[{"@type":"WebPage","@id":"https:\/\/mineraleslunallena.com\/producto\/punta-generadora-de-fluorita-limpieza-purificacion-equilibrio\/","url":"https:\/\/mineraleslunallena.com\/producto\/punta-generadora-de-fluorita-limpieza-purificacion-equilibrio\/","name":"Punta Generadora De Fluorita | Limpieza - Purificaci\u00f3n - Equilibrio - MINERALES LUNA LLENA","isPartOf":{"@id":"https:\/\/mineraleslunallena.com\/#website"},"primaryImageOfPage":{"@id":"https:\/\/mineraleslunallena.com\/producto\/punta-generadora-de-fluorita-limpieza-purificacion-equilibrio\/#primaryimage"},"image":{"@id":"https:\/\/mineraleslunallena.com\/producto\/punta-generadora-de-fluorita-limpieza-purificacion-equilibrio\/#primaryimage"},"thumbnailUrl":"https:\/\/mineraleslunallena.com\/wp-content\/uploads\/2024\/01\/Punta-Generadora-De-Fluorita--scaled.jpg","datePublished":"2024-01-19T11:54:36+00:00","dateModified":"2025-11-04T10:01:33+00:00","breadcrumb":{"@id":"https:\/\/mineraleslunallena.com\/producto\/punta-generadora-de-fluorita-limpieza-purificacion-equilibrio\/#breadcrumb"},"inLanguage":"ca","potentialAction":[{"@type":"ReadAction","target":["https:\/\/mineraleslunallena.com\/producto\/punta-generadora-de-fluorita-limpieza-purificacion-equilibrio\/"]}]},{"@type":"ImageObject","inLanguage":"ca","@id":"https:\/\/mineraleslunallena.com\/producto\/punta-generadora-de-fluorita-limpieza-purificacion-equilibrio\/#primaryimage","url":"https:\/\/mineraleslunallena.com\/wp-content\/uploads\/2024\/01\/Punta-Generadora-De-Fluorita--scaled.jpg","contentUrl":"https:\/\/mineraleslunallena.com\/wp-content\/uploads\/2024\/01\/Punta-Generadora-De-Fluorita--scaled.jpg","width":1920,"height":2560},{"@type":"BreadcrumbList","@id":"https:\/\/mineraleslunallena.com\/producto\/punta-generadora-de-fluorita-limpieza-purificacion-equilibrio\/#breadcrumb","itemListElement":[{"@type":"ListItem","position":1,"name":"Portada","item":"https:\/\/mineraleslunallena.com\/"},{"@type":"ListItem","position":2,"name":"Shop","item":"https:\/\/mineraleslunallena.com\/ca\/shop\/"},{"@type":"ListItem","position":3,"name":"Punta Generadora De Fluorita | Limpieza &#8211; Purificaci\u00f3n &#8211; Equilibrio"}]},{"@type":"WebSite","@id":"https:\/\/mineraleslunallena.com\/#website","url":"https:\/\/mineraleslunallena.com\/","name":"LLUNA PLENA MINERALS","description":"\u00c9s el moment de connectar-te amb el teu poder i confiar en les teves habilitats.","publisher":{"@id":"https:\/\/mineraleslunallena.com\/#organization"},"potentialAction":[{"@type":"SearchAction","target":{"@type":"EntryPoint","urlTemplate":"https:\/\/mineraleslunallena.com\/?s={search_term_string}"},"query-input":{"@type":"PropertyValueSpecification","valueRequired":true,"valueName":"search_term_string"}}],"inLanguage":"ca"},{"@type":"Organization","@id":"https:\/\/mineraleslunallena.com\/#organization","name":"LLUNA PLENA MINERALS","url":"https:\/\/mineraleslunallena.com\/","logo":{"@type":"ImageObject","inLanguage":"ca","@id":"https:\/\/mineraleslunallena.com\/#\/schema\/logo\/image\/","url":"https:\/\/mineraleslunallena.com\/wp-content\/uploads\/2023\/07\/LUNA-LLENA-LOGO-nuevo.png","contentUrl":"https:\/\/mineraleslunallena.com\/wp-content\/uploads\/2023\/07\/LUNA-LLENA-LOGO-nuevo.png","width":229,"height":167,"caption":"LUNA LLENA MINERALES"},"image":{"@id":"https:\/\/mineraleslunallena.com\/#\/schema\/logo\/image\/"}}]}},"_links":{"self":[{"href":"https:\/\/mineraleslunallena.com\/ca\/wp-json\/wp\/v2\/product\/1457","targetHints":{"allow":["GET"]}}],"collection":[{"href":"https:\/\/mineraleslunallena.com\/ca\/wp-json\/wp\/v2\/product"}],"about":[{"href":"https:\/\/mineraleslunallena.com\/ca\/wp-json\/wp\/v2\/types\/product"}],"version-history":[{"count":5,"href":"https:\/\/mineraleslunallena.com\/ca\/wp-json\/wp\/v2\/product\/1457\/revisions"}],"predecessor-version":[{"id":3419,"href":"https:\/\/mineraleslunallena.com\/ca\/wp-json\/wp\/v2\/product\/1457\/revisions\/3419"}],"wp:featuredmedia":[{"embeddable":true,"href":"https:\/\/mineraleslunallena.com\/ca\/wp-json\/wp\/v2\/media\/4365"}],"wp:attachment":[{"href":"https:\/\/mineraleslunallena.com\/ca\/wp-json\/wp\/v2\/media?parent=1457"}],"wp:term":[{"taxonomy":"product_cat","embeddable":true,"href":"https:\/\/mineraleslunallena.com\/ca\/wp-json\/wp\/v2\/product_cat?post=1457"},{"taxonomy":"product_tag","embeddable":true,"href":"https:\/\/mineraleslunallena.com\/ca\/wp-json\/wp\/v2\/product_tag?post=1457"}],"curies":[{"name":"wp","href":"https:\/\/api.w.org\/{rel}","templated":true}]}}