{"id":1459,"date":"2024-01-19T11:55:56","date_gmt":"2024-01-19T11:55:56","guid":{"rendered":"https:\/\/minerales.ultbit.com\/?post_type=product&#038;p=1459"},"modified":"2025-04-18T01:31:25","modified_gmt":"2025-04-17T23:31:25","slug":"punta-generadora-de-sodalita-comunicacion-claridad-mental","status":"publish","type":"product","link":"https:\/\/mineraleslunallena.com\/ca\/producte\/punta-generadora-de-sodalita-comunicacion-claridad-mental\/","title":{"rendered":"Punta Generadora De Sodalita | Comunicaci\u00f3 \u2013 Claredat Mental"},"content":{"rendered":"<p>La Sodalita, una piedra preciosa de profundo azul, destaca por sus notables propiedades espirituales y terap\u00e9uticas.<br \/>\nAsociada al chakra de la garganta, mejora la comunicaci\u00f3n y la expresi\u00f3n personal, fomentando la autoconfianza. Adem\u00e1s, su influencia calmante equilibra las emociones y reduce el estr\u00e9s.<br \/>\nEn la meditaci\u00f3n, profundiza la conexi\u00f3n espiritual y la autoexploraci\u00f3n. Tambi\u00e9n estimula la creatividad y el enfoque mental, siendo ideal para estudiantes y profesionales.<br \/>\nLa Sodalita es un amuleto poderoso para la autoestima y la serenidad, que te guiar\u00e1 en tu b\u00fasqueda de bienestar emocional y crecimiento espiritual.<\/p>\n<p>Quantitat: 1 Unitat. El preu \u00e9s per una unitat.<br \/>\nTama\u00f1o: Entre 8.5 y 9 cent\u00edmetros aproximadamente.<br \/>\nForma: Punta Generadora.<\/p>","protected":false},"excerpt":{"rendered":"<p>La Sodalita, una piedra preciosa de profundo azul, destaca por sus notables propiedades espirituales y terap\u00e9uticas.<br \/>\nAsociada al chakra de la garganta, mejora la comunicaci\u00f3n y la expresi\u00f3n personal, fomentando la autoconfianza. Adem\u00e1s, su influencia calmante equilibra las emociones y reduce el estr\u00e9s.<br \/>\nEn la meditaci\u00f3n, profundiza la conexi\u00f3n espiritual y la autoexploraci\u00f3n. Tambi\u00e9n estimula la creatividad y el enfoque mental, siendo ideal para estudiantes y profesionales.<br \/>\nLa Sodalita es un amuleto poderoso para la autoestima y la serenidad, que te guiar\u00e1 en tu b\u00fasqueda de bienestar emocional y crecimiento espiritual.<\/p>\n<p>Quantitat: 1 Unitat. El preu \u00e9s per una unitat.<br \/>\nTama\u00f1o: Entre 8.5 y 9 cent\u00edmetros aproximadamente.<br \/>\nForma: Punta Generadora.<\/p>","protected":false},"featured_media":4376,"template":"","meta":[],"product_cat":[74,69],"product_tag":[],"class_list":{"0":"post-1459","1":"product","2":"type-product","3":"status-publish","4":"has-post-thumbnail","6":"product_cat-generadores-y-puntas","7":"product_cat-minerales","9":"first","10":"instock","11":"sale","12":"taxable","13":"shipping-taxable","14":"purchasable","15":"product-type-variable"},"yoast_head":"<!-- This site is optimized with the Yoast SEO plugin v27.3 - https:\/\/yoast.com\/product\/yoast-seo-wordpress\/ -->\n<title>Punta Generadora De Sodalita | Comunicaci\u00f3n - Claridad Mental - MINERALES LUNA LLENA<\/title>\n<meta name=\"robots\" content=\"index, follow, max-snippet:-1, max-image-preview:large, max-video-preview:-1\" \/>\n<link rel=\"canonical\" href=\"https:\/\/mineraleslunallena.com\/ca\/producte\/punta-generadora-de-sodalita-comunicacion-claridad-mental\/\" \/>\n<meta property=\"og:locale\" content=\"ca_ES\" \/>\n<meta property=\"og:type\" content=\"article\" \/>\n<meta property=\"og:title\" content=\"Punta Generadora De Sodalita | Comunicaci\u00f3n - Claridad Mental - MINERALES LUNA LLENA\" \/>\n<meta property=\"og:description\" content=\"La Sodalita, una piedra preciosa de profundo azul, destaca por sus notables propiedades espirituales y terap\u00e9uticas. Asociada al chakra de la garganta, mejora la comunicaci\u00f3n y la expresi\u00f3n personal, fomentando la autoconfianza. Adem\u00e1s, su influencia calmante equilibra las emociones y reduce el estr\u00e9s. En la meditaci\u00f3n, profundiza la conexi\u00f3n espiritual y la autoexploraci\u00f3n. Tambi\u00e9n estimula la creatividad y el enfoque mental, siendo ideal para estudiantes y profesionales. La Sodalita es un amuleto poderoso para la autoestima y la serenidad, que te guiar\u00e1 en tu b\u00fasqueda de bienestar emocional y crecimiento espiritual.  Cantidad: 1 Unidad. El precio es por una unidad. Tama\u00f1o: Entre 8.5 y 9 cent\u00edmetros aproximadamente. Forma: Punta Generadora.\" \/>\n<meta property=\"og:url\" content=\"https:\/\/mineraleslunallena.com\/ca\/producte\/punta-generadora-de-sodalita-comunicacion-claridad-mental\/\" \/>\n<meta property=\"og:site_name\" content=\"MINERALES LUNA LLENA\" \/>\n<meta property=\"article:modified_time\" content=\"2025-04-17T23:31:25+00:00\" \/>\n<meta property=\"og:image\" content=\"https:\/\/mineraleslunallena.com\/wp-content\/uploads\/2024\/05\/Punta-Generadora-De-Sodalita-scaled.jpg\" \/>\n\t<meta property=\"og:image:width\" content=\"1920\" \/>\n\t<meta property=\"og:image:height\" content=\"2560\" \/>\n\t<meta property=\"og:image:type\" content=\"image\/jpeg\" \/>\n<meta name=\"twitter:card\" content=\"summary_large_image\" \/>\n<meta name=\"twitter:label1\" content=\"Temps estimat de lectura\" \/>\n\t<meta name=\"twitter:data1\" content=\"1 minut\" \/>\n<script type=\"application\/ld+json\" class=\"yoast-schema-graph\">{\"@context\":\"https:\\\/\\\/schema.org\",\"@graph\":[{\"@type\":\"WebPage\",\"@id\":\"https:\\\/\\\/mineraleslunallena.com\\\/producto\\\/punta-generadora-de-sodalita-comunicacion-claridad-mental\\\/\",\"url\":\"https:\\\/\\\/mineraleslunallena.com\\\/producto\\\/punta-generadora-de-sodalita-comunicacion-claridad-mental\\\/\",\"name\":\"Punta Generadora De Sodalita | Comunicaci\u00f3n - Claridad Mental - MINERALES LUNA LLENA\",\"isPartOf\":{\"@id\":\"https:\\\/\\\/mineraleslunallena.com\\\/#website\"},\"primaryImageOfPage\":{\"@id\":\"https:\\\/\\\/mineraleslunallena.com\\\/producto\\\/punta-generadora-de-sodalita-comunicacion-claridad-mental\\\/#primaryimage\"},\"image\":{\"@id\":\"https:\\\/\\\/mineraleslunallena.com\\\/producto\\\/punta-generadora-de-sodalita-comunicacion-claridad-mental\\\/#primaryimage\"},\"thumbnailUrl\":\"https:\\\/\\\/mineraleslunallena.com\\\/wp-content\\\/uploads\\\/2024\\\/05\\\/Punta-Generadora-De-Sodalita-scaled.jpg\",\"datePublished\":\"2024-01-19T11:55:56+00:00\",\"dateModified\":\"2025-04-17T23:31:25+00:00\",\"breadcrumb\":{\"@id\":\"https:\\\/\\\/mineraleslunallena.com\\\/producto\\\/punta-generadora-de-sodalita-comunicacion-claridad-mental\\\/#breadcrumb\"},\"inLanguage\":\"ca\",\"potentialAction\":[{\"@type\":\"ReadAction\",\"target\":[\"https:\\\/\\\/mineraleslunallena.com\\\/producto\\\/punta-generadora-de-sodalita-comunicacion-claridad-mental\\\/\"]}]},{\"@type\":\"ImageObject\",\"inLanguage\":\"ca\",\"@id\":\"https:\\\/\\\/mineraleslunallena.com\\\/producto\\\/punta-generadora-de-sodalita-comunicacion-claridad-mental\\\/#primaryimage\",\"url\":\"https:\\\/\\\/mineraleslunallena.com\\\/wp-content\\\/uploads\\\/2024\\\/05\\\/Punta-Generadora-De-Sodalita-scaled.jpg\",\"contentUrl\":\"https:\\\/\\\/mineraleslunallena.com\\\/wp-content\\\/uploads\\\/2024\\\/05\\\/Punta-Generadora-De-Sodalita-scaled.jpg\",\"width\":1920,\"height\":2560},{\"@type\":\"BreadcrumbList\",\"@id\":\"https:\\\/\\\/mineraleslunallena.com\\\/producto\\\/punta-generadora-de-sodalita-comunicacion-claridad-mental\\\/#breadcrumb\",\"itemListElement\":[{\"@type\":\"ListItem\",\"position\":1,\"name\":\"Portada\",\"item\":\"https:\\\/\\\/mineraleslunallena.com\\\/\"},{\"@type\":\"ListItem\",\"position\":2,\"name\":\"Shop\",\"item\":\"https:\\\/\\\/mineraleslunallena.com\\\/ca\\\/shop\\\/\"},{\"@type\":\"ListItem\",\"position\":3,\"name\":\"Punta Generadora De Sodalita | Comunicaci\u00f3n &#8211; Claridad Mental\"}]},{\"@type\":\"WebSite\",\"@id\":\"https:\\\/\\\/mineraleslunallena.com\\\/#website\",\"url\":\"https:\\\/\\\/mineraleslunallena.com\\\/\",\"name\":\"LUNA LLENA MINERALES\",\"description\":\"Es el momento de conectarte con tu propio poder y confiar en tus habilidades.\",\"publisher\":{\"@id\":\"https:\\\/\\\/mineraleslunallena.com\\\/#organization\"},\"potentialAction\":[{\"@type\":\"SearchAction\",\"target\":{\"@type\":\"EntryPoint\",\"urlTemplate\":\"https:\\\/\\\/mineraleslunallena.com\\\/?s={search_term_string}\"},\"query-input\":{\"@type\":\"PropertyValueSpecification\",\"valueRequired\":true,\"valueName\":\"search_term_string\"}}],\"inLanguage\":\"ca\"},{\"@type\":\"Organization\",\"@id\":\"https:\\\/\\\/mineraleslunallena.com\\\/#organization\",\"name\":\"LUNA LLENA MINERALES\",\"url\":\"https:\\\/\\\/mineraleslunallena.com\\\/\",\"logo\":{\"@type\":\"ImageObject\",\"inLanguage\":\"ca\",\"@id\":\"https:\\\/\\\/mineraleslunallena.com\\\/#\\\/schema\\\/logo\\\/image\\\/\",\"url\":\"https:\\\/\\\/mineraleslunallena.com\\\/wp-content\\\/uploads\\\/2023\\\/07\\\/LUNA-LLENA-LOGO-nuevo.png\",\"contentUrl\":\"https:\\\/\\\/mineraleslunallena.com\\\/wp-content\\\/uploads\\\/2023\\\/07\\\/LUNA-LLENA-LOGO-nuevo.png\",\"width\":229,\"height\":167,\"caption\":\"LUNA LLENA MINERALES\"},\"image\":{\"@id\":\"https:\\\/\\\/mineraleslunallena.com\\\/#\\\/schema\\\/logo\\\/image\\\/\"}}]}<\/script>\n<!-- \/ Yoast SEO plugin. -->","yoast_head_json":{"title":"Punta Generadora De Sodalita | Comunicaci\u00f3n - Claridad Mental - MINERALES LUNA LLENA","robots":{"index":"index","follow":"follow","max-snippet":"max-snippet:-1","max-image-preview":"max-image-preview:large","max-video-preview":"max-video-preview:-1"},"canonical":"https:\/\/mineraleslunallena.com\/ca\/producte\/punta-generadora-de-sodalita-comunicacion-claridad-mental\/","og_locale":"ca_ES","og_type":"article","og_title":"Punta Generadora De Sodalita | Comunicaci\u00f3n - Claridad Mental - MINERALES LUNA LLENA","og_description":"La Sodalita, una piedra preciosa de profundo azul, destaca por sus notables propiedades espirituales y terap\u00e9uticas. Asociada al chakra de la garganta, mejora la comunicaci\u00f3n y la expresi\u00f3n personal, fomentando la autoconfianza. Adem\u00e1s, su influencia calmante equilibra las emociones y reduce el estr\u00e9s. En la meditaci\u00f3n, profundiza la conexi\u00f3n espiritual y la autoexploraci\u00f3n. Tambi\u00e9n estimula la creatividad y el enfoque mental, siendo ideal para estudiantes y profesionales. La Sodalita es un amuleto poderoso para la autoestima y la serenidad, que te guiar\u00e1 en tu b\u00fasqueda de bienestar emocional y crecimiento espiritual.  Cantidad: 1 Unidad. El precio es por una unidad. Tama\u00f1o: Entre 8.5 y 9 cent\u00edmetros aproximadamente. Forma: Punta Generadora.","og_url":"https:\/\/mineraleslunallena.com\/ca\/producte\/punta-generadora-de-sodalita-comunicacion-claridad-mental\/","og_site_name":"MINERALES LUNA LLENA","article_modified_time":"2025-04-17T23:31:25+00:00","og_image":[{"width":1920,"height":2560,"url":"https:\/\/mineraleslunallena.com\/wp-content\/uploads\/2024\/05\/Punta-Generadora-De-Sodalita-scaled.jpg","type":"image\/jpeg"}],"twitter_card":"summary_large_image","twitter_misc":{"Temps estimat de lectura":"1 minut"},"schema":{"@context":"https:\/\/schema.org","@graph":[{"@type":"WebPage","@id":"https:\/\/mineraleslunallena.com\/producto\/punta-generadora-de-sodalita-comunicacion-claridad-mental\/","url":"https:\/\/mineraleslunallena.com\/producto\/punta-generadora-de-sodalita-comunicacion-claridad-mental\/","name":"Punta Generadora De Sodalita | Comunicaci\u00f3n - Claridad Mental - MINERALES LUNA LLENA","isPartOf":{"@id":"https:\/\/mineraleslunallena.com\/#website"},"primaryImageOfPage":{"@id":"https:\/\/mineraleslunallena.com\/producto\/punta-generadora-de-sodalita-comunicacion-claridad-mental\/#primaryimage"},"image":{"@id":"https:\/\/mineraleslunallena.com\/producto\/punta-generadora-de-sodalita-comunicacion-claridad-mental\/#primaryimage"},"thumbnailUrl":"https:\/\/mineraleslunallena.com\/wp-content\/uploads\/2024\/05\/Punta-Generadora-De-Sodalita-scaled.jpg","datePublished":"2024-01-19T11:55:56+00:00","dateModified":"2025-04-17T23:31:25+00:00","breadcrumb":{"@id":"https:\/\/mineraleslunallena.com\/producto\/punta-generadora-de-sodalita-comunicacion-claridad-mental\/#breadcrumb"},"inLanguage":"ca","potentialAction":[{"@type":"ReadAction","target":["https:\/\/mineraleslunallena.com\/producto\/punta-generadora-de-sodalita-comunicacion-claridad-mental\/"]}]},{"@type":"ImageObject","inLanguage":"ca","@id":"https:\/\/mineraleslunallena.com\/producto\/punta-generadora-de-sodalita-comunicacion-claridad-mental\/#primaryimage","url":"https:\/\/mineraleslunallena.com\/wp-content\/uploads\/2024\/05\/Punta-Generadora-De-Sodalita-scaled.jpg","contentUrl":"https:\/\/mineraleslunallena.com\/wp-content\/uploads\/2024\/05\/Punta-Generadora-De-Sodalita-scaled.jpg","width":1920,"height":2560},{"@type":"BreadcrumbList","@id":"https:\/\/mineraleslunallena.com\/producto\/punta-generadora-de-sodalita-comunicacion-claridad-mental\/#breadcrumb","itemListElement":[{"@type":"ListItem","position":1,"name":"Portada","item":"https:\/\/mineraleslunallena.com\/"},{"@type":"ListItem","position":2,"name":"Shop","item":"https:\/\/mineraleslunallena.com\/ca\/shop\/"},{"@type":"ListItem","position":3,"name":"Punta Generadora De Sodalita | Comunicaci\u00f3n &#8211; Claridad Mental"}]},{"@type":"WebSite","@id":"https:\/\/mineraleslunallena.com\/#website","url":"https:\/\/mineraleslunallena.com\/","name":"LLUNA PLENA MINERALS","description":"\u00c9s el moment de connectar-te amb el teu poder i confiar en les teves habilitats.","publisher":{"@id":"https:\/\/mineraleslunallena.com\/#organization"},"potentialAction":[{"@type":"SearchAction","target":{"@type":"EntryPoint","urlTemplate":"https:\/\/mineraleslunallena.com\/?s={search_term_string}"},"query-input":{"@type":"PropertyValueSpecification","valueRequired":true,"valueName":"search_term_string"}}],"inLanguage":"ca"},{"@type":"Organization","@id":"https:\/\/mineraleslunallena.com\/#organization","name":"LLUNA PLENA MINERALS","url":"https:\/\/mineraleslunallena.com\/","logo":{"@type":"ImageObject","inLanguage":"ca","@id":"https:\/\/mineraleslunallena.com\/#\/schema\/logo\/image\/","url":"https:\/\/mineraleslunallena.com\/wp-content\/uploads\/2023\/07\/LUNA-LLENA-LOGO-nuevo.png","contentUrl":"https:\/\/mineraleslunallena.com\/wp-content\/uploads\/2023\/07\/LUNA-LLENA-LOGO-nuevo.png","width":229,"height":167,"caption":"LUNA LLENA MINERALES"},"image":{"@id":"https:\/\/mineraleslunallena.com\/#\/schema\/logo\/image\/"}}]}},"_links":{"self":[{"href":"https:\/\/mineraleslunallena.com\/ca\/wp-json\/wp\/v2\/product\/1459","targetHints":{"allow":["GET"]}}],"collection":[{"href":"https:\/\/mineraleslunallena.com\/ca\/wp-json\/wp\/v2\/product"}],"about":[{"href":"https:\/\/mineraleslunallena.com\/ca\/wp-json\/wp\/v2\/types\/product"}],"version-history":[{"count":4,"href":"https:\/\/mineraleslunallena.com\/ca\/wp-json\/wp\/v2\/product\/1459\/revisions"}],"predecessor-version":[{"id":3417,"href":"https:\/\/mineraleslunallena.com\/ca\/wp-json\/wp\/v2\/product\/1459\/revisions\/3417"}],"wp:featuredmedia":[{"embeddable":true,"href":"https:\/\/mineraleslunallena.com\/ca\/wp-json\/wp\/v2\/media\/4376"}],"wp:attachment":[{"href":"https:\/\/mineraleslunallena.com\/ca\/wp-json\/wp\/v2\/media?parent=1459"}],"wp:term":[{"taxonomy":"product_cat","embeddable":true,"href":"https:\/\/mineraleslunallena.com\/ca\/wp-json\/wp\/v2\/product_cat?post=1459"},{"taxonomy":"product_tag","embeddable":true,"href":"https:\/\/mineraleslunallena.com\/ca\/wp-json\/wp\/v2\/product_tag?post=1459"}],"curies":[{"name":"wp","href":"https:\/\/api.w.org\/{rel}","templated":true}]}}