{"id":1498,"date":"2024-01-23T09:33:05","date_gmt":"2024-01-23T09:33:05","guid":{"rendered":"https:\/\/minerales.ultbit.com\/?post_type=product&#038;p=1498"},"modified":"2025-10-02T01:51:35","modified_gmt":"2025-10-01T23:51:35","slug":"calcita-azul-masivo-calma-comunicacion-antiestres","status":"publish","type":"product","link":"https:\/\/mineraleslunallena.com\/ca\/producte\/calcita-azul-masivo-calma-comunicacion-antiestres\/","title":{"rendered":"Calcita Blava Massiva | Calma \u2013 Comunicaci\u00f3 \u2013 Antiestres ."},"content":{"rendered":"<p>La Calcita Azul, una gema calmante que te conecta con la serenidad interior. \u00dasala para aliviar el estr\u00e9s y promover la tranquilidad mental.<br \/>\nPerfecta para meditaci\u00f3n y relajaci\u00f3n. Estimula la comunicaci\u00f3n clara y aut\u00e9ntica. Fortalece el chakra de la garganta y promueve la expresi\u00f3n consciente.<br \/>\nConecta con tu intuici\u00f3n y el plano espiritual. Agrega esta piedra suave a tu colecci\u00f3n de minerales.<\/p>\n<p>Encuentra paz y claridad con la Calcita Azul<\/p>\n<p>Quantitat: 1 Unitat. El preu \u00e9s per una unitat.<br \/>\nTama\u00f1o: Entre 3 y 5 cent\u00edmetros aproximadamente.<br \/>\nForma: Mineral Massiu.<\/p>","protected":false},"excerpt":{"rendered":"<p>La Calcita Azul, una gema calmante que te conecta con la serenidad interior. \u00dasala para aliviar el estr\u00e9s y promover la tranquilidad mental.<br \/>\nPerfecta para meditaci\u00f3n y relajaci\u00f3n. Estimula la comunicaci\u00f3n clara y aut\u00e9ntica. Fortalece el chakra de la garganta y promueve la expresi\u00f3n consciente.<br \/>\nConecta con tu intuici\u00f3n y el plano espiritual. Agrega esta piedra suave a tu colecci\u00f3n de minerales.<\/p>\n<p>Encuentra paz y claridad con la Calcita Azul.<\/p>\n<p>Quantitat: 1 Unitat. El preu \u00e9s per una unitat.<br \/>\nTama\u00f1o: Entre 3 y 5 cent\u00edmetros aproximadamente.<br \/>\nForma: Mineral masivo.<\/p>","protected":false},"featured_media":1499,"template":"","meta":[],"product_cat":[72,69],"product_tag":[],"class_list":{"0":"post-1498","1":"product","2":"type-product","3":"status-publish","4":"has-post-thumbnail","6":"product_cat-masivos","7":"product_cat-minerales","9":"first","10":"instock","11":"sale","12":"taxable","13":"shipping-taxable","14":"purchasable","15":"product-type-simple"},"yoast_head":"<!-- This site is optimized with the Yoast SEO plugin v27.3 - https:\/\/yoast.com\/product\/yoast-seo-wordpress\/ -->\n<title>Calcita Azul Masivo | Calma - Comunicaci\u00f3n - Antiestres . - MINERALES LUNA LLENA<\/title>\n<meta name=\"robots\" content=\"index, follow, max-snippet:-1, max-image-preview:large, max-video-preview:-1\" \/>\n<link rel=\"canonical\" href=\"https:\/\/mineraleslunallena.com\/ca\/producte\/calcita-azul-masivo-calma-comunicacion-antiestres\/\" \/>\n<meta property=\"og:locale\" content=\"ca_ES\" \/>\n<meta property=\"og:type\" content=\"article\" \/>\n<meta property=\"og:title\" content=\"Calcita Azul Masivo | Calma - Comunicaci\u00f3n - Antiestres . - MINERALES LUNA LLENA\" \/>\n<meta property=\"og:description\" content=\"La Calcita Azul, una gema calmante que te conecta con la serenidad interior. \u00dasala para aliviar el estr\u00e9s y promover la tranquilidad mental. Perfecta para meditaci\u00f3n y relajaci\u00f3n. Estimula la comunicaci\u00f3n clara y aut\u00e9ntica. Fortalece el chakra de la garganta y promueve la expresi\u00f3n consciente. Conecta con tu intuici\u00f3n y el plano espiritual. Agrega esta piedra suave a tu colecci\u00f3n de minerales.  Encuentra paz y claridad con la Calcita Azul.  Cantidad: 1 Unidad. El precio es por una unidad. Tama\u00f1o: Entre 3 y 5 cent\u00edmetros aproximadamente. Forma: Mineral masivo.\" \/>\n<meta property=\"og:url\" content=\"https:\/\/mineraleslunallena.com\/ca\/producte\/calcita-azul-masivo-calma-comunicacion-antiestres\/\" \/>\n<meta property=\"og:site_name\" content=\"MINERALES LUNA LLENA\" \/>\n<meta property=\"article:modified_time\" content=\"2025-10-01T23:51:35+00:00\" \/>\n<meta property=\"og:image\" content=\"https:\/\/mineraleslunallena.com\/wp-content\/uploads\/2024\/01\/m_m_004-scaled.jpg\" \/>\n\t<meta property=\"og:image:width\" content=\"1920\" \/>\n\t<meta property=\"og:image:height\" content=\"2560\" \/>\n\t<meta property=\"og:image:type\" content=\"image\/jpeg\" \/>\n<meta name=\"twitter:card\" content=\"summary_large_image\" \/>\n<meta name=\"twitter:label1\" content=\"Temps estimat de lectura\" \/>\n\t<meta name=\"twitter:data1\" content=\"1 minut\" \/>\n<script type=\"application\/ld+json\" class=\"yoast-schema-graph\">{\"@context\":\"https:\\\/\\\/schema.org\",\"@graph\":[{\"@type\":\"WebPage\",\"@id\":\"https:\\\/\\\/mineraleslunallena.com\\\/producto\\\/calcita-azul-masivo-calma-comunicacion-antiestres\\\/\",\"url\":\"https:\\\/\\\/mineraleslunallena.com\\\/producto\\\/calcita-azul-masivo-calma-comunicacion-antiestres\\\/\",\"name\":\"Calcita Azul Masivo | Calma - Comunicaci\u00f3n - Antiestres . - MINERALES LUNA LLENA\",\"isPartOf\":{\"@id\":\"https:\\\/\\\/mineraleslunallena.com\\\/#website\"},\"primaryImageOfPage\":{\"@id\":\"https:\\\/\\\/mineraleslunallena.com\\\/producto\\\/calcita-azul-masivo-calma-comunicacion-antiestres\\\/#primaryimage\"},\"image\":{\"@id\":\"https:\\\/\\\/mineraleslunallena.com\\\/producto\\\/calcita-azul-masivo-calma-comunicacion-antiestres\\\/#primaryimage\"},\"thumbnailUrl\":\"https:\\\/\\\/mineraleslunallena.com\\\/wp-content\\\/uploads\\\/2024\\\/01\\\/m_m_004-scaled.jpg\",\"datePublished\":\"2024-01-23T09:33:05+00:00\",\"dateModified\":\"2025-10-01T23:51:35+00:00\",\"breadcrumb\":{\"@id\":\"https:\\\/\\\/mineraleslunallena.com\\\/producto\\\/calcita-azul-masivo-calma-comunicacion-antiestres\\\/#breadcrumb\"},\"inLanguage\":\"ca\",\"potentialAction\":[{\"@type\":\"ReadAction\",\"target\":[\"https:\\\/\\\/mineraleslunallena.com\\\/producto\\\/calcita-azul-masivo-calma-comunicacion-antiestres\\\/\"]}]},{\"@type\":\"ImageObject\",\"inLanguage\":\"ca\",\"@id\":\"https:\\\/\\\/mineraleslunallena.com\\\/producto\\\/calcita-azul-masivo-calma-comunicacion-antiestres\\\/#primaryimage\",\"url\":\"https:\\\/\\\/mineraleslunallena.com\\\/wp-content\\\/uploads\\\/2024\\\/01\\\/m_m_004-scaled.jpg\",\"contentUrl\":\"https:\\\/\\\/mineraleslunallena.com\\\/wp-content\\\/uploads\\\/2024\\\/01\\\/m_m_004-scaled.jpg\",\"width\":1920,\"height\":2560},{\"@type\":\"BreadcrumbList\",\"@id\":\"https:\\\/\\\/mineraleslunallena.com\\\/producto\\\/calcita-azul-masivo-calma-comunicacion-antiestres\\\/#breadcrumb\",\"itemListElement\":[{\"@type\":\"ListItem\",\"position\":1,\"name\":\"Portada\",\"item\":\"https:\\\/\\\/mineraleslunallena.com\\\/\"},{\"@type\":\"ListItem\",\"position\":2,\"name\":\"Shop\",\"item\":\"https:\\\/\\\/mineraleslunallena.com\\\/ca\\\/shop\\\/\"},{\"@type\":\"ListItem\",\"position\":3,\"name\":\"Calcita Azul Masivo | Calma &#8211; Comunicaci\u00f3n &#8211; Antiestres .\"}]},{\"@type\":\"WebSite\",\"@id\":\"https:\\\/\\\/mineraleslunallena.com\\\/#website\",\"url\":\"https:\\\/\\\/mineraleslunallena.com\\\/\",\"name\":\"LUNA LLENA MINERALES\",\"description\":\"Es el momento de conectarte con tu propio poder y confiar en tus habilidades.\",\"publisher\":{\"@id\":\"https:\\\/\\\/mineraleslunallena.com\\\/#organization\"},\"potentialAction\":[{\"@type\":\"SearchAction\",\"target\":{\"@type\":\"EntryPoint\",\"urlTemplate\":\"https:\\\/\\\/mineraleslunallena.com\\\/?s={search_term_string}\"},\"query-input\":{\"@type\":\"PropertyValueSpecification\",\"valueRequired\":true,\"valueName\":\"search_term_string\"}}],\"inLanguage\":\"ca\"},{\"@type\":\"Organization\",\"@id\":\"https:\\\/\\\/mineraleslunallena.com\\\/#organization\",\"name\":\"LUNA LLENA MINERALES\",\"url\":\"https:\\\/\\\/mineraleslunallena.com\\\/\",\"logo\":{\"@type\":\"ImageObject\",\"inLanguage\":\"ca\",\"@id\":\"https:\\\/\\\/mineraleslunallena.com\\\/#\\\/schema\\\/logo\\\/image\\\/\",\"url\":\"https:\\\/\\\/mineraleslunallena.com\\\/wp-content\\\/uploads\\\/2023\\\/07\\\/LUNA-LLENA-LOGO-nuevo.png\",\"contentUrl\":\"https:\\\/\\\/mineraleslunallena.com\\\/wp-content\\\/uploads\\\/2023\\\/07\\\/LUNA-LLENA-LOGO-nuevo.png\",\"width\":229,\"height\":167,\"caption\":\"LUNA LLENA MINERALES\"},\"image\":{\"@id\":\"https:\\\/\\\/mineraleslunallena.com\\\/#\\\/schema\\\/logo\\\/image\\\/\"}}]}<\/script>\n<!-- \/ Yoast SEO plugin. -->","yoast_head_json":{"title":"Calcita Azul Masivo | Calma - Comunicaci\u00f3n - Antiestres . - MINERALES LUNA LLENA","robots":{"index":"index","follow":"follow","max-snippet":"max-snippet:-1","max-image-preview":"max-image-preview:large","max-video-preview":"max-video-preview:-1"},"canonical":"https:\/\/mineraleslunallena.com\/ca\/producte\/calcita-azul-masivo-calma-comunicacion-antiestres\/","og_locale":"ca_ES","og_type":"article","og_title":"Calcita Azul Masivo | Calma - Comunicaci\u00f3n - Antiestres . - MINERALES LUNA LLENA","og_description":"La Calcita Azul, una gema calmante que te conecta con la serenidad interior. \u00dasala para aliviar el estr\u00e9s y promover la tranquilidad mental. Perfecta para meditaci\u00f3n y relajaci\u00f3n. Estimula la comunicaci\u00f3n clara y aut\u00e9ntica. Fortalece el chakra de la garganta y promueve la expresi\u00f3n consciente. Conecta con tu intuici\u00f3n y el plano espiritual. Agrega esta piedra suave a tu colecci\u00f3n de minerales.  Encuentra paz y claridad con la Calcita Azul.  Cantidad: 1 Unidad. El precio es por una unidad. Tama\u00f1o: Entre 3 y 5 cent\u00edmetros aproximadamente. Forma: Mineral masivo.","og_url":"https:\/\/mineraleslunallena.com\/ca\/producte\/calcita-azul-masivo-calma-comunicacion-antiestres\/","og_site_name":"MINERALES LUNA LLENA","article_modified_time":"2025-10-01T23:51:35+00:00","og_image":[{"width":1920,"height":2560,"url":"https:\/\/mineraleslunallena.com\/wp-content\/uploads\/2024\/01\/m_m_004-scaled.jpg","type":"image\/jpeg"}],"twitter_card":"summary_large_image","twitter_misc":{"Temps estimat de lectura":"1 minut"},"schema":{"@context":"https:\/\/schema.org","@graph":[{"@type":"WebPage","@id":"https:\/\/mineraleslunallena.com\/producto\/calcita-azul-masivo-calma-comunicacion-antiestres\/","url":"https:\/\/mineraleslunallena.com\/producto\/calcita-azul-masivo-calma-comunicacion-antiestres\/","name":"Calcita Azul Masivo | Calma - Comunicaci\u00f3n - Antiestres . - MINERALES LUNA LLENA","isPartOf":{"@id":"https:\/\/mineraleslunallena.com\/#website"},"primaryImageOfPage":{"@id":"https:\/\/mineraleslunallena.com\/producto\/calcita-azul-masivo-calma-comunicacion-antiestres\/#primaryimage"},"image":{"@id":"https:\/\/mineraleslunallena.com\/producto\/calcita-azul-masivo-calma-comunicacion-antiestres\/#primaryimage"},"thumbnailUrl":"https:\/\/mineraleslunallena.com\/wp-content\/uploads\/2024\/01\/m_m_004-scaled.jpg","datePublished":"2024-01-23T09:33:05+00:00","dateModified":"2025-10-01T23:51:35+00:00","breadcrumb":{"@id":"https:\/\/mineraleslunallena.com\/producto\/calcita-azul-masivo-calma-comunicacion-antiestres\/#breadcrumb"},"inLanguage":"ca","potentialAction":[{"@type":"ReadAction","target":["https:\/\/mineraleslunallena.com\/producto\/calcita-azul-masivo-calma-comunicacion-antiestres\/"]}]},{"@type":"ImageObject","inLanguage":"ca","@id":"https:\/\/mineraleslunallena.com\/producto\/calcita-azul-masivo-calma-comunicacion-antiestres\/#primaryimage","url":"https:\/\/mineraleslunallena.com\/wp-content\/uploads\/2024\/01\/m_m_004-scaled.jpg","contentUrl":"https:\/\/mineraleslunallena.com\/wp-content\/uploads\/2024\/01\/m_m_004-scaled.jpg","width":1920,"height":2560},{"@type":"BreadcrumbList","@id":"https:\/\/mineraleslunallena.com\/producto\/calcita-azul-masivo-calma-comunicacion-antiestres\/#breadcrumb","itemListElement":[{"@type":"ListItem","position":1,"name":"Portada","item":"https:\/\/mineraleslunallena.com\/"},{"@type":"ListItem","position":2,"name":"Shop","item":"https:\/\/mineraleslunallena.com\/ca\/shop\/"},{"@type":"ListItem","position":3,"name":"Calcita Azul Masivo | Calma &#8211; Comunicaci\u00f3n &#8211; Antiestres ."}]},{"@type":"WebSite","@id":"https:\/\/mineraleslunallena.com\/#website","url":"https:\/\/mineraleslunallena.com\/","name":"LLUNA PLENA MINERALS","description":"\u00c9s el moment de connectar-te amb el teu poder i confiar en les teves habilitats.","publisher":{"@id":"https:\/\/mineraleslunallena.com\/#organization"},"potentialAction":[{"@type":"SearchAction","target":{"@type":"EntryPoint","urlTemplate":"https:\/\/mineraleslunallena.com\/?s={search_term_string}"},"query-input":{"@type":"PropertyValueSpecification","valueRequired":true,"valueName":"search_term_string"}}],"inLanguage":"ca"},{"@type":"Organization","@id":"https:\/\/mineraleslunallena.com\/#organization","name":"LLUNA PLENA MINERALS","url":"https:\/\/mineraleslunallena.com\/","logo":{"@type":"ImageObject","inLanguage":"ca","@id":"https:\/\/mineraleslunallena.com\/#\/schema\/logo\/image\/","url":"https:\/\/mineraleslunallena.com\/wp-content\/uploads\/2023\/07\/LUNA-LLENA-LOGO-nuevo.png","contentUrl":"https:\/\/mineraleslunallena.com\/wp-content\/uploads\/2023\/07\/LUNA-LLENA-LOGO-nuevo.png","width":229,"height":167,"caption":"LUNA LLENA MINERALES"},"image":{"@id":"https:\/\/mineraleslunallena.com\/#\/schema\/logo\/image\/"}}]}},"_links":{"self":[{"href":"https:\/\/mineraleslunallena.com\/ca\/wp-json\/wp\/v2\/product\/1498","targetHints":{"allow":["GET"]}}],"collection":[{"href":"https:\/\/mineraleslunallena.com\/ca\/wp-json\/wp\/v2\/product"}],"about":[{"href":"https:\/\/mineraleslunallena.com\/ca\/wp-json\/wp\/v2\/types\/product"}],"version-history":[{"count":4,"href":"https:\/\/mineraleslunallena.com\/ca\/wp-json\/wp\/v2\/product\/1498\/revisions"}],"predecessor-version":[{"id":3883,"href":"https:\/\/mineraleslunallena.com\/ca\/wp-json\/wp\/v2\/product\/1498\/revisions\/3883"}],"wp:featuredmedia":[{"embeddable":true,"href":"https:\/\/mineraleslunallena.com\/ca\/wp-json\/wp\/v2\/media\/1499"}],"wp:attachment":[{"href":"https:\/\/mineraleslunallena.com\/ca\/wp-json\/wp\/v2\/media?parent=1498"}],"wp:term":[{"taxonomy":"product_cat","embeddable":true,"href":"https:\/\/mineraleslunallena.com\/ca\/wp-json\/wp\/v2\/product_cat?post=1498"},{"taxonomy":"product_tag","embeddable":true,"href":"https:\/\/mineraleslunallena.com\/ca\/wp-json\/wp\/v2\/product_tag?post=1498"}],"curies":[{"name":"wp","href":"https:\/\/api.w.org\/{rel}","templated":true}]}}