{"id":1502,"date":"2024-01-23T09:35:35","date_gmt":"2024-01-23T09:35:35","guid":{"rendered":"https:\/\/minerales.ultbit.com\/?post_type=product&#038;p=1502"},"modified":"2024-03-07T22:09:10","modified_gmt":"2024-03-07T21:09:10","slug":"fluorita-masivo-claridad-mental-limpieza-equilibrio-emocional","status":"publish","type":"product","link":"https:\/\/mineraleslunallena.com\/ca\/producte\/fluorita-masivo-claridad-mental-limpieza-equilibrio-emocional\/","title":{"rendered":"Fluorita Massiu | Claredat Mental \u2013 Neteja \u2013 Equilibri Emocional"},"content":{"rendered":"<p>La Fluorita, una gema m\u00e1gica que promueve la claridad mental y la concentraci\u00f3n. Util\u00edzala para mejorar el enfoque en momentos de estudio o trabajo intelectual.<br \/>\nBrinda calma y equilibrio emocional en situaciones de estr\u00e9s y ansiedad. Amplifica la intuici\u00f3n y fortalece la conexi\u00f3n espiritual. Protege tu energ\u00eda y disipa las negatividades.<br \/>\nBeneficia al sistema inmunol\u00f3gico y alivia problemas respiratorios. Equilibra los chakras, especialmente el tercer ojo y la garganta.<br \/>\nA\u00f1ade esta piedra sagrada a tu colecci\u00f3n y encuentra la claridad y armon\u00eda que buscas en tu camino espiritual.<br \/>\nQuantitat: 1 Unitat. El preu \u00e9s per una unitat.<br \/>\nTama\u00f1o: Peque\u00f1o 4-5cm 6,66\u20ac \/ Grande 6-7cm 8,88\u20ac<br \/>\nForma: Mineral masivo.<\/p>","protected":false},"excerpt":{"rendered":"<p>La Fluorita, una gema m\u00e1gica que promueve la claridad mental y la concentraci\u00f3n. Util\u00edzala para mejorar el enfoque en momentos de estudio o trabajo intelectual.<br \/>\nBrinda calma y equilibrio emocional en situaciones de estr\u00e9s y ansiedad. Amplifica la intuici\u00f3n y fortalece la conexi\u00f3n espiritual. Protege tu energ\u00eda y disipa las negatividades.<br \/>\nBeneficia al sistema inmunol\u00f3gico y alivia problemas respiratorios. Equilibra los chakras, especialmente el tercer ojo y la garganta.<br \/>\nA\u00f1ade esta piedra sagrada a tu colecci\u00f3n y encuentra la claridad y armon\u00eda que buscas en tu camino espiritual.<br \/>\nQuantitat: 1 Unitat. El preu \u00e9s per una unitat.<br \/>\nTama\u00f1o: Peque\u00f1o 4-5cm 6,66\u20ac \/ Grande 6-7cm 8,88\u20ac<br \/>\nForma: Mineral masivo.<\/p>","protected":false},"featured_media":1504,"template":"","meta":[],"product_cat":[72,69],"product_tag":[],"class_list":{"0":"post-1502","1":"product","2":"type-product","3":"status-publish","4":"has-post-thumbnail","6":"product_cat-masivos","7":"product_cat-minerales","9":"first","10":"instock","11":"sale","12":"taxable","13":"shipping-taxable","14":"purchasable","15":"product-type-simple"},"yoast_head":"<!-- This site is optimized with the Yoast SEO plugin v27.3 - https:\/\/yoast.com\/product\/yoast-seo-wordpress\/ -->\n<title>Fluorita Masivo | Claridad Mental - Limpieza - Equilibrio Emocional - MINERALES LUNA LLENA<\/title>\n<meta name=\"robots\" content=\"index, follow, max-snippet:-1, max-image-preview:large, max-video-preview:-1\" \/>\n<link rel=\"canonical\" href=\"https:\/\/mineraleslunallena.com\/ca\/producte\/fluorita-masivo-claridad-mental-limpieza-equilibrio-emocional\/\" \/>\n<meta property=\"og:locale\" content=\"ca_ES\" \/>\n<meta property=\"og:type\" content=\"article\" \/>\n<meta property=\"og:title\" content=\"Fluorita Masivo | Claridad Mental - Limpieza - Equilibrio Emocional - MINERALES LUNA LLENA\" \/>\n<meta property=\"og:description\" content=\"La Fluorita, una gema m\u00e1gica que promueve la claridad mental y la concentraci\u00f3n. Util\u00edzala para mejorar el enfoque en momentos de estudio o trabajo intelectual. Brinda calma y equilibrio emocional en situaciones de estr\u00e9s y ansiedad. Amplifica la intuici\u00f3n y fortalece la conexi\u00f3n espiritual. Protege tu energ\u00eda y disipa las negatividades. Beneficia al sistema inmunol\u00f3gico y alivia problemas respiratorios. Equilibra los chakras, especialmente el tercer ojo y la garganta. A\u00f1ade esta piedra sagrada a tu colecci\u00f3n y encuentra la claridad y armon\u00eda que buscas en tu camino espiritual. Cantidad: 1 Unidad. El precio es por una unidad. Tama\u00f1o: Peque\u00f1o 4-5cm 6,66\u20ac \/ Grande 6-7cm 8,88\u20ac Forma: Mineral masivo.\" \/>\n<meta property=\"og:url\" content=\"https:\/\/mineraleslunallena.com\/ca\/producte\/fluorita-masivo-claridad-mental-limpieza-equilibrio-emocional\/\" \/>\n<meta property=\"og:site_name\" content=\"MINERALES LUNA LLENA\" \/>\n<meta property=\"article:modified_time\" content=\"2024-03-07T21:09:10+00:00\" \/>\n<meta property=\"og:image\" content=\"https:\/\/mineraleslunallena.com\/wp-content\/uploads\/2024\/01\/m_m_006-scaled.jpg\" \/>\n\t<meta property=\"og:image:width\" content=\"1920\" \/>\n\t<meta property=\"og:image:height\" content=\"2560\" \/>\n\t<meta property=\"og:image:type\" content=\"image\/jpeg\" \/>\n<meta name=\"twitter:card\" content=\"summary_large_image\" \/>\n<meta name=\"twitter:label1\" content=\"Temps estimat de lectura\" \/>\n\t<meta name=\"twitter:data1\" content=\"1 minut\" \/>\n<script type=\"application\/ld+json\" class=\"yoast-schema-graph\">{\"@context\":\"https:\\\/\\\/schema.org\",\"@graph\":[{\"@type\":\"WebPage\",\"@id\":\"https:\\\/\\\/mineraleslunallena.com\\\/producto\\\/fluorita-masivo-claridad-mental-limpieza-equilibrio-emocional\\\/\",\"url\":\"https:\\\/\\\/mineraleslunallena.com\\\/producto\\\/fluorita-masivo-claridad-mental-limpieza-equilibrio-emocional\\\/\",\"name\":\"Fluorita Masivo | Claridad Mental - Limpieza - Equilibrio Emocional - MINERALES LUNA LLENA\",\"isPartOf\":{\"@id\":\"https:\\\/\\\/mineraleslunallena.com\\\/#website\"},\"primaryImageOfPage\":{\"@id\":\"https:\\\/\\\/mineraleslunallena.com\\\/producto\\\/fluorita-masivo-claridad-mental-limpieza-equilibrio-emocional\\\/#primaryimage\"},\"image\":{\"@id\":\"https:\\\/\\\/mineraleslunallena.com\\\/producto\\\/fluorita-masivo-claridad-mental-limpieza-equilibrio-emocional\\\/#primaryimage\"},\"thumbnailUrl\":\"https:\\\/\\\/mineraleslunallena.com\\\/wp-content\\\/uploads\\\/2024\\\/01\\\/m_m_006-scaled.jpg\",\"datePublished\":\"2024-01-23T09:35:35+00:00\",\"dateModified\":\"2024-03-07T21:09:10+00:00\",\"breadcrumb\":{\"@id\":\"https:\\\/\\\/mineraleslunallena.com\\\/producto\\\/fluorita-masivo-claridad-mental-limpieza-equilibrio-emocional\\\/#breadcrumb\"},\"inLanguage\":\"ca\",\"potentialAction\":[{\"@type\":\"ReadAction\",\"target\":[\"https:\\\/\\\/mineraleslunallena.com\\\/producto\\\/fluorita-masivo-claridad-mental-limpieza-equilibrio-emocional\\\/\"]}]},{\"@type\":\"ImageObject\",\"inLanguage\":\"ca\",\"@id\":\"https:\\\/\\\/mineraleslunallena.com\\\/producto\\\/fluorita-masivo-claridad-mental-limpieza-equilibrio-emocional\\\/#primaryimage\",\"url\":\"https:\\\/\\\/mineraleslunallena.com\\\/wp-content\\\/uploads\\\/2024\\\/01\\\/m_m_006-scaled.jpg\",\"contentUrl\":\"https:\\\/\\\/mineraleslunallena.com\\\/wp-content\\\/uploads\\\/2024\\\/01\\\/m_m_006-scaled.jpg\",\"width\":1920,\"height\":2560},{\"@type\":\"BreadcrumbList\",\"@id\":\"https:\\\/\\\/mineraleslunallena.com\\\/producto\\\/fluorita-masivo-claridad-mental-limpieza-equilibrio-emocional\\\/#breadcrumb\",\"itemListElement\":[{\"@type\":\"ListItem\",\"position\":1,\"name\":\"Portada\",\"item\":\"https:\\\/\\\/mineraleslunallena.com\\\/\"},{\"@type\":\"ListItem\",\"position\":2,\"name\":\"Shop\",\"item\":\"https:\\\/\\\/mineraleslunallena.com\\\/ca\\\/shop\\\/\"},{\"@type\":\"ListItem\",\"position\":3,\"name\":\"Fluorita Masivo | Claridad Mental &#8211; Limpieza &#8211; Equilibrio Emocional\"}]},{\"@type\":\"WebSite\",\"@id\":\"https:\\\/\\\/mineraleslunallena.com\\\/#website\",\"url\":\"https:\\\/\\\/mineraleslunallena.com\\\/\",\"name\":\"LUNA LLENA MINERALES\",\"description\":\"Es el momento de conectarte con tu propio poder y confiar en tus habilidades.\",\"publisher\":{\"@id\":\"https:\\\/\\\/mineraleslunallena.com\\\/#organization\"},\"potentialAction\":[{\"@type\":\"SearchAction\",\"target\":{\"@type\":\"EntryPoint\",\"urlTemplate\":\"https:\\\/\\\/mineraleslunallena.com\\\/?s={search_term_string}\"},\"query-input\":{\"@type\":\"PropertyValueSpecification\",\"valueRequired\":true,\"valueName\":\"search_term_string\"}}],\"inLanguage\":\"ca\"},{\"@type\":\"Organization\",\"@id\":\"https:\\\/\\\/mineraleslunallena.com\\\/#organization\",\"name\":\"LUNA LLENA MINERALES\",\"url\":\"https:\\\/\\\/mineraleslunallena.com\\\/\",\"logo\":{\"@type\":\"ImageObject\",\"inLanguage\":\"ca\",\"@id\":\"https:\\\/\\\/mineraleslunallena.com\\\/#\\\/schema\\\/logo\\\/image\\\/\",\"url\":\"https:\\\/\\\/mineraleslunallena.com\\\/wp-content\\\/uploads\\\/2023\\\/07\\\/LUNA-LLENA-LOGO-nuevo.png\",\"contentUrl\":\"https:\\\/\\\/mineraleslunallena.com\\\/wp-content\\\/uploads\\\/2023\\\/07\\\/LUNA-LLENA-LOGO-nuevo.png\",\"width\":229,\"height\":167,\"caption\":\"LUNA LLENA MINERALES\"},\"image\":{\"@id\":\"https:\\\/\\\/mineraleslunallena.com\\\/#\\\/schema\\\/logo\\\/image\\\/\"}}]}<\/script>\n<!-- \/ Yoast SEO plugin. -->","yoast_head_json":{"title":"Fluorita Masivo | Claridad Mental - Limpieza - Equilibrio Emocional - MINERALES LUNA LLENA","robots":{"index":"index","follow":"follow","max-snippet":"max-snippet:-1","max-image-preview":"max-image-preview:large","max-video-preview":"max-video-preview:-1"},"canonical":"https:\/\/mineraleslunallena.com\/ca\/producte\/fluorita-masivo-claridad-mental-limpieza-equilibrio-emocional\/","og_locale":"ca_ES","og_type":"article","og_title":"Fluorita Masivo | Claridad Mental - Limpieza - Equilibrio Emocional - MINERALES LUNA LLENA","og_description":"La Fluorita, una gema m\u00e1gica que promueve la claridad mental y la concentraci\u00f3n. Util\u00edzala para mejorar el enfoque en momentos de estudio o trabajo intelectual. Brinda calma y equilibrio emocional en situaciones de estr\u00e9s y ansiedad. Amplifica la intuici\u00f3n y fortalece la conexi\u00f3n espiritual. Protege tu energ\u00eda y disipa las negatividades. Beneficia al sistema inmunol\u00f3gico y alivia problemas respiratorios. Equilibra los chakras, especialmente el tercer ojo y la garganta. A\u00f1ade esta piedra sagrada a tu colecci\u00f3n y encuentra la claridad y armon\u00eda que buscas en tu camino espiritual. Cantidad: 1 Unidad. El precio es por una unidad. Tama\u00f1o: Peque\u00f1o 4-5cm 6,66\u20ac \/ Grande 6-7cm 8,88\u20ac Forma: Mineral masivo.","og_url":"https:\/\/mineraleslunallena.com\/ca\/producte\/fluorita-masivo-claridad-mental-limpieza-equilibrio-emocional\/","og_site_name":"MINERALES LUNA LLENA","article_modified_time":"2024-03-07T21:09:10+00:00","og_image":[{"width":1920,"height":2560,"url":"https:\/\/mineraleslunallena.com\/wp-content\/uploads\/2024\/01\/m_m_006-scaled.jpg","type":"image\/jpeg"}],"twitter_card":"summary_large_image","twitter_misc":{"Temps estimat de lectura":"1 minut"},"schema":{"@context":"https:\/\/schema.org","@graph":[{"@type":"WebPage","@id":"https:\/\/mineraleslunallena.com\/producto\/fluorita-masivo-claridad-mental-limpieza-equilibrio-emocional\/","url":"https:\/\/mineraleslunallena.com\/producto\/fluorita-masivo-claridad-mental-limpieza-equilibrio-emocional\/","name":"Fluorita Masivo | Claridad Mental - Limpieza - Equilibrio Emocional - MINERALES LUNA LLENA","isPartOf":{"@id":"https:\/\/mineraleslunallena.com\/#website"},"primaryImageOfPage":{"@id":"https:\/\/mineraleslunallena.com\/producto\/fluorita-masivo-claridad-mental-limpieza-equilibrio-emocional\/#primaryimage"},"image":{"@id":"https:\/\/mineraleslunallena.com\/producto\/fluorita-masivo-claridad-mental-limpieza-equilibrio-emocional\/#primaryimage"},"thumbnailUrl":"https:\/\/mineraleslunallena.com\/wp-content\/uploads\/2024\/01\/m_m_006-scaled.jpg","datePublished":"2024-01-23T09:35:35+00:00","dateModified":"2024-03-07T21:09:10+00:00","breadcrumb":{"@id":"https:\/\/mineraleslunallena.com\/producto\/fluorita-masivo-claridad-mental-limpieza-equilibrio-emocional\/#breadcrumb"},"inLanguage":"ca","potentialAction":[{"@type":"ReadAction","target":["https:\/\/mineraleslunallena.com\/producto\/fluorita-masivo-claridad-mental-limpieza-equilibrio-emocional\/"]}]},{"@type":"ImageObject","inLanguage":"ca","@id":"https:\/\/mineraleslunallena.com\/producto\/fluorita-masivo-claridad-mental-limpieza-equilibrio-emocional\/#primaryimage","url":"https:\/\/mineraleslunallena.com\/wp-content\/uploads\/2024\/01\/m_m_006-scaled.jpg","contentUrl":"https:\/\/mineraleslunallena.com\/wp-content\/uploads\/2024\/01\/m_m_006-scaled.jpg","width":1920,"height":2560},{"@type":"BreadcrumbList","@id":"https:\/\/mineraleslunallena.com\/producto\/fluorita-masivo-claridad-mental-limpieza-equilibrio-emocional\/#breadcrumb","itemListElement":[{"@type":"ListItem","position":1,"name":"Portada","item":"https:\/\/mineraleslunallena.com\/"},{"@type":"ListItem","position":2,"name":"Shop","item":"https:\/\/mineraleslunallena.com\/ca\/shop\/"},{"@type":"ListItem","position":3,"name":"Fluorita Masivo | Claridad Mental &#8211; Limpieza &#8211; Equilibrio Emocional"}]},{"@type":"WebSite","@id":"https:\/\/mineraleslunallena.com\/#website","url":"https:\/\/mineraleslunallena.com\/","name":"LLUNA PLENA MINERALS","description":"\u00c9s el moment de connectar-te amb el teu poder i confiar en les teves habilitats.","publisher":{"@id":"https:\/\/mineraleslunallena.com\/#organization"},"potentialAction":[{"@type":"SearchAction","target":{"@type":"EntryPoint","urlTemplate":"https:\/\/mineraleslunallena.com\/?s={search_term_string}"},"query-input":{"@type":"PropertyValueSpecification","valueRequired":true,"valueName":"search_term_string"}}],"inLanguage":"ca"},{"@type":"Organization","@id":"https:\/\/mineraleslunallena.com\/#organization","name":"LLUNA PLENA MINERALS","url":"https:\/\/mineraleslunallena.com\/","logo":{"@type":"ImageObject","inLanguage":"ca","@id":"https:\/\/mineraleslunallena.com\/#\/schema\/logo\/image\/","url":"https:\/\/mineraleslunallena.com\/wp-content\/uploads\/2023\/07\/LUNA-LLENA-LOGO-nuevo.png","contentUrl":"https:\/\/mineraleslunallena.com\/wp-content\/uploads\/2023\/07\/LUNA-LLENA-LOGO-nuevo.png","width":229,"height":167,"caption":"LUNA LLENA MINERALES"},"image":{"@id":"https:\/\/mineraleslunallena.com\/#\/schema\/logo\/image\/"}}]}},"_links":{"self":[{"href":"https:\/\/mineraleslunallena.com\/ca\/wp-json\/wp\/v2\/product\/1502","targetHints":{"allow":["GET"]}}],"collection":[{"href":"https:\/\/mineraleslunallena.com\/ca\/wp-json\/wp\/v2\/product"}],"about":[{"href":"https:\/\/mineraleslunallena.com\/ca\/wp-json\/wp\/v2\/types\/product"}],"version-history":[{"count":1,"href":"https:\/\/mineraleslunallena.com\/ca\/wp-json\/wp\/v2\/product\/1502\/revisions"}],"predecessor-version":[{"id":1506,"href":"https:\/\/mineraleslunallena.com\/ca\/wp-json\/wp\/v2\/product\/1502\/revisions\/1506"}],"wp:featuredmedia":[{"embeddable":true,"href":"https:\/\/mineraleslunallena.com\/ca\/wp-json\/wp\/v2\/media\/1504"}],"wp:attachment":[{"href":"https:\/\/mineraleslunallena.com\/ca\/wp-json\/wp\/v2\/media?parent=1502"}],"wp:term":[{"taxonomy":"product_cat","embeddable":true,"href":"https:\/\/mineraleslunallena.com\/ca\/wp-json\/wp\/v2\/product_cat?post=1502"},{"taxonomy":"product_tag","embeddable":true,"href":"https:\/\/mineraleslunallena.com\/ca\/wp-json\/wp\/v2\/product_tag?post=1502"}],"curies":[{"name":"wp","href":"https:\/\/api.w.org\/{rel}","templated":true}]}}