{"id":1507,"date":"2024-01-23T09:51:27","date_gmt":"2024-01-23T09:51:27","guid":{"rendered":"https:\/\/minerales.ultbit.com\/?post_type=product&#038;p=1507"},"modified":"2025-07-28T19:53:23","modified_gmt":"2025-07-28T17:53:23","slug":"escoba-de-bruja-proteccion-liberador-de-bloqueos","status":"publish","type":"product","link":"https:\/\/mineraleslunallena.com\/ca\/producte\/escoba-de-bruja-proteccion-liberador-de-bloqueos\/","title":{"rendered":"Escoba de Bruja Calidad Extra | Protecci\u00f3n &#8211; Liberador de bloqueos"},"content":{"rendered":"<p>Escoba de bruja o cianita negra es una piedra misteriosa y poderosa de color intenso. Protege contra energ\u00edas negativas y conecta con planos espirituales.<br \/>\nIdeal para meditaci\u00f3n y claridad mental. Atrae protecci\u00f3n en nuevos proyectos y aventuras. Libera bloqueos energ\u00e9ticos y expande la conciencia.<br \/>\nAliada para la protecci\u00f3n ps\u00edquica y energ\u00e9tica. Escucha tu intuici\u00f3n para aprovechar sus propiedades.<br \/>\nExplora nuestra tienda y encuentra esta piedra y m\u00e1s minerales para tu bienestar.<\/p>\n<p>Quantitat: 1 Unitat. El preu \u00e9s per una unitat.<br \/>\nTama\u00f1o: Entre 8 y 11 cent\u00edmetros aproximadamente<br \/>\nForma: Mineral Massiu.<\/p>","protected":false},"excerpt":{"rendered":"<p>Escoba de bruja o cianita negra es una piedra misteriosa y poderosa de color intenso. Protege contra energ\u00edas negativas y conecta con planos espirituales.<br \/>\nIdeal para meditaci\u00f3n y claridad mental. Atrae protecci\u00f3n en nuevos proyectos y aventuras. Libera bloqueos energ\u00e9ticos y expande la conciencia.<br \/>\nAliada para la protecci\u00f3n ps\u00edquica y energ\u00e9tica. Escucha tu intuici\u00f3n para aprovechar sus propiedades.<br \/>\nExplora nuestra tienda y encuentra esta piedra y m\u00e1s minerales para tu bienestar.<\/p>\n<p>Quantitat: 1 Unitat. El preu \u00e9s per una unitat.<br \/>\nTama\u00f1o: Entre 8 y 9,5 cent\u00edmetros aproximadamente.<br \/>\nForma: Mineral Massiu.<\/p>","protected":false},"featured_media":1508,"template":"","meta":[],"product_cat":[72,69],"product_tag":[],"class_list":{"0":"post-1507","1":"product","2":"type-product","3":"status-publish","4":"has-post-thumbnail","6":"product_cat-masivos","7":"product_cat-minerales","9":"first","10":"instock","11":"sale","12":"taxable","13":"shipping-taxable","14":"purchasable","15":"product-type-variable"},"yoast_head":"<!-- This site is optimized with the Yoast SEO plugin v27.3 - https:\/\/yoast.com\/product\/yoast-seo-wordpress\/ -->\n<title>Escoba de Bruja Calidad Extra | Protecci\u00f3n - Liberador de bloqueos - MINERALES LUNA LLENA<\/title>\n<meta name=\"robots\" content=\"index, follow, max-snippet:-1, max-image-preview:large, max-video-preview:-1\" \/>\n<link rel=\"canonical\" href=\"https:\/\/mineraleslunallena.com\/ca\/producte\/escoba-de-bruja-proteccion-liberador-de-bloqueos\/\" \/>\n<meta property=\"og:locale\" content=\"ca_ES\" \/>\n<meta property=\"og:type\" content=\"article\" \/>\n<meta property=\"og:title\" content=\"Escoba de Bruja Calidad Extra | Protecci\u00f3n - Liberador de bloqueos - MINERALES LUNA LLENA\" \/>\n<meta property=\"og:description\" content=\"Escoba de bruja o cianita negra es una piedra misteriosa y poderosa de color intenso. Protege contra energ\u00edas negativas y conecta con planos espirituales. Ideal para meditaci\u00f3n y claridad mental. Atrae protecci\u00f3n en nuevos proyectos y aventuras. Libera bloqueos energ\u00e9ticos y expande la conciencia. Aliada para la protecci\u00f3n ps\u00edquica y energ\u00e9tica. Escucha tu intuici\u00f3n para aprovechar sus propiedades. Explora nuestra tienda y encuentra esta piedra y m\u00e1s minerales para tu bienestar.  Cantidad: 1 Unidad. El precio es por una unidad. Tama\u00f1o: Entre 8 y 9,5 cent\u00edmetros aproximadamente. Forma: Mineral Masivo.\" \/>\n<meta property=\"og:url\" content=\"https:\/\/mineraleslunallena.com\/ca\/producte\/escoba-de-bruja-proteccion-liberador-de-bloqueos\/\" \/>\n<meta property=\"og:site_name\" content=\"MINERALES LUNA LLENA\" \/>\n<meta property=\"article:modified_time\" content=\"2025-07-28T17:53:23+00:00\" \/>\n<meta property=\"og:image\" content=\"https:\/\/mineraleslunallena.com\/wp-content\/uploads\/2024\/01\/m_m_007-scaled.jpg\" \/>\n\t<meta property=\"og:image:width\" content=\"1920\" \/>\n\t<meta property=\"og:image:height\" content=\"2560\" \/>\n\t<meta property=\"og:image:type\" content=\"image\/jpeg\" \/>\n<meta name=\"twitter:card\" content=\"summary_large_image\" \/>\n<meta name=\"twitter:label1\" content=\"Temps estimat de lectura\" \/>\n\t<meta name=\"twitter:data1\" content=\"1 minut\" \/>\n<script type=\"application\/ld+json\" class=\"yoast-schema-graph\">{\"@context\":\"https:\\\/\\\/schema.org\",\"@graph\":[{\"@type\":\"WebPage\",\"@id\":\"https:\\\/\\\/mineraleslunallena.com\\\/producto\\\/escoba-de-bruja-proteccion-liberador-de-bloqueos\\\/\",\"url\":\"https:\\\/\\\/mineraleslunallena.com\\\/producto\\\/escoba-de-bruja-proteccion-liberador-de-bloqueos\\\/\",\"name\":\"Escoba de Bruja Calidad Extra | Protecci\u00f3n - Liberador de bloqueos - MINERALES LUNA LLENA\",\"isPartOf\":{\"@id\":\"https:\\\/\\\/mineraleslunallena.com\\\/#website\"},\"primaryImageOfPage\":{\"@id\":\"https:\\\/\\\/mineraleslunallena.com\\\/producto\\\/escoba-de-bruja-proteccion-liberador-de-bloqueos\\\/#primaryimage\"},\"image\":{\"@id\":\"https:\\\/\\\/mineraleslunallena.com\\\/producto\\\/escoba-de-bruja-proteccion-liberador-de-bloqueos\\\/#primaryimage\"},\"thumbnailUrl\":\"https:\\\/\\\/mineraleslunallena.com\\\/wp-content\\\/uploads\\\/2024\\\/01\\\/m_m_007-scaled.jpg\",\"datePublished\":\"2024-01-23T09:51:27+00:00\",\"dateModified\":\"2025-07-28T17:53:23+00:00\",\"breadcrumb\":{\"@id\":\"https:\\\/\\\/mineraleslunallena.com\\\/producto\\\/escoba-de-bruja-proteccion-liberador-de-bloqueos\\\/#breadcrumb\"},\"inLanguage\":\"ca\",\"potentialAction\":[{\"@type\":\"ReadAction\",\"target\":[\"https:\\\/\\\/mineraleslunallena.com\\\/producto\\\/escoba-de-bruja-proteccion-liberador-de-bloqueos\\\/\"]}]},{\"@type\":\"ImageObject\",\"inLanguage\":\"ca\",\"@id\":\"https:\\\/\\\/mineraleslunallena.com\\\/producto\\\/escoba-de-bruja-proteccion-liberador-de-bloqueos\\\/#primaryimage\",\"url\":\"https:\\\/\\\/mineraleslunallena.com\\\/wp-content\\\/uploads\\\/2024\\\/01\\\/m_m_007-scaled.jpg\",\"contentUrl\":\"https:\\\/\\\/mineraleslunallena.com\\\/wp-content\\\/uploads\\\/2024\\\/01\\\/m_m_007-scaled.jpg\",\"width\":1920,\"height\":2560},{\"@type\":\"BreadcrumbList\",\"@id\":\"https:\\\/\\\/mineraleslunallena.com\\\/producto\\\/escoba-de-bruja-proteccion-liberador-de-bloqueos\\\/#breadcrumb\",\"itemListElement\":[{\"@type\":\"ListItem\",\"position\":1,\"name\":\"Portada\",\"item\":\"https:\\\/\\\/mineraleslunallena.com\\\/\"},{\"@type\":\"ListItem\",\"position\":2,\"name\":\"Shop\",\"item\":\"https:\\\/\\\/mineraleslunallena.com\\\/ca\\\/shop\\\/\"},{\"@type\":\"ListItem\",\"position\":3,\"name\":\"Escoba de Bruja Calidad Extra | Protecci\u00f3n &#8211; Liberador de bloqueos\"}]},{\"@type\":\"WebSite\",\"@id\":\"https:\\\/\\\/mineraleslunallena.com\\\/#website\",\"url\":\"https:\\\/\\\/mineraleslunallena.com\\\/\",\"name\":\"LUNA LLENA MINERALES\",\"description\":\"Es el momento de conectarte con tu propio poder y confiar en tus habilidades.\",\"publisher\":{\"@id\":\"https:\\\/\\\/mineraleslunallena.com\\\/#organization\"},\"potentialAction\":[{\"@type\":\"SearchAction\",\"target\":{\"@type\":\"EntryPoint\",\"urlTemplate\":\"https:\\\/\\\/mineraleslunallena.com\\\/?s={search_term_string}\"},\"query-input\":{\"@type\":\"PropertyValueSpecification\",\"valueRequired\":true,\"valueName\":\"search_term_string\"}}],\"inLanguage\":\"ca\"},{\"@type\":\"Organization\",\"@id\":\"https:\\\/\\\/mineraleslunallena.com\\\/#organization\",\"name\":\"LUNA LLENA MINERALES\",\"url\":\"https:\\\/\\\/mineraleslunallena.com\\\/\",\"logo\":{\"@type\":\"ImageObject\",\"inLanguage\":\"ca\",\"@id\":\"https:\\\/\\\/mineraleslunallena.com\\\/#\\\/schema\\\/logo\\\/image\\\/\",\"url\":\"https:\\\/\\\/mineraleslunallena.com\\\/wp-content\\\/uploads\\\/2023\\\/07\\\/LUNA-LLENA-LOGO-nuevo.png\",\"contentUrl\":\"https:\\\/\\\/mineraleslunallena.com\\\/wp-content\\\/uploads\\\/2023\\\/07\\\/LUNA-LLENA-LOGO-nuevo.png\",\"width\":229,\"height\":167,\"caption\":\"LUNA LLENA MINERALES\"},\"image\":{\"@id\":\"https:\\\/\\\/mineraleslunallena.com\\\/#\\\/schema\\\/logo\\\/image\\\/\"}}]}<\/script>\n<!-- \/ Yoast SEO plugin. -->","yoast_head_json":{"title":"Escoba de Bruja Calidad Extra | Protecci\u00f3n - Liberador de bloqueos - MINERALES LUNA LLENA","robots":{"index":"index","follow":"follow","max-snippet":"max-snippet:-1","max-image-preview":"max-image-preview:large","max-video-preview":"max-video-preview:-1"},"canonical":"https:\/\/mineraleslunallena.com\/ca\/producte\/escoba-de-bruja-proteccion-liberador-de-bloqueos\/","og_locale":"ca_ES","og_type":"article","og_title":"Escoba de Bruja Calidad Extra | Protecci\u00f3n - Liberador de bloqueos - MINERALES LUNA LLENA","og_description":"Escoba de bruja o cianita negra es una piedra misteriosa y poderosa de color intenso. Protege contra energ\u00edas negativas y conecta con planos espirituales. Ideal para meditaci\u00f3n y claridad mental. Atrae protecci\u00f3n en nuevos proyectos y aventuras. Libera bloqueos energ\u00e9ticos y expande la conciencia. Aliada para la protecci\u00f3n ps\u00edquica y energ\u00e9tica. Escucha tu intuici\u00f3n para aprovechar sus propiedades. Explora nuestra tienda y encuentra esta piedra y m\u00e1s minerales para tu bienestar.  Cantidad: 1 Unidad. El precio es por una unidad. Tama\u00f1o: Entre 8 y 9,5 cent\u00edmetros aproximadamente. Forma: Mineral Masivo.","og_url":"https:\/\/mineraleslunallena.com\/ca\/producte\/escoba-de-bruja-proteccion-liberador-de-bloqueos\/","og_site_name":"MINERALES LUNA LLENA","article_modified_time":"2025-07-28T17:53:23+00:00","og_image":[{"width":1920,"height":2560,"url":"https:\/\/mineraleslunallena.com\/wp-content\/uploads\/2024\/01\/m_m_007-scaled.jpg","type":"image\/jpeg"}],"twitter_card":"summary_large_image","twitter_misc":{"Temps estimat de lectura":"1 minut"},"schema":{"@context":"https:\/\/schema.org","@graph":[{"@type":"WebPage","@id":"https:\/\/mineraleslunallena.com\/producto\/escoba-de-bruja-proteccion-liberador-de-bloqueos\/","url":"https:\/\/mineraleslunallena.com\/producto\/escoba-de-bruja-proteccion-liberador-de-bloqueos\/","name":"Escoba de Bruja Calidad Extra | Protecci\u00f3n - Liberador de bloqueos - MINERALES LUNA LLENA","isPartOf":{"@id":"https:\/\/mineraleslunallena.com\/#website"},"primaryImageOfPage":{"@id":"https:\/\/mineraleslunallena.com\/producto\/escoba-de-bruja-proteccion-liberador-de-bloqueos\/#primaryimage"},"image":{"@id":"https:\/\/mineraleslunallena.com\/producto\/escoba-de-bruja-proteccion-liberador-de-bloqueos\/#primaryimage"},"thumbnailUrl":"https:\/\/mineraleslunallena.com\/wp-content\/uploads\/2024\/01\/m_m_007-scaled.jpg","datePublished":"2024-01-23T09:51:27+00:00","dateModified":"2025-07-28T17:53:23+00:00","breadcrumb":{"@id":"https:\/\/mineraleslunallena.com\/producto\/escoba-de-bruja-proteccion-liberador-de-bloqueos\/#breadcrumb"},"inLanguage":"ca","potentialAction":[{"@type":"ReadAction","target":["https:\/\/mineraleslunallena.com\/producto\/escoba-de-bruja-proteccion-liberador-de-bloqueos\/"]}]},{"@type":"ImageObject","inLanguage":"ca","@id":"https:\/\/mineraleslunallena.com\/producto\/escoba-de-bruja-proteccion-liberador-de-bloqueos\/#primaryimage","url":"https:\/\/mineraleslunallena.com\/wp-content\/uploads\/2024\/01\/m_m_007-scaled.jpg","contentUrl":"https:\/\/mineraleslunallena.com\/wp-content\/uploads\/2024\/01\/m_m_007-scaled.jpg","width":1920,"height":2560},{"@type":"BreadcrumbList","@id":"https:\/\/mineraleslunallena.com\/producto\/escoba-de-bruja-proteccion-liberador-de-bloqueos\/#breadcrumb","itemListElement":[{"@type":"ListItem","position":1,"name":"Portada","item":"https:\/\/mineraleslunallena.com\/"},{"@type":"ListItem","position":2,"name":"Shop","item":"https:\/\/mineraleslunallena.com\/ca\/shop\/"},{"@type":"ListItem","position":3,"name":"Escoba de Bruja Calidad Extra | Protecci\u00f3n &#8211; Liberador de bloqueos"}]},{"@type":"WebSite","@id":"https:\/\/mineraleslunallena.com\/#website","url":"https:\/\/mineraleslunallena.com\/","name":"LLUNA PLENA MINERALS","description":"\u00c9s el moment de connectar-te amb el teu poder i confiar en les teves habilitats.","publisher":{"@id":"https:\/\/mineraleslunallena.com\/#organization"},"potentialAction":[{"@type":"SearchAction","target":{"@type":"EntryPoint","urlTemplate":"https:\/\/mineraleslunallena.com\/?s={search_term_string}"},"query-input":{"@type":"PropertyValueSpecification","valueRequired":true,"valueName":"search_term_string"}}],"inLanguage":"ca"},{"@type":"Organization","@id":"https:\/\/mineraleslunallena.com\/#organization","name":"LLUNA PLENA MINERALS","url":"https:\/\/mineraleslunallena.com\/","logo":{"@type":"ImageObject","inLanguage":"ca","@id":"https:\/\/mineraleslunallena.com\/#\/schema\/logo\/image\/","url":"https:\/\/mineraleslunallena.com\/wp-content\/uploads\/2023\/07\/LUNA-LLENA-LOGO-nuevo.png","contentUrl":"https:\/\/mineraleslunallena.com\/wp-content\/uploads\/2023\/07\/LUNA-LLENA-LOGO-nuevo.png","width":229,"height":167,"caption":"LUNA LLENA MINERALES"},"image":{"@id":"https:\/\/mineraleslunallena.com\/#\/schema\/logo\/image\/"}}]}},"jetpack_sharing_enabled":true,"_links":{"self":[{"href":"https:\/\/mineraleslunallena.com\/ca\/wp-json\/wp\/v2\/product\/1507","targetHints":{"allow":["GET"]}}],"collection":[{"href":"https:\/\/mineraleslunallena.com\/ca\/wp-json\/wp\/v2\/product"}],"about":[{"href":"https:\/\/mineraleslunallena.com\/ca\/wp-json\/wp\/v2\/types\/product"}],"version-history":[{"count":5,"href":"https:\/\/mineraleslunallena.com\/ca\/wp-json\/wp\/v2\/product\/1507\/revisions"}],"predecessor-version":[{"id":5953,"href":"https:\/\/mineraleslunallena.com\/ca\/wp-json\/wp\/v2\/product\/1507\/revisions\/5953"}],"wp:featuredmedia":[{"embeddable":true,"href":"https:\/\/mineraleslunallena.com\/ca\/wp-json\/wp\/v2\/media\/1508"}],"wp:attachment":[{"href":"https:\/\/mineraleslunallena.com\/ca\/wp-json\/wp\/v2\/media?parent=1507"}],"wp:term":[{"taxonomy":"product_cat","embeddable":true,"href":"https:\/\/mineraleslunallena.com\/ca\/wp-json\/wp\/v2\/product_cat?post=1507"},{"taxonomy":"product_tag","embeddable":true,"href":"https:\/\/mineraleslunallena.com\/ca\/wp-json\/wp\/v2\/product_tag?post=1507"}],"curies":[{"name":"wp","href":"https:\/\/api.w.org\/{rel}","templated":true}]}}