{"id":1521,"date":"2024-01-23T09:57:37","date_gmt":"2024-01-23T09:57:37","guid":{"rendered":"https:\/\/minerales.ultbit.com\/?post_type=product&#038;p=1521"},"modified":"2025-11-01T18:09:12","modified_gmt":"2025-11-01T17:09:12","slug":"rosa-del-desierto-equilibrio-sanacion-emocional","status":"publish","type":"product","link":"https:\/\/mineraleslunallena.com\/ca\/producte\/rosa-del-desierto-equilibrio-sanacion-emocional\/","title":{"rendered":"Rosa Del Desierto Masivo | Equilibrio &#8211; Sanaci\u00f3n Emocional"},"content":{"rendered":"<p>Descubre la Rosa del Desierto, un mineral excepcional con propiedades espirituales poderosas que te guiar\u00e1n en tu viaje interior. Sum\u00e9rgete en su energ\u00eda \u00fanica, que equilibra cuerpo, mente y esp\u00edritu, creando un ambiente de armon\u00eda y serenidad.<\/p>\n<p>Explora c\u00f3mo esta piedra sagrada puede potenciar tu intuici\u00f3n y abrirte a nuevas perspectivas espirituales y emocionales.<\/p>\n<p>Capacidad para sanar heridas emocionales y liberarte de patrones negativos del pasado, permiti\u00e9ndote avanzar hacia un futuro m\u00e1s brillante. Encuentra protecci\u00f3n y fortaleza en su presencia, creando un escudo energ\u00e9tico que te acompa\u00f1a en cada paso de tu camino. Cultiva el amor propio y la compasi\u00f3n a trav\u00e9s de su influencia, fortaleciendo tus relaciones y tu conexi\u00f3n con el universo.<\/p>\n<p>Un viaje de auto-descubrimiento y crecimiento espiritual con la Rosa del Desierto como tu aliada de confianza. D\u00e9jate guiar por su sabidur\u00eda ancestral y despierta tu potencial m\u00e1s elevado con la ayuda de este precioso mineral.<\/p>\n<p>Quantitat: 1 Unitat. El preu \u00e9s per una unitat.<br \/>\nTama\u00f1o: S, M, L.<br \/>\nForma: Mineral Massiu.<\/p>","protected":false},"excerpt":{"rendered":"<p>Descubre la Rosa del Desierto, un mineral excepcional con propiedades espirituales poderosas que te guiar\u00e1n en tu viaje interior. Sum\u00e9rgete en su energ\u00eda \u00fanica, que equilibra cuerpo, mente y esp\u00edritu, creando un ambiente de armon\u00eda y serenidad.<\/p>\n<p>Explora c\u00f3mo esta piedra sagrada puede potenciar tu intuici\u00f3n y abrirte a nuevas perspectivas espirituales y emocionales.<\/p>\n<p>Capacidad para sanar heridas emocionales y liberarte de patrones negativos del pasado, permiti\u00e9ndote avanzar hacia un futuro m\u00e1s brillante. Encuentra protecci\u00f3n y fortaleza en su presencia, creando un escudo energ\u00e9tico que te acompa\u00f1a en cada paso de tu camino. Cultiva el amor propio y la compasi\u00f3n a trav\u00e9s de su influencia, fortaleciendo tus relaciones y tu conexi\u00f3n con el universo.<\/p>\n<p>Un viaje de auto-descubrimiento y crecimiento espiritual con la Rosa del Desierto como tu aliada de confianza. D\u00e9jate guiar por su sabidur\u00eda ancestral y despierta tu potencial m\u00e1s elevado con la ayuda de este precioso mineral.<\/p>\n<p>Quantitat: 1 Unitat. El preu \u00e9s per una unitat.<br \/>\nTama\u00f1o: S, M, L.<br \/>\nForma: Mineral Massiu.<\/p>","protected":false},"featured_media":3872,"template":"","meta":[],"product_cat":[72,69],"product_tag":[],"class_list":{"0":"post-1521","1":"product","2":"type-product","3":"status-publish","4":"has-post-thumbnail","6":"product_cat-masivos","7":"product_cat-minerales","9":"first","10":"instock","11":"sale","12":"taxable","13":"shipping-taxable","14":"purchasable","15":"product-type-variable"},"yoast_head":"<!-- This site is optimized with the Yoast SEO plugin v27.3 - https:\/\/yoast.com\/product\/yoast-seo-wordpress\/ -->\n<title>Rosa Del Desierto Masivo | Equilibrio - Sanaci\u00f3n Emocional - MINERALES LUNA LLENA<\/title>\n<meta name=\"robots\" content=\"index, follow, max-snippet:-1, max-image-preview:large, max-video-preview:-1\" \/>\n<link rel=\"canonical\" href=\"https:\/\/mineraleslunallena.com\/ca\/producte\/rosa-del-desierto-equilibrio-sanacion-emocional\/\" \/>\n<meta property=\"og:locale\" content=\"ca_ES\" \/>\n<meta property=\"og:type\" content=\"article\" \/>\n<meta property=\"og:title\" content=\"Rosa Del Desierto Masivo | Equilibrio - Sanaci\u00f3n Emocional - MINERALES LUNA LLENA\" \/>\n<meta property=\"og:description\" content=\"Descubre la Rosa del Desierto, un mineral excepcional con propiedades espirituales poderosas que te guiar\u00e1n en tu viaje interior. Sum\u00e9rgete en su energ\u00eda \u00fanica, que equilibra cuerpo, mente y esp\u00edritu, creando un ambiente de armon\u00eda y serenidad.  Explora c\u00f3mo esta piedra sagrada puede potenciar tu intuici\u00f3n y abrirte a nuevas perspectivas espirituales y emocionales.  Capacidad para sanar heridas emocionales y liberarte de patrones negativos del pasado, permiti\u00e9ndote avanzar hacia un futuro m\u00e1s brillante. Encuentra protecci\u00f3n y fortaleza en su presencia, creando un escudo energ\u00e9tico que te acompa\u00f1a en cada paso de tu camino. Cultiva el amor propio y la compasi\u00f3n a trav\u00e9s de su influencia, fortaleciendo tus relaciones y tu conexi\u00f3n con el universo.  Un viaje de auto-descubrimiento y crecimiento espiritual con la Rosa del Desierto como tu aliada de confianza. D\u00e9jate guiar por su sabidur\u00eda ancestral y despierta tu potencial m\u00e1s elevado con la ayuda de este precioso mineral.  Cantidad: 1 Unidad. El precio es por una unidad. Tama\u00f1o: S, M, L. Forma: Mineral Masivo.\" \/>\n<meta property=\"og:url\" content=\"https:\/\/mineraleslunallena.com\/ca\/producte\/rosa-del-desierto-equilibrio-sanacion-emocional\/\" \/>\n<meta property=\"og:site_name\" content=\"MINERALES LUNA LLENA\" \/>\n<meta property=\"article:modified_time\" content=\"2025-11-01T17:09:12+00:00\" \/>\n<meta property=\"og:image\" content=\"https:\/\/mineraleslunallena.com\/wp-content\/uploads\/2024\/01\/rosadesierto-l-scaled.jpg\" \/>\n\t<meta property=\"og:image:width\" content=\"1920\" \/>\n\t<meta property=\"og:image:height\" content=\"2560\" \/>\n\t<meta property=\"og:image:type\" content=\"image\/jpeg\" \/>\n<meta name=\"twitter:card\" content=\"summary_large_image\" \/>\n<meta name=\"twitter:label1\" content=\"Temps estimat de lectura\" \/>\n\t<meta name=\"twitter:data1\" content=\"1 minut\" \/>\n<script type=\"application\/ld+json\" class=\"yoast-schema-graph\">{\"@context\":\"https:\\\/\\\/schema.org\",\"@graph\":[{\"@type\":\"WebPage\",\"@id\":\"https:\\\/\\\/mineraleslunallena.com\\\/producto\\\/rosa-del-desierto-equilibrio-sanacion-emocional\\\/\",\"url\":\"https:\\\/\\\/mineraleslunallena.com\\\/producto\\\/rosa-del-desierto-equilibrio-sanacion-emocional\\\/\",\"name\":\"Rosa Del Desierto Masivo | Equilibrio - Sanaci\u00f3n Emocional - MINERALES LUNA LLENA\",\"isPartOf\":{\"@id\":\"https:\\\/\\\/mineraleslunallena.com\\\/#website\"},\"primaryImageOfPage\":{\"@id\":\"https:\\\/\\\/mineraleslunallena.com\\\/producto\\\/rosa-del-desierto-equilibrio-sanacion-emocional\\\/#primaryimage\"},\"image\":{\"@id\":\"https:\\\/\\\/mineraleslunallena.com\\\/producto\\\/rosa-del-desierto-equilibrio-sanacion-emocional\\\/#primaryimage\"},\"thumbnailUrl\":\"https:\\\/\\\/mineraleslunallena.com\\\/wp-content\\\/uploads\\\/2024\\\/01\\\/rosadesierto-l-scaled.jpg\",\"datePublished\":\"2024-01-23T09:57:37+00:00\",\"dateModified\":\"2025-11-01T17:09:12+00:00\",\"breadcrumb\":{\"@id\":\"https:\\\/\\\/mineraleslunallena.com\\\/producto\\\/rosa-del-desierto-equilibrio-sanacion-emocional\\\/#breadcrumb\"},\"inLanguage\":\"ca\",\"potentialAction\":[{\"@type\":\"ReadAction\",\"target\":[\"https:\\\/\\\/mineraleslunallena.com\\\/producto\\\/rosa-del-desierto-equilibrio-sanacion-emocional\\\/\"]}]},{\"@type\":\"ImageObject\",\"inLanguage\":\"ca\",\"@id\":\"https:\\\/\\\/mineraleslunallena.com\\\/producto\\\/rosa-del-desierto-equilibrio-sanacion-emocional\\\/#primaryimage\",\"url\":\"https:\\\/\\\/mineraleslunallena.com\\\/wp-content\\\/uploads\\\/2024\\\/01\\\/rosadesierto-l-scaled.jpg\",\"contentUrl\":\"https:\\\/\\\/mineraleslunallena.com\\\/wp-content\\\/uploads\\\/2024\\\/01\\\/rosadesierto-l-scaled.jpg\",\"width\":1920,\"height\":2560},{\"@type\":\"BreadcrumbList\",\"@id\":\"https:\\\/\\\/mineraleslunallena.com\\\/producto\\\/rosa-del-desierto-equilibrio-sanacion-emocional\\\/#breadcrumb\",\"itemListElement\":[{\"@type\":\"ListItem\",\"position\":1,\"name\":\"Portada\",\"item\":\"https:\\\/\\\/mineraleslunallena.com\\\/\"},{\"@type\":\"ListItem\",\"position\":2,\"name\":\"Shop\",\"item\":\"https:\\\/\\\/mineraleslunallena.com\\\/ca\\\/shop\\\/\"},{\"@type\":\"ListItem\",\"position\":3,\"name\":\"Rosa Del Desierto Masivo | Equilibrio &#8211; Sanaci\u00f3n Emocional\"}]},{\"@type\":\"WebSite\",\"@id\":\"https:\\\/\\\/mineraleslunallena.com\\\/#website\",\"url\":\"https:\\\/\\\/mineraleslunallena.com\\\/\",\"name\":\"LUNA LLENA MINERALES\",\"description\":\"Es el momento de conectarte con tu propio poder y confiar en tus habilidades.\",\"publisher\":{\"@id\":\"https:\\\/\\\/mineraleslunallena.com\\\/#organization\"},\"potentialAction\":[{\"@type\":\"SearchAction\",\"target\":{\"@type\":\"EntryPoint\",\"urlTemplate\":\"https:\\\/\\\/mineraleslunallena.com\\\/?s={search_term_string}\"},\"query-input\":{\"@type\":\"PropertyValueSpecification\",\"valueRequired\":true,\"valueName\":\"search_term_string\"}}],\"inLanguage\":\"ca\"},{\"@type\":\"Organization\",\"@id\":\"https:\\\/\\\/mineraleslunallena.com\\\/#organization\",\"name\":\"LUNA LLENA MINERALES\",\"url\":\"https:\\\/\\\/mineraleslunallena.com\\\/\",\"logo\":{\"@type\":\"ImageObject\",\"inLanguage\":\"ca\",\"@id\":\"https:\\\/\\\/mineraleslunallena.com\\\/#\\\/schema\\\/logo\\\/image\\\/\",\"url\":\"https:\\\/\\\/mineraleslunallena.com\\\/wp-content\\\/uploads\\\/2023\\\/07\\\/LUNA-LLENA-LOGO-nuevo.png\",\"contentUrl\":\"https:\\\/\\\/mineraleslunallena.com\\\/wp-content\\\/uploads\\\/2023\\\/07\\\/LUNA-LLENA-LOGO-nuevo.png\",\"width\":229,\"height\":167,\"caption\":\"LUNA LLENA MINERALES\"},\"image\":{\"@id\":\"https:\\\/\\\/mineraleslunallena.com\\\/#\\\/schema\\\/logo\\\/image\\\/\"}}]}<\/script>\n<!-- \/ Yoast SEO plugin. -->","yoast_head_json":{"title":"Rosa Del Desierto Masivo | Equilibrio - Sanaci\u00f3n Emocional - MINERALES LUNA LLENA","robots":{"index":"index","follow":"follow","max-snippet":"max-snippet:-1","max-image-preview":"max-image-preview:large","max-video-preview":"max-video-preview:-1"},"canonical":"https:\/\/mineraleslunallena.com\/ca\/producte\/rosa-del-desierto-equilibrio-sanacion-emocional\/","og_locale":"ca_ES","og_type":"article","og_title":"Rosa Del Desierto Masivo | Equilibrio - Sanaci\u00f3n Emocional - MINERALES LUNA LLENA","og_description":"Descubre la Rosa del Desierto, un mineral excepcional con propiedades espirituales poderosas que te guiar\u00e1n en tu viaje interior. Sum\u00e9rgete en su energ\u00eda \u00fanica, que equilibra cuerpo, mente y esp\u00edritu, creando un ambiente de armon\u00eda y serenidad.  Explora c\u00f3mo esta piedra sagrada puede potenciar tu intuici\u00f3n y abrirte a nuevas perspectivas espirituales y emocionales.  Capacidad para sanar heridas emocionales y liberarte de patrones negativos del pasado, permiti\u00e9ndote avanzar hacia un futuro m\u00e1s brillante. Encuentra protecci\u00f3n y fortaleza en su presencia, creando un escudo energ\u00e9tico que te acompa\u00f1a en cada paso de tu camino. Cultiva el amor propio y la compasi\u00f3n a trav\u00e9s de su influencia, fortaleciendo tus relaciones y tu conexi\u00f3n con el universo.  Un viaje de auto-descubrimiento y crecimiento espiritual con la Rosa del Desierto como tu aliada de confianza. D\u00e9jate guiar por su sabidur\u00eda ancestral y despierta tu potencial m\u00e1s elevado con la ayuda de este precioso mineral.  Cantidad: 1 Unidad. El precio es por una unidad. Tama\u00f1o: S, M, L. Forma: Mineral Masivo.","og_url":"https:\/\/mineraleslunallena.com\/ca\/producte\/rosa-del-desierto-equilibrio-sanacion-emocional\/","og_site_name":"MINERALES LUNA LLENA","article_modified_time":"2025-11-01T17:09:12+00:00","og_image":[{"width":1920,"height":2560,"url":"https:\/\/mineraleslunallena.com\/wp-content\/uploads\/2024\/01\/rosadesierto-l-scaled.jpg","type":"image\/jpeg"}],"twitter_card":"summary_large_image","twitter_misc":{"Temps estimat de lectura":"1 minut"},"schema":{"@context":"https:\/\/schema.org","@graph":[{"@type":"WebPage","@id":"https:\/\/mineraleslunallena.com\/producto\/rosa-del-desierto-equilibrio-sanacion-emocional\/","url":"https:\/\/mineraleslunallena.com\/producto\/rosa-del-desierto-equilibrio-sanacion-emocional\/","name":"Rosa Del Desierto Masivo | Equilibrio - Sanaci\u00f3n Emocional - MINERALES LUNA LLENA","isPartOf":{"@id":"https:\/\/mineraleslunallena.com\/#website"},"primaryImageOfPage":{"@id":"https:\/\/mineraleslunallena.com\/producto\/rosa-del-desierto-equilibrio-sanacion-emocional\/#primaryimage"},"image":{"@id":"https:\/\/mineraleslunallena.com\/producto\/rosa-del-desierto-equilibrio-sanacion-emocional\/#primaryimage"},"thumbnailUrl":"https:\/\/mineraleslunallena.com\/wp-content\/uploads\/2024\/01\/rosadesierto-l-scaled.jpg","datePublished":"2024-01-23T09:57:37+00:00","dateModified":"2025-11-01T17:09:12+00:00","breadcrumb":{"@id":"https:\/\/mineraleslunallena.com\/producto\/rosa-del-desierto-equilibrio-sanacion-emocional\/#breadcrumb"},"inLanguage":"ca","potentialAction":[{"@type":"ReadAction","target":["https:\/\/mineraleslunallena.com\/producto\/rosa-del-desierto-equilibrio-sanacion-emocional\/"]}]},{"@type":"ImageObject","inLanguage":"ca","@id":"https:\/\/mineraleslunallena.com\/producto\/rosa-del-desierto-equilibrio-sanacion-emocional\/#primaryimage","url":"https:\/\/mineraleslunallena.com\/wp-content\/uploads\/2024\/01\/rosadesierto-l-scaled.jpg","contentUrl":"https:\/\/mineraleslunallena.com\/wp-content\/uploads\/2024\/01\/rosadesierto-l-scaled.jpg","width":1920,"height":2560},{"@type":"BreadcrumbList","@id":"https:\/\/mineraleslunallena.com\/producto\/rosa-del-desierto-equilibrio-sanacion-emocional\/#breadcrumb","itemListElement":[{"@type":"ListItem","position":1,"name":"Portada","item":"https:\/\/mineraleslunallena.com\/"},{"@type":"ListItem","position":2,"name":"Shop","item":"https:\/\/mineraleslunallena.com\/ca\/shop\/"},{"@type":"ListItem","position":3,"name":"Rosa Del Desierto Masivo | Equilibrio &#8211; Sanaci\u00f3n Emocional"}]},{"@type":"WebSite","@id":"https:\/\/mineraleslunallena.com\/#website","url":"https:\/\/mineraleslunallena.com\/","name":"LLUNA PLENA MINERALS","description":"\u00c9s el moment de connectar-te amb el teu poder i confiar en les teves habilitats.","publisher":{"@id":"https:\/\/mineraleslunallena.com\/#organization"},"potentialAction":[{"@type":"SearchAction","target":{"@type":"EntryPoint","urlTemplate":"https:\/\/mineraleslunallena.com\/?s={search_term_string}"},"query-input":{"@type":"PropertyValueSpecification","valueRequired":true,"valueName":"search_term_string"}}],"inLanguage":"ca"},{"@type":"Organization","@id":"https:\/\/mineraleslunallena.com\/#organization","name":"LLUNA PLENA MINERALS","url":"https:\/\/mineraleslunallena.com\/","logo":{"@type":"ImageObject","inLanguage":"ca","@id":"https:\/\/mineraleslunallena.com\/#\/schema\/logo\/image\/","url":"https:\/\/mineraleslunallena.com\/wp-content\/uploads\/2023\/07\/LUNA-LLENA-LOGO-nuevo.png","contentUrl":"https:\/\/mineraleslunallena.com\/wp-content\/uploads\/2023\/07\/LUNA-LLENA-LOGO-nuevo.png","width":229,"height":167,"caption":"LUNA LLENA MINERALES"},"image":{"@id":"https:\/\/mineraleslunallena.com\/#\/schema\/logo\/image\/"}}]}},"_links":{"self":[{"href":"https:\/\/mineraleslunallena.com\/ca\/wp-json\/wp\/v2\/product\/1521","targetHints":{"allow":["GET"]}}],"collection":[{"href":"https:\/\/mineraleslunallena.com\/ca\/wp-json\/wp\/v2\/product"}],"about":[{"href":"https:\/\/mineraleslunallena.com\/ca\/wp-json\/wp\/v2\/types\/product"}],"version-history":[{"count":5,"href":"https:\/\/mineraleslunallena.com\/ca\/wp-json\/wp\/v2\/product\/1521\/revisions"}],"predecessor-version":[{"id":3874,"href":"https:\/\/mineraleslunallena.com\/ca\/wp-json\/wp\/v2\/product\/1521\/revisions\/3874"}],"wp:featuredmedia":[{"embeddable":true,"href":"https:\/\/mineraleslunallena.com\/ca\/wp-json\/wp\/v2\/media\/3872"}],"wp:attachment":[{"href":"https:\/\/mineraleslunallena.com\/ca\/wp-json\/wp\/v2\/media?parent=1521"}],"wp:term":[{"taxonomy":"product_cat","embeddable":true,"href":"https:\/\/mineraleslunallena.com\/ca\/wp-json\/wp\/v2\/product_cat?post=1521"},{"taxonomy":"product_tag","embeddable":true,"href":"https:\/\/mineraleslunallena.com\/ca\/wp-json\/wp\/v2\/product_tag?post=1521"}],"curies":[{"name":"wp","href":"https:\/\/api.w.org\/{rel}","templated":true}]}}