{"id":1573,"date":"2024-01-23T10:27:20","date_gmt":"2024-01-23T10:27:20","guid":{"rendered":"https:\/\/minerales.ultbit.com\/?post_type=product&#038;p=1573"},"modified":"2025-04-09T03:07:43","modified_gmt":"2025-04-09T01:07:43","slug":"obsidiana-negra-rodado-proteccion-energetica-transformacion","status":"publish","type":"product","link":"https:\/\/mineraleslunallena.com\/ca\/producte\/obsidiana-negra-rodado-proteccion-energetica-transformacion\/","title":{"rendered":"Obsidiana Negra Rodat | Protecci\u00f3 Energ\u00e8tica \u2013 Transformaci\u00f3"},"content":{"rendered":"<p>L&#039;Obsidiana, una pedra poderosa per a la transformaci\u00f3 i la protecci\u00f3 espiritual. Utilitzeu-la per alliberar bloquejos i superar obstacles en moments de canvi.<br \/>\nProtegeix la teva energia i dissipa influ\u00e8ncies negatives. Promou la claredat mental i la intu\u00efci\u00f3 a la presa de decisions.<br \/>\nConnecta amb la teva veritat interior i enfronta els teus aspectes foscos. Fes-la servir en rituals de protecci\u00f3 i purificaci\u00f3.<br \/>\nAfegeix aquesta pedra sagrada a la teva col\u00b7lecci\u00f3 i desperta la teva for\u00e7a espiritual. Descobreix el poder transformador de l&#039;Obsidiana<\/p>\n<p>Quantitat: 1 Unitat. El preu \u00e9s per una unitat.<br \/>\nTama\u00f1o: De 3 a 5 cent\u00edmetros aproximadamente.<br \/>\nForma: Mineral Rodat.<\/p>","protected":false},"excerpt":{"rendered":"<p>L&#039;Obsidiana, una pedra poderosa per a la transformaci\u00f3 i la protecci\u00f3 espiritual. Utilitzeu-la per alliberar bloquejos i superar obstacles en moments de canvi.<br \/>\nProtegeix la teva energia i dissipa influ\u00e8ncies negatives. Promou la claredat mental i la intu\u00efci\u00f3 a la presa de decisions.<br \/>\nConnecta amb la teva veritat interior i enfronta els teus aspectes foscos. Fes-la servir en rituals de protecci\u00f3 i purificaci\u00f3.<br \/>\nAfegeix aquesta pedra sagrada a la teva col\u00b7lecci\u00f3 i desperta la teva for\u00e7a espiritual. Descobreix el poder transformador de l&#039;Obsidiana<\/p>\n<p>Quantitat: 1 Unitat. El preu \u00e9s per una unitat.<br \/>\nTama\u00f1o: De 3 a 5 cent\u00edmetros aproximadamente.<br \/>\nForma: Mineral Rodat.<\/p>","protected":false},"featured_media":1583,"template":"","meta":[],"product_cat":[69,71],"product_tag":[],"class_list":{"0":"post-1573","1":"product","2":"type-product","3":"status-publish","4":"has-post-thumbnail","6":"product_cat-minerales","7":"product_cat-rodados","9":"first","10":"instock","11":"sale","12":"taxable","13":"shipping-taxable","14":"purchasable","15":"product-type-simple"},"yoast_head":"<!-- This site is optimized with the Yoast SEO plugin v27.3 - https:\/\/yoast.com\/product\/yoast-seo-wordpress\/ -->\n<title>Obsidiana Negra Rodado | Protecci\u00f3n Energ\u00e9tica - Transformaci\u00f3n - MINERALES LUNA LLENA<\/title>\n<meta name=\"robots\" content=\"index, follow, max-snippet:-1, max-image-preview:large, max-video-preview:-1\" \/>\n<link rel=\"canonical\" href=\"https:\/\/mineraleslunallena.com\/ca\/producte\/obsidiana-negra-rodado-proteccion-energetica-transformacion\/\" \/>\n<meta property=\"og:locale\" content=\"ca_ES\" \/>\n<meta property=\"og:type\" content=\"article\" \/>\n<meta property=\"og:title\" content=\"Obsidiana Negra Rodado | Protecci\u00f3n Energ\u00e9tica - Transformaci\u00f3n - MINERALES LUNA LLENA\" \/>\n<meta property=\"og:description\" content=\"La Obsidiana, una piedra poderosa para la transformaci\u00f3n y la protecci\u00f3n espiritual. Util\u00edzala para liberar bloqueos y superar obst\u00e1culos en momentos de cambio. Protege tu energ\u00eda y disipa influencias negativas. Promueve la claridad mental y la intuici\u00f3n en la toma de decisiones. Conecta con tu verdad interior y enfrenta tus aspectos oscuros. \u00dasala en rituales de protecci\u00f3n y purificaci\u00f3n. A\u00f1ade esta piedra sagrada a tu colecci\u00f3n y despierta tu fuerza espiritual. Descubre el poder transformador de la Obsidiana  Cantidad: 1 Unidad. El precio es por una unidad. Tama\u00f1o: De 3 a 5 cent\u00edmetros aproximadamente. Forma: Mineral Rodado.\" \/>\n<meta property=\"og:url\" content=\"https:\/\/mineraleslunallena.com\/ca\/producte\/obsidiana-negra-rodado-proteccion-energetica-transformacion\/\" \/>\n<meta property=\"og:site_name\" content=\"MINERALES LUNA LLENA\" \/>\n<meta property=\"article:modified_time\" content=\"2025-04-09T01:07:43+00:00\" \/>\n<meta property=\"og:image\" content=\"https:\/\/mineraleslunallena.com\/wp-content\/uploads\/2024\/01\/m_r_002-scaled.jpg\" \/>\n\t<meta property=\"og:image:width\" content=\"1920\" \/>\n\t<meta property=\"og:image:height\" content=\"2560\" \/>\n\t<meta property=\"og:image:type\" content=\"image\/jpeg\" \/>\n<meta name=\"twitter:card\" content=\"summary_large_image\" \/>\n<meta name=\"twitter:label1\" content=\"Temps estimat de lectura\" \/>\n\t<meta name=\"twitter:data1\" content=\"1 minut\" \/>\n<script type=\"application\/ld+json\" class=\"yoast-schema-graph\">{\"@context\":\"https:\\\/\\\/schema.org\",\"@graph\":[{\"@type\":\"WebPage\",\"@id\":\"https:\\\/\\\/mineraleslunallena.com\\\/producto\\\/obsidiana-negra-rodado-proteccion-energetica-transformacion\\\/\",\"url\":\"https:\\\/\\\/mineraleslunallena.com\\\/producto\\\/obsidiana-negra-rodado-proteccion-energetica-transformacion\\\/\",\"name\":\"Obsidiana Negra Rodado | Protecci\u00f3n Energ\u00e9tica - Transformaci\u00f3n - MINERALES LUNA LLENA\",\"isPartOf\":{\"@id\":\"https:\\\/\\\/mineraleslunallena.com\\\/#website\"},\"primaryImageOfPage\":{\"@id\":\"https:\\\/\\\/mineraleslunallena.com\\\/producto\\\/obsidiana-negra-rodado-proteccion-energetica-transformacion\\\/#primaryimage\"},\"image\":{\"@id\":\"https:\\\/\\\/mineraleslunallena.com\\\/producto\\\/obsidiana-negra-rodado-proteccion-energetica-transformacion\\\/#primaryimage\"},\"thumbnailUrl\":\"https:\\\/\\\/mineraleslunallena.com\\\/wp-content\\\/uploads\\\/2024\\\/01\\\/m_r_002-scaled.jpg\",\"datePublished\":\"2024-01-23T10:27:20+00:00\",\"dateModified\":\"2025-04-09T01:07:43+00:00\",\"breadcrumb\":{\"@id\":\"https:\\\/\\\/mineraleslunallena.com\\\/producto\\\/obsidiana-negra-rodado-proteccion-energetica-transformacion\\\/#breadcrumb\"},\"inLanguage\":\"ca\",\"potentialAction\":[{\"@type\":\"ReadAction\",\"target\":[\"https:\\\/\\\/mineraleslunallena.com\\\/producto\\\/obsidiana-negra-rodado-proteccion-energetica-transformacion\\\/\"]}]},{\"@type\":\"ImageObject\",\"inLanguage\":\"ca\",\"@id\":\"https:\\\/\\\/mineraleslunallena.com\\\/producto\\\/obsidiana-negra-rodado-proteccion-energetica-transformacion\\\/#primaryimage\",\"url\":\"https:\\\/\\\/mineraleslunallena.com\\\/wp-content\\\/uploads\\\/2024\\\/01\\\/m_r_002-scaled.jpg\",\"contentUrl\":\"https:\\\/\\\/mineraleslunallena.com\\\/wp-content\\\/uploads\\\/2024\\\/01\\\/m_r_002-scaled.jpg\",\"width\":1920,\"height\":2560},{\"@type\":\"BreadcrumbList\",\"@id\":\"https:\\\/\\\/mineraleslunallena.com\\\/producto\\\/obsidiana-negra-rodado-proteccion-energetica-transformacion\\\/#breadcrumb\",\"itemListElement\":[{\"@type\":\"ListItem\",\"position\":1,\"name\":\"Portada\",\"item\":\"https:\\\/\\\/mineraleslunallena.com\\\/\"},{\"@type\":\"ListItem\",\"position\":2,\"name\":\"Shop\",\"item\":\"https:\\\/\\\/mineraleslunallena.com\\\/ca\\\/shop\\\/\"},{\"@type\":\"ListItem\",\"position\":3,\"name\":\"Obsidiana Negra Rodado | Protecci\u00f3n Energ\u00e9tica &#8211; Transformaci\u00f3n\"}]},{\"@type\":\"WebSite\",\"@id\":\"https:\\\/\\\/mineraleslunallena.com\\\/#website\",\"url\":\"https:\\\/\\\/mineraleslunallena.com\\\/\",\"name\":\"LUNA LLENA MINERALES\",\"description\":\"Es el momento de conectarte con tu propio poder y confiar en tus habilidades.\",\"publisher\":{\"@id\":\"https:\\\/\\\/mineraleslunallena.com\\\/#organization\"},\"potentialAction\":[{\"@type\":\"SearchAction\",\"target\":{\"@type\":\"EntryPoint\",\"urlTemplate\":\"https:\\\/\\\/mineraleslunallena.com\\\/?s={search_term_string}\"},\"query-input\":{\"@type\":\"PropertyValueSpecification\",\"valueRequired\":true,\"valueName\":\"search_term_string\"}}],\"inLanguage\":\"ca\"},{\"@type\":\"Organization\",\"@id\":\"https:\\\/\\\/mineraleslunallena.com\\\/#organization\",\"name\":\"LUNA LLENA MINERALES\",\"url\":\"https:\\\/\\\/mineraleslunallena.com\\\/\",\"logo\":{\"@type\":\"ImageObject\",\"inLanguage\":\"ca\",\"@id\":\"https:\\\/\\\/mineraleslunallena.com\\\/#\\\/schema\\\/logo\\\/image\\\/\",\"url\":\"https:\\\/\\\/mineraleslunallena.com\\\/wp-content\\\/uploads\\\/2023\\\/07\\\/LUNA-LLENA-LOGO-nuevo.png\",\"contentUrl\":\"https:\\\/\\\/mineraleslunallena.com\\\/wp-content\\\/uploads\\\/2023\\\/07\\\/LUNA-LLENA-LOGO-nuevo.png\",\"width\":229,\"height\":167,\"caption\":\"LUNA LLENA MINERALES\"},\"image\":{\"@id\":\"https:\\\/\\\/mineraleslunallena.com\\\/#\\\/schema\\\/logo\\\/image\\\/\"}}]}<\/script>\n<!-- \/ Yoast SEO plugin. -->","yoast_head_json":{"title":"Obsidiana Negra Rodado | Protecci\u00f3n Energ\u00e9tica - Transformaci\u00f3n - MINERALES LUNA LLENA","robots":{"index":"index","follow":"follow","max-snippet":"max-snippet:-1","max-image-preview":"max-image-preview:large","max-video-preview":"max-video-preview:-1"},"canonical":"https:\/\/mineraleslunallena.com\/ca\/producte\/obsidiana-negra-rodado-proteccion-energetica-transformacion\/","og_locale":"ca_ES","og_type":"article","og_title":"Obsidiana Negra Rodado | Protecci\u00f3n Energ\u00e9tica - Transformaci\u00f3n - MINERALES LUNA LLENA","og_description":"La Obsidiana, una piedra poderosa para la transformaci\u00f3n y la protecci\u00f3n espiritual. Util\u00edzala para liberar bloqueos y superar obst\u00e1culos en momentos de cambio. Protege tu energ\u00eda y disipa influencias negativas. Promueve la claridad mental y la intuici\u00f3n en la toma de decisiones. Conecta con tu verdad interior y enfrenta tus aspectos oscuros. \u00dasala en rituales de protecci\u00f3n y purificaci\u00f3n. A\u00f1ade esta piedra sagrada a tu colecci\u00f3n y despierta tu fuerza espiritual. Descubre el poder transformador de la Obsidiana  Cantidad: 1 Unidad. El precio es por una unidad. Tama\u00f1o: De 3 a 5 cent\u00edmetros aproximadamente. Forma: Mineral Rodado.","og_url":"https:\/\/mineraleslunallena.com\/ca\/producte\/obsidiana-negra-rodado-proteccion-energetica-transformacion\/","og_site_name":"MINERALES LUNA LLENA","article_modified_time":"2025-04-09T01:07:43+00:00","og_image":[{"width":1920,"height":2560,"url":"https:\/\/mineraleslunallena.com\/wp-content\/uploads\/2024\/01\/m_r_002-scaled.jpg","type":"image\/jpeg"}],"twitter_card":"summary_large_image","twitter_misc":{"Temps estimat de lectura":"1 minut"},"schema":{"@context":"https:\/\/schema.org","@graph":[{"@type":"WebPage","@id":"https:\/\/mineraleslunallena.com\/producto\/obsidiana-negra-rodado-proteccion-energetica-transformacion\/","url":"https:\/\/mineraleslunallena.com\/producto\/obsidiana-negra-rodado-proteccion-energetica-transformacion\/","name":"Obsidiana Negra Rodado | Protecci\u00f3n Energ\u00e9tica - Transformaci\u00f3n - MINERALES LUNA LLENA","isPartOf":{"@id":"https:\/\/mineraleslunallena.com\/#website"},"primaryImageOfPage":{"@id":"https:\/\/mineraleslunallena.com\/producto\/obsidiana-negra-rodado-proteccion-energetica-transformacion\/#primaryimage"},"image":{"@id":"https:\/\/mineraleslunallena.com\/producto\/obsidiana-negra-rodado-proteccion-energetica-transformacion\/#primaryimage"},"thumbnailUrl":"https:\/\/mineraleslunallena.com\/wp-content\/uploads\/2024\/01\/m_r_002-scaled.jpg","datePublished":"2024-01-23T10:27:20+00:00","dateModified":"2025-04-09T01:07:43+00:00","breadcrumb":{"@id":"https:\/\/mineraleslunallena.com\/producto\/obsidiana-negra-rodado-proteccion-energetica-transformacion\/#breadcrumb"},"inLanguage":"ca","potentialAction":[{"@type":"ReadAction","target":["https:\/\/mineraleslunallena.com\/producto\/obsidiana-negra-rodado-proteccion-energetica-transformacion\/"]}]},{"@type":"ImageObject","inLanguage":"ca","@id":"https:\/\/mineraleslunallena.com\/producto\/obsidiana-negra-rodado-proteccion-energetica-transformacion\/#primaryimage","url":"https:\/\/mineraleslunallena.com\/wp-content\/uploads\/2024\/01\/m_r_002-scaled.jpg","contentUrl":"https:\/\/mineraleslunallena.com\/wp-content\/uploads\/2024\/01\/m_r_002-scaled.jpg","width":1920,"height":2560},{"@type":"BreadcrumbList","@id":"https:\/\/mineraleslunallena.com\/producto\/obsidiana-negra-rodado-proteccion-energetica-transformacion\/#breadcrumb","itemListElement":[{"@type":"ListItem","position":1,"name":"Portada","item":"https:\/\/mineraleslunallena.com\/"},{"@type":"ListItem","position":2,"name":"Shop","item":"https:\/\/mineraleslunallena.com\/ca\/shop\/"},{"@type":"ListItem","position":3,"name":"Obsidiana Negra Rodado | Protecci\u00f3n Energ\u00e9tica &#8211; Transformaci\u00f3n"}]},{"@type":"WebSite","@id":"https:\/\/mineraleslunallena.com\/#website","url":"https:\/\/mineraleslunallena.com\/","name":"LLUNA PLENA MINERALS","description":"\u00c9s el moment de connectar-te amb el teu poder i confiar en les teves habilitats.","publisher":{"@id":"https:\/\/mineraleslunallena.com\/#organization"},"potentialAction":[{"@type":"SearchAction","target":{"@type":"EntryPoint","urlTemplate":"https:\/\/mineraleslunallena.com\/?s={search_term_string}"},"query-input":{"@type":"PropertyValueSpecification","valueRequired":true,"valueName":"search_term_string"}}],"inLanguage":"ca"},{"@type":"Organization","@id":"https:\/\/mineraleslunallena.com\/#organization","name":"LLUNA PLENA MINERALS","url":"https:\/\/mineraleslunallena.com\/","logo":{"@type":"ImageObject","inLanguage":"ca","@id":"https:\/\/mineraleslunallena.com\/#\/schema\/logo\/image\/","url":"https:\/\/mineraleslunallena.com\/wp-content\/uploads\/2023\/07\/LUNA-LLENA-LOGO-nuevo.png","contentUrl":"https:\/\/mineraleslunallena.com\/wp-content\/uploads\/2023\/07\/LUNA-LLENA-LOGO-nuevo.png","width":229,"height":167,"caption":"LUNA LLENA MINERALES"},"image":{"@id":"https:\/\/mineraleslunallena.com\/#\/schema\/logo\/image\/"}}]}},"_links":{"self":[{"href":"https:\/\/mineraleslunallena.com\/ca\/wp-json\/wp\/v2\/product\/1573","targetHints":{"allow":["GET"]}}],"collection":[{"href":"https:\/\/mineraleslunallena.com\/ca\/wp-json\/wp\/v2\/product"}],"about":[{"href":"https:\/\/mineraleslunallena.com\/ca\/wp-json\/wp\/v2\/types\/product"}],"version-history":[{"count":4,"href":"https:\/\/mineraleslunallena.com\/ca\/wp-json\/wp\/v2\/product\/1573\/revisions"}],"predecessor-version":[{"id":3398,"href":"https:\/\/mineraleslunallena.com\/ca\/wp-json\/wp\/v2\/product\/1573\/revisions\/3398"}],"wp:featuredmedia":[{"embeddable":true,"href":"https:\/\/mineraleslunallena.com\/ca\/wp-json\/wp\/v2\/media\/1583"}],"wp:attachment":[{"href":"https:\/\/mineraleslunallena.com\/ca\/wp-json\/wp\/v2\/media?parent=1573"}],"wp:term":[{"taxonomy":"product_cat","embeddable":true,"href":"https:\/\/mineraleslunallena.com\/ca\/wp-json\/wp\/v2\/product_cat?post=1573"},{"taxonomy":"product_tag","embeddable":true,"href":"https:\/\/mineraleslunallena.com\/ca\/wp-json\/wp\/v2\/product_tag?post=1573"}],"curies":[{"name":"wp","href":"https:\/\/api.w.org\/{rel}","templated":true}]}}