{"id":1635,"date":"2024-01-23T10:48:18","date_gmt":"2024-01-23T10:48:18","guid":{"rendered":"https:\/\/minerales.ultbit.com\/?post_type=product&#038;p=1635"},"modified":"2025-04-18T01:31:24","modified_gmt":"2025-04-17T23:31:24","slug":"agata-botswana-rodado-estabilidad-emocional-calma","status":"publish","type":"product","link":"https:\/\/mineraleslunallena.com\/ca\/producte\/agata-botswana-rodado-estabilidad-emocional-calma\/","title":{"rendered":"\u00c1gata Botswana Rodado | Estabilidad Emocional &#8211; Calma"},"content":{"rendered":"<p>La \u00c1gata Botswana es una piedra de calma y estabilidad emocional. Tonos grises y blancos con patrones \u00fanicos. Ideal para aliviar estr\u00e9s y ansiedad.<br \/>\nPromueve autoaceptaci\u00f3n y confianza en uno mismo. Asociada al chakra Corona, sana heridas emocionales y fomenta el amor propio.<br \/>\n\u00dasala en momentos de inquietud y durante meditaci\u00f3n para conectar con tu yo interior. Es una piedra que promueve la compasi\u00f3n y la aceptaci\u00f3n.<br \/>\nConnecta&#039;t amb les seves propietats espirituals per a benestar i creixement personal.<\/p>\n<p>Quantitat: 1 Unitat. El preu \u00e9s per una unitat.<br \/>\nTama\u00f1o: De 3 a 4.5 cent\u00edmetros Aproximadamente.<br \/>\nForma: Mineral Rodat.<\/p>","protected":false},"excerpt":{"rendered":"<p>La \u00c1gata Botswana es una piedra de calma y estabilidad emocional. Tonos grises y blancos con patrones \u00fanicos. Ideal para aliviar estr\u00e9s y ansiedad.<br \/>\nPromueve autoaceptaci\u00f3n y confianza en uno mismo. Asociada al chakra Corona, sana heridas emocionales y fomenta el amor propio.<br \/>\n\u00dasala en momentos de inquietud y durante meditaci\u00f3n para conectar con tu yo interior. Es una piedra que promueve la compasi\u00f3n y la aceptaci\u00f3n.<br \/>\nConnecta&#039;t amb les seves propietats espirituals per a benestar i creixement personal.<\/p>\n<p>Quantitat: 1 Unitat. El preu \u00e9s per una unitat.<br \/>\nTama\u00f1o: De 3 a 4.5 cent\u00edmetros Aproximadamente.<br \/>\nForma: Mineral Rodat.<\/p>","protected":false},"featured_media":1805,"template":"","meta":[],"product_cat":[69,71],"product_tag":[],"class_list":{"0":"post-1635","1":"product","2":"type-product","3":"status-publish","4":"has-post-thumbnail","6":"product_cat-minerales","7":"product_cat-rodados","9":"first","10":"instock","11":"sale","12":"taxable","13":"shipping-taxable","14":"purchasable","15":"product-type-simple"},"yoast_head":"<!-- This site is optimized with the Yoast SEO plugin v27.3 - https:\/\/yoast.com\/product\/yoast-seo-wordpress\/ -->\n<title>\u00c1gata Botswana-LUNA LLENA MNERALES<\/title>\n<meta name=\"robots\" content=\"index, follow, max-snippet:-1, max-image-preview:large, max-video-preview:-1\" \/>\n<link rel=\"canonical\" href=\"https:\/\/mineraleslunallena.com\/ca\/producte\/agata-botswana-rodado-estabilidad-emocional-calma\/\" \/>\n<meta property=\"og:locale\" content=\"ca_ES\" \/>\n<meta property=\"og:type\" content=\"article\" \/>\n<meta property=\"og:title\" content=\"\u00c1gata Botswana-LUNA LLENA MNERALES\" \/>\n<meta property=\"og:description\" content=\"La \u00c1gata Botswana es una piedra de calma y estabilidad emocional. Tonos grises y blancos con patrones \u00fanicos. Ideal para aliviar estr\u00e9s y ansiedad. Promueve autoaceptaci\u00f3n y confianza en uno mismo. Asociada al chakra Corona, sana heridas emocionales y fomenta el amor propio. \u00dasala en momentos de inquietud y durante meditaci\u00f3n para conectar con tu yo interior. Es una piedra que promueve la compasi\u00f3n y la aceptaci\u00f3n. Con\u00e9ctate con sus propiedades espirituales para bienestar y crecimiento personal.  Cantidad: 1 Unidad. El precio es por una unidad. Tama\u00f1o: De 3 a 4.5 cent\u00edmetros Aproximadamente. Forma: Mineral Rodado.\" \/>\n<meta property=\"og:url\" content=\"https:\/\/mineraleslunallena.com\/ca\/producte\/agata-botswana-rodado-estabilidad-emocional-calma\/\" \/>\n<meta property=\"og:site_name\" content=\"MINERALES LUNA LLENA\" \/>\n<meta property=\"article:modified_time\" content=\"2025-04-17T23:31:24+00:00\" \/>\n<meta property=\"og:image\" content=\"https:\/\/mineraleslunallena.com\/wp-content\/uploads\/2024\/01\/m_r_023-2-scaled.jpg\" \/>\n\t<meta property=\"og:image:width\" content=\"1920\" \/>\n\t<meta property=\"og:image:height\" content=\"2560\" \/>\n\t<meta property=\"og:image:type\" content=\"image\/jpeg\" \/>\n<meta name=\"twitter:card\" content=\"summary_large_image\" \/>\n<meta name=\"twitter:label1\" content=\"Temps estimat de lectura\" \/>\n\t<meta name=\"twitter:data1\" content=\"1 minut\" \/>\n<script type=\"application\/ld+json\" class=\"yoast-schema-graph\">{\"@context\":\"https:\\\/\\\/schema.org\",\"@graph\":[{\"@type\":\"WebPage\",\"@id\":\"https:\\\/\\\/mineraleslunallena.com\\\/producto\\\/agata-botswana-rodado-estabilidad-emocional-calma\\\/\",\"url\":\"https:\\\/\\\/mineraleslunallena.com\\\/producto\\\/agata-botswana-rodado-estabilidad-emocional-calma\\\/\",\"name\":\"\u00c1gata Botswana-LUNA LLENA MNERALES\",\"isPartOf\":{\"@id\":\"https:\\\/\\\/mineraleslunallena.com\\\/#website\"},\"primaryImageOfPage\":{\"@id\":\"https:\\\/\\\/mineraleslunallena.com\\\/producto\\\/agata-botswana-rodado-estabilidad-emocional-calma\\\/#primaryimage\"},\"image\":{\"@id\":\"https:\\\/\\\/mineraleslunallena.com\\\/producto\\\/agata-botswana-rodado-estabilidad-emocional-calma\\\/#primaryimage\"},\"thumbnailUrl\":\"https:\\\/\\\/mineraleslunallena.com\\\/wp-content\\\/uploads\\\/2024\\\/01\\\/m_r_023-2-scaled.jpg\",\"datePublished\":\"2024-01-23T10:48:18+00:00\",\"dateModified\":\"2025-04-17T23:31:24+00:00\",\"breadcrumb\":{\"@id\":\"https:\\\/\\\/mineraleslunallena.com\\\/producto\\\/agata-botswana-rodado-estabilidad-emocional-calma\\\/#breadcrumb\"},\"inLanguage\":\"ca\",\"potentialAction\":[{\"@type\":\"ReadAction\",\"target\":[\"https:\\\/\\\/mineraleslunallena.com\\\/producto\\\/agata-botswana-rodado-estabilidad-emocional-calma\\\/\"]}]},{\"@type\":\"ImageObject\",\"inLanguage\":\"ca\",\"@id\":\"https:\\\/\\\/mineraleslunallena.com\\\/producto\\\/agata-botswana-rodado-estabilidad-emocional-calma\\\/#primaryimage\",\"url\":\"https:\\\/\\\/mineraleslunallena.com\\\/wp-content\\\/uploads\\\/2024\\\/01\\\/m_r_023-2-scaled.jpg\",\"contentUrl\":\"https:\\\/\\\/mineraleslunallena.com\\\/wp-content\\\/uploads\\\/2024\\\/01\\\/m_r_023-2-scaled.jpg\",\"width\":1920,\"height\":2560},{\"@type\":\"BreadcrumbList\",\"@id\":\"https:\\\/\\\/mineraleslunallena.com\\\/producto\\\/agata-botswana-rodado-estabilidad-emocional-calma\\\/#breadcrumb\",\"itemListElement\":[{\"@type\":\"ListItem\",\"position\":1,\"name\":\"Portada\",\"item\":\"https:\\\/\\\/mineraleslunallena.com\\\/\"},{\"@type\":\"ListItem\",\"position\":2,\"name\":\"Shop\",\"item\":\"https:\\\/\\\/mineraleslunallena.com\\\/ca\\\/shop\\\/\"},{\"@type\":\"ListItem\",\"position\":3,\"name\":\"\u00c1gata Botswana Rodado | Estabilidad Emocional &#8211; Calma\"}]},{\"@type\":\"WebSite\",\"@id\":\"https:\\\/\\\/mineraleslunallena.com\\\/#website\",\"url\":\"https:\\\/\\\/mineraleslunallena.com\\\/\",\"name\":\"LUNA LLENA MINERALES\",\"description\":\"Es el momento de conectarte con tu propio poder y confiar en tus habilidades.\",\"publisher\":{\"@id\":\"https:\\\/\\\/mineraleslunallena.com\\\/#organization\"},\"potentialAction\":[{\"@type\":\"SearchAction\",\"target\":{\"@type\":\"EntryPoint\",\"urlTemplate\":\"https:\\\/\\\/mineraleslunallena.com\\\/?s={search_term_string}\"},\"query-input\":{\"@type\":\"PropertyValueSpecification\",\"valueRequired\":true,\"valueName\":\"search_term_string\"}}],\"inLanguage\":\"ca\"},{\"@type\":\"Organization\",\"@id\":\"https:\\\/\\\/mineraleslunallena.com\\\/#organization\",\"name\":\"LUNA LLENA MINERALES\",\"url\":\"https:\\\/\\\/mineraleslunallena.com\\\/\",\"logo\":{\"@type\":\"ImageObject\",\"inLanguage\":\"ca\",\"@id\":\"https:\\\/\\\/mineraleslunallena.com\\\/#\\\/schema\\\/logo\\\/image\\\/\",\"url\":\"https:\\\/\\\/mineraleslunallena.com\\\/wp-content\\\/uploads\\\/2023\\\/07\\\/LUNA-LLENA-LOGO-nuevo.png\",\"contentUrl\":\"https:\\\/\\\/mineraleslunallena.com\\\/wp-content\\\/uploads\\\/2023\\\/07\\\/LUNA-LLENA-LOGO-nuevo.png\",\"width\":229,\"height\":167,\"caption\":\"LUNA LLENA MINERALES\"},\"image\":{\"@id\":\"https:\\\/\\\/mineraleslunallena.com\\\/#\\\/schema\\\/logo\\\/image\\\/\"}}]}<\/script>\n<!-- \/ Yoast SEO plugin. -->","yoast_head_json":{"title":"\u00c1gata Botswana-LUNA LLENA MNERALES","robots":{"index":"index","follow":"follow","max-snippet":"max-snippet:-1","max-image-preview":"max-image-preview:large","max-video-preview":"max-video-preview:-1"},"canonical":"https:\/\/mineraleslunallena.com\/ca\/producte\/agata-botswana-rodado-estabilidad-emocional-calma\/","og_locale":"ca_ES","og_type":"article","og_title":"\u00c1gata Botswana-LUNA LLENA MNERALES","og_description":"La \u00c1gata Botswana es una piedra de calma y estabilidad emocional. Tonos grises y blancos con patrones \u00fanicos. Ideal para aliviar estr\u00e9s y ansiedad. Promueve autoaceptaci\u00f3n y confianza en uno mismo. Asociada al chakra Corona, sana heridas emocionales y fomenta el amor propio. \u00dasala en momentos de inquietud y durante meditaci\u00f3n para conectar con tu yo interior. Es una piedra que promueve la compasi\u00f3n y la aceptaci\u00f3n. Con\u00e9ctate con sus propiedades espirituales para bienestar y crecimiento personal.  Cantidad: 1 Unidad. El precio es por una unidad. Tama\u00f1o: De 3 a 4.5 cent\u00edmetros Aproximadamente. Forma: Mineral Rodado.","og_url":"https:\/\/mineraleslunallena.com\/ca\/producte\/agata-botswana-rodado-estabilidad-emocional-calma\/","og_site_name":"MINERALES LUNA LLENA","article_modified_time":"2025-04-17T23:31:24+00:00","og_image":[{"width":1920,"height":2560,"url":"https:\/\/mineraleslunallena.com\/wp-content\/uploads\/2024\/01\/m_r_023-2-scaled.jpg","type":"image\/jpeg"}],"twitter_card":"summary_large_image","twitter_misc":{"Temps estimat de lectura":"1 minut"},"schema":{"@context":"https:\/\/schema.org","@graph":[{"@type":"WebPage","@id":"https:\/\/mineraleslunallena.com\/producto\/agata-botswana-rodado-estabilidad-emocional-calma\/","url":"https:\/\/mineraleslunallena.com\/producto\/agata-botswana-rodado-estabilidad-emocional-calma\/","name":"\u00c1gata Botswana-LUNA LLENA MNERALES","isPartOf":{"@id":"https:\/\/mineraleslunallena.com\/#website"},"primaryImageOfPage":{"@id":"https:\/\/mineraleslunallena.com\/producto\/agata-botswana-rodado-estabilidad-emocional-calma\/#primaryimage"},"image":{"@id":"https:\/\/mineraleslunallena.com\/producto\/agata-botswana-rodado-estabilidad-emocional-calma\/#primaryimage"},"thumbnailUrl":"https:\/\/mineraleslunallena.com\/wp-content\/uploads\/2024\/01\/m_r_023-2-scaled.jpg","datePublished":"2024-01-23T10:48:18+00:00","dateModified":"2025-04-17T23:31:24+00:00","breadcrumb":{"@id":"https:\/\/mineraleslunallena.com\/producto\/agata-botswana-rodado-estabilidad-emocional-calma\/#breadcrumb"},"inLanguage":"ca","potentialAction":[{"@type":"ReadAction","target":["https:\/\/mineraleslunallena.com\/producto\/agata-botswana-rodado-estabilidad-emocional-calma\/"]}]},{"@type":"ImageObject","inLanguage":"ca","@id":"https:\/\/mineraleslunallena.com\/producto\/agata-botswana-rodado-estabilidad-emocional-calma\/#primaryimage","url":"https:\/\/mineraleslunallena.com\/wp-content\/uploads\/2024\/01\/m_r_023-2-scaled.jpg","contentUrl":"https:\/\/mineraleslunallena.com\/wp-content\/uploads\/2024\/01\/m_r_023-2-scaled.jpg","width":1920,"height":2560},{"@type":"BreadcrumbList","@id":"https:\/\/mineraleslunallena.com\/producto\/agata-botswana-rodado-estabilidad-emocional-calma\/#breadcrumb","itemListElement":[{"@type":"ListItem","position":1,"name":"Portada","item":"https:\/\/mineraleslunallena.com\/"},{"@type":"ListItem","position":2,"name":"Shop","item":"https:\/\/mineraleslunallena.com\/ca\/shop\/"},{"@type":"ListItem","position":3,"name":"\u00c1gata Botswana Rodado | Estabilidad Emocional &#8211; Calma"}]},{"@type":"WebSite","@id":"https:\/\/mineraleslunallena.com\/#website","url":"https:\/\/mineraleslunallena.com\/","name":"LLUNA PLENA MINERALS","description":"\u00c9s el moment de connectar-te amb el teu poder i confiar en les teves habilitats.","publisher":{"@id":"https:\/\/mineraleslunallena.com\/#organization"},"potentialAction":[{"@type":"SearchAction","target":{"@type":"EntryPoint","urlTemplate":"https:\/\/mineraleslunallena.com\/?s={search_term_string}"},"query-input":{"@type":"PropertyValueSpecification","valueRequired":true,"valueName":"search_term_string"}}],"inLanguage":"ca"},{"@type":"Organization","@id":"https:\/\/mineraleslunallena.com\/#organization","name":"LLUNA PLENA MINERALS","url":"https:\/\/mineraleslunallena.com\/","logo":{"@type":"ImageObject","inLanguage":"ca","@id":"https:\/\/mineraleslunallena.com\/#\/schema\/logo\/image\/","url":"https:\/\/mineraleslunallena.com\/wp-content\/uploads\/2023\/07\/LUNA-LLENA-LOGO-nuevo.png","contentUrl":"https:\/\/mineraleslunallena.com\/wp-content\/uploads\/2023\/07\/LUNA-LLENA-LOGO-nuevo.png","width":229,"height":167,"caption":"LUNA LLENA MINERALES"},"image":{"@id":"https:\/\/mineraleslunallena.com\/#\/schema\/logo\/image\/"}}]}},"_links":{"self":[{"href":"https:\/\/mineraleslunallena.com\/ca\/wp-json\/wp\/v2\/product\/1635","targetHints":{"allow":["GET"]}}],"collection":[{"href":"https:\/\/mineraleslunallena.com\/ca\/wp-json\/wp\/v2\/product"}],"about":[{"href":"https:\/\/mineraleslunallena.com\/ca\/wp-json\/wp\/v2\/types\/product"}],"version-history":[{"count":5,"href":"https:\/\/mineraleslunallena.com\/ca\/wp-json\/wp\/v2\/product\/1635\/revisions"}],"predecessor-version":[{"id":3379,"href":"https:\/\/mineraleslunallena.com\/ca\/wp-json\/wp\/v2\/product\/1635\/revisions\/3379"}],"wp:featuredmedia":[{"embeddable":true,"href":"https:\/\/mineraleslunallena.com\/ca\/wp-json\/wp\/v2\/media\/1805"}],"wp:attachment":[{"href":"https:\/\/mineraleslunallena.com\/ca\/wp-json\/wp\/v2\/media?parent=1635"}],"wp:term":[{"taxonomy":"product_cat","embeddable":true,"href":"https:\/\/mineraleslunallena.com\/ca\/wp-json\/wp\/v2\/product_cat?post=1635"},{"taxonomy":"product_tag","embeddable":true,"href":"https:\/\/mineraleslunallena.com\/ca\/wp-json\/wp\/v2\/product_tag?post=1635"}],"curies":[{"name":"wp","href":"https:\/\/api.w.org\/{rel}","templated":true}]}}