{"id":1657,"date":"2024-01-23T10:53:18","date_gmt":"2024-01-23T10:53:18","guid":{"rendered":"https:\/\/minerales.ultbit.com\/?post_type=product&#038;p=1657"},"modified":"2024-03-19T19:41:45","modified_gmt":"2024-03-19T18:41:45","slug":"jaspe-leopardo-rodado-enraizamiento-energia-proyectos","status":"publish","type":"product","link":"https:\/\/mineraleslunallena.com\/ca\/producte\/jaspe-leopardo-rodado-enraizamiento-energia-proyectos\/","title":{"rendered":"Jaspe Leopardo Rodado | Enraizamiento &#8211; Energ\u00eda &#8211; Proyectos"},"content":{"rendered":"<p>El Jaspe Leopardita es una piedra \u00fanica con tonos terrosos y moteados, evocando la fuerza y elegancia del leopardo.<br \/>\nSus vibraciones enraizadas y c\u00e1lidas la hacen ideal para momentos de transformaci\u00f3n y desaf\u00edos.<br \/>\nAl usarla, sentir\u00e1s c\u00f3mo te conecta con la tierra, proporcionando una base s\u00f3lida para afrontar situaciones cambiantes.<br \/>\nAsociada a los chakras ra\u00edz y sacro, esta piedra equilibra tus emociones y estimula la creatividad. En meditaci\u00f3n, te brinda un anclaje profundo con la naturaleza y sus ciclos, fomentando la adaptabilidad y la fortaleza interior.<\/p>\n<p>Quantitat: 1 Unitat. El preu \u00e9s per una unitat.<\/p>\n<p>Tama\u00f1o: Entre 2.5 y 3.5 cent\u00edmetros aproximadamente.<br \/>\nForma: Mineral Rodat.<\/p>","protected":false},"excerpt":{"rendered":"<p>El Jaspe Leopardita es una piedra \u00fanica con tonos terrosos y moteados, evocando la fuerza y elegancia del leopardo.<br \/>\nSus vibraciones enraizadas y c\u00e1lidas la hacen ideal para momentos de transformaci\u00f3n y desaf\u00edos.<br \/>\nAl usarla, sentir\u00e1s c\u00f3mo te conecta con la tierra, proporcionando una base s\u00f3lida para afrontar situaciones cambiantes.<br \/>\nAsociada a los chakras ra\u00edz y sacro, esta piedra equilibra tus emociones y estimula la creatividad. En meditaci\u00f3n, te brinda un anclaje profundo con la naturaleza y sus ciclos, fomentando la adaptabilidad y la fortaleza interior.<\/p>\n<p>Quantitat: 1 Unitat. El preu \u00e9s per una unitat.<\/p>\n<p>Tama\u00f1o: Entre 2.5 y 3.5 cent\u00edmetros aproximadamente.<br \/>\nForma: Mineral Rodat.<\/p>","protected":false},"featured_media":1816,"template":"","meta":[],"product_cat":[69,71],"product_tag":[],"class_list":{"0":"post-1657","1":"product","2":"type-product","3":"status-publish","4":"has-post-thumbnail","6":"product_cat-minerales","7":"product_cat-rodados","9":"first","10":"instock","11":"sale","12":"taxable","13":"shipping-taxable","14":"purchasable","15":"product-type-simple"},"yoast_head":"<!-- This site is optimized with the Yoast SEO plugin v27.3 - https:\/\/yoast.com\/product\/yoast-seo-wordpress\/ -->\n<title>Jaspe Leopardo Rodado | Enraizamiento - Energ\u00eda - Proyectos - MINERALES LUNA LLENA<\/title>\n<meta name=\"robots\" content=\"index, follow, max-snippet:-1, max-image-preview:large, max-video-preview:-1\" \/>\n<link rel=\"canonical\" href=\"https:\/\/mineraleslunallena.com\/ca\/producte\/jaspe-leopardo-rodado-enraizamiento-energia-proyectos\/\" \/>\n<meta property=\"og:locale\" content=\"ca_ES\" \/>\n<meta property=\"og:type\" content=\"article\" \/>\n<meta property=\"og:title\" content=\"Jaspe Leopardo Rodado | Enraizamiento - Energ\u00eda - Proyectos - MINERALES LUNA LLENA\" \/>\n<meta property=\"og:description\" content=\"El Jaspe Leopardita es una piedra \u00fanica con tonos terrosos y moteados, evocando la fuerza y elegancia del leopardo. Sus vibraciones enraizadas y c\u00e1lidas la hacen ideal para momentos de transformaci\u00f3n y desaf\u00edos. Al usarla, sentir\u00e1s c\u00f3mo te conecta con la tierra, proporcionando una base s\u00f3lida para afrontar situaciones cambiantes. Asociada a los chakras ra\u00edz y sacro, esta piedra equilibra tus emociones y estimula la creatividad. En meditaci\u00f3n, te brinda un anclaje profundo con la naturaleza y sus ciclos, fomentando la adaptabilidad y la fortaleza interior.  Cantidad: 1 Unidad. El precio es por una unidad.  Tama\u00f1o: Entre 2.5 y 3.5 cent\u00edmetros aproximadamente. Forma: Mineral Rodado.\" \/>\n<meta property=\"og:url\" content=\"https:\/\/mineraleslunallena.com\/ca\/producte\/jaspe-leopardo-rodado-enraizamiento-energia-proyectos\/\" \/>\n<meta property=\"og:site_name\" content=\"MINERALES LUNA LLENA\" \/>\n<meta property=\"article:modified_time\" content=\"2024-03-19T18:41:45+00:00\" \/>\n<meta property=\"og:image\" content=\"https:\/\/mineraleslunallena.com\/wp-content\/uploads\/2024\/01\/m_r_030-1-scaled.jpg\" \/>\n\t<meta property=\"og:image:width\" content=\"1920\" \/>\n\t<meta property=\"og:image:height\" content=\"2560\" \/>\n\t<meta property=\"og:image:type\" content=\"image\/jpeg\" \/>\n<meta name=\"twitter:card\" content=\"summary_large_image\" \/>\n<meta name=\"twitter:label1\" content=\"Temps estimat de lectura\" \/>\n\t<meta name=\"twitter:data1\" content=\"1 minut\" \/>\n<script type=\"application\/ld+json\" class=\"yoast-schema-graph\">{\"@context\":\"https:\\\/\\\/schema.org\",\"@graph\":[{\"@type\":\"WebPage\",\"@id\":\"https:\\\/\\\/mineraleslunallena.com\\\/producto\\\/jaspe-leopardo-rodado-enraizamiento-energia-proyectos\\\/\",\"url\":\"https:\\\/\\\/mineraleslunallena.com\\\/producto\\\/jaspe-leopardo-rodado-enraizamiento-energia-proyectos\\\/\",\"name\":\"Jaspe Leopardo Rodado | Enraizamiento - Energ\u00eda - Proyectos - MINERALES LUNA LLENA\",\"isPartOf\":{\"@id\":\"https:\\\/\\\/mineraleslunallena.com\\\/#website\"},\"primaryImageOfPage\":{\"@id\":\"https:\\\/\\\/mineraleslunallena.com\\\/producto\\\/jaspe-leopardo-rodado-enraizamiento-energia-proyectos\\\/#primaryimage\"},\"image\":{\"@id\":\"https:\\\/\\\/mineraleslunallena.com\\\/producto\\\/jaspe-leopardo-rodado-enraizamiento-energia-proyectos\\\/#primaryimage\"},\"thumbnailUrl\":\"https:\\\/\\\/mineraleslunallena.com\\\/wp-content\\\/uploads\\\/2024\\\/01\\\/m_r_030-1-scaled.jpg\",\"datePublished\":\"2024-01-23T10:53:18+00:00\",\"dateModified\":\"2024-03-19T18:41:45+00:00\",\"breadcrumb\":{\"@id\":\"https:\\\/\\\/mineraleslunallena.com\\\/producto\\\/jaspe-leopardo-rodado-enraizamiento-energia-proyectos\\\/#breadcrumb\"},\"inLanguage\":\"ca\",\"potentialAction\":[{\"@type\":\"ReadAction\",\"target\":[\"https:\\\/\\\/mineraleslunallena.com\\\/producto\\\/jaspe-leopardo-rodado-enraizamiento-energia-proyectos\\\/\"]}]},{\"@type\":\"ImageObject\",\"inLanguage\":\"ca\",\"@id\":\"https:\\\/\\\/mineraleslunallena.com\\\/producto\\\/jaspe-leopardo-rodado-enraizamiento-energia-proyectos\\\/#primaryimage\",\"url\":\"https:\\\/\\\/mineraleslunallena.com\\\/wp-content\\\/uploads\\\/2024\\\/01\\\/m_r_030-1-scaled.jpg\",\"contentUrl\":\"https:\\\/\\\/mineraleslunallena.com\\\/wp-content\\\/uploads\\\/2024\\\/01\\\/m_r_030-1-scaled.jpg\",\"width\":1920,\"height\":2560},{\"@type\":\"BreadcrumbList\",\"@id\":\"https:\\\/\\\/mineraleslunallena.com\\\/producto\\\/jaspe-leopardo-rodado-enraizamiento-energia-proyectos\\\/#breadcrumb\",\"itemListElement\":[{\"@type\":\"ListItem\",\"position\":1,\"name\":\"Portada\",\"item\":\"https:\\\/\\\/mineraleslunallena.com\\\/\"},{\"@type\":\"ListItem\",\"position\":2,\"name\":\"Shop\",\"item\":\"https:\\\/\\\/mineraleslunallena.com\\\/ca\\\/shop\\\/\"},{\"@type\":\"ListItem\",\"position\":3,\"name\":\"Jaspe Leopardo Rodado | Enraizamiento &#8211; Energ\u00eda &#8211; Proyectos\"}]},{\"@type\":\"WebSite\",\"@id\":\"https:\\\/\\\/mineraleslunallena.com\\\/#website\",\"url\":\"https:\\\/\\\/mineraleslunallena.com\\\/\",\"name\":\"LUNA LLENA MINERALES\",\"description\":\"Es el momento de conectarte con tu propio poder y confiar en tus habilidades.\",\"publisher\":{\"@id\":\"https:\\\/\\\/mineraleslunallena.com\\\/#organization\"},\"potentialAction\":[{\"@type\":\"SearchAction\",\"target\":{\"@type\":\"EntryPoint\",\"urlTemplate\":\"https:\\\/\\\/mineraleslunallena.com\\\/?s={search_term_string}\"},\"query-input\":{\"@type\":\"PropertyValueSpecification\",\"valueRequired\":true,\"valueName\":\"search_term_string\"}}],\"inLanguage\":\"ca\"},{\"@type\":\"Organization\",\"@id\":\"https:\\\/\\\/mineraleslunallena.com\\\/#organization\",\"name\":\"LUNA LLENA MINERALES\",\"url\":\"https:\\\/\\\/mineraleslunallena.com\\\/\",\"logo\":{\"@type\":\"ImageObject\",\"inLanguage\":\"ca\",\"@id\":\"https:\\\/\\\/mineraleslunallena.com\\\/#\\\/schema\\\/logo\\\/image\\\/\",\"url\":\"https:\\\/\\\/mineraleslunallena.com\\\/wp-content\\\/uploads\\\/2023\\\/07\\\/LUNA-LLENA-LOGO-nuevo.png\",\"contentUrl\":\"https:\\\/\\\/mineraleslunallena.com\\\/wp-content\\\/uploads\\\/2023\\\/07\\\/LUNA-LLENA-LOGO-nuevo.png\",\"width\":229,\"height\":167,\"caption\":\"LUNA LLENA MINERALES\"},\"image\":{\"@id\":\"https:\\\/\\\/mineraleslunallena.com\\\/#\\\/schema\\\/logo\\\/image\\\/\"}}]}<\/script>\n<!-- \/ Yoast SEO plugin. -->","yoast_head_json":{"title":"Jaspe Leopardo Rodado | Enraizamiento - Energ\u00eda - Proyectos - MINERALES LUNA LLENA","robots":{"index":"index","follow":"follow","max-snippet":"max-snippet:-1","max-image-preview":"max-image-preview:large","max-video-preview":"max-video-preview:-1"},"canonical":"https:\/\/mineraleslunallena.com\/ca\/producte\/jaspe-leopardo-rodado-enraizamiento-energia-proyectos\/","og_locale":"ca_ES","og_type":"article","og_title":"Jaspe Leopardo Rodado | Enraizamiento - Energ\u00eda - Proyectos - MINERALES LUNA LLENA","og_description":"El Jaspe Leopardita es una piedra \u00fanica con tonos terrosos y moteados, evocando la fuerza y elegancia del leopardo. Sus vibraciones enraizadas y c\u00e1lidas la hacen ideal para momentos de transformaci\u00f3n y desaf\u00edos. Al usarla, sentir\u00e1s c\u00f3mo te conecta con la tierra, proporcionando una base s\u00f3lida para afrontar situaciones cambiantes. Asociada a los chakras ra\u00edz y sacro, esta piedra equilibra tus emociones y estimula la creatividad. En meditaci\u00f3n, te brinda un anclaje profundo con la naturaleza y sus ciclos, fomentando la adaptabilidad y la fortaleza interior.  Cantidad: 1 Unidad. El precio es por una unidad.  Tama\u00f1o: Entre 2.5 y 3.5 cent\u00edmetros aproximadamente. Forma: Mineral Rodado.","og_url":"https:\/\/mineraleslunallena.com\/ca\/producte\/jaspe-leopardo-rodado-enraizamiento-energia-proyectos\/","og_site_name":"MINERALES LUNA LLENA","article_modified_time":"2024-03-19T18:41:45+00:00","og_image":[{"width":1920,"height":2560,"url":"https:\/\/mineraleslunallena.com\/wp-content\/uploads\/2024\/01\/m_r_030-1-scaled.jpg","type":"image\/jpeg"}],"twitter_card":"summary_large_image","twitter_misc":{"Temps estimat de lectura":"1 minut"},"schema":{"@context":"https:\/\/schema.org","@graph":[{"@type":"WebPage","@id":"https:\/\/mineraleslunallena.com\/producto\/jaspe-leopardo-rodado-enraizamiento-energia-proyectos\/","url":"https:\/\/mineraleslunallena.com\/producto\/jaspe-leopardo-rodado-enraizamiento-energia-proyectos\/","name":"Jaspe Leopardo Rodado | Enraizamiento - Energ\u00eda - Proyectos - MINERALES LUNA LLENA","isPartOf":{"@id":"https:\/\/mineraleslunallena.com\/#website"},"primaryImageOfPage":{"@id":"https:\/\/mineraleslunallena.com\/producto\/jaspe-leopardo-rodado-enraizamiento-energia-proyectos\/#primaryimage"},"image":{"@id":"https:\/\/mineraleslunallena.com\/producto\/jaspe-leopardo-rodado-enraizamiento-energia-proyectos\/#primaryimage"},"thumbnailUrl":"https:\/\/mineraleslunallena.com\/wp-content\/uploads\/2024\/01\/m_r_030-1-scaled.jpg","datePublished":"2024-01-23T10:53:18+00:00","dateModified":"2024-03-19T18:41:45+00:00","breadcrumb":{"@id":"https:\/\/mineraleslunallena.com\/producto\/jaspe-leopardo-rodado-enraizamiento-energia-proyectos\/#breadcrumb"},"inLanguage":"ca","potentialAction":[{"@type":"ReadAction","target":["https:\/\/mineraleslunallena.com\/producto\/jaspe-leopardo-rodado-enraizamiento-energia-proyectos\/"]}]},{"@type":"ImageObject","inLanguage":"ca","@id":"https:\/\/mineraleslunallena.com\/producto\/jaspe-leopardo-rodado-enraizamiento-energia-proyectos\/#primaryimage","url":"https:\/\/mineraleslunallena.com\/wp-content\/uploads\/2024\/01\/m_r_030-1-scaled.jpg","contentUrl":"https:\/\/mineraleslunallena.com\/wp-content\/uploads\/2024\/01\/m_r_030-1-scaled.jpg","width":1920,"height":2560},{"@type":"BreadcrumbList","@id":"https:\/\/mineraleslunallena.com\/producto\/jaspe-leopardo-rodado-enraizamiento-energia-proyectos\/#breadcrumb","itemListElement":[{"@type":"ListItem","position":1,"name":"Portada","item":"https:\/\/mineraleslunallena.com\/"},{"@type":"ListItem","position":2,"name":"Shop","item":"https:\/\/mineraleslunallena.com\/ca\/shop\/"},{"@type":"ListItem","position":3,"name":"Jaspe Leopardo Rodado | Enraizamiento &#8211; Energ\u00eda &#8211; Proyectos"}]},{"@type":"WebSite","@id":"https:\/\/mineraleslunallena.com\/#website","url":"https:\/\/mineraleslunallena.com\/","name":"LLUNA PLENA MINERALS","description":"\u00c9s el moment de connectar-te amb el teu poder i confiar en les teves habilitats.","publisher":{"@id":"https:\/\/mineraleslunallena.com\/#organization"},"potentialAction":[{"@type":"SearchAction","target":{"@type":"EntryPoint","urlTemplate":"https:\/\/mineraleslunallena.com\/?s={search_term_string}"},"query-input":{"@type":"PropertyValueSpecification","valueRequired":true,"valueName":"search_term_string"}}],"inLanguage":"ca"},{"@type":"Organization","@id":"https:\/\/mineraleslunallena.com\/#organization","name":"LLUNA PLENA MINERALS","url":"https:\/\/mineraleslunallena.com\/","logo":{"@type":"ImageObject","inLanguage":"ca","@id":"https:\/\/mineraleslunallena.com\/#\/schema\/logo\/image\/","url":"https:\/\/mineraleslunallena.com\/wp-content\/uploads\/2023\/07\/LUNA-LLENA-LOGO-nuevo.png","contentUrl":"https:\/\/mineraleslunallena.com\/wp-content\/uploads\/2023\/07\/LUNA-LLENA-LOGO-nuevo.png","width":229,"height":167,"caption":"LUNA LLENA MINERALES"},"image":{"@id":"https:\/\/mineraleslunallena.com\/#\/schema\/logo\/image\/"}}]}},"_links":{"self":[{"href":"https:\/\/mineraleslunallena.com\/ca\/wp-json\/wp\/v2\/product\/1657","targetHints":{"allow":["GET"]}}],"collection":[{"href":"https:\/\/mineraleslunallena.com\/ca\/wp-json\/wp\/v2\/product"}],"about":[{"href":"https:\/\/mineraleslunallena.com\/ca\/wp-json\/wp\/v2\/types\/product"}],"version-history":[{"count":6,"href":"https:\/\/mineraleslunallena.com\/ca\/wp-json\/wp\/v2\/product\/1657\/revisions"}],"predecessor-version":[{"id":3373,"href":"https:\/\/mineraleslunallena.com\/ca\/wp-json\/wp\/v2\/product\/1657\/revisions\/3373"}],"wp:featuredmedia":[{"embeddable":true,"href":"https:\/\/mineraleslunallena.com\/ca\/wp-json\/wp\/v2\/media\/1816"}],"wp:attachment":[{"href":"https:\/\/mineraleslunallena.com\/ca\/wp-json\/wp\/v2\/media?parent=1657"}],"wp:term":[{"taxonomy":"product_cat","embeddable":true,"href":"https:\/\/mineraleslunallena.com\/ca\/wp-json\/wp\/v2\/product_cat?post=1657"},{"taxonomy":"product_tag","embeddable":true,"href":"https:\/\/mineraleslunallena.com\/ca\/wp-json\/wp\/v2\/product_tag?post=1657"}],"curies":[{"name":"wp","href":"https:\/\/api.w.org\/{rel}","templated":true}]}}