{"id":1670,"date":"2024-01-23T11:05:04","date_gmt":"2024-01-23T11:05:04","guid":{"rendered":"https:\/\/minerales.ultbit.com\/?post_type=product&#038;p=1670"},"modified":"2025-02-20T20:58:54","modified_gmt":"2025-02-20T19:58:54","slug":"mineral-granate-rodado-pasion-vitalidad-seguridad","status":"publish","type":"product","link":"https:\/\/mineraleslunallena.com\/ca\/producte\/mineral-granate-rodado-pasion-vitalidad-seguridad\/","title":{"rendered":"Mineral Granat Rodat | Passi\u00f3 \u2013 Vitalitat \u2013 Seguretat"},"content":{"rendered":"<p>Descobreix la intensitat del Granat, aquesta gemma, et connectar\u00e0 amb la passi\u00f3, la vitalitat i la creativitat.<br \/>\nLa seva energia equilibrant promou la confian\u00e7a en un mateix i lequilibri emocional. Porta-ho en moments de desafiament per enfortir la teva determinaci\u00f3 i enfocament.<br \/>\nEl Granat tamb\u00e9 et connecta amb la terra, ancorant-te a l&#039;energia natural. Troba inspiraci\u00f3 i entusiasme en projectes i activitats amb aquesta pedra.<br \/>\nExplora les propietats espirituals del Granat i deixa que la seva energia enriqueixi la teva vida di\u00e0ria!<\/p>\n<p>Quantitat: 1 Unitat. El preu \u00e9s per una unitat.<br \/>\nTama\u00f1o: Entre 2 y 3 cent\u00edmetros aproximadamente.<br \/>\nForma: Mineral Rodat.<\/p>","protected":false},"excerpt":{"rendered":"<p>Descobreix la intensitat del Granat, aquesta gemma, et connectar\u00e0 amb la passi\u00f3, la vitalitat i la creativitat.<br \/>\nLa seva energia equilibrant promou la confian\u00e7a en un mateix i lequilibri emocional. Porta-ho en moments de desafiament per enfortir la teva determinaci\u00f3 i enfocament.<br \/>\nEl Granat tamb\u00e9 et connecta amb la terra, ancorant-te a l&#039;energia natural. Troba inspiraci\u00f3 i entusiasme en projectes i activitats amb aquesta pedra.<br \/>\nExplora les propietats espirituals del Granat i deixa que la seva energia enriqueixi la teva vida di\u00e0ria!<\/p>\n<p>Quantitat: 1 Unitat. El preu \u00e9s per una unitat.<br \/>\nTama\u00f1o: Entre 2 y 3 cent\u00edmetros aproximadamente.<br \/>\nForma: Mineral Rodat.<\/p>","protected":false},"featured_media":1674,"template":"","meta":[],"product_cat":[69,71],"product_tag":[],"class_list":{"0":"post-1670","1":"product","2":"type-product","3":"status-publish","4":"has-post-thumbnail","6":"product_cat-minerales","7":"product_cat-rodados","9":"first","10":"instock","11":"sale","12":"taxable","13":"shipping-taxable","14":"purchasable","15":"product-type-simple"},"yoast_head":"<!-- This site is optimized with the Yoast SEO plugin v27.3 - https:\/\/yoast.com\/product\/yoast-seo-wordpress\/ -->\n<title>Mineral Granate Rodado | Pasi\u00f3n - Vitalidad - Seguridad - MINERALES LUNA LLENA<\/title>\n<meta name=\"robots\" content=\"index, follow, max-snippet:-1, max-image-preview:large, max-video-preview:-1\" \/>\n<link rel=\"canonical\" href=\"https:\/\/mineraleslunallena.com\/ca\/producte\/mineral-granate-rodado-pasion-vitalidad-seguridad\/\" \/>\n<meta property=\"og:locale\" content=\"ca_ES\" \/>\n<meta property=\"og:type\" content=\"article\" \/>\n<meta property=\"og:title\" content=\"Mineral Granate Rodado | Pasi\u00f3n - Vitalidad - Seguridad - MINERALES LUNA LLENA\" \/>\n<meta property=\"og:description\" content=\"Descubre la intensidad del Granate, esta gema, te conectar\u00e1 con la pasi\u00f3n, la vitalidad y la creatividad. Su energ\u00eda equilibrante promueve la confianza en uno mismo y el equilibrio emocional. Ll\u00e9valo en momentos de desaf\u00edo para fortalecer tu determinaci\u00f3n y enfoque. El Granate tambi\u00e9n te conecta con la tierra, ancl\u00e1ndote en la energ\u00eda natural. Encuentra inspiraci\u00f3n y entusiasmo en proyectos y actividades con esta piedra. \u00a1Explora las propiedades espirituales del Granate y deja que su energ\u00eda enriquezca tu vida diaria!  Cantidad: 1 Unidad. El precio es por una unidad. Tama\u00f1o: Entre 2 y 3 cent\u00edmetros aproximadamente. Forma: Mineral Rodado.\" \/>\n<meta property=\"og:url\" content=\"https:\/\/mineraleslunallena.com\/ca\/producte\/mineral-granate-rodado-pasion-vitalidad-seguridad\/\" \/>\n<meta property=\"og:site_name\" content=\"MINERALES LUNA LLENA\" \/>\n<meta property=\"article:modified_time\" content=\"2025-02-20T19:58:54+00:00\" \/>\n<meta property=\"og:image\" content=\"https:\/\/mineraleslunallena.com\/wp-content\/uploads\/2024\/01\/m_r_034-scaled.jpg\" \/>\n\t<meta property=\"og:image:width\" content=\"1920\" \/>\n\t<meta property=\"og:image:height\" content=\"2560\" \/>\n\t<meta property=\"og:image:type\" content=\"image\/jpeg\" \/>\n<meta name=\"twitter:card\" content=\"summary_large_image\" \/>\n<meta name=\"twitter:label1\" content=\"Temps estimat de lectura\" \/>\n\t<meta name=\"twitter:data1\" content=\"1 minut\" \/>\n<script type=\"application\/ld+json\" class=\"yoast-schema-graph\">{\"@context\":\"https:\\\/\\\/schema.org\",\"@graph\":[{\"@type\":\"WebPage\",\"@id\":\"https:\\\/\\\/mineraleslunallena.com\\\/producto\\\/mineral-granate-rodado-pasion-vitalidad-seguridad\\\/\",\"url\":\"https:\\\/\\\/mineraleslunallena.com\\\/producto\\\/mineral-granate-rodado-pasion-vitalidad-seguridad\\\/\",\"name\":\"Mineral Granate Rodado | Pasi\u00f3n - Vitalidad - Seguridad - MINERALES LUNA LLENA\",\"isPartOf\":{\"@id\":\"https:\\\/\\\/mineraleslunallena.com\\\/#website\"},\"primaryImageOfPage\":{\"@id\":\"https:\\\/\\\/mineraleslunallena.com\\\/producto\\\/mineral-granate-rodado-pasion-vitalidad-seguridad\\\/#primaryimage\"},\"image\":{\"@id\":\"https:\\\/\\\/mineraleslunallena.com\\\/producto\\\/mineral-granate-rodado-pasion-vitalidad-seguridad\\\/#primaryimage\"},\"thumbnailUrl\":\"https:\\\/\\\/mineraleslunallena.com\\\/wp-content\\\/uploads\\\/2024\\\/01\\\/m_r_034-scaled.jpg\",\"datePublished\":\"2024-01-23T11:05:04+00:00\",\"dateModified\":\"2025-02-20T19:58:54+00:00\",\"breadcrumb\":{\"@id\":\"https:\\\/\\\/mineraleslunallena.com\\\/producto\\\/mineral-granate-rodado-pasion-vitalidad-seguridad\\\/#breadcrumb\"},\"inLanguage\":\"ca\",\"potentialAction\":[{\"@type\":\"ReadAction\",\"target\":[\"https:\\\/\\\/mineraleslunallena.com\\\/producto\\\/mineral-granate-rodado-pasion-vitalidad-seguridad\\\/\"]}]},{\"@type\":\"ImageObject\",\"inLanguage\":\"ca\",\"@id\":\"https:\\\/\\\/mineraleslunallena.com\\\/producto\\\/mineral-granate-rodado-pasion-vitalidad-seguridad\\\/#primaryimage\",\"url\":\"https:\\\/\\\/mineraleslunallena.com\\\/wp-content\\\/uploads\\\/2024\\\/01\\\/m_r_034-scaled.jpg\",\"contentUrl\":\"https:\\\/\\\/mineraleslunallena.com\\\/wp-content\\\/uploads\\\/2024\\\/01\\\/m_r_034-scaled.jpg\",\"width\":1920,\"height\":2560},{\"@type\":\"BreadcrumbList\",\"@id\":\"https:\\\/\\\/mineraleslunallena.com\\\/producto\\\/mineral-granate-rodado-pasion-vitalidad-seguridad\\\/#breadcrumb\",\"itemListElement\":[{\"@type\":\"ListItem\",\"position\":1,\"name\":\"Portada\",\"item\":\"https:\\\/\\\/mineraleslunallena.com\\\/\"},{\"@type\":\"ListItem\",\"position\":2,\"name\":\"Shop\",\"item\":\"https:\\\/\\\/mineraleslunallena.com\\\/ca\\\/shop\\\/\"},{\"@type\":\"ListItem\",\"position\":3,\"name\":\"Mineral Granate Rodado | Pasi\u00f3n &#8211; Vitalidad &#8211; Seguridad\"}]},{\"@type\":\"WebSite\",\"@id\":\"https:\\\/\\\/mineraleslunallena.com\\\/#website\",\"url\":\"https:\\\/\\\/mineraleslunallena.com\\\/\",\"name\":\"LUNA LLENA MINERALES\",\"description\":\"Es el momento de conectarte con tu propio poder y confiar en tus habilidades.\",\"publisher\":{\"@id\":\"https:\\\/\\\/mineraleslunallena.com\\\/#organization\"},\"potentialAction\":[{\"@type\":\"SearchAction\",\"target\":{\"@type\":\"EntryPoint\",\"urlTemplate\":\"https:\\\/\\\/mineraleslunallena.com\\\/?s={search_term_string}\"},\"query-input\":{\"@type\":\"PropertyValueSpecification\",\"valueRequired\":true,\"valueName\":\"search_term_string\"}}],\"inLanguage\":\"ca\"},{\"@type\":\"Organization\",\"@id\":\"https:\\\/\\\/mineraleslunallena.com\\\/#organization\",\"name\":\"LUNA LLENA MINERALES\",\"url\":\"https:\\\/\\\/mineraleslunallena.com\\\/\",\"logo\":{\"@type\":\"ImageObject\",\"inLanguage\":\"ca\",\"@id\":\"https:\\\/\\\/mineraleslunallena.com\\\/#\\\/schema\\\/logo\\\/image\\\/\",\"url\":\"https:\\\/\\\/mineraleslunallena.com\\\/wp-content\\\/uploads\\\/2023\\\/07\\\/LUNA-LLENA-LOGO-nuevo.png\",\"contentUrl\":\"https:\\\/\\\/mineraleslunallena.com\\\/wp-content\\\/uploads\\\/2023\\\/07\\\/LUNA-LLENA-LOGO-nuevo.png\",\"width\":229,\"height\":167,\"caption\":\"LUNA LLENA MINERALES\"},\"image\":{\"@id\":\"https:\\\/\\\/mineraleslunallena.com\\\/#\\\/schema\\\/logo\\\/image\\\/\"}}]}<\/script>\n<!-- \/ Yoast SEO plugin. -->","yoast_head_json":{"title":"Mineral Granate Rodado | Pasi\u00f3n - Vitalidad - Seguridad - MINERALES LUNA LLENA","robots":{"index":"index","follow":"follow","max-snippet":"max-snippet:-1","max-image-preview":"max-image-preview:large","max-video-preview":"max-video-preview:-1"},"canonical":"https:\/\/mineraleslunallena.com\/ca\/producte\/mineral-granate-rodado-pasion-vitalidad-seguridad\/","og_locale":"ca_ES","og_type":"article","og_title":"Mineral Granate Rodado | Pasi\u00f3n - Vitalidad - Seguridad - MINERALES LUNA LLENA","og_description":"Descubre la intensidad del Granate, esta gema, te conectar\u00e1 con la pasi\u00f3n, la vitalidad y la creatividad. Su energ\u00eda equilibrante promueve la confianza en uno mismo y el equilibrio emocional. Ll\u00e9valo en momentos de desaf\u00edo para fortalecer tu determinaci\u00f3n y enfoque. El Granate tambi\u00e9n te conecta con la tierra, ancl\u00e1ndote en la energ\u00eda natural. Encuentra inspiraci\u00f3n y entusiasmo en proyectos y actividades con esta piedra. \u00a1Explora las propiedades espirituales del Granate y deja que su energ\u00eda enriquezca tu vida diaria!  Cantidad: 1 Unidad. El precio es por una unidad. Tama\u00f1o: Entre 2 y 3 cent\u00edmetros aproximadamente. Forma: Mineral Rodado.","og_url":"https:\/\/mineraleslunallena.com\/ca\/producte\/mineral-granate-rodado-pasion-vitalidad-seguridad\/","og_site_name":"MINERALES LUNA LLENA","article_modified_time":"2025-02-20T19:58:54+00:00","og_image":[{"width":1920,"height":2560,"url":"https:\/\/mineraleslunallena.com\/wp-content\/uploads\/2024\/01\/m_r_034-scaled.jpg","type":"image\/jpeg"}],"twitter_card":"summary_large_image","twitter_misc":{"Temps estimat de lectura":"1 minut"},"schema":{"@context":"https:\/\/schema.org","@graph":[{"@type":"WebPage","@id":"https:\/\/mineraleslunallena.com\/producto\/mineral-granate-rodado-pasion-vitalidad-seguridad\/","url":"https:\/\/mineraleslunallena.com\/producto\/mineral-granate-rodado-pasion-vitalidad-seguridad\/","name":"Mineral Granate Rodado | Pasi\u00f3n - Vitalidad - Seguridad - MINERALES LUNA LLENA","isPartOf":{"@id":"https:\/\/mineraleslunallena.com\/#website"},"primaryImageOfPage":{"@id":"https:\/\/mineraleslunallena.com\/producto\/mineral-granate-rodado-pasion-vitalidad-seguridad\/#primaryimage"},"image":{"@id":"https:\/\/mineraleslunallena.com\/producto\/mineral-granate-rodado-pasion-vitalidad-seguridad\/#primaryimage"},"thumbnailUrl":"https:\/\/mineraleslunallena.com\/wp-content\/uploads\/2024\/01\/m_r_034-scaled.jpg","datePublished":"2024-01-23T11:05:04+00:00","dateModified":"2025-02-20T19:58:54+00:00","breadcrumb":{"@id":"https:\/\/mineraleslunallena.com\/producto\/mineral-granate-rodado-pasion-vitalidad-seguridad\/#breadcrumb"},"inLanguage":"ca","potentialAction":[{"@type":"ReadAction","target":["https:\/\/mineraleslunallena.com\/producto\/mineral-granate-rodado-pasion-vitalidad-seguridad\/"]}]},{"@type":"ImageObject","inLanguage":"ca","@id":"https:\/\/mineraleslunallena.com\/producto\/mineral-granate-rodado-pasion-vitalidad-seguridad\/#primaryimage","url":"https:\/\/mineraleslunallena.com\/wp-content\/uploads\/2024\/01\/m_r_034-scaled.jpg","contentUrl":"https:\/\/mineraleslunallena.com\/wp-content\/uploads\/2024\/01\/m_r_034-scaled.jpg","width":1920,"height":2560},{"@type":"BreadcrumbList","@id":"https:\/\/mineraleslunallena.com\/producto\/mineral-granate-rodado-pasion-vitalidad-seguridad\/#breadcrumb","itemListElement":[{"@type":"ListItem","position":1,"name":"Portada","item":"https:\/\/mineraleslunallena.com\/"},{"@type":"ListItem","position":2,"name":"Shop","item":"https:\/\/mineraleslunallena.com\/ca\/shop\/"},{"@type":"ListItem","position":3,"name":"Mineral Granate Rodado | Pasi\u00f3n &#8211; Vitalidad &#8211; Seguridad"}]},{"@type":"WebSite","@id":"https:\/\/mineraleslunallena.com\/#website","url":"https:\/\/mineraleslunallena.com\/","name":"LLUNA PLENA MINERALS","description":"\u00c9s el moment de connectar-te amb el teu poder i confiar en les teves habilitats.","publisher":{"@id":"https:\/\/mineraleslunallena.com\/#organization"},"potentialAction":[{"@type":"SearchAction","target":{"@type":"EntryPoint","urlTemplate":"https:\/\/mineraleslunallena.com\/?s={search_term_string}"},"query-input":{"@type":"PropertyValueSpecification","valueRequired":true,"valueName":"search_term_string"}}],"inLanguage":"ca"},{"@type":"Organization","@id":"https:\/\/mineraleslunallena.com\/#organization","name":"LLUNA PLENA MINERALS","url":"https:\/\/mineraleslunallena.com\/","logo":{"@type":"ImageObject","inLanguage":"ca","@id":"https:\/\/mineraleslunallena.com\/#\/schema\/logo\/image\/","url":"https:\/\/mineraleslunallena.com\/wp-content\/uploads\/2023\/07\/LUNA-LLENA-LOGO-nuevo.png","contentUrl":"https:\/\/mineraleslunallena.com\/wp-content\/uploads\/2023\/07\/LUNA-LLENA-LOGO-nuevo.png","width":229,"height":167,"caption":"LUNA LLENA MINERALES"},"image":{"@id":"https:\/\/mineraleslunallena.com\/#\/schema\/logo\/image\/"}}]}},"_links":{"self":[{"href":"https:\/\/mineraleslunallena.com\/ca\/wp-json\/wp\/v2\/product\/1670","targetHints":{"allow":["GET"]}}],"collection":[{"href":"https:\/\/mineraleslunallena.com\/ca\/wp-json\/wp\/v2\/product"}],"about":[{"href":"https:\/\/mineraleslunallena.com\/ca\/wp-json\/wp\/v2\/types\/product"}],"version-history":[{"count":4,"href":"https:\/\/mineraleslunallena.com\/ca\/wp-json\/wp\/v2\/product\/1670\/revisions"}],"predecessor-version":[{"id":3365,"href":"https:\/\/mineraleslunallena.com\/ca\/wp-json\/wp\/v2\/product\/1670\/revisions\/3365"}],"wp:featuredmedia":[{"embeddable":true,"href":"https:\/\/mineraleslunallena.com\/ca\/wp-json\/wp\/v2\/media\/1674"}],"wp:attachment":[{"href":"https:\/\/mineraleslunallena.com\/ca\/wp-json\/wp\/v2\/media?parent=1670"}],"wp:term":[{"taxonomy":"product_cat","embeddable":true,"href":"https:\/\/mineraleslunallena.com\/ca\/wp-json\/wp\/v2\/product_cat?post=1670"},{"taxonomy":"product_tag","embeddable":true,"href":"https:\/\/mineraleslunallena.com\/ca\/wp-json\/wp\/v2\/product_tag?post=1670"}],"curies":[{"name":"wp","href":"https:\/\/api.w.org\/{rel}","templated":true}]}}