{"id":1707,"date":"2024-01-23T11:16:37","date_gmt":"2024-01-23T11:16:37","guid":{"rendered":"https:\/\/minerales.ultbit.com\/?post_type=product&#038;p=1707"},"modified":"2024-03-19T19:10:04","modified_gmt":"2024-03-19T18:10:04","slug":"obsidiana-nevada-rodado-proteccion-conexion-con-tierra","status":"publish","type":"product","link":"https:\/\/mineraleslunallena.com\/ca\/producte\/obsidiana-nevada-rodado-proteccion-conexion-con-tierra\/","title":{"rendered":"Obsidiana Nevada Rodado L | Protecci\u00f3n &#8211; Conexi\u00f3n Con Tierra"},"content":{"rendered":"<p>L&#039;Obsidiana Nevada, el seu nom prov\u00e9 de les taques blanques o grises que assemblen la caiguda de la neu sobre una superf\u00edcie fosca. \u00c9s un poder\u00f3s escut contra energies negatives.<br \/>\nFacilita la introspecci\u00f3 i presa de decisions, promovent l&#039;autoconeixement. Connectada amb el tercer ull, enforteix la intu\u00efci\u00f3 i la percepci\u00f3 espiritual a la meditaci\u00f3.<br \/>\nA m\u00e9s, l&#039;efecte calmant redueix l&#039;estr\u00e8s i promou l&#039;equilibri emocional. En ter\u00e0pies energ\u00e8tiques, allibera bloquejos emocionals i millora la circulaci\u00f3 de lenergia vital.<br \/>\n\u00c9s un amulet de protecci\u00f3 i sanaci\u00f3 energ\u00e8tica que us guiar\u00e0 en la vostra recerca de benestar i creixement espiritual.<\/p>\n<p>Quantitat: 1 Unitat. El preu \u00e9s per una unitat.<br \/>\nTama\u00f1o: Entre 4 y 5 cent\u00edmetros aproximadamente.<\/p>\n<p>Forma: Mineral Rodat.<\/p>","protected":false},"excerpt":{"rendered":"<p>L&#039;Obsidiana Nevada, el seu nom prov\u00e9 de les taques blanques o grises que assemblen la caiguda de la neu sobre una superf\u00edcie fosca. \u00c9s un poder\u00f3s escut contra energies negatives.<br \/>\nFacilita la introspecci\u00f3 i presa de decisions, promovent l&#039;autoconeixement. Connectada amb el tercer ull, enforteix la intu\u00efci\u00f3 i la percepci\u00f3 espiritual a la meditaci\u00f3.<br \/>\nA m\u00e9s, l&#039;efecte calmant redueix l&#039;estr\u00e8s i promou l&#039;equilibri emocional. En ter\u00e0pies energ\u00e8tiques, allibera bloquejos emocionals i millora la circulaci\u00f3 de lenergia vital.<br \/>\n\u00c9s un amulet de protecci\u00f3 i sanaci\u00f3 energ\u00e8tica que us guiar\u00e0 en la vostra recerca de benestar i creixement espiritual.<\/p>\n<p>Quantitat: 1 Unitat. El preu \u00e9s per una unitat.<br \/>\nTama\u00f1o: Entre 4 y 5 cent\u00edmetros aproximadamente.<\/p>\n<p>Forma: Mineral Rodat.<\/p>\n<p>&nbsp;<\/p>","protected":false},"featured_media":1708,"template":"","meta":[],"product_cat":[69,71],"product_tag":[],"class_list":{"0":"post-1707","1":"product","2":"type-product","3":"status-publish","4":"has-post-thumbnail","6":"product_cat-minerales","7":"product_cat-rodados","9":"first","10":"instock","11":"sale","12":"taxable","13":"shipping-taxable","14":"purchasable","15":"product-type-simple"},"yoast_head":"<!-- This site is optimized with the Yoast SEO plugin v27.3 - https:\/\/yoast.com\/product\/yoast-seo-wordpress\/ -->\n<title>Obsidiana Nevada Rodado L | Protecci\u00f3n - Conexi\u00f3n Con Tierra - MINERALES LUNA LLENA<\/title>\n<meta name=\"robots\" content=\"index, follow, max-snippet:-1, max-image-preview:large, max-video-preview:-1\" \/>\n<link rel=\"canonical\" href=\"https:\/\/mineraleslunallena.com\/ca\/producte\/obsidiana-nevada-rodado-proteccion-conexion-con-tierra\/\" \/>\n<meta property=\"og:locale\" content=\"ca_ES\" \/>\n<meta property=\"og:type\" content=\"article\" \/>\n<meta property=\"og:title\" content=\"Obsidiana Nevada Rodado L | Protecci\u00f3n - Conexi\u00f3n Con Tierra - MINERALES LUNA LLENA\" \/>\n<meta property=\"og:description\" content=\"La Obsidiana Nevada, su nombre proviene de las manchas blancas o grises que asemejan la ca\u00edda de la nieve sobre una superficie oscura. Es un poderoso escudo contra energ\u00edas negativas. Facilita la introspecci\u00f3n y la toma de decisiones, promoviendo el autoconocimiento. Conectada con el tercer ojo, fortalece la intuici\u00f3n y la percepci\u00f3n espiritual en la meditaci\u00f3n. Adem\u00e1s, su efecto calmante reduce el estr\u00e9s y promueve el equilibrio emocional. En terapias energ\u00e9ticas, libera bloqueos emocionales y mejora la circulaci\u00f3n de la energ\u00eda vital. Es un amuleto de protecci\u00f3n y sanaci\u00f3n energ\u00e9tica que te guiar\u00e1 en tu b\u00fasqueda de bienestar y crecimiento espiritual.  Cantidad: 1 Unidad. El precio es por una unidad. Tama\u00f1o: Entre 4 y 5 cent\u00edmetros aproximadamente.  Forma: Mineral Rodado.  &nbsp;\" \/>\n<meta property=\"og:url\" content=\"https:\/\/mineraleslunallena.com\/ca\/producte\/obsidiana-nevada-rodado-proteccion-conexion-con-tierra\/\" \/>\n<meta property=\"og:site_name\" content=\"MINERALES LUNA LLENA\" \/>\n<meta property=\"article:modified_time\" content=\"2024-03-19T18:10:04+00:00\" \/>\n<meta property=\"og:image\" content=\"https:\/\/mineraleslunallena.com\/wp-content\/uploads\/2024\/01\/m_r_046-scaled.jpg\" \/>\n\t<meta property=\"og:image:width\" content=\"1920\" \/>\n\t<meta property=\"og:image:height\" content=\"2560\" \/>\n\t<meta property=\"og:image:type\" content=\"image\/jpeg\" \/>\n<meta name=\"twitter:card\" content=\"summary_large_image\" \/>\n<meta name=\"twitter:label1\" content=\"Temps estimat de lectura\" \/>\n\t<meta name=\"twitter:data1\" content=\"1 minut\" \/>\n<script type=\"application\/ld+json\" class=\"yoast-schema-graph\">{\"@context\":\"https:\\\/\\\/schema.org\",\"@graph\":[{\"@type\":\"WebPage\",\"@id\":\"https:\\\/\\\/mineraleslunallena.com\\\/producto\\\/obsidiana-nevada-rodado-proteccion-conexion-con-tierra\\\/\",\"url\":\"https:\\\/\\\/mineraleslunallena.com\\\/producto\\\/obsidiana-nevada-rodado-proteccion-conexion-con-tierra\\\/\",\"name\":\"Obsidiana Nevada Rodado L | Protecci\u00f3n - Conexi\u00f3n Con Tierra - MINERALES LUNA LLENA\",\"isPartOf\":{\"@id\":\"https:\\\/\\\/mineraleslunallena.com\\\/#website\"},\"primaryImageOfPage\":{\"@id\":\"https:\\\/\\\/mineraleslunallena.com\\\/producto\\\/obsidiana-nevada-rodado-proteccion-conexion-con-tierra\\\/#primaryimage\"},\"image\":{\"@id\":\"https:\\\/\\\/mineraleslunallena.com\\\/producto\\\/obsidiana-nevada-rodado-proteccion-conexion-con-tierra\\\/#primaryimage\"},\"thumbnailUrl\":\"https:\\\/\\\/mineraleslunallena.com\\\/wp-content\\\/uploads\\\/2024\\\/01\\\/m_r_046-scaled.jpg\",\"datePublished\":\"2024-01-23T11:16:37+00:00\",\"dateModified\":\"2024-03-19T18:10:04+00:00\",\"breadcrumb\":{\"@id\":\"https:\\\/\\\/mineraleslunallena.com\\\/producto\\\/obsidiana-nevada-rodado-proteccion-conexion-con-tierra\\\/#breadcrumb\"},\"inLanguage\":\"ca\",\"potentialAction\":[{\"@type\":\"ReadAction\",\"target\":[\"https:\\\/\\\/mineraleslunallena.com\\\/producto\\\/obsidiana-nevada-rodado-proteccion-conexion-con-tierra\\\/\"]}]},{\"@type\":\"ImageObject\",\"inLanguage\":\"ca\",\"@id\":\"https:\\\/\\\/mineraleslunallena.com\\\/producto\\\/obsidiana-nevada-rodado-proteccion-conexion-con-tierra\\\/#primaryimage\",\"url\":\"https:\\\/\\\/mineraleslunallena.com\\\/wp-content\\\/uploads\\\/2024\\\/01\\\/m_r_046-scaled.jpg\",\"contentUrl\":\"https:\\\/\\\/mineraleslunallena.com\\\/wp-content\\\/uploads\\\/2024\\\/01\\\/m_r_046-scaled.jpg\",\"width\":1920,\"height\":2560},{\"@type\":\"BreadcrumbList\",\"@id\":\"https:\\\/\\\/mineraleslunallena.com\\\/producto\\\/obsidiana-nevada-rodado-proteccion-conexion-con-tierra\\\/#breadcrumb\",\"itemListElement\":[{\"@type\":\"ListItem\",\"position\":1,\"name\":\"Portada\",\"item\":\"https:\\\/\\\/mineraleslunallena.com\\\/\"},{\"@type\":\"ListItem\",\"position\":2,\"name\":\"Shop\",\"item\":\"https:\\\/\\\/mineraleslunallena.com\\\/ca\\\/shop\\\/\"},{\"@type\":\"ListItem\",\"position\":3,\"name\":\"Obsidiana Nevada Rodado L | Protecci\u00f3n &#8211; Conexi\u00f3n Con Tierra\"}]},{\"@type\":\"WebSite\",\"@id\":\"https:\\\/\\\/mineraleslunallena.com\\\/#website\",\"url\":\"https:\\\/\\\/mineraleslunallena.com\\\/\",\"name\":\"LUNA LLENA MINERALES\",\"description\":\"Es el momento de conectarte con tu propio poder y confiar en tus habilidades.\",\"publisher\":{\"@id\":\"https:\\\/\\\/mineraleslunallena.com\\\/#organization\"},\"potentialAction\":[{\"@type\":\"SearchAction\",\"target\":{\"@type\":\"EntryPoint\",\"urlTemplate\":\"https:\\\/\\\/mineraleslunallena.com\\\/?s={search_term_string}\"},\"query-input\":{\"@type\":\"PropertyValueSpecification\",\"valueRequired\":true,\"valueName\":\"search_term_string\"}}],\"inLanguage\":\"ca\"},{\"@type\":\"Organization\",\"@id\":\"https:\\\/\\\/mineraleslunallena.com\\\/#organization\",\"name\":\"LUNA LLENA MINERALES\",\"url\":\"https:\\\/\\\/mineraleslunallena.com\\\/\",\"logo\":{\"@type\":\"ImageObject\",\"inLanguage\":\"ca\",\"@id\":\"https:\\\/\\\/mineraleslunallena.com\\\/#\\\/schema\\\/logo\\\/image\\\/\",\"url\":\"https:\\\/\\\/mineraleslunallena.com\\\/wp-content\\\/uploads\\\/2023\\\/07\\\/LUNA-LLENA-LOGO-nuevo.png\",\"contentUrl\":\"https:\\\/\\\/mineraleslunallena.com\\\/wp-content\\\/uploads\\\/2023\\\/07\\\/LUNA-LLENA-LOGO-nuevo.png\",\"width\":229,\"height\":167,\"caption\":\"LUNA LLENA MINERALES\"},\"image\":{\"@id\":\"https:\\\/\\\/mineraleslunallena.com\\\/#\\\/schema\\\/logo\\\/image\\\/\"}}]}<\/script>\n<!-- \/ Yoast SEO plugin. -->","yoast_head_json":{"title":"Obsidiana Nevada Rodado L | Protecci\u00f3n - Conexi\u00f3n Con Tierra - MINERALES LUNA LLENA","robots":{"index":"index","follow":"follow","max-snippet":"max-snippet:-1","max-image-preview":"max-image-preview:large","max-video-preview":"max-video-preview:-1"},"canonical":"https:\/\/mineraleslunallena.com\/ca\/producte\/obsidiana-nevada-rodado-proteccion-conexion-con-tierra\/","og_locale":"ca_ES","og_type":"article","og_title":"Obsidiana Nevada Rodado L | Protecci\u00f3n - Conexi\u00f3n Con Tierra - MINERALES LUNA LLENA","og_description":"La Obsidiana Nevada, su nombre proviene de las manchas blancas o grises que asemejan la ca\u00edda de la nieve sobre una superficie oscura. Es un poderoso escudo contra energ\u00edas negativas. Facilita la introspecci\u00f3n y la toma de decisiones, promoviendo el autoconocimiento. Conectada con el tercer ojo, fortalece la intuici\u00f3n y la percepci\u00f3n espiritual en la meditaci\u00f3n. Adem\u00e1s, su efecto calmante reduce el estr\u00e9s y promueve el equilibrio emocional. En terapias energ\u00e9ticas, libera bloqueos emocionales y mejora la circulaci\u00f3n de la energ\u00eda vital. Es un amuleto de protecci\u00f3n y sanaci\u00f3n energ\u00e9tica que te guiar\u00e1 en tu b\u00fasqueda de bienestar y crecimiento espiritual.  Cantidad: 1 Unidad. El precio es por una unidad. Tama\u00f1o: Entre 4 y 5 cent\u00edmetros aproximadamente.  Forma: Mineral Rodado.  &nbsp;","og_url":"https:\/\/mineraleslunallena.com\/ca\/producte\/obsidiana-nevada-rodado-proteccion-conexion-con-tierra\/","og_site_name":"MINERALES LUNA LLENA","article_modified_time":"2024-03-19T18:10:04+00:00","og_image":[{"width":1920,"height":2560,"url":"https:\/\/mineraleslunallena.com\/wp-content\/uploads\/2024\/01\/m_r_046-scaled.jpg","type":"image\/jpeg"}],"twitter_card":"summary_large_image","twitter_misc":{"Temps estimat de lectura":"1 minut"},"schema":{"@context":"https:\/\/schema.org","@graph":[{"@type":"WebPage","@id":"https:\/\/mineraleslunallena.com\/producto\/obsidiana-nevada-rodado-proteccion-conexion-con-tierra\/","url":"https:\/\/mineraleslunallena.com\/producto\/obsidiana-nevada-rodado-proteccion-conexion-con-tierra\/","name":"Obsidiana Nevada Rodado L | Protecci\u00f3n - Conexi\u00f3n Con Tierra - MINERALES LUNA LLENA","isPartOf":{"@id":"https:\/\/mineraleslunallena.com\/#website"},"primaryImageOfPage":{"@id":"https:\/\/mineraleslunallena.com\/producto\/obsidiana-nevada-rodado-proteccion-conexion-con-tierra\/#primaryimage"},"image":{"@id":"https:\/\/mineraleslunallena.com\/producto\/obsidiana-nevada-rodado-proteccion-conexion-con-tierra\/#primaryimage"},"thumbnailUrl":"https:\/\/mineraleslunallena.com\/wp-content\/uploads\/2024\/01\/m_r_046-scaled.jpg","datePublished":"2024-01-23T11:16:37+00:00","dateModified":"2024-03-19T18:10:04+00:00","breadcrumb":{"@id":"https:\/\/mineraleslunallena.com\/producto\/obsidiana-nevada-rodado-proteccion-conexion-con-tierra\/#breadcrumb"},"inLanguage":"ca","potentialAction":[{"@type":"ReadAction","target":["https:\/\/mineraleslunallena.com\/producto\/obsidiana-nevada-rodado-proteccion-conexion-con-tierra\/"]}]},{"@type":"ImageObject","inLanguage":"ca","@id":"https:\/\/mineraleslunallena.com\/producto\/obsidiana-nevada-rodado-proteccion-conexion-con-tierra\/#primaryimage","url":"https:\/\/mineraleslunallena.com\/wp-content\/uploads\/2024\/01\/m_r_046-scaled.jpg","contentUrl":"https:\/\/mineraleslunallena.com\/wp-content\/uploads\/2024\/01\/m_r_046-scaled.jpg","width":1920,"height":2560},{"@type":"BreadcrumbList","@id":"https:\/\/mineraleslunallena.com\/producto\/obsidiana-nevada-rodado-proteccion-conexion-con-tierra\/#breadcrumb","itemListElement":[{"@type":"ListItem","position":1,"name":"Portada","item":"https:\/\/mineraleslunallena.com\/"},{"@type":"ListItem","position":2,"name":"Shop","item":"https:\/\/mineraleslunallena.com\/ca\/shop\/"},{"@type":"ListItem","position":3,"name":"Obsidiana Nevada Rodado L | Protecci\u00f3n &#8211; Conexi\u00f3n Con Tierra"}]},{"@type":"WebSite","@id":"https:\/\/mineraleslunallena.com\/#website","url":"https:\/\/mineraleslunallena.com\/","name":"LLUNA PLENA MINERALS","description":"\u00c9s el moment de connectar-te amb el teu poder i confiar en les teves habilitats.","publisher":{"@id":"https:\/\/mineraleslunallena.com\/#organization"},"potentialAction":[{"@type":"SearchAction","target":{"@type":"EntryPoint","urlTemplate":"https:\/\/mineraleslunallena.com\/?s={search_term_string}"},"query-input":{"@type":"PropertyValueSpecification","valueRequired":true,"valueName":"search_term_string"}}],"inLanguage":"ca"},{"@type":"Organization","@id":"https:\/\/mineraleslunallena.com\/#organization","name":"LLUNA PLENA MINERALS","url":"https:\/\/mineraleslunallena.com\/","logo":{"@type":"ImageObject","inLanguage":"ca","@id":"https:\/\/mineraleslunallena.com\/#\/schema\/logo\/image\/","url":"https:\/\/mineraleslunallena.com\/wp-content\/uploads\/2023\/07\/LUNA-LLENA-LOGO-nuevo.png","contentUrl":"https:\/\/mineraleslunallena.com\/wp-content\/uploads\/2023\/07\/LUNA-LLENA-LOGO-nuevo.png","width":229,"height":167,"caption":"LUNA LLENA MINERALES"},"image":{"@id":"https:\/\/mineraleslunallena.com\/#\/schema\/logo\/image\/"}}]}},"_links":{"self":[{"href":"https:\/\/mineraleslunallena.com\/ca\/wp-json\/wp\/v2\/product\/1707","targetHints":{"allow":["GET"]}}],"collection":[{"href":"https:\/\/mineraleslunallena.com\/ca\/wp-json\/wp\/v2\/product"}],"about":[{"href":"https:\/\/mineraleslunallena.com\/ca\/wp-json\/wp\/v2\/types\/product"}],"version-history":[{"count":7,"href":"https:\/\/mineraleslunallena.com\/ca\/wp-json\/wp\/v2\/product\/1707\/revisions"}],"predecessor-version":[{"id":3357,"href":"https:\/\/mineraleslunallena.com\/ca\/wp-json\/wp\/v2\/product\/1707\/revisions\/3357"}],"wp:featuredmedia":[{"embeddable":true,"href":"https:\/\/mineraleslunallena.com\/ca\/wp-json\/wp\/v2\/media\/1708"}],"wp:attachment":[{"href":"https:\/\/mineraleslunallena.com\/ca\/wp-json\/wp\/v2\/media?parent=1707"}],"wp:term":[{"taxonomy":"product_cat","embeddable":true,"href":"https:\/\/mineraleslunallena.com\/ca\/wp-json\/wp\/v2\/product_cat?post=1707"},{"taxonomy":"product_tag","embeddable":true,"href":"https:\/\/mineraleslunallena.com\/ca\/wp-json\/wp\/v2\/product_tag?post=1707"}],"curies":[{"name":"wp","href":"https:\/\/api.w.org\/{rel}","templated":true}]}}