{"id":1866,"date":"2024-01-31T09:25:12","date_gmt":"2024-01-31T09:25:12","guid":{"rendered":"https:\/\/minerales.ultbit.com\/?post_type=product&#038;p=1866"},"modified":"2024-03-19T19:07:12","modified_gmt":"2024-03-19T18:07:12","slug":"piramide-de-los-7-chakras-centros-de-energia-del-cuerpo-2","status":"publish","type":"product","link":"https:\/\/mineraleslunallena.com\/ca\/producte\/piramide-de-los-7-chakras-centros-de-energia-del-cuerpo-2\/","title":{"rendered":"Pir\u00e0mide Dels 7 Chakras | Centres d&#039;Energia del Cos."},"content":{"rendered":"<p>Descobriu la poderosa Pir\u00e0mide dels 7 Chakras, una fusi\u00f3 d&#039;art i energia espiritual que representa els centres d&#039;energia del cos.<br \/>\nCada capa de la pir\u00e1mide simboliza un chakra, ofreciendo una experiencia visual y terap\u00e9utica \u00fanica.<br \/>\nPerfecta com a decoraci\u00f3 i per a meditaci\u00f3, equilibra i harmonitza els txakres per promoure benestar emocional i espiritual.<br \/>\nLa pir\u00e0mide actua com un recordatori tangible de la import\u00e0ncia de l&#039;equilibri energ\u00e8tic a la vida di\u00e0ria.<br \/>\nTroba a la nostra botiga la fascinaci\u00f3 de la Pir\u00e0mide dels 7 Chakras i la seva capacitat per transformar el teu espai i la teva connexi\u00f3 interior.<br \/>\nQuantitat: 1 Unitat. El preu \u00e9s per una unitat.<br \/>\nTama\u00f1o: Entre 3.5 y 3.5 cent\u00edmetros aproximadamente.<br \/>\nForma: Pir\u00e0mide.<\/p>","protected":false},"excerpt":{"rendered":"<p>Descobriu la poderosa Pir\u00e0mide dels 7 Chakras, una fusi\u00f3 d&#039;art i energia espiritual que representa els centres d&#039;energia del cos.<br \/>\nCada capa de la pir\u00e1mide simboliza un chakra, ofreciendo una experiencia visual y terap\u00e9utica \u00fanica.<br \/>\nPerfecta com a decoraci\u00f3 i per a meditaci\u00f3, equilibra i harmonitza els txakres per promoure benestar emocional i espiritual.<br \/>\nLa pir\u00e0mide actua com un recordatori tangible de la import\u00e0ncia de l&#039;equilibri energ\u00e8tic a la vida di\u00e0ria.<br \/>\nTroba a la nostra botiga la fascinaci\u00f3 de la Pir\u00e0mide dels 7 Chakras i la seva capacitat per transformar el teu espai i la teva connexi\u00f3 interior.<br \/>\nQuantitat: 1 Unitat. El preu \u00e9s per una unitat.<br \/>\nTama\u00f1o: Entre 3.5 y 3.5 cent\u00edmetros aproximadamente.<br \/>\nForma: Pir\u00e0mide.<\/p>","protected":false},"featured_media":2135,"template":"","meta":[],"product_cat":[73,69],"product_tag":[],"class_list":{"0":"post-1866","1":"product","2":"type-product","3":"status-publish","4":"has-post-thumbnail","6":"product_cat-esferas","7":"product_cat-minerales","9":"first","10":"instock","11":"sale","12":"taxable","13":"shipping-taxable","14":"purchasable","15":"product-type-simple"},"yoast_head":"<!-- This site is optimized with the Yoast SEO plugin v27.3 - https:\/\/yoast.com\/product\/yoast-seo-wordpress\/ -->\n<title>Pir\u00e1mide De Los 7 Chakras | Centros De Energ\u00eda Del Cuerpo. - MINERALES LUNA LLENA<\/title>\n<meta name=\"robots\" content=\"index, follow, max-snippet:-1, max-image-preview:large, max-video-preview:-1\" \/>\n<link rel=\"canonical\" href=\"https:\/\/mineraleslunallena.com\/ca\/producte\/piramide-de-los-7-chakras-centros-de-energia-del-cuerpo-2\/\" \/>\n<meta property=\"og:locale\" content=\"ca_ES\" \/>\n<meta property=\"og:type\" content=\"article\" \/>\n<meta property=\"og:title\" content=\"Pir\u00e1mide De Los 7 Chakras | Centros De Energ\u00eda Del Cuerpo. - MINERALES LUNA LLENA\" \/>\n<meta property=\"og:description\" content=\"Descubre la poderosa Pir\u00e1mide de los 7 Chakras, una fusi\u00f3n de arte y energ\u00eda espiritual que representa los centros de energ\u00eda del cuerpo. Cada capa de la pir\u00e1mide simboliza un chakra, ofreciendo una experiencia visual y terap\u00e9utica \u00fanica. Perfecta como decoraci\u00f3n y para meditaci\u00f3n, equilibra y armoniza los chakras para promover bienestar emocional y espiritual. La pir\u00e1mide act\u00faa como un recordatorio tangible de la importancia del equilibrio energ\u00e9tico en la vida diaria. Encuentra en nuestra tienda la fascinaci\u00f3n de la Pir\u00e1mide de los 7 Chakras y su capacidad para transformar tu espacio y tu conexi\u00f3n interior. Cantidad: 1 Unidad. El precio es por una unidad. Tama\u00f1o: Entre 3.5 y 3.5 cent\u00edmetros aproximadamente. Forma: Pir\u00e1mide.\" \/>\n<meta property=\"og:url\" content=\"https:\/\/mineraleslunallena.com\/ca\/producte\/piramide-de-los-7-chakras-centros-de-energia-del-cuerpo-2\/\" \/>\n<meta property=\"og:site_name\" content=\"MINERALES LUNA LLENA\" \/>\n<meta property=\"article:modified_time\" content=\"2024-03-19T18:07:12+00:00\" \/>\n<meta property=\"og:image\" content=\"https:\/\/mineraleslunallena.com\/wp-content\/uploads\/2024\/01\/PIRAMIDE-7-CHAKRAS-PIRAMIDE-FORMAS-scaled.jpg\" \/>\n\t<meta property=\"og:image:width\" content=\"1920\" \/>\n\t<meta property=\"og:image:height\" content=\"2560\" \/>\n\t<meta property=\"og:image:type\" content=\"image\/jpeg\" \/>\n<meta name=\"twitter:card\" content=\"summary_large_image\" \/>\n<meta name=\"twitter:label1\" content=\"Temps estimat de lectura\" \/>\n\t<meta name=\"twitter:data1\" content=\"1 minut\" \/>\n<script type=\"application\/ld+json\" class=\"yoast-schema-graph\">{\"@context\":\"https:\\\/\\\/schema.org\",\"@graph\":[{\"@type\":\"WebPage\",\"@id\":\"https:\\\/\\\/mineraleslunallena.com\\\/producto\\\/piramide-de-los-7-chakras-centros-de-energia-del-cuerpo-2\\\/\",\"url\":\"https:\\\/\\\/mineraleslunallena.com\\\/producto\\\/piramide-de-los-7-chakras-centros-de-energia-del-cuerpo-2\\\/\",\"name\":\"Pir\u00e1mide De Los 7 Chakras | Centros De Energ\u00eda Del Cuerpo. - MINERALES LUNA LLENA\",\"isPartOf\":{\"@id\":\"https:\\\/\\\/mineraleslunallena.com\\\/#website\"},\"primaryImageOfPage\":{\"@id\":\"https:\\\/\\\/mineraleslunallena.com\\\/producto\\\/piramide-de-los-7-chakras-centros-de-energia-del-cuerpo-2\\\/#primaryimage\"},\"image\":{\"@id\":\"https:\\\/\\\/mineraleslunallena.com\\\/producto\\\/piramide-de-los-7-chakras-centros-de-energia-del-cuerpo-2\\\/#primaryimage\"},\"thumbnailUrl\":\"https:\\\/\\\/mineraleslunallena.com\\\/wp-content\\\/uploads\\\/2024\\\/01\\\/PIRAMIDE-7-CHAKRAS-PIRAMIDE-FORMAS-scaled.jpg\",\"datePublished\":\"2024-01-31T09:25:12+00:00\",\"dateModified\":\"2024-03-19T18:07:12+00:00\",\"breadcrumb\":{\"@id\":\"https:\\\/\\\/mineraleslunallena.com\\\/producto\\\/piramide-de-los-7-chakras-centros-de-energia-del-cuerpo-2\\\/#breadcrumb\"},\"inLanguage\":\"ca\",\"potentialAction\":[{\"@type\":\"ReadAction\",\"target\":[\"https:\\\/\\\/mineraleslunallena.com\\\/producto\\\/piramide-de-los-7-chakras-centros-de-energia-del-cuerpo-2\\\/\"]}]},{\"@type\":\"ImageObject\",\"inLanguage\":\"ca\",\"@id\":\"https:\\\/\\\/mineraleslunallena.com\\\/producto\\\/piramide-de-los-7-chakras-centros-de-energia-del-cuerpo-2\\\/#primaryimage\",\"url\":\"https:\\\/\\\/mineraleslunallena.com\\\/wp-content\\\/uploads\\\/2024\\\/01\\\/PIRAMIDE-7-CHAKRAS-PIRAMIDE-FORMAS-scaled.jpg\",\"contentUrl\":\"https:\\\/\\\/mineraleslunallena.com\\\/wp-content\\\/uploads\\\/2024\\\/01\\\/PIRAMIDE-7-CHAKRAS-PIRAMIDE-FORMAS-scaled.jpg\",\"width\":1920,\"height\":2560},{\"@type\":\"BreadcrumbList\",\"@id\":\"https:\\\/\\\/mineraleslunallena.com\\\/producto\\\/piramide-de-los-7-chakras-centros-de-energia-del-cuerpo-2\\\/#breadcrumb\",\"itemListElement\":[{\"@type\":\"ListItem\",\"position\":1,\"name\":\"Portada\",\"item\":\"https:\\\/\\\/mineraleslunallena.com\\\/\"},{\"@type\":\"ListItem\",\"position\":2,\"name\":\"Shop\",\"item\":\"https:\\\/\\\/mineraleslunallena.com\\\/ca\\\/shop\\\/\"},{\"@type\":\"ListItem\",\"position\":3,\"name\":\"Pir\u00e1mide De Los 7 Chakras | Centros De Energ\u00eda Del Cuerpo.\"}]},{\"@type\":\"WebSite\",\"@id\":\"https:\\\/\\\/mineraleslunallena.com\\\/#website\",\"url\":\"https:\\\/\\\/mineraleslunallena.com\\\/\",\"name\":\"LUNA LLENA MINERALES\",\"description\":\"Es el momento de conectarte con tu propio poder y confiar en tus habilidades.\",\"publisher\":{\"@id\":\"https:\\\/\\\/mineraleslunallena.com\\\/#organization\"},\"potentialAction\":[{\"@type\":\"SearchAction\",\"target\":{\"@type\":\"EntryPoint\",\"urlTemplate\":\"https:\\\/\\\/mineraleslunallena.com\\\/?s={search_term_string}\"},\"query-input\":{\"@type\":\"PropertyValueSpecification\",\"valueRequired\":true,\"valueName\":\"search_term_string\"}}],\"inLanguage\":\"ca\"},{\"@type\":\"Organization\",\"@id\":\"https:\\\/\\\/mineraleslunallena.com\\\/#organization\",\"name\":\"LUNA LLENA MINERALES\",\"url\":\"https:\\\/\\\/mineraleslunallena.com\\\/\",\"logo\":{\"@type\":\"ImageObject\",\"inLanguage\":\"ca\",\"@id\":\"https:\\\/\\\/mineraleslunallena.com\\\/#\\\/schema\\\/logo\\\/image\\\/\",\"url\":\"https:\\\/\\\/mineraleslunallena.com\\\/wp-content\\\/uploads\\\/2023\\\/07\\\/LUNA-LLENA-LOGO-nuevo.png\",\"contentUrl\":\"https:\\\/\\\/mineraleslunallena.com\\\/wp-content\\\/uploads\\\/2023\\\/07\\\/LUNA-LLENA-LOGO-nuevo.png\",\"width\":229,\"height\":167,\"caption\":\"LUNA LLENA MINERALES\"},\"image\":{\"@id\":\"https:\\\/\\\/mineraleslunallena.com\\\/#\\\/schema\\\/logo\\\/image\\\/\"}}]}<\/script>\n<!-- \/ Yoast SEO plugin. -->","yoast_head_json":{"title":"Pir\u00e1mide De Los 7 Chakras | Centros De Energ\u00eda Del Cuerpo. - MINERALES LUNA LLENA","robots":{"index":"index","follow":"follow","max-snippet":"max-snippet:-1","max-image-preview":"max-image-preview:large","max-video-preview":"max-video-preview:-1"},"canonical":"https:\/\/mineraleslunallena.com\/ca\/producte\/piramide-de-los-7-chakras-centros-de-energia-del-cuerpo-2\/","og_locale":"ca_ES","og_type":"article","og_title":"Pir\u00e1mide De Los 7 Chakras | Centros De Energ\u00eda Del Cuerpo. - MINERALES LUNA LLENA","og_description":"Descubre la poderosa Pir\u00e1mide de los 7 Chakras, una fusi\u00f3n de arte y energ\u00eda espiritual que representa los centros de energ\u00eda del cuerpo. Cada capa de la pir\u00e1mide simboliza un chakra, ofreciendo una experiencia visual y terap\u00e9utica \u00fanica. Perfecta como decoraci\u00f3n y para meditaci\u00f3n, equilibra y armoniza los chakras para promover bienestar emocional y espiritual. La pir\u00e1mide act\u00faa como un recordatorio tangible de la importancia del equilibrio energ\u00e9tico en la vida diaria. Encuentra en nuestra tienda la fascinaci\u00f3n de la Pir\u00e1mide de los 7 Chakras y su capacidad para transformar tu espacio y tu conexi\u00f3n interior. Cantidad: 1 Unidad. El precio es por una unidad. Tama\u00f1o: Entre 3.5 y 3.5 cent\u00edmetros aproximadamente. Forma: Pir\u00e1mide.","og_url":"https:\/\/mineraleslunallena.com\/ca\/producte\/piramide-de-los-7-chakras-centros-de-energia-del-cuerpo-2\/","og_site_name":"MINERALES LUNA LLENA","article_modified_time":"2024-03-19T18:07:12+00:00","og_image":[{"width":1920,"height":2560,"url":"https:\/\/mineraleslunallena.com\/wp-content\/uploads\/2024\/01\/PIRAMIDE-7-CHAKRAS-PIRAMIDE-FORMAS-scaled.jpg","type":"image\/jpeg"}],"twitter_card":"summary_large_image","twitter_misc":{"Temps estimat de lectura":"1 minut"},"schema":{"@context":"https:\/\/schema.org","@graph":[{"@type":"WebPage","@id":"https:\/\/mineraleslunallena.com\/producto\/piramide-de-los-7-chakras-centros-de-energia-del-cuerpo-2\/","url":"https:\/\/mineraleslunallena.com\/producto\/piramide-de-los-7-chakras-centros-de-energia-del-cuerpo-2\/","name":"Pir\u00e1mide De Los 7 Chakras | Centros De Energ\u00eda Del Cuerpo. - MINERALES LUNA LLENA","isPartOf":{"@id":"https:\/\/mineraleslunallena.com\/#website"},"primaryImageOfPage":{"@id":"https:\/\/mineraleslunallena.com\/producto\/piramide-de-los-7-chakras-centros-de-energia-del-cuerpo-2\/#primaryimage"},"image":{"@id":"https:\/\/mineraleslunallena.com\/producto\/piramide-de-los-7-chakras-centros-de-energia-del-cuerpo-2\/#primaryimage"},"thumbnailUrl":"https:\/\/mineraleslunallena.com\/wp-content\/uploads\/2024\/01\/PIRAMIDE-7-CHAKRAS-PIRAMIDE-FORMAS-scaled.jpg","datePublished":"2024-01-31T09:25:12+00:00","dateModified":"2024-03-19T18:07:12+00:00","breadcrumb":{"@id":"https:\/\/mineraleslunallena.com\/producto\/piramide-de-los-7-chakras-centros-de-energia-del-cuerpo-2\/#breadcrumb"},"inLanguage":"ca","potentialAction":[{"@type":"ReadAction","target":["https:\/\/mineraleslunallena.com\/producto\/piramide-de-los-7-chakras-centros-de-energia-del-cuerpo-2\/"]}]},{"@type":"ImageObject","inLanguage":"ca","@id":"https:\/\/mineraleslunallena.com\/producto\/piramide-de-los-7-chakras-centros-de-energia-del-cuerpo-2\/#primaryimage","url":"https:\/\/mineraleslunallena.com\/wp-content\/uploads\/2024\/01\/PIRAMIDE-7-CHAKRAS-PIRAMIDE-FORMAS-scaled.jpg","contentUrl":"https:\/\/mineraleslunallena.com\/wp-content\/uploads\/2024\/01\/PIRAMIDE-7-CHAKRAS-PIRAMIDE-FORMAS-scaled.jpg","width":1920,"height":2560},{"@type":"BreadcrumbList","@id":"https:\/\/mineraleslunallena.com\/producto\/piramide-de-los-7-chakras-centros-de-energia-del-cuerpo-2\/#breadcrumb","itemListElement":[{"@type":"ListItem","position":1,"name":"Portada","item":"https:\/\/mineraleslunallena.com\/"},{"@type":"ListItem","position":2,"name":"Shop","item":"https:\/\/mineraleslunallena.com\/ca\/shop\/"},{"@type":"ListItem","position":3,"name":"Pir\u00e1mide De Los 7 Chakras | Centros De Energ\u00eda Del Cuerpo."}]},{"@type":"WebSite","@id":"https:\/\/mineraleslunallena.com\/#website","url":"https:\/\/mineraleslunallena.com\/","name":"LLUNA PLENA MINERALS","description":"\u00c9s el moment de connectar-te amb el teu poder i confiar en les teves habilitats.","publisher":{"@id":"https:\/\/mineraleslunallena.com\/#organization"},"potentialAction":[{"@type":"SearchAction","target":{"@type":"EntryPoint","urlTemplate":"https:\/\/mineraleslunallena.com\/?s={search_term_string}"},"query-input":{"@type":"PropertyValueSpecification","valueRequired":true,"valueName":"search_term_string"}}],"inLanguage":"ca"},{"@type":"Organization","@id":"https:\/\/mineraleslunallena.com\/#organization","name":"LLUNA PLENA MINERALS","url":"https:\/\/mineraleslunallena.com\/","logo":{"@type":"ImageObject","inLanguage":"ca","@id":"https:\/\/mineraleslunallena.com\/#\/schema\/logo\/image\/","url":"https:\/\/mineraleslunallena.com\/wp-content\/uploads\/2023\/07\/LUNA-LLENA-LOGO-nuevo.png","contentUrl":"https:\/\/mineraleslunallena.com\/wp-content\/uploads\/2023\/07\/LUNA-LLENA-LOGO-nuevo.png","width":229,"height":167,"caption":"LUNA LLENA MINERALES"},"image":{"@id":"https:\/\/mineraleslunallena.com\/#\/schema\/logo\/image\/"}}]}},"_links":{"self":[{"href":"https:\/\/mineraleslunallena.com\/ca\/wp-json\/wp\/v2\/product\/1866","targetHints":{"allow":["GET"]}}],"collection":[{"href":"https:\/\/mineraleslunallena.com\/ca\/wp-json\/wp\/v2\/product"}],"about":[{"href":"https:\/\/mineraleslunallena.com\/ca\/wp-json\/wp\/v2\/types\/product"}],"version-history":[{"count":5,"href":"https:\/\/mineraleslunallena.com\/ca\/wp-json\/wp\/v2\/product\/1866\/revisions"}],"predecessor-version":[{"id":3356,"href":"https:\/\/mineraleslunallena.com\/ca\/wp-json\/wp\/v2\/product\/1866\/revisions\/3356"}],"wp:featuredmedia":[{"embeddable":true,"href":"https:\/\/mineraleslunallena.com\/ca\/wp-json\/wp\/v2\/media\/2135"}],"wp:attachment":[{"href":"https:\/\/mineraleslunallena.com\/ca\/wp-json\/wp\/v2\/media?parent=1866"}],"wp:term":[{"taxonomy":"product_cat","embeddable":true,"href":"https:\/\/mineraleslunallena.com\/ca\/wp-json\/wp\/v2\/product_cat?post=1866"},{"taxonomy":"product_tag","embeddable":true,"href":"https:\/\/mineraleslunallena.com\/ca\/wp-json\/wp\/v2\/product_tag?post=1866"}],"curies":[{"name":"wp","href":"https:\/\/api.w.org\/{rel}","templated":true}]}}