{"id":2179,"date":"2024-02-18T21:33:20","date_gmt":"2024-02-18T20:33:20","guid":{"rendered":"https:\/\/mineraleslunallena.com\/?post_type=product&#038;p=2179"},"modified":"2024-03-19T18:24:13","modified_gmt":"2024-03-19T17:24:13","slug":"opalo-rosa-rodado-paz-tranquilidad","status":"publish","type":"product","link":"https:\/\/mineraleslunallena.com\/ca\/producte\/opalo-rosa-rodado-paz-tranquilidad\/","title":{"rendered":"\u00d3palo Rosa Rodado | Paz &#8211; Tranquilidad"},"content":{"rendered":"<p>El \u00d3palo Rosa promueve la armon\u00eda, se coloca en espacios de descanso o meditaci\u00f3n. Ideal en momentos de introspecci\u00f3n, abre el coraz\u00f3n y suaviza la energ\u00eda circundante. Se asocia con el amor incondicional y equilibra el chakra del coraz\u00f3n. Alivia ansiedad y nerviosismo, favoreciendo un sue\u00f1o reparador. Armoniza chakras y promueve el bienestar emocional.<\/p>\n<p>Quantitat: 1 Unitat. El preu \u00e9s per una unitat.<\/p>\n<p>Tama\u00f1o: Entre 2.5 y 4.5 cent\u00edmetros aproximadamente.<\/p>\n<p>Forma: Mineral Rodat.<\/p>","protected":false},"excerpt":{"rendered":"<p>El \u00d3palo Rosa promueve la armon\u00eda, se coloca en espacios de descanso o meditaci\u00f3n. Ideal en momentos de introspecci\u00f3n, abre el coraz\u00f3n y suaviza la energ\u00eda circundante. Se asocia con el amor incondicional y equilibra el chakra del coraz\u00f3n. Alivia ansiedad y nerviosismo, favoreciendo un sue\u00f1o reparador. Armoniza chakras y promueve el bienestar emocional.<\/p>\n<p>Quantitat: 1 Unitat. El preu \u00e9s per una unitat.<\/p>\n<p>Tama\u00f1o: Entre 2.5 y 4.5 cent\u00edmetros aproximadamente.<\/p>\n<p>Forma: Mineral Rodat.<\/p>","protected":false},"featured_media":2180,"template":"","meta":[],"product_cat":[69,71],"product_tag":[],"class_list":{"0":"post-2179","1":"product","2":"type-product","3":"status-publish","4":"has-post-thumbnail","6":"product_cat-minerales","7":"product_cat-rodados","9":"first","10":"instock","11":"sale","12":"taxable","13":"shipping-taxable","14":"purchasable","15":"product-type-simple"},"yoast_head":"<!-- This site is optimized with the Yoast SEO plugin v27.3 - https:\/\/yoast.com\/product\/yoast-seo-wordpress\/ -->\n<title>\u00d3palo Rosa Rodado | Paz - Tranquilidad - MINERALES LUNA LLENA<\/title>\n<meta name=\"robots\" content=\"index, follow, max-snippet:-1, max-image-preview:large, max-video-preview:-1\" \/>\n<link rel=\"canonical\" href=\"https:\/\/mineraleslunallena.com\/ca\/producte\/opalo-rosa-rodado-paz-tranquilidad\/\" \/>\n<meta property=\"og:locale\" content=\"ca_ES\" \/>\n<meta property=\"og:type\" content=\"article\" \/>\n<meta property=\"og:title\" content=\"\u00d3palo Rosa Rodado | Paz - Tranquilidad - MINERALES LUNA LLENA\" \/>\n<meta property=\"og:description\" content=\"El \u00d3palo Rosa promueve la armon\u00eda, se coloca en espacios de descanso o meditaci\u00f3n. Ideal en momentos de introspecci\u00f3n, abre el coraz\u00f3n y suaviza la energ\u00eda circundante. Se asocia con el amor incondicional y equilibra el chakra del coraz\u00f3n. Alivia ansiedad y nerviosismo, favoreciendo un sue\u00f1o reparador. Armoniza chakras y promueve el bienestar emocional.  Cantidad: 1 Unidad. El precio es por una unidad.  Tama\u00f1o: Entre 2.5 y 4.5 cent\u00edmetros aproximadamente.  Forma: Mineral Rodado.\" \/>\n<meta property=\"og:url\" content=\"https:\/\/mineraleslunallena.com\/ca\/producte\/opalo-rosa-rodado-paz-tranquilidad\/\" \/>\n<meta property=\"og:site_name\" content=\"MINERALES LUNA LLENA\" \/>\n<meta property=\"article:modified_time\" content=\"2024-03-19T17:24:13+00:00\" \/>\n<meta property=\"og:image\" content=\"https:\/\/mineraleslunallena.com\/wp-content\/uploads\/2024\/02\/Opalo-Rosa-Rodado-Paz-Tranquilidad-scaled.jpg\" \/>\n\t<meta property=\"og:image:width\" content=\"1920\" \/>\n\t<meta property=\"og:image:height\" content=\"2560\" \/>\n\t<meta property=\"og:image:type\" content=\"image\/jpeg\" \/>\n<meta name=\"twitter:card\" content=\"summary_large_image\" \/>\n<meta name=\"twitter:label1\" content=\"Temps estimat de lectura\" \/>\n\t<meta name=\"twitter:data1\" content=\"1 minut\" \/>\n<script type=\"application\/ld+json\" class=\"yoast-schema-graph\">{\"@context\":\"https:\\\/\\\/schema.org\",\"@graph\":[{\"@type\":\"WebPage\",\"@id\":\"https:\\\/\\\/mineraleslunallena.com\\\/producto\\\/opalo-rosa-rodado-paz-tranquilidad\\\/\",\"url\":\"https:\\\/\\\/mineraleslunallena.com\\\/producto\\\/opalo-rosa-rodado-paz-tranquilidad\\\/\",\"name\":\"\u00d3palo Rosa Rodado | Paz - Tranquilidad - MINERALES LUNA LLENA\",\"isPartOf\":{\"@id\":\"https:\\\/\\\/mineraleslunallena.com\\\/#website\"},\"primaryImageOfPage\":{\"@id\":\"https:\\\/\\\/mineraleslunallena.com\\\/producto\\\/opalo-rosa-rodado-paz-tranquilidad\\\/#primaryimage\"},\"image\":{\"@id\":\"https:\\\/\\\/mineraleslunallena.com\\\/producto\\\/opalo-rosa-rodado-paz-tranquilidad\\\/#primaryimage\"},\"thumbnailUrl\":\"https:\\\/\\\/mineraleslunallena.com\\\/wp-content\\\/uploads\\\/2024\\\/02\\\/Opalo-Rosa-Rodado-Paz-Tranquilidad-scaled.jpg\",\"datePublished\":\"2024-02-18T20:33:20+00:00\",\"dateModified\":\"2024-03-19T17:24:13+00:00\",\"breadcrumb\":{\"@id\":\"https:\\\/\\\/mineraleslunallena.com\\\/producto\\\/opalo-rosa-rodado-paz-tranquilidad\\\/#breadcrumb\"},\"inLanguage\":\"ca\",\"potentialAction\":[{\"@type\":\"ReadAction\",\"target\":[\"https:\\\/\\\/mineraleslunallena.com\\\/producto\\\/opalo-rosa-rodado-paz-tranquilidad\\\/\"]}]},{\"@type\":\"ImageObject\",\"inLanguage\":\"ca\",\"@id\":\"https:\\\/\\\/mineraleslunallena.com\\\/producto\\\/opalo-rosa-rodado-paz-tranquilidad\\\/#primaryimage\",\"url\":\"https:\\\/\\\/mineraleslunallena.com\\\/wp-content\\\/uploads\\\/2024\\\/02\\\/Opalo-Rosa-Rodado-Paz-Tranquilidad-scaled.jpg\",\"contentUrl\":\"https:\\\/\\\/mineraleslunallena.com\\\/wp-content\\\/uploads\\\/2024\\\/02\\\/Opalo-Rosa-Rodado-Paz-Tranquilidad-scaled.jpg\",\"width\":1920,\"height\":2560},{\"@type\":\"BreadcrumbList\",\"@id\":\"https:\\\/\\\/mineraleslunallena.com\\\/producto\\\/opalo-rosa-rodado-paz-tranquilidad\\\/#breadcrumb\",\"itemListElement\":[{\"@type\":\"ListItem\",\"position\":1,\"name\":\"Portada\",\"item\":\"https:\\\/\\\/mineraleslunallena.com\\\/\"},{\"@type\":\"ListItem\",\"position\":2,\"name\":\"Shop\",\"item\":\"https:\\\/\\\/mineraleslunallena.com\\\/ca\\\/shop\\\/\"},{\"@type\":\"ListItem\",\"position\":3,\"name\":\"\u00d3palo Rosa Rodado | Paz &#8211; Tranquilidad\"}]},{\"@type\":\"WebSite\",\"@id\":\"https:\\\/\\\/mineraleslunallena.com\\\/#website\",\"url\":\"https:\\\/\\\/mineraleslunallena.com\\\/\",\"name\":\"LUNA LLENA MINERALES\",\"description\":\"Es el momento de conectarte con tu propio poder y confiar en tus habilidades.\",\"publisher\":{\"@id\":\"https:\\\/\\\/mineraleslunallena.com\\\/#organization\"},\"potentialAction\":[{\"@type\":\"SearchAction\",\"target\":{\"@type\":\"EntryPoint\",\"urlTemplate\":\"https:\\\/\\\/mineraleslunallena.com\\\/?s={search_term_string}\"},\"query-input\":{\"@type\":\"PropertyValueSpecification\",\"valueRequired\":true,\"valueName\":\"search_term_string\"}}],\"inLanguage\":\"ca\"},{\"@type\":\"Organization\",\"@id\":\"https:\\\/\\\/mineraleslunallena.com\\\/#organization\",\"name\":\"LUNA LLENA MINERALES\",\"url\":\"https:\\\/\\\/mineraleslunallena.com\\\/\",\"logo\":{\"@type\":\"ImageObject\",\"inLanguage\":\"ca\",\"@id\":\"https:\\\/\\\/mineraleslunallena.com\\\/#\\\/schema\\\/logo\\\/image\\\/\",\"url\":\"https:\\\/\\\/mineraleslunallena.com\\\/wp-content\\\/uploads\\\/2023\\\/07\\\/LUNA-LLENA-LOGO-nuevo.png\",\"contentUrl\":\"https:\\\/\\\/mineraleslunallena.com\\\/wp-content\\\/uploads\\\/2023\\\/07\\\/LUNA-LLENA-LOGO-nuevo.png\",\"width\":229,\"height\":167,\"caption\":\"LUNA LLENA MINERALES\"},\"image\":{\"@id\":\"https:\\\/\\\/mineraleslunallena.com\\\/#\\\/schema\\\/logo\\\/image\\\/\"}}]}<\/script>\n<!-- \/ Yoast SEO plugin. -->","yoast_head_json":{"title":"\u00d3palo Rosa Rodado | Paz - Tranquilidad - MINERALES LUNA LLENA","robots":{"index":"index","follow":"follow","max-snippet":"max-snippet:-1","max-image-preview":"max-image-preview:large","max-video-preview":"max-video-preview:-1"},"canonical":"https:\/\/mineraleslunallena.com\/ca\/producte\/opalo-rosa-rodado-paz-tranquilidad\/","og_locale":"ca_ES","og_type":"article","og_title":"\u00d3palo Rosa Rodado | Paz - Tranquilidad - MINERALES LUNA LLENA","og_description":"El \u00d3palo Rosa promueve la armon\u00eda, se coloca en espacios de descanso o meditaci\u00f3n. Ideal en momentos de introspecci\u00f3n, abre el coraz\u00f3n y suaviza la energ\u00eda circundante. Se asocia con el amor incondicional y equilibra el chakra del coraz\u00f3n. Alivia ansiedad y nerviosismo, favoreciendo un sue\u00f1o reparador. Armoniza chakras y promueve el bienestar emocional.  Cantidad: 1 Unidad. El precio es por una unidad.  Tama\u00f1o: Entre 2.5 y 4.5 cent\u00edmetros aproximadamente.  Forma: Mineral Rodado.","og_url":"https:\/\/mineraleslunallena.com\/ca\/producte\/opalo-rosa-rodado-paz-tranquilidad\/","og_site_name":"MINERALES LUNA LLENA","article_modified_time":"2024-03-19T17:24:13+00:00","og_image":[{"width":1920,"height":2560,"url":"https:\/\/mineraleslunallena.com\/wp-content\/uploads\/2024\/02\/Opalo-Rosa-Rodado-Paz-Tranquilidad-scaled.jpg","type":"image\/jpeg"}],"twitter_card":"summary_large_image","twitter_misc":{"Temps estimat de lectura":"1 minut"},"schema":{"@context":"https:\/\/schema.org","@graph":[{"@type":"WebPage","@id":"https:\/\/mineraleslunallena.com\/producto\/opalo-rosa-rodado-paz-tranquilidad\/","url":"https:\/\/mineraleslunallena.com\/producto\/opalo-rosa-rodado-paz-tranquilidad\/","name":"\u00d3palo Rosa Rodado | Paz - Tranquilidad - MINERALES LUNA LLENA","isPartOf":{"@id":"https:\/\/mineraleslunallena.com\/#website"},"primaryImageOfPage":{"@id":"https:\/\/mineraleslunallena.com\/producto\/opalo-rosa-rodado-paz-tranquilidad\/#primaryimage"},"image":{"@id":"https:\/\/mineraleslunallena.com\/producto\/opalo-rosa-rodado-paz-tranquilidad\/#primaryimage"},"thumbnailUrl":"https:\/\/mineraleslunallena.com\/wp-content\/uploads\/2024\/02\/Opalo-Rosa-Rodado-Paz-Tranquilidad-scaled.jpg","datePublished":"2024-02-18T20:33:20+00:00","dateModified":"2024-03-19T17:24:13+00:00","breadcrumb":{"@id":"https:\/\/mineraleslunallena.com\/producto\/opalo-rosa-rodado-paz-tranquilidad\/#breadcrumb"},"inLanguage":"ca","potentialAction":[{"@type":"ReadAction","target":["https:\/\/mineraleslunallena.com\/producto\/opalo-rosa-rodado-paz-tranquilidad\/"]}]},{"@type":"ImageObject","inLanguage":"ca","@id":"https:\/\/mineraleslunallena.com\/producto\/opalo-rosa-rodado-paz-tranquilidad\/#primaryimage","url":"https:\/\/mineraleslunallena.com\/wp-content\/uploads\/2024\/02\/Opalo-Rosa-Rodado-Paz-Tranquilidad-scaled.jpg","contentUrl":"https:\/\/mineraleslunallena.com\/wp-content\/uploads\/2024\/02\/Opalo-Rosa-Rodado-Paz-Tranquilidad-scaled.jpg","width":1920,"height":2560},{"@type":"BreadcrumbList","@id":"https:\/\/mineraleslunallena.com\/producto\/opalo-rosa-rodado-paz-tranquilidad\/#breadcrumb","itemListElement":[{"@type":"ListItem","position":1,"name":"Portada","item":"https:\/\/mineraleslunallena.com\/"},{"@type":"ListItem","position":2,"name":"Shop","item":"https:\/\/mineraleslunallena.com\/ca\/shop\/"},{"@type":"ListItem","position":3,"name":"\u00d3palo Rosa Rodado | Paz &#8211; Tranquilidad"}]},{"@type":"WebSite","@id":"https:\/\/mineraleslunallena.com\/#website","url":"https:\/\/mineraleslunallena.com\/","name":"LLUNA PLENA MINERALS","description":"\u00c9s el moment de connectar-te amb el teu poder i confiar en les teves habilitats.","publisher":{"@id":"https:\/\/mineraleslunallena.com\/#organization"},"potentialAction":[{"@type":"SearchAction","target":{"@type":"EntryPoint","urlTemplate":"https:\/\/mineraleslunallena.com\/?s={search_term_string}"},"query-input":{"@type":"PropertyValueSpecification","valueRequired":true,"valueName":"search_term_string"}}],"inLanguage":"ca"},{"@type":"Organization","@id":"https:\/\/mineraleslunallena.com\/#organization","name":"LLUNA PLENA MINERALS","url":"https:\/\/mineraleslunallena.com\/","logo":{"@type":"ImageObject","inLanguage":"ca","@id":"https:\/\/mineraleslunallena.com\/#\/schema\/logo\/image\/","url":"https:\/\/mineraleslunallena.com\/wp-content\/uploads\/2023\/07\/LUNA-LLENA-LOGO-nuevo.png","contentUrl":"https:\/\/mineraleslunallena.com\/wp-content\/uploads\/2023\/07\/LUNA-LLENA-LOGO-nuevo.png","width":229,"height":167,"caption":"LUNA LLENA MINERALES"},"image":{"@id":"https:\/\/mineraleslunallena.com\/#\/schema\/logo\/image\/"}}]}},"_links":{"self":[{"href":"https:\/\/mineraleslunallena.com\/ca\/wp-json\/wp\/v2\/product\/2179","targetHints":{"allow":["GET"]}}],"collection":[{"href":"https:\/\/mineraleslunallena.com\/ca\/wp-json\/wp\/v2\/product"}],"about":[{"href":"https:\/\/mineraleslunallena.com\/ca\/wp-json\/wp\/v2\/types\/product"}],"version-history":[{"count":4,"href":"https:\/\/mineraleslunallena.com\/ca\/wp-json\/wp\/v2\/product\/2179\/revisions"}],"predecessor-version":[{"id":3338,"href":"https:\/\/mineraleslunallena.com\/ca\/wp-json\/wp\/v2\/product\/2179\/revisions\/3338"}],"wp:featuredmedia":[{"embeddable":true,"href":"https:\/\/mineraleslunallena.com\/ca\/wp-json\/wp\/v2\/media\/2180"}],"wp:attachment":[{"href":"https:\/\/mineraleslunallena.com\/ca\/wp-json\/wp\/v2\/media?parent=2179"}],"wp:term":[{"taxonomy":"product_cat","embeddable":true,"href":"https:\/\/mineraleslunallena.com\/ca\/wp-json\/wp\/v2\/product_cat?post=2179"},{"taxonomy":"product_tag","embeddable":true,"href":"https:\/\/mineraleslunallena.com\/ca\/wp-json\/wp\/v2\/product_tag?post=2179"}],"curies":[{"name":"wp","href":"https:\/\/api.w.org\/{rel}","templated":true}]}}