{"id":2191,"date":"2024-02-18T21:58:37","date_gmt":"2024-02-18T20:58:37","guid":{"rendered":"https:\/\/mineraleslunallena.com\/?post_type=product&#038;p=2191"},"modified":"2024-03-19T18:19:23","modified_gmt":"2024-03-19T17:19:23","slug":"citrino-calentado-rodado-abundancia-alegria","status":"publish","type":"product","link":"https:\/\/mineraleslunallena.com\/ca\/producte\/citrino-calentado-rodado-abundancia-alegria\/","title":{"rendered":"Citrino Calentado Rodado | Vitalidad &#8211; Alegr\u00eda"},"content":{"rendered":"<p>El Citrino calentado. Asociado a la energ\u00eda solar, aporta vitalidad positiva y alegr\u00eda. Ideal en espacios de trabajo, potencia creatividad y concentraci\u00f3n. En momentos de baja energ\u00eda para infundir optimismo y elevar el esp\u00edritu. Activa el chakra del Plexo Solar, fortaleciendo la autoconfianza. Alivia el cansancio, mejora la digesti\u00f3n y revitaliza el cuerpo.<\/p>\n<p>Quantitat: 1 Unitat. El preu \u00e9s per una unitat.<\/p>\n<p>Tama\u00f1o: Entre 3 cm y 5 cm aproximadamente.<\/p>\n<p>Forma: Mineral Rodat.<\/p>","protected":false},"excerpt":{"rendered":"<p>El Citrino calentado. Asociado a la energ\u00eda solar, aporta vitalidad positiva y alegr\u00eda. Ideal en espacios de trabajo, potencia creatividad y concentraci\u00f3n. En momentos de baja energ\u00eda para infundir optimismo y elevar el esp\u00edritu. Activa el chakra del Plexo Solar, fortaleciendo la autoconfianza. Alivia el cansancio, mejora la digesti\u00f3n y revitaliza el cuerpo.<\/p>\n<p>Quantitat: 1 Unitat. El preu \u00e9s per una unitat.<\/p>\n<p>Tama\u00f1o: Entre 3 cm y 5 cm aproximadamente.<\/p>\n<p>Forma: Mineral Rodat.<\/p>","protected":false},"featured_media":2192,"template":"","meta":[],"product_cat":[15],"product_tag":[],"class_list":{"0":"post-2191","1":"product","2":"type-product","3":"status-publish","4":"has-post-thumbnail","6":"product_cat-uncategorized","8":"first","9":"instock","10":"sale","11":"taxable","12":"shipping-taxable","13":"purchasable","14":"product-type-simple"},"yoast_head":"<!-- This site is optimized with the Yoast SEO plugin v27.3 - https:\/\/yoast.com\/product\/yoast-seo-wordpress\/ -->\n<title>Citrino Calentado Rodado | Vitalidad - Alegr\u00eda - MINERALES LUNA LLENA<\/title>\n<meta name=\"robots\" content=\"index, follow, max-snippet:-1, max-image-preview:large, max-video-preview:-1\" \/>\n<link rel=\"canonical\" href=\"https:\/\/mineraleslunallena.com\/ca\/producte\/citrino-calentado-rodado-abundancia-alegria\/\" \/>\n<meta property=\"og:locale\" content=\"ca_ES\" \/>\n<meta property=\"og:type\" content=\"article\" \/>\n<meta property=\"og:title\" content=\"Citrino Calentado Rodado | Vitalidad - Alegr\u00eda - MINERALES LUNA LLENA\" \/>\n<meta property=\"og:description\" content=\"El Citrino calentado. Asociado a la energ\u00eda solar, aporta vitalidad positiva y alegr\u00eda. Ideal en espacios de trabajo, potencia creatividad y concentraci\u00f3n. En momentos de baja energ\u00eda para infundir optimismo y elevar el esp\u00edritu. Activa el chakra del Plexo Solar, fortaleciendo la autoconfianza. Alivia el cansancio, mejora la digesti\u00f3n y revitaliza el cuerpo.  Cantidad: 1 Unidad. El precio es por una unidad.  Tama\u00f1o: Entre 3 cm y 5 cm aproximadamente.  Forma: Mineral Rodado.\" \/>\n<meta property=\"og:url\" content=\"https:\/\/mineraleslunallena.com\/ca\/producte\/citrino-calentado-rodado-abundancia-alegria\/\" \/>\n<meta property=\"og:site_name\" content=\"MINERALES LUNA LLENA\" \/>\n<meta property=\"article:modified_time\" content=\"2024-03-19T17:19:23+00:00\" \/>\n<meta property=\"og:image\" content=\"https:\/\/mineraleslunallena.com\/wp-content\/uploads\/2024\/02\/Citrino-Calentado-Rodado-Abundancia-Alegria-scaled.jpg\" \/>\n\t<meta property=\"og:image:width\" content=\"1920\" \/>\n\t<meta property=\"og:image:height\" content=\"2560\" \/>\n\t<meta property=\"og:image:type\" content=\"image\/jpeg\" \/>\n<meta name=\"twitter:card\" content=\"summary_large_image\" \/>\n<meta name=\"twitter:label1\" content=\"Temps estimat de lectura\" \/>\n\t<meta name=\"twitter:data1\" content=\"1 minut\" \/>\n<script type=\"application\/ld+json\" class=\"yoast-schema-graph\">{\"@context\":\"https:\\\/\\\/schema.org\",\"@graph\":[{\"@type\":\"WebPage\",\"@id\":\"https:\\\/\\\/mineraleslunallena.com\\\/producto\\\/citrino-calentado-rodado-abundancia-alegria\\\/\",\"url\":\"https:\\\/\\\/mineraleslunallena.com\\\/producto\\\/citrino-calentado-rodado-abundancia-alegria\\\/\",\"name\":\"Citrino Calentado Rodado | Vitalidad - Alegr\u00eda - MINERALES LUNA LLENA\",\"isPartOf\":{\"@id\":\"https:\\\/\\\/mineraleslunallena.com\\\/#website\"},\"primaryImageOfPage\":{\"@id\":\"https:\\\/\\\/mineraleslunallena.com\\\/producto\\\/citrino-calentado-rodado-abundancia-alegria\\\/#primaryimage\"},\"image\":{\"@id\":\"https:\\\/\\\/mineraleslunallena.com\\\/producto\\\/citrino-calentado-rodado-abundancia-alegria\\\/#primaryimage\"},\"thumbnailUrl\":\"https:\\\/\\\/mineraleslunallena.com\\\/wp-content\\\/uploads\\\/2024\\\/02\\\/Citrino-Calentado-Rodado-Abundancia-Alegria-scaled.jpg\",\"datePublished\":\"2024-02-18T20:58:37+00:00\",\"dateModified\":\"2024-03-19T17:19:23+00:00\",\"breadcrumb\":{\"@id\":\"https:\\\/\\\/mineraleslunallena.com\\\/producto\\\/citrino-calentado-rodado-abundancia-alegria\\\/#breadcrumb\"},\"inLanguage\":\"ca\",\"potentialAction\":[{\"@type\":\"ReadAction\",\"target\":[\"https:\\\/\\\/mineraleslunallena.com\\\/producto\\\/citrino-calentado-rodado-abundancia-alegria\\\/\"]}]},{\"@type\":\"ImageObject\",\"inLanguage\":\"ca\",\"@id\":\"https:\\\/\\\/mineraleslunallena.com\\\/producto\\\/citrino-calentado-rodado-abundancia-alegria\\\/#primaryimage\",\"url\":\"https:\\\/\\\/mineraleslunallena.com\\\/wp-content\\\/uploads\\\/2024\\\/02\\\/Citrino-Calentado-Rodado-Abundancia-Alegria-scaled.jpg\",\"contentUrl\":\"https:\\\/\\\/mineraleslunallena.com\\\/wp-content\\\/uploads\\\/2024\\\/02\\\/Citrino-Calentado-Rodado-Abundancia-Alegria-scaled.jpg\",\"width\":1920,\"height\":2560},{\"@type\":\"BreadcrumbList\",\"@id\":\"https:\\\/\\\/mineraleslunallena.com\\\/producto\\\/citrino-calentado-rodado-abundancia-alegria\\\/#breadcrumb\",\"itemListElement\":[{\"@type\":\"ListItem\",\"position\":1,\"name\":\"Portada\",\"item\":\"https:\\\/\\\/mineraleslunallena.com\\\/\"},{\"@type\":\"ListItem\",\"position\":2,\"name\":\"Shop\",\"item\":\"https:\\\/\\\/mineraleslunallena.com\\\/ca\\\/shop\\\/\"},{\"@type\":\"ListItem\",\"position\":3,\"name\":\"Citrino Calentado Rodado | Vitalidad &#8211; Alegr\u00eda\"}]},{\"@type\":\"WebSite\",\"@id\":\"https:\\\/\\\/mineraleslunallena.com\\\/#website\",\"url\":\"https:\\\/\\\/mineraleslunallena.com\\\/\",\"name\":\"LUNA LLENA MINERALES\",\"description\":\"Es el momento de conectarte con tu propio poder y confiar en tus habilidades.\",\"publisher\":{\"@id\":\"https:\\\/\\\/mineraleslunallena.com\\\/#organization\"},\"potentialAction\":[{\"@type\":\"SearchAction\",\"target\":{\"@type\":\"EntryPoint\",\"urlTemplate\":\"https:\\\/\\\/mineraleslunallena.com\\\/?s={search_term_string}\"},\"query-input\":{\"@type\":\"PropertyValueSpecification\",\"valueRequired\":true,\"valueName\":\"search_term_string\"}}],\"inLanguage\":\"ca\"},{\"@type\":\"Organization\",\"@id\":\"https:\\\/\\\/mineraleslunallena.com\\\/#organization\",\"name\":\"LUNA LLENA MINERALES\",\"url\":\"https:\\\/\\\/mineraleslunallena.com\\\/\",\"logo\":{\"@type\":\"ImageObject\",\"inLanguage\":\"ca\",\"@id\":\"https:\\\/\\\/mineraleslunallena.com\\\/#\\\/schema\\\/logo\\\/image\\\/\",\"url\":\"https:\\\/\\\/mineraleslunallena.com\\\/wp-content\\\/uploads\\\/2023\\\/07\\\/LUNA-LLENA-LOGO-nuevo.png\",\"contentUrl\":\"https:\\\/\\\/mineraleslunallena.com\\\/wp-content\\\/uploads\\\/2023\\\/07\\\/LUNA-LLENA-LOGO-nuevo.png\",\"width\":229,\"height\":167,\"caption\":\"LUNA LLENA MINERALES\"},\"image\":{\"@id\":\"https:\\\/\\\/mineraleslunallena.com\\\/#\\\/schema\\\/logo\\\/image\\\/\"}}]}<\/script>\n<!-- \/ Yoast SEO plugin. -->","yoast_head_json":{"title":"Citrino Calentado Rodado | Vitalidad - Alegr\u00eda - MINERALES LUNA LLENA","robots":{"index":"index","follow":"follow","max-snippet":"max-snippet:-1","max-image-preview":"max-image-preview:large","max-video-preview":"max-video-preview:-1"},"canonical":"https:\/\/mineraleslunallena.com\/ca\/producte\/citrino-calentado-rodado-abundancia-alegria\/","og_locale":"ca_ES","og_type":"article","og_title":"Citrino Calentado Rodado | Vitalidad - Alegr\u00eda - MINERALES LUNA LLENA","og_description":"El Citrino calentado. Asociado a la energ\u00eda solar, aporta vitalidad positiva y alegr\u00eda. Ideal en espacios de trabajo, potencia creatividad y concentraci\u00f3n. En momentos de baja energ\u00eda para infundir optimismo y elevar el esp\u00edritu. Activa el chakra del Plexo Solar, fortaleciendo la autoconfianza. Alivia el cansancio, mejora la digesti\u00f3n y revitaliza el cuerpo.  Cantidad: 1 Unidad. El precio es por una unidad.  Tama\u00f1o: Entre 3 cm y 5 cm aproximadamente.  Forma: Mineral Rodado.","og_url":"https:\/\/mineraleslunallena.com\/ca\/producte\/citrino-calentado-rodado-abundancia-alegria\/","og_site_name":"MINERALES LUNA LLENA","article_modified_time":"2024-03-19T17:19:23+00:00","og_image":[{"width":1920,"height":2560,"url":"https:\/\/mineraleslunallena.com\/wp-content\/uploads\/2024\/02\/Citrino-Calentado-Rodado-Abundancia-Alegria-scaled.jpg","type":"image\/jpeg"}],"twitter_card":"summary_large_image","twitter_misc":{"Temps estimat de lectura":"1 minut"},"schema":{"@context":"https:\/\/schema.org","@graph":[{"@type":"WebPage","@id":"https:\/\/mineraleslunallena.com\/producto\/citrino-calentado-rodado-abundancia-alegria\/","url":"https:\/\/mineraleslunallena.com\/producto\/citrino-calentado-rodado-abundancia-alegria\/","name":"Citrino Calentado Rodado | Vitalidad - Alegr\u00eda - MINERALES LUNA LLENA","isPartOf":{"@id":"https:\/\/mineraleslunallena.com\/#website"},"primaryImageOfPage":{"@id":"https:\/\/mineraleslunallena.com\/producto\/citrino-calentado-rodado-abundancia-alegria\/#primaryimage"},"image":{"@id":"https:\/\/mineraleslunallena.com\/producto\/citrino-calentado-rodado-abundancia-alegria\/#primaryimage"},"thumbnailUrl":"https:\/\/mineraleslunallena.com\/wp-content\/uploads\/2024\/02\/Citrino-Calentado-Rodado-Abundancia-Alegria-scaled.jpg","datePublished":"2024-02-18T20:58:37+00:00","dateModified":"2024-03-19T17:19:23+00:00","breadcrumb":{"@id":"https:\/\/mineraleslunallena.com\/producto\/citrino-calentado-rodado-abundancia-alegria\/#breadcrumb"},"inLanguage":"ca","potentialAction":[{"@type":"ReadAction","target":["https:\/\/mineraleslunallena.com\/producto\/citrino-calentado-rodado-abundancia-alegria\/"]}]},{"@type":"ImageObject","inLanguage":"ca","@id":"https:\/\/mineraleslunallena.com\/producto\/citrino-calentado-rodado-abundancia-alegria\/#primaryimage","url":"https:\/\/mineraleslunallena.com\/wp-content\/uploads\/2024\/02\/Citrino-Calentado-Rodado-Abundancia-Alegria-scaled.jpg","contentUrl":"https:\/\/mineraleslunallena.com\/wp-content\/uploads\/2024\/02\/Citrino-Calentado-Rodado-Abundancia-Alegria-scaled.jpg","width":1920,"height":2560},{"@type":"BreadcrumbList","@id":"https:\/\/mineraleslunallena.com\/producto\/citrino-calentado-rodado-abundancia-alegria\/#breadcrumb","itemListElement":[{"@type":"ListItem","position":1,"name":"Portada","item":"https:\/\/mineraleslunallena.com\/"},{"@type":"ListItem","position":2,"name":"Shop","item":"https:\/\/mineraleslunallena.com\/ca\/shop\/"},{"@type":"ListItem","position":3,"name":"Citrino Calentado Rodado | Vitalidad &#8211; Alegr\u00eda"}]},{"@type":"WebSite","@id":"https:\/\/mineraleslunallena.com\/#website","url":"https:\/\/mineraleslunallena.com\/","name":"LLUNA PLENA MINERALS","description":"\u00c9s el moment de connectar-te amb el teu poder i confiar en les teves habilitats.","publisher":{"@id":"https:\/\/mineraleslunallena.com\/#organization"},"potentialAction":[{"@type":"SearchAction","target":{"@type":"EntryPoint","urlTemplate":"https:\/\/mineraleslunallena.com\/?s={search_term_string}"},"query-input":{"@type":"PropertyValueSpecification","valueRequired":true,"valueName":"search_term_string"}}],"inLanguage":"ca"},{"@type":"Organization","@id":"https:\/\/mineraleslunallena.com\/#organization","name":"LLUNA PLENA MINERALS","url":"https:\/\/mineraleslunallena.com\/","logo":{"@type":"ImageObject","inLanguage":"ca","@id":"https:\/\/mineraleslunallena.com\/#\/schema\/logo\/image\/","url":"https:\/\/mineraleslunallena.com\/wp-content\/uploads\/2023\/07\/LUNA-LLENA-LOGO-nuevo.png","contentUrl":"https:\/\/mineraleslunallena.com\/wp-content\/uploads\/2023\/07\/LUNA-LLENA-LOGO-nuevo.png","width":229,"height":167,"caption":"LUNA LLENA MINERALES"},"image":{"@id":"https:\/\/mineraleslunallena.com\/#\/schema\/logo\/image\/"}}]}},"_links":{"self":[{"href":"https:\/\/mineraleslunallena.com\/ca\/wp-json\/wp\/v2\/product\/2191","targetHints":{"allow":["GET"]}}],"collection":[{"href":"https:\/\/mineraleslunallena.com\/ca\/wp-json\/wp\/v2\/product"}],"about":[{"href":"https:\/\/mineraleslunallena.com\/ca\/wp-json\/wp\/v2\/types\/product"}],"version-history":[{"count":6,"href":"https:\/\/mineraleslunallena.com\/ca\/wp-json\/wp\/v2\/product\/2191\/revisions"}],"predecessor-version":[{"id":3336,"href":"https:\/\/mineraleslunallena.com\/ca\/wp-json\/wp\/v2\/product\/2191\/revisions\/3336"}],"wp:featuredmedia":[{"embeddable":true,"href":"https:\/\/mineraleslunallena.com\/ca\/wp-json\/wp\/v2\/media\/2192"}],"wp:attachment":[{"href":"https:\/\/mineraleslunallena.com\/ca\/wp-json\/wp\/v2\/media?parent=2191"}],"wp:term":[{"taxonomy":"product_cat","embeddable":true,"href":"https:\/\/mineraleslunallena.com\/ca\/wp-json\/wp\/v2\/product_cat?post=2191"},{"taxonomy":"product_tag","embeddable":true,"href":"https:\/\/mineraleslunallena.com\/ca\/wp-json\/wp\/v2\/product_tag?post=2191"}],"curies":[{"name":"wp","href":"https:\/\/api.w.org\/{rel}","templated":true}]}}