{"id":2205,"date":"2024-02-19T11:41:10","date_gmt":"2024-02-19T10:41:10","guid":{"rendered":"https:\/\/mineraleslunallena.com\/?post_type=product&#038;p=2205"},"modified":"2025-07-20T17:18:38","modified_gmt":"2025-07-20T15:18:38","slug":"ojo-de-halcon-rodado-proteccion-transformacion","status":"publish","type":"product","link":"https:\/\/mineraleslunallena.com\/ca\/producte\/ojo-de-halcon-rodado-proteccion-transformacion\/","title":{"rendered":"Ojo de Halc\u00f3n Rodado | Protecci\u00f3n &#8211; Transformaci\u00f3n"},"content":{"rendered":"<p>El Ojo de Halc\u00f3n, una gema que emana fuerza y claridad en nuestra tienda de minerales. Refleja la agudeza del ave de presa, se convierte en tu aliado en la toma de decisiones cruciales. Lleva contigo el Ojo de Halc\u00f3n en momentos desafiantes para obtener claridad mental y mantener un enfoque inquebrantable en tus objetivos. Te conecta con la tierra y ampl\u00eda tu visi\u00f3n interior, fortaleciendo tu conexi\u00f3n con la naturaleza y sabidur\u00eda interna. Su energ\u00eda calmante y equilibradora disipa las negatividades, creando un espacio de paz interior.<\/p>\n<p>Quantitat: 1 Unitat. El preu \u00e9s per una unitat.<\/p>\n<p>Tama\u00f1o: Entre 4\u20195 y 6 cent\u00edmetros aproximadamente.<\/p>\n<p>Forma: Mineral Massiu.<\/p>","protected":false},"excerpt":{"rendered":"<p>El Ojo de Halc\u00f3n, una gema que emana fuerza y claridad en nuestra tienda de minerales. Refleja la agudeza del ave de presa, se convierte en tu aliado en la toma de decisiones cruciales. Lleva contigo el Ojo de Halc\u00f3n en momentos desafiantes para obtener claridad mental y mantener un enfoque inquebrantable en tus objetivos. Te conecta con la tierra y ampl\u00eda tu visi\u00f3n interior, fortaleciendo tu conexi\u00f3n con la naturaleza y sabidur\u00eda interna. Su energ\u00eda calmante y equilibradora disipa las negatividades, creando un espacio de paz interior.<\/p>\n<p>Quantitat: 1 Unitat. El preu \u00e9s per una unitat.<\/p>\n<p>Tama\u00f1o: Entre 4\u20195 y 6 cent\u00edmetros aproximadamente.<\/p>\n<p>Forma: Mineral Massiu.<\/p>","protected":false},"featured_media":2206,"template":"","meta":[],"product_cat":[69,71],"product_tag":[],"class_list":{"0":"post-2205","1":"product","2":"type-product","3":"status-publish","4":"has-post-thumbnail","6":"product_cat-minerales","7":"product_cat-rodados","9":"first","10":"instock","11":"sale","12":"taxable","13":"shipping-taxable","14":"purchasable","15":"product-type-simple"},"yoast_head":"<!-- This site is optimized with the Yoast SEO plugin v27.3 - https:\/\/yoast.com\/product\/yoast-seo-wordpress\/ -->\n<title>Ojo de Halc\u00f3n Rodado | Protecci\u00f3n - Transformaci\u00f3n - MINERALES LUNA LLENA<\/title>\n<meta name=\"robots\" content=\"index, follow, max-snippet:-1, max-image-preview:large, max-video-preview:-1\" \/>\n<link rel=\"canonical\" href=\"https:\/\/mineraleslunallena.com\/ca\/producte\/ojo-de-halcon-rodado-proteccion-transformacion\/\" \/>\n<meta property=\"og:locale\" content=\"ca_ES\" \/>\n<meta property=\"og:type\" content=\"article\" \/>\n<meta property=\"og:title\" content=\"Ojo de Halc\u00f3n Rodado | Protecci\u00f3n - Transformaci\u00f3n - MINERALES LUNA LLENA\" \/>\n<meta property=\"og:description\" content=\"El Ojo de Halc\u00f3n, una gema que emana fuerza y claridad en nuestra tienda de minerales. Refleja la agudeza del ave de presa, se convierte en tu aliado en la toma de decisiones cruciales. Lleva contigo el Ojo de Halc\u00f3n en momentos desafiantes para obtener claridad mental y mantener un enfoque inquebrantable en tus objetivos. Te conecta con la tierra y ampl\u00eda tu visi\u00f3n interior, fortaleciendo tu conexi\u00f3n con la naturaleza y sabidur\u00eda interna. Su energ\u00eda calmante y equilibradora disipa las negatividades, creando un espacio de paz interior.  Cantidad: 1 Unidad. El precio es por una unidad.  Tama\u00f1o: Entre 4\u20195 y 6 cent\u00edmetros aproximadamente.  Forma: Mineral Masivo.\" \/>\n<meta property=\"og:url\" content=\"https:\/\/mineraleslunallena.com\/ca\/producte\/ojo-de-halcon-rodado-proteccion-transformacion\/\" \/>\n<meta property=\"og:site_name\" content=\"MINERALES LUNA LLENA\" \/>\n<meta property=\"article:modified_time\" content=\"2025-07-20T15:18:38+00:00\" \/>\n<meta property=\"og:image\" content=\"https:\/\/mineraleslunallena.com\/wp-content\/uploads\/2024\/02\/Ojo-de-Halcon-Rodado-scaled.jpg\" \/>\n\t<meta property=\"og:image:width\" content=\"1920\" \/>\n\t<meta property=\"og:image:height\" content=\"2560\" \/>\n\t<meta property=\"og:image:type\" content=\"image\/jpeg\" \/>\n<meta name=\"twitter:card\" content=\"summary_large_image\" \/>\n<meta name=\"twitter:label1\" content=\"Temps estimat de lectura\" \/>\n\t<meta name=\"twitter:data1\" content=\"1 minut\" \/>\n<script type=\"application\/ld+json\" class=\"yoast-schema-graph\">{\"@context\":\"https:\\\/\\\/schema.org\",\"@graph\":[{\"@type\":\"WebPage\",\"@id\":\"https:\\\/\\\/mineraleslunallena.com\\\/producto\\\/ojo-de-halcon-rodado-proteccion-transformacion\\\/\",\"url\":\"https:\\\/\\\/mineraleslunallena.com\\\/producto\\\/ojo-de-halcon-rodado-proteccion-transformacion\\\/\",\"name\":\"Ojo de Halc\u00f3n Rodado | Protecci\u00f3n - Transformaci\u00f3n - MINERALES LUNA LLENA\",\"isPartOf\":{\"@id\":\"https:\\\/\\\/mineraleslunallena.com\\\/#website\"},\"primaryImageOfPage\":{\"@id\":\"https:\\\/\\\/mineraleslunallena.com\\\/producto\\\/ojo-de-halcon-rodado-proteccion-transformacion\\\/#primaryimage\"},\"image\":{\"@id\":\"https:\\\/\\\/mineraleslunallena.com\\\/producto\\\/ojo-de-halcon-rodado-proteccion-transformacion\\\/#primaryimage\"},\"thumbnailUrl\":\"https:\\\/\\\/mineraleslunallena.com\\\/wp-content\\\/uploads\\\/2024\\\/02\\\/Ojo-de-Halcon-Rodado-scaled.jpg\",\"datePublished\":\"2024-02-19T10:41:10+00:00\",\"dateModified\":\"2025-07-20T15:18:38+00:00\",\"breadcrumb\":{\"@id\":\"https:\\\/\\\/mineraleslunallena.com\\\/producto\\\/ojo-de-halcon-rodado-proteccion-transformacion\\\/#breadcrumb\"},\"inLanguage\":\"ca\",\"potentialAction\":[{\"@type\":\"ReadAction\",\"target\":[\"https:\\\/\\\/mineraleslunallena.com\\\/producto\\\/ojo-de-halcon-rodado-proteccion-transformacion\\\/\"]}]},{\"@type\":\"ImageObject\",\"inLanguage\":\"ca\",\"@id\":\"https:\\\/\\\/mineraleslunallena.com\\\/producto\\\/ojo-de-halcon-rodado-proteccion-transformacion\\\/#primaryimage\",\"url\":\"https:\\\/\\\/mineraleslunallena.com\\\/wp-content\\\/uploads\\\/2024\\\/02\\\/Ojo-de-Halcon-Rodado-scaled.jpg\",\"contentUrl\":\"https:\\\/\\\/mineraleslunallena.com\\\/wp-content\\\/uploads\\\/2024\\\/02\\\/Ojo-de-Halcon-Rodado-scaled.jpg\",\"width\":1920,\"height\":2560},{\"@type\":\"BreadcrumbList\",\"@id\":\"https:\\\/\\\/mineraleslunallena.com\\\/producto\\\/ojo-de-halcon-rodado-proteccion-transformacion\\\/#breadcrumb\",\"itemListElement\":[{\"@type\":\"ListItem\",\"position\":1,\"name\":\"Portada\",\"item\":\"https:\\\/\\\/mineraleslunallena.com\\\/\"},{\"@type\":\"ListItem\",\"position\":2,\"name\":\"Shop\",\"item\":\"https:\\\/\\\/mineraleslunallena.com\\\/ca\\\/shop\\\/\"},{\"@type\":\"ListItem\",\"position\":3,\"name\":\"Ojo de Halc\u00f3n Rodado | Protecci\u00f3n &#8211; Transformaci\u00f3n\"}]},{\"@type\":\"WebSite\",\"@id\":\"https:\\\/\\\/mineraleslunallena.com\\\/#website\",\"url\":\"https:\\\/\\\/mineraleslunallena.com\\\/\",\"name\":\"LUNA LLENA MINERALES\",\"description\":\"Es el momento de conectarte con tu propio poder y confiar en tus habilidades.\",\"publisher\":{\"@id\":\"https:\\\/\\\/mineraleslunallena.com\\\/#organization\"},\"potentialAction\":[{\"@type\":\"SearchAction\",\"target\":{\"@type\":\"EntryPoint\",\"urlTemplate\":\"https:\\\/\\\/mineraleslunallena.com\\\/?s={search_term_string}\"},\"query-input\":{\"@type\":\"PropertyValueSpecification\",\"valueRequired\":true,\"valueName\":\"search_term_string\"}}],\"inLanguage\":\"ca\"},{\"@type\":\"Organization\",\"@id\":\"https:\\\/\\\/mineraleslunallena.com\\\/#organization\",\"name\":\"LUNA LLENA MINERALES\",\"url\":\"https:\\\/\\\/mineraleslunallena.com\\\/\",\"logo\":{\"@type\":\"ImageObject\",\"inLanguage\":\"ca\",\"@id\":\"https:\\\/\\\/mineraleslunallena.com\\\/#\\\/schema\\\/logo\\\/image\\\/\",\"url\":\"https:\\\/\\\/mineraleslunallena.com\\\/wp-content\\\/uploads\\\/2023\\\/07\\\/LUNA-LLENA-LOGO-nuevo.png\",\"contentUrl\":\"https:\\\/\\\/mineraleslunallena.com\\\/wp-content\\\/uploads\\\/2023\\\/07\\\/LUNA-LLENA-LOGO-nuevo.png\",\"width\":229,\"height\":167,\"caption\":\"LUNA LLENA MINERALES\"},\"image\":{\"@id\":\"https:\\\/\\\/mineraleslunallena.com\\\/#\\\/schema\\\/logo\\\/image\\\/\"}}]}<\/script>\n<!-- \/ Yoast SEO plugin. -->","yoast_head_json":{"title":"Ojo de Halc\u00f3n Rodado | Protecci\u00f3n - Transformaci\u00f3n - MINERALES LUNA LLENA","robots":{"index":"index","follow":"follow","max-snippet":"max-snippet:-1","max-image-preview":"max-image-preview:large","max-video-preview":"max-video-preview:-1"},"canonical":"https:\/\/mineraleslunallena.com\/ca\/producte\/ojo-de-halcon-rodado-proteccion-transformacion\/","og_locale":"ca_ES","og_type":"article","og_title":"Ojo de Halc\u00f3n Rodado | Protecci\u00f3n - Transformaci\u00f3n - MINERALES LUNA LLENA","og_description":"El Ojo de Halc\u00f3n, una gema que emana fuerza y claridad en nuestra tienda de minerales. Refleja la agudeza del ave de presa, se convierte en tu aliado en la toma de decisiones cruciales. Lleva contigo el Ojo de Halc\u00f3n en momentos desafiantes para obtener claridad mental y mantener un enfoque inquebrantable en tus objetivos. Te conecta con la tierra y ampl\u00eda tu visi\u00f3n interior, fortaleciendo tu conexi\u00f3n con la naturaleza y sabidur\u00eda interna. Su energ\u00eda calmante y equilibradora disipa las negatividades, creando un espacio de paz interior.  Cantidad: 1 Unidad. El precio es por una unidad.  Tama\u00f1o: Entre 4\u20195 y 6 cent\u00edmetros aproximadamente.  Forma: Mineral Masivo.","og_url":"https:\/\/mineraleslunallena.com\/ca\/producte\/ojo-de-halcon-rodado-proteccion-transformacion\/","og_site_name":"MINERALES LUNA LLENA","article_modified_time":"2025-07-20T15:18:38+00:00","og_image":[{"width":1920,"height":2560,"url":"https:\/\/mineraleslunallena.com\/wp-content\/uploads\/2024\/02\/Ojo-de-Halcon-Rodado-scaled.jpg","type":"image\/jpeg"}],"twitter_card":"summary_large_image","twitter_misc":{"Temps estimat de lectura":"1 minut"},"schema":{"@context":"https:\/\/schema.org","@graph":[{"@type":"WebPage","@id":"https:\/\/mineraleslunallena.com\/producto\/ojo-de-halcon-rodado-proteccion-transformacion\/","url":"https:\/\/mineraleslunallena.com\/producto\/ojo-de-halcon-rodado-proteccion-transformacion\/","name":"Ojo de Halc\u00f3n Rodado | Protecci\u00f3n - Transformaci\u00f3n - MINERALES LUNA LLENA","isPartOf":{"@id":"https:\/\/mineraleslunallena.com\/#website"},"primaryImageOfPage":{"@id":"https:\/\/mineraleslunallena.com\/producto\/ojo-de-halcon-rodado-proteccion-transformacion\/#primaryimage"},"image":{"@id":"https:\/\/mineraleslunallena.com\/producto\/ojo-de-halcon-rodado-proteccion-transformacion\/#primaryimage"},"thumbnailUrl":"https:\/\/mineraleslunallena.com\/wp-content\/uploads\/2024\/02\/Ojo-de-Halcon-Rodado-scaled.jpg","datePublished":"2024-02-19T10:41:10+00:00","dateModified":"2025-07-20T15:18:38+00:00","breadcrumb":{"@id":"https:\/\/mineraleslunallena.com\/producto\/ojo-de-halcon-rodado-proteccion-transformacion\/#breadcrumb"},"inLanguage":"ca","potentialAction":[{"@type":"ReadAction","target":["https:\/\/mineraleslunallena.com\/producto\/ojo-de-halcon-rodado-proteccion-transformacion\/"]}]},{"@type":"ImageObject","inLanguage":"ca","@id":"https:\/\/mineraleslunallena.com\/producto\/ojo-de-halcon-rodado-proteccion-transformacion\/#primaryimage","url":"https:\/\/mineraleslunallena.com\/wp-content\/uploads\/2024\/02\/Ojo-de-Halcon-Rodado-scaled.jpg","contentUrl":"https:\/\/mineraleslunallena.com\/wp-content\/uploads\/2024\/02\/Ojo-de-Halcon-Rodado-scaled.jpg","width":1920,"height":2560},{"@type":"BreadcrumbList","@id":"https:\/\/mineraleslunallena.com\/producto\/ojo-de-halcon-rodado-proteccion-transformacion\/#breadcrumb","itemListElement":[{"@type":"ListItem","position":1,"name":"Portada","item":"https:\/\/mineraleslunallena.com\/"},{"@type":"ListItem","position":2,"name":"Shop","item":"https:\/\/mineraleslunallena.com\/ca\/shop\/"},{"@type":"ListItem","position":3,"name":"Ojo de Halc\u00f3n Rodado | Protecci\u00f3n &#8211; Transformaci\u00f3n"}]},{"@type":"WebSite","@id":"https:\/\/mineraleslunallena.com\/#website","url":"https:\/\/mineraleslunallena.com\/","name":"LLUNA PLENA MINERALS","description":"\u00c9s el moment de connectar-te amb el teu poder i confiar en les teves habilitats.","publisher":{"@id":"https:\/\/mineraleslunallena.com\/#organization"},"potentialAction":[{"@type":"SearchAction","target":{"@type":"EntryPoint","urlTemplate":"https:\/\/mineraleslunallena.com\/?s={search_term_string}"},"query-input":{"@type":"PropertyValueSpecification","valueRequired":true,"valueName":"search_term_string"}}],"inLanguage":"ca"},{"@type":"Organization","@id":"https:\/\/mineraleslunallena.com\/#organization","name":"LLUNA PLENA MINERALS","url":"https:\/\/mineraleslunallena.com\/","logo":{"@type":"ImageObject","inLanguage":"ca","@id":"https:\/\/mineraleslunallena.com\/#\/schema\/logo\/image\/","url":"https:\/\/mineraleslunallena.com\/wp-content\/uploads\/2023\/07\/LUNA-LLENA-LOGO-nuevo.png","contentUrl":"https:\/\/mineraleslunallena.com\/wp-content\/uploads\/2023\/07\/LUNA-LLENA-LOGO-nuevo.png","width":229,"height":167,"caption":"LUNA LLENA MINERALES"},"image":{"@id":"https:\/\/mineraleslunallena.com\/#\/schema\/logo\/image\/"}}]}},"_links":{"self":[{"href":"https:\/\/mineraleslunallena.com\/ca\/wp-json\/wp\/v2\/product\/2205","targetHints":{"allow":["GET"]}}],"collection":[{"href":"https:\/\/mineraleslunallena.com\/ca\/wp-json\/wp\/v2\/product"}],"about":[{"href":"https:\/\/mineraleslunallena.com\/ca\/wp-json\/wp\/v2\/types\/product"}],"version-history":[{"count":5,"href":"https:\/\/mineraleslunallena.com\/ca\/wp-json\/wp\/v2\/product\/2205\/revisions"}],"predecessor-version":[{"id":3333,"href":"https:\/\/mineraleslunallena.com\/ca\/wp-json\/wp\/v2\/product\/2205\/revisions\/3333"}],"wp:featuredmedia":[{"embeddable":true,"href":"https:\/\/mineraleslunallena.com\/ca\/wp-json\/wp\/v2\/media\/2206"}],"wp:attachment":[{"href":"https:\/\/mineraleslunallena.com\/ca\/wp-json\/wp\/v2\/media?parent=2205"}],"wp:term":[{"taxonomy":"product_cat","embeddable":true,"href":"https:\/\/mineraleslunallena.com\/ca\/wp-json\/wp\/v2\/product_cat?post=2205"},{"taxonomy":"product_tag","embeddable":true,"href":"https:\/\/mineraleslunallena.com\/ca\/wp-json\/wp\/v2\/product_tag?post=2205"}],"curies":[{"name":"wp","href":"https:\/\/api.w.org\/{rel}","templated":true}]}}