{"id":2264,"date":"2024-02-20T12:37:26","date_gmt":"2024-02-20T11:37:26","guid":{"rendered":"https:\/\/mineraleslunallena.com\/?post_type=product&#038;p=2264"},"modified":"2024-03-19T18:07:48","modified_gmt":"2024-03-19T17:07:48","slug":"thulita-masivo-conexiones-amorosas-equilibrio-emocional","status":"publish","type":"product","link":"https:\/\/mineraleslunallena.com\/ca\/producte\/thulita-masivo-conexiones-amorosas-equilibrio-emocional\/","title":{"rendered":"Thulita Masivo | Conexiones Amorosas &#8211; Equilibrio Emocional"},"content":{"rendered":"<p>La Thulita ofrece beneficios espirituales notables en tu camino: Nutre la autoaceptaci\u00f3n y el amor hacia ti mismo\/a. Estimula el chakra del coraz\u00f3n, facilitando conexiones amorosas y profundas. Contribuye al equilibrio emocional y serenidad interior. Promueve la claridad mental para decisiones conscientes e ideal para meditaci\u00f3n, facilita estados de conciencia m\u00e1s profundos. Fortalece la empat\u00eda, conect\u00e1ndote con las emociones de los dem\u00e1s. Facilita la exploraci\u00f3n de aspectos espirituales m\u00e1s profundos. Proporciona una energ\u00eda c\u00e1lida y reconfortante, elevando tu vibraci\u00f3n espiritual.<\/p>\n<p>Quantitat: 1 Unitat. El preu \u00e9s per una unitat.<\/p>\n<p>Tama\u00f1o: Entre 4 y 5 cent\u00edmetros aproximadamente.<\/p>\n<p>Forma: Mineral Massiu.<\/p>","protected":false},"excerpt":{"rendered":"<p>La Thulita ofrece beneficios espirituales notables en tu camino: Nutre la autoaceptaci\u00f3n y el amor hacia ti mismo\/a. Estimula el chakra del coraz\u00f3n, facilitando conexiones amorosas y profundas. Contribuye al equilibrio emocional y serenidad interior. Promueve la claridad mental para decisiones conscientes e ideal para meditaci\u00f3n, facilita estados de conciencia m\u00e1s profundos. Fortalece la empat\u00eda, conect\u00e1ndote con las emociones de los dem\u00e1s. Facilita la exploraci\u00f3n de aspectos espirituales m\u00e1s profundos. Proporciona una energ\u00eda c\u00e1lida y reconfortante, elevando tu vibraci\u00f3n espiritual.<\/p>\n<p>Quantitat: 1 Unitat. El preu \u00e9s per una unitat.<\/p>\n<p>Tama\u00f1o: Entre 4 y 5 cent\u00edmetros aproximadamente.<\/p>\n<p>Forma: Mineral Massiu.<\/p>","protected":false},"featured_media":2265,"template":"","meta":[],"product_cat":[72,69],"product_tag":[],"class_list":{"0":"post-2264","1":"product","2":"type-product","3":"status-publish","4":"has-post-thumbnail","6":"product_cat-masivos","7":"product_cat-minerales","9":"first","10":"instock","11":"sale","12":"taxable","13":"shipping-taxable","14":"purchasable","15":"product-type-simple"},"yoast_head":"<!-- This site is optimized with the Yoast SEO plugin v27.3 - https:\/\/yoast.com\/product\/yoast-seo-wordpress\/ -->\n<title>Thulita Masivo | Conexiones Amorosas - Equilibrio Emocional - MINERALES LUNA LLENA<\/title>\n<meta name=\"robots\" content=\"index, follow, max-snippet:-1, max-image-preview:large, max-video-preview:-1\" \/>\n<link rel=\"canonical\" href=\"https:\/\/mineraleslunallena.com\/ca\/producte\/thulita-masivo-conexiones-amorosas-equilibrio-emocional\/\" \/>\n<meta property=\"og:locale\" content=\"ca_ES\" \/>\n<meta property=\"og:type\" content=\"article\" \/>\n<meta property=\"og:title\" content=\"Thulita Masivo | Conexiones Amorosas - Equilibrio Emocional - MINERALES LUNA LLENA\" \/>\n<meta property=\"og:description\" content=\"La Thulita ofrece beneficios espirituales notables en tu camino: Nutre la autoaceptaci\u00f3n y el amor hacia ti mismo\/a. Estimula el chakra del coraz\u00f3n, facilitando conexiones amorosas y profundas. Contribuye al equilibrio emocional y serenidad interior. Promueve la claridad mental para decisiones conscientes e ideal para meditaci\u00f3n, facilita estados de conciencia m\u00e1s profundos. Fortalece la empat\u00eda, conect\u00e1ndote con las emociones de los dem\u00e1s. Facilita la exploraci\u00f3n de aspectos espirituales m\u00e1s profundos. Proporciona una energ\u00eda c\u00e1lida y reconfortante, elevando tu vibraci\u00f3n espiritual.  Cantidad: 1 Unidad. El precio es por una unidad.  Tama\u00f1o: Entre 4 y 5 cent\u00edmetros aproximadamente.  Forma: Mineral Masivo.\" \/>\n<meta property=\"og:url\" content=\"https:\/\/mineraleslunallena.com\/ca\/producte\/thulita-masivo-conexiones-amorosas-equilibrio-emocional\/\" \/>\n<meta property=\"og:site_name\" content=\"MINERALES LUNA LLENA\" \/>\n<meta property=\"article:modified_time\" content=\"2024-03-19T17:07:48+00:00\" \/>\n<meta property=\"og:image\" content=\"https:\/\/mineraleslunallena.com\/wp-content\/uploads\/2024\/02\/Thulita--scaled.jpg\" \/>\n\t<meta property=\"og:image:width\" content=\"1920\" \/>\n\t<meta property=\"og:image:height\" content=\"2560\" \/>\n\t<meta property=\"og:image:type\" content=\"image\/jpeg\" \/>\n<meta name=\"twitter:card\" content=\"summary_large_image\" \/>\n<meta name=\"twitter:label1\" content=\"Temps estimat de lectura\" \/>\n\t<meta name=\"twitter:data1\" content=\"1 minut\" \/>\n<script type=\"application\/ld+json\" class=\"yoast-schema-graph\">{\"@context\":\"https:\\\/\\\/schema.org\",\"@graph\":[{\"@type\":\"WebPage\",\"@id\":\"https:\\\/\\\/mineraleslunallena.com\\\/producto\\\/thulita-masivo-conexiones-amorosas-equilibrio-emocional\\\/\",\"url\":\"https:\\\/\\\/mineraleslunallena.com\\\/producto\\\/thulita-masivo-conexiones-amorosas-equilibrio-emocional\\\/\",\"name\":\"Thulita Masivo | Conexiones Amorosas - Equilibrio Emocional - MINERALES LUNA LLENA\",\"isPartOf\":{\"@id\":\"https:\\\/\\\/mineraleslunallena.com\\\/#website\"},\"primaryImageOfPage\":{\"@id\":\"https:\\\/\\\/mineraleslunallena.com\\\/producto\\\/thulita-masivo-conexiones-amorosas-equilibrio-emocional\\\/#primaryimage\"},\"image\":{\"@id\":\"https:\\\/\\\/mineraleslunallena.com\\\/producto\\\/thulita-masivo-conexiones-amorosas-equilibrio-emocional\\\/#primaryimage\"},\"thumbnailUrl\":\"https:\\\/\\\/mineraleslunallena.com\\\/wp-content\\\/uploads\\\/2024\\\/02\\\/Thulita--scaled.jpg\",\"datePublished\":\"2024-02-20T11:37:26+00:00\",\"dateModified\":\"2024-03-19T17:07:48+00:00\",\"breadcrumb\":{\"@id\":\"https:\\\/\\\/mineraleslunallena.com\\\/producto\\\/thulita-masivo-conexiones-amorosas-equilibrio-emocional\\\/#breadcrumb\"},\"inLanguage\":\"ca\",\"potentialAction\":[{\"@type\":\"ReadAction\",\"target\":[\"https:\\\/\\\/mineraleslunallena.com\\\/producto\\\/thulita-masivo-conexiones-amorosas-equilibrio-emocional\\\/\"]}]},{\"@type\":\"ImageObject\",\"inLanguage\":\"ca\",\"@id\":\"https:\\\/\\\/mineraleslunallena.com\\\/producto\\\/thulita-masivo-conexiones-amorosas-equilibrio-emocional\\\/#primaryimage\",\"url\":\"https:\\\/\\\/mineraleslunallena.com\\\/wp-content\\\/uploads\\\/2024\\\/02\\\/Thulita--scaled.jpg\",\"contentUrl\":\"https:\\\/\\\/mineraleslunallena.com\\\/wp-content\\\/uploads\\\/2024\\\/02\\\/Thulita--scaled.jpg\",\"width\":1920,\"height\":2560},{\"@type\":\"BreadcrumbList\",\"@id\":\"https:\\\/\\\/mineraleslunallena.com\\\/producto\\\/thulita-masivo-conexiones-amorosas-equilibrio-emocional\\\/#breadcrumb\",\"itemListElement\":[{\"@type\":\"ListItem\",\"position\":1,\"name\":\"Portada\",\"item\":\"https:\\\/\\\/mineraleslunallena.com\\\/\"},{\"@type\":\"ListItem\",\"position\":2,\"name\":\"Shop\",\"item\":\"https:\\\/\\\/mineraleslunallena.com\\\/ca\\\/shop\\\/\"},{\"@type\":\"ListItem\",\"position\":3,\"name\":\"Thulita Masivo | Conexiones Amorosas &#8211; Equilibrio Emocional\"}]},{\"@type\":\"WebSite\",\"@id\":\"https:\\\/\\\/mineraleslunallena.com\\\/#website\",\"url\":\"https:\\\/\\\/mineraleslunallena.com\\\/\",\"name\":\"LUNA LLENA MINERALES\",\"description\":\"Es el momento de conectarte con tu propio poder y confiar en tus habilidades.\",\"publisher\":{\"@id\":\"https:\\\/\\\/mineraleslunallena.com\\\/#organization\"},\"potentialAction\":[{\"@type\":\"SearchAction\",\"target\":{\"@type\":\"EntryPoint\",\"urlTemplate\":\"https:\\\/\\\/mineraleslunallena.com\\\/?s={search_term_string}\"},\"query-input\":{\"@type\":\"PropertyValueSpecification\",\"valueRequired\":true,\"valueName\":\"search_term_string\"}}],\"inLanguage\":\"ca\"},{\"@type\":\"Organization\",\"@id\":\"https:\\\/\\\/mineraleslunallena.com\\\/#organization\",\"name\":\"LUNA LLENA MINERALES\",\"url\":\"https:\\\/\\\/mineraleslunallena.com\\\/\",\"logo\":{\"@type\":\"ImageObject\",\"inLanguage\":\"ca\",\"@id\":\"https:\\\/\\\/mineraleslunallena.com\\\/#\\\/schema\\\/logo\\\/image\\\/\",\"url\":\"https:\\\/\\\/mineraleslunallena.com\\\/wp-content\\\/uploads\\\/2023\\\/07\\\/LUNA-LLENA-LOGO-nuevo.png\",\"contentUrl\":\"https:\\\/\\\/mineraleslunallena.com\\\/wp-content\\\/uploads\\\/2023\\\/07\\\/LUNA-LLENA-LOGO-nuevo.png\",\"width\":229,\"height\":167,\"caption\":\"LUNA LLENA MINERALES\"},\"image\":{\"@id\":\"https:\\\/\\\/mineraleslunallena.com\\\/#\\\/schema\\\/logo\\\/image\\\/\"}}]}<\/script>\n<!-- \/ Yoast SEO plugin. -->","yoast_head_json":{"title":"Thulita Masivo | Conexiones Amorosas - Equilibrio Emocional - MINERALES LUNA LLENA","robots":{"index":"index","follow":"follow","max-snippet":"max-snippet:-1","max-image-preview":"max-image-preview:large","max-video-preview":"max-video-preview:-1"},"canonical":"https:\/\/mineraleslunallena.com\/ca\/producte\/thulita-masivo-conexiones-amorosas-equilibrio-emocional\/","og_locale":"ca_ES","og_type":"article","og_title":"Thulita Masivo | Conexiones Amorosas - Equilibrio Emocional - MINERALES LUNA LLENA","og_description":"La Thulita ofrece beneficios espirituales notables en tu camino: Nutre la autoaceptaci\u00f3n y el amor hacia ti mismo\/a. Estimula el chakra del coraz\u00f3n, facilitando conexiones amorosas y profundas. Contribuye al equilibrio emocional y serenidad interior. Promueve la claridad mental para decisiones conscientes e ideal para meditaci\u00f3n, facilita estados de conciencia m\u00e1s profundos. Fortalece la empat\u00eda, conect\u00e1ndote con las emociones de los dem\u00e1s. Facilita la exploraci\u00f3n de aspectos espirituales m\u00e1s profundos. Proporciona una energ\u00eda c\u00e1lida y reconfortante, elevando tu vibraci\u00f3n espiritual.  Cantidad: 1 Unidad. El precio es por una unidad.  Tama\u00f1o: Entre 4 y 5 cent\u00edmetros aproximadamente.  Forma: Mineral Masivo.","og_url":"https:\/\/mineraleslunallena.com\/ca\/producte\/thulita-masivo-conexiones-amorosas-equilibrio-emocional\/","og_site_name":"MINERALES LUNA LLENA","article_modified_time":"2024-03-19T17:07:48+00:00","og_image":[{"width":1920,"height":2560,"url":"https:\/\/mineraleslunallena.com\/wp-content\/uploads\/2024\/02\/Thulita--scaled.jpg","type":"image\/jpeg"}],"twitter_card":"summary_large_image","twitter_misc":{"Temps estimat de lectura":"1 minut"},"schema":{"@context":"https:\/\/schema.org","@graph":[{"@type":"WebPage","@id":"https:\/\/mineraleslunallena.com\/producto\/thulita-masivo-conexiones-amorosas-equilibrio-emocional\/","url":"https:\/\/mineraleslunallena.com\/producto\/thulita-masivo-conexiones-amorosas-equilibrio-emocional\/","name":"Thulita Masivo | Conexiones Amorosas - Equilibrio Emocional - MINERALES LUNA LLENA","isPartOf":{"@id":"https:\/\/mineraleslunallena.com\/#website"},"primaryImageOfPage":{"@id":"https:\/\/mineraleslunallena.com\/producto\/thulita-masivo-conexiones-amorosas-equilibrio-emocional\/#primaryimage"},"image":{"@id":"https:\/\/mineraleslunallena.com\/producto\/thulita-masivo-conexiones-amorosas-equilibrio-emocional\/#primaryimage"},"thumbnailUrl":"https:\/\/mineraleslunallena.com\/wp-content\/uploads\/2024\/02\/Thulita--scaled.jpg","datePublished":"2024-02-20T11:37:26+00:00","dateModified":"2024-03-19T17:07:48+00:00","breadcrumb":{"@id":"https:\/\/mineraleslunallena.com\/producto\/thulita-masivo-conexiones-amorosas-equilibrio-emocional\/#breadcrumb"},"inLanguage":"ca","potentialAction":[{"@type":"ReadAction","target":["https:\/\/mineraleslunallena.com\/producto\/thulita-masivo-conexiones-amorosas-equilibrio-emocional\/"]}]},{"@type":"ImageObject","inLanguage":"ca","@id":"https:\/\/mineraleslunallena.com\/producto\/thulita-masivo-conexiones-amorosas-equilibrio-emocional\/#primaryimage","url":"https:\/\/mineraleslunallena.com\/wp-content\/uploads\/2024\/02\/Thulita--scaled.jpg","contentUrl":"https:\/\/mineraleslunallena.com\/wp-content\/uploads\/2024\/02\/Thulita--scaled.jpg","width":1920,"height":2560},{"@type":"BreadcrumbList","@id":"https:\/\/mineraleslunallena.com\/producto\/thulita-masivo-conexiones-amorosas-equilibrio-emocional\/#breadcrumb","itemListElement":[{"@type":"ListItem","position":1,"name":"Portada","item":"https:\/\/mineraleslunallena.com\/"},{"@type":"ListItem","position":2,"name":"Shop","item":"https:\/\/mineraleslunallena.com\/ca\/shop\/"},{"@type":"ListItem","position":3,"name":"Thulita Masivo | Conexiones Amorosas &#8211; Equilibrio Emocional"}]},{"@type":"WebSite","@id":"https:\/\/mineraleslunallena.com\/#website","url":"https:\/\/mineraleslunallena.com\/","name":"LLUNA PLENA MINERALS","description":"\u00c9s el moment de connectar-te amb el teu poder i confiar en les teves habilitats.","publisher":{"@id":"https:\/\/mineraleslunallena.com\/#organization"},"potentialAction":[{"@type":"SearchAction","target":{"@type":"EntryPoint","urlTemplate":"https:\/\/mineraleslunallena.com\/?s={search_term_string}"},"query-input":{"@type":"PropertyValueSpecification","valueRequired":true,"valueName":"search_term_string"}}],"inLanguage":"ca"},{"@type":"Organization","@id":"https:\/\/mineraleslunallena.com\/#organization","name":"LLUNA PLENA MINERALS","url":"https:\/\/mineraleslunallena.com\/","logo":{"@type":"ImageObject","inLanguage":"ca","@id":"https:\/\/mineraleslunallena.com\/#\/schema\/logo\/image\/","url":"https:\/\/mineraleslunallena.com\/wp-content\/uploads\/2023\/07\/LUNA-LLENA-LOGO-nuevo.png","contentUrl":"https:\/\/mineraleslunallena.com\/wp-content\/uploads\/2023\/07\/LUNA-LLENA-LOGO-nuevo.png","width":229,"height":167,"caption":"LUNA LLENA MINERALES"},"image":{"@id":"https:\/\/mineraleslunallena.com\/#\/schema\/logo\/image\/"}}]}},"_links":{"self":[{"href":"https:\/\/mineraleslunallena.com\/ca\/wp-json\/wp\/v2\/product\/2264","targetHints":{"allow":["GET"]}}],"collection":[{"href":"https:\/\/mineraleslunallena.com\/ca\/wp-json\/wp\/v2\/product"}],"about":[{"href":"https:\/\/mineraleslunallena.com\/ca\/wp-json\/wp\/v2\/types\/product"}],"version-history":[{"count":3,"href":"https:\/\/mineraleslunallena.com\/ca\/wp-json\/wp\/v2\/product\/2264\/revisions"}],"predecessor-version":[{"id":3327,"href":"https:\/\/mineraleslunallena.com\/ca\/wp-json\/wp\/v2\/product\/2264\/revisions\/3327"}],"wp:featuredmedia":[{"embeddable":true,"href":"https:\/\/mineraleslunallena.com\/ca\/wp-json\/wp\/v2\/media\/2265"}],"wp:attachment":[{"href":"https:\/\/mineraleslunallena.com\/ca\/wp-json\/wp\/v2\/media?parent=2264"}],"wp:term":[{"taxonomy":"product_cat","embeddable":true,"href":"https:\/\/mineraleslunallena.com\/ca\/wp-json\/wp\/v2\/product_cat?post=2264"},{"taxonomy":"product_tag","embeddable":true,"href":"https:\/\/mineraleslunallena.com\/ca\/wp-json\/wp\/v2\/product_tag?post=2264"}],"curies":[{"name":"wp","href":"https:\/\/api.w.org\/{rel}","templated":true}]}}