{"id":2340,"date":"2024-02-25T18:44:46","date_gmt":"2024-02-25T17:44:46","guid":{"rendered":"https:\/\/mineraleslunallena.com\/?post_type=product&#038;p=2340"},"modified":"2025-02-25T18:07:49","modified_gmt":"2025-02-25T17:07:49","slug":"cornalina-masivo-alivia-tensiones-energia-positiva","status":"publish","type":"product","link":"https:\/\/mineraleslunallena.com\/ca\/producte\/cornalina-masivo-alivia-tensiones-energia-positiva\/","title":{"rendered":"Cornalina Masivo | Alivia Tensiones &#8211; Energ\u00eda Positiva"},"content":{"rendered":"<p>Descubre la cautivadora Cornalina, ahora disponible en nuestra tienda de minerales en l\u00ednea! Esta piedra vibrante, llena de tonos c\u00e1lidos, es la aliada perfecta para potenciar tu vitalidad y encender la pasi\u00f3n en cada aspecto de tu vida. En momentos de estr\u00e9s, act\u00faa como un b\u00e1lsamo, aliviando tensiones y promoviendo una mente clara. \u00dasala como tu amuleto para atraer energ\u00eda positiva y desatar tu creatividad con fuerza. Ll\u00e9vala contigo en situaciones decisivas para fortalecer tu confianza y superar desaf\u00edos con determinaci\u00f3n. Coloca la Cornalina cerca de tus chakras inferiores para equilibrar y activar el flujo de energ\u00eda vital en tu cuerpo. Est\u00e1 vinculada al chakra sacro, estimulando la creatividad y la expresi\u00f3n personal durante la meditaci\u00f3n.<\/p>\n<p>Quantitat: 1 Unitat. El preu \u00e9s per una unitat.<\/p>\n<p>Tama\u00f1o: Entre 3 y 5 cent\u00edmetros aproximadamente.<\/p>\n<p>Forma: Mineral Massiu.<\/p>","protected":false},"excerpt":{"rendered":"<p>Descubre la cautivadora Cornalina, ahora disponible en nuestra tienda de minerales en l\u00ednea! Esta piedra vibrante, llena de tonos c\u00e1lidos, es la aliada perfecta para potenciar tu vitalidad y encender la pasi\u00f3n en cada aspecto de tu vida. En momentos de estr\u00e9s, act\u00faa como un b\u00e1lsamo, aliviando tensiones y promoviendo una mente clara. \u00dasala como tu amuleto para atraer energ\u00eda positiva y desatar tu creatividad con fuerza. Ll\u00e9vala contigo en situaciones decisivas para fortalecer tu confianza y superar desaf\u00edos con determinaci\u00f3n. Coloca la Cornalina cerca de tus chakras inferiores para equilibrar y activar el flujo de energ\u00eda vital en tu cuerpo. Est\u00e1 vinculada al chakra sacro, estimulando la creatividad y la expresi\u00f3n personal durante la meditaci\u00f3n.<\/p>\n<p>Quantitat: 1 Unitat. El preu \u00e9s per una unitat.<\/p>\n<p>Tama\u00f1o: Entre 3 y 5 cent\u00edmetros aproximadamente.<\/p>\n<p>Forma: Mineral Massiu.<\/p>","protected":false},"featured_media":2341,"template":"","meta":[],"product_cat":[72,69],"product_tag":[],"class_list":{"0":"post-2340","1":"product","2":"type-product","3":"status-publish","4":"has-post-thumbnail","6":"product_cat-masivos","7":"product_cat-minerales","9":"first","10":"instock","11":"sale","12":"taxable","13":"shipping-taxable","14":"purchasable","15":"product-type-simple"},"yoast_head":"<!-- This site is optimized with the Yoast SEO plugin v27.3 - https:\/\/yoast.com\/product\/yoast-seo-wordpress\/ -->\n<title>Cornalina Masivo | Alivia Tensiones - Energ\u00eda Positiva - MINERALES LUNA LLENA<\/title>\n<meta name=\"robots\" content=\"index, follow, max-snippet:-1, max-image-preview:large, max-video-preview:-1\" \/>\n<link rel=\"canonical\" href=\"https:\/\/mineraleslunallena.com\/ca\/producte\/cornalina-masivo-alivia-tensiones-energia-positiva\/\" \/>\n<meta property=\"og:locale\" content=\"ca_ES\" \/>\n<meta property=\"og:type\" content=\"article\" \/>\n<meta property=\"og:title\" content=\"Cornalina Masivo | Alivia Tensiones - Energ\u00eda Positiva - MINERALES LUNA LLENA\" \/>\n<meta property=\"og:description\" content=\"Descubre la cautivadora Cornalina, ahora disponible en nuestra tienda de minerales en l\u00ednea! Esta piedra vibrante, llena de tonos c\u00e1lidos, es la aliada perfecta para potenciar tu vitalidad y encender la pasi\u00f3n en cada aspecto de tu vida. En momentos de estr\u00e9s, act\u00faa como un b\u00e1lsamo, aliviando tensiones y promoviendo una mente clara. \u00dasala como tu amuleto para atraer energ\u00eda positiva y desatar tu creatividad con fuerza. Ll\u00e9vala contigo en situaciones decisivas para fortalecer tu confianza y superar desaf\u00edos con determinaci\u00f3n. Coloca la Cornalina cerca de tus chakras inferiores para equilibrar y activar el flujo de energ\u00eda vital en tu cuerpo. Est\u00e1 vinculada al chakra sacro, estimulando la creatividad y la expresi\u00f3n personal durante la meditaci\u00f3n.  Cantidad: 1 Unidad. El precio es por una unidad.  Tama\u00f1o: Entre 3 y 5 cent\u00edmetros aproximadamente.  Forma: Mineral Masivo.\" \/>\n<meta property=\"og:url\" content=\"https:\/\/mineraleslunallena.com\/ca\/producte\/cornalina-masivo-alivia-tensiones-energia-positiva\/\" \/>\n<meta property=\"og:site_name\" content=\"MINERALES LUNA LLENA\" \/>\n<meta property=\"article:modified_time\" content=\"2025-02-25T17:07:49+00:00\" \/>\n<meta property=\"og:image\" content=\"https:\/\/mineraleslunallena.com\/wp-content\/uploads\/2024\/02\/Cornalina-Masivo-scaled.jpg\" \/>\n\t<meta property=\"og:image:width\" content=\"1920\" \/>\n\t<meta property=\"og:image:height\" content=\"2560\" \/>\n\t<meta property=\"og:image:type\" content=\"image\/jpeg\" \/>\n<meta name=\"twitter:card\" content=\"summary_large_image\" \/>\n<meta name=\"twitter:label1\" content=\"Temps estimat de lectura\" \/>\n\t<meta name=\"twitter:data1\" content=\"1 minut\" \/>\n<script type=\"application\/ld+json\" class=\"yoast-schema-graph\">{\"@context\":\"https:\\\/\\\/schema.org\",\"@graph\":[{\"@type\":\"WebPage\",\"@id\":\"https:\\\/\\\/mineraleslunallena.com\\\/producto\\\/cornalina-masivo-alivia-tensiones-energia-positiva\\\/\",\"url\":\"https:\\\/\\\/mineraleslunallena.com\\\/producto\\\/cornalina-masivo-alivia-tensiones-energia-positiva\\\/\",\"name\":\"Cornalina Masivo | Alivia Tensiones - Energ\u00eda Positiva - MINERALES LUNA LLENA\",\"isPartOf\":{\"@id\":\"https:\\\/\\\/mineraleslunallena.com\\\/#website\"},\"primaryImageOfPage\":{\"@id\":\"https:\\\/\\\/mineraleslunallena.com\\\/producto\\\/cornalina-masivo-alivia-tensiones-energia-positiva\\\/#primaryimage\"},\"image\":{\"@id\":\"https:\\\/\\\/mineraleslunallena.com\\\/producto\\\/cornalina-masivo-alivia-tensiones-energia-positiva\\\/#primaryimage\"},\"thumbnailUrl\":\"https:\\\/\\\/mineraleslunallena.com\\\/wp-content\\\/uploads\\\/2024\\\/02\\\/Cornalina-Masivo-scaled.jpg\",\"datePublished\":\"2024-02-25T17:44:46+00:00\",\"dateModified\":\"2025-02-25T17:07:49+00:00\",\"breadcrumb\":{\"@id\":\"https:\\\/\\\/mineraleslunallena.com\\\/producto\\\/cornalina-masivo-alivia-tensiones-energia-positiva\\\/#breadcrumb\"},\"inLanguage\":\"ca\",\"potentialAction\":[{\"@type\":\"ReadAction\",\"target\":[\"https:\\\/\\\/mineraleslunallena.com\\\/producto\\\/cornalina-masivo-alivia-tensiones-energia-positiva\\\/\"]}]},{\"@type\":\"ImageObject\",\"inLanguage\":\"ca\",\"@id\":\"https:\\\/\\\/mineraleslunallena.com\\\/producto\\\/cornalina-masivo-alivia-tensiones-energia-positiva\\\/#primaryimage\",\"url\":\"https:\\\/\\\/mineraleslunallena.com\\\/wp-content\\\/uploads\\\/2024\\\/02\\\/Cornalina-Masivo-scaled.jpg\",\"contentUrl\":\"https:\\\/\\\/mineraleslunallena.com\\\/wp-content\\\/uploads\\\/2024\\\/02\\\/Cornalina-Masivo-scaled.jpg\",\"width\":1920,\"height\":2560},{\"@type\":\"BreadcrumbList\",\"@id\":\"https:\\\/\\\/mineraleslunallena.com\\\/producto\\\/cornalina-masivo-alivia-tensiones-energia-positiva\\\/#breadcrumb\",\"itemListElement\":[{\"@type\":\"ListItem\",\"position\":1,\"name\":\"Portada\",\"item\":\"https:\\\/\\\/mineraleslunallena.com\\\/\"},{\"@type\":\"ListItem\",\"position\":2,\"name\":\"Shop\",\"item\":\"https:\\\/\\\/mineraleslunallena.com\\\/ca\\\/shop\\\/\"},{\"@type\":\"ListItem\",\"position\":3,\"name\":\"Cornalina Masivo | Alivia Tensiones &#8211; Energ\u00eda Positiva\"}]},{\"@type\":\"WebSite\",\"@id\":\"https:\\\/\\\/mineraleslunallena.com\\\/#website\",\"url\":\"https:\\\/\\\/mineraleslunallena.com\\\/\",\"name\":\"LUNA LLENA MINERALES\",\"description\":\"Es el momento de conectarte con tu propio poder y confiar en tus habilidades.\",\"publisher\":{\"@id\":\"https:\\\/\\\/mineraleslunallena.com\\\/#organization\"},\"potentialAction\":[{\"@type\":\"SearchAction\",\"target\":{\"@type\":\"EntryPoint\",\"urlTemplate\":\"https:\\\/\\\/mineraleslunallena.com\\\/?s={search_term_string}\"},\"query-input\":{\"@type\":\"PropertyValueSpecification\",\"valueRequired\":true,\"valueName\":\"search_term_string\"}}],\"inLanguage\":\"ca\"},{\"@type\":\"Organization\",\"@id\":\"https:\\\/\\\/mineraleslunallena.com\\\/#organization\",\"name\":\"LUNA LLENA MINERALES\",\"url\":\"https:\\\/\\\/mineraleslunallena.com\\\/\",\"logo\":{\"@type\":\"ImageObject\",\"inLanguage\":\"ca\",\"@id\":\"https:\\\/\\\/mineraleslunallena.com\\\/#\\\/schema\\\/logo\\\/image\\\/\",\"url\":\"https:\\\/\\\/mineraleslunallena.com\\\/wp-content\\\/uploads\\\/2023\\\/07\\\/LUNA-LLENA-LOGO-nuevo.png\",\"contentUrl\":\"https:\\\/\\\/mineraleslunallena.com\\\/wp-content\\\/uploads\\\/2023\\\/07\\\/LUNA-LLENA-LOGO-nuevo.png\",\"width\":229,\"height\":167,\"caption\":\"LUNA LLENA MINERALES\"},\"image\":{\"@id\":\"https:\\\/\\\/mineraleslunallena.com\\\/#\\\/schema\\\/logo\\\/image\\\/\"}}]}<\/script>\n<!-- \/ Yoast SEO plugin. -->","yoast_head_json":{"title":"Cornalina Masivo | Alivia Tensiones - Energ\u00eda Positiva - MINERALES LUNA LLENA","robots":{"index":"index","follow":"follow","max-snippet":"max-snippet:-1","max-image-preview":"max-image-preview:large","max-video-preview":"max-video-preview:-1"},"canonical":"https:\/\/mineraleslunallena.com\/ca\/producte\/cornalina-masivo-alivia-tensiones-energia-positiva\/","og_locale":"ca_ES","og_type":"article","og_title":"Cornalina Masivo | Alivia Tensiones - Energ\u00eda Positiva - MINERALES LUNA LLENA","og_description":"Descubre la cautivadora Cornalina, ahora disponible en nuestra tienda de minerales en l\u00ednea! Esta piedra vibrante, llena de tonos c\u00e1lidos, es la aliada perfecta para potenciar tu vitalidad y encender la pasi\u00f3n en cada aspecto de tu vida. En momentos de estr\u00e9s, act\u00faa como un b\u00e1lsamo, aliviando tensiones y promoviendo una mente clara. \u00dasala como tu amuleto para atraer energ\u00eda positiva y desatar tu creatividad con fuerza. Ll\u00e9vala contigo en situaciones decisivas para fortalecer tu confianza y superar desaf\u00edos con determinaci\u00f3n. Coloca la Cornalina cerca de tus chakras inferiores para equilibrar y activar el flujo de energ\u00eda vital en tu cuerpo. Est\u00e1 vinculada al chakra sacro, estimulando la creatividad y la expresi\u00f3n personal durante la meditaci\u00f3n.  Cantidad: 1 Unidad. El precio es por una unidad.  Tama\u00f1o: Entre 3 y 5 cent\u00edmetros aproximadamente.  Forma: Mineral Masivo.","og_url":"https:\/\/mineraleslunallena.com\/ca\/producte\/cornalina-masivo-alivia-tensiones-energia-positiva\/","og_site_name":"MINERALES LUNA LLENA","article_modified_time":"2025-02-25T17:07:49+00:00","og_image":[{"width":1920,"height":2560,"url":"https:\/\/mineraleslunallena.com\/wp-content\/uploads\/2024\/02\/Cornalina-Masivo-scaled.jpg","type":"image\/jpeg"}],"twitter_card":"summary_large_image","twitter_misc":{"Temps estimat de lectura":"1 minut"},"schema":{"@context":"https:\/\/schema.org","@graph":[{"@type":"WebPage","@id":"https:\/\/mineraleslunallena.com\/producto\/cornalina-masivo-alivia-tensiones-energia-positiva\/","url":"https:\/\/mineraleslunallena.com\/producto\/cornalina-masivo-alivia-tensiones-energia-positiva\/","name":"Cornalina Masivo | Alivia Tensiones - Energ\u00eda Positiva - MINERALES LUNA LLENA","isPartOf":{"@id":"https:\/\/mineraleslunallena.com\/#website"},"primaryImageOfPage":{"@id":"https:\/\/mineraleslunallena.com\/producto\/cornalina-masivo-alivia-tensiones-energia-positiva\/#primaryimage"},"image":{"@id":"https:\/\/mineraleslunallena.com\/producto\/cornalina-masivo-alivia-tensiones-energia-positiva\/#primaryimage"},"thumbnailUrl":"https:\/\/mineraleslunallena.com\/wp-content\/uploads\/2024\/02\/Cornalina-Masivo-scaled.jpg","datePublished":"2024-02-25T17:44:46+00:00","dateModified":"2025-02-25T17:07:49+00:00","breadcrumb":{"@id":"https:\/\/mineraleslunallena.com\/producto\/cornalina-masivo-alivia-tensiones-energia-positiva\/#breadcrumb"},"inLanguage":"ca","potentialAction":[{"@type":"ReadAction","target":["https:\/\/mineraleslunallena.com\/producto\/cornalina-masivo-alivia-tensiones-energia-positiva\/"]}]},{"@type":"ImageObject","inLanguage":"ca","@id":"https:\/\/mineraleslunallena.com\/producto\/cornalina-masivo-alivia-tensiones-energia-positiva\/#primaryimage","url":"https:\/\/mineraleslunallena.com\/wp-content\/uploads\/2024\/02\/Cornalina-Masivo-scaled.jpg","contentUrl":"https:\/\/mineraleslunallena.com\/wp-content\/uploads\/2024\/02\/Cornalina-Masivo-scaled.jpg","width":1920,"height":2560},{"@type":"BreadcrumbList","@id":"https:\/\/mineraleslunallena.com\/producto\/cornalina-masivo-alivia-tensiones-energia-positiva\/#breadcrumb","itemListElement":[{"@type":"ListItem","position":1,"name":"Portada","item":"https:\/\/mineraleslunallena.com\/"},{"@type":"ListItem","position":2,"name":"Shop","item":"https:\/\/mineraleslunallena.com\/ca\/shop\/"},{"@type":"ListItem","position":3,"name":"Cornalina Masivo | Alivia Tensiones &#8211; Energ\u00eda Positiva"}]},{"@type":"WebSite","@id":"https:\/\/mineraleslunallena.com\/#website","url":"https:\/\/mineraleslunallena.com\/","name":"LLUNA PLENA MINERALS","description":"\u00c9s el moment de connectar-te amb el teu poder i confiar en les teves habilitats.","publisher":{"@id":"https:\/\/mineraleslunallena.com\/#organization"},"potentialAction":[{"@type":"SearchAction","target":{"@type":"EntryPoint","urlTemplate":"https:\/\/mineraleslunallena.com\/?s={search_term_string}"},"query-input":{"@type":"PropertyValueSpecification","valueRequired":true,"valueName":"search_term_string"}}],"inLanguage":"ca"},{"@type":"Organization","@id":"https:\/\/mineraleslunallena.com\/#organization","name":"LLUNA PLENA MINERALS","url":"https:\/\/mineraleslunallena.com\/","logo":{"@type":"ImageObject","inLanguage":"ca","@id":"https:\/\/mineraleslunallena.com\/#\/schema\/logo\/image\/","url":"https:\/\/mineraleslunallena.com\/wp-content\/uploads\/2023\/07\/LUNA-LLENA-LOGO-nuevo.png","contentUrl":"https:\/\/mineraleslunallena.com\/wp-content\/uploads\/2023\/07\/LUNA-LLENA-LOGO-nuevo.png","width":229,"height":167,"caption":"LUNA LLENA MINERALES"},"image":{"@id":"https:\/\/mineraleslunallena.com\/#\/schema\/logo\/image\/"}}]}},"_links":{"self":[{"href":"https:\/\/mineraleslunallena.com\/ca\/wp-json\/wp\/v2\/product\/2340","targetHints":{"allow":["GET"]}}],"collection":[{"href":"https:\/\/mineraleslunallena.com\/ca\/wp-json\/wp\/v2\/product"}],"about":[{"href":"https:\/\/mineraleslunallena.com\/ca\/wp-json\/wp\/v2\/types\/product"}],"version-history":[{"count":3,"href":"https:\/\/mineraleslunallena.com\/ca\/wp-json\/wp\/v2\/product\/2340\/revisions"}],"predecessor-version":[{"id":3314,"href":"https:\/\/mineraleslunallena.com\/ca\/wp-json\/wp\/v2\/product\/2340\/revisions\/3314"}],"wp:featuredmedia":[{"embeddable":true,"href":"https:\/\/mineraleslunallena.com\/ca\/wp-json\/wp\/v2\/media\/2341"}],"wp:attachment":[{"href":"https:\/\/mineraleslunallena.com\/ca\/wp-json\/wp\/v2\/media?parent=2340"}],"wp:term":[{"taxonomy":"product_cat","embeddable":true,"href":"https:\/\/mineraleslunallena.com\/ca\/wp-json\/wp\/v2\/product_cat?post=2340"},{"taxonomy":"product_tag","embeddable":true,"href":"https:\/\/mineraleslunallena.com\/ca\/wp-json\/wp\/v2\/product_tag?post=2340"}],"curies":[{"name":"wp","href":"https:\/\/api.w.org\/{rel}","templated":true}]}}