{"id":2371,"date":"2024-02-25T19:14:01","date_gmt":"2024-02-25T18:14:01","guid":{"rendered":"https:\/\/mineraleslunallena.com\/?post_type=product&#038;p=2371"},"modified":"2024-03-20T23:18:15","modified_gmt":"2024-03-20T22:18:15","slug":"sodalita-masiva-habitos-autoestima","status":"publish","type":"product","link":"https:\/\/mineraleslunallena.com\/ca\/producte\/sodalita-masiva-habitos-autoestima\/","title":{"rendered":"Sodalita Masiva | H\u00e1bitos &#8211; Autoestima"},"content":{"rendered":"<p>Imagina la Sodalita, un mineral masivo que despierta la espiritualidad en tu ser. Al sostener esta piedra, sientes c\u00f3mo su energ\u00eda azul profundo te envuelve, abriendo las puertas de la percepci\u00f3n espiritual. Es como un portal a la conexi\u00f3n con tu intuici\u00f3n y sabidur\u00eda interior. Te permite acceder a niveles m\u00e1s elevados de conciencia. Fomenta la comunicaci\u00f3n espiritual, facilitando la expresi\u00f3n aut\u00e9ntica de tu verdad interior. Es un oc\u00e9ano de serenidad y claridad mental, liber\u00e1ndote de las limitaciones mentales. Te inspira a vivir desde el coraz\u00f3n, conect\u00e1ndote con tu prop\u00f3sito y gui\u00e1ndote hacia la autenticidad espiritual.<\/p>\n<p>Quantitat: 1 Unitat. El preu \u00e9s per una unitat.<\/p>\n<p>Tama\u00f1o: Entre 4 cm y 6 cm\u00a0 aproximadamente.<\/p>\n<p>Forma: Mineral Massiu.<\/p>","protected":false},"excerpt":{"rendered":"<p>Imagina la Sodalita, un mineral masivo que despierta la espiritualidad en tu ser. Al sostener esta piedra, sientes c\u00f3mo su energ\u00eda azul profundo te envuelve, abriendo las puertas de la percepci\u00f3n espiritual. Es como un portal a la conexi\u00f3n con tu intuici\u00f3n y sabidur\u00eda interior. Te permite acceder a niveles m\u00e1s elevados de conciencia. Fomenta la comunicaci\u00f3n espiritual, facilitando la expresi\u00f3n aut\u00e9ntica de tu verdad interior. Es un oc\u00e9ano de serenidad y claridad mental, liber\u00e1ndote de las limitaciones mentales. Te inspira a vivir desde el coraz\u00f3n, conect\u00e1ndote con tu prop\u00f3sito y gui\u00e1ndote hacia la autenticidad espiritual.<\/p>\n<p>Quantitat: 1 Unitat. El preu \u00e9s per una unitat.<\/p>\n<p>Tama\u00f1o: Entre 4 cm y 6 cm\u00a0 aproximadamente.<\/p>\n<p>Forma: Mineral Massiu.<\/p>","protected":false},"featured_media":3527,"template":"","meta":[],"product_cat":[15],"product_tag":[],"class_list":{"0":"post-2371","1":"product","2":"type-product","3":"status-publish","4":"has-post-thumbnail","6":"product_cat-uncategorized","8":"first","9":"instock","10":"sale","11":"taxable","12":"shipping-taxable","13":"purchasable","14":"product-type-simple"},"yoast_head":"<!-- This site is optimized with the Yoast SEO plugin v27.3 - https:\/\/yoast.com\/product\/yoast-seo-wordpress\/ -->\n<title>Sodalita Masiva | H\u00e1bitos - Autoestima - MINERALES LUNA LLENA<\/title>\n<meta name=\"robots\" content=\"index, follow, max-snippet:-1, max-image-preview:large, max-video-preview:-1\" \/>\n<link rel=\"canonical\" href=\"https:\/\/mineraleslunallena.com\/ca\/producte\/sodalita-masiva-habitos-autoestima\/\" \/>\n<meta property=\"og:locale\" content=\"ca_ES\" \/>\n<meta property=\"og:type\" content=\"article\" \/>\n<meta property=\"og:title\" content=\"Sodalita Masiva | H\u00e1bitos - Autoestima - MINERALES LUNA LLENA\" \/>\n<meta property=\"og:description\" content=\"Imagina la Sodalita, un mineral masivo que despierta la espiritualidad en tu ser. Al sostener esta piedra, sientes c\u00f3mo su energ\u00eda azul profundo te envuelve, abriendo las puertas de la percepci\u00f3n espiritual. Es como un portal a la conexi\u00f3n con tu intuici\u00f3n y sabidur\u00eda interior. Te permite acceder a niveles m\u00e1s elevados de conciencia. Fomenta la comunicaci\u00f3n espiritual, facilitando la expresi\u00f3n aut\u00e9ntica de tu verdad interior. Es un oc\u00e9ano de serenidad y claridad mental, liber\u00e1ndote de las limitaciones mentales. Te inspira a vivir desde el coraz\u00f3n, conect\u00e1ndote con tu prop\u00f3sito y gui\u00e1ndote hacia la autenticidad espiritual.  Cantidad: 1 Unidad. El precio es por una unidad.  Tama\u00f1o: Entre 4 cm y 6 cm\u00a0 aproximadamente.  Forma: Mineral Masivo.\" \/>\n<meta property=\"og:url\" content=\"https:\/\/mineraleslunallena.com\/ca\/producte\/sodalita-masiva-habitos-autoestima\/\" \/>\n<meta property=\"og:site_name\" content=\"MINERALES LUNA LLENA\" \/>\n<meta property=\"article:modified_time\" content=\"2024-03-20T22:18:15+00:00\" \/>\n<meta property=\"og:image\" content=\"https:\/\/mineraleslunallena.com\/wp-content\/uploads\/2024\/02\/IMG_20240319_183526-scaled.jpg\" \/>\n\t<meta property=\"og:image:width\" content=\"1920\" \/>\n\t<meta property=\"og:image:height\" content=\"2560\" \/>\n\t<meta property=\"og:image:type\" content=\"image\/jpeg\" \/>\n<meta name=\"twitter:card\" content=\"summary_large_image\" \/>\n<meta name=\"twitter:label1\" content=\"Temps estimat de lectura\" \/>\n\t<meta name=\"twitter:data1\" content=\"1 minut\" \/>\n<script type=\"application\/ld+json\" class=\"yoast-schema-graph\">{\"@context\":\"https:\\\/\\\/schema.org\",\"@graph\":[{\"@type\":\"WebPage\",\"@id\":\"https:\\\/\\\/mineraleslunallena.com\\\/producto\\\/sodalita-masiva-habitos-autoestima\\\/\",\"url\":\"https:\\\/\\\/mineraleslunallena.com\\\/producto\\\/sodalita-masiva-habitos-autoestima\\\/\",\"name\":\"Sodalita Masiva | H\u00e1bitos - Autoestima - MINERALES LUNA LLENA\",\"isPartOf\":{\"@id\":\"https:\\\/\\\/mineraleslunallena.com\\\/#website\"},\"primaryImageOfPage\":{\"@id\":\"https:\\\/\\\/mineraleslunallena.com\\\/producto\\\/sodalita-masiva-habitos-autoestima\\\/#primaryimage\"},\"image\":{\"@id\":\"https:\\\/\\\/mineraleslunallena.com\\\/producto\\\/sodalita-masiva-habitos-autoestima\\\/#primaryimage\"},\"thumbnailUrl\":\"https:\\\/\\\/mineraleslunallena.com\\\/wp-content\\\/uploads\\\/2024\\\/02\\\/IMG_20240319_183526-scaled.jpg\",\"datePublished\":\"2024-02-25T18:14:01+00:00\",\"dateModified\":\"2024-03-20T22:18:15+00:00\",\"breadcrumb\":{\"@id\":\"https:\\\/\\\/mineraleslunallena.com\\\/producto\\\/sodalita-masiva-habitos-autoestima\\\/#breadcrumb\"},\"inLanguage\":\"ca\",\"potentialAction\":[{\"@type\":\"ReadAction\",\"target\":[\"https:\\\/\\\/mineraleslunallena.com\\\/producto\\\/sodalita-masiva-habitos-autoestima\\\/\"]}]},{\"@type\":\"ImageObject\",\"inLanguage\":\"ca\",\"@id\":\"https:\\\/\\\/mineraleslunallena.com\\\/producto\\\/sodalita-masiva-habitos-autoestima\\\/#primaryimage\",\"url\":\"https:\\\/\\\/mineraleslunallena.com\\\/wp-content\\\/uploads\\\/2024\\\/02\\\/IMG_20240319_183526-scaled.jpg\",\"contentUrl\":\"https:\\\/\\\/mineraleslunallena.com\\\/wp-content\\\/uploads\\\/2024\\\/02\\\/IMG_20240319_183526-scaled.jpg\",\"width\":1920,\"height\":2560},{\"@type\":\"BreadcrumbList\",\"@id\":\"https:\\\/\\\/mineraleslunallena.com\\\/producto\\\/sodalita-masiva-habitos-autoestima\\\/#breadcrumb\",\"itemListElement\":[{\"@type\":\"ListItem\",\"position\":1,\"name\":\"Portada\",\"item\":\"https:\\\/\\\/mineraleslunallena.com\\\/\"},{\"@type\":\"ListItem\",\"position\":2,\"name\":\"Shop\",\"item\":\"https:\\\/\\\/mineraleslunallena.com\\\/ca\\\/shop\\\/\"},{\"@type\":\"ListItem\",\"position\":3,\"name\":\"Sodalita Masiva | H\u00e1bitos &#8211; Autoestima\"}]},{\"@type\":\"WebSite\",\"@id\":\"https:\\\/\\\/mineraleslunallena.com\\\/#website\",\"url\":\"https:\\\/\\\/mineraleslunallena.com\\\/\",\"name\":\"LUNA LLENA MINERALES\",\"description\":\"Es el momento de conectarte con tu propio poder y confiar en tus habilidades.\",\"publisher\":{\"@id\":\"https:\\\/\\\/mineraleslunallena.com\\\/#organization\"},\"potentialAction\":[{\"@type\":\"SearchAction\",\"target\":{\"@type\":\"EntryPoint\",\"urlTemplate\":\"https:\\\/\\\/mineraleslunallena.com\\\/?s={search_term_string}\"},\"query-input\":{\"@type\":\"PropertyValueSpecification\",\"valueRequired\":true,\"valueName\":\"search_term_string\"}}],\"inLanguage\":\"ca\"},{\"@type\":\"Organization\",\"@id\":\"https:\\\/\\\/mineraleslunallena.com\\\/#organization\",\"name\":\"LUNA LLENA MINERALES\",\"url\":\"https:\\\/\\\/mineraleslunallena.com\\\/\",\"logo\":{\"@type\":\"ImageObject\",\"inLanguage\":\"ca\",\"@id\":\"https:\\\/\\\/mineraleslunallena.com\\\/#\\\/schema\\\/logo\\\/image\\\/\",\"url\":\"https:\\\/\\\/mineraleslunallena.com\\\/wp-content\\\/uploads\\\/2023\\\/07\\\/LUNA-LLENA-LOGO-nuevo.png\",\"contentUrl\":\"https:\\\/\\\/mineraleslunallena.com\\\/wp-content\\\/uploads\\\/2023\\\/07\\\/LUNA-LLENA-LOGO-nuevo.png\",\"width\":229,\"height\":167,\"caption\":\"LUNA LLENA MINERALES\"},\"image\":{\"@id\":\"https:\\\/\\\/mineraleslunallena.com\\\/#\\\/schema\\\/logo\\\/image\\\/\"}}]}<\/script>\n<!-- \/ Yoast SEO plugin. -->","yoast_head_json":{"title":"Sodalita Masiva | H\u00e1bitos - Autoestima - MINERALES LUNA LLENA","robots":{"index":"index","follow":"follow","max-snippet":"max-snippet:-1","max-image-preview":"max-image-preview:large","max-video-preview":"max-video-preview:-1"},"canonical":"https:\/\/mineraleslunallena.com\/ca\/producte\/sodalita-masiva-habitos-autoestima\/","og_locale":"ca_ES","og_type":"article","og_title":"Sodalita Masiva | H\u00e1bitos - Autoestima - MINERALES LUNA LLENA","og_description":"Imagina la Sodalita, un mineral masivo que despierta la espiritualidad en tu ser. Al sostener esta piedra, sientes c\u00f3mo su energ\u00eda azul profundo te envuelve, abriendo las puertas de la percepci\u00f3n espiritual. Es como un portal a la conexi\u00f3n con tu intuici\u00f3n y sabidur\u00eda interior. Te permite acceder a niveles m\u00e1s elevados de conciencia. Fomenta la comunicaci\u00f3n espiritual, facilitando la expresi\u00f3n aut\u00e9ntica de tu verdad interior. Es un oc\u00e9ano de serenidad y claridad mental, liber\u00e1ndote de las limitaciones mentales. Te inspira a vivir desde el coraz\u00f3n, conect\u00e1ndote con tu prop\u00f3sito y gui\u00e1ndote hacia la autenticidad espiritual.  Cantidad: 1 Unidad. El precio es por una unidad.  Tama\u00f1o: Entre 4 cm y 6 cm\u00a0 aproximadamente.  Forma: Mineral Masivo.","og_url":"https:\/\/mineraleslunallena.com\/ca\/producte\/sodalita-masiva-habitos-autoestima\/","og_site_name":"MINERALES LUNA LLENA","article_modified_time":"2024-03-20T22:18:15+00:00","og_image":[{"width":1920,"height":2560,"url":"https:\/\/mineraleslunallena.com\/wp-content\/uploads\/2024\/02\/IMG_20240319_183526-scaled.jpg","type":"image\/jpeg"}],"twitter_card":"summary_large_image","twitter_misc":{"Temps estimat de lectura":"1 minut"},"schema":{"@context":"https:\/\/schema.org","@graph":[{"@type":"WebPage","@id":"https:\/\/mineraleslunallena.com\/producto\/sodalita-masiva-habitos-autoestima\/","url":"https:\/\/mineraleslunallena.com\/producto\/sodalita-masiva-habitos-autoestima\/","name":"Sodalita Masiva | H\u00e1bitos - Autoestima - MINERALES LUNA LLENA","isPartOf":{"@id":"https:\/\/mineraleslunallena.com\/#website"},"primaryImageOfPage":{"@id":"https:\/\/mineraleslunallena.com\/producto\/sodalita-masiva-habitos-autoestima\/#primaryimage"},"image":{"@id":"https:\/\/mineraleslunallena.com\/producto\/sodalita-masiva-habitos-autoestima\/#primaryimage"},"thumbnailUrl":"https:\/\/mineraleslunallena.com\/wp-content\/uploads\/2024\/02\/IMG_20240319_183526-scaled.jpg","datePublished":"2024-02-25T18:14:01+00:00","dateModified":"2024-03-20T22:18:15+00:00","breadcrumb":{"@id":"https:\/\/mineraleslunallena.com\/producto\/sodalita-masiva-habitos-autoestima\/#breadcrumb"},"inLanguage":"ca","potentialAction":[{"@type":"ReadAction","target":["https:\/\/mineraleslunallena.com\/producto\/sodalita-masiva-habitos-autoestima\/"]}]},{"@type":"ImageObject","inLanguage":"ca","@id":"https:\/\/mineraleslunallena.com\/producto\/sodalita-masiva-habitos-autoestima\/#primaryimage","url":"https:\/\/mineraleslunallena.com\/wp-content\/uploads\/2024\/02\/IMG_20240319_183526-scaled.jpg","contentUrl":"https:\/\/mineraleslunallena.com\/wp-content\/uploads\/2024\/02\/IMG_20240319_183526-scaled.jpg","width":1920,"height":2560},{"@type":"BreadcrumbList","@id":"https:\/\/mineraleslunallena.com\/producto\/sodalita-masiva-habitos-autoestima\/#breadcrumb","itemListElement":[{"@type":"ListItem","position":1,"name":"Portada","item":"https:\/\/mineraleslunallena.com\/"},{"@type":"ListItem","position":2,"name":"Shop","item":"https:\/\/mineraleslunallena.com\/ca\/shop\/"},{"@type":"ListItem","position":3,"name":"Sodalita Masiva | H\u00e1bitos &#8211; Autoestima"}]},{"@type":"WebSite","@id":"https:\/\/mineraleslunallena.com\/#website","url":"https:\/\/mineraleslunallena.com\/","name":"LLUNA PLENA MINERALS","description":"\u00c9s el moment de connectar-te amb el teu poder i confiar en les teves habilitats.","publisher":{"@id":"https:\/\/mineraleslunallena.com\/#organization"},"potentialAction":[{"@type":"SearchAction","target":{"@type":"EntryPoint","urlTemplate":"https:\/\/mineraleslunallena.com\/?s={search_term_string}"},"query-input":{"@type":"PropertyValueSpecification","valueRequired":true,"valueName":"search_term_string"}}],"inLanguage":"ca"},{"@type":"Organization","@id":"https:\/\/mineraleslunallena.com\/#organization","name":"LLUNA PLENA MINERALS","url":"https:\/\/mineraleslunallena.com\/","logo":{"@type":"ImageObject","inLanguage":"ca","@id":"https:\/\/mineraleslunallena.com\/#\/schema\/logo\/image\/","url":"https:\/\/mineraleslunallena.com\/wp-content\/uploads\/2023\/07\/LUNA-LLENA-LOGO-nuevo.png","contentUrl":"https:\/\/mineraleslunallena.com\/wp-content\/uploads\/2023\/07\/LUNA-LLENA-LOGO-nuevo.png","width":229,"height":167,"caption":"LUNA LLENA MINERALES"},"image":{"@id":"https:\/\/mineraleslunallena.com\/#\/schema\/logo\/image\/"}}]}},"jetpack_sharing_enabled":true,"_links":{"self":[{"href":"https:\/\/mineraleslunallena.com\/ca\/wp-json\/wp\/v2\/product\/2371","targetHints":{"allow":["GET"]}}],"collection":[{"href":"https:\/\/mineraleslunallena.com\/ca\/wp-json\/wp\/v2\/product"}],"about":[{"href":"https:\/\/mineraleslunallena.com\/ca\/wp-json\/wp\/v2\/types\/product"}],"version-history":[{"count":5,"href":"https:\/\/mineraleslunallena.com\/ca\/wp-json\/wp\/v2\/product\/2371\/revisions"}],"predecessor-version":[{"id":3309,"href":"https:\/\/mineraleslunallena.com\/ca\/wp-json\/wp\/v2\/product\/2371\/revisions\/3309"}],"wp:featuredmedia":[{"embeddable":true,"href":"https:\/\/mineraleslunallena.com\/ca\/wp-json\/wp\/v2\/media\/3527"}],"wp:attachment":[{"href":"https:\/\/mineraleslunallena.com\/ca\/wp-json\/wp\/v2\/media?parent=2371"}],"wp:term":[{"taxonomy":"product_cat","embeddable":true,"href":"https:\/\/mineraleslunallena.com\/ca\/wp-json\/wp\/v2\/product_cat?post=2371"},{"taxonomy":"product_tag","embeddable":true,"href":"https:\/\/mineraleslunallena.com\/ca\/wp-json\/wp\/v2\/product_tag?post=2371"}],"curies":[{"name":"wp","href":"https:\/\/api.w.org\/{rel}","templated":true}]}}