{"id":2375,"date":"2024-02-25T19:20:13","date_gmt":"2024-02-25T18:20:13","guid":{"rendered":"https:\/\/mineraleslunallena.com\/?post_type=product&#038;p=2375"},"modified":"2024-09-02T22:52:53","modified_gmt":"2024-09-02T20:52:53","slug":"hematita-masivo-disuelve-energias-negativas-seguridad","status":"publish","type":"product","link":"https:\/\/mineraleslunallena.com\/ca\/producte\/hematita-masivo-disuelve-energias-negativas-seguridad\/","title":{"rendered":"Hematita Masivo | Disuelve Energ\u00edas Negativas &#8211; Seguridad"},"content":{"rendered":"<p>La Hematita, ancla tu ser en la tierra y te conecta con la fortaleza espiritual. Su energ\u00eda magn\u00e9tica te envuelve, creando un escudo protector que disuelve las energ\u00edas negativas. Es como un guerrero espiritual que te brinda estabilidad y seguridad. Te permite enfrentar desaf\u00edos con coraje y determinaci\u00f3n. Equilibra y alinea los chakras, crea una armon\u00eda entre tu cuerpo, mente y esp\u00edritu. Experimentas una renovaci\u00f3n espiritual, liber\u00e1ndote de cargas emocionales y conect\u00e1ndote con tu poder interior. Este mineral espiritual te ayuda a manifestar tus metas, proporcion\u00e1ndote una base s\u00f3lida para construir tus sue\u00f1os.<\/p>\n<p>Quantitat: 1 Unitat. El preu \u00e9s per una unitat.<\/p>\n<p>Tama\u00f1o: Entre 4 y 5 cent\u00edmetros aproximadamente.<\/p>\n<p>Forma: Mineral Massiu.<\/p>","protected":false},"excerpt":{"rendered":"<p>La Hematita, ancla tu ser en la tierra y te conecta con la fortaleza espiritual. Su energ\u00eda magn\u00e9tica te envuelve, creando un escudo protector que disuelve las energ\u00edas negativas. Es como un guerrero espiritual que te brinda estabilidad y seguridad. Te permite enfrentar desaf\u00edos con coraje y determinaci\u00f3n. Equilibra y alinea los chakras, crea una armon\u00eda entre tu cuerpo, mente y esp\u00edritu. Experimentas una renovaci\u00f3n espiritual, liber\u00e1ndote de cargas emocionales y conect\u00e1ndote con tu poder interior. Este mineral espiritual te ayuda a manifestar tus metas, proporcion\u00e1ndote una base s\u00f3lida para construir tus sue\u00f1os.<\/p>\n<p>Quantitat: 1 Unitat. El preu \u00e9s per una unitat.<\/p>\n<p>Tama\u00f1o: Entre 4 y 5 cent\u00edmetros aproximadamente.<\/p>\n<p>Forma: Mineral Massiu.<\/p>","protected":false},"featured_media":2376,"template":"","meta":[],"product_cat":[72,69],"product_tag":[],"class_list":{"0":"post-2375","1":"product","2":"type-product","3":"status-publish","4":"has-post-thumbnail","6":"product_cat-masivos","7":"product_cat-minerales","9":"first","10":"instock","11":"sale","12":"taxable","13":"shipping-taxable","14":"purchasable","15":"product-type-simple"},"yoast_head":"<!-- This site is optimized with the Yoast SEO plugin v27.3 - https:\/\/yoast.com\/product\/yoast-seo-wordpress\/ -->\n<title>Hematita Masivo | Disuelve Energ\u00edas Negativas - Seguridad - MINERALES LUNA LLENA<\/title>\n<meta name=\"robots\" content=\"index, follow, max-snippet:-1, max-image-preview:large, max-video-preview:-1\" \/>\n<link rel=\"canonical\" href=\"https:\/\/mineraleslunallena.com\/ca\/producte\/hematita-masivo-disuelve-energias-negativas-seguridad\/\" \/>\n<meta property=\"og:locale\" content=\"ca_ES\" \/>\n<meta property=\"og:type\" content=\"article\" \/>\n<meta property=\"og:title\" content=\"Hematita Masivo | Disuelve Energ\u00edas Negativas - Seguridad - MINERALES LUNA LLENA\" \/>\n<meta property=\"og:description\" content=\"La Hematita, ancla tu ser en la tierra y te conecta con la fortaleza espiritual. Su energ\u00eda magn\u00e9tica te envuelve, creando un escudo protector que disuelve las energ\u00edas negativas. Es como un guerrero espiritual que te brinda estabilidad y seguridad. Te permite enfrentar desaf\u00edos con coraje y determinaci\u00f3n. Equilibra y alinea los chakras, crea una armon\u00eda entre tu cuerpo, mente y esp\u00edritu. Experimentas una renovaci\u00f3n espiritual, liber\u00e1ndote de cargas emocionales y conect\u00e1ndote con tu poder interior. Este mineral espiritual te ayuda a manifestar tus metas, proporcion\u00e1ndote una base s\u00f3lida para construir tus sue\u00f1os.  Cantidad: 1 Unidad. El precio es por una unidad.  Tama\u00f1o: Entre 4 y 5 cent\u00edmetros aproximadamente.  Forma: Mineral Masivo.\" \/>\n<meta property=\"og:url\" content=\"https:\/\/mineraleslunallena.com\/ca\/producte\/hematita-masivo-disuelve-energias-negativas-seguridad\/\" \/>\n<meta property=\"og:site_name\" content=\"MINERALES LUNA LLENA\" \/>\n<meta property=\"article:modified_time\" content=\"2024-09-02T20:52:53+00:00\" \/>\n<meta property=\"og:image\" content=\"https:\/\/mineraleslunallena.com\/wp-content\/uploads\/2024\/02\/Hematita-Masivo--scaled.jpg\" \/>\n\t<meta property=\"og:image:width\" content=\"1920\" \/>\n\t<meta property=\"og:image:height\" content=\"2560\" \/>\n\t<meta property=\"og:image:type\" content=\"image\/jpeg\" \/>\n<meta name=\"twitter:card\" content=\"summary_large_image\" \/>\n<meta name=\"twitter:label1\" content=\"Temps estimat de lectura\" \/>\n\t<meta name=\"twitter:data1\" content=\"1 minut\" \/>\n<script type=\"application\/ld+json\" class=\"yoast-schema-graph\">{\"@context\":\"https:\\\/\\\/schema.org\",\"@graph\":[{\"@type\":\"WebPage\",\"@id\":\"https:\\\/\\\/mineraleslunallena.com\\\/producto\\\/hematita-masivo-disuelve-energias-negativas-seguridad\\\/\",\"url\":\"https:\\\/\\\/mineraleslunallena.com\\\/producto\\\/hematita-masivo-disuelve-energias-negativas-seguridad\\\/\",\"name\":\"Hematita Masivo | Disuelve Energ\u00edas Negativas - Seguridad - MINERALES LUNA LLENA\",\"isPartOf\":{\"@id\":\"https:\\\/\\\/mineraleslunallena.com\\\/#website\"},\"primaryImageOfPage\":{\"@id\":\"https:\\\/\\\/mineraleslunallena.com\\\/producto\\\/hematita-masivo-disuelve-energias-negativas-seguridad\\\/#primaryimage\"},\"image\":{\"@id\":\"https:\\\/\\\/mineraleslunallena.com\\\/producto\\\/hematita-masivo-disuelve-energias-negativas-seguridad\\\/#primaryimage\"},\"thumbnailUrl\":\"https:\\\/\\\/mineraleslunallena.com\\\/wp-content\\\/uploads\\\/2024\\\/02\\\/Hematita-Masivo--scaled.jpg\",\"datePublished\":\"2024-02-25T18:20:13+00:00\",\"dateModified\":\"2024-09-02T20:52:53+00:00\",\"breadcrumb\":{\"@id\":\"https:\\\/\\\/mineraleslunallena.com\\\/producto\\\/hematita-masivo-disuelve-energias-negativas-seguridad\\\/#breadcrumb\"},\"inLanguage\":\"ca\",\"potentialAction\":[{\"@type\":\"ReadAction\",\"target\":[\"https:\\\/\\\/mineraleslunallena.com\\\/producto\\\/hematita-masivo-disuelve-energias-negativas-seguridad\\\/\"]}]},{\"@type\":\"ImageObject\",\"inLanguage\":\"ca\",\"@id\":\"https:\\\/\\\/mineraleslunallena.com\\\/producto\\\/hematita-masivo-disuelve-energias-negativas-seguridad\\\/#primaryimage\",\"url\":\"https:\\\/\\\/mineraleslunallena.com\\\/wp-content\\\/uploads\\\/2024\\\/02\\\/Hematita-Masivo--scaled.jpg\",\"contentUrl\":\"https:\\\/\\\/mineraleslunallena.com\\\/wp-content\\\/uploads\\\/2024\\\/02\\\/Hematita-Masivo--scaled.jpg\",\"width\":1920,\"height\":2560},{\"@type\":\"BreadcrumbList\",\"@id\":\"https:\\\/\\\/mineraleslunallena.com\\\/producto\\\/hematita-masivo-disuelve-energias-negativas-seguridad\\\/#breadcrumb\",\"itemListElement\":[{\"@type\":\"ListItem\",\"position\":1,\"name\":\"Portada\",\"item\":\"https:\\\/\\\/mineraleslunallena.com\\\/\"},{\"@type\":\"ListItem\",\"position\":2,\"name\":\"Shop\",\"item\":\"https:\\\/\\\/mineraleslunallena.com\\\/ca\\\/shop\\\/\"},{\"@type\":\"ListItem\",\"position\":3,\"name\":\"Hematita Masivo | Disuelve Energ\u00edas Negativas &#8211; Seguridad\"}]},{\"@type\":\"WebSite\",\"@id\":\"https:\\\/\\\/mineraleslunallena.com\\\/#website\",\"url\":\"https:\\\/\\\/mineraleslunallena.com\\\/\",\"name\":\"LUNA LLENA MINERALES\",\"description\":\"Es el momento de conectarte con tu propio poder y confiar en tus habilidades.\",\"publisher\":{\"@id\":\"https:\\\/\\\/mineraleslunallena.com\\\/#organization\"},\"potentialAction\":[{\"@type\":\"SearchAction\",\"target\":{\"@type\":\"EntryPoint\",\"urlTemplate\":\"https:\\\/\\\/mineraleslunallena.com\\\/?s={search_term_string}\"},\"query-input\":{\"@type\":\"PropertyValueSpecification\",\"valueRequired\":true,\"valueName\":\"search_term_string\"}}],\"inLanguage\":\"ca\"},{\"@type\":\"Organization\",\"@id\":\"https:\\\/\\\/mineraleslunallena.com\\\/#organization\",\"name\":\"LUNA LLENA MINERALES\",\"url\":\"https:\\\/\\\/mineraleslunallena.com\\\/\",\"logo\":{\"@type\":\"ImageObject\",\"inLanguage\":\"ca\",\"@id\":\"https:\\\/\\\/mineraleslunallena.com\\\/#\\\/schema\\\/logo\\\/image\\\/\",\"url\":\"https:\\\/\\\/mineraleslunallena.com\\\/wp-content\\\/uploads\\\/2023\\\/07\\\/LUNA-LLENA-LOGO-nuevo.png\",\"contentUrl\":\"https:\\\/\\\/mineraleslunallena.com\\\/wp-content\\\/uploads\\\/2023\\\/07\\\/LUNA-LLENA-LOGO-nuevo.png\",\"width\":229,\"height\":167,\"caption\":\"LUNA LLENA MINERALES\"},\"image\":{\"@id\":\"https:\\\/\\\/mineraleslunallena.com\\\/#\\\/schema\\\/logo\\\/image\\\/\"}}]}<\/script>\n<!-- \/ Yoast SEO plugin. -->","yoast_head_json":{"title":"Hematita Masivo | Disuelve Energ\u00edas Negativas - Seguridad - MINERALES LUNA LLENA","robots":{"index":"index","follow":"follow","max-snippet":"max-snippet:-1","max-image-preview":"max-image-preview:large","max-video-preview":"max-video-preview:-1"},"canonical":"https:\/\/mineraleslunallena.com\/ca\/producte\/hematita-masivo-disuelve-energias-negativas-seguridad\/","og_locale":"ca_ES","og_type":"article","og_title":"Hematita Masivo | Disuelve Energ\u00edas Negativas - Seguridad - MINERALES LUNA LLENA","og_description":"La Hematita, ancla tu ser en la tierra y te conecta con la fortaleza espiritual. Su energ\u00eda magn\u00e9tica te envuelve, creando un escudo protector que disuelve las energ\u00edas negativas. Es como un guerrero espiritual que te brinda estabilidad y seguridad. Te permite enfrentar desaf\u00edos con coraje y determinaci\u00f3n. Equilibra y alinea los chakras, crea una armon\u00eda entre tu cuerpo, mente y esp\u00edritu. Experimentas una renovaci\u00f3n espiritual, liber\u00e1ndote de cargas emocionales y conect\u00e1ndote con tu poder interior. Este mineral espiritual te ayuda a manifestar tus metas, proporcion\u00e1ndote una base s\u00f3lida para construir tus sue\u00f1os.  Cantidad: 1 Unidad. El precio es por una unidad.  Tama\u00f1o: Entre 4 y 5 cent\u00edmetros aproximadamente.  Forma: Mineral Masivo.","og_url":"https:\/\/mineraleslunallena.com\/ca\/producte\/hematita-masivo-disuelve-energias-negativas-seguridad\/","og_site_name":"MINERALES LUNA LLENA","article_modified_time":"2024-09-02T20:52:53+00:00","og_image":[{"width":1920,"height":2560,"url":"https:\/\/mineraleslunallena.com\/wp-content\/uploads\/2024\/02\/Hematita-Masivo--scaled.jpg","type":"image\/jpeg"}],"twitter_card":"summary_large_image","twitter_misc":{"Temps estimat de lectura":"1 minut"},"schema":{"@context":"https:\/\/schema.org","@graph":[{"@type":"WebPage","@id":"https:\/\/mineraleslunallena.com\/producto\/hematita-masivo-disuelve-energias-negativas-seguridad\/","url":"https:\/\/mineraleslunallena.com\/producto\/hematita-masivo-disuelve-energias-negativas-seguridad\/","name":"Hematita Masivo | Disuelve Energ\u00edas Negativas - Seguridad - MINERALES LUNA LLENA","isPartOf":{"@id":"https:\/\/mineraleslunallena.com\/#website"},"primaryImageOfPage":{"@id":"https:\/\/mineraleslunallena.com\/producto\/hematita-masivo-disuelve-energias-negativas-seguridad\/#primaryimage"},"image":{"@id":"https:\/\/mineraleslunallena.com\/producto\/hematita-masivo-disuelve-energias-negativas-seguridad\/#primaryimage"},"thumbnailUrl":"https:\/\/mineraleslunallena.com\/wp-content\/uploads\/2024\/02\/Hematita-Masivo--scaled.jpg","datePublished":"2024-02-25T18:20:13+00:00","dateModified":"2024-09-02T20:52:53+00:00","breadcrumb":{"@id":"https:\/\/mineraleslunallena.com\/producto\/hematita-masivo-disuelve-energias-negativas-seguridad\/#breadcrumb"},"inLanguage":"ca","potentialAction":[{"@type":"ReadAction","target":["https:\/\/mineraleslunallena.com\/producto\/hematita-masivo-disuelve-energias-negativas-seguridad\/"]}]},{"@type":"ImageObject","inLanguage":"ca","@id":"https:\/\/mineraleslunallena.com\/producto\/hematita-masivo-disuelve-energias-negativas-seguridad\/#primaryimage","url":"https:\/\/mineraleslunallena.com\/wp-content\/uploads\/2024\/02\/Hematita-Masivo--scaled.jpg","contentUrl":"https:\/\/mineraleslunallena.com\/wp-content\/uploads\/2024\/02\/Hematita-Masivo--scaled.jpg","width":1920,"height":2560},{"@type":"BreadcrumbList","@id":"https:\/\/mineraleslunallena.com\/producto\/hematita-masivo-disuelve-energias-negativas-seguridad\/#breadcrumb","itemListElement":[{"@type":"ListItem","position":1,"name":"Portada","item":"https:\/\/mineraleslunallena.com\/"},{"@type":"ListItem","position":2,"name":"Shop","item":"https:\/\/mineraleslunallena.com\/ca\/shop\/"},{"@type":"ListItem","position":3,"name":"Hematita Masivo | Disuelve Energ\u00edas Negativas &#8211; Seguridad"}]},{"@type":"WebSite","@id":"https:\/\/mineraleslunallena.com\/#website","url":"https:\/\/mineraleslunallena.com\/","name":"LLUNA PLENA MINERALS","description":"\u00c9s el moment de connectar-te amb el teu poder i confiar en les teves habilitats.","publisher":{"@id":"https:\/\/mineraleslunallena.com\/#organization"},"potentialAction":[{"@type":"SearchAction","target":{"@type":"EntryPoint","urlTemplate":"https:\/\/mineraleslunallena.com\/?s={search_term_string}"},"query-input":{"@type":"PropertyValueSpecification","valueRequired":true,"valueName":"search_term_string"}}],"inLanguage":"ca"},{"@type":"Organization","@id":"https:\/\/mineraleslunallena.com\/#organization","name":"LLUNA PLENA MINERALS","url":"https:\/\/mineraleslunallena.com\/","logo":{"@type":"ImageObject","inLanguage":"ca","@id":"https:\/\/mineraleslunallena.com\/#\/schema\/logo\/image\/","url":"https:\/\/mineraleslunallena.com\/wp-content\/uploads\/2023\/07\/LUNA-LLENA-LOGO-nuevo.png","contentUrl":"https:\/\/mineraleslunallena.com\/wp-content\/uploads\/2023\/07\/LUNA-LLENA-LOGO-nuevo.png","width":229,"height":167,"caption":"LUNA LLENA MINERALES"},"image":{"@id":"https:\/\/mineraleslunallena.com\/#\/schema\/logo\/image\/"}}]}},"jetpack_sharing_enabled":true,"_links":{"self":[{"href":"https:\/\/mineraleslunallena.com\/ca\/wp-json\/wp\/v2\/product\/2375","targetHints":{"allow":["GET"]}}],"collection":[{"href":"https:\/\/mineraleslunallena.com\/ca\/wp-json\/wp\/v2\/product"}],"about":[{"href":"https:\/\/mineraleslunallena.com\/ca\/wp-json\/wp\/v2\/types\/product"}],"version-history":[{"count":3,"href":"https:\/\/mineraleslunallena.com\/ca\/wp-json\/wp\/v2\/product\/2375\/revisions"}],"predecessor-version":[{"id":3308,"href":"https:\/\/mineraleslunallena.com\/ca\/wp-json\/wp\/v2\/product\/2375\/revisions\/3308"}],"wp:featuredmedia":[{"embeddable":true,"href":"https:\/\/mineraleslunallena.com\/ca\/wp-json\/wp\/v2\/media\/2376"}],"wp:attachment":[{"href":"https:\/\/mineraleslunallena.com\/ca\/wp-json\/wp\/v2\/media?parent=2375"}],"wp:term":[{"taxonomy":"product_cat","embeddable":true,"href":"https:\/\/mineraleslunallena.com\/ca\/wp-json\/wp\/v2\/product_cat?post=2375"},{"taxonomy":"product_tag","embeddable":true,"href":"https:\/\/mineraleslunallena.com\/ca\/wp-json\/wp\/v2\/product_tag?post=2375"}],"curies":[{"name":"wp","href":"https:\/\/api.w.org\/{rel}","templated":true}]}}