{"id":2454,"date":"2024-03-08T14:05:31","date_gmt":"2024-03-08T13:05:31","guid":{"rendered":"https:\/\/mineraleslunallena.com\/?post_type=product&#038;p=2454"},"modified":"2024-03-19T17:19:36","modified_gmt":"2024-03-19T16:19:36","slug":"punta-generadora-labradorita","status":"publish","type":"product","link":"https:\/\/mineraleslunallena.com\/ca\/producte\/punta-generadora-labradorita\/","title":{"rendered":"Punta Generadora Labradorita |  Intuici\u00f3n &#8211; Comprensi\u00f3n"},"content":{"rendered":"<p>La Punta Generadora de Labradorita, amplifica la intuici\u00f3n y protege contra energ\u00edas negativas. Estimula los chakras superiores, especialmente el tercer ojo y el coronal, facilitando la conexi\u00f3n con dimensiones superiores y lo m\u00edstico. Contribuye al despertar de la conciencia y al entendimiento de la verdad espiritual. Act\u00faa como un escudo energ\u00e9tico, promoviendo un campo energ\u00e9tico equilibrado y claro. Su energ\u00eda armonizante alinea los chakras y favorece una circulaci\u00f3n positiva de energ\u00eda en el cuerpo.<\/p>\n<p>Las Puntas generadoras son cristales amplificadores.<br \/>\nGracias a esta forma su energ\u00eda aumenta y se transmite a su alrededor.<\/p>\n<p>Quantitat: 1 Unitat. El preu \u00e9s per una unitat.<\/p>\n<p>Grand\u00e0ria: Entre 7 i 8 cent\u00edmetres aproximadament.<\/p>\n<p>Forma: Punta Generadora.<\/p>","protected":false},"excerpt":{"rendered":"<p>La Punta Generadora de Labradorita, amplifica la intuici\u00f3n y protege contra energ\u00edas negativas. Estimula los chakras superiores, especialmente el tercer ojo y el coronal, facilitando la conexi\u00f3n con dimensiones superiores y lo m\u00edstico. Contribuye al despertar de la conciencia y al entendimiento de la verdad espiritual. Act\u00faa como un escudo energ\u00e9tico, promoviendo un campo energ\u00e9tico equilibrado y claro. Su energ\u00eda armonizante alinea los chakras y favorece una circulaci\u00f3n positiva de energ\u00eda en el cuerpo.<\/p>\n<p>Las Puntas generadoras son cristales amplificadores.<br \/>\nGracias a esta forma su energ\u00eda aumenta y se transmite a su alrededor.<\/p>\n<p>Quantitat: 1 Unitat. El preu \u00e9s per una unitat.<\/p>\n<p>Grand\u00e0ria: Entre 7 i 8 cent\u00edmetres aproximadament.<\/p>\n<p>Forma: Punta Generadora.<\/p>","protected":false},"featured_media":0,"template":"","meta":[],"product_cat":[74,69],"product_tag":[],"class_list":{"0":"post-2454","1":"product","2":"type-product","3":"status-publish","5":"product_cat-generadores-y-puntas","6":"product_cat-minerales","8":"first","9":"instock","10":"sale","11":"taxable","12":"shipping-taxable","13":"purchasable","14":"product-type-simple"},"yoast_head":"<!-- This site is optimized with the Yoast SEO plugin v27.3 - https:\/\/yoast.com\/product\/yoast-seo-wordpress\/ -->\n<title>Punta Generadora Labradorita | Intuici\u00f3n - Comprensi\u00f3n - MINERALES LUNA LLENA<\/title>\n<meta name=\"robots\" content=\"index, follow, max-snippet:-1, max-image-preview:large, max-video-preview:-1\" \/>\n<link rel=\"canonical\" href=\"https:\/\/mineraleslunallena.com\/ca\/producte\/punta-generadora-labradorita\/\" \/>\n<meta property=\"og:locale\" content=\"ca_ES\" \/>\n<meta property=\"og:type\" content=\"article\" \/>\n<meta property=\"og:title\" content=\"Punta Generadora Labradorita | Intuici\u00f3n - Comprensi\u00f3n - MINERALES LUNA LLENA\" \/>\n<meta property=\"og:description\" content=\"La Punta Generadora de Labradorita, amplifica la intuici\u00f3n y protege contra energ\u00edas negativas. Estimula los chakras superiores, especialmente el tercer ojo y el coronal, facilitando la conexi\u00f3n con dimensiones superiores y lo m\u00edstico. Contribuye al despertar de la conciencia y al entendimiento de la verdad espiritual. Act\u00faa como un escudo energ\u00e9tico, promoviendo un campo energ\u00e9tico equilibrado y claro. Su energ\u00eda armonizante alinea los chakras y favorece una circulaci\u00f3n positiva de energ\u00eda en el cuerpo.  Las Puntas generadoras son cristales amplificadores. Gracias a esta forma su energ\u00eda aumenta y se transmite a su alrededor.  Cantidad: 1 Unidad. El precio es por una unidad.  Tama\u00f1o: Entre 7 y 8 cent\u00edmetros aproximadamente.  Forma: Punta Generadora.\" \/>\n<meta property=\"og:url\" content=\"https:\/\/mineraleslunallena.com\/ca\/producte\/punta-generadora-labradorita\/\" \/>\n<meta property=\"og:site_name\" content=\"MINERALES LUNA LLENA\" \/>\n<meta property=\"article:modified_time\" content=\"2024-03-19T16:19:36+00:00\" \/>\n<meta name=\"twitter:card\" content=\"summary_large_image\" \/>\n<script type=\"application\/ld+json\" class=\"yoast-schema-graph\">{\"@context\":\"https:\\\/\\\/schema.org\",\"@graph\":[{\"@type\":\"WebPage\",\"@id\":\"https:\\\/\\\/mineraleslunallena.com\\\/producto\\\/punta-generadora-labradorita\\\/\",\"url\":\"https:\\\/\\\/mineraleslunallena.com\\\/producto\\\/punta-generadora-labradorita\\\/\",\"name\":\"Punta Generadora Labradorita | Intuici\u00f3n - Comprensi\u00f3n - MINERALES LUNA LLENA\",\"isPartOf\":{\"@id\":\"https:\\\/\\\/mineraleslunallena.com\\\/#website\"},\"datePublished\":\"2024-03-08T13:05:31+00:00\",\"dateModified\":\"2024-03-19T16:19:36+00:00\",\"breadcrumb\":{\"@id\":\"https:\\\/\\\/mineraleslunallena.com\\\/producto\\\/punta-generadora-labradorita\\\/#breadcrumb\"},\"inLanguage\":\"ca\",\"potentialAction\":[{\"@type\":\"ReadAction\",\"target\":[\"https:\\\/\\\/mineraleslunallena.com\\\/producto\\\/punta-generadora-labradorita\\\/\"]}]},{\"@type\":\"BreadcrumbList\",\"@id\":\"https:\\\/\\\/mineraleslunallena.com\\\/producto\\\/punta-generadora-labradorita\\\/#breadcrumb\",\"itemListElement\":[{\"@type\":\"ListItem\",\"position\":1,\"name\":\"Portada\",\"item\":\"https:\\\/\\\/mineraleslunallena.com\\\/\"},{\"@type\":\"ListItem\",\"position\":2,\"name\":\"Shop\",\"item\":\"https:\\\/\\\/mineraleslunallena.com\\\/ca\\\/shop\\\/\"},{\"@type\":\"ListItem\",\"position\":3,\"name\":\"Punta Generadora Labradorita | Intuici\u00f3n &#8211; Comprensi\u00f3n\"}]},{\"@type\":\"WebSite\",\"@id\":\"https:\\\/\\\/mineraleslunallena.com\\\/#website\",\"url\":\"https:\\\/\\\/mineraleslunallena.com\\\/\",\"name\":\"LUNA LLENA MINERALES\",\"description\":\"Es el momento de conectarte con tu propio poder y confiar en tus habilidades.\",\"publisher\":{\"@id\":\"https:\\\/\\\/mineraleslunallena.com\\\/#organization\"},\"potentialAction\":[{\"@type\":\"SearchAction\",\"target\":{\"@type\":\"EntryPoint\",\"urlTemplate\":\"https:\\\/\\\/mineraleslunallena.com\\\/?s={search_term_string}\"},\"query-input\":{\"@type\":\"PropertyValueSpecification\",\"valueRequired\":true,\"valueName\":\"search_term_string\"}}],\"inLanguage\":\"ca\"},{\"@type\":\"Organization\",\"@id\":\"https:\\\/\\\/mineraleslunallena.com\\\/#organization\",\"name\":\"LUNA LLENA MINERALES\",\"url\":\"https:\\\/\\\/mineraleslunallena.com\\\/\",\"logo\":{\"@type\":\"ImageObject\",\"inLanguage\":\"ca\",\"@id\":\"https:\\\/\\\/mineraleslunallena.com\\\/#\\\/schema\\\/logo\\\/image\\\/\",\"url\":\"https:\\\/\\\/mineraleslunallena.com\\\/wp-content\\\/uploads\\\/2023\\\/07\\\/LUNA-LLENA-LOGO-nuevo.png\",\"contentUrl\":\"https:\\\/\\\/mineraleslunallena.com\\\/wp-content\\\/uploads\\\/2023\\\/07\\\/LUNA-LLENA-LOGO-nuevo.png\",\"width\":229,\"height\":167,\"caption\":\"LUNA LLENA MINERALES\"},\"image\":{\"@id\":\"https:\\\/\\\/mineraleslunallena.com\\\/#\\\/schema\\\/logo\\\/image\\\/\"}}]}<\/script>\n<!-- \/ Yoast SEO plugin. -->","yoast_head_json":{"title":"Punta Generadora Labradorita | Intuici\u00f3n - Comprensi\u00f3n - MINERALES LUNA LLENA","robots":{"index":"index","follow":"follow","max-snippet":"max-snippet:-1","max-image-preview":"max-image-preview:large","max-video-preview":"max-video-preview:-1"},"canonical":"https:\/\/mineraleslunallena.com\/ca\/producte\/punta-generadora-labradorita\/","og_locale":"ca_ES","og_type":"article","og_title":"Punta Generadora Labradorita | Intuici\u00f3n - Comprensi\u00f3n - MINERALES LUNA LLENA","og_description":"La Punta Generadora de Labradorita, amplifica la intuici\u00f3n y protege contra energ\u00edas negativas. Estimula los chakras superiores, especialmente el tercer ojo y el coronal, facilitando la conexi\u00f3n con dimensiones superiores y lo m\u00edstico. Contribuye al despertar de la conciencia y al entendimiento de la verdad espiritual. Act\u00faa como un escudo energ\u00e9tico, promoviendo un campo energ\u00e9tico equilibrado y claro. Su energ\u00eda armonizante alinea los chakras y favorece una circulaci\u00f3n positiva de energ\u00eda en el cuerpo.  Las Puntas generadoras son cristales amplificadores. Gracias a esta forma su energ\u00eda aumenta y se transmite a su alrededor.  Cantidad: 1 Unidad. El precio es por una unidad.  Tama\u00f1o: Entre 7 y 8 cent\u00edmetros aproximadamente.  Forma: Punta Generadora.","og_url":"https:\/\/mineraleslunallena.com\/ca\/producte\/punta-generadora-labradorita\/","og_site_name":"MINERALES LUNA LLENA","article_modified_time":"2024-03-19T16:19:36+00:00","twitter_card":"summary_large_image","schema":{"@context":"https:\/\/schema.org","@graph":[{"@type":"WebPage","@id":"https:\/\/mineraleslunallena.com\/producto\/punta-generadora-labradorita\/","url":"https:\/\/mineraleslunallena.com\/producto\/punta-generadora-labradorita\/","name":"Punta Generadora Labradorita | Intuici\u00f3n - Comprensi\u00f3n - MINERALES LUNA LLENA","isPartOf":{"@id":"https:\/\/mineraleslunallena.com\/#website"},"datePublished":"2024-03-08T13:05:31+00:00","dateModified":"2024-03-19T16:19:36+00:00","breadcrumb":{"@id":"https:\/\/mineraleslunallena.com\/producto\/punta-generadora-labradorita\/#breadcrumb"},"inLanguage":"ca","potentialAction":[{"@type":"ReadAction","target":["https:\/\/mineraleslunallena.com\/producto\/punta-generadora-labradorita\/"]}]},{"@type":"BreadcrumbList","@id":"https:\/\/mineraleslunallena.com\/producto\/punta-generadora-labradorita\/#breadcrumb","itemListElement":[{"@type":"ListItem","position":1,"name":"Portada","item":"https:\/\/mineraleslunallena.com\/"},{"@type":"ListItem","position":2,"name":"Shop","item":"https:\/\/mineraleslunallena.com\/ca\/shop\/"},{"@type":"ListItem","position":3,"name":"Punta Generadora Labradorita | Intuici\u00f3n &#8211; Comprensi\u00f3n"}]},{"@type":"WebSite","@id":"https:\/\/mineraleslunallena.com\/#website","url":"https:\/\/mineraleslunallena.com\/","name":"LLUNA PLENA MINERALS","description":"\u00c9s el moment de connectar-te amb el teu poder i confiar en les teves habilitats.","publisher":{"@id":"https:\/\/mineraleslunallena.com\/#organization"},"potentialAction":[{"@type":"SearchAction","target":{"@type":"EntryPoint","urlTemplate":"https:\/\/mineraleslunallena.com\/?s={search_term_string}"},"query-input":{"@type":"PropertyValueSpecification","valueRequired":true,"valueName":"search_term_string"}}],"inLanguage":"ca"},{"@type":"Organization","@id":"https:\/\/mineraleslunallena.com\/#organization","name":"LLUNA PLENA MINERALS","url":"https:\/\/mineraleslunallena.com\/","logo":{"@type":"ImageObject","inLanguage":"ca","@id":"https:\/\/mineraleslunallena.com\/#\/schema\/logo\/image\/","url":"https:\/\/mineraleslunallena.com\/wp-content\/uploads\/2023\/07\/LUNA-LLENA-LOGO-nuevo.png","contentUrl":"https:\/\/mineraleslunallena.com\/wp-content\/uploads\/2023\/07\/LUNA-LLENA-LOGO-nuevo.png","width":229,"height":167,"caption":"LUNA LLENA MINERALES"},"image":{"@id":"https:\/\/mineraleslunallena.com\/#\/schema\/logo\/image\/"}}]}},"_links":{"self":[{"href":"https:\/\/mineraleslunallena.com\/ca\/wp-json\/wp\/v2\/product\/2454","targetHints":{"allow":["GET"]}}],"collection":[{"href":"https:\/\/mineraleslunallena.com\/ca\/wp-json\/wp\/v2\/product"}],"about":[{"href":"https:\/\/mineraleslunallena.com\/ca\/wp-json\/wp\/v2\/types\/product"}],"version-history":[{"count":4,"href":"https:\/\/mineraleslunallena.com\/ca\/wp-json\/wp\/v2\/product\/2454\/revisions"}],"predecessor-version":[{"id":3303,"href":"https:\/\/mineraleslunallena.com\/ca\/wp-json\/wp\/v2\/product\/2454\/revisions\/3303"}],"wp:attachment":[{"href":"https:\/\/mineraleslunallena.com\/ca\/wp-json\/wp\/v2\/media?parent=2454"}],"wp:term":[{"taxonomy":"product_cat","embeddable":true,"href":"https:\/\/mineraleslunallena.com\/ca\/wp-json\/wp\/v2\/product_cat?post=2454"},{"taxonomy":"product_tag","embeddable":true,"href":"https:\/\/mineraleslunallena.com\/ca\/wp-json\/wp\/v2\/product_tag?post=2454"}],"curies":[{"name":"wp","href":"https:\/\/api.w.org\/{rel}","templated":true}]}}