{"id":2462,"date":"2024-03-08T14:18:40","date_gmt":"2024-03-08T13:18:40","guid":{"rendered":"https:\/\/mineraleslunallena.com\/?post_type=product&#038;p=2462"},"modified":"2025-07-04T10:40:34","modified_gmt":"2025-07-04T08:40:34","slug":"punta-generadora-agata-mini","status":"publish","type":"product","link":"https:\/\/mineraleslunallena.com\/ca\/producte\/punta-generadora-agata-mini\/","title":{"rendered":"Punta Generadora \u00c1gata Musgosa Mini | Rompe bloqueos &#8211; Abundancia"},"content":{"rendered":"<p>Imagina sostener la punta generadora de \u00c1gata marr\u00f3n, una joya que encierra la esencia de la tierra en su estructura. Este \u00c1gata es como un abrazo espiritual, conect\u00e1ndote con la estabilidad y el equilibrio de la naturaleza. Siente c\u00f3mo su tono terroso te envuelve, proporcionando arraigo y tranquilidad. Esta piedra es tu ancla en momentos de agitaci\u00f3n, canalizando la energ\u00eda positiva y disipando tensiones. En meditaci\u00f3n, la punta generadora de \u00e1gata marr\u00f3n amplifica tu conexi\u00f3n con la tierra, creando una armon\u00eda entre tu ser y el entorno. Lleva esta joya no solo como adorno, sino como un recordatorio constante de tu conexi\u00f3n con la serenidad natural y la fortaleza espiritual que emana del \u00e1gata marr\u00f3n.<\/p>\n<p>Las Puntas generadoras son cristales amplificadores.<br \/>\nGracias a esta forma su energ\u00eda aumenta y se transmite a su alrededor.<\/p>\n<p>Quantitat: 1 Unitat. El preu \u00e9s per una unitat.<\/p>\n<p>Tama\u00f1o: Entre 3 cm x 1 cm aproximadamente.<\/p>\n<p>Forma: Punta Generadora.<\/p>","protected":false},"excerpt":{"rendered":"<p>Imagina sostener la punta generadora de \u00c1gata marr\u00f3n, una joya que encierra la esencia de la tierra en su estructura. Este \u00c1gata es como un abrazo espiritual, conect\u00e1ndote con la estabilidad y el equilibrio de la naturaleza. Siente c\u00f3mo su tono terroso te envuelve, proporcionando arraigo y tranquilidad. Esta piedra es tu ancla en momentos de agitaci\u00f3n, canalizando la energ\u00eda positiva y disipando tensiones. En meditaci\u00f3n, la punta generadora de \u00e1gata marr\u00f3n amplifica tu conexi\u00f3n con la tierra, creando una armon\u00eda entre tu ser y el entorno. Lleva esta joya no solo como adorno, sino como un recordatorio constante de tu conexi\u00f3n con la serenidad natural y la fortaleza espiritual que emana del \u00e1gata marr\u00f3n.<\/p>\n<p>Las Puntas generadoras son cristales amplificadores.<br \/>\nGracias a esta forma su energ\u00eda aumenta y se transmite a su alrededor.<\/p>\n<p>Quantitat: 1 Unitat. El preu \u00e9s per una unitat.<\/p>\n<p>Tama\u00f1o: Entre 3 cm x 1 cm aproximadamente.<\/p>\n<p>Forma: Punta Generadora.<\/p>","protected":false},"featured_media":4210,"template":"","meta":[],"product_cat":[74,69],"product_tag":[],"class_list":{"0":"post-2462","1":"product","2":"type-product","3":"status-publish","4":"has-post-thumbnail","6":"product_cat-generadores-y-puntas","7":"product_cat-minerales","9":"first","10":"instock","11":"sale","12":"taxable","13":"shipping-taxable","14":"purchasable","15":"product-type-simple"},"yoast_head":"<!-- This site is optimized with the Yoast SEO plugin v27.3 - https:\/\/yoast.com\/product\/yoast-seo-wordpress\/ -->\n<title>Punta Generadora \u00c1gata Musgosa Mini | Rompe bloqueos - Abundancia - MINERALES LUNA LLENA<\/title>\n<meta name=\"robots\" content=\"index, follow, max-snippet:-1, max-image-preview:large, max-video-preview:-1\" \/>\n<link rel=\"canonical\" href=\"https:\/\/mineraleslunallena.com\/ca\/producte\/punta-generadora-agata-mini\/\" \/>\n<meta property=\"og:locale\" content=\"ca_ES\" \/>\n<meta property=\"og:type\" content=\"article\" \/>\n<meta property=\"og:title\" content=\"Punta Generadora \u00c1gata Musgosa Mini | Rompe bloqueos - Abundancia - MINERALES LUNA LLENA\" \/>\n<meta property=\"og:description\" content=\"Imagina sostener la punta generadora de \u00c1gata marr\u00f3n, una joya que encierra la esencia de la tierra en su estructura. Este \u00c1gata es como un abrazo espiritual, conect\u00e1ndote con la estabilidad y el equilibrio de la naturaleza. Siente c\u00f3mo su tono terroso te envuelve, proporcionando arraigo y tranquilidad. Esta piedra es tu ancla en momentos de agitaci\u00f3n, canalizando la energ\u00eda positiva y disipando tensiones. En meditaci\u00f3n, la punta generadora de \u00e1gata marr\u00f3n amplifica tu conexi\u00f3n con la tierra, creando una armon\u00eda entre tu ser y el entorno. Lleva esta joya no solo como adorno, sino como un recordatorio constante de tu conexi\u00f3n con la serenidad natural y la fortaleza espiritual que emana del \u00e1gata marr\u00f3n.  Las Puntas generadoras son cristales amplificadores. Gracias a esta forma su energ\u00eda aumenta y se transmite a su alrededor.  Cantidad: 1 Unidad. El precio es por una unidad.  Tama\u00f1o: Entre 3 cm x 1 cm aproximadamente.  Forma: Punta Generadora.\" \/>\n<meta property=\"og:url\" content=\"https:\/\/mineraleslunallena.com\/ca\/producte\/punta-generadora-agata-mini\/\" \/>\n<meta property=\"og:site_name\" content=\"MINERALES LUNA LLENA\" \/>\n<meta property=\"article:modified_time\" content=\"2025-07-04T08:40:34+00:00\" \/>\n<meta property=\"og:image\" content=\"https:\/\/mineraleslunallena.com\/wp-content\/uploads\/2024\/03\/Punta-Generadora-Agata-Musgosa-Mini-scaled.jpg\" \/>\n\t<meta property=\"og:image:width\" content=\"1920\" \/>\n\t<meta property=\"og:image:height\" content=\"2560\" \/>\n\t<meta property=\"og:image:type\" content=\"image\/jpeg\" \/>\n<meta name=\"twitter:card\" content=\"summary_large_image\" \/>\n<meta name=\"twitter:label1\" content=\"Temps estimat de lectura\" \/>\n\t<meta name=\"twitter:data1\" content=\"1 minut\" \/>\n<script type=\"application\/ld+json\" class=\"yoast-schema-graph\">{\"@context\":\"https:\\\/\\\/schema.org\",\"@graph\":[{\"@type\":\"WebPage\",\"@id\":\"https:\\\/\\\/mineraleslunallena.com\\\/producto\\\/punta-generadora-agata-mini\\\/\",\"url\":\"https:\\\/\\\/mineraleslunallena.com\\\/producto\\\/punta-generadora-agata-mini\\\/\",\"name\":\"Punta Generadora \u00c1gata Musgosa Mini | Rompe bloqueos - Abundancia - MINERALES LUNA LLENA\",\"isPartOf\":{\"@id\":\"https:\\\/\\\/mineraleslunallena.com\\\/#website\"},\"primaryImageOfPage\":{\"@id\":\"https:\\\/\\\/mineraleslunallena.com\\\/producto\\\/punta-generadora-agata-mini\\\/#primaryimage\"},\"image\":{\"@id\":\"https:\\\/\\\/mineraleslunallena.com\\\/producto\\\/punta-generadora-agata-mini\\\/#primaryimage\"},\"thumbnailUrl\":\"https:\\\/\\\/mineraleslunallena.com\\\/wp-content\\\/uploads\\\/2024\\\/03\\\/Punta-Generadora-Agata-Musgosa-Mini-scaled.jpg\",\"datePublished\":\"2024-03-08T13:18:40+00:00\",\"dateModified\":\"2025-07-04T08:40:34+00:00\",\"breadcrumb\":{\"@id\":\"https:\\\/\\\/mineraleslunallena.com\\\/producto\\\/punta-generadora-agata-mini\\\/#breadcrumb\"},\"inLanguage\":\"ca\",\"potentialAction\":[{\"@type\":\"ReadAction\",\"target\":[\"https:\\\/\\\/mineraleslunallena.com\\\/producto\\\/punta-generadora-agata-mini\\\/\"]}]},{\"@type\":\"ImageObject\",\"inLanguage\":\"ca\",\"@id\":\"https:\\\/\\\/mineraleslunallena.com\\\/producto\\\/punta-generadora-agata-mini\\\/#primaryimage\",\"url\":\"https:\\\/\\\/mineraleslunallena.com\\\/wp-content\\\/uploads\\\/2024\\\/03\\\/Punta-Generadora-Agata-Musgosa-Mini-scaled.jpg\",\"contentUrl\":\"https:\\\/\\\/mineraleslunallena.com\\\/wp-content\\\/uploads\\\/2024\\\/03\\\/Punta-Generadora-Agata-Musgosa-Mini-scaled.jpg\",\"width\":1920,\"height\":2560},{\"@type\":\"BreadcrumbList\",\"@id\":\"https:\\\/\\\/mineraleslunallena.com\\\/producto\\\/punta-generadora-agata-mini\\\/#breadcrumb\",\"itemListElement\":[{\"@type\":\"ListItem\",\"position\":1,\"name\":\"Portada\",\"item\":\"https:\\\/\\\/mineraleslunallena.com\\\/\"},{\"@type\":\"ListItem\",\"position\":2,\"name\":\"Shop\",\"item\":\"https:\\\/\\\/mineraleslunallena.com\\\/ca\\\/shop\\\/\"},{\"@type\":\"ListItem\",\"position\":3,\"name\":\"Punta Generadora \u00c1gata Musgosa Mini | Rompe bloqueos &#8211; Abundancia\"}]},{\"@type\":\"WebSite\",\"@id\":\"https:\\\/\\\/mineraleslunallena.com\\\/#website\",\"url\":\"https:\\\/\\\/mineraleslunallena.com\\\/\",\"name\":\"LUNA LLENA MINERALES\",\"description\":\"Es el momento de conectarte con tu propio poder y confiar en tus habilidades.\",\"publisher\":{\"@id\":\"https:\\\/\\\/mineraleslunallena.com\\\/#organization\"},\"potentialAction\":[{\"@type\":\"SearchAction\",\"target\":{\"@type\":\"EntryPoint\",\"urlTemplate\":\"https:\\\/\\\/mineraleslunallena.com\\\/?s={search_term_string}\"},\"query-input\":{\"@type\":\"PropertyValueSpecification\",\"valueRequired\":true,\"valueName\":\"search_term_string\"}}],\"inLanguage\":\"ca\"},{\"@type\":\"Organization\",\"@id\":\"https:\\\/\\\/mineraleslunallena.com\\\/#organization\",\"name\":\"LUNA LLENA MINERALES\",\"url\":\"https:\\\/\\\/mineraleslunallena.com\\\/\",\"logo\":{\"@type\":\"ImageObject\",\"inLanguage\":\"ca\",\"@id\":\"https:\\\/\\\/mineraleslunallena.com\\\/#\\\/schema\\\/logo\\\/image\\\/\",\"url\":\"https:\\\/\\\/mineraleslunallena.com\\\/wp-content\\\/uploads\\\/2023\\\/07\\\/LUNA-LLENA-LOGO-nuevo.png\",\"contentUrl\":\"https:\\\/\\\/mineraleslunallena.com\\\/wp-content\\\/uploads\\\/2023\\\/07\\\/LUNA-LLENA-LOGO-nuevo.png\",\"width\":229,\"height\":167,\"caption\":\"LUNA LLENA MINERALES\"},\"image\":{\"@id\":\"https:\\\/\\\/mineraleslunallena.com\\\/#\\\/schema\\\/logo\\\/image\\\/\"}}]}<\/script>\n<!-- \/ Yoast SEO plugin. -->","yoast_head_json":{"title":"Punta Generadora \u00c1gata Musgosa Mini | Rompe bloqueos - Abundancia - MINERALES LUNA LLENA","robots":{"index":"index","follow":"follow","max-snippet":"max-snippet:-1","max-image-preview":"max-image-preview:large","max-video-preview":"max-video-preview:-1"},"canonical":"https:\/\/mineraleslunallena.com\/ca\/producte\/punta-generadora-agata-mini\/","og_locale":"ca_ES","og_type":"article","og_title":"Punta Generadora \u00c1gata Musgosa Mini | Rompe bloqueos - Abundancia - MINERALES LUNA LLENA","og_description":"Imagina sostener la punta generadora de \u00c1gata marr\u00f3n, una joya que encierra la esencia de la tierra en su estructura. Este \u00c1gata es como un abrazo espiritual, conect\u00e1ndote con la estabilidad y el equilibrio de la naturaleza. Siente c\u00f3mo su tono terroso te envuelve, proporcionando arraigo y tranquilidad. Esta piedra es tu ancla en momentos de agitaci\u00f3n, canalizando la energ\u00eda positiva y disipando tensiones. En meditaci\u00f3n, la punta generadora de \u00e1gata marr\u00f3n amplifica tu conexi\u00f3n con la tierra, creando una armon\u00eda entre tu ser y el entorno. Lleva esta joya no solo como adorno, sino como un recordatorio constante de tu conexi\u00f3n con la serenidad natural y la fortaleza espiritual que emana del \u00e1gata marr\u00f3n.  Las Puntas generadoras son cristales amplificadores. Gracias a esta forma su energ\u00eda aumenta y se transmite a su alrededor.  Cantidad: 1 Unidad. El precio es por una unidad.  Tama\u00f1o: Entre 3 cm x 1 cm aproximadamente.  Forma: Punta Generadora.","og_url":"https:\/\/mineraleslunallena.com\/ca\/producte\/punta-generadora-agata-mini\/","og_site_name":"MINERALES LUNA LLENA","article_modified_time":"2025-07-04T08:40:34+00:00","og_image":[{"width":1920,"height":2560,"url":"https:\/\/mineraleslunallena.com\/wp-content\/uploads\/2024\/03\/Punta-Generadora-Agata-Musgosa-Mini-scaled.jpg","type":"image\/jpeg"}],"twitter_card":"summary_large_image","twitter_misc":{"Temps estimat de lectura":"1 minut"},"schema":{"@context":"https:\/\/schema.org","@graph":[{"@type":"WebPage","@id":"https:\/\/mineraleslunallena.com\/producto\/punta-generadora-agata-mini\/","url":"https:\/\/mineraleslunallena.com\/producto\/punta-generadora-agata-mini\/","name":"Punta Generadora \u00c1gata Musgosa Mini | Rompe bloqueos - Abundancia - MINERALES LUNA LLENA","isPartOf":{"@id":"https:\/\/mineraleslunallena.com\/#website"},"primaryImageOfPage":{"@id":"https:\/\/mineraleslunallena.com\/producto\/punta-generadora-agata-mini\/#primaryimage"},"image":{"@id":"https:\/\/mineraleslunallena.com\/producto\/punta-generadora-agata-mini\/#primaryimage"},"thumbnailUrl":"https:\/\/mineraleslunallena.com\/wp-content\/uploads\/2024\/03\/Punta-Generadora-Agata-Musgosa-Mini-scaled.jpg","datePublished":"2024-03-08T13:18:40+00:00","dateModified":"2025-07-04T08:40:34+00:00","breadcrumb":{"@id":"https:\/\/mineraleslunallena.com\/producto\/punta-generadora-agata-mini\/#breadcrumb"},"inLanguage":"ca","potentialAction":[{"@type":"ReadAction","target":["https:\/\/mineraleslunallena.com\/producto\/punta-generadora-agata-mini\/"]}]},{"@type":"ImageObject","inLanguage":"ca","@id":"https:\/\/mineraleslunallena.com\/producto\/punta-generadora-agata-mini\/#primaryimage","url":"https:\/\/mineraleslunallena.com\/wp-content\/uploads\/2024\/03\/Punta-Generadora-Agata-Musgosa-Mini-scaled.jpg","contentUrl":"https:\/\/mineraleslunallena.com\/wp-content\/uploads\/2024\/03\/Punta-Generadora-Agata-Musgosa-Mini-scaled.jpg","width":1920,"height":2560},{"@type":"BreadcrumbList","@id":"https:\/\/mineraleslunallena.com\/producto\/punta-generadora-agata-mini\/#breadcrumb","itemListElement":[{"@type":"ListItem","position":1,"name":"Portada","item":"https:\/\/mineraleslunallena.com\/"},{"@type":"ListItem","position":2,"name":"Shop","item":"https:\/\/mineraleslunallena.com\/ca\/shop\/"},{"@type":"ListItem","position":3,"name":"Punta Generadora \u00c1gata Musgosa Mini | Rompe bloqueos &#8211; Abundancia"}]},{"@type":"WebSite","@id":"https:\/\/mineraleslunallena.com\/#website","url":"https:\/\/mineraleslunallena.com\/","name":"LLUNA PLENA MINERALS","description":"\u00c9s el moment de connectar-te amb el teu poder i confiar en les teves habilitats.","publisher":{"@id":"https:\/\/mineraleslunallena.com\/#organization"},"potentialAction":[{"@type":"SearchAction","target":{"@type":"EntryPoint","urlTemplate":"https:\/\/mineraleslunallena.com\/?s={search_term_string}"},"query-input":{"@type":"PropertyValueSpecification","valueRequired":true,"valueName":"search_term_string"}}],"inLanguage":"ca"},{"@type":"Organization","@id":"https:\/\/mineraleslunallena.com\/#organization","name":"LLUNA PLENA MINERALS","url":"https:\/\/mineraleslunallena.com\/","logo":{"@type":"ImageObject","inLanguage":"ca","@id":"https:\/\/mineraleslunallena.com\/#\/schema\/logo\/image\/","url":"https:\/\/mineraleslunallena.com\/wp-content\/uploads\/2023\/07\/LUNA-LLENA-LOGO-nuevo.png","contentUrl":"https:\/\/mineraleslunallena.com\/wp-content\/uploads\/2023\/07\/LUNA-LLENA-LOGO-nuevo.png","width":229,"height":167,"caption":"LUNA LLENA MINERALES"},"image":{"@id":"https:\/\/mineraleslunallena.com\/#\/schema\/logo\/image\/"}}]}},"_links":{"self":[{"href":"https:\/\/mineraleslunallena.com\/ca\/wp-json\/wp\/v2\/product\/2462","targetHints":{"allow":["GET"]}}],"collection":[{"href":"https:\/\/mineraleslunallena.com\/ca\/wp-json\/wp\/v2\/product"}],"about":[{"href":"https:\/\/mineraleslunallena.com\/ca\/wp-json\/wp\/v2\/types\/product"}],"version-history":[{"count":5,"href":"https:\/\/mineraleslunallena.com\/ca\/wp-json\/wp\/v2\/product\/2462\/revisions"}],"predecessor-version":[{"id":3299,"href":"https:\/\/mineraleslunallena.com\/ca\/wp-json\/wp\/v2\/product\/2462\/revisions\/3299"}],"wp:featuredmedia":[{"embeddable":true,"href":"https:\/\/mineraleslunallena.com\/ca\/wp-json\/wp\/v2\/media\/4210"}],"wp:attachment":[{"href":"https:\/\/mineraleslunallena.com\/ca\/wp-json\/wp\/v2\/media?parent=2462"}],"wp:term":[{"taxonomy":"product_cat","embeddable":true,"href":"https:\/\/mineraleslunallena.com\/ca\/wp-json\/wp\/v2\/product_cat?post=2462"},{"taxonomy":"product_tag","embeddable":true,"href":"https:\/\/mineraleslunallena.com\/ca\/wp-json\/wp\/v2\/product_tag?post=2462"}],"curies":[{"name":"wp","href":"https:\/\/api.w.org\/{rel}","templated":true}]}}