{"id":2470,"date":"2024-03-08T18:37:11","date_gmt":"2024-03-08T17:37:11","guid":{"rendered":"https:\/\/mineraleslunallena.com\/?post_type=product&#038;p=2470"},"modified":"2025-04-25T18:49:15","modified_gmt":"2025-04-25T16:49:15","slug":"punta-generadora-aqua-aura","status":"publish","type":"product","link":"https:\/\/mineraleslunallena.com\/ca\/producte\/punta-generadora-aqua-aura\/","title":{"rendered":"Punta Generadora Aqua Aura | Sanaci\u00f3n &#8211; Espiritualidad"},"content":{"rendered":"<p>Imagina sostener la punta generadora de Aqua Aura, una gema que fusiona la serenidad del agua con la energ\u00eda vibrante del aura. Este cristal es como un susurro de paz en tu mano, sumergi\u00e9ndote en un oc\u00e9ano de calma. Siente c\u00f3mo su tonalidad azul el\u00e9ctrico te envuelve, elevando tu espiritualidad y equilibrando tu ser. La Aqua Aura es tu fuente de claridad mental, disipando las turbulencias emocionales y abriendo paso a la armon\u00eda. En meditaci\u00f3n, la punta generadora de Aqua Aura intensifica la conexi\u00f3n espiritual, llev\u00e1ndote a profundidades tranquilas de autodescubrimiento. Lleva esta joya no solo como un adorno, sino como un faro de paz y elevaci\u00f3n espiritual, gui\u00e1ndote hacia un estado de serenidad y conexi\u00f3n c\u00f3smica.<\/p>\n<p>Las Puntas generadoras son cristales amplificadores.<br \/>\nGracias a esta forma su energ\u00eda aumenta y se transmite a su alrededor.<\/p>\n<p>Quantitat: 1 Unitat. El preu \u00e9s per una unitat.<\/p>\n<p>Tama\u00f1o:\u00a0 7\u00a0 cm x 2 cm aproximadamente.<\/p>\n<p>Forma: Punta Generadora.<\/p>","protected":false},"excerpt":{"rendered":"<p>Imagina sostener la punta generadora de Aqua Aura, una gema que fusiona la serenidad del agua con la energ\u00eda vibrante del aura. Este cristal es como un susurro de paz en tu mano, sumergi\u00e9ndote en un oc\u00e9ano de calma. Siente c\u00f3mo su tonalidad azul el\u00e9ctrico te envuelve, elevando tu espiritualidad y equilibrando tu ser. La Aqua Aura es tu fuente de claridad mental, disipando las turbulencias emocionales y abriendo paso a la armon\u00eda. En meditaci\u00f3n, la punta generadora de Aqua Aura intensifica la conexi\u00f3n espiritual, llev\u00e1ndote a profundidades tranquilas de autodescubrimiento. Lleva esta joya no solo como un adorno, sino como un faro de paz y elevaci\u00f3n espiritual, gui\u00e1ndote hacia un estado de serenidad y conexi\u00f3n c\u00f3smica.<\/p>\n<p>Las Puntas generadoras son cristales amplificadores.<br \/>\nGracias a esta forma su energ\u00eda aumenta y se transmite a su alrededor.<\/p>\n<p>Quantitat: 1 Unitat. El preu \u00e9s per una unitat.<\/p>\n<p>Tama\u00f1o:\u00a0 7\u00a0 cm x 2 cm aproximadamente.<\/p>\n<p>Forma: Punta Generadora.<\/p>","protected":false},"featured_media":4308,"template":"","meta":[],"product_cat":[74,69],"product_tag":[],"class_list":{"0":"post-2470","1":"product","2":"type-product","3":"status-publish","4":"has-post-thumbnail","6":"product_cat-generadores-y-puntas","7":"product_cat-minerales","9":"first","10":"instock","11":"sale","12":"taxable","13":"shipping-taxable","14":"purchasable","15":"product-type-simple"},"yoast_head":"<!-- This site is optimized with the Yoast SEO plugin v27.3 - https:\/\/yoast.com\/product\/yoast-seo-wordpress\/ -->\n<title>Punta Generadora Aqua Aura | Sanaci\u00f3n - Espiritualidad - MINERALES LUNA LLENA<\/title>\n<meta name=\"robots\" content=\"index, follow, max-snippet:-1, max-image-preview:large, max-video-preview:-1\" \/>\n<link rel=\"canonical\" href=\"https:\/\/mineraleslunallena.com\/ca\/producte\/punta-generadora-aqua-aura\/\" \/>\n<meta property=\"og:locale\" content=\"ca_ES\" \/>\n<meta property=\"og:type\" content=\"article\" \/>\n<meta property=\"og:title\" content=\"Punta Generadora Aqua Aura | Sanaci\u00f3n - Espiritualidad - MINERALES LUNA LLENA\" \/>\n<meta property=\"og:description\" content=\"Imagina sostener la punta generadora de Aqua Aura, una gema que fusiona la serenidad del agua con la energ\u00eda vibrante del aura. Este cristal es como un susurro de paz en tu mano, sumergi\u00e9ndote en un oc\u00e9ano de calma. Siente c\u00f3mo su tonalidad azul el\u00e9ctrico te envuelve, elevando tu espiritualidad y equilibrando tu ser. La Aqua Aura es tu fuente de claridad mental, disipando las turbulencias emocionales y abriendo paso a la armon\u00eda. En meditaci\u00f3n, la punta generadora de Aqua Aura intensifica la conexi\u00f3n espiritual, llev\u00e1ndote a profundidades tranquilas de autodescubrimiento. Lleva esta joya no solo como un adorno, sino como un faro de paz y elevaci\u00f3n espiritual, gui\u00e1ndote hacia un estado de serenidad y conexi\u00f3n c\u00f3smica.  Las Puntas generadoras son cristales amplificadores. Gracias a esta forma su energ\u00eda aumenta y se transmite a su alrededor.  Cantidad: 1 Unidad. El precio es por una unidad.  Tama\u00f1o:\u00a0 7\u00a0 cm x 2 cm aproximadamente.  Forma: Punta Generadora.\" \/>\n<meta property=\"og:url\" content=\"https:\/\/mineraleslunallena.com\/ca\/producte\/punta-generadora-aqua-aura\/\" \/>\n<meta property=\"og:site_name\" content=\"MINERALES LUNA LLENA\" \/>\n<meta property=\"article:modified_time\" content=\"2025-04-25T16:49:15+00:00\" \/>\n<meta property=\"og:image\" content=\"https:\/\/mineraleslunallena.com\/wp-content\/uploads\/2024\/03\/punta-aqua-aura-scaled.jpg\" \/>\n\t<meta property=\"og:image:width\" content=\"1920\" \/>\n\t<meta property=\"og:image:height\" content=\"2560\" \/>\n\t<meta property=\"og:image:type\" content=\"image\/jpeg\" \/>\n<meta name=\"twitter:card\" content=\"summary_large_image\" \/>\n<meta name=\"twitter:label1\" content=\"Temps estimat de lectura\" \/>\n\t<meta name=\"twitter:data1\" content=\"1 minut\" \/>\n<script type=\"application\/ld+json\" class=\"yoast-schema-graph\">{\"@context\":\"https:\\\/\\\/schema.org\",\"@graph\":[{\"@type\":\"WebPage\",\"@id\":\"https:\\\/\\\/mineraleslunallena.com\\\/producto\\\/punta-generadora-aqua-aura\\\/\",\"url\":\"https:\\\/\\\/mineraleslunallena.com\\\/producto\\\/punta-generadora-aqua-aura\\\/\",\"name\":\"Punta Generadora Aqua Aura | Sanaci\u00f3n - Espiritualidad - MINERALES LUNA LLENA\",\"isPartOf\":{\"@id\":\"https:\\\/\\\/mineraleslunallena.com\\\/#website\"},\"primaryImageOfPage\":{\"@id\":\"https:\\\/\\\/mineraleslunallena.com\\\/producto\\\/punta-generadora-aqua-aura\\\/#primaryimage\"},\"image\":{\"@id\":\"https:\\\/\\\/mineraleslunallena.com\\\/producto\\\/punta-generadora-aqua-aura\\\/#primaryimage\"},\"thumbnailUrl\":\"https:\\\/\\\/mineraleslunallena.com\\\/wp-content\\\/uploads\\\/2024\\\/03\\\/punta-aqua-aura-scaled.jpg\",\"datePublished\":\"2024-03-08T17:37:11+00:00\",\"dateModified\":\"2025-04-25T16:49:15+00:00\",\"breadcrumb\":{\"@id\":\"https:\\\/\\\/mineraleslunallena.com\\\/producto\\\/punta-generadora-aqua-aura\\\/#breadcrumb\"},\"inLanguage\":\"ca\",\"potentialAction\":[{\"@type\":\"ReadAction\",\"target\":[\"https:\\\/\\\/mineraleslunallena.com\\\/producto\\\/punta-generadora-aqua-aura\\\/\"]}]},{\"@type\":\"ImageObject\",\"inLanguage\":\"ca\",\"@id\":\"https:\\\/\\\/mineraleslunallena.com\\\/producto\\\/punta-generadora-aqua-aura\\\/#primaryimage\",\"url\":\"https:\\\/\\\/mineraleslunallena.com\\\/wp-content\\\/uploads\\\/2024\\\/03\\\/punta-aqua-aura-scaled.jpg\",\"contentUrl\":\"https:\\\/\\\/mineraleslunallena.com\\\/wp-content\\\/uploads\\\/2024\\\/03\\\/punta-aqua-aura-scaled.jpg\",\"width\":1920,\"height\":2560},{\"@type\":\"BreadcrumbList\",\"@id\":\"https:\\\/\\\/mineraleslunallena.com\\\/producto\\\/punta-generadora-aqua-aura\\\/#breadcrumb\",\"itemListElement\":[{\"@type\":\"ListItem\",\"position\":1,\"name\":\"Portada\",\"item\":\"https:\\\/\\\/mineraleslunallena.com\\\/\"},{\"@type\":\"ListItem\",\"position\":2,\"name\":\"Shop\",\"item\":\"https:\\\/\\\/mineraleslunallena.com\\\/ca\\\/shop\\\/\"},{\"@type\":\"ListItem\",\"position\":3,\"name\":\"Punta Generadora Aqua Aura | Sanaci\u00f3n &#8211; Espiritualidad\"}]},{\"@type\":\"WebSite\",\"@id\":\"https:\\\/\\\/mineraleslunallena.com\\\/#website\",\"url\":\"https:\\\/\\\/mineraleslunallena.com\\\/\",\"name\":\"LUNA LLENA MINERALES\",\"description\":\"Es el momento de conectarte con tu propio poder y confiar en tus habilidades.\",\"publisher\":{\"@id\":\"https:\\\/\\\/mineraleslunallena.com\\\/#organization\"},\"potentialAction\":[{\"@type\":\"SearchAction\",\"target\":{\"@type\":\"EntryPoint\",\"urlTemplate\":\"https:\\\/\\\/mineraleslunallena.com\\\/?s={search_term_string}\"},\"query-input\":{\"@type\":\"PropertyValueSpecification\",\"valueRequired\":true,\"valueName\":\"search_term_string\"}}],\"inLanguage\":\"ca\"},{\"@type\":\"Organization\",\"@id\":\"https:\\\/\\\/mineraleslunallena.com\\\/#organization\",\"name\":\"LUNA LLENA MINERALES\",\"url\":\"https:\\\/\\\/mineraleslunallena.com\\\/\",\"logo\":{\"@type\":\"ImageObject\",\"inLanguage\":\"ca\",\"@id\":\"https:\\\/\\\/mineraleslunallena.com\\\/#\\\/schema\\\/logo\\\/image\\\/\",\"url\":\"https:\\\/\\\/mineraleslunallena.com\\\/wp-content\\\/uploads\\\/2023\\\/07\\\/LUNA-LLENA-LOGO-nuevo.png\",\"contentUrl\":\"https:\\\/\\\/mineraleslunallena.com\\\/wp-content\\\/uploads\\\/2023\\\/07\\\/LUNA-LLENA-LOGO-nuevo.png\",\"width\":229,\"height\":167,\"caption\":\"LUNA LLENA MINERALES\"},\"image\":{\"@id\":\"https:\\\/\\\/mineraleslunallena.com\\\/#\\\/schema\\\/logo\\\/image\\\/\"}}]}<\/script>\n<!-- \/ Yoast SEO plugin. -->","yoast_head_json":{"title":"Punta Generadora Aqua Aura | Sanaci\u00f3n - Espiritualidad - MINERALES LUNA LLENA","robots":{"index":"index","follow":"follow","max-snippet":"max-snippet:-1","max-image-preview":"max-image-preview:large","max-video-preview":"max-video-preview:-1"},"canonical":"https:\/\/mineraleslunallena.com\/ca\/producte\/punta-generadora-aqua-aura\/","og_locale":"ca_ES","og_type":"article","og_title":"Punta Generadora Aqua Aura | Sanaci\u00f3n - Espiritualidad - MINERALES LUNA LLENA","og_description":"Imagina sostener la punta generadora de Aqua Aura, una gema que fusiona la serenidad del agua con la energ\u00eda vibrante del aura. Este cristal es como un susurro de paz en tu mano, sumergi\u00e9ndote en un oc\u00e9ano de calma. Siente c\u00f3mo su tonalidad azul el\u00e9ctrico te envuelve, elevando tu espiritualidad y equilibrando tu ser. La Aqua Aura es tu fuente de claridad mental, disipando las turbulencias emocionales y abriendo paso a la armon\u00eda. En meditaci\u00f3n, la punta generadora de Aqua Aura intensifica la conexi\u00f3n espiritual, llev\u00e1ndote a profundidades tranquilas de autodescubrimiento. Lleva esta joya no solo como un adorno, sino como un faro de paz y elevaci\u00f3n espiritual, gui\u00e1ndote hacia un estado de serenidad y conexi\u00f3n c\u00f3smica.  Las Puntas generadoras son cristales amplificadores. Gracias a esta forma su energ\u00eda aumenta y se transmite a su alrededor.  Cantidad: 1 Unidad. El precio es por una unidad.  Tama\u00f1o:\u00a0 7\u00a0 cm x 2 cm aproximadamente.  Forma: Punta Generadora.","og_url":"https:\/\/mineraleslunallena.com\/ca\/producte\/punta-generadora-aqua-aura\/","og_site_name":"MINERALES LUNA LLENA","article_modified_time":"2025-04-25T16:49:15+00:00","og_image":[{"width":1920,"height":2560,"url":"https:\/\/mineraleslunallena.com\/wp-content\/uploads\/2024\/03\/punta-aqua-aura-scaled.jpg","type":"image\/jpeg"}],"twitter_card":"summary_large_image","twitter_misc":{"Temps estimat de lectura":"1 minut"},"schema":{"@context":"https:\/\/schema.org","@graph":[{"@type":"WebPage","@id":"https:\/\/mineraleslunallena.com\/producto\/punta-generadora-aqua-aura\/","url":"https:\/\/mineraleslunallena.com\/producto\/punta-generadora-aqua-aura\/","name":"Punta Generadora Aqua Aura | Sanaci\u00f3n - Espiritualidad - MINERALES LUNA LLENA","isPartOf":{"@id":"https:\/\/mineraleslunallena.com\/#website"},"primaryImageOfPage":{"@id":"https:\/\/mineraleslunallena.com\/producto\/punta-generadora-aqua-aura\/#primaryimage"},"image":{"@id":"https:\/\/mineraleslunallena.com\/producto\/punta-generadora-aqua-aura\/#primaryimage"},"thumbnailUrl":"https:\/\/mineraleslunallena.com\/wp-content\/uploads\/2024\/03\/punta-aqua-aura-scaled.jpg","datePublished":"2024-03-08T17:37:11+00:00","dateModified":"2025-04-25T16:49:15+00:00","breadcrumb":{"@id":"https:\/\/mineraleslunallena.com\/producto\/punta-generadora-aqua-aura\/#breadcrumb"},"inLanguage":"ca","potentialAction":[{"@type":"ReadAction","target":["https:\/\/mineraleslunallena.com\/producto\/punta-generadora-aqua-aura\/"]}]},{"@type":"ImageObject","inLanguage":"ca","@id":"https:\/\/mineraleslunallena.com\/producto\/punta-generadora-aqua-aura\/#primaryimage","url":"https:\/\/mineraleslunallena.com\/wp-content\/uploads\/2024\/03\/punta-aqua-aura-scaled.jpg","contentUrl":"https:\/\/mineraleslunallena.com\/wp-content\/uploads\/2024\/03\/punta-aqua-aura-scaled.jpg","width":1920,"height":2560},{"@type":"BreadcrumbList","@id":"https:\/\/mineraleslunallena.com\/producto\/punta-generadora-aqua-aura\/#breadcrumb","itemListElement":[{"@type":"ListItem","position":1,"name":"Portada","item":"https:\/\/mineraleslunallena.com\/"},{"@type":"ListItem","position":2,"name":"Shop","item":"https:\/\/mineraleslunallena.com\/ca\/shop\/"},{"@type":"ListItem","position":3,"name":"Punta Generadora Aqua Aura | Sanaci\u00f3n &#8211; Espiritualidad"}]},{"@type":"WebSite","@id":"https:\/\/mineraleslunallena.com\/#website","url":"https:\/\/mineraleslunallena.com\/","name":"LLUNA PLENA MINERALS","description":"\u00c9s el moment de connectar-te amb el teu poder i confiar en les teves habilitats.","publisher":{"@id":"https:\/\/mineraleslunallena.com\/#organization"},"potentialAction":[{"@type":"SearchAction","target":{"@type":"EntryPoint","urlTemplate":"https:\/\/mineraleslunallena.com\/?s={search_term_string}"},"query-input":{"@type":"PropertyValueSpecification","valueRequired":true,"valueName":"search_term_string"}}],"inLanguage":"ca"},{"@type":"Organization","@id":"https:\/\/mineraleslunallena.com\/#organization","name":"LLUNA PLENA MINERALS","url":"https:\/\/mineraleslunallena.com\/","logo":{"@type":"ImageObject","inLanguage":"ca","@id":"https:\/\/mineraleslunallena.com\/#\/schema\/logo\/image\/","url":"https:\/\/mineraleslunallena.com\/wp-content\/uploads\/2023\/07\/LUNA-LLENA-LOGO-nuevo.png","contentUrl":"https:\/\/mineraleslunallena.com\/wp-content\/uploads\/2023\/07\/LUNA-LLENA-LOGO-nuevo.png","width":229,"height":167,"caption":"LUNA LLENA MINERALES"},"image":{"@id":"https:\/\/mineraleslunallena.com\/#\/schema\/logo\/image\/"}}]}},"jetpack_sharing_enabled":true,"_links":{"self":[{"href":"https:\/\/mineraleslunallena.com\/ca\/wp-json\/wp\/v2\/product\/2470","targetHints":{"allow":["GET"]}}],"collection":[{"href":"https:\/\/mineraleslunallena.com\/ca\/wp-json\/wp\/v2\/product"}],"about":[{"href":"https:\/\/mineraleslunallena.com\/ca\/wp-json\/wp\/v2\/types\/product"}],"version-history":[{"count":5,"href":"https:\/\/mineraleslunallena.com\/ca\/wp-json\/wp\/v2\/product\/2470\/revisions"}],"predecessor-version":[{"id":4233,"href":"https:\/\/mineraleslunallena.com\/ca\/wp-json\/wp\/v2\/product\/2470\/revisions\/4233"}],"wp:featuredmedia":[{"embeddable":true,"href":"https:\/\/mineraleslunallena.com\/ca\/wp-json\/wp\/v2\/media\/4308"}],"wp:attachment":[{"href":"https:\/\/mineraleslunallena.com\/ca\/wp-json\/wp\/v2\/media?parent=2470"}],"wp:term":[{"taxonomy":"product_cat","embeddable":true,"href":"https:\/\/mineraleslunallena.com\/ca\/wp-json\/wp\/v2\/product_cat?post=2470"},{"taxonomy":"product_tag","embeddable":true,"href":"https:\/\/mineraleslunallena.com\/ca\/wp-json\/wp\/v2\/product_tag?post=2470"}],"curies":[{"name":"wp","href":"https:\/\/api.w.org\/{rel}","templated":true}]}}