{"id":2472,"date":"2024-03-08T18:41:45","date_gmt":"2024-03-08T17:41:45","guid":{"rendered":"https:\/\/mineraleslunallena.com\/?post_type=product&#038;p=2472"},"modified":"2024-05-09T19:38:55","modified_gmt":"2024-05-09T17:38:55","slug":"punta-generadora-jaspe-kiwi","status":"publish","type":"product","link":"https:\/\/mineraleslunallena.com\/ca\/producte\/punta-generadora-jaspe-kiwi\/","title":{"rendered":"Punta Generadora Jaspe Kiwi | Calma &#8211; Inspiraci\u00f3n"},"content":{"rendered":"<p>El Jaspe Kiwi, una llave hacia el equilibrio espiritual. Esta gema, con su energ\u00eda terrosa y vibrante, se convierte en un faro de estabilidad. La punta generadora canaliza la fuerza de la tierra, proporcionando una conexi\u00f3n arraigada con lo divino. Al tocarla, sentir\u00e1n c\u00f3mo la sabidur\u00eda ancestral fluye, nutriendo el alma con su calidez y fortaleza. Se convierte en el c\u00f3mplice perfecto para encontrar la armon\u00eda interior, creando un puente entre lo material y lo espiritual. En sus manos, descubrir\u00e1n un viaje hacia la serenidad y la conexi\u00f3n con lo trascendental.<\/p>\n<p>Las Puntas generadoras son cristales amplificadores.<br \/>\nGracias a esta forma su energ\u00eda aumenta y se transmite a su alrededor.<\/p>\n<p>&nbsp;<\/p>\n<p>Quantitat: 1 Unitat. El preu \u00e9s per una unitat.<\/p>\n<p>Tama\u00f1o: 9 cm x 2 cm aproximadamente.<\/p>\n<p>Forma: Punta Generadora.<\/p>","protected":false},"excerpt":{"rendered":"<p>El Jaspe Kiwi, una llave hacia el equilibrio espiritual. Esta gema, con su energ\u00eda terrosa y vibrante, se convierte en un faro de estabilidad. La punta generadora canaliza la fuerza de la tierra, proporcionando una conexi\u00f3n arraigada con lo divino. Al tocarla, sentir\u00e1n c\u00f3mo la sabidur\u00eda ancestral fluye, nutriendo el alma con su calidez y fortaleza. Se convierte en el c\u00f3mplice perfecto para encontrar la armon\u00eda interior, creando un puente entre lo material y lo espiritual. En sus manos, descubrir\u00e1n un viaje hacia la serenidad y la conexi\u00f3n con lo trascendental.<\/p>\n<p>Las Puntas generadoras son cristales amplificadores.<br \/>\nGracias a esta forma su energ\u00eda aumenta y se transmite a su alrededor.<\/p>\n<p>&nbsp;<\/p>\n<p>Quantitat: 1 Unitat. El preu \u00e9s per una unitat.<\/p>\n<p>Tama\u00f1o: 9 cm x 2 cm aproximadamente.<\/p>\n<p>Forma: Punta Generadora.<\/p>","protected":false},"featured_media":4307,"template":"","meta":[],"product_cat":[74,69],"product_tag":[],"class_list":{"0":"post-2472","1":"product","2":"type-product","3":"status-publish","4":"has-post-thumbnail","6":"product_cat-generadores-y-puntas","7":"product_cat-minerales","9":"first","10":"instock","11":"sale","12":"taxable","13":"shipping-taxable","14":"purchasable","15":"product-type-simple"},"yoast_head":"<!-- This site is optimized with the Yoast SEO plugin v27.3 - https:\/\/yoast.com\/product\/yoast-seo-wordpress\/ -->\n<title>Punta Generadora Jaspe Kiwi | Calma - Inspiraci\u00f3n - MINERALES LUNA LLENA<\/title>\n<meta name=\"robots\" content=\"index, follow, max-snippet:-1, max-image-preview:large, max-video-preview:-1\" \/>\n<link rel=\"canonical\" href=\"https:\/\/mineraleslunallena.com\/ca\/producte\/punta-generadora-jaspe-kiwi\/\" \/>\n<meta property=\"og:locale\" content=\"ca_ES\" \/>\n<meta property=\"og:type\" content=\"article\" \/>\n<meta property=\"og:title\" content=\"Punta Generadora Jaspe Kiwi | Calma - Inspiraci\u00f3n - MINERALES LUNA LLENA\" \/>\n<meta property=\"og:description\" content=\"El Jaspe Kiwi, una llave hacia el equilibrio espiritual. Esta gema, con su energ\u00eda terrosa y vibrante, se convierte en un faro de estabilidad. La punta generadora canaliza la fuerza de la tierra, proporcionando una conexi\u00f3n arraigada con lo divino. Al tocarla, sentir\u00e1n c\u00f3mo la sabidur\u00eda ancestral fluye, nutriendo el alma con su calidez y fortaleza. Se convierte en el c\u00f3mplice perfecto para encontrar la armon\u00eda interior, creando un puente entre lo material y lo espiritual. En sus manos, descubrir\u00e1n un viaje hacia la serenidad y la conexi\u00f3n con lo trascendental.  Las Puntas generadoras son cristales amplificadores. Gracias a esta forma su energ\u00eda aumenta y se transmite a su alrededor.  &nbsp;  Cantidad: 1 Unidad. El precio es por una unidad.  Tama\u00f1o: 9 cm x 2 cm aproximadamente.  Forma: Punta Generadora.\" \/>\n<meta property=\"og:url\" content=\"https:\/\/mineraleslunallena.com\/ca\/producte\/punta-generadora-jaspe-kiwi\/\" \/>\n<meta property=\"og:site_name\" content=\"MINERALES LUNA LLENA\" \/>\n<meta property=\"article:modified_time\" content=\"2024-05-09T17:38:55+00:00\" \/>\n<meta property=\"og:image\" content=\"https:\/\/mineraleslunallena.com\/wp-content\/uploads\/2024\/03\/punta-jaspe-kiwi-scaled.jpg\" \/>\n\t<meta property=\"og:image:width\" content=\"1920\" \/>\n\t<meta property=\"og:image:height\" content=\"2560\" \/>\n\t<meta property=\"og:image:type\" content=\"image\/jpeg\" \/>\n<meta name=\"twitter:card\" content=\"summary_large_image\" \/>\n<meta name=\"twitter:label1\" content=\"Temps estimat de lectura\" \/>\n\t<meta name=\"twitter:data1\" content=\"1 minut\" \/>\n<script type=\"application\/ld+json\" class=\"yoast-schema-graph\">{\"@context\":\"https:\\\/\\\/schema.org\",\"@graph\":[{\"@type\":\"WebPage\",\"@id\":\"https:\\\/\\\/mineraleslunallena.com\\\/producto\\\/punta-generadora-jaspe-kiwi\\\/\",\"url\":\"https:\\\/\\\/mineraleslunallena.com\\\/producto\\\/punta-generadora-jaspe-kiwi\\\/\",\"name\":\"Punta Generadora Jaspe Kiwi | Calma - Inspiraci\u00f3n - MINERALES LUNA LLENA\",\"isPartOf\":{\"@id\":\"https:\\\/\\\/mineraleslunallena.com\\\/#website\"},\"primaryImageOfPage\":{\"@id\":\"https:\\\/\\\/mineraleslunallena.com\\\/producto\\\/punta-generadora-jaspe-kiwi\\\/#primaryimage\"},\"image\":{\"@id\":\"https:\\\/\\\/mineraleslunallena.com\\\/producto\\\/punta-generadora-jaspe-kiwi\\\/#primaryimage\"},\"thumbnailUrl\":\"https:\\\/\\\/mineraleslunallena.com\\\/wp-content\\\/uploads\\\/2024\\\/03\\\/punta-jaspe-kiwi-scaled.jpg\",\"datePublished\":\"2024-03-08T17:41:45+00:00\",\"dateModified\":\"2024-05-09T17:38:55+00:00\",\"breadcrumb\":{\"@id\":\"https:\\\/\\\/mineraleslunallena.com\\\/producto\\\/punta-generadora-jaspe-kiwi\\\/#breadcrumb\"},\"inLanguage\":\"ca\",\"potentialAction\":[{\"@type\":\"ReadAction\",\"target\":[\"https:\\\/\\\/mineraleslunallena.com\\\/producto\\\/punta-generadora-jaspe-kiwi\\\/\"]}]},{\"@type\":\"ImageObject\",\"inLanguage\":\"ca\",\"@id\":\"https:\\\/\\\/mineraleslunallena.com\\\/producto\\\/punta-generadora-jaspe-kiwi\\\/#primaryimage\",\"url\":\"https:\\\/\\\/mineraleslunallena.com\\\/wp-content\\\/uploads\\\/2024\\\/03\\\/punta-jaspe-kiwi-scaled.jpg\",\"contentUrl\":\"https:\\\/\\\/mineraleslunallena.com\\\/wp-content\\\/uploads\\\/2024\\\/03\\\/punta-jaspe-kiwi-scaled.jpg\",\"width\":1920,\"height\":2560},{\"@type\":\"BreadcrumbList\",\"@id\":\"https:\\\/\\\/mineraleslunallena.com\\\/producto\\\/punta-generadora-jaspe-kiwi\\\/#breadcrumb\",\"itemListElement\":[{\"@type\":\"ListItem\",\"position\":1,\"name\":\"Portada\",\"item\":\"https:\\\/\\\/mineraleslunallena.com\\\/\"},{\"@type\":\"ListItem\",\"position\":2,\"name\":\"Shop\",\"item\":\"https:\\\/\\\/mineraleslunallena.com\\\/ca\\\/shop\\\/\"},{\"@type\":\"ListItem\",\"position\":3,\"name\":\"Punta Generadora Jaspe Kiwi | Calma &#8211; Inspiraci\u00f3n\"}]},{\"@type\":\"WebSite\",\"@id\":\"https:\\\/\\\/mineraleslunallena.com\\\/#website\",\"url\":\"https:\\\/\\\/mineraleslunallena.com\\\/\",\"name\":\"LUNA LLENA MINERALES\",\"description\":\"Es el momento de conectarte con tu propio poder y confiar en tus habilidades.\",\"publisher\":{\"@id\":\"https:\\\/\\\/mineraleslunallena.com\\\/#organization\"},\"potentialAction\":[{\"@type\":\"SearchAction\",\"target\":{\"@type\":\"EntryPoint\",\"urlTemplate\":\"https:\\\/\\\/mineraleslunallena.com\\\/?s={search_term_string}\"},\"query-input\":{\"@type\":\"PropertyValueSpecification\",\"valueRequired\":true,\"valueName\":\"search_term_string\"}}],\"inLanguage\":\"ca\"},{\"@type\":\"Organization\",\"@id\":\"https:\\\/\\\/mineraleslunallena.com\\\/#organization\",\"name\":\"LUNA LLENA MINERALES\",\"url\":\"https:\\\/\\\/mineraleslunallena.com\\\/\",\"logo\":{\"@type\":\"ImageObject\",\"inLanguage\":\"ca\",\"@id\":\"https:\\\/\\\/mineraleslunallena.com\\\/#\\\/schema\\\/logo\\\/image\\\/\",\"url\":\"https:\\\/\\\/mineraleslunallena.com\\\/wp-content\\\/uploads\\\/2023\\\/07\\\/LUNA-LLENA-LOGO-nuevo.png\",\"contentUrl\":\"https:\\\/\\\/mineraleslunallena.com\\\/wp-content\\\/uploads\\\/2023\\\/07\\\/LUNA-LLENA-LOGO-nuevo.png\",\"width\":229,\"height\":167,\"caption\":\"LUNA LLENA MINERALES\"},\"image\":{\"@id\":\"https:\\\/\\\/mineraleslunallena.com\\\/#\\\/schema\\\/logo\\\/image\\\/\"}}]}<\/script>\n<!-- \/ Yoast SEO plugin. -->","yoast_head_json":{"title":"Punta Generadora Jaspe Kiwi | Calma - Inspiraci\u00f3n - MINERALES LUNA LLENA","robots":{"index":"index","follow":"follow","max-snippet":"max-snippet:-1","max-image-preview":"max-image-preview:large","max-video-preview":"max-video-preview:-1"},"canonical":"https:\/\/mineraleslunallena.com\/ca\/producte\/punta-generadora-jaspe-kiwi\/","og_locale":"ca_ES","og_type":"article","og_title":"Punta Generadora Jaspe Kiwi | Calma - Inspiraci\u00f3n - MINERALES LUNA LLENA","og_description":"El Jaspe Kiwi, una llave hacia el equilibrio espiritual. Esta gema, con su energ\u00eda terrosa y vibrante, se convierte en un faro de estabilidad. La punta generadora canaliza la fuerza de la tierra, proporcionando una conexi\u00f3n arraigada con lo divino. Al tocarla, sentir\u00e1n c\u00f3mo la sabidur\u00eda ancestral fluye, nutriendo el alma con su calidez y fortaleza. Se convierte en el c\u00f3mplice perfecto para encontrar la armon\u00eda interior, creando un puente entre lo material y lo espiritual. En sus manos, descubrir\u00e1n un viaje hacia la serenidad y la conexi\u00f3n con lo trascendental.  Las Puntas generadoras son cristales amplificadores. Gracias a esta forma su energ\u00eda aumenta y se transmite a su alrededor.  &nbsp;  Cantidad: 1 Unidad. El precio es por una unidad.  Tama\u00f1o: 9 cm x 2 cm aproximadamente.  Forma: Punta Generadora.","og_url":"https:\/\/mineraleslunallena.com\/ca\/producte\/punta-generadora-jaspe-kiwi\/","og_site_name":"MINERALES LUNA LLENA","article_modified_time":"2024-05-09T17:38:55+00:00","og_image":[{"width":1920,"height":2560,"url":"https:\/\/mineraleslunallena.com\/wp-content\/uploads\/2024\/03\/punta-jaspe-kiwi-scaled.jpg","type":"image\/jpeg"}],"twitter_card":"summary_large_image","twitter_misc":{"Temps estimat de lectura":"1 minut"},"schema":{"@context":"https:\/\/schema.org","@graph":[{"@type":"WebPage","@id":"https:\/\/mineraleslunallena.com\/producto\/punta-generadora-jaspe-kiwi\/","url":"https:\/\/mineraleslunallena.com\/producto\/punta-generadora-jaspe-kiwi\/","name":"Punta Generadora Jaspe Kiwi | Calma - Inspiraci\u00f3n - MINERALES LUNA LLENA","isPartOf":{"@id":"https:\/\/mineraleslunallena.com\/#website"},"primaryImageOfPage":{"@id":"https:\/\/mineraleslunallena.com\/producto\/punta-generadora-jaspe-kiwi\/#primaryimage"},"image":{"@id":"https:\/\/mineraleslunallena.com\/producto\/punta-generadora-jaspe-kiwi\/#primaryimage"},"thumbnailUrl":"https:\/\/mineraleslunallena.com\/wp-content\/uploads\/2024\/03\/punta-jaspe-kiwi-scaled.jpg","datePublished":"2024-03-08T17:41:45+00:00","dateModified":"2024-05-09T17:38:55+00:00","breadcrumb":{"@id":"https:\/\/mineraleslunallena.com\/producto\/punta-generadora-jaspe-kiwi\/#breadcrumb"},"inLanguage":"ca","potentialAction":[{"@type":"ReadAction","target":["https:\/\/mineraleslunallena.com\/producto\/punta-generadora-jaspe-kiwi\/"]}]},{"@type":"ImageObject","inLanguage":"ca","@id":"https:\/\/mineraleslunallena.com\/producto\/punta-generadora-jaspe-kiwi\/#primaryimage","url":"https:\/\/mineraleslunallena.com\/wp-content\/uploads\/2024\/03\/punta-jaspe-kiwi-scaled.jpg","contentUrl":"https:\/\/mineraleslunallena.com\/wp-content\/uploads\/2024\/03\/punta-jaspe-kiwi-scaled.jpg","width":1920,"height":2560},{"@type":"BreadcrumbList","@id":"https:\/\/mineraleslunallena.com\/producto\/punta-generadora-jaspe-kiwi\/#breadcrumb","itemListElement":[{"@type":"ListItem","position":1,"name":"Portada","item":"https:\/\/mineraleslunallena.com\/"},{"@type":"ListItem","position":2,"name":"Shop","item":"https:\/\/mineraleslunallena.com\/ca\/shop\/"},{"@type":"ListItem","position":3,"name":"Punta Generadora Jaspe Kiwi | Calma &#8211; Inspiraci\u00f3n"}]},{"@type":"WebSite","@id":"https:\/\/mineraleslunallena.com\/#website","url":"https:\/\/mineraleslunallena.com\/","name":"LLUNA PLENA MINERALS","description":"\u00c9s el moment de connectar-te amb el teu poder i confiar en les teves habilitats.","publisher":{"@id":"https:\/\/mineraleslunallena.com\/#organization"},"potentialAction":[{"@type":"SearchAction","target":{"@type":"EntryPoint","urlTemplate":"https:\/\/mineraleslunallena.com\/?s={search_term_string}"},"query-input":{"@type":"PropertyValueSpecification","valueRequired":true,"valueName":"search_term_string"}}],"inLanguage":"ca"},{"@type":"Organization","@id":"https:\/\/mineraleslunallena.com\/#organization","name":"LLUNA PLENA MINERALS","url":"https:\/\/mineraleslunallena.com\/","logo":{"@type":"ImageObject","inLanguage":"ca","@id":"https:\/\/mineraleslunallena.com\/#\/schema\/logo\/image\/","url":"https:\/\/mineraleslunallena.com\/wp-content\/uploads\/2023\/07\/LUNA-LLENA-LOGO-nuevo.png","contentUrl":"https:\/\/mineraleslunallena.com\/wp-content\/uploads\/2023\/07\/LUNA-LLENA-LOGO-nuevo.png","width":229,"height":167,"caption":"LUNA LLENA MINERALES"},"image":{"@id":"https:\/\/mineraleslunallena.com\/#\/schema\/logo\/image\/"}}]}},"_links":{"self":[{"href":"https:\/\/mineraleslunallena.com\/ca\/wp-json\/wp\/v2\/product\/2472","targetHints":{"allow":["GET"]}}],"collection":[{"href":"https:\/\/mineraleslunallena.com\/ca\/wp-json\/wp\/v2\/product"}],"about":[{"href":"https:\/\/mineraleslunallena.com\/ca\/wp-json\/wp\/v2\/types\/product"}],"version-history":[{"count":6,"href":"https:\/\/mineraleslunallena.com\/ca\/wp-json\/wp\/v2\/product\/2472\/revisions"}],"predecessor-version":[{"id":4208,"href":"https:\/\/mineraleslunallena.com\/ca\/wp-json\/wp\/v2\/product\/2472\/revisions\/4208"}],"wp:featuredmedia":[{"embeddable":true,"href":"https:\/\/mineraleslunallena.com\/ca\/wp-json\/wp\/v2\/media\/4307"}],"wp:attachment":[{"href":"https:\/\/mineraleslunallena.com\/ca\/wp-json\/wp\/v2\/media?parent=2472"}],"wp:term":[{"taxonomy":"product_cat","embeddable":true,"href":"https:\/\/mineraleslunallena.com\/ca\/wp-json\/wp\/v2\/product_cat?post=2472"},{"taxonomy":"product_tag","embeddable":true,"href":"https:\/\/mineraleslunallena.com\/ca\/wp-json\/wp\/v2\/product_tag?post=2472"}],"curies":[{"name":"wp","href":"https:\/\/api.w.org\/{rel}","templated":true}]}}