{"id":2478,"date":"2024-03-08T18:58:29","date_gmt":"2024-03-08T17:58:29","guid":{"rendered":"https:\/\/mineraleslunallena.com\/?post_type=product&#038;p=2478"},"modified":"2025-10-01T12:41:12","modified_gmt":"2025-10-01T10:41:12","slug":"piramide-selenita","status":"publish","type":"product","link":"https:\/\/mineraleslunallena.com\/ca\/producte\/piramide-selenita\/","title":{"rendered":"Pir\u00e1mide de Selenita | Bienestar &#8211; Serenidad"},"content":{"rendered":"<p>Imagina tener una Pir\u00e1mide de Selenita en tu espacio, un faro de luz y claridad espiritual. Cada \u00e1ngulo de esta estructura resplandece con la energ\u00eda purificadora de la Selenita, una piedra que eleva tu conciencia. La pir\u00e1mide act\u00faa como un im\u00e1n para la paz interior, disipando las energ\u00edas negativas y trayendo armon\u00eda a tu entorno. Al interactuar con ella, sientes c\u00f3mo tu mente se aclara y te sumerges en un estado de serenidad. Esta piedra \u00fanica no solo es un adorno, es un conducto de energ\u00eda celestial que purifica y eleva. Colocarla en tu espacio es como abrir una ventana hacia la espiritualidad y la calma. La pir\u00e1mide de Selenita se convierte en tu aliada, irradiando una luz suave pero poderosa que transforma tu entorno en un santuario de paz y elevaci\u00f3n espiritual.<\/p>\n<p>&nbsp;<\/p>\n<p>Quantitat: 1 Unitat. El preu \u00e9s per una unitat.<\/p>\n<p>Tama\u00f1o: 4 cm alto x 5 cm base aproximadamente.<\/p>\n<p>Forma: Pir\u00e0mide.<\/p>","protected":false},"excerpt":{"rendered":"<p>Imagina tener una Pir\u00e1mide de Selenita en tu espacio, un faro de luz y claridad espiritual. Cada \u00e1ngulo de esta estructura resplandece con la energ\u00eda purificadora de la Selenita, una piedra que eleva tu conciencia. La pir\u00e1mide act\u00faa como un im\u00e1n para la paz interior, disipando las energ\u00edas negativas y trayendo armon\u00eda a tu entorno. Al interactuar con ella, sientes c\u00f3mo tu mente se aclara y te sumerges en un estado de serenidad. Esta piedra \u00fanica no solo es un adorno, es un conducto de energ\u00eda celestial que purifica y eleva. Colocarla en tu espacio es como abrir una ventana hacia la espiritualidad y la calma. La pir\u00e1mide de Selenita se convierte en tu aliada, irradiando una luz suave pero poderosa que transforma tu entorno en un santuario de paz y elevaci\u00f3n espiritual.<\/p>\n<p>&nbsp;<\/p>\n<p>Quantitat: 1 Unitat. El preu \u00e9s per una unitat.<\/p>\n<p>Tama\u00f1o: 4 cm alto x 5 cm base aproximadamente.<\/p>\n<p>Forma: Pir\u00e0mide.<\/p>","protected":false},"featured_media":4012,"template":"","meta":[],"product_cat":[73,69,75],"product_tag":[],"class_list":{"0":"post-2478","1":"product","2":"type-product","3":"status-publish","4":"has-post-thumbnail","6":"product_cat-esferas","7":"product_cat-minerales","8":"product_cat-https-mineraleslunallena-com-categoria-minerales-selenita","10":"first","11":"instock","12":"sale","13":"taxable","14":"shipping-taxable","15":"purchasable","16":"product-type-simple"},"yoast_head":"<!-- This site is optimized with the Yoast SEO plugin v27.3 - https:\/\/yoast.com\/product\/yoast-seo-wordpress\/ -->\n<title>Pir\u00e1mide de Selenita | Bienestar - Serenidad - MINERALES LUNA LLENA<\/title>\n<meta name=\"robots\" content=\"index, follow, max-snippet:-1, max-image-preview:large, max-video-preview:-1\" \/>\n<link rel=\"canonical\" href=\"https:\/\/mineraleslunallena.com\/ca\/producte\/piramide-selenita\/\" \/>\n<meta property=\"og:locale\" content=\"ca_ES\" \/>\n<meta property=\"og:type\" content=\"article\" \/>\n<meta property=\"og:title\" content=\"Pir\u00e1mide de Selenita | Bienestar - Serenidad - MINERALES LUNA LLENA\" \/>\n<meta property=\"og:description\" content=\"Imagina tener una Pir\u00e1mide de Selenita en tu espacio, un faro de luz y claridad espiritual. Cada \u00e1ngulo de esta estructura resplandece con la energ\u00eda purificadora de la Selenita, una piedra que eleva tu conciencia. La pir\u00e1mide act\u00faa como un im\u00e1n para la paz interior, disipando las energ\u00edas negativas y trayendo armon\u00eda a tu entorno. Al interactuar con ella, sientes c\u00f3mo tu mente se aclara y te sumerges en un estado de serenidad. Esta piedra \u00fanica no solo es un adorno, es un conducto de energ\u00eda celestial que purifica y eleva. Colocarla en tu espacio es como abrir una ventana hacia la espiritualidad y la calma. La pir\u00e1mide de Selenita se convierte en tu aliada, irradiando una luz suave pero poderosa que transforma tu entorno en un santuario de paz y elevaci\u00f3n espiritual.  &nbsp;  Cantidad: 1 Unidad. El precio es por una unidad.  Tama\u00f1o: 4 cm alto x 5 cm base aproximadamente.  Forma: Pir\u00e1mide.\" \/>\n<meta property=\"og:url\" content=\"https:\/\/mineraleslunallena.com\/ca\/producte\/piramide-selenita\/\" \/>\n<meta property=\"og:site_name\" content=\"MINERALES LUNA LLENA\" \/>\n<meta property=\"article:modified_time\" content=\"2025-10-01T10:41:12+00:00\" \/>\n<meta property=\"og:image\" content=\"https:\/\/mineraleslunallena.com\/wp-content\/uploads\/2024\/03\/piramideselenita-scaled.jpg\" \/>\n\t<meta property=\"og:image:width\" content=\"1920\" \/>\n\t<meta property=\"og:image:height\" content=\"2560\" \/>\n\t<meta property=\"og:image:type\" content=\"image\/jpeg\" \/>\n<meta name=\"twitter:card\" content=\"summary_large_image\" \/>\n<meta name=\"twitter:label1\" content=\"Temps estimat de lectura\" \/>\n\t<meta name=\"twitter:data1\" content=\"1 minut\" \/>\n<script type=\"application\/ld+json\" class=\"yoast-schema-graph\">{\"@context\":\"https:\\\/\\\/schema.org\",\"@graph\":[{\"@type\":\"WebPage\",\"@id\":\"https:\\\/\\\/mineraleslunallena.com\\\/producto\\\/piramide-selenita\\\/\",\"url\":\"https:\\\/\\\/mineraleslunallena.com\\\/producto\\\/piramide-selenita\\\/\",\"name\":\"Pir\u00e1mide de Selenita | Bienestar - Serenidad - MINERALES LUNA LLENA\",\"isPartOf\":{\"@id\":\"https:\\\/\\\/mineraleslunallena.com\\\/#website\"},\"primaryImageOfPage\":{\"@id\":\"https:\\\/\\\/mineraleslunallena.com\\\/producto\\\/piramide-selenita\\\/#primaryimage\"},\"image\":{\"@id\":\"https:\\\/\\\/mineraleslunallena.com\\\/producto\\\/piramide-selenita\\\/#primaryimage\"},\"thumbnailUrl\":\"https:\\\/\\\/mineraleslunallena.com\\\/wp-content\\\/uploads\\\/2024\\\/03\\\/piramideselenita-scaled.jpg\",\"datePublished\":\"2024-03-08T17:58:29+00:00\",\"dateModified\":\"2025-10-01T10:41:12+00:00\",\"breadcrumb\":{\"@id\":\"https:\\\/\\\/mineraleslunallena.com\\\/producto\\\/piramide-selenita\\\/#breadcrumb\"},\"inLanguage\":\"ca\",\"potentialAction\":[{\"@type\":\"ReadAction\",\"target\":[\"https:\\\/\\\/mineraleslunallena.com\\\/producto\\\/piramide-selenita\\\/\"]}]},{\"@type\":\"ImageObject\",\"inLanguage\":\"ca\",\"@id\":\"https:\\\/\\\/mineraleslunallena.com\\\/producto\\\/piramide-selenita\\\/#primaryimage\",\"url\":\"https:\\\/\\\/mineraleslunallena.com\\\/wp-content\\\/uploads\\\/2024\\\/03\\\/piramideselenita-scaled.jpg\",\"contentUrl\":\"https:\\\/\\\/mineraleslunallena.com\\\/wp-content\\\/uploads\\\/2024\\\/03\\\/piramideselenita-scaled.jpg\",\"width\":1920,\"height\":2560},{\"@type\":\"BreadcrumbList\",\"@id\":\"https:\\\/\\\/mineraleslunallena.com\\\/producto\\\/piramide-selenita\\\/#breadcrumb\",\"itemListElement\":[{\"@type\":\"ListItem\",\"position\":1,\"name\":\"Portada\",\"item\":\"https:\\\/\\\/mineraleslunallena.com\\\/\"},{\"@type\":\"ListItem\",\"position\":2,\"name\":\"Shop\",\"item\":\"https:\\\/\\\/mineraleslunallena.com\\\/ca\\\/shop\\\/\"},{\"@type\":\"ListItem\",\"position\":3,\"name\":\"Pir\u00e1mide de Selenita | Bienestar &#8211; Serenidad\"}]},{\"@type\":\"WebSite\",\"@id\":\"https:\\\/\\\/mineraleslunallena.com\\\/#website\",\"url\":\"https:\\\/\\\/mineraleslunallena.com\\\/\",\"name\":\"LUNA LLENA MINERALES\",\"description\":\"Es el momento de conectarte con tu propio poder y confiar en tus habilidades.\",\"publisher\":{\"@id\":\"https:\\\/\\\/mineraleslunallena.com\\\/#organization\"},\"potentialAction\":[{\"@type\":\"SearchAction\",\"target\":{\"@type\":\"EntryPoint\",\"urlTemplate\":\"https:\\\/\\\/mineraleslunallena.com\\\/?s={search_term_string}\"},\"query-input\":{\"@type\":\"PropertyValueSpecification\",\"valueRequired\":true,\"valueName\":\"search_term_string\"}}],\"inLanguage\":\"ca\"},{\"@type\":\"Organization\",\"@id\":\"https:\\\/\\\/mineraleslunallena.com\\\/#organization\",\"name\":\"LUNA LLENA MINERALES\",\"url\":\"https:\\\/\\\/mineraleslunallena.com\\\/\",\"logo\":{\"@type\":\"ImageObject\",\"inLanguage\":\"ca\",\"@id\":\"https:\\\/\\\/mineraleslunallena.com\\\/#\\\/schema\\\/logo\\\/image\\\/\",\"url\":\"https:\\\/\\\/mineraleslunallena.com\\\/wp-content\\\/uploads\\\/2023\\\/07\\\/LUNA-LLENA-LOGO-nuevo.png\",\"contentUrl\":\"https:\\\/\\\/mineraleslunallena.com\\\/wp-content\\\/uploads\\\/2023\\\/07\\\/LUNA-LLENA-LOGO-nuevo.png\",\"width\":229,\"height\":167,\"caption\":\"LUNA LLENA MINERALES\"},\"image\":{\"@id\":\"https:\\\/\\\/mineraleslunallena.com\\\/#\\\/schema\\\/logo\\\/image\\\/\"}}]}<\/script>\n<!-- \/ Yoast SEO plugin. -->","yoast_head_json":{"title":"Pir\u00e1mide de Selenita | Bienestar - Serenidad - MINERALES LUNA LLENA","robots":{"index":"index","follow":"follow","max-snippet":"max-snippet:-1","max-image-preview":"max-image-preview:large","max-video-preview":"max-video-preview:-1"},"canonical":"https:\/\/mineraleslunallena.com\/ca\/producte\/piramide-selenita\/","og_locale":"ca_ES","og_type":"article","og_title":"Pir\u00e1mide de Selenita | Bienestar - Serenidad - MINERALES LUNA LLENA","og_description":"Imagina tener una Pir\u00e1mide de Selenita en tu espacio, un faro de luz y claridad espiritual. Cada \u00e1ngulo de esta estructura resplandece con la energ\u00eda purificadora de la Selenita, una piedra que eleva tu conciencia. La pir\u00e1mide act\u00faa como un im\u00e1n para la paz interior, disipando las energ\u00edas negativas y trayendo armon\u00eda a tu entorno. Al interactuar con ella, sientes c\u00f3mo tu mente se aclara y te sumerges en un estado de serenidad. Esta piedra \u00fanica no solo es un adorno, es un conducto de energ\u00eda celestial que purifica y eleva. Colocarla en tu espacio es como abrir una ventana hacia la espiritualidad y la calma. La pir\u00e1mide de Selenita se convierte en tu aliada, irradiando una luz suave pero poderosa que transforma tu entorno en un santuario de paz y elevaci\u00f3n espiritual.  &nbsp;  Cantidad: 1 Unidad. El precio es por una unidad.  Tama\u00f1o: 4 cm alto x 5 cm base aproximadamente.  Forma: Pir\u00e1mide.","og_url":"https:\/\/mineraleslunallena.com\/ca\/producte\/piramide-selenita\/","og_site_name":"MINERALES LUNA LLENA","article_modified_time":"2025-10-01T10:41:12+00:00","og_image":[{"width":1920,"height":2560,"url":"https:\/\/mineraleslunallena.com\/wp-content\/uploads\/2024\/03\/piramideselenita-scaled.jpg","type":"image\/jpeg"}],"twitter_card":"summary_large_image","twitter_misc":{"Temps estimat de lectura":"1 minut"},"schema":{"@context":"https:\/\/schema.org","@graph":[{"@type":"WebPage","@id":"https:\/\/mineraleslunallena.com\/producto\/piramide-selenita\/","url":"https:\/\/mineraleslunallena.com\/producto\/piramide-selenita\/","name":"Pir\u00e1mide de Selenita | Bienestar - Serenidad - MINERALES LUNA LLENA","isPartOf":{"@id":"https:\/\/mineraleslunallena.com\/#website"},"primaryImageOfPage":{"@id":"https:\/\/mineraleslunallena.com\/producto\/piramide-selenita\/#primaryimage"},"image":{"@id":"https:\/\/mineraleslunallena.com\/producto\/piramide-selenita\/#primaryimage"},"thumbnailUrl":"https:\/\/mineraleslunallena.com\/wp-content\/uploads\/2024\/03\/piramideselenita-scaled.jpg","datePublished":"2024-03-08T17:58:29+00:00","dateModified":"2025-10-01T10:41:12+00:00","breadcrumb":{"@id":"https:\/\/mineraleslunallena.com\/producto\/piramide-selenita\/#breadcrumb"},"inLanguage":"ca","potentialAction":[{"@type":"ReadAction","target":["https:\/\/mineraleslunallena.com\/producto\/piramide-selenita\/"]}]},{"@type":"ImageObject","inLanguage":"ca","@id":"https:\/\/mineraleslunallena.com\/producto\/piramide-selenita\/#primaryimage","url":"https:\/\/mineraleslunallena.com\/wp-content\/uploads\/2024\/03\/piramideselenita-scaled.jpg","contentUrl":"https:\/\/mineraleslunallena.com\/wp-content\/uploads\/2024\/03\/piramideselenita-scaled.jpg","width":1920,"height":2560},{"@type":"BreadcrumbList","@id":"https:\/\/mineraleslunallena.com\/producto\/piramide-selenita\/#breadcrumb","itemListElement":[{"@type":"ListItem","position":1,"name":"Portada","item":"https:\/\/mineraleslunallena.com\/"},{"@type":"ListItem","position":2,"name":"Shop","item":"https:\/\/mineraleslunallena.com\/ca\/shop\/"},{"@type":"ListItem","position":3,"name":"Pir\u00e1mide de Selenita | Bienestar &#8211; Serenidad"}]},{"@type":"WebSite","@id":"https:\/\/mineraleslunallena.com\/#website","url":"https:\/\/mineraleslunallena.com\/","name":"LLUNA PLENA MINERALS","description":"\u00c9s el moment de connectar-te amb el teu poder i confiar en les teves habilitats.","publisher":{"@id":"https:\/\/mineraleslunallena.com\/#organization"},"potentialAction":[{"@type":"SearchAction","target":{"@type":"EntryPoint","urlTemplate":"https:\/\/mineraleslunallena.com\/?s={search_term_string}"},"query-input":{"@type":"PropertyValueSpecification","valueRequired":true,"valueName":"search_term_string"}}],"inLanguage":"ca"},{"@type":"Organization","@id":"https:\/\/mineraleslunallena.com\/#organization","name":"LLUNA PLENA MINERALS","url":"https:\/\/mineraleslunallena.com\/","logo":{"@type":"ImageObject","inLanguage":"ca","@id":"https:\/\/mineraleslunallena.com\/#\/schema\/logo\/image\/","url":"https:\/\/mineraleslunallena.com\/wp-content\/uploads\/2023\/07\/LUNA-LLENA-LOGO-nuevo.png","contentUrl":"https:\/\/mineraleslunallena.com\/wp-content\/uploads\/2023\/07\/LUNA-LLENA-LOGO-nuevo.png","width":229,"height":167,"caption":"LUNA LLENA MINERALES"},"image":{"@id":"https:\/\/mineraleslunallena.com\/#\/schema\/logo\/image\/"}}]}},"_links":{"self":[{"href":"https:\/\/mineraleslunallena.com\/ca\/wp-json\/wp\/v2\/product\/2478","targetHints":{"allow":["GET"]}}],"collection":[{"href":"https:\/\/mineraleslunallena.com\/ca\/wp-json\/wp\/v2\/product"}],"about":[{"href":"https:\/\/mineraleslunallena.com\/ca\/wp-json\/wp\/v2\/types\/product"}],"version-history":[{"count":5,"href":"https:\/\/mineraleslunallena.com\/ca\/wp-json\/wp\/v2\/product\/2478\/revisions"}],"predecessor-version":[{"id":3294,"href":"https:\/\/mineraleslunallena.com\/ca\/wp-json\/wp\/v2\/product\/2478\/revisions\/3294"}],"wp:featuredmedia":[{"embeddable":true,"href":"https:\/\/mineraleslunallena.com\/ca\/wp-json\/wp\/v2\/media\/4012"}],"wp:attachment":[{"href":"https:\/\/mineraleslunallena.com\/ca\/wp-json\/wp\/v2\/media?parent=2478"}],"wp:term":[{"taxonomy":"product_cat","embeddable":true,"href":"https:\/\/mineraleslunallena.com\/ca\/wp-json\/wp\/v2\/product_cat?post=2478"},{"taxonomy":"product_tag","embeddable":true,"href":"https:\/\/mineraleslunallena.com\/ca\/wp-json\/wp\/v2\/product_tag?post=2478"}],"curies":[{"name":"wp","href":"https:\/\/api.w.org\/{rel}","templated":true}]}}