{"id":2480,"date":"2024-03-08T19:01:02","date_gmt":"2024-03-08T18:01:02","guid":{"rendered":"https:\/\/mineraleslunallena.com\/?post_type=product&#038;p=2480"},"modified":"2025-12-03T12:34:34","modified_gmt":"2025-12-03T11:34:34","slug":"bol-selenita","status":"publish","type":"product","link":"https:\/\/mineraleslunallena.com\/ca\/producte\/bol-selenita\/","title":{"rendered":"Bol Selenita Grande | Limpieza &#8211; Espiritualidad"},"content":{"rendered":"<p>Imagina poseer un majestuoso Bol de Selenita, una joya et\u00e9rea que encierra la esencia de la pureza espiritual. Este tesoro cristalino no solo es un recipiente, sino un canal divino que infunde tu entorno con serenidad y luz celestial. Cada onda sonora que emana de este bol crea una sinfon\u00eda de purificaci\u00f3n, disipando las energ\u00edas negativas y elevando tu espiritualidad. Utiliza este bol para limpiar tus minerales.<\/p>\n<p>Cantidad: 1 unidad. El precio es por una unidad.<\/p>\n<p>Tama\u00f1o: 14 cm x 5 cm aproximadamente.<\/p>\n<p>Forma: Bol.<\/p>","protected":false},"excerpt":{"rendered":"<p>Imagina poseer un majestuoso Bol de Selenita, una joya et\u00e9rea que encierra la esencia de la pureza espiritual. Este tesoro cristalino no solo es un recipiente, sino un canal divino que infunde tu entorno con serenidad y luz celestial. Cada onda sonora que emana de este bol crea una sinfon\u00eda de purificaci\u00f3n, disipando las energ\u00edas negativas y elevando tu espiritualidad. Utiliza este bol para limpiar tus minerales.<\/p>\n<p>Cantidad: 1 unidad. El precio es por una unidad.<\/p>\n<p>Tama\u00f1o: 14 cm x 5 cm aproximadamente.<\/p>\n<p>Forma: Bol.<\/p>","protected":false},"featured_media":3467,"template":"","meta":[],"product_cat":[69,75],"product_tag":[],"class_list":{"0":"post-2480","1":"product","2":"type-product","3":"status-publish","4":"has-post-thumbnail","6":"product_cat-minerales","7":"product_cat-https-mineraleslunallena-com-categoria-minerales-selenita","9":"first","10":"instock","11":"sale","12":"taxable","13":"shipping-taxable","14":"purchasable","15":"product-type-simple"},"yoast_head":"<!-- This site is optimized with the Yoast SEO plugin v27.3 - https:\/\/yoast.com\/product\/yoast-seo-wordpress\/ -->\n<title>Bol Selenita Grande | Limpieza - Espiritualidad - MINERALES LUNA LLENA<\/title>\n<meta name=\"robots\" content=\"index, follow, max-snippet:-1, max-image-preview:large, max-video-preview:-1\" \/>\n<link rel=\"canonical\" href=\"https:\/\/mineraleslunallena.com\/ca\/producte\/bol-selenita\/\" \/>\n<meta property=\"og:locale\" content=\"ca_ES\" \/>\n<meta property=\"og:type\" content=\"article\" \/>\n<meta property=\"og:title\" content=\"Bol Selenita Grande | Limpieza - Espiritualidad - MINERALES LUNA LLENA\" \/>\n<meta property=\"og:description\" content=\"Imagina poseer un majestuoso Bol de Selenita, una joya et\u00e9rea que encierra la esencia de la pureza espiritual. Este tesoro cristalino no solo es un recipiente, sino un canal divino que infunde tu entorno con serenidad y luz celestial. Cada onda sonora que emana de este bol crea una sinfon\u00eda de purificaci\u00f3n, disipando las energ\u00edas negativas y elevando tu espiritualidad. Utiliza este bol para limpiar tus minerales.  Cantidad: 1 unidad. El precio es por una unidad.  Tama\u00f1o: 14 cm x 5 cm aproximadamente.  Forma: Bol.\" \/>\n<meta property=\"og:url\" content=\"https:\/\/mineraleslunallena.com\/ca\/producte\/bol-selenita\/\" \/>\n<meta property=\"og:site_name\" content=\"MINERALES LUNA LLENA\" \/>\n<meta property=\"article:modified_time\" content=\"2025-12-03T11:34:34+00:00\" \/>\n<meta property=\"og:image\" content=\"https:\/\/mineraleslunallena.com\/wp-content\/uploads\/2024\/03\/Cuenco-grande-selenita-scaled.jpg\" \/>\n\t<meta property=\"og:image:width\" content=\"1920\" \/>\n\t<meta property=\"og:image:height\" content=\"2560\" \/>\n\t<meta property=\"og:image:type\" content=\"image\/jpeg\" \/>\n<meta name=\"twitter:card\" content=\"summary_large_image\" \/>\n<meta name=\"twitter:label1\" content=\"Temps estimat de lectura\" \/>\n\t<meta name=\"twitter:data1\" content=\"1 minut\" \/>\n<script type=\"application\/ld+json\" class=\"yoast-schema-graph\">{\"@context\":\"https:\\\/\\\/schema.org\",\"@graph\":[{\"@type\":\"WebPage\",\"@id\":\"https:\\\/\\\/mineraleslunallena.com\\\/producto\\\/bol-selenita\\\/\",\"url\":\"https:\\\/\\\/mineraleslunallena.com\\\/producto\\\/bol-selenita\\\/\",\"name\":\"Bol Selenita Grande | Limpieza - Espiritualidad - MINERALES LUNA LLENA\",\"isPartOf\":{\"@id\":\"https:\\\/\\\/mineraleslunallena.com\\\/#website\"},\"primaryImageOfPage\":{\"@id\":\"https:\\\/\\\/mineraleslunallena.com\\\/producto\\\/bol-selenita\\\/#primaryimage\"},\"image\":{\"@id\":\"https:\\\/\\\/mineraleslunallena.com\\\/producto\\\/bol-selenita\\\/#primaryimage\"},\"thumbnailUrl\":\"https:\\\/\\\/mineraleslunallena.com\\\/wp-content\\\/uploads\\\/2024\\\/03\\\/Cuenco-grande-selenita-scaled.jpg\",\"datePublished\":\"2024-03-08T18:01:02+00:00\",\"dateModified\":\"2025-12-03T11:34:34+00:00\",\"breadcrumb\":{\"@id\":\"https:\\\/\\\/mineraleslunallena.com\\\/producto\\\/bol-selenita\\\/#breadcrumb\"},\"inLanguage\":\"ca\",\"potentialAction\":[{\"@type\":\"ReadAction\",\"target\":[\"https:\\\/\\\/mineraleslunallena.com\\\/producto\\\/bol-selenita\\\/\"]}]},{\"@type\":\"ImageObject\",\"inLanguage\":\"ca\",\"@id\":\"https:\\\/\\\/mineraleslunallena.com\\\/producto\\\/bol-selenita\\\/#primaryimage\",\"url\":\"https:\\\/\\\/mineraleslunallena.com\\\/wp-content\\\/uploads\\\/2024\\\/03\\\/Cuenco-grande-selenita-scaled.jpg\",\"contentUrl\":\"https:\\\/\\\/mineraleslunallena.com\\\/wp-content\\\/uploads\\\/2024\\\/03\\\/Cuenco-grande-selenita-scaled.jpg\",\"width\":1920,\"height\":2560},{\"@type\":\"BreadcrumbList\",\"@id\":\"https:\\\/\\\/mineraleslunallena.com\\\/producto\\\/bol-selenita\\\/#breadcrumb\",\"itemListElement\":[{\"@type\":\"ListItem\",\"position\":1,\"name\":\"Portada\",\"item\":\"https:\\\/\\\/mineraleslunallena.com\\\/\"},{\"@type\":\"ListItem\",\"position\":2,\"name\":\"Shop\",\"item\":\"https:\\\/\\\/mineraleslunallena.com\\\/ca\\\/shop\\\/\"},{\"@type\":\"ListItem\",\"position\":3,\"name\":\"Bol Selenita Grande | Limpieza &#8211; Espiritualidad\"}]},{\"@type\":\"WebSite\",\"@id\":\"https:\\\/\\\/mineraleslunallena.com\\\/#website\",\"url\":\"https:\\\/\\\/mineraleslunallena.com\\\/\",\"name\":\"LUNA LLENA MINERALES\",\"description\":\"Es el momento de conectarte con tu propio poder y confiar en tus habilidades.\",\"publisher\":{\"@id\":\"https:\\\/\\\/mineraleslunallena.com\\\/#organization\"},\"potentialAction\":[{\"@type\":\"SearchAction\",\"target\":{\"@type\":\"EntryPoint\",\"urlTemplate\":\"https:\\\/\\\/mineraleslunallena.com\\\/?s={search_term_string}\"},\"query-input\":{\"@type\":\"PropertyValueSpecification\",\"valueRequired\":true,\"valueName\":\"search_term_string\"}}],\"inLanguage\":\"ca\"},{\"@type\":\"Organization\",\"@id\":\"https:\\\/\\\/mineraleslunallena.com\\\/#organization\",\"name\":\"LUNA LLENA MINERALES\",\"url\":\"https:\\\/\\\/mineraleslunallena.com\\\/\",\"logo\":{\"@type\":\"ImageObject\",\"inLanguage\":\"ca\",\"@id\":\"https:\\\/\\\/mineraleslunallena.com\\\/#\\\/schema\\\/logo\\\/image\\\/\",\"url\":\"https:\\\/\\\/mineraleslunallena.com\\\/wp-content\\\/uploads\\\/2023\\\/07\\\/LUNA-LLENA-LOGO-nuevo.png\",\"contentUrl\":\"https:\\\/\\\/mineraleslunallena.com\\\/wp-content\\\/uploads\\\/2023\\\/07\\\/LUNA-LLENA-LOGO-nuevo.png\",\"width\":229,\"height\":167,\"caption\":\"LUNA LLENA MINERALES\"},\"image\":{\"@id\":\"https:\\\/\\\/mineraleslunallena.com\\\/#\\\/schema\\\/logo\\\/image\\\/\"}}]}<\/script>\n<!-- \/ Yoast SEO plugin. -->","yoast_head_json":{"title":"Bol Selenita Grande | Limpieza - Espiritualidad - MINERALES LUNA LLENA","robots":{"index":"index","follow":"follow","max-snippet":"max-snippet:-1","max-image-preview":"max-image-preview:large","max-video-preview":"max-video-preview:-1"},"canonical":"https:\/\/mineraleslunallena.com\/ca\/producte\/bol-selenita\/","og_locale":"ca_ES","og_type":"article","og_title":"Bol Selenita Grande | Limpieza - Espiritualidad - MINERALES LUNA LLENA","og_description":"Imagina poseer un majestuoso Bol de Selenita, una joya et\u00e9rea que encierra la esencia de la pureza espiritual. Este tesoro cristalino no solo es un recipiente, sino un canal divino que infunde tu entorno con serenidad y luz celestial. Cada onda sonora que emana de este bol crea una sinfon\u00eda de purificaci\u00f3n, disipando las energ\u00edas negativas y elevando tu espiritualidad. Utiliza este bol para limpiar tus minerales.  Cantidad: 1 unidad. El precio es por una unidad.  Tama\u00f1o: 14 cm x 5 cm aproximadamente.  Forma: Bol.","og_url":"https:\/\/mineraleslunallena.com\/ca\/producte\/bol-selenita\/","og_site_name":"MINERALES LUNA LLENA","article_modified_time":"2025-12-03T11:34:34+00:00","og_image":[{"width":1920,"height":2560,"url":"https:\/\/mineraleslunallena.com\/wp-content\/uploads\/2024\/03\/Cuenco-grande-selenita-scaled.jpg","type":"image\/jpeg"}],"twitter_card":"summary_large_image","twitter_misc":{"Temps estimat de lectura":"1 minut"},"schema":{"@context":"https:\/\/schema.org","@graph":[{"@type":"WebPage","@id":"https:\/\/mineraleslunallena.com\/producto\/bol-selenita\/","url":"https:\/\/mineraleslunallena.com\/producto\/bol-selenita\/","name":"Bol Selenita Grande | Limpieza - Espiritualidad - MINERALES LUNA LLENA","isPartOf":{"@id":"https:\/\/mineraleslunallena.com\/#website"},"primaryImageOfPage":{"@id":"https:\/\/mineraleslunallena.com\/producto\/bol-selenita\/#primaryimage"},"image":{"@id":"https:\/\/mineraleslunallena.com\/producto\/bol-selenita\/#primaryimage"},"thumbnailUrl":"https:\/\/mineraleslunallena.com\/wp-content\/uploads\/2024\/03\/Cuenco-grande-selenita-scaled.jpg","datePublished":"2024-03-08T18:01:02+00:00","dateModified":"2025-12-03T11:34:34+00:00","breadcrumb":{"@id":"https:\/\/mineraleslunallena.com\/producto\/bol-selenita\/#breadcrumb"},"inLanguage":"ca","potentialAction":[{"@type":"ReadAction","target":["https:\/\/mineraleslunallena.com\/producto\/bol-selenita\/"]}]},{"@type":"ImageObject","inLanguage":"ca","@id":"https:\/\/mineraleslunallena.com\/producto\/bol-selenita\/#primaryimage","url":"https:\/\/mineraleslunallena.com\/wp-content\/uploads\/2024\/03\/Cuenco-grande-selenita-scaled.jpg","contentUrl":"https:\/\/mineraleslunallena.com\/wp-content\/uploads\/2024\/03\/Cuenco-grande-selenita-scaled.jpg","width":1920,"height":2560},{"@type":"BreadcrumbList","@id":"https:\/\/mineraleslunallena.com\/producto\/bol-selenita\/#breadcrumb","itemListElement":[{"@type":"ListItem","position":1,"name":"Portada","item":"https:\/\/mineraleslunallena.com\/"},{"@type":"ListItem","position":2,"name":"Shop","item":"https:\/\/mineraleslunallena.com\/ca\/shop\/"},{"@type":"ListItem","position":3,"name":"Bol Selenita Grande | Limpieza &#8211; Espiritualidad"}]},{"@type":"WebSite","@id":"https:\/\/mineraleslunallena.com\/#website","url":"https:\/\/mineraleslunallena.com\/","name":"LLUNA PLENA MINERALS","description":"\u00c9s el moment de connectar-te amb el teu poder i confiar en les teves habilitats.","publisher":{"@id":"https:\/\/mineraleslunallena.com\/#organization"},"potentialAction":[{"@type":"SearchAction","target":{"@type":"EntryPoint","urlTemplate":"https:\/\/mineraleslunallena.com\/?s={search_term_string}"},"query-input":{"@type":"PropertyValueSpecification","valueRequired":true,"valueName":"search_term_string"}}],"inLanguage":"ca"},{"@type":"Organization","@id":"https:\/\/mineraleslunallena.com\/#organization","name":"LLUNA PLENA MINERALS","url":"https:\/\/mineraleslunallena.com\/","logo":{"@type":"ImageObject","inLanguage":"ca","@id":"https:\/\/mineraleslunallena.com\/#\/schema\/logo\/image\/","url":"https:\/\/mineraleslunallena.com\/wp-content\/uploads\/2023\/07\/LUNA-LLENA-LOGO-nuevo.png","contentUrl":"https:\/\/mineraleslunallena.com\/wp-content\/uploads\/2023\/07\/LUNA-LLENA-LOGO-nuevo.png","width":229,"height":167,"caption":"LUNA LLENA MINERALES"},"image":{"@id":"https:\/\/mineraleslunallena.com\/#\/schema\/logo\/image\/"}}]}},"_links":{"self":[{"href":"https:\/\/mineraleslunallena.com\/ca\/wp-json\/wp\/v2\/product\/2480","targetHints":{"allow":["GET"]}}],"collection":[{"href":"https:\/\/mineraleslunallena.com\/ca\/wp-json\/wp\/v2\/product"}],"about":[{"href":"https:\/\/mineraleslunallena.com\/ca\/wp-json\/wp\/v2\/types\/product"}],"version-history":[{"count":5,"href":"https:\/\/mineraleslunallena.com\/ca\/wp-json\/wp\/v2\/product\/2480\/revisions"}],"predecessor-version":[{"id":5634,"href":"https:\/\/mineraleslunallena.com\/ca\/wp-json\/wp\/v2\/product\/2480\/revisions\/5634"}],"wp:featuredmedia":[{"embeddable":true,"href":"https:\/\/mineraleslunallena.com\/ca\/wp-json\/wp\/v2\/media\/3467"}],"wp:attachment":[{"href":"https:\/\/mineraleslunallena.com\/ca\/wp-json\/wp\/v2\/media?parent=2480"}],"wp:term":[{"taxonomy":"product_cat","embeddable":true,"href":"https:\/\/mineraleslunallena.com\/ca\/wp-json\/wp\/v2\/product_cat?post=2480"},{"taxonomy":"product_tag","embeddable":true,"href":"https:\/\/mineraleslunallena.com\/ca\/wp-json\/wp\/v2\/product_tag?post=2480"}],"curies":[{"name":"wp","href":"https:\/\/api.w.org\/{rel}","templated":true}]}}