{"id":2484,"date":"2024-03-08T19:21:08","date_gmt":"2024-03-08T18:21:08","guid":{"rendered":"https:\/\/mineraleslunallena.com\/?post_type=product&#038;p=2484"},"modified":"2025-06-13T18:09:30","modified_gmt":"2025-06-13T16:09:30","slug":"masajeador-selenita","status":"publish","type":"product","link":"https:\/\/mineraleslunallena.com\/ca\/producte\/masajeador-selenita\/","title":{"rendered":"Masajeador Selenita | Disuelve Bloqueos &#8211; Meditaci\u00f3n"},"content":{"rendered":"<p>Imagina sumergirte en la experiencia rejuvenecedora de un Masajeador de Selenita. Cada toque suave libera una cascada de energ\u00eda purificadora, disolviendo tensiones f\u00edsicas y espirituales. La Selenita, con su conexi\u00f3n a la luz lunar, calma tu ser interior y restaura la armon\u00eda energ\u00e9tica. Al deslizar este masajeador sobre tu piel, sientes c\u00f3mo se desvanecen las cargas negativas, dejando espacio para la tranquilidad. Esta herramienta no solo relaja los m\u00fasculos, sino que tambi\u00e9n eleva tu esp\u00edritu, creando un santuario de paz y claridad. Con el masajeador de Selenita, cada sesi\u00f3n se convierte en un ritual sagrado de renovaci\u00f3n y conexi\u00f3n con la espiritualidad.<\/p>\n<p>Quantitat: 1 Unitat. El preu \u00e9s per una unitat.<\/p>\n<p>Tama\u00f1o: 15 cm. aproximadamente.<\/p>\n<p>Forma: Masajeador.<\/p>","protected":false},"excerpt":{"rendered":"<p>Imagina sumergirte en la experiencia rejuvenecedora de un Masajeador de Selenita. Cada toque suave libera una cascada de energ\u00eda purificadora, disolviendo tensiones f\u00edsicas y espirituales. La Selenita, con su conexi\u00f3n a la luz lunar, calma tu ser interior y restaura la armon\u00eda energ\u00e9tica. Al deslizar este masajeador sobre tu piel, sientes c\u00f3mo se desvanecen las cargas negativas, dejando espacio para la tranquilidad. Esta herramienta no solo relaja los m\u00fasculos, sino que tambi\u00e9n eleva tu esp\u00edritu, creando un santuario de paz y claridad. Con el masajeador de Selenita, cada sesi\u00f3n se convierte en un ritual sagrado de renovaci\u00f3n y conexi\u00f3n con la espiritualidad.<\/p>\n<p>Quantitat: 1 Unitat. El preu \u00e9s per una unitat.<\/p>\n<p>Tama\u00f1o: 15 cm. aproximadamente.<\/p>\n<p>Forma: Masajeador.<\/p>","protected":false},"featured_media":3962,"template":"","meta":[],"product_cat":[69,75],"product_tag":[],"class_list":{"0":"post-2484","1":"product","2":"type-product","3":"status-publish","4":"has-post-thumbnail","6":"product_cat-minerales","7":"product_cat-https-mineraleslunallena-com-categoria-minerales-selenita","9":"first","10":"instock","11":"sale","12":"taxable","13":"shipping-taxable","14":"purchasable","15":"product-type-simple"},"yoast_head":"<!-- This site is optimized with the Yoast SEO plugin v27.3 - https:\/\/yoast.com\/product\/yoast-seo-wordpress\/ -->\n<title>Masajeador Selenita | Disuelve Bloqueos - Meditaci\u00f3n - MINERALES LUNA LLENA<\/title>\n<meta name=\"robots\" content=\"index, follow, max-snippet:-1, max-image-preview:large, max-video-preview:-1\" \/>\n<link rel=\"canonical\" href=\"https:\/\/mineraleslunallena.com\/ca\/producte\/masajeador-selenita\/\" \/>\n<meta property=\"og:locale\" content=\"ca_ES\" \/>\n<meta property=\"og:type\" content=\"article\" \/>\n<meta property=\"og:title\" content=\"Masajeador Selenita | Disuelve Bloqueos - Meditaci\u00f3n - MINERALES LUNA LLENA\" \/>\n<meta property=\"og:description\" content=\"Imagina sumergirte en la experiencia rejuvenecedora de un Masajeador de Selenita. Cada toque suave libera una cascada de energ\u00eda purificadora, disolviendo tensiones f\u00edsicas y espirituales. La Selenita, con su conexi\u00f3n a la luz lunar, calma tu ser interior y restaura la armon\u00eda energ\u00e9tica. Al deslizar este masajeador sobre tu piel, sientes c\u00f3mo se desvanecen las cargas negativas, dejando espacio para la tranquilidad. Esta herramienta no solo relaja los m\u00fasculos, sino que tambi\u00e9n eleva tu esp\u00edritu, creando un santuario de paz y claridad. Con el masajeador de Selenita, cada sesi\u00f3n se convierte en un ritual sagrado de renovaci\u00f3n y conexi\u00f3n con la espiritualidad.  Cantidad: 1 Unidad. El precio es por una unidad.  Tama\u00f1o: 15 cm. aproximadamente.  Forma: Masajeador.\" \/>\n<meta property=\"og:url\" content=\"https:\/\/mineraleslunallena.com\/ca\/producte\/masajeador-selenita\/\" \/>\n<meta property=\"og:site_name\" content=\"MINERALES LUNA LLENA\" \/>\n<meta property=\"article:modified_time\" content=\"2025-06-13T16:09:30+00:00\" \/>\n<meta property=\"og:image\" content=\"https:\/\/mineraleslunallena.com\/wp-content\/uploads\/2024\/03\/masajeador-selenita-scaled.jpg\" \/>\n\t<meta property=\"og:image:width\" content=\"1920\" \/>\n\t<meta property=\"og:image:height\" content=\"2560\" \/>\n\t<meta property=\"og:image:type\" content=\"image\/jpeg\" \/>\n<meta name=\"twitter:card\" content=\"summary_large_image\" \/>\n<meta name=\"twitter:label1\" content=\"Temps estimat de lectura\" \/>\n\t<meta name=\"twitter:data1\" content=\"1 minut\" \/>\n<script type=\"application\/ld+json\" class=\"yoast-schema-graph\">{\"@context\":\"https:\\\/\\\/schema.org\",\"@graph\":[{\"@type\":\"WebPage\",\"@id\":\"https:\\\/\\\/mineraleslunallena.com\\\/producto\\\/masajeador-selenita\\\/\",\"url\":\"https:\\\/\\\/mineraleslunallena.com\\\/producto\\\/masajeador-selenita\\\/\",\"name\":\"Masajeador Selenita | Disuelve Bloqueos - Meditaci\u00f3n - MINERALES LUNA LLENA\",\"isPartOf\":{\"@id\":\"https:\\\/\\\/mineraleslunallena.com\\\/#website\"},\"primaryImageOfPage\":{\"@id\":\"https:\\\/\\\/mineraleslunallena.com\\\/producto\\\/masajeador-selenita\\\/#primaryimage\"},\"image\":{\"@id\":\"https:\\\/\\\/mineraleslunallena.com\\\/producto\\\/masajeador-selenita\\\/#primaryimage\"},\"thumbnailUrl\":\"https:\\\/\\\/mineraleslunallena.com\\\/wp-content\\\/uploads\\\/2024\\\/03\\\/masajeador-selenita-scaled.jpg\",\"datePublished\":\"2024-03-08T18:21:08+00:00\",\"dateModified\":\"2025-06-13T16:09:30+00:00\",\"breadcrumb\":{\"@id\":\"https:\\\/\\\/mineraleslunallena.com\\\/producto\\\/masajeador-selenita\\\/#breadcrumb\"},\"inLanguage\":\"ca\",\"potentialAction\":[{\"@type\":\"ReadAction\",\"target\":[\"https:\\\/\\\/mineraleslunallena.com\\\/producto\\\/masajeador-selenita\\\/\"]}]},{\"@type\":\"ImageObject\",\"inLanguage\":\"ca\",\"@id\":\"https:\\\/\\\/mineraleslunallena.com\\\/producto\\\/masajeador-selenita\\\/#primaryimage\",\"url\":\"https:\\\/\\\/mineraleslunallena.com\\\/wp-content\\\/uploads\\\/2024\\\/03\\\/masajeador-selenita-scaled.jpg\",\"contentUrl\":\"https:\\\/\\\/mineraleslunallena.com\\\/wp-content\\\/uploads\\\/2024\\\/03\\\/masajeador-selenita-scaled.jpg\",\"width\":1920,\"height\":2560},{\"@type\":\"BreadcrumbList\",\"@id\":\"https:\\\/\\\/mineraleslunallena.com\\\/producto\\\/masajeador-selenita\\\/#breadcrumb\",\"itemListElement\":[{\"@type\":\"ListItem\",\"position\":1,\"name\":\"Portada\",\"item\":\"https:\\\/\\\/mineraleslunallena.com\\\/\"},{\"@type\":\"ListItem\",\"position\":2,\"name\":\"Shop\",\"item\":\"https:\\\/\\\/mineraleslunallena.com\\\/ca\\\/shop\\\/\"},{\"@type\":\"ListItem\",\"position\":3,\"name\":\"Masajeador Selenita | Disuelve Bloqueos &#8211; Meditaci\u00f3n\"}]},{\"@type\":\"WebSite\",\"@id\":\"https:\\\/\\\/mineraleslunallena.com\\\/#website\",\"url\":\"https:\\\/\\\/mineraleslunallena.com\\\/\",\"name\":\"LUNA LLENA MINERALES\",\"description\":\"Es el momento de conectarte con tu propio poder y confiar en tus habilidades.\",\"publisher\":{\"@id\":\"https:\\\/\\\/mineraleslunallena.com\\\/#organization\"},\"potentialAction\":[{\"@type\":\"SearchAction\",\"target\":{\"@type\":\"EntryPoint\",\"urlTemplate\":\"https:\\\/\\\/mineraleslunallena.com\\\/?s={search_term_string}\"},\"query-input\":{\"@type\":\"PropertyValueSpecification\",\"valueRequired\":true,\"valueName\":\"search_term_string\"}}],\"inLanguage\":\"ca\"},{\"@type\":\"Organization\",\"@id\":\"https:\\\/\\\/mineraleslunallena.com\\\/#organization\",\"name\":\"LUNA LLENA MINERALES\",\"url\":\"https:\\\/\\\/mineraleslunallena.com\\\/\",\"logo\":{\"@type\":\"ImageObject\",\"inLanguage\":\"ca\",\"@id\":\"https:\\\/\\\/mineraleslunallena.com\\\/#\\\/schema\\\/logo\\\/image\\\/\",\"url\":\"https:\\\/\\\/mineraleslunallena.com\\\/wp-content\\\/uploads\\\/2023\\\/07\\\/LUNA-LLENA-LOGO-nuevo.png\",\"contentUrl\":\"https:\\\/\\\/mineraleslunallena.com\\\/wp-content\\\/uploads\\\/2023\\\/07\\\/LUNA-LLENA-LOGO-nuevo.png\",\"width\":229,\"height\":167,\"caption\":\"LUNA LLENA MINERALES\"},\"image\":{\"@id\":\"https:\\\/\\\/mineraleslunallena.com\\\/#\\\/schema\\\/logo\\\/image\\\/\"}}]}<\/script>\n<!-- \/ Yoast SEO plugin. -->","yoast_head_json":{"title":"Masajeador Selenita | Disuelve Bloqueos - Meditaci\u00f3n - MINERALES LUNA LLENA","robots":{"index":"index","follow":"follow","max-snippet":"max-snippet:-1","max-image-preview":"max-image-preview:large","max-video-preview":"max-video-preview:-1"},"canonical":"https:\/\/mineraleslunallena.com\/ca\/producte\/masajeador-selenita\/","og_locale":"ca_ES","og_type":"article","og_title":"Masajeador Selenita | Disuelve Bloqueos - Meditaci\u00f3n - MINERALES LUNA LLENA","og_description":"Imagina sumergirte en la experiencia rejuvenecedora de un Masajeador de Selenita. Cada toque suave libera una cascada de energ\u00eda purificadora, disolviendo tensiones f\u00edsicas y espirituales. La Selenita, con su conexi\u00f3n a la luz lunar, calma tu ser interior y restaura la armon\u00eda energ\u00e9tica. Al deslizar este masajeador sobre tu piel, sientes c\u00f3mo se desvanecen las cargas negativas, dejando espacio para la tranquilidad. Esta herramienta no solo relaja los m\u00fasculos, sino que tambi\u00e9n eleva tu esp\u00edritu, creando un santuario de paz y claridad. Con el masajeador de Selenita, cada sesi\u00f3n se convierte en un ritual sagrado de renovaci\u00f3n y conexi\u00f3n con la espiritualidad.  Cantidad: 1 Unidad. El precio es por una unidad.  Tama\u00f1o: 15 cm. aproximadamente.  Forma: Masajeador.","og_url":"https:\/\/mineraleslunallena.com\/ca\/producte\/masajeador-selenita\/","og_site_name":"MINERALES LUNA LLENA","article_modified_time":"2025-06-13T16:09:30+00:00","og_image":[{"width":1920,"height":2560,"url":"https:\/\/mineraleslunallena.com\/wp-content\/uploads\/2024\/03\/masajeador-selenita-scaled.jpg","type":"image\/jpeg"}],"twitter_card":"summary_large_image","twitter_misc":{"Temps estimat de lectura":"1 minut"},"schema":{"@context":"https:\/\/schema.org","@graph":[{"@type":"WebPage","@id":"https:\/\/mineraleslunallena.com\/producto\/masajeador-selenita\/","url":"https:\/\/mineraleslunallena.com\/producto\/masajeador-selenita\/","name":"Masajeador Selenita | Disuelve Bloqueos - Meditaci\u00f3n - MINERALES LUNA LLENA","isPartOf":{"@id":"https:\/\/mineraleslunallena.com\/#website"},"primaryImageOfPage":{"@id":"https:\/\/mineraleslunallena.com\/producto\/masajeador-selenita\/#primaryimage"},"image":{"@id":"https:\/\/mineraleslunallena.com\/producto\/masajeador-selenita\/#primaryimage"},"thumbnailUrl":"https:\/\/mineraleslunallena.com\/wp-content\/uploads\/2024\/03\/masajeador-selenita-scaled.jpg","datePublished":"2024-03-08T18:21:08+00:00","dateModified":"2025-06-13T16:09:30+00:00","breadcrumb":{"@id":"https:\/\/mineraleslunallena.com\/producto\/masajeador-selenita\/#breadcrumb"},"inLanguage":"ca","potentialAction":[{"@type":"ReadAction","target":["https:\/\/mineraleslunallena.com\/producto\/masajeador-selenita\/"]}]},{"@type":"ImageObject","inLanguage":"ca","@id":"https:\/\/mineraleslunallena.com\/producto\/masajeador-selenita\/#primaryimage","url":"https:\/\/mineraleslunallena.com\/wp-content\/uploads\/2024\/03\/masajeador-selenita-scaled.jpg","contentUrl":"https:\/\/mineraleslunallena.com\/wp-content\/uploads\/2024\/03\/masajeador-selenita-scaled.jpg","width":1920,"height":2560},{"@type":"BreadcrumbList","@id":"https:\/\/mineraleslunallena.com\/producto\/masajeador-selenita\/#breadcrumb","itemListElement":[{"@type":"ListItem","position":1,"name":"Portada","item":"https:\/\/mineraleslunallena.com\/"},{"@type":"ListItem","position":2,"name":"Shop","item":"https:\/\/mineraleslunallena.com\/ca\/shop\/"},{"@type":"ListItem","position":3,"name":"Masajeador Selenita | Disuelve Bloqueos &#8211; Meditaci\u00f3n"}]},{"@type":"WebSite","@id":"https:\/\/mineraleslunallena.com\/#website","url":"https:\/\/mineraleslunallena.com\/","name":"LLUNA PLENA MINERALS","description":"\u00c9s el moment de connectar-te amb el teu poder i confiar en les teves habilitats.","publisher":{"@id":"https:\/\/mineraleslunallena.com\/#organization"},"potentialAction":[{"@type":"SearchAction","target":{"@type":"EntryPoint","urlTemplate":"https:\/\/mineraleslunallena.com\/?s={search_term_string}"},"query-input":{"@type":"PropertyValueSpecification","valueRequired":true,"valueName":"search_term_string"}}],"inLanguage":"ca"},{"@type":"Organization","@id":"https:\/\/mineraleslunallena.com\/#organization","name":"LLUNA PLENA MINERALS","url":"https:\/\/mineraleslunallena.com\/","logo":{"@type":"ImageObject","inLanguage":"ca","@id":"https:\/\/mineraleslunallena.com\/#\/schema\/logo\/image\/","url":"https:\/\/mineraleslunallena.com\/wp-content\/uploads\/2023\/07\/LUNA-LLENA-LOGO-nuevo.png","contentUrl":"https:\/\/mineraleslunallena.com\/wp-content\/uploads\/2023\/07\/LUNA-LLENA-LOGO-nuevo.png","width":229,"height":167,"caption":"LUNA LLENA MINERALES"},"image":{"@id":"https:\/\/mineraleslunallena.com\/#\/schema\/logo\/image\/"}}]}},"jetpack_sharing_enabled":true,"_links":{"self":[{"href":"https:\/\/mineraleslunallena.com\/ca\/wp-json\/wp\/v2\/product\/2484","targetHints":{"allow":["GET"]}}],"collection":[{"href":"https:\/\/mineraleslunallena.com\/ca\/wp-json\/wp\/v2\/product"}],"about":[{"href":"https:\/\/mineraleslunallena.com\/ca\/wp-json\/wp\/v2\/types\/product"}],"version-history":[{"count":4,"href":"https:\/\/mineraleslunallena.com\/ca\/wp-json\/wp\/v2\/product\/2484\/revisions"}],"predecessor-version":[{"id":3291,"href":"https:\/\/mineraleslunallena.com\/ca\/wp-json\/wp\/v2\/product\/2484\/revisions\/3291"}],"wp:featuredmedia":[{"embeddable":true,"href":"https:\/\/mineraleslunallena.com\/ca\/wp-json\/wp\/v2\/media\/3962"}],"wp:attachment":[{"href":"https:\/\/mineraleslunallena.com\/ca\/wp-json\/wp\/v2\/media?parent=2484"}],"wp:term":[{"taxonomy":"product_cat","embeddable":true,"href":"https:\/\/mineraleslunallena.com\/ca\/wp-json\/wp\/v2\/product_cat?post=2484"},{"taxonomy":"product_tag","embeddable":true,"href":"https:\/\/mineraleslunallena.com\/ca\/wp-json\/wp\/v2\/product_tag?post=2484"}],"curies":[{"name":"wp","href":"https:\/\/api.w.org\/{rel}","templated":true}]}}