{"id":2540,"date":"2024-03-13T14:13:01","date_gmt":"2024-03-13T13:13:01","guid":{"rendered":"https:\/\/mineraleslunallena.com\/?post_type=product&#038;p=2540"},"modified":"2025-09-05T11:33:48","modified_gmt":"2025-09-05T09:33:48","slug":"pulsera-chip-hematita-proteccion-equilibrio","status":"publish","type":"product","link":"https:\/\/mineraleslunallena.com\/ca\/producte\/pulsera-chip-hematita-proteccion-equilibrio\/","title":{"rendered":"Pulsera Chip Hematita | Protecci\u00f3n &#8211; Equilibrio"},"content":{"rendered":"<p>Imagina llevar en tu mu\u00f1eca la fuerza magn\u00e9tica de la Hematita en forma de chips en una pulsera el\u00e1stica. Esta joya se convierte en un escudo protector. Con su energ\u00eda arraigada, te conecta con la tierra y equilibra tus energ\u00edas sutiles. En cada chip, sientes la estabilidad y la vitalidad que emana de este mineral. Esta pulsera es un recordatorio constante de tu fortaleza interna y tu capacidad para mantener el equilibrio en el fluir de la vida.<\/p>\n<p>Quantitat: 1 Unitat. El preu \u00e9s per una unitat.<\/p>\n<p>Forma: Pulsera chip, el\u00e1stica.<\/p>","protected":false},"excerpt":{"rendered":"<p>Imagina llevar en tu mu\u00f1eca la fuerza magn\u00e9tica de la Hematita en forma de chips en una pulsera el\u00e1stica. Esta joya se convierte en un escudo protector. Con su energ\u00eda arraigada, te conecta con la tierra y equilibra tus energ\u00edas sutiles. En cada chip, sientes la estabilidad y la vitalidad que emana de este mineral. Esta pulsera es un recordatorio constante de tu fortaleza interna y tu capacidad para mantener el equilibrio en el fluir de la vida.<\/p>\n<p>Quantitat: 1 Unitat. El preu \u00e9s per una unitat.<\/p>\n<p>Forma: Pulsera chip, el\u00e1stica.<\/p>","protected":false},"featured_media":2705,"template":"","meta":[],"product_cat":[70,78,103],"product_tag":[],"class_list":{"0":"post-2540","1":"product","2":"type-product","3":"status-publish","4":"has-post-thumbnail","6":"product_cat-joyas-y-accesorios","7":"product_cat-pulseras","8":"product_cat-pulseras-chip","10":"first","11":"instock","12":"sale","13":"taxable","14":"shipping-taxable","15":"purchasable","16":"product-type-simple"},"yoast_head":"<!-- This site is optimized with the Yoast SEO plugin v27.3 - https:\/\/yoast.com\/product\/yoast-seo-wordpress\/ -->\n<title>Pulsera Chip Hematita | Protecci\u00f3n - Equilibrio - MINERALES LUNA LLENA<\/title>\n<meta name=\"robots\" content=\"index, follow, max-snippet:-1, max-image-preview:large, max-video-preview:-1\" \/>\n<link rel=\"canonical\" href=\"https:\/\/mineraleslunallena.com\/ca\/producte\/pulsera-chip-hematita-proteccion-equilibrio\/\" \/>\n<meta property=\"og:locale\" content=\"ca_ES\" \/>\n<meta property=\"og:type\" content=\"article\" \/>\n<meta property=\"og:title\" content=\"Pulsera Chip Hematita | Protecci\u00f3n - Equilibrio - MINERALES LUNA LLENA\" \/>\n<meta property=\"og:description\" content=\"Imagina llevar en tu mu\u00f1eca la fuerza magn\u00e9tica de la Hematita en forma de chips en una pulsera el\u00e1stica. Esta joya se convierte en un escudo protector. Con su energ\u00eda arraigada, te conecta con la tierra y equilibra tus energ\u00edas sutiles. En cada chip, sientes la estabilidad y la vitalidad que emana de este mineral. Esta pulsera es un recordatorio constante de tu fortaleza interna y tu capacidad para mantener el equilibrio en el fluir de la vida.  Cantidad: 1 Unidad. El precio es por una unidad.  Forma: Pulsera chip, el\u00e1stica.\" \/>\n<meta property=\"og:url\" content=\"https:\/\/mineraleslunallena.com\/ca\/producte\/pulsera-chip-hematita-proteccion-equilibrio\/\" \/>\n<meta property=\"og:site_name\" content=\"MINERALES LUNA LLENA\" \/>\n<meta property=\"article:modified_time\" content=\"2025-09-05T09:33:48+00:00\" \/>\n<meta property=\"og:image\" content=\"https:\/\/mineraleslunallena.com\/wp-content\/uploads\/2024\/03\/Pulsera-Chip-Hematita-scaled.jpg\" \/>\n\t<meta property=\"og:image:width\" content=\"1920\" \/>\n\t<meta property=\"og:image:height\" content=\"2560\" \/>\n\t<meta property=\"og:image:type\" content=\"image\/jpeg\" \/>\n<meta name=\"twitter:card\" content=\"summary_large_image\" \/>\n<meta name=\"twitter:label1\" content=\"Temps estimat de lectura\" \/>\n\t<meta name=\"twitter:data1\" content=\"1 minut\" \/>\n<script type=\"application\/ld+json\" class=\"yoast-schema-graph\">{\"@context\":\"https:\\\/\\\/schema.org\",\"@graph\":[{\"@type\":\"WebPage\",\"@id\":\"https:\\\/\\\/mineraleslunallena.com\\\/producto\\\/pulsera-chip-hematita-proteccion-equilibrio\\\/\",\"url\":\"https:\\\/\\\/mineraleslunallena.com\\\/producto\\\/pulsera-chip-hematita-proteccion-equilibrio\\\/\",\"name\":\"Pulsera Chip Hematita | Protecci\u00f3n - Equilibrio - MINERALES LUNA LLENA\",\"isPartOf\":{\"@id\":\"https:\\\/\\\/mineraleslunallena.com\\\/#website\"},\"primaryImageOfPage\":{\"@id\":\"https:\\\/\\\/mineraleslunallena.com\\\/producto\\\/pulsera-chip-hematita-proteccion-equilibrio\\\/#primaryimage\"},\"image\":{\"@id\":\"https:\\\/\\\/mineraleslunallena.com\\\/producto\\\/pulsera-chip-hematita-proteccion-equilibrio\\\/#primaryimage\"},\"thumbnailUrl\":\"https:\\\/\\\/mineraleslunallena.com\\\/wp-content\\\/uploads\\\/2024\\\/03\\\/Pulsera-Chip-Hematita-scaled.jpg\",\"datePublished\":\"2024-03-13T13:13:01+00:00\",\"dateModified\":\"2025-09-05T09:33:48+00:00\",\"breadcrumb\":{\"@id\":\"https:\\\/\\\/mineraleslunallena.com\\\/producto\\\/pulsera-chip-hematita-proteccion-equilibrio\\\/#breadcrumb\"},\"inLanguage\":\"ca\",\"potentialAction\":[{\"@type\":\"ReadAction\",\"target\":[\"https:\\\/\\\/mineraleslunallena.com\\\/producto\\\/pulsera-chip-hematita-proteccion-equilibrio\\\/\"]}]},{\"@type\":\"ImageObject\",\"inLanguage\":\"ca\",\"@id\":\"https:\\\/\\\/mineraleslunallena.com\\\/producto\\\/pulsera-chip-hematita-proteccion-equilibrio\\\/#primaryimage\",\"url\":\"https:\\\/\\\/mineraleslunallena.com\\\/wp-content\\\/uploads\\\/2024\\\/03\\\/Pulsera-Chip-Hematita-scaled.jpg\",\"contentUrl\":\"https:\\\/\\\/mineraleslunallena.com\\\/wp-content\\\/uploads\\\/2024\\\/03\\\/Pulsera-Chip-Hematita-scaled.jpg\",\"width\":1920,\"height\":2560},{\"@type\":\"BreadcrumbList\",\"@id\":\"https:\\\/\\\/mineraleslunallena.com\\\/producto\\\/pulsera-chip-hematita-proteccion-equilibrio\\\/#breadcrumb\",\"itemListElement\":[{\"@type\":\"ListItem\",\"position\":1,\"name\":\"Portada\",\"item\":\"https:\\\/\\\/mineraleslunallena.com\\\/\"},{\"@type\":\"ListItem\",\"position\":2,\"name\":\"Shop\",\"item\":\"https:\\\/\\\/mineraleslunallena.com\\\/ca\\\/shop\\\/\"},{\"@type\":\"ListItem\",\"position\":3,\"name\":\"Pulsera Chip Hematita | Protecci\u00f3n &#8211; Equilibrio\"}]},{\"@type\":\"WebSite\",\"@id\":\"https:\\\/\\\/mineraleslunallena.com\\\/#website\",\"url\":\"https:\\\/\\\/mineraleslunallena.com\\\/\",\"name\":\"LUNA LLENA MINERALES\",\"description\":\"Es el momento de conectarte con tu propio poder y confiar en tus habilidades.\",\"publisher\":{\"@id\":\"https:\\\/\\\/mineraleslunallena.com\\\/#organization\"},\"potentialAction\":[{\"@type\":\"SearchAction\",\"target\":{\"@type\":\"EntryPoint\",\"urlTemplate\":\"https:\\\/\\\/mineraleslunallena.com\\\/?s={search_term_string}\"},\"query-input\":{\"@type\":\"PropertyValueSpecification\",\"valueRequired\":true,\"valueName\":\"search_term_string\"}}],\"inLanguage\":\"ca\"},{\"@type\":\"Organization\",\"@id\":\"https:\\\/\\\/mineraleslunallena.com\\\/#organization\",\"name\":\"LUNA LLENA MINERALES\",\"url\":\"https:\\\/\\\/mineraleslunallena.com\\\/\",\"logo\":{\"@type\":\"ImageObject\",\"inLanguage\":\"ca\",\"@id\":\"https:\\\/\\\/mineraleslunallena.com\\\/#\\\/schema\\\/logo\\\/image\\\/\",\"url\":\"https:\\\/\\\/mineraleslunallena.com\\\/wp-content\\\/uploads\\\/2023\\\/07\\\/LUNA-LLENA-LOGO-nuevo.png\",\"contentUrl\":\"https:\\\/\\\/mineraleslunallena.com\\\/wp-content\\\/uploads\\\/2023\\\/07\\\/LUNA-LLENA-LOGO-nuevo.png\",\"width\":229,\"height\":167,\"caption\":\"LUNA LLENA MINERALES\"},\"image\":{\"@id\":\"https:\\\/\\\/mineraleslunallena.com\\\/#\\\/schema\\\/logo\\\/image\\\/\"}}]}<\/script>\n<!-- \/ Yoast SEO plugin. -->","yoast_head_json":{"title":"Pulsera Chip Hematita | Protecci\u00f3n - Equilibrio - MINERALES LUNA LLENA","robots":{"index":"index","follow":"follow","max-snippet":"max-snippet:-1","max-image-preview":"max-image-preview:large","max-video-preview":"max-video-preview:-1"},"canonical":"https:\/\/mineraleslunallena.com\/ca\/producte\/pulsera-chip-hematita-proteccion-equilibrio\/","og_locale":"ca_ES","og_type":"article","og_title":"Pulsera Chip Hematita | Protecci\u00f3n - Equilibrio - MINERALES LUNA LLENA","og_description":"Imagina llevar en tu mu\u00f1eca la fuerza magn\u00e9tica de la Hematita en forma de chips en una pulsera el\u00e1stica. Esta joya se convierte en un escudo protector. Con su energ\u00eda arraigada, te conecta con la tierra y equilibra tus energ\u00edas sutiles. En cada chip, sientes la estabilidad y la vitalidad que emana de este mineral. Esta pulsera es un recordatorio constante de tu fortaleza interna y tu capacidad para mantener el equilibrio en el fluir de la vida.  Cantidad: 1 Unidad. El precio es por una unidad.  Forma: Pulsera chip, el\u00e1stica.","og_url":"https:\/\/mineraleslunallena.com\/ca\/producte\/pulsera-chip-hematita-proteccion-equilibrio\/","og_site_name":"MINERALES LUNA LLENA","article_modified_time":"2025-09-05T09:33:48+00:00","og_image":[{"width":1920,"height":2560,"url":"https:\/\/mineraleslunallena.com\/wp-content\/uploads\/2024\/03\/Pulsera-Chip-Hematita-scaled.jpg","type":"image\/jpeg"}],"twitter_card":"summary_large_image","twitter_misc":{"Temps estimat de lectura":"1 minut"},"schema":{"@context":"https:\/\/schema.org","@graph":[{"@type":"WebPage","@id":"https:\/\/mineraleslunallena.com\/producto\/pulsera-chip-hematita-proteccion-equilibrio\/","url":"https:\/\/mineraleslunallena.com\/producto\/pulsera-chip-hematita-proteccion-equilibrio\/","name":"Pulsera Chip Hematita | Protecci\u00f3n - Equilibrio - MINERALES LUNA LLENA","isPartOf":{"@id":"https:\/\/mineraleslunallena.com\/#website"},"primaryImageOfPage":{"@id":"https:\/\/mineraleslunallena.com\/producto\/pulsera-chip-hematita-proteccion-equilibrio\/#primaryimage"},"image":{"@id":"https:\/\/mineraleslunallena.com\/producto\/pulsera-chip-hematita-proteccion-equilibrio\/#primaryimage"},"thumbnailUrl":"https:\/\/mineraleslunallena.com\/wp-content\/uploads\/2024\/03\/Pulsera-Chip-Hematita-scaled.jpg","datePublished":"2024-03-13T13:13:01+00:00","dateModified":"2025-09-05T09:33:48+00:00","breadcrumb":{"@id":"https:\/\/mineraleslunallena.com\/producto\/pulsera-chip-hematita-proteccion-equilibrio\/#breadcrumb"},"inLanguage":"ca","potentialAction":[{"@type":"ReadAction","target":["https:\/\/mineraleslunallena.com\/producto\/pulsera-chip-hematita-proteccion-equilibrio\/"]}]},{"@type":"ImageObject","inLanguage":"ca","@id":"https:\/\/mineraleslunallena.com\/producto\/pulsera-chip-hematita-proteccion-equilibrio\/#primaryimage","url":"https:\/\/mineraleslunallena.com\/wp-content\/uploads\/2024\/03\/Pulsera-Chip-Hematita-scaled.jpg","contentUrl":"https:\/\/mineraleslunallena.com\/wp-content\/uploads\/2024\/03\/Pulsera-Chip-Hematita-scaled.jpg","width":1920,"height":2560},{"@type":"BreadcrumbList","@id":"https:\/\/mineraleslunallena.com\/producto\/pulsera-chip-hematita-proteccion-equilibrio\/#breadcrumb","itemListElement":[{"@type":"ListItem","position":1,"name":"Portada","item":"https:\/\/mineraleslunallena.com\/"},{"@type":"ListItem","position":2,"name":"Shop","item":"https:\/\/mineraleslunallena.com\/ca\/shop\/"},{"@type":"ListItem","position":3,"name":"Pulsera Chip Hematita | Protecci\u00f3n &#8211; Equilibrio"}]},{"@type":"WebSite","@id":"https:\/\/mineraleslunallena.com\/#website","url":"https:\/\/mineraleslunallena.com\/","name":"LLUNA PLENA MINERALS","description":"\u00c9s el moment de connectar-te amb el teu poder i confiar en les teves habilitats.","publisher":{"@id":"https:\/\/mineraleslunallena.com\/#organization"},"potentialAction":[{"@type":"SearchAction","target":{"@type":"EntryPoint","urlTemplate":"https:\/\/mineraleslunallena.com\/?s={search_term_string}"},"query-input":{"@type":"PropertyValueSpecification","valueRequired":true,"valueName":"search_term_string"}}],"inLanguage":"ca"},{"@type":"Organization","@id":"https:\/\/mineraleslunallena.com\/#organization","name":"LLUNA PLENA MINERALS","url":"https:\/\/mineraleslunallena.com\/","logo":{"@type":"ImageObject","inLanguage":"ca","@id":"https:\/\/mineraleslunallena.com\/#\/schema\/logo\/image\/","url":"https:\/\/mineraleslunallena.com\/wp-content\/uploads\/2023\/07\/LUNA-LLENA-LOGO-nuevo.png","contentUrl":"https:\/\/mineraleslunallena.com\/wp-content\/uploads\/2023\/07\/LUNA-LLENA-LOGO-nuevo.png","width":229,"height":167,"caption":"LUNA LLENA MINERALES"},"image":{"@id":"https:\/\/mineraleslunallena.com\/#\/schema\/logo\/image\/"}}]}},"jetpack_sharing_enabled":true,"_links":{"self":[{"href":"https:\/\/mineraleslunallena.com\/ca\/wp-json\/wp\/v2\/product\/2540","targetHints":{"allow":["GET"]}}],"collection":[{"href":"https:\/\/mineraleslunallena.com\/ca\/wp-json\/wp\/v2\/product"}],"about":[{"href":"https:\/\/mineraleslunallena.com\/ca\/wp-json\/wp\/v2\/types\/product"}],"version-history":[{"count":4,"href":"https:\/\/mineraleslunallena.com\/ca\/wp-json\/wp\/v2\/product\/2540\/revisions"}],"predecessor-version":[{"id":3279,"href":"https:\/\/mineraleslunallena.com\/ca\/wp-json\/wp\/v2\/product\/2540\/revisions\/3279"}],"wp:featuredmedia":[{"embeddable":true,"href":"https:\/\/mineraleslunallena.com\/ca\/wp-json\/wp\/v2\/media\/2705"}],"wp:attachment":[{"href":"https:\/\/mineraleslunallena.com\/ca\/wp-json\/wp\/v2\/media?parent=2540"}],"wp:term":[{"taxonomy":"product_cat","embeddable":true,"href":"https:\/\/mineraleslunallena.com\/ca\/wp-json\/wp\/v2\/product_cat?post=2540"},{"taxonomy":"product_tag","embeddable":true,"href":"https:\/\/mineraleslunallena.com\/ca\/wp-json\/wp\/v2\/product_tag?post=2540"}],"curies":[{"name":"wp","href":"https:\/\/api.w.org\/{rel}","templated":true}]}}