{"id":2553,"date":"2024-03-13T15:51:45","date_gmt":"2024-03-13T14:51:45","guid":{"rendered":"https:\/\/mineraleslunallena.com\/?post_type=product&#038;p=2553"},"modified":"2025-08-25T14:16:03","modified_gmt":"2025-08-25T12:16:03","slug":"pulsera-chip-apatito-azul-felicidad-alinear","status":"publish","type":"product","link":"https:\/\/mineraleslunallena.com\/ca\/producte\/pulsera-chip-apatito-azul-felicidad-alinear\/","title":{"rendered":"Pulsera chip Apatito Azul | Felicidad &#8211; Alinear"},"content":{"rendered":"<p>Imagina la pulsera de Apatita Azul como un portal hacia la serenidad interior. Sus vibraciones espirituales act\u00faan como un suave susurro al alma, despejando la mente de la niebla emocional. Esta piedra preciosa, con su tonalidad celestial, se convierte en un faro de claridad mental, facilitando la comunicaci\u00f3n con uno mismo y con el universo. Abre la puerta a la autoexpresi\u00f3n, sino que tambi\u00e9n nutre la conexi\u00f3n con lo divino, gui\u00e1ndote hacia la comprensi\u00f3n espiritual.<\/p>\n<p>Quantitat: 1 Unitat. El preu \u00e9s per una unitat.<\/p>\n<p>Forma: Chip, el\u00e1stica.<\/p>","protected":false},"excerpt":{"rendered":"<p>Imagina la pulsera de Apatita Azul como un portal hacia la serenidad interior. Sus vibraciones espirituales act\u00faan como un suave susurro al alma, despejando la mente de la niebla emocional. Esta piedra preciosa, con su tonalidad celestial, se convierte en un faro de claridad mental, facilitando la comunicaci\u00f3n con uno mismo y con el universo. Abre la puerta a la autoexpresi\u00f3n, sino que tambi\u00e9n nutre la conexi\u00f3n con lo divino, gui\u00e1ndote hacia la comprensi\u00f3n espiritual.<\/p>\n<p>Quantitat: 1 Unitat. El preu \u00e9s per una unitat.<\/p>\n<p>Forma: Chip, el\u00e1stica.<\/p>","protected":false},"featured_media":2701,"template":"","meta":[],"product_cat":[70,78,103],"product_tag":[],"class_list":{"0":"post-2553","1":"product","2":"type-product","3":"status-publish","4":"has-post-thumbnail","6":"product_cat-joyas-y-accesorios","7":"product_cat-pulseras","8":"product_cat-pulseras-chip","10":"first","11":"instock","12":"sale","13":"taxable","14":"shipping-taxable","15":"purchasable","16":"product-type-simple"},"yoast_head":"<!-- This site is optimized with the Yoast SEO plugin v27.3 - https:\/\/yoast.com\/product\/yoast-seo-wordpress\/ -->\n<title>Pulsera chip Apatito Azul | Felicidad - Alinear - MINERALES LUNA LLENA<\/title>\n<meta name=\"robots\" content=\"index, follow, max-snippet:-1, max-image-preview:large, max-video-preview:-1\" \/>\n<link rel=\"canonical\" href=\"https:\/\/mineraleslunallena.com\/ca\/producte\/pulsera-chip-apatito-azul-felicidad-alinear\/\" \/>\n<meta property=\"og:locale\" content=\"ca_ES\" \/>\n<meta property=\"og:type\" content=\"article\" \/>\n<meta property=\"og:title\" content=\"Pulsera chip Apatito Azul | Felicidad - Alinear - MINERALES LUNA LLENA\" \/>\n<meta property=\"og:description\" content=\"Imagina la pulsera de Apatita Azul como un portal hacia la serenidad interior. Sus vibraciones espirituales act\u00faan como un suave susurro al alma, despejando la mente de la niebla emocional. Esta piedra preciosa, con su tonalidad celestial, se convierte en un faro de claridad mental, facilitando la comunicaci\u00f3n con uno mismo y con el universo. Abre la puerta a la autoexpresi\u00f3n, sino que tambi\u00e9n nutre la conexi\u00f3n con lo divino, gui\u00e1ndote hacia la comprensi\u00f3n espiritual.  Cantidad: 1 Unidad. El precio es por una unidad.  Forma: Chip, el\u00e1stica.\" \/>\n<meta property=\"og:url\" content=\"https:\/\/mineraleslunallena.com\/ca\/producte\/pulsera-chip-apatito-azul-felicidad-alinear\/\" \/>\n<meta property=\"og:site_name\" content=\"MINERALES LUNA LLENA\" \/>\n<meta property=\"article:modified_time\" content=\"2025-08-25T12:16:03+00:00\" \/>\n<meta property=\"og:image\" content=\"https:\/\/mineraleslunallena.com\/wp-content\/uploads\/2024\/03\/Pulsera-chip-Apatito-Azul-scaled.jpg\" \/>\n\t<meta property=\"og:image:width\" content=\"1920\" \/>\n\t<meta property=\"og:image:height\" content=\"2560\" \/>\n\t<meta property=\"og:image:type\" content=\"image\/jpeg\" \/>\n<meta name=\"twitter:card\" content=\"summary_large_image\" \/>\n<meta name=\"twitter:label1\" content=\"Temps estimat de lectura\" \/>\n\t<meta name=\"twitter:data1\" content=\"1 minut\" \/>\n<script type=\"application\/ld+json\" class=\"yoast-schema-graph\">{\"@context\":\"https:\\\/\\\/schema.org\",\"@graph\":[{\"@type\":\"WebPage\",\"@id\":\"https:\\\/\\\/mineraleslunallena.com\\\/producto\\\/pulsera-chip-apatito-azul-felicidad-alinear\\\/\",\"url\":\"https:\\\/\\\/mineraleslunallena.com\\\/producto\\\/pulsera-chip-apatito-azul-felicidad-alinear\\\/\",\"name\":\"Pulsera chip Apatito Azul | Felicidad - Alinear - MINERALES LUNA LLENA\",\"isPartOf\":{\"@id\":\"https:\\\/\\\/mineraleslunallena.com\\\/#website\"},\"primaryImageOfPage\":{\"@id\":\"https:\\\/\\\/mineraleslunallena.com\\\/producto\\\/pulsera-chip-apatito-azul-felicidad-alinear\\\/#primaryimage\"},\"image\":{\"@id\":\"https:\\\/\\\/mineraleslunallena.com\\\/producto\\\/pulsera-chip-apatito-azul-felicidad-alinear\\\/#primaryimage\"},\"thumbnailUrl\":\"https:\\\/\\\/mineraleslunallena.com\\\/wp-content\\\/uploads\\\/2024\\\/03\\\/Pulsera-chip-Apatito-Azul-scaled.jpg\",\"datePublished\":\"2024-03-13T14:51:45+00:00\",\"dateModified\":\"2025-08-25T12:16:03+00:00\",\"breadcrumb\":{\"@id\":\"https:\\\/\\\/mineraleslunallena.com\\\/producto\\\/pulsera-chip-apatito-azul-felicidad-alinear\\\/#breadcrumb\"},\"inLanguage\":\"ca\",\"potentialAction\":[{\"@type\":\"ReadAction\",\"target\":[\"https:\\\/\\\/mineraleslunallena.com\\\/producto\\\/pulsera-chip-apatito-azul-felicidad-alinear\\\/\"]}]},{\"@type\":\"ImageObject\",\"inLanguage\":\"ca\",\"@id\":\"https:\\\/\\\/mineraleslunallena.com\\\/producto\\\/pulsera-chip-apatito-azul-felicidad-alinear\\\/#primaryimage\",\"url\":\"https:\\\/\\\/mineraleslunallena.com\\\/wp-content\\\/uploads\\\/2024\\\/03\\\/Pulsera-chip-Apatito-Azul-scaled.jpg\",\"contentUrl\":\"https:\\\/\\\/mineraleslunallena.com\\\/wp-content\\\/uploads\\\/2024\\\/03\\\/Pulsera-chip-Apatito-Azul-scaled.jpg\",\"width\":1920,\"height\":2560},{\"@type\":\"BreadcrumbList\",\"@id\":\"https:\\\/\\\/mineraleslunallena.com\\\/producto\\\/pulsera-chip-apatito-azul-felicidad-alinear\\\/#breadcrumb\",\"itemListElement\":[{\"@type\":\"ListItem\",\"position\":1,\"name\":\"Portada\",\"item\":\"https:\\\/\\\/mineraleslunallena.com\\\/\"},{\"@type\":\"ListItem\",\"position\":2,\"name\":\"Shop\",\"item\":\"https:\\\/\\\/mineraleslunallena.com\\\/ca\\\/shop\\\/\"},{\"@type\":\"ListItem\",\"position\":3,\"name\":\"Pulsera chip Apatito Azul | Felicidad &#8211; Alinear\"}]},{\"@type\":\"WebSite\",\"@id\":\"https:\\\/\\\/mineraleslunallena.com\\\/#website\",\"url\":\"https:\\\/\\\/mineraleslunallena.com\\\/\",\"name\":\"LUNA LLENA MINERALES\",\"description\":\"Es el momento de conectarte con tu propio poder y confiar en tus habilidades.\",\"publisher\":{\"@id\":\"https:\\\/\\\/mineraleslunallena.com\\\/#organization\"},\"potentialAction\":[{\"@type\":\"SearchAction\",\"target\":{\"@type\":\"EntryPoint\",\"urlTemplate\":\"https:\\\/\\\/mineraleslunallena.com\\\/?s={search_term_string}\"},\"query-input\":{\"@type\":\"PropertyValueSpecification\",\"valueRequired\":true,\"valueName\":\"search_term_string\"}}],\"inLanguage\":\"ca\"},{\"@type\":\"Organization\",\"@id\":\"https:\\\/\\\/mineraleslunallena.com\\\/#organization\",\"name\":\"LUNA LLENA MINERALES\",\"url\":\"https:\\\/\\\/mineraleslunallena.com\\\/\",\"logo\":{\"@type\":\"ImageObject\",\"inLanguage\":\"ca\",\"@id\":\"https:\\\/\\\/mineraleslunallena.com\\\/#\\\/schema\\\/logo\\\/image\\\/\",\"url\":\"https:\\\/\\\/mineraleslunallena.com\\\/wp-content\\\/uploads\\\/2023\\\/07\\\/LUNA-LLENA-LOGO-nuevo.png\",\"contentUrl\":\"https:\\\/\\\/mineraleslunallena.com\\\/wp-content\\\/uploads\\\/2023\\\/07\\\/LUNA-LLENA-LOGO-nuevo.png\",\"width\":229,\"height\":167,\"caption\":\"LUNA LLENA MINERALES\"},\"image\":{\"@id\":\"https:\\\/\\\/mineraleslunallena.com\\\/#\\\/schema\\\/logo\\\/image\\\/\"}}]}<\/script>\n<!-- \/ Yoast SEO plugin. -->","yoast_head_json":{"title":"Pulsera chip Apatito Azul | Felicidad - Alinear - MINERALES LUNA LLENA","robots":{"index":"index","follow":"follow","max-snippet":"max-snippet:-1","max-image-preview":"max-image-preview:large","max-video-preview":"max-video-preview:-1"},"canonical":"https:\/\/mineraleslunallena.com\/ca\/producte\/pulsera-chip-apatito-azul-felicidad-alinear\/","og_locale":"ca_ES","og_type":"article","og_title":"Pulsera chip Apatito Azul | Felicidad - Alinear - MINERALES LUNA LLENA","og_description":"Imagina la pulsera de Apatita Azul como un portal hacia la serenidad interior. Sus vibraciones espirituales act\u00faan como un suave susurro al alma, despejando la mente de la niebla emocional. Esta piedra preciosa, con su tonalidad celestial, se convierte en un faro de claridad mental, facilitando la comunicaci\u00f3n con uno mismo y con el universo. Abre la puerta a la autoexpresi\u00f3n, sino que tambi\u00e9n nutre la conexi\u00f3n con lo divino, gui\u00e1ndote hacia la comprensi\u00f3n espiritual.  Cantidad: 1 Unidad. El precio es por una unidad.  Forma: Chip, el\u00e1stica.","og_url":"https:\/\/mineraleslunallena.com\/ca\/producte\/pulsera-chip-apatito-azul-felicidad-alinear\/","og_site_name":"MINERALES LUNA LLENA","article_modified_time":"2025-08-25T12:16:03+00:00","og_image":[{"width":1920,"height":2560,"url":"https:\/\/mineraleslunallena.com\/wp-content\/uploads\/2024\/03\/Pulsera-chip-Apatito-Azul-scaled.jpg","type":"image\/jpeg"}],"twitter_card":"summary_large_image","twitter_misc":{"Temps estimat de lectura":"1 minut"},"schema":{"@context":"https:\/\/schema.org","@graph":[{"@type":"WebPage","@id":"https:\/\/mineraleslunallena.com\/producto\/pulsera-chip-apatito-azul-felicidad-alinear\/","url":"https:\/\/mineraleslunallena.com\/producto\/pulsera-chip-apatito-azul-felicidad-alinear\/","name":"Pulsera chip Apatito Azul | Felicidad - Alinear - MINERALES LUNA LLENA","isPartOf":{"@id":"https:\/\/mineraleslunallena.com\/#website"},"primaryImageOfPage":{"@id":"https:\/\/mineraleslunallena.com\/producto\/pulsera-chip-apatito-azul-felicidad-alinear\/#primaryimage"},"image":{"@id":"https:\/\/mineraleslunallena.com\/producto\/pulsera-chip-apatito-azul-felicidad-alinear\/#primaryimage"},"thumbnailUrl":"https:\/\/mineraleslunallena.com\/wp-content\/uploads\/2024\/03\/Pulsera-chip-Apatito-Azul-scaled.jpg","datePublished":"2024-03-13T14:51:45+00:00","dateModified":"2025-08-25T12:16:03+00:00","breadcrumb":{"@id":"https:\/\/mineraleslunallena.com\/producto\/pulsera-chip-apatito-azul-felicidad-alinear\/#breadcrumb"},"inLanguage":"ca","potentialAction":[{"@type":"ReadAction","target":["https:\/\/mineraleslunallena.com\/producto\/pulsera-chip-apatito-azul-felicidad-alinear\/"]}]},{"@type":"ImageObject","inLanguage":"ca","@id":"https:\/\/mineraleslunallena.com\/producto\/pulsera-chip-apatito-azul-felicidad-alinear\/#primaryimage","url":"https:\/\/mineraleslunallena.com\/wp-content\/uploads\/2024\/03\/Pulsera-chip-Apatito-Azul-scaled.jpg","contentUrl":"https:\/\/mineraleslunallena.com\/wp-content\/uploads\/2024\/03\/Pulsera-chip-Apatito-Azul-scaled.jpg","width":1920,"height":2560},{"@type":"BreadcrumbList","@id":"https:\/\/mineraleslunallena.com\/producto\/pulsera-chip-apatito-azul-felicidad-alinear\/#breadcrumb","itemListElement":[{"@type":"ListItem","position":1,"name":"Portada","item":"https:\/\/mineraleslunallena.com\/"},{"@type":"ListItem","position":2,"name":"Shop","item":"https:\/\/mineraleslunallena.com\/ca\/shop\/"},{"@type":"ListItem","position":3,"name":"Pulsera chip Apatito Azul | Felicidad &#8211; Alinear"}]},{"@type":"WebSite","@id":"https:\/\/mineraleslunallena.com\/#website","url":"https:\/\/mineraleslunallena.com\/","name":"LLUNA PLENA MINERALS","description":"\u00c9s el moment de connectar-te amb el teu poder i confiar en les teves habilitats.","publisher":{"@id":"https:\/\/mineraleslunallena.com\/#organization"},"potentialAction":[{"@type":"SearchAction","target":{"@type":"EntryPoint","urlTemplate":"https:\/\/mineraleslunallena.com\/?s={search_term_string}"},"query-input":{"@type":"PropertyValueSpecification","valueRequired":true,"valueName":"search_term_string"}}],"inLanguage":"ca"},{"@type":"Organization","@id":"https:\/\/mineraleslunallena.com\/#organization","name":"LLUNA PLENA MINERALS","url":"https:\/\/mineraleslunallena.com\/","logo":{"@type":"ImageObject","inLanguage":"ca","@id":"https:\/\/mineraleslunallena.com\/#\/schema\/logo\/image\/","url":"https:\/\/mineraleslunallena.com\/wp-content\/uploads\/2023\/07\/LUNA-LLENA-LOGO-nuevo.png","contentUrl":"https:\/\/mineraleslunallena.com\/wp-content\/uploads\/2023\/07\/LUNA-LLENA-LOGO-nuevo.png","width":229,"height":167,"caption":"LUNA LLENA MINERALES"},"image":{"@id":"https:\/\/mineraleslunallena.com\/#\/schema\/logo\/image\/"}}]}},"_links":{"self":[{"href":"https:\/\/mineraleslunallena.com\/ca\/wp-json\/wp\/v2\/product\/2553","targetHints":{"allow":["GET"]}}],"collection":[{"href":"https:\/\/mineraleslunallena.com\/ca\/wp-json\/wp\/v2\/product"}],"about":[{"href":"https:\/\/mineraleslunallena.com\/ca\/wp-json\/wp\/v2\/types\/product"}],"version-history":[{"count":5,"href":"https:\/\/mineraleslunallena.com\/ca\/wp-json\/wp\/v2\/product\/2553\/revisions"}],"predecessor-version":[{"id":3273,"href":"https:\/\/mineraleslunallena.com\/ca\/wp-json\/wp\/v2\/product\/2553\/revisions\/3273"}],"wp:featuredmedia":[{"embeddable":true,"href":"https:\/\/mineraleslunallena.com\/ca\/wp-json\/wp\/v2\/media\/2701"}],"wp:attachment":[{"href":"https:\/\/mineraleslunallena.com\/ca\/wp-json\/wp\/v2\/media?parent=2553"}],"wp:term":[{"taxonomy":"product_cat","embeddable":true,"href":"https:\/\/mineraleslunallena.com\/ca\/wp-json\/wp\/v2\/product_cat?post=2553"},{"taxonomy":"product_tag","embeddable":true,"href":"https:\/\/mineraleslunallena.com\/ca\/wp-json\/wp\/v2\/product_tag?post=2553"}],"curies":[{"name":"wp","href":"https:\/\/api.w.org\/{rel}","templated":true}]}}