{"id":2562,"date":"2024-03-13T16:12:17","date_gmt":"2024-03-13T15:12:17","guid":{"rendered":"https:\/\/mineraleslunallena.com\/?post_type=product&#038;p=2562"},"modified":"2025-01-01T16:51:41","modified_gmt":"2025-01-01T15:51:41","slug":"pulsera-bola-rubi-con-zoisita-pasion-equilibrio","status":"publish","type":"product","link":"https:\/\/mineraleslunallena.com\/ca\/producte\/pulsera-bola-rubi-con-zoisita-pasion-equilibrio\/","title":{"rendered":"Pulsera Bola Rub\u00ed Con Zoisita | Pasi\u00f3n &#8211; Equilibrio"},"content":{"rendered":"<p>La pulsera de Rub\u00ed con Zoisita, una joya que fusiona la pasi\u00f3n del Rub\u00ed con la serenidad de la Zoisita. El Rub\u00ed, con su energ\u00eda apasionada, aviva la chispa interior, infundiendo vitalidad y pasi\u00f3n en tu ser. La Zoisita, con su serenidad, te brinda equilibrio y armon\u00eda, creando una danza perfecta de energ\u00edas opuestas pero complementarias. Es como abrazar la dualidad de la vida, encontrando fuerza en la suavidad y \u200b\u200bcalma en la intensidad.<\/p>\n<p>Quantitat: 1 Unitat. El preu \u00e9s per una unitat.<\/p>\n<p>Tama\u00f1o: 8mm.<\/p>\n<p>Forma: Pulsera Bola.<\/p>","protected":false},"excerpt":{"rendered":"<p>La pulsera de Rub\u00ed con Zoisita, una joya que fusiona la pasi\u00f3n del Rub\u00ed con la serenidad de la Zoisita. El Rub\u00ed, con su energ\u00eda apasionada, aviva la chispa interior, infundiendo vitalidad y pasi\u00f3n en tu ser. La Zoisita, con su serenidad, te brinda equilibrio y armon\u00eda, creando una danza perfecta de energ\u00edas opuestas pero complementarias. Es como abrazar la dualidad de la vida, encontrando fuerza en la suavidad y \u200b\u200bcalma en la intensidad.<\/p>\n<p>Quantitat: 1 Unitat. El preu \u00e9s per una unitat.<\/p>\n<p>Tama\u00f1o: 8mm.<\/p>\n<p>Forma: Pulsera Bola.<\/p>","protected":false},"featured_media":2679,"template":"","meta":[],"product_cat":[70,78,102],"product_tag":[],"class_list":{"0":"post-2562","1":"product","2":"type-product","3":"status-publish","4":"has-post-thumbnail","6":"product_cat-joyas-y-accesorios","7":"product_cat-pulseras","8":"product_cat-pulseras-bola","10":"first","11":"instock","12":"sale","13":"taxable","14":"shipping-taxable","15":"purchasable","16":"product-type-simple"},"yoast_head":"<!-- This site is optimized with the Yoast SEO plugin v27.3 - https:\/\/yoast.com\/product\/yoast-seo-wordpress\/ -->\n<title>Pulsera Bola Rub\u00ed Con Zoisita | Pasi\u00f3n - Equilibrio - MINERALES LUNA LLENA<\/title>\n<meta name=\"robots\" content=\"index, follow, max-snippet:-1, max-image-preview:large, max-video-preview:-1\" \/>\n<link rel=\"canonical\" href=\"https:\/\/mineraleslunallena.com\/ca\/producte\/pulsera-bola-rubi-con-zoisita-pasion-equilibrio\/\" \/>\n<meta property=\"og:locale\" content=\"ca_ES\" \/>\n<meta property=\"og:type\" content=\"article\" \/>\n<meta property=\"og:title\" content=\"Pulsera Bola Rub\u00ed Con Zoisita | Pasi\u00f3n - Equilibrio - MINERALES LUNA LLENA\" \/>\n<meta property=\"og:description\" content=\"La pulsera de Rub\u00ed con Zoisita, una joya que fusiona la pasi\u00f3n del Rub\u00ed con la serenidad de la Zoisita. El Rub\u00ed, con su energ\u00eda apasionada, aviva la chispa interior, infundiendo vitalidad y pasi\u00f3n en tu ser. La Zoisita, con su serenidad, te brinda equilibrio y armon\u00eda, creando una danza perfecta de energ\u00edas opuestas pero complementarias. Es como abrazar la dualidad de la vida, encontrando fuerza en la suavidad y \u200b\u200bcalma en la intensidad.  Cantidad: 1 Unidad. El precio es por una unidad.  Tama\u00f1o: 8mm.  Forma: Pulsera Bola.\" \/>\n<meta property=\"og:url\" content=\"https:\/\/mineraleslunallena.com\/ca\/producte\/pulsera-bola-rubi-con-zoisita-pasion-equilibrio\/\" \/>\n<meta property=\"og:site_name\" content=\"MINERALES LUNA LLENA\" \/>\n<meta property=\"article:modified_time\" content=\"2025-01-01T15:51:41+00:00\" \/>\n<meta property=\"og:image\" content=\"https:\/\/mineraleslunallena.com\/wp-content\/uploads\/2024\/03\/Pulsera-Bola-Rubi-Con-Zoisita-scaled.jpg\" \/>\n\t<meta property=\"og:image:width\" content=\"1920\" \/>\n\t<meta property=\"og:image:height\" content=\"2560\" \/>\n\t<meta property=\"og:image:type\" content=\"image\/jpeg\" \/>\n<meta name=\"twitter:card\" content=\"summary_large_image\" \/>\n<meta name=\"twitter:label1\" content=\"Temps estimat de lectura\" \/>\n\t<meta name=\"twitter:data1\" content=\"1 minut\" \/>\n<script type=\"application\/ld+json\" class=\"yoast-schema-graph\">{\"@context\":\"https:\\\/\\\/schema.org\",\"@graph\":[{\"@type\":\"WebPage\",\"@id\":\"https:\\\/\\\/mineraleslunallena.com\\\/producto\\\/pulsera-bola-rubi-con-zoisita-pasion-equilibrio\\\/\",\"url\":\"https:\\\/\\\/mineraleslunallena.com\\\/producto\\\/pulsera-bola-rubi-con-zoisita-pasion-equilibrio\\\/\",\"name\":\"Pulsera Bola Rub\u00ed Con Zoisita | Pasi\u00f3n - Equilibrio - MINERALES LUNA LLENA\",\"isPartOf\":{\"@id\":\"https:\\\/\\\/mineraleslunallena.com\\\/#website\"},\"primaryImageOfPage\":{\"@id\":\"https:\\\/\\\/mineraleslunallena.com\\\/producto\\\/pulsera-bola-rubi-con-zoisita-pasion-equilibrio\\\/#primaryimage\"},\"image\":{\"@id\":\"https:\\\/\\\/mineraleslunallena.com\\\/producto\\\/pulsera-bola-rubi-con-zoisita-pasion-equilibrio\\\/#primaryimage\"},\"thumbnailUrl\":\"https:\\\/\\\/mineraleslunallena.com\\\/wp-content\\\/uploads\\\/2024\\\/03\\\/Pulsera-Bola-Rubi-Con-Zoisita-scaled.jpg\",\"datePublished\":\"2024-03-13T15:12:17+00:00\",\"dateModified\":\"2025-01-01T15:51:41+00:00\",\"breadcrumb\":{\"@id\":\"https:\\\/\\\/mineraleslunallena.com\\\/producto\\\/pulsera-bola-rubi-con-zoisita-pasion-equilibrio\\\/#breadcrumb\"},\"inLanguage\":\"ca\",\"potentialAction\":[{\"@type\":\"ReadAction\",\"target\":[\"https:\\\/\\\/mineraleslunallena.com\\\/producto\\\/pulsera-bola-rubi-con-zoisita-pasion-equilibrio\\\/\"]}]},{\"@type\":\"ImageObject\",\"inLanguage\":\"ca\",\"@id\":\"https:\\\/\\\/mineraleslunallena.com\\\/producto\\\/pulsera-bola-rubi-con-zoisita-pasion-equilibrio\\\/#primaryimage\",\"url\":\"https:\\\/\\\/mineraleslunallena.com\\\/wp-content\\\/uploads\\\/2024\\\/03\\\/Pulsera-Bola-Rubi-Con-Zoisita-scaled.jpg\",\"contentUrl\":\"https:\\\/\\\/mineraleslunallena.com\\\/wp-content\\\/uploads\\\/2024\\\/03\\\/Pulsera-Bola-Rubi-Con-Zoisita-scaled.jpg\",\"width\":1920,\"height\":2560},{\"@type\":\"BreadcrumbList\",\"@id\":\"https:\\\/\\\/mineraleslunallena.com\\\/producto\\\/pulsera-bola-rubi-con-zoisita-pasion-equilibrio\\\/#breadcrumb\",\"itemListElement\":[{\"@type\":\"ListItem\",\"position\":1,\"name\":\"Portada\",\"item\":\"https:\\\/\\\/mineraleslunallena.com\\\/\"},{\"@type\":\"ListItem\",\"position\":2,\"name\":\"Shop\",\"item\":\"https:\\\/\\\/mineraleslunallena.com\\\/ca\\\/shop\\\/\"},{\"@type\":\"ListItem\",\"position\":3,\"name\":\"Pulsera Bola Rub\u00ed Con Zoisita | Pasi\u00f3n &#8211; Equilibrio\"}]},{\"@type\":\"WebSite\",\"@id\":\"https:\\\/\\\/mineraleslunallena.com\\\/#website\",\"url\":\"https:\\\/\\\/mineraleslunallena.com\\\/\",\"name\":\"LUNA LLENA MINERALES\",\"description\":\"Es el momento de conectarte con tu propio poder y confiar en tus habilidades.\",\"publisher\":{\"@id\":\"https:\\\/\\\/mineraleslunallena.com\\\/#organization\"},\"potentialAction\":[{\"@type\":\"SearchAction\",\"target\":{\"@type\":\"EntryPoint\",\"urlTemplate\":\"https:\\\/\\\/mineraleslunallena.com\\\/?s={search_term_string}\"},\"query-input\":{\"@type\":\"PropertyValueSpecification\",\"valueRequired\":true,\"valueName\":\"search_term_string\"}}],\"inLanguage\":\"ca\"},{\"@type\":\"Organization\",\"@id\":\"https:\\\/\\\/mineraleslunallena.com\\\/#organization\",\"name\":\"LUNA LLENA MINERALES\",\"url\":\"https:\\\/\\\/mineraleslunallena.com\\\/\",\"logo\":{\"@type\":\"ImageObject\",\"inLanguage\":\"ca\",\"@id\":\"https:\\\/\\\/mineraleslunallena.com\\\/#\\\/schema\\\/logo\\\/image\\\/\",\"url\":\"https:\\\/\\\/mineraleslunallena.com\\\/wp-content\\\/uploads\\\/2023\\\/07\\\/LUNA-LLENA-LOGO-nuevo.png\",\"contentUrl\":\"https:\\\/\\\/mineraleslunallena.com\\\/wp-content\\\/uploads\\\/2023\\\/07\\\/LUNA-LLENA-LOGO-nuevo.png\",\"width\":229,\"height\":167,\"caption\":\"LUNA LLENA MINERALES\"},\"image\":{\"@id\":\"https:\\\/\\\/mineraleslunallena.com\\\/#\\\/schema\\\/logo\\\/image\\\/\"}}]}<\/script>\n<!-- \/ Yoast SEO plugin. -->","yoast_head_json":{"title":"Pulsera Bola Rub\u00ed Con Zoisita | Pasi\u00f3n - Equilibrio - MINERALES LUNA LLENA","robots":{"index":"index","follow":"follow","max-snippet":"max-snippet:-1","max-image-preview":"max-image-preview:large","max-video-preview":"max-video-preview:-1"},"canonical":"https:\/\/mineraleslunallena.com\/ca\/producte\/pulsera-bola-rubi-con-zoisita-pasion-equilibrio\/","og_locale":"ca_ES","og_type":"article","og_title":"Pulsera Bola Rub\u00ed Con Zoisita | Pasi\u00f3n - Equilibrio - MINERALES LUNA LLENA","og_description":"La pulsera de Rub\u00ed con Zoisita, una joya que fusiona la pasi\u00f3n del Rub\u00ed con la serenidad de la Zoisita. El Rub\u00ed, con su energ\u00eda apasionada, aviva la chispa interior, infundiendo vitalidad y pasi\u00f3n en tu ser. La Zoisita, con su serenidad, te brinda equilibrio y armon\u00eda, creando una danza perfecta de energ\u00edas opuestas pero complementarias. Es como abrazar la dualidad de la vida, encontrando fuerza en la suavidad y \u200b\u200bcalma en la intensidad.  Cantidad: 1 Unidad. El precio es por una unidad.  Tama\u00f1o: 8mm.  Forma: Pulsera Bola.","og_url":"https:\/\/mineraleslunallena.com\/ca\/producte\/pulsera-bola-rubi-con-zoisita-pasion-equilibrio\/","og_site_name":"MINERALES LUNA LLENA","article_modified_time":"2025-01-01T15:51:41+00:00","og_image":[{"width":1920,"height":2560,"url":"https:\/\/mineraleslunallena.com\/wp-content\/uploads\/2024\/03\/Pulsera-Bola-Rubi-Con-Zoisita-scaled.jpg","type":"image\/jpeg"}],"twitter_card":"summary_large_image","twitter_misc":{"Temps estimat de lectura":"1 minut"},"schema":{"@context":"https:\/\/schema.org","@graph":[{"@type":"WebPage","@id":"https:\/\/mineraleslunallena.com\/producto\/pulsera-bola-rubi-con-zoisita-pasion-equilibrio\/","url":"https:\/\/mineraleslunallena.com\/producto\/pulsera-bola-rubi-con-zoisita-pasion-equilibrio\/","name":"Pulsera Bola Rub\u00ed Con Zoisita | Pasi\u00f3n - Equilibrio - MINERALES LUNA LLENA","isPartOf":{"@id":"https:\/\/mineraleslunallena.com\/#website"},"primaryImageOfPage":{"@id":"https:\/\/mineraleslunallena.com\/producto\/pulsera-bola-rubi-con-zoisita-pasion-equilibrio\/#primaryimage"},"image":{"@id":"https:\/\/mineraleslunallena.com\/producto\/pulsera-bola-rubi-con-zoisita-pasion-equilibrio\/#primaryimage"},"thumbnailUrl":"https:\/\/mineraleslunallena.com\/wp-content\/uploads\/2024\/03\/Pulsera-Bola-Rubi-Con-Zoisita-scaled.jpg","datePublished":"2024-03-13T15:12:17+00:00","dateModified":"2025-01-01T15:51:41+00:00","breadcrumb":{"@id":"https:\/\/mineraleslunallena.com\/producto\/pulsera-bola-rubi-con-zoisita-pasion-equilibrio\/#breadcrumb"},"inLanguage":"ca","potentialAction":[{"@type":"ReadAction","target":["https:\/\/mineraleslunallena.com\/producto\/pulsera-bola-rubi-con-zoisita-pasion-equilibrio\/"]}]},{"@type":"ImageObject","inLanguage":"ca","@id":"https:\/\/mineraleslunallena.com\/producto\/pulsera-bola-rubi-con-zoisita-pasion-equilibrio\/#primaryimage","url":"https:\/\/mineraleslunallena.com\/wp-content\/uploads\/2024\/03\/Pulsera-Bola-Rubi-Con-Zoisita-scaled.jpg","contentUrl":"https:\/\/mineraleslunallena.com\/wp-content\/uploads\/2024\/03\/Pulsera-Bola-Rubi-Con-Zoisita-scaled.jpg","width":1920,"height":2560},{"@type":"BreadcrumbList","@id":"https:\/\/mineraleslunallena.com\/producto\/pulsera-bola-rubi-con-zoisita-pasion-equilibrio\/#breadcrumb","itemListElement":[{"@type":"ListItem","position":1,"name":"Portada","item":"https:\/\/mineraleslunallena.com\/"},{"@type":"ListItem","position":2,"name":"Shop","item":"https:\/\/mineraleslunallena.com\/ca\/shop\/"},{"@type":"ListItem","position":3,"name":"Pulsera Bola Rub\u00ed Con Zoisita | Pasi\u00f3n &#8211; Equilibrio"}]},{"@type":"WebSite","@id":"https:\/\/mineraleslunallena.com\/#website","url":"https:\/\/mineraleslunallena.com\/","name":"LLUNA PLENA MINERALS","description":"\u00c9s el moment de connectar-te amb el teu poder i confiar en les teves habilitats.","publisher":{"@id":"https:\/\/mineraleslunallena.com\/#organization"},"potentialAction":[{"@type":"SearchAction","target":{"@type":"EntryPoint","urlTemplate":"https:\/\/mineraleslunallena.com\/?s={search_term_string}"},"query-input":{"@type":"PropertyValueSpecification","valueRequired":true,"valueName":"search_term_string"}}],"inLanguage":"ca"},{"@type":"Organization","@id":"https:\/\/mineraleslunallena.com\/#organization","name":"LLUNA PLENA MINERALS","url":"https:\/\/mineraleslunallena.com\/","logo":{"@type":"ImageObject","inLanguage":"ca","@id":"https:\/\/mineraleslunallena.com\/#\/schema\/logo\/image\/","url":"https:\/\/mineraleslunallena.com\/wp-content\/uploads\/2023\/07\/LUNA-LLENA-LOGO-nuevo.png","contentUrl":"https:\/\/mineraleslunallena.com\/wp-content\/uploads\/2023\/07\/LUNA-LLENA-LOGO-nuevo.png","width":229,"height":167,"caption":"LUNA LLENA MINERALES"},"image":{"@id":"https:\/\/mineraleslunallena.com\/#\/schema\/logo\/image\/"}}]}},"_links":{"self":[{"href":"https:\/\/mineraleslunallena.com\/ca\/wp-json\/wp\/v2\/product\/2562","targetHints":{"allow":["GET"]}}],"collection":[{"href":"https:\/\/mineraleslunallena.com\/ca\/wp-json\/wp\/v2\/product"}],"about":[{"href":"https:\/\/mineraleslunallena.com\/ca\/wp-json\/wp\/v2\/types\/product"}],"version-history":[{"count":5,"href":"https:\/\/mineraleslunallena.com\/ca\/wp-json\/wp\/v2\/product\/2562\/revisions"}],"predecessor-version":[{"id":3269,"href":"https:\/\/mineraleslunallena.com\/ca\/wp-json\/wp\/v2\/product\/2562\/revisions\/3269"}],"wp:featuredmedia":[{"embeddable":true,"href":"https:\/\/mineraleslunallena.com\/ca\/wp-json\/wp\/v2\/media\/2679"}],"wp:attachment":[{"href":"https:\/\/mineraleslunallena.com\/ca\/wp-json\/wp\/v2\/media?parent=2562"}],"wp:term":[{"taxonomy":"product_cat","embeddable":true,"href":"https:\/\/mineraleslunallena.com\/ca\/wp-json\/wp\/v2\/product_cat?post=2562"},{"taxonomy":"product_tag","embeddable":true,"href":"https:\/\/mineraleslunallena.com\/ca\/wp-json\/wp\/v2\/product_tag?post=2562"}],"curies":[{"name":"wp","href":"https:\/\/api.w.org\/{rel}","templated":true}]}}