{"id":2570,"date":"2024-03-13T16:58:54","date_gmt":"2024-03-13T15:58:54","guid":{"rendered":"https:\/\/mineraleslunallena.com\/?post_type=product&#038;p=2570"},"modified":"2024-05-08T20:11:55","modified_gmt":"2024-05-08T18:11:55","slug":"obsidiana-nevada-rodado-crecimiento-proteccion-limpieza-2","status":"publish","type":"product","link":"https:\/\/mineraleslunallena.com\/ca\/producte\/obsidiana-nevada-rodado-crecimiento-proteccion-limpieza-2\/","title":{"rendered":"Obsidiana Nevada Rodado | Crecimiento \u2013 Protecci\u00f3n \u2013 Limpieza"},"content":{"rendered":"<p>L&#039;Obsidiana Nevada, una gemma de tons foscos amb centelleigs blancs que fusiona bellesa i profunditat.<br \/>\nFes-la servir en moments de recerca de claredat i protecci\u00f3, explorant emocions i alliberant bloquejos.<br \/>\nDes d&#039;una perspectiva espiritual, \u00e9s una pedra protectora que dissol la negativitat i talla lla\u00e7os emocionals no desitjats.<br \/>\nTerap\u00e8uticament revela veritats ocultes i promou l&#039;autoexploraci\u00f3 profunda, alliberant traumes i fomentant la sanaci\u00f3 emocional i espiritual.<br \/>\nDescobreix la profunditat de l&#039;Obsidiana Nevada a la nostra botiga i experimenta la seva capacitat per transformar i equilibrar el teu \u00e9sser interior.<br \/>\nQuantitat: 1 Unitat. El preu \u00e9s per una unitat.<br \/>\nTama\u00f1o: Entre 4.5 y 5 cent\u00edmetros aproximadamente.<br \/>\nForma: Rodado Plano.<\/p>","protected":false},"excerpt":{"rendered":"<p>L&#039;Obsidiana Nevada, una gemma de tons foscos amb centelleigs blancs que fusiona bellesa i profunditat.<br \/>\nFes-la servir en moments de recerca de claredat i protecci\u00f3, explorant emocions i alliberant bloquejos.<br \/>\nDes d&#039;una perspectiva espiritual, \u00e9s una pedra protectora que dissol la negativitat i talla lla\u00e7os emocionals no desitjats.<br \/>\nTerap\u00e8uticament revela veritats ocultes i promou l&#039;autoexploraci\u00f3 profunda, alliberant traumes i fomentant la sanaci\u00f3 emocional i espiritual.<br \/>\nDescobreix la profunditat de l&#039;Obsidiana Nevada a la nostra botiga i experimenta la seva capacitat per transformar i equilibrar el teu \u00e9sser interior.<br \/>\nQuantitat: 1 Unitat. El preu \u00e9s per una unitat.<br \/>\nTama\u00f1o: Entre 4.5 y 5 cent\u00edmetros aproximadamente.<br \/>\nForma: Rodado Plano.<\/p>","protected":false},"featured_media":1700,"template":"","meta":[],"product_cat":[69,104],"product_tag":[],"class_list":{"0":"post-2570","1":"product","2":"type-product","3":"status-publish","4":"has-post-thumbnail","6":"product_cat-minerales","7":"product_cat-rodados-planos","9":"first","10":"instock","11":"sale","12":"taxable","13":"shipping-taxable","14":"purchasable","15":"product-type-simple"},"yoast_head":"<!-- This site is optimized with the Yoast SEO plugin v27.3 - https:\/\/yoast.com\/product\/yoast-seo-wordpress\/ -->\n<title>Obsidiana Nevada Rodado | Crecimiento \u2013 Protecci\u00f3n \u2013 Limpieza - MINERALES LUNA LLENA<\/title>\n<meta name=\"robots\" content=\"index, follow, max-snippet:-1, max-image-preview:large, max-video-preview:-1\" \/>\n<link rel=\"canonical\" href=\"https:\/\/mineraleslunallena.com\/ca\/producte\/obsidiana-nevada-rodado-crecimiento-proteccion-limpieza-2\/\" \/>\n<meta property=\"og:locale\" content=\"ca_ES\" \/>\n<meta property=\"og:type\" content=\"article\" \/>\n<meta property=\"og:title\" content=\"Obsidiana Nevada Rodado | Crecimiento \u2013 Protecci\u00f3n \u2013 Limpieza - MINERALES LUNA LLENA\" \/>\n<meta property=\"og:description\" content=\"La Obsidiana Nevada, una gema de tonos oscuros con destellos blancos que fusiona belleza y profundidad. \u00dasala en momentos de b\u00fasqueda de claridad y protecci\u00f3n, explorando emociones y liberando bloqueos. Desde una perspectiva espiritual, es una piedra protectora que disuelve la negatividad y corta lazos emocionales no deseados. Terap\u00e9uticamente, revela verdades ocultas y promueve la autoexploraci\u00f3n profunda, liberando traumas y fomentando la sanaci\u00f3n emocional y espiritual. Descubre la profundidad de la Obsidiana Nevada en nuestra tienda y experimenta su capacidad para transformar y equilibrar tu ser interior. Cantidad: 1 Unidad. El precio es por una unidad. Tama\u00f1o: Entre 4.5 y 5 cent\u00edmetros aproximadamente. Forma: Rodado Plano.\" \/>\n<meta property=\"og:url\" content=\"https:\/\/mineraleslunallena.com\/ca\/producte\/obsidiana-nevada-rodado-crecimiento-proteccion-limpieza-2\/\" \/>\n<meta property=\"og:site_name\" content=\"MINERALES LUNA LLENA\" \/>\n<meta property=\"article:modified_time\" content=\"2024-05-08T18:11:55+00:00\" \/>\n<meta property=\"og:image\" content=\"https:\/\/mineraleslunallena.com\/wp-content\/uploads\/2024\/01\/m_r_044-scaled.jpg\" \/>\n\t<meta property=\"og:image:width\" content=\"1920\" \/>\n\t<meta property=\"og:image:height\" content=\"2560\" \/>\n\t<meta property=\"og:image:type\" content=\"image\/jpeg\" \/>\n<meta name=\"twitter:card\" content=\"summary_large_image\" \/>\n<meta name=\"twitter:label1\" content=\"Temps estimat de lectura\" \/>\n\t<meta name=\"twitter:data1\" content=\"1 minut\" \/>\n<script type=\"application\/ld+json\" class=\"yoast-schema-graph\">{\"@context\":\"https:\\\/\\\/schema.org\",\"@graph\":[{\"@type\":\"WebPage\",\"@id\":\"https:\\\/\\\/mineraleslunallena.com\\\/producto\\\/obsidiana-nevada-rodado-crecimiento-proteccion-limpieza-2\\\/\",\"url\":\"https:\\\/\\\/mineraleslunallena.com\\\/producto\\\/obsidiana-nevada-rodado-crecimiento-proteccion-limpieza-2\\\/\",\"name\":\"Obsidiana Nevada Rodado | Crecimiento \u2013 Protecci\u00f3n \u2013 Limpieza - MINERALES LUNA LLENA\",\"isPartOf\":{\"@id\":\"https:\\\/\\\/mineraleslunallena.com\\\/#website\"},\"primaryImageOfPage\":{\"@id\":\"https:\\\/\\\/mineraleslunallena.com\\\/producto\\\/obsidiana-nevada-rodado-crecimiento-proteccion-limpieza-2\\\/#primaryimage\"},\"image\":{\"@id\":\"https:\\\/\\\/mineraleslunallena.com\\\/producto\\\/obsidiana-nevada-rodado-crecimiento-proteccion-limpieza-2\\\/#primaryimage\"},\"thumbnailUrl\":\"https:\\\/\\\/mineraleslunallena.com\\\/wp-content\\\/uploads\\\/2024\\\/01\\\/m_r_044-scaled.jpg\",\"datePublished\":\"2024-03-13T15:58:54+00:00\",\"dateModified\":\"2024-05-08T18:11:55+00:00\",\"breadcrumb\":{\"@id\":\"https:\\\/\\\/mineraleslunallena.com\\\/producto\\\/obsidiana-nevada-rodado-crecimiento-proteccion-limpieza-2\\\/#breadcrumb\"},\"inLanguage\":\"ca\",\"potentialAction\":[{\"@type\":\"ReadAction\",\"target\":[\"https:\\\/\\\/mineraleslunallena.com\\\/producto\\\/obsidiana-nevada-rodado-crecimiento-proteccion-limpieza-2\\\/\"]}]},{\"@type\":\"ImageObject\",\"inLanguage\":\"ca\",\"@id\":\"https:\\\/\\\/mineraleslunallena.com\\\/producto\\\/obsidiana-nevada-rodado-crecimiento-proteccion-limpieza-2\\\/#primaryimage\",\"url\":\"https:\\\/\\\/mineraleslunallena.com\\\/wp-content\\\/uploads\\\/2024\\\/01\\\/m_r_044-scaled.jpg\",\"contentUrl\":\"https:\\\/\\\/mineraleslunallena.com\\\/wp-content\\\/uploads\\\/2024\\\/01\\\/m_r_044-scaled.jpg\",\"width\":1920,\"height\":2560},{\"@type\":\"BreadcrumbList\",\"@id\":\"https:\\\/\\\/mineraleslunallena.com\\\/producto\\\/obsidiana-nevada-rodado-crecimiento-proteccion-limpieza-2\\\/#breadcrumb\",\"itemListElement\":[{\"@type\":\"ListItem\",\"position\":1,\"name\":\"Portada\",\"item\":\"https:\\\/\\\/mineraleslunallena.com\\\/\"},{\"@type\":\"ListItem\",\"position\":2,\"name\":\"Shop\",\"item\":\"https:\\\/\\\/mineraleslunallena.com\\\/ca\\\/shop\\\/\"},{\"@type\":\"ListItem\",\"position\":3,\"name\":\"Obsidiana Nevada Rodado | Crecimiento \u2013 Protecci\u00f3n \u2013 Limpieza\"}]},{\"@type\":\"WebSite\",\"@id\":\"https:\\\/\\\/mineraleslunallena.com\\\/#website\",\"url\":\"https:\\\/\\\/mineraleslunallena.com\\\/\",\"name\":\"LUNA LLENA MINERALES\",\"description\":\"Es el momento de conectarte con tu propio poder y confiar en tus habilidades.\",\"publisher\":{\"@id\":\"https:\\\/\\\/mineraleslunallena.com\\\/#organization\"},\"potentialAction\":[{\"@type\":\"SearchAction\",\"target\":{\"@type\":\"EntryPoint\",\"urlTemplate\":\"https:\\\/\\\/mineraleslunallena.com\\\/?s={search_term_string}\"},\"query-input\":{\"@type\":\"PropertyValueSpecification\",\"valueRequired\":true,\"valueName\":\"search_term_string\"}}],\"inLanguage\":\"ca\"},{\"@type\":\"Organization\",\"@id\":\"https:\\\/\\\/mineraleslunallena.com\\\/#organization\",\"name\":\"LUNA LLENA MINERALES\",\"url\":\"https:\\\/\\\/mineraleslunallena.com\\\/\",\"logo\":{\"@type\":\"ImageObject\",\"inLanguage\":\"ca\",\"@id\":\"https:\\\/\\\/mineraleslunallena.com\\\/#\\\/schema\\\/logo\\\/image\\\/\",\"url\":\"https:\\\/\\\/mineraleslunallena.com\\\/wp-content\\\/uploads\\\/2023\\\/07\\\/LUNA-LLENA-LOGO-nuevo.png\",\"contentUrl\":\"https:\\\/\\\/mineraleslunallena.com\\\/wp-content\\\/uploads\\\/2023\\\/07\\\/LUNA-LLENA-LOGO-nuevo.png\",\"width\":229,\"height\":167,\"caption\":\"LUNA LLENA MINERALES\"},\"image\":{\"@id\":\"https:\\\/\\\/mineraleslunallena.com\\\/#\\\/schema\\\/logo\\\/image\\\/\"}}]}<\/script>\n<!-- \/ Yoast SEO plugin. -->","yoast_head_json":{"title":"Obsidiana Nevada Rodado | Crecimiento \u2013 Protecci\u00f3n \u2013 Limpieza - MINERALES LUNA LLENA","robots":{"index":"index","follow":"follow","max-snippet":"max-snippet:-1","max-image-preview":"max-image-preview:large","max-video-preview":"max-video-preview:-1"},"canonical":"https:\/\/mineraleslunallena.com\/ca\/producte\/obsidiana-nevada-rodado-crecimiento-proteccion-limpieza-2\/","og_locale":"ca_ES","og_type":"article","og_title":"Obsidiana Nevada Rodado | Crecimiento \u2013 Protecci\u00f3n \u2013 Limpieza - MINERALES LUNA LLENA","og_description":"La Obsidiana Nevada, una gema de tonos oscuros con destellos blancos que fusiona belleza y profundidad. \u00dasala en momentos de b\u00fasqueda de claridad y protecci\u00f3n, explorando emociones y liberando bloqueos. Desde una perspectiva espiritual, es una piedra protectora que disuelve la negatividad y corta lazos emocionales no deseados. Terap\u00e9uticamente, revela verdades ocultas y promueve la autoexploraci\u00f3n profunda, liberando traumas y fomentando la sanaci\u00f3n emocional y espiritual. Descubre la profundidad de la Obsidiana Nevada en nuestra tienda y experimenta su capacidad para transformar y equilibrar tu ser interior. Cantidad: 1 Unidad. El precio es por una unidad. Tama\u00f1o: Entre 4.5 y 5 cent\u00edmetros aproximadamente. Forma: Rodado Plano.","og_url":"https:\/\/mineraleslunallena.com\/ca\/producte\/obsidiana-nevada-rodado-crecimiento-proteccion-limpieza-2\/","og_site_name":"MINERALES LUNA LLENA","article_modified_time":"2024-05-08T18:11:55+00:00","og_image":[{"width":1920,"height":2560,"url":"https:\/\/mineraleslunallena.com\/wp-content\/uploads\/2024\/01\/m_r_044-scaled.jpg","type":"image\/jpeg"}],"twitter_card":"summary_large_image","twitter_misc":{"Temps estimat de lectura":"1 minut"},"schema":{"@context":"https:\/\/schema.org","@graph":[{"@type":"WebPage","@id":"https:\/\/mineraleslunallena.com\/producto\/obsidiana-nevada-rodado-crecimiento-proteccion-limpieza-2\/","url":"https:\/\/mineraleslunallena.com\/producto\/obsidiana-nevada-rodado-crecimiento-proteccion-limpieza-2\/","name":"Obsidiana Nevada Rodado | Crecimiento \u2013 Protecci\u00f3n \u2013 Limpieza - MINERALES LUNA LLENA","isPartOf":{"@id":"https:\/\/mineraleslunallena.com\/#website"},"primaryImageOfPage":{"@id":"https:\/\/mineraleslunallena.com\/producto\/obsidiana-nevada-rodado-crecimiento-proteccion-limpieza-2\/#primaryimage"},"image":{"@id":"https:\/\/mineraleslunallena.com\/producto\/obsidiana-nevada-rodado-crecimiento-proteccion-limpieza-2\/#primaryimage"},"thumbnailUrl":"https:\/\/mineraleslunallena.com\/wp-content\/uploads\/2024\/01\/m_r_044-scaled.jpg","datePublished":"2024-03-13T15:58:54+00:00","dateModified":"2024-05-08T18:11:55+00:00","breadcrumb":{"@id":"https:\/\/mineraleslunallena.com\/producto\/obsidiana-nevada-rodado-crecimiento-proteccion-limpieza-2\/#breadcrumb"},"inLanguage":"ca","potentialAction":[{"@type":"ReadAction","target":["https:\/\/mineraleslunallena.com\/producto\/obsidiana-nevada-rodado-crecimiento-proteccion-limpieza-2\/"]}]},{"@type":"ImageObject","inLanguage":"ca","@id":"https:\/\/mineraleslunallena.com\/producto\/obsidiana-nevada-rodado-crecimiento-proteccion-limpieza-2\/#primaryimage","url":"https:\/\/mineraleslunallena.com\/wp-content\/uploads\/2024\/01\/m_r_044-scaled.jpg","contentUrl":"https:\/\/mineraleslunallena.com\/wp-content\/uploads\/2024\/01\/m_r_044-scaled.jpg","width":1920,"height":2560},{"@type":"BreadcrumbList","@id":"https:\/\/mineraleslunallena.com\/producto\/obsidiana-nevada-rodado-crecimiento-proteccion-limpieza-2\/#breadcrumb","itemListElement":[{"@type":"ListItem","position":1,"name":"Portada","item":"https:\/\/mineraleslunallena.com\/"},{"@type":"ListItem","position":2,"name":"Shop","item":"https:\/\/mineraleslunallena.com\/ca\/shop\/"},{"@type":"ListItem","position":3,"name":"Obsidiana Nevada Rodado | Crecimiento \u2013 Protecci\u00f3n \u2013 Limpieza"}]},{"@type":"WebSite","@id":"https:\/\/mineraleslunallena.com\/#website","url":"https:\/\/mineraleslunallena.com\/","name":"LLUNA PLENA MINERALS","description":"\u00c9s el moment de connectar-te amb el teu poder i confiar en les teves habilitats.","publisher":{"@id":"https:\/\/mineraleslunallena.com\/#organization"},"potentialAction":[{"@type":"SearchAction","target":{"@type":"EntryPoint","urlTemplate":"https:\/\/mineraleslunallena.com\/?s={search_term_string}"},"query-input":{"@type":"PropertyValueSpecification","valueRequired":true,"valueName":"search_term_string"}}],"inLanguage":"ca"},{"@type":"Organization","@id":"https:\/\/mineraleslunallena.com\/#organization","name":"LLUNA PLENA MINERALS","url":"https:\/\/mineraleslunallena.com\/","logo":{"@type":"ImageObject","inLanguage":"ca","@id":"https:\/\/mineraleslunallena.com\/#\/schema\/logo\/image\/","url":"https:\/\/mineraleslunallena.com\/wp-content\/uploads\/2023\/07\/LUNA-LLENA-LOGO-nuevo.png","contentUrl":"https:\/\/mineraleslunallena.com\/wp-content\/uploads\/2023\/07\/LUNA-LLENA-LOGO-nuevo.png","width":229,"height":167,"caption":"LUNA LLENA MINERALES"},"image":{"@id":"https:\/\/mineraleslunallena.com\/#\/schema\/logo\/image\/"}}]}},"_links":{"self":[{"href":"https:\/\/mineraleslunallena.com\/ca\/wp-json\/wp\/v2\/product\/2570","targetHints":{"allow":["GET"]}}],"collection":[{"href":"https:\/\/mineraleslunallena.com\/ca\/wp-json\/wp\/v2\/product"}],"about":[{"href":"https:\/\/mineraleslunallena.com\/ca\/wp-json\/wp\/v2\/types\/product"}],"version-history":[{"count":3,"href":"https:\/\/mineraleslunallena.com\/ca\/wp-json\/wp\/v2\/product\/2570\/revisions"}],"predecessor-version":[{"id":3266,"href":"https:\/\/mineraleslunallena.com\/ca\/wp-json\/wp\/v2\/product\/2570\/revisions\/3266"}],"wp:featuredmedia":[{"embeddable":true,"href":"https:\/\/mineraleslunallena.com\/ca\/wp-json\/wp\/v2\/media\/1700"}],"wp:attachment":[{"href":"https:\/\/mineraleslunallena.com\/ca\/wp-json\/wp\/v2\/media?parent=2570"}],"wp:term":[{"taxonomy":"product_cat","embeddable":true,"href":"https:\/\/mineraleslunallena.com\/ca\/wp-json\/wp\/v2\/product_cat?post=2570"},{"taxonomy":"product_tag","embeddable":true,"href":"https:\/\/mineraleslunallena.com\/ca\/wp-json\/wp\/v2\/product_tag?post=2570"}],"curies":[{"name":"wp","href":"https:\/\/api.w.org\/{rel}","templated":true}]}}