{"id":2572,"date":"2024-03-13T17:13:47","date_gmt":"2024-03-13T16:13:47","guid":{"rendered":"https:\/\/mineraleslunallena.com\/?post_type=product&#038;p=2572"},"modified":"2024-05-08T20:09:37","modified_gmt":"2024-05-08T18:09:37","slug":"jaspe-dalmata","status":"publish","type":"product","link":"https:\/\/mineraleslunallena.com\/ca\/producte\/jaspe-dalmata\/","title":{"rendered":"Jaspe D\u00e1lmata Rodado Plano | Crecimiento &#8211; Protecci\u00f3n &#8211; Limpieza"},"content":{"rendered":"<p>El Jaspe D\u00e1lmata, \u00fasalo en momentos de introspecci\u00f3n y toma de decisiones para estabilidad emocional. Disuelve energ\u00edas negativas y potencia la concentraci\u00f3n en la meditaci\u00f3n. Apoya en la superaci\u00f3n de miedos y promueve la resistencia f\u00edsica. Descubre el equilibrio y la protecci\u00f3n que el Jaspe D\u00e1lmata ofrece, transformando tu experiencia est\u00e9tica y espiritual<\/p>\n<p>Quantitat: 1 Unitat. El preu \u00e9s per una unitat.<\/p>\n<p>Tama\u00f1o: Entre 4.5 y 5 cent\u00edmetros aproximadamente<\/p>\n<p>Forma: Rodado Plano.<\/p>","protected":false},"excerpt":{"rendered":"<p>El Jaspe D\u00e1lmata, \u00fasalo en momentos de introspecci\u00f3n y toma de decisiones para estabilidad emocional. Disuelve energ\u00edas negativas y potencia la concentraci\u00f3n en la meditaci\u00f3n. Apoya en la superaci\u00f3n de miedos y promueve la resistencia f\u00edsica. Descubre el equilibrio y la protecci\u00f3n que el Jaspe D\u00e1lmata ofrece, transformando tu experiencia est\u00e9tica y espiritual<\/p>\n<p>Quantitat: 1 Unitat. El preu \u00e9s per una unitat.<\/p>\n<p>Tama\u00f1o: Entre 4.5 y 5 cent\u00edmetros aproximadamente<\/p>\n<p>Forma: Rodado Plano.<\/p>","protected":false},"featured_media":1706,"template":"","meta":[],"product_cat":[69,104],"product_tag":[],"class_list":{"0":"post-2572","1":"product","2":"type-product","3":"status-publish","4":"has-post-thumbnail","6":"product_cat-minerales","7":"product_cat-rodados-planos","9":"first","10":"instock","11":"sale","12":"taxable","13":"shipping-taxable","14":"purchasable","15":"product-type-simple"},"yoast_head":"<!-- This site is optimized with the Yoast SEO plugin v27.3 - https:\/\/yoast.com\/product\/yoast-seo-wordpress\/ -->\n<title>Jaspe D\u00e1lmata Rodado Plano | Crecimiento - Protecci\u00f3n - Limpieza - MINERALES LUNA LLENA<\/title>\n<meta name=\"robots\" content=\"index, follow, max-snippet:-1, max-image-preview:large, max-video-preview:-1\" \/>\n<link rel=\"canonical\" href=\"https:\/\/mineraleslunallena.com\/ca\/producte\/jaspe-dalmata\/\" \/>\n<meta property=\"og:locale\" content=\"ca_ES\" \/>\n<meta property=\"og:type\" content=\"article\" \/>\n<meta property=\"og:title\" content=\"Jaspe D\u00e1lmata Rodado Plano | Crecimiento - Protecci\u00f3n - Limpieza - MINERALES LUNA LLENA\" \/>\n<meta property=\"og:description\" content=\"El Jaspe D\u00e1lmata, \u00fasalo en momentos de introspecci\u00f3n y toma de decisiones para estabilidad emocional. Disuelve energ\u00edas negativas y potencia la concentraci\u00f3n en la meditaci\u00f3n. Apoya en la superaci\u00f3n de miedos y promueve la resistencia f\u00edsica. Descubre el equilibrio y la protecci\u00f3n que el Jaspe D\u00e1lmata ofrece, transformando tu experiencia est\u00e9tica y espiritual  Cantidad: 1 Unidad. El precio es por una unidad.  Tama\u00f1o: Entre 4.5 y 5 cent\u00edmetros aproximadamente  Forma: Rodado Plano.\" \/>\n<meta property=\"og:url\" content=\"https:\/\/mineraleslunallena.com\/ca\/producte\/jaspe-dalmata\/\" \/>\n<meta property=\"og:site_name\" content=\"MINERALES LUNA LLENA\" \/>\n<meta property=\"article:modified_time\" content=\"2024-05-08T18:09:37+00:00\" \/>\n<meta property=\"og:image\" content=\"https:\/\/mineraleslunallena.com\/wp-content\/uploads\/2024\/01\/m_r_045-1-scaled.jpg\" \/>\n\t<meta property=\"og:image:width\" content=\"1920\" \/>\n\t<meta property=\"og:image:height\" content=\"2560\" \/>\n\t<meta property=\"og:image:type\" content=\"image\/jpeg\" \/>\n<meta name=\"twitter:card\" content=\"summary_large_image\" \/>\n<meta name=\"twitter:label1\" content=\"Temps estimat de lectura\" \/>\n\t<meta name=\"twitter:data1\" content=\"1 minut\" \/>\n<script type=\"application\/ld+json\" class=\"yoast-schema-graph\">{\"@context\":\"https:\\\/\\\/schema.org\",\"@graph\":[{\"@type\":\"WebPage\",\"@id\":\"https:\\\/\\\/mineraleslunallena.com\\\/producto\\\/jaspe-dalmata\\\/\",\"url\":\"https:\\\/\\\/mineraleslunallena.com\\\/producto\\\/jaspe-dalmata\\\/\",\"name\":\"Jaspe D\u00e1lmata Rodado Plano | Crecimiento - Protecci\u00f3n - Limpieza - MINERALES LUNA LLENA\",\"isPartOf\":{\"@id\":\"https:\\\/\\\/mineraleslunallena.com\\\/#website\"},\"primaryImageOfPage\":{\"@id\":\"https:\\\/\\\/mineraleslunallena.com\\\/producto\\\/jaspe-dalmata\\\/#primaryimage\"},\"image\":{\"@id\":\"https:\\\/\\\/mineraleslunallena.com\\\/producto\\\/jaspe-dalmata\\\/#primaryimage\"},\"thumbnailUrl\":\"https:\\\/\\\/mineraleslunallena.com\\\/wp-content\\\/uploads\\\/2024\\\/01\\\/m_r_045-1-scaled.jpg\",\"datePublished\":\"2024-03-13T16:13:47+00:00\",\"dateModified\":\"2024-05-08T18:09:37+00:00\",\"breadcrumb\":{\"@id\":\"https:\\\/\\\/mineraleslunallena.com\\\/producto\\\/jaspe-dalmata\\\/#breadcrumb\"},\"inLanguage\":\"ca\",\"potentialAction\":[{\"@type\":\"ReadAction\",\"target\":[\"https:\\\/\\\/mineraleslunallena.com\\\/producto\\\/jaspe-dalmata\\\/\"]}]},{\"@type\":\"ImageObject\",\"inLanguage\":\"ca\",\"@id\":\"https:\\\/\\\/mineraleslunallena.com\\\/producto\\\/jaspe-dalmata\\\/#primaryimage\",\"url\":\"https:\\\/\\\/mineraleslunallena.com\\\/wp-content\\\/uploads\\\/2024\\\/01\\\/m_r_045-1-scaled.jpg\",\"contentUrl\":\"https:\\\/\\\/mineraleslunallena.com\\\/wp-content\\\/uploads\\\/2024\\\/01\\\/m_r_045-1-scaled.jpg\",\"width\":1920,\"height\":2560},{\"@type\":\"BreadcrumbList\",\"@id\":\"https:\\\/\\\/mineraleslunallena.com\\\/producto\\\/jaspe-dalmata\\\/#breadcrumb\",\"itemListElement\":[{\"@type\":\"ListItem\",\"position\":1,\"name\":\"Portada\",\"item\":\"https:\\\/\\\/mineraleslunallena.com\\\/\"},{\"@type\":\"ListItem\",\"position\":2,\"name\":\"Shop\",\"item\":\"https:\\\/\\\/mineraleslunallena.com\\\/ca\\\/shop\\\/\"},{\"@type\":\"ListItem\",\"position\":3,\"name\":\"Jaspe D\u00e1lmata Rodado Plano | Crecimiento &#8211; Protecci\u00f3n &#8211; Limpieza\"}]},{\"@type\":\"WebSite\",\"@id\":\"https:\\\/\\\/mineraleslunallena.com\\\/#website\",\"url\":\"https:\\\/\\\/mineraleslunallena.com\\\/\",\"name\":\"LUNA LLENA MINERALES\",\"description\":\"Es el momento de conectarte con tu propio poder y confiar en tus habilidades.\",\"publisher\":{\"@id\":\"https:\\\/\\\/mineraleslunallena.com\\\/#organization\"},\"potentialAction\":[{\"@type\":\"SearchAction\",\"target\":{\"@type\":\"EntryPoint\",\"urlTemplate\":\"https:\\\/\\\/mineraleslunallena.com\\\/?s={search_term_string}\"},\"query-input\":{\"@type\":\"PropertyValueSpecification\",\"valueRequired\":true,\"valueName\":\"search_term_string\"}}],\"inLanguage\":\"ca\"},{\"@type\":\"Organization\",\"@id\":\"https:\\\/\\\/mineraleslunallena.com\\\/#organization\",\"name\":\"LUNA LLENA MINERALES\",\"url\":\"https:\\\/\\\/mineraleslunallena.com\\\/\",\"logo\":{\"@type\":\"ImageObject\",\"inLanguage\":\"ca\",\"@id\":\"https:\\\/\\\/mineraleslunallena.com\\\/#\\\/schema\\\/logo\\\/image\\\/\",\"url\":\"https:\\\/\\\/mineraleslunallena.com\\\/wp-content\\\/uploads\\\/2023\\\/07\\\/LUNA-LLENA-LOGO-nuevo.png\",\"contentUrl\":\"https:\\\/\\\/mineraleslunallena.com\\\/wp-content\\\/uploads\\\/2023\\\/07\\\/LUNA-LLENA-LOGO-nuevo.png\",\"width\":229,\"height\":167,\"caption\":\"LUNA LLENA MINERALES\"},\"image\":{\"@id\":\"https:\\\/\\\/mineraleslunallena.com\\\/#\\\/schema\\\/logo\\\/image\\\/\"}}]}<\/script>\n<!-- \/ Yoast SEO plugin. -->","yoast_head_json":{"title":"Jaspe D\u00e1lmata Rodado Plano | Crecimiento - Protecci\u00f3n - Limpieza - MINERALES LUNA LLENA","robots":{"index":"index","follow":"follow","max-snippet":"max-snippet:-1","max-image-preview":"max-image-preview:large","max-video-preview":"max-video-preview:-1"},"canonical":"https:\/\/mineraleslunallena.com\/ca\/producte\/jaspe-dalmata\/","og_locale":"ca_ES","og_type":"article","og_title":"Jaspe D\u00e1lmata Rodado Plano | Crecimiento - Protecci\u00f3n - Limpieza - MINERALES LUNA LLENA","og_description":"El Jaspe D\u00e1lmata, \u00fasalo en momentos de introspecci\u00f3n y toma de decisiones para estabilidad emocional. Disuelve energ\u00edas negativas y potencia la concentraci\u00f3n en la meditaci\u00f3n. Apoya en la superaci\u00f3n de miedos y promueve la resistencia f\u00edsica. Descubre el equilibrio y la protecci\u00f3n que el Jaspe D\u00e1lmata ofrece, transformando tu experiencia est\u00e9tica y espiritual  Cantidad: 1 Unidad. El precio es por una unidad.  Tama\u00f1o: Entre 4.5 y 5 cent\u00edmetros aproximadamente  Forma: Rodado Plano.","og_url":"https:\/\/mineraleslunallena.com\/ca\/producte\/jaspe-dalmata\/","og_site_name":"MINERALES LUNA LLENA","article_modified_time":"2024-05-08T18:09:37+00:00","og_image":[{"width":1920,"height":2560,"url":"https:\/\/mineraleslunallena.com\/wp-content\/uploads\/2024\/01\/m_r_045-1-scaled.jpg","type":"image\/jpeg"}],"twitter_card":"summary_large_image","twitter_misc":{"Temps estimat de lectura":"1 minut"},"schema":{"@context":"https:\/\/schema.org","@graph":[{"@type":"WebPage","@id":"https:\/\/mineraleslunallena.com\/producto\/jaspe-dalmata\/","url":"https:\/\/mineraleslunallena.com\/producto\/jaspe-dalmata\/","name":"Jaspe D\u00e1lmata Rodado Plano | Crecimiento - Protecci\u00f3n - Limpieza - MINERALES LUNA LLENA","isPartOf":{"@id":"https:\/\/mineraleslunallena.com\/#website"},"primaryImageOfPage":{"@id":"https:\/\/mineraleslunallena.com\/producto\/jaspe-dalmata\/#primaryimage"},"image":{"@id":"https:\/\/mineraleslunallena.com\/producto\/jaspe-dalmata\/#primaryimage"},"thumbnailUrl":"https:\/\/mineraleslunallena.com\/wp-content\/uploads\/2024\/01\/m_r_045-1-scaled.jpg","datePublished":"2024-03-13T16:13:47+00:00","dateModified":"2024-05-08T18:09:37+00:00","breadcrumb":{"@id":"https:\/\/mineraleslunallena.com\/producto\/jaspe-dalmata\/#breadcrumb"},"inLanguage":"ca","potentialAction":[{"@type":"ReadAction","target":["https:\/\/mineraleslunallena.com\/producto\/jaspe-dalmata\/"]}]},{"@type":"ImageObject","inLanguage":"ca","@id":"https:\/\/mineraleslunallena.com\/producto\/jaspe-dalmata\/#primaryimage","url":"https:\/\/mineraleslunallena.com\/wp-content\/uploads\/2024\/01\/m_r_045-1-scaled.jpg","contentUrl":"https:\/\/mineraleslunallena.com\/wp-content\/uploads\/2024\/01\/m_r_045-1-scaled.jpg","width":1920,"height":2560},{"@type":"BreadcrumbList","@id":"https:\/\/mineraleslunallena.com\/producto\/jaspe-dalmata\/#breadcrumb","itemListElement":[{"@type":"ListItem","position":1,"name":"Portada","item":"https:\/\/mineraleslunallena.com\/"},{"@type":"ListItem","position":2,"name":"Shop","item":"https:\/\/mineraleslunallena.com\/ca\/shop\/"},{"@type":"ListItem","position":3,"name":"Jaspe D\u00e1lmata Rodado Plano | Crecimiento &#8211; Protecci\u00f3n &#8211; Limpieza"}]},{"@type":"WebSite","@id":"https:\/\/mineraleslunallena.com\/#website","url":"https:\/\/mineraleslunallena.com\/","name":"LLUNA PLENA MINERALS","description":"\u00c9s el moment de connectar-te amb el teu poder i confiar en les teves habilitats.","publisher":{"@id":"https:\/\/mineraleslunallena.com\/#organization"},"potentialAction":[{"@type":"SearchAction","target":{"@type":"EntryPoint","urlTemplate":"https:\/\/mineraleslunallena.com\/?s={search_term_string}"},"query-input":{"@type":"PropertyValueSpecification","valueRequired":true,"valueName":"search_term_string"}}],"inLanguage":"ca"},{"@type":"Organization","@id":"https:\/\/mineraleslunallena.com\/#organization","name":"LLUNA PLENA MINERALS","url":"https:\/\/mineraleslunallena.com\/","logo":{"@type":"ImageObject","inLanguage":"ca","@id":"https:\/\/mineraleslunallena.com\/#\/schema\/logo\/image\/","url":"https:\/\/mineraleslunallena.com\/wp-content\/uploads\/2023\/07\/LUNA-LLENA-LOGO-nuevo.png","contentUrl":"https:\/\/mineraleslunallena.com\/wp-content\/uploads\/2023\/07\/LUNA-LLENA-LOGO-nuevo.png","width":229,"height":167,"caption":"LUNA LLENA MINERALES"},"image":{"@id":"https:\/\/mineraleslunallena.com\/#\/schema\/logo\/image\/"}}]}},"_links":{"self":[{"href":"https:\/\/mineraleslunallena.com\/ca\/wp-json\/wp\/v2\/product\/2572","targetHints":{"allow":["GET"]}}],"collection":[{"href":"https:\/\/mineraleslunallena.com\/ca\/wp-json\/wp\/v2\/product"}],"about":[{"href":"https:\/\/mineraleslunallena.com\/ca\/wp-json\/wp\/v2\/types\/product"}],"version-history":[{"count":5,"href":"https:\/\/mineraleslunallena.com\/ca\/wp-json\/wp\/v2\/product\/2572\/revisions"}],"predecessor-version":[{"id":3265,"href":"https:\/\/mineraleslunallena.com\/ca\/wp-json\/wp\/v2\/product\/2572\/revisions\/3265"}],"wp:featuredmedia":[{"embeddable":true,"href":"https:\/\/mineraleslunallena.com\/ca\/wp-json\/wp\/v2\/media\/1706"}],"wp:attachment":[{"href":"https:\/\/mineraleslunallena.com\/ca\/wp-json\/wp\/v2\/media?parent=2572"}],"wp:term":[{"taxonomy":"product_cat","embeddable":true,"href":"https:\/\/mineraleslunallena.com\/ca\/wp-json\/wp\/v2\/product_cat?post=2572"},{"taxonomy":"product_tag","embeddable":true,"href":"https:\/\/mineraleslunallena.com\/ca\/wp-json\/wp\/v2\/product_tag?post=2572"}],"curies":[{"name":"wp","href":"https:\/\/api.w.org\/{rel}","templated":true}]}}