{"id":2576,"date":"2024-03-13T17:23:21","date_gmt":"2024-03-13T16:23:21","guid":{"rendered":"https:\/\/mineraleslunallena.com\/?post_type=product&#038;p=2576"},"modified":"2026-04-16T23:18:57","modified_gmt":"2026-04-16T21:18:57","slug":"howlita-rodado-plano-conciliar-el-sueno-calma-profunda-comunicacion","status":"publish","type":"product","link":"https:\/\/mineraleslunallena.com\/ca\/producte\/howlita-rodado-plano-conciliar-el-sueno-calma-profunda-comunicacion\/","title":{"rendered":"Howlita Rodado Plano | Conciliar El Sue\u00f1o \u2013 Calma Profunda \u2013 Comunicaci\u00f3n"},"content":{"rendered":"<p>Explora la Howlita una gemma que emana serenitat i equilibri. Porta-la per calmar l&#039;estr\u00e8s i trobar alleujament emocional en moments de tensi\u00f3. A la meditaci\u00f3, potencia la calma profunda i la concentraci\u00f3.<br \/>\nLes vostres propietats creatives i comunicatives us inspiren en moments d&#039;expressi\u00f3. Equilibra emocions i promou claredat mental per a decisions tranquil\u00b7les.<br \/>\nDesbloqueja energies estancades i permet un flux harmoni\u00f3s. Experimenta pau interior i cerca espiritual en moments d&#039;introspecci\u00f3.<br \/>\n\u00c9s la teva eina terap\u00e8utica per enriquir el teu benestar emocional i espiritual.<\/p>\n<p>Quantitat: 1 Unitat. El preu \u00e9s per una unitat.<br \/>\nTama\u00f1o: Entre 4.5 y 5 cent\u00edmetros aproximadamente.<br \/>\nForma: Rodado Plano.<\/p>","protected":false},"excerpt":{"rendered":"<p>Explora la Howlita una gemma que emana serenitat i equilibri. Porta-la per calmar l&#039;estr\u00e8s i trobar alleujament emocional en moments de tensi\u00f3. A la meditaci\u00f3, potencia la calma profunda i la concentraci\u00f3.<br \/>\nLes vostres propietats creatives i comunicatives us inspiren en moments d&#039;expressi\u00f3. Equilibra emocions i promou claredat mental per a decisions tranquil\u00b7les.<br \/>\nDesbloqueja energies estancades i permet un flux harmoni\u00f3s. Experimenta pau interior i cerca espiritual en moments d&#039;introspecci\u00f3.<br \/>\n\u00c9s la teva eina terap\u00e8utica per enriquir el teu benestar emocional i espiritual.<\/p>\n<p>Quantitat: 1 Unitat. El preu \u00e9s per una unitat.<br \/>\nTama\u00f1o: Entre 4.5 y 5 cent\u00edmetros aproximadamente.<br \/>\nForma: Rodado Plano.<\/p>","protected":false},"featured_media":3493,"template":"","meta":[],"product_cat":[69,104],"product_tag":[],"class_list":{"0":"post-2576","1":"product","2":"type-product","3":"status-publish","4":"has-post-thumbnail","6":"product_cat-minerales","7":"product_cat-rodados-planos","9":"first","10":"outofstock","11":"sale","12":"taxable","13":"shipping-taxable","14":"purchasable","15":"product-type-simple"},"yoast_head":"<!-- This site is optimized with the Yoast SEO plugin v27.3 - https:\/\/yoast.com\/product\/yoast-seo-wordpress\/ -->\n<title>Howlita Rodado Plano | Conciliar El Sue\u00f1o \u2013 Calma Profunda \u2013 Comunicaci\u00f3n - MINERALES LUNA LLENA<\/title>\n<meta name=\"robots\" content=\"index, follow, max-snippet:-1, max-image-preview:large, max-video-preview:-1\" \/>\n<link rel=\"canonical\" href=\"https:\/\/mineraleslunallena.com\/ca\/producte\/howlita-rodado-plano-conciliar-el-sueno-calma-profunda-comunicacion\/\" \/>\n<meta property=\"og:locale\" content=\"ca_ES\" \/>\n<meta property=\"og:type\" content=\"article\" \/>\n<meta property=\"og:title\" content=\"Howlita Rodado Plano | Conciliar El Sue\u00f1o \u2013 Calma Profunda \u2013 Comunicaci\u00f3n - MINERALES LUNA LLENA\" \/>\n<meta property=\"og:description\" content=\"Explora la Howlita una gema que emana serenidad y equilibrio. Ll\u00e9vala para calmar el estr\u00e9s y encontrar alivio emocional en momentos de tensi\u00f3n. En la meditaci\u00f3n, potencia la calma profunda y la concentraci\u00f3n. Sus propiedades creativas y comunicativas te inspiran en momentos de expresi\u00f3n. Equilibra emociones y promueve claridad mental para decisiones tranquilas. Desbloquea energ\u00edas estancadas y permite un flujo armonioso. Experimenta paz interior y b\u00fasqueda espiritual en momentos de introspecci\u00f3n. Es tu herramienta terap\u00e9utica para enriquecer tu bienestar emocional y espiritual.  Cantidad: 1 Unidad. El precio es por una unidad. Tama\u00f1o: Entre 4.5 y 5 cent\u00edmetros aproximadamente. Forma: Rodado Plano.\" \/>\n<meta property=\"og:url\" content=\"https:\/\/mineraleslunallena.com\/ca\/producte\/howlita-rodado-plano-conciliar-el-sueno-calma-profunda-comunicacion\/\" \/>\n<meta property=\"og:site_name\" content=\"MINERALES LUNA LLENA\" \/>\n<meta property=\"article:modified_time\" content=\"2026-04-16T21:18:57+00:00\" \/>\n<meta property=\"og:image\" content=\"https:\/\/mineraleslunallena.com\/wp-content\/uploads\/2024\/03\/holita-plano-scaled.jpg\" \/>\n\t<meta property=\"og:image:width\" content=\"1920\" \/>\n\t<meta property=\"og:image:height\" content=\"2560\" \/>\n\t<meta property=\"og:image:type\" content=\"image\/jpeg\" \/>\n<meta name=\"twitter:card\" content=\"summary_large_image\" \/>\n<meta name=\"twitter:label1\" content=\"Temps estimat de lectura\" \/>\n\t<meta name=\"twitter:data1\" content=\"1 minut\" \/>\n<script type=\"application\/ld+json\" class=\"yoast-schema-graph\">{\"@context\":\"https:\\\/\\\/schema.org\",\"@graph\":[{\"@type\":\"WebPage\",\"@id\":\"https:\\\/\\\/mineraleslunallena.com\\\/producto\\\/howlita-rodado-plano-conciliar-el-sueno-calma-profunda-comunicacion\\\/\",\"url\":\"https:\\\/\\\/mineraleslunallena.com\\\/producto\\\/howlita-rodado-plano-conciliar-el-sueno-calma-profunda-comunicacion\\\/\",\"name\":\"Howlita Rodado Plano | Conciliar El Sue\u00f1o \u2013 Calma Profunda \u2013 Comunicaci\u00f3n - MINERALES LUNA LLENA\",\"isPartOf\":{\"@id\":\"https:\\\/\\\/mineraleslunallena.com\\\/#website\"},\"primaryImageOfPage\":{\"@id\":\"https:\\\/\\\/mineraleslunallena.com\\\/producto\\\/howlita-rodado-plano-conciliar-el-sueno-calma-profunda-comunicacion\\\/#primaryimage\"},\"image\":{\"@id\":\"https:\\\/\\\/mineraleslunallena.com\\\/producto\\\/howlita-rodado-plano-conciliar-el-sueno-calma-profunda-comunicacion\\\/#primaryimage\"},\"thumbnailUrl\":\"https:\\\/\\\/mineraleslunallena.com\\\/wp-content\\\/uploads\\\/2024\\\/03\\\/holita-plano-scaled.jpg\",\"datePublished\":\"2024-03-13T16:23:21+00:00\",\"dateModified\":\"2026-04-16T21:18:57+00:00\",\"breadcrumb\":{\"@id\":\"https:\\\/\\\/mineraleslunallena.com\\\/producto\\\/howlita-rodado-plano-conciliar-el-sueno-calma-profunda-comunicacion\\\/#breadcrumb\"},\"inLanguage\":\"ca\",\"potentialAction\":[{\"@type\":\"ReadAction\",\"target\":[\"https:\\\/\\\/mineraleslunallena.com\\\/producto\\\/howlita-rodado-plano-conciliar-el-sueno-calma-profunda-comunicacion\\\/\"]}]},{\"@type\":\"ImageObject\",\"inLanguage\":\"ca\",\"@id\":\"https:\\\/\\\/mineraleslunallena.com\\\/producto\\\/howlita-rodado-plano-conciliar-el-sueno-calma-profunda-comunicacion\\\/#primaryimage\",\"url\":\"https:\\\/\\\/mineraleslunallena.com\\\/wp-content\\\/uploads\\\/2024\\\/03\\\/holita-plano-scaled.jpg\",\"contentUrl\":\"https:\\\/\\\/mineraleslunallena.com\\\/wp-content\\\/uploads\\\/2024\\\/03\\\/holita-plano-scaled.jpg\",\"width\":1920,\"height\":2560},{\"@type\":\"BreadcrumbList\",\"@id\":\"https:\\\/\\\/mineraleslunallena.com\\\/producto\\\/howlita-rodado-plano-conciliar-el-sueno-calma-profunda-comunicacion\\\/#breadcrumb\",\"itemListElement\":[{\"@type\":\"ListItem\",\"position\":1,\"name\":\"Portada\",\"item\":\"https:\\\/\\\/mineraleslunallena.com\\\/\"},{\"@type\":\"ListItem\",\"position\":2,\"name\":\"Shop\",\"item\":\"https:\\\/\\\/mineraleslunallena.com\\\/ca\\\/shop\\\/\"},{\"@type\":\"ListItem\",\"position\":3,\"name\":\"Howlita Rodado Plano | Conciliar El Sue\u00f1o \u2013 Calma Profunda \u2013 Comunicaci\u00f3n\"}]},{\"@type\":\"WebSite\",\"@id\":\"https:\\\/\\\/mineraleslunallena.com\\\/#website\",\"url\":\"https:\\\/\\\/mineraleslunallena.com\\\/\",\"name\":\"LUNA LLENA MINERALES\",\"description\":\"Es el momento de conectarte con tu propio poder y confiar en tus habilidades.\",\"publisher\":{\"@id\":\"https:\\\/\\\/mineraleslunallena.com\\\/#organization\"},\"potentialAction\":[{\"@type\":\"SearchAction\",\"target\":{\"@type\":\"EntryPoint\",\"urlTemplate\":\"https:\\\/\\\/mineraleslunallena.com\\\/?s={search_term_string}\"},\"query-input\":{\"@type\":\"PropertyValueSpecification\",\"valueRequired\":true,\"valueName\":\"search_term_string\"}}],\"inLanguage\":\"ca\"},{\"@type\":\"Organization\",\"@id\":\"https:\\\/\\\/mineraleslunallena.com\\\/#organization\",\"name\":\"LUNA LLENA MINERALES\",\"url\":\"https:\\\/\\\/mineraleslunallena.com\\\/\",\"logo\":{\"@type\":\"ImageObject\",\"inLanguage\":\"ca\",\"@id\":\"https:\\\/\\\/mineraleslunallena.com\\\/#\\\/schema\\\/logo\\\/image\\\/\",\"url\":\"https:\\\/\\\/mineraleslunallena.com\\\/wp-content\\\/uploads\\\/2023\\\/07\\\/LUNA-LLENA-LOGO-nuevo.png\",\"contentUrl\":\"https:\\\/\\\/mineraleslunallena.com\\\/wp-content\\\/uploads\\\/2023\\\/07\\\/LUNA-LLENA-LOGO-nuevo.png\",\"width\":229,\"height\":167,\"caption\":\"LUNA LLENA MINERALES\"},\"image\":{\"@id\":\"https:\\\/\\\/mineraleslunallena.com\\\/#\\\/schema\\\/logo\\\/image\\\/\"}}]}<\/script>\n<!-- \/ Yoast SEO plugin. -->","yoast_head_json":{"title":"Howlita Rodado Plano | Conciliar El Sue\u00f1o \u2013 Calma Profunda \u2013 Comunicaci\u00f3n - MINERALES LUNA LLENA","robots":{"index":"index","follow":"follow","max-snippet":"max-snippet:-1","max-image-preview":"max-image-preview:large","max-video-preview":"max-video-preview:-1"},"canonical":"https:\/\/mineraleslunallena.com\/ca\/producte\/howlita-rodado-plano-conciliar-el-sueno-calma-profunda-comunicacion\/","og_locale":"ca_ES","og_type":"article","og_title":"Howlita Rodado Plano | Conciliar El Sue\u00f1o \u2013 Calma Profunda \u2013 Comunicaci\u00f3n - MINERALES LUNA LLENA","og_description":"Explora la Howlita una gema que emana serenidad y equilibrio. Ll\u00e9vala para calmar el estr\u00e9s y encontrar alivio emocional en momentos de tensi\u00f3n. En la meditaci\u00f3n, potencia la calma profunda y la concentraci\u00f3n. Sus propiedades creativas y comunicativas te inspiran en momentos de expresi\u00f3n. Equilibra emociones y promueve claridad mental para decisiones tranquilas. Desbloquea energ\u00edas estancadas y permite un flujo armonioso. Experimenta paz interior y b\u00fasqueda espiritual en momentos de introspecci\u00f3n. Es tu herramienta terap\u00e9utica para enriquecer tu bienestar emocional y espiritual.  Cantidad: 1 Unidad. El precio es por una unidad. Tama\u00f1o: Entre 4.5 y 5 cent\u00edmetros aproximadamente. Forma: Rodado Plano.","og_url":"https:\/\/mineraleslunallena.com\/ca\/producte\/howlita-rodado-plano-conciliar-el-sueno-calma-profunda-comunicacion\/","og_site_name":"MINERALES LUNA LLENA","article_modified_time":"2026-04-16T21:18:57+00:00","og_image":[{"width":1920,"height":2560,"url":"https:\/\/mineraleslunallena.com\/wp-content\/uploads\/2024\/03\/holita-plano-scaled.jpg","type":"image\/jpeg"}],"twitter_card":"summary_large_image","twitter_misc":{"Temps estimat de lectura":"1 minut"},"schema":{"@context":"https:\/\/schema.org","@graph":[{"@type":"WebPage","@id":"https:\/\/mineraleslunallena.com\/producto\/howlita-rodado-plano-conciliar-el-sueno-calma-profunda-comunicacion\/","url":"https:\/\/mineraleslunallena.com\/producto\/howlita-rodado-plano-conciliar-el-sueno-calma-profunda-comunicacion\/","name":"Howlita Rodado Plano | Conciliar El Sue\u00f1o \u2013 Calma Profunda \u2013 Comunicaci\u00f3n - MINERALES LUNA LLENA","isPartOf":{"@id":"https:\/\/mineraleslunallena.com\/#website"},"primaryImageOfPage":{"@id":"https:\/\/mineraleslunallena.com\/producto\/howlita-rodado-plano-conciliar-el-sueno-calma-profunda-comunicacion\/#primaryimage"},"image":{"@id":"https:\/\/mineraleslunallena.com\/producto\/howlita-rodado-plano-conciliar-el-sueno-calma-profunda-comunicacion\/#primaryimage"},"thumbnailUrl":"https:\/\/mineraleslunallena.com\/wp-content\/uploads\/2024\/03\/holita-plano-scaled.jpg","datePublished":"2024-03-13T16:23:21+00:00","dateModified":"2026-04-16T21:18:57+00:00","breadcrumb":{"@id":"https:\/\/mineraleslunallena.com\/producto\/howlita-rodado-plano-conciliar-el-sueno-calma-profunda-comunicacion\/#breadcrumb"},"inLanguage":"ca","potentialAction":[{"@type":"ReadAction","target":["https:\/\/mineraleslunallena.com\/producto\/howlita-rodado-plano-conciliar-el-sueno-calma-profunda-comunicacion\/"]}]},{"@type":"ImageObject","inLanguage":"ca","@id":"https:\/\/mineraleslunallena.com\/producto\/howlita-rodado-plano-conciliar-el-sueno-calma-profunda-comunicacion\/#primaryimage","url":"https:\/\/mineraleslunallena.com\/wp-content\/uploads\/2024\/03\/holita-plano-scaled.jpg","contentUrl":"https:\/\/mineraleslunallena.com\/wp-content\/uploads\/2024\/03\/holita-plano-scaled.jpg","width":1920,"height":2560},{"@type":"BreadcrumbList","@id":"https:\/\/mineraleslunallena.com\/producto\/howlita-rodado-plano-conciliar-el-sueno-calma-profunda-comunicacion\/#breadcrumb","itemListElement":[{"@type":"ListItem","position":1,"name":"Portada","item":"https:\/\/mineraleslunallena.com\/"},{"@type":"ListItem","position":2,"name":"Shop","item":"https:\/\/mineraleslunallena.com\/ca\/shop\/"},{"@type":"ListItem","position":3,"name":"Howlita Rodado Plano | Conciliar El Sue\u00f1o \u2013 Calma Profunda \u2013 Comunicaci\u00f3n"}]},{"@type":"WebSite","@id":"https:\/\/mineraleslunallena.com\/#website","url":"https:\/\/mineraleslunallena.com\/","name":"LLUNA PLENA MINERALS","description":"\u00c9s el moment de connectar-te amb el teu poder i confiar en les teves habilitats.","publisher":{"@id":"https:\/\/mineraleslunallena.com\/#organization"},"potentialAction":[{"@type":"SearchAction","target":{"@type":"EntryPoint","urlTemplate":"https:\/\/mineraleslunallena.com\/?s={search_term_string}"},"query-input":{"@type":"PropertyValueSpecification","valueRequired":true,"valueName":"search_term_string"}}],"inLanguage":"ca"},{"@type":"Organization","@id":"https:\/\/mineraleslunallena.com\/#organization","name":"LLUNA PLENA MINERALS","url":"https:\/\/mineraleslunallena.com\/","logo":{"@type":"ImageObject","inLanguage":"ca","@id":"https:\/\/mineraleslunallena.com\/#\/schema\/logo\/image\/","url":"https:\/\/mineraleslunallena.com\/wp-content\/uploads\/2023\/07\/LUNA-LLENA-LOGO-nuevo.png","contentUrl":"https:\/\/mineraleslunallena.com\/wp-content\/uploads\/2023\/07\/LUNA-LLENA-LOGO-nuevo.png","width":229,"height":167,"caption":"LUNA LLENA MINERALES"},"image":{"@id":"https:\/\/mineraleslunallena.com\/#\/schema\/logo\/image\/"}}]}},"_links":{"self":[{"href":"https:\/\/mineraleslunallena.com\/ca\/wp-json\/wp\/v2\/product\/2576","targetHints":{"allow":["GET"]}}],"collection":[{"href":"https:\/\/mineraleslunallena.com\/ca\/wp-json\/wp\/v2\/product"}],"about":[{"href":"https:\/\/mineraleslunallena.com\/ca\/wp-json\/wp\/v2\/types\/product"}],"version-history":[{"count":4,"href":"https:\/\/mineraleslunallena.com\/ca\/wp-json\/wp\/v2\/product\/2576\/revisions"}],"predecessor-version":[{"id":9437,"href":"https:\/\/mineraleslunallena.com\/ca\/wp-json\/wp\/v2\/product\/2576\/revisions\/9437"}],"wp:featuredmedia":[{"embeddable":true,"href":"https:\/\/mineraleslunallena.com\/ca\/wp-json\/wp\/v2\/media\/3493"}],"wp:attachment":[{"href":"https:\/\/mineraleslunallena.com\/ca\/wp-json\/wp\/v2\/media?parent=2576"}],"wp:term":[{"taxonomy":"product_cat","embeddable":true,"href":"https:\/\/mineraleslunallena.com\/ca\/wp-json\/wp\/v2\/product_cat?post=2576"},{"taxonomy":"product_tag","embeddable":true,"href":"https:\/\/mineraleslunallena.com\/ca\/wp-json\/wp\/v2\/product_tag?post=2576"}],"curies":[{"name":"wp","href":"https:\/\/api.w.org\/{rel}","templated":true}]}}