{"id":2582,"date":"2024-03-13T17:35:49","date_gmt":"2024-03-13T16:35:49","guid":{"rendered":"https:\/\/mineraleslunallena.com\/?post_type=product&#038;p=2582"},"modified":"2024-03-25T20:29:16","modified_gmt":"2024-03-25T19:29:16","slug":"cuarzo-ahumado-rodado-plano-equilibrio-emocional-purificacion","status":"publish","type":"product","link":"https:\/\/mineraleslunallena.com\/ca\/producte\/cuarzo-ahumado-rodado-plano-equilibrio-emocional-purificacion\/","title":{"rendered":"Cuarzo Ahumado Rodado Plano | Equilibrio Emocional \u2013 Purificaci\u00f3n"},"content":{"rendered":"<p>El Cuarzo Ahumado, una joya protectora que te brinda equilibrio emocional y purificaci\u00f3n. \u00dasalo para crear un escudo contra energ\u00edas negativas y mantener un ambiente armonioso.<br \/>\nEncuentra calma y serenidad en momentos de estr\u00e9s. Potencia tus pr\u00e1cticas espirituales y meditaci\u00f3n con su energ\u00eda profunda y concentrada.<br \/>\nLibera bloqueos emocionales y patrones limitantes, permitiendo un mayor crecimiento personal.<br \/>\nCon\u00e9ctate con la tierra y si\u00e9ntete anclado y enraizado. A\u00f1ade esta piedra a tu colecci\u00f3n y descubre su poderoso impacto en tu bienestar emocional y espiritual.<\/p>\n<p>Cantidad: 1 Unidad. El precio es por unidad.<br \/>\nTama\u00f1o: De 3.5 a 5 cent\u00edmetros aproximadamente.<br \/>\nForma: Mineral Rodado Plano.<\/p>","protected":false},"excerpt":{"rendered":"<p>El Cuarzo Ahumado, una joya protectora que te brinda equilibrio emocional y purificaci\u00f3n. \u00dasalo para crear un escudo contra energ\u00edas negativas y mantener un ambiente armonioso.<br \/>\nEncuentra calma y serenidad en momentos de estr\u00e9s. Potencia tus pr\u00e1cticas espirituales y meditaci\u00f3n con su energ\u00eda profunda y concentrada.<br \/>\nLibera bloqueos emocionales y patrones limitantes, permitiendo un mayor crecimiento personal.<br \/>\nCon\u00e9ctate con la tierra y si\u00e9ntete anclado y enraizado. A\u00f1ade esta piedra a tu colecci\u00f3n y descubre su poderoso impacto en tu bienestar emocional y espiritual.<\/p>\n<p>Cantidad: 1 Unidad. El precio es por unidad.<br \/>\nTama\u00f1o: De 3.5 a 5 cent\u00edmetros aproximadamente.<br \/>\nForma: Mineral Rodado Plano.<\/p>","protected":false},"featured_media":3884,"template":"","meta":[],"product_cat":[69,104],"product_tag":[],"class_list":{"0":"post-2582","1":"product","2":"type-product","3":"status-publish","4":"has-post-thumbnail","6":"product_cat-minerales","7":"product_cat-rodados-planos","9":"first","10":"instock","11":"sale","12":"taxable","13":"shipping-taxable","14":"purchasable","15":"product-type-simple"},"yoast_head":"<!-- This site is optimized with the Yoast SEO plugin v27.3 - https:\/\/yoast.com\/product\/yoast-seo-wordpress\/ -->\n<title>Cuarzo Ahumado Rodado Plano | Equilibrio Emocional \u2013 Purificaci\u00f3n - MINERALES LUNA LLENA<\/title>\n<meta name=\"robots\" content=\"index, follow, max-snippet:-1, max-image-preview:large, max-video-preview:-1\" \/>\n<link rel=\"canonical\" href=\"https:\/\/mineraleslunallena.com\/ca\/producte\/cuarzo-ahumado-rodado-plano-equilibrio-emocional-purificacion\/\" \/>\n<meta property=\"og:locale\" content=\"ca_ES\" \/>\n<meta property=\"og:type\" content=\"article\" \/>\n<meta property=\"og:title\" content=\"Cuarzo Ahumado Rodado Plano | Equilibrio Emocional \u2013 Purificaci\u00f3n - MINERALES LUNA LLENA\" \/>\n<meta property=\"og:description\" content=\"El Cuarzo Ahumado, una joya protectora que te brinda equilibrio emocional y purificaci\u00f3n. \u00dasalo para crear un escudo contra energ\u00edas negativas y mantener un ambiente armonioso. Encuentra calma y serenidad en momentos de estr\u00e9s. Potencia tus pr\u00e1cticas espirituales y meditaci\u00f3n con su energ\u00eda profunda y concentrada. Libera bloqueos emocionales y patrones limitantes, permitiendo un mayor crecimiento personal. Con\u00e9ctate con la tierra y si\u00e9ntete anclado y enraizado. A\u00f1ade esta piedra a tu colecci\u00f3n y descubre su poderoso impacto en tu bienestar emocional y espiritual.  Cantidad: 1 Unidad. El precio es por unidad. Tama\u00f1o: De 3.5 a 5 cent\u00edmetros aproximadamente. Forma: Mineral Rodado Plano.\" \/>\n<meta property=\"og:url\" content=\"https:\/\/mineraleslunallena.com\/ca\/producte\/cuarzo-ahumado-rodado-plano-equilibrio-emocional-purificacion\/\" \/>\n<meta property=\"og:site_name\" content=\"MINERALES LUNA LLENA\" \/>\n<meta property=\"article:modified_time\" content=\"2024-03-25T19:29:16+00:00\" \/>\n<meta property=\"og:image\" content=\"https:\/\/mineraleslunallena.com\/wp-content\/uploads\/2024\/03\/IMG_20230829_121321-scaled.jpg\" \/>\n\t<meta property=\"og:image:width\" content=\"1920\" \/>\n\t<meta property=\"og:image:height\" content=\"2560\" \/>\n\t<meta property=\"og:image:type\" content=\"image\/jpeg\" \/>\n<meta name=\"twitter:card\" content=\"summary_large_image\" \/>\n<meta name=\"twitter:label1\" content=\"Temps estimat de lectura\" \/>\n\t<meta name=\"twitter:data1\" content=\"1 minut\" \/>\n<script type=\"application\/ld+json\" class=\"yoast-schema-graph\">{\"@context\":\"https:\\\/\\\/schema.org\",\"@graph\":[{\"@type\":\"WebPage\",\"@id\":\"https:\\\/\\\/mineraleslunallena.com\\\/producto\\\/cuarzo-ahumado-rodado-plano-equilibrio-emocional-purificacion\\\/\",\"url\":\"https:\\\/\\\/mineraleslunallena.com\\\/producto\\\/cuarzo-ahumado-rodado-plano-equilibrio-emocional-purificacion\\\/\",\"name\":\"Cuarzo Ahumado Rodado Plano | Equilibrio Emocional \u2013 Purificaci\u00f3n - MINERALES LUNA LLENA\",\"isPartOf\":{\"@id\":\"https:\\\/\\\/mineraleslunallena.com\\\/#website\"},\"primaryImageOfPage\":{\"@id\":\"https:\\\/\\\/mineraleslunallena.com\\\/producto\\\/cuarzo-ahumado-rodado-plano-equilibrio-emocional-purificacion\\\/#primaryimage\"},\"image\":{\"@id\":\"https:\\\/\\\/mineraleslunallena.com\\\/producto\\\/cuarzo-ahumado-rodado-plano-equilibrio-emocional-purificacion\\\/#primaryimage\"},\"thumbnailUrl\":\"https:\\\/\\\/mineraleslunallena.com\\\/wp-content\\\/uploads\\\/2024\\\/03\\\/IMG_20230829_121321-scaled.jpg\",\"datePublished\":\"2024-03-13T16:35:49+00:00\",\"dateModified\":\"2024-03-25T19:29:16+00:00\",\"breadcrumb\":{\"@id\":\"https:\\\/\\\/mineraleslunallena.com\\\/producto\\\/cuarzo-ahumado-rodado-plano-equilibrio-emocional-purificacion\\\/#breadcrumb\"},\"inLanguage\":\"ca\",\"potentialAction\":[{\"@type\":\"ReadAction\",\"target\":[\"https:\\\/\\\/mineraleslunallena.com\\\/producto\\\/cuarzo-ahumado-rodado-plano-equilibrio-emocional-purificacion\\\/\"]}]},{\"@type\":\"ImageObject\",\"inLanguage\":\"ca\",\"@id\":\"https:\\\/\\\/mineraleslunallena.com\\\/producto\\\/cuarzo-ahumado-rodado-plano-equilibrio-emocional-purificacion\\\/#primaryimage\",\"url\":\"https:\\\/\\\/mineraleslunallena.com\\\/wp-content\\\/uploads\\\/2024\\\/03\\\/IMG_20230829_121321-scaled.jpg\",\"contentUrl\":\"https:\\\/\\\/mineraleslunallena.com\\\/wp-content\\\/uploads\\\/2024\\\/03\\\/IMG_20230829_121321-scaled.jpg\",\"width\":1920,\"height\":2560},{\"@type\":\"BreadcrumbList\",\"@id\":\"https:\\\/\\\/mineraleslunallena.com\\\/producto\\\/cuarzo-ahumado-rodado-plano-equilibrio-emocional-purificacion\\\/#breadcrumb\",\"itemListElement\":[{\"@type\":\"ListItem\",\"position\":1,\"name\":\"Portada\",\"item\":\"https:\\\/\\\/mineraleslunallena.com\\\/\"},{\"@type\":\"ListItem\",\"position\":2,\"name\":\"Shop\",\"item\":\"https:\\\/\\\/mineraleslunallena.com\\\/ca\\\/shop\\\/\"},{\"@type\":\"ListItem\",\"position\":3,\"name\":\"Cuarzo Ahumado Rodado Plano | Equilibrio Emocional \u2013 Purificaci\u00f3n\"}]},{\"@type\":\"WebSite\",\"@id\":\"https:\\\/\\\/mineraleslunallena.com\\\/#website\",\"url\":\"https:\\\/\\\/mineraleslunallena.com\\\/\",\"name\":\"LUNA LLENA MINERALES\",\"description\":\"Es el momento de conectarte con tu propio poder y confiar en tus habilidades.\",\"publisher\":{\"@id\":\"https:\\\/\\\/mineraleslunallena.com\\\/#organization\"},\"potentialAction\":[{\"@type\":\"SearchAction\",\"target\":{\"@type\":\"EntryPoint\",\"urlTemplate\":\"https:\\\/\\\/mineraleslunallena.com\\\/?s={search_term_string}\"},\"query-input\":{\"@type\":\"PropertyValueSpecification\",\"valueRequired\":true,\"valueName\":\"search_term_string\"}}],\"inLanguage\":\"ca\"},{\"@type\":\"Organization\",\"@id\":\"https:\\\/\\\/mineraleslunallena.com\\\/#organization\",\"name\":\"LUNA LLENA MINERALES\",\"url\":\"https:\\\/\\\/mineraleslunallena.com\\\/\",\"logo\":{\"@type\":\"ImageObject\",\"inLanguage\":\"ca\",\"@id\":\"https:\\\/\\\/mineraleslunallena.com\\\/#\\\/schema\\\/logo\\\/image\\\/\",\"url\":\"https:\\\/\\\/mineraleslunallena.com\\\/wp-content\\\/uploads\\\/2023\\\/07\\\/LUNA-LLENA-LOGO-nuevo.png\",\"contentUrl\":\"https:\\\/\\\/mineraleslunallena.com\\\/wp-content\\\/uploads\\\/2023\\\/07\\\/LUNA-LLENA-LOGO-nuevo.png\",\"width\":229,\"height\":167,\"caption\":\"LUNA LLENA MINERALES\"},\"image\":{\"@id\":\"https:\\\/\\\/mineraleslunallena.com\\\/#\\\/schema\\\/logo\\\/image\\\/\"}}]}<\/script>\n<!-- \/ Yoast SEO plugin. -->","yoast_head_json":{"title":"Cuarzo Ahumado Rodado Plano | Equilibrio Emocional \u2013 Purificaci\u00f3n - MINERALES LUNA LLENA","robots":{"index":"index","follow":"follow","max-snippet":"max-snippet:-1","max-image-preview":"max-image-preview:large","max-video-preview":"max-video-preview:-1"},"canonical":"https:\/\/mineraleslunallena.com\/ca\/producte\/cuarzo-ahumado-rodado-plano-equilibrio-emocional-purificacion\/","og_locale":"ca_ES","og_type":"article","og_title":"Cuarzo Ahumado Rodado Plano | Equilibrio Emocional \u2013 Purificaci\u00f3n - MINERALES LUNA LLENA","og_description":"El Cuarzo Ahumado, una joya protectora que te brinda equilibrio emocional y purificaci\u00f3n. \u00dasalo para crear un escudo contra energ\u00edas negativas y mantener un ambiente armonioso. Encuentra calma y serenidad en momentos de estr\u00e9s. Potencia tus pr\u00e1cticas espirituales y meditaci\u00f3n con su energ\u00eda profunda y concentrada. Libera bloqueos emocionales y patrones limitantes, permitiendo un mayor crecimiento personal. Con\u00e9ctate con la tierra y si\u00e9ntete anclado y enraizado. A\u00f1ade esta piedra a tu colecci\u00f3n y descubre su poderoso impacto en tu bienestar emocional y espiritual.  Cantidad: 1 Unidad. El precio es por unidad. Tama\u00f1o: De 3.5 a 5 cent\u00edmetros aproximadamente. Forma: Mineral Rodado Plano.","og_url":"https:\/\/mineraleslunallena.com\/ca\/producte\/cuarzo-ahumado-rodado-plano-equilibrio-emocional-purificacion\/","og_site_name":"MINERALES LUNA LLENA","article_modified_time":"2024-03-25T19:29:16+00:00","og_image":[{"width":1920,"height":2560,"url":"https:\/\/mineraleslunallena.com\/wp-content\/uploads\/2024\/03\/IMG_20230829_121321-scaled.jpg","type":"image\/jpeg"}],"twitter_card":"summary_large_image","twitter_misc":{"Temps estimat de lectura":"1 minut"},"schema":{"@context":"https:\/\/schema.org","@graph":[{"@type":"WebPage","@id":"https:\/\/mineraleslunallena.com\/producto\/cuarzo-ahumado-rodado-plano-equilibrio-emocional-purificacion\/","url":"https:\/\/mineraleslunallena.com\/producto\/cuarzo-ahumado-rodado-plano-equilibrio-emocional-purificacion\/","name":"Cuarzo Ahumado Rodado Plano | Equilibrio Emocional \u2013 Purificaci\u00f3n - MINERALES LUNA LLENA","isPartOf":{"@id":"https:\/\/mineraleslunallena.com\/#website"},"primaryImageOfPage":{"@id":"https:\/\/mineraleslunallena.com\/producto\/cuarzo-ahumado-rodado-plano-equilibrio-emocional-purificacion\/#primaryimage"},"image":{"@id":"https:\/\/mineraleslunallena.com\/producto\/cuarzo-ahumado-rodado-plano-equilibrio-emocional-purificacion\/#primaryimage"},"thumbnailUrl":"https:\/\/mineraleslunallena.com\/wp-content\/uploads\/2024\/03\/IMG_20230829_121321-scaled.jpg","datePublished":"2024-03-13T16:35:49+00:00","dateModified":"2024-03-25T19:29:16+00:00","breadcrumb":{"@id":"https:\/\/mineraleslunallena.com\/producto\/cuarzo-ahumado-rodado-plano-equilibrio-emocional-purificacion\/#breadcrumb"},"inLanguage":"ca","potentialAction":[{"@type":"ReadAction","target":["https:\/\/mineraleslunallena.com\/producto\/cuarzo-ahumado-rodado-plano-equilibrio-emocional-purificacion\/"]}]},{"@type":"ImageObject","inLanguage":"ca","@id":"https:\/\/mineraleslunallena.com\/producto\/cuarzo-ahumado-rodado-plano-equilibrio-emocional-purificacion\/#primaryimage","url":"https:\/\/mineraleslunallena.com\/wp-content\/uploads\/2024\/03\/IMG_20230829_121321-scaled.jpg","contentUrl":"https:\/\/mineraleslunallena.com\/wp-content\/uploads\/2024\/03\/IMG_20230829_121321-scaled.jpg","width":1920,"height":2560},{"@type":"BreadcrumbList","@id":"https:\/\/mineraleslunallena.com\/producto\/cuarzo-ahumado-rodado-plano-equilibrio-emocional-purificacion\/#breadcrumb","itemListElement":[{"@type":"ListItem","position":1,"name":"Portada","item":"https:\/\/mineraleslunallena.com\/"},{"@type":"ListItem","position":2,"name":"Shop","item":"https:\/\/mineraleslunallena.com\/ca\/shop\/"},{"@type":"ListItem","position":3,"name":"Cuarzo Ahumado Rodado Plano | Equilibrio Emocional \u2013 Purificaci\u00f3n"}]},{"@type":"WebSite","@id":"https:\/\/mineraleslunallena.com\/#website","url":"https:\/\/mineraleslunallena.com\/","name":"LLUNA PLENA MINERALS","description":"\u00c9s el moment de connectar-te amb el teu poder i confiar en les teves habilitats.","publisher":{"@id":"https:\/\/mineraleslunallena.com\/#organization"},"potentialAction":[{"@type":"SearchAction","target":{"@type":"EntryPoint","urlTemplate":"https:\/\/mineraleslunallena.com\/?s={search_term_string}"},"query-input":{"@type":"PropertyValueSpecification","valueRequired":true,"valueName":"search_term_string"}}],"inLanguage":"ca"},{"@type":"Organization","@id":"https:\/\/mineraleslunallena.com\/#organization","name":"LLUNA PLENA MINERALS","url":"https:\/\/mineraleslunallena.com\/","logo":{"@type":"ImageObject","inLanguage":"ca","@id":"https:\/\/mineraleslunallena.com\/#\/schema\/logo\/image\/","url":"https:\/\/mineraleslunallena.com\/wp-content\/uploads\/2023\/07\/LUNA-LLENA-LOGO-nuevo.png","contentUrl":"https:\/\/mineraleslunallena.com\/wp-content\/uploads\/2023\/07\/LUNA-LLENA-LOGO-nuevo.png","width":229,"height":167,"caption":"LUNA LLENA MINERALES"},"image":{"@id":"https:\/\/mineraleslunallena.com\/#\/schema\/logo\/image\/"}}]}},"_links":{"self":[{"href":"https:\/\/mineraleslunallena.com\/ca\/wp-json\/wp\/v2\/product\/2582","targetHints":{"allow":["GET"]}}],"collection":[{"href":"https:\/\/mineraleslunallena.com\/ca\/wp-json\/wp\/v2\/product"}],"about":[{"href":"https:\/\/mineraleslunallena.com\/ca\/wp-json\/wp\/v2\/types\/product"}],"version-history":[{"count":4,"href":"https:\/\/mineraleslunallena.com\/ca\/wp-json\/wp\/v2\/product\/2582\/revisions"}],"predecessor-version":[{"id":2852,"href":"https:\/\/mineraleslunallena.com\/ca\/wp-json\/wp\/v2\/product\/2582\/revisions\/2852"}],"wp:featuredmedia":[{"embeddable":true,"href":"https:\/\/mineraleslunallena.com\/ca\/wp-json\/wp\/v2\/media\/3884"}],"wp:attachment":[{"href":"https:\/\/mineraleslunallena.com\/ca\/wp-json\/wp\/v2\/media?parent=2582"}],"wp:term":[{"taxonomy":"product_cat","embeddable":true,"href":"https:\/\/mineraleslunallena.com\/ca\/wp-json\/wp\/v2\/product_cat?post=2582"},{"taxonomy":"product_tag","embeddable":true,"href":"https:\/\/mineraleslunallena.com\/ca\/wp-json\/wp\/v2\/product_tag?post=2582"}],"curies":[{"name":"wp","href":"https:\/\/api.w.org\/{rel}","templated":true}]}}