{"id":2587,"date":"2024-03-13T17:43:11","date_gmt":"2024-03-13T16:43:11","guid":{"rendered":"https:\/\/mineraleslunallena.com\/?post_type=product&#038;p=2587"},"modified":"2025-07-05T19:38:41","modified_gmt":"2025-07-05T17:38:41","slug":"carneola-rodado-plano-creatividad-pasion-superacion-de-miedos","status":"publish","type":"product","link":"https:\/\/mineraleslunallena.com\/ca\/producte\/carneola-rodado-plano-creatividad-pasion-superacion-de-miedos\/","title":{"rendered":"Cornalina Rodado Plano | Creatividad \u2013 Pasi\u00f3n \u2013 Superaci\u00f3n De Miedos"},"content":{"rendered":"<p>La Carneola, una piedra llena de energ\u00eda que revitaliza y estimula. Util\u00edzala para potenciar tu creatividad y lograr enfoque en tus proyectos.<br \/>\nEncuentra motivaci\u00f3n y supera obst\u00e1culos con su apoyo. Despierta la pasi\u00f3n y fortalece las relaciones \u00edntimas con su energ\u00eda sensual.<br \/>\nAlinea tu chakra sacral, estimulando la vitalidad y el poder personal. Conf\u00eda en ti y manifiesta tus metas y sue\u00f1os.<br \/>\nDescubre el poder transformador de la Carneola, a\u00f1\u00e1dela a tu colecci\u00f3n y vive una vida llena de energ\u00eda y pasi\u00f3n.<\/p>\n<p>Quantitat: 1 Unitat. El preu \u00e9s per una unitat.<br \/>\nTama\u00f1o: De 3.5 a 5 cm aproximadamente.<br \/>\nForma: Mineral Rodado Plano.<\/p>","protected":false},"excerpt":{"rendered":"<p>La Carneola, una piedra llena de energ\u00eda que revitaliza y estimula. Util\u00edzala para potenciar tu creatividad y lograr enfoque en tus proyectos.<br \/>\nEncuentra motivaci\u00f3n y supera obst\u00e1culos con su apoyo. Despierta la pasi\u00f3n y fortalece las relaciones \u00edntimas con su energ\u00eda sensual.<br \/>\nAlinea tu chakra sacral, estimulando la vitalidad y el poder personal. Conf\u00eda en ti y manifiesta tus metas y sue\u00f1os.<br \/>\nDescubre el poder transformador de la Carneola, a\u00f1\u00e1dela a tu colecci\u00f3n y vive una vida llena de energ\u00eda y pasi\u00f3n.<\/p>\n<p>Quantitat: 1 Unitat. El preu \u00e9s per una unitat.<br \/>\nTama\u00f1o: De 3.5 a 5 cm aproximadamente.<br \/>\nForma: Mineral Rodado Plano.<\/p>","protected":false},"featured_media":3506,"template":"","meta":[],"product_cat":[69,104],"product_tag":[],"class_list":{"0":"post-2587","1":"product","2":"type-product","3":"status-publish","4":"has-post-thumbnail","6":"product_cat-minerales","7":"product_cat-rodados-planos","9":"first","10":"instock","11":"sale","12":"taxable","13":"shipping-taxable","14":"purchasable","15":"product-type-simple"},"yoast_head":"<!-- This site is optimized with the Yoast SEO plugin v27.3 - https:\/\/yoast.com\/product\/yoast-seo-wordpress\/ -->\n<title>Cornalina Rodado Plano | Creatividad \u2013 Pasi\u00f3n \u2013 Superaci\u00f3n De Miedos - MINERALES LUNA LLENA<\/title>\n<meta name=\"robots\" content=\"index, follow, max-snippet:-1, max-image-preview:large, max-video-preview:-1\" \/>\n<link rel=\"canonical\" href=\"https:\/\/mineraleslunallena.com\/ca\/producte\/carneola-rodado-plano-creatividad-pasion-superacion-de-miedos\/\" \/>\n<meta property=\"og:locale\" content=\"ca_ES\" \/>\n<meta property=\"og:type\" content=\"article\" \/>\n<meta property=\"og:title\" content=\"Cornalina Rodado Plano | Creatividad \u2013 Pasi\u00f3n \u2013 Superaci\u00f3n De Miedos - MINERALES LUNA LLENA\" \/>\n<meta property=\"og:description\" content=\"La Carneola, una piedra llena de energ\u00eda que revitaliza y estimula. Util\u00edzala para potenciar tu creatividad y lograr enfoque en tus proyectos. Encuentra motivaci\u00f3n y supera obst\u00e1culos con su apoyo. Despierta la pasi\u00f3n y fortalece las relaciones \u00edntimas con su energ\u00eda sensual. Alinea tu chakra sacral, estimulando la vitalidad y el poder personal. Conf\u00eda en ti y manifiesta tus metas y sue\u00f1os. Descubre el poder transformador de la Carneola, a\u00f1\u00e1dela a tu colecci\u00f3n y vive una vida llena de energ\u00eda y pasi\u00f3n.  Cantidad: 1 Unidad. El precio es por una unidad. Tama\u00f1o: De 3.5 a 5 cm aproximadamente. Forma: Mineral Rodado Plano.\" \/>\n<meta property=\"og:url\" content=\"https:\/\/mineraleslunallena.com\/ca\/producte\/carneola-rodado-plano-creatividad-pasion-superacion-de-miedos\/\" \/>\n<meta property=\"og:site_name\" content=\"MINERALES LUNA LLENA\" \/>\n<meta property=\"article:modified_time\" content=\"2025-07-05T17:38:41+00:00\" \/>\n<meta property=\"og:image\" content=\"https:\/\/mineraleslunallena.com\/wp-content\/uploads\/2024\/03\/carneolaplana1-scaled.jpg\" \/>\n\t<meta property=\"og:image:width\" content=\"1920\" \/>\n\t<meta property=\"og:image:height\" content=\"2560\" \/>\n\t<meta property=\"og:image:type\" content=\"image\/jpeg\" \/>\n<meta name=\"twitter:card\" content=\"summary_large_image\" \/>\n<meta name=\"twitter:label1\" content=\"Temps estimat de lectura\" \/>\n\t<meta name=\"twitter:data1\" content=\"1 minut\" \/>\n<script type=\"application\/ld+json\" class=\"yoast-schema-graph\">{\"@context\":\"https:\\\/\\\/schema.org\",\"@graph\":[{\"@type\":\"WebPage\",\"@id\":\"https:\\\/\\\/mineraleslunallena.com\\\/producto\\\/carneola-rodado-plano-creatividad-pasion-superacion-de-miedos\\\/\",\"url\":\"https:\\\/\\\/mineraleslunallena.com\\\/producto\\\/carneola-rodado-plano-creatividad-pasion-superacion-de-miedos\\\/\",\"name\":\"Cornalina Rodado Plano | Creatividad \u2013 Pasi\u00f3n \u2013 Superaci\u00f3n De Miedos - MINERALES LUNA LLENA\",\"isPartOf\":{\"@id\":\"https:\\\/\\\/mineraleslunallena.com\\\/#website\"},\"primaryImageOfPage\":{\"@id\":\"https:\\\/\\\/mineraleslunallena.com\\\/producto\\\/carneola-rodado-plano-creatividad-pasion-superacion-de-miedos\\\/#primaryimage\"},\"image\":{\"@id\":\"https:\\\/\\\/mineraleslunallena.com\\\/producto\\\/carneola-rodado-plano-creatividad-pasion-superacion-de-miedos\\\/#primaryimage\"},\"thumbnailUrl\":\"https:\\\/\\\/mineraleslunallena.com\\\/wp-content\\\/uploads\\\/2024\\\/03\\\/carneolaplana1-scaled.jpg\",\"datePublished\":\"2024-03-13T16:43:11+00:00\",\"dateModified\":\"2025-07-05T17:38:41+00:00\",\"breadcrumb\":{\"@id\":\"https:\\\/\\\/mineraleslunallena.com\\\/producto\\\/carneola-rodado-plano-creatividad-pasion-superacion-de-miedos\\\/#breadcrumb\"},\"inLanguage\":\"ca\",\"potentialAction\":[{\"@type\":\"ReadAction\",\"target\":[\"https:\\\/\\\/mineraleslunallena.com\\\/producto\\\/carneola-rodado-plano-creatividad-pasion-superacion-de-miedos\\\/\"]}]},{\"@type\":\"ImageObject\",\"inLanguage\":\"ca\",\"@id\":\"https:\\\/\\\/mineraleslunallena.com\\\/producto\\\/carneola-rodado-plano-creatividad-pasion-superacion-de-miedos\\\/#primaryimage\",\"url\":\"https:\\\/\\\/mineraleslunallena.com\\\/wp-content\\\/uploads\\\/2024\\\/03\\\/carneolaplana1-scaled.jpg\",\"contentUrl\":\"https:\\\/\\\/mineraleslunallena.com\\\/wp-content\\\/uploads\\\/2024\\\/03\\\/carneolaplana1-scaled.jpg\",\"width\":1920,\"height\":2560},{\"@type\":\"BreadcrumbList\",\"@id\":\"https:\\\/\\\/mineraleslunallena.com\\\/producto\\\/carneola-rodado-plano-creatividad-pasion-superacion-de-miedos\\\/#breadcrumb\",\"itemListElement\":[{\"@type\":\"ListItem\",\"position\":1,\"name\":\"Portada\",\"item\":\"https:\\\/\\\/mineraleslunallena.com\\\/\"},{\"@type\":\"ListItem\",\"position\":2,\"name\":\"Shop\",\"item\":\"https:\\\/\\\/mineraleslunallena.com\\\/ca\\\/shop\\\/\"},{\"@type\":\"ListItem\",\"position\":3,\"name\":\"Cornalina Rodado Plano | Creatividad \u2013 Pasi\u00f3n \u2013 Superaci\u00f3n De Miedos\"}]},{\"@type\":\"WebSite\",\"@id\":\"https:\\\/\\\/mineraleslunallena.com\\\/#website\",\"url\":\"https:\\\/\\\/mineraleslunallena.com\\\/\",\"name\":\"LUNA LLENA MINERALES\",\"description\":\"Es el momento de conectarte con tu propio poder y confiar en tus habilidades.\",\"publisher\":{\"@id\":\"https:\\\/\\\/mineraleslunallena.com\\\/#organization\"},\"potentialAction\":[{\"@type\":\"SearchAction\",\"target\":{\"@type\":\"EntryPoint\",\"urlTemplate\":\"https:\\\/\\\/mineraleslunallena.com\\\/?s={search_term_string}\"},\"query-input\":{\"@type\":\"PropertyValueSpecification\",\"valueRequired\":true,\"valueName\":\"search_term_string\"}}],\"inLanguage\":\"ca\"},{\"@type\":\"Organization\",\"@id\":\"https:\\\/\\\/mineraleslunallena.com\\\/#organization\",\"name\":\"LUNA LLENA MINERALES\",\"url\":\"https:\\\/\\\/mineraleslunallena.com\\\/\",\"logo\":{\"@type\":\"ImageObject\",\"inLanguage\":\"ca\",\"@id\":\"https:\\\/\\\/mineraleslunallena.com\\\/#\\\/schema\\\/logo\\\/image\\\/\",\"url\":\"https:\\\/\\\/mineraleslunallena.com\\\/wp-content\\\/uploads\\\/2023\\\/07\\\/LUNA-LLENA-LOGO-nuevo.png\",\"contentUrl\":\"https:\\\/\\\/mineraleslunallena.com\\\/wp-content\\\/uploads\\\/2023\\\/07\\\/LUNA-LLENA-LOGO-nuevo.png\",\"width\":229,\"height\":167,\"caption\":\"LUNA LLENA MINERALES\"},\"image\":{\"@id\":\"https:\\\/\\\/mineraleslunallena.com\\\/#\\\/schema\\\/logo\\\/image\\\/\"}}]}<\/script>\n<!-- \/ Yoast SEO plugin. -->","yoast_head_json":{"title":"Cornalina Rodado Plano | Creatividad \u2013 Pasi\u00f3n \u2013 Superaci\u00f3n De Miedos - MINERALES LUNA LLENA","robots":{"index":"index","follow":"follow","max-snippet":"max-snippet:-1","max-image-preview":"max-image-preview:large","max-video-preview":"max-video-preview:-1"},"canonical":"https:\/\/mineraleslunallena.com\/ca\/producte\/carneola-rodado-plano-creatividad-pasion-superacion-de-miedos\/","og_locale":"ca_ES","og_type":"article","og_title":"Cornalina Rodado Plano | Creatividad \u2013 Pasi\u00f3n \u2013 Superaci\u00f3n De Miedos - MINERALES LUNA LLENA","og_description":"La Carneola, una piedra llena de energ\u00eda que revitaliza y estimula. Util\u00edzala para potenciar tu creatividad y lograr enfoque en tus proyectos. Encuentra motivaci\u00f3n y supera obst\u00e1culos con su apoyo. Despierta la pasi\u00f3n y fortalece las relaciones \u00edntimas con su energ\u00eda sensual. Alinea tu chakra sacral, estimulando la vitalidad y el poder personal. Conf\u00eda en ti y manifiesta tus metas y sue\u00f1os. Descubre el poder transformador de la Carneola, a\u00f1\u00e1dela a tu colecci\u00f3n y vive una vida llena de energ\u00eda y pasi\u00f3n.  Cantidad: 1 Unidad. El precio es por una unidad. Tama\u00f1o: De 3.5 a 5 cm aproximadamente. Forma: Mineral Rodado Plano.","og_url":"https:\/\/mineraleslunallena.com\/ca\/producte\/carneola-rodado-plano-creatividad-pasion-superacion-de-miedos\/","og_site_name":"MINERALES LUNA LLENA","article_modified_time":"2025-07-05T17:38:41+00:00","og_image":[{"width":1920,"height":2560,"url":"https:\/\/mineraleslunallena.com\/wp-content\/uploads\/2024\/03\/carneolaplana1-scaled.jpg","type":"image\/jpeg"}],"twitter_card":"summary_large_image","twitter_misc":{"Temps estimat de lectura":"1 minut"},"schema":{"@context":"https:\/\/schema.org","@graph":[{"@type":"WebPage","@id":"https:\/\/mineraleslunallena.com\/producto\/carneola-rodado-plano-creatividad-pasion-superacion-de-miedos\/","url":"https:\/\/mineraleslunallena.com\/producto\/carneola-rodado-plano-creatividad-pasion-superacion-de-miedos\/","name":"Cornalina Rodado Plano | Creatividad \u2013 Pasi\u00f3n \u2013 Superaci\u00f3n De Miedos - MINERALES LUNA LLENA","isPartOf":{"@id":"https:\/\/mineraleslunallena.com\/#website"},"primaryImageOfPage":{"@id":"https:\/\/mineraleslunallena.com\/producto\/carneola-rodado-plano-creatividad-pasion-superacion-de-miedos\/#primaryimage"},"image":{"@id":"https:\/\/mineraleslunallena.com\/producto\/carneola-rodado-plano-creatividad-pasion-superacion-de-miedos\/#primaryimage"},"thumbnailUrl":"https:\/\/mineraleslunallena.com\/wp-content\/uploads\/2024\/03\/carneolaplana1-scaled.jpg","datePublished":"2024-03-13T16:43:11+00:00","dateModified":"2025-07-05T17:38:41+00:00","breadcrumb":{"@id":"https:\/\/mineraleslunallena.com\/producto\/carneola-rodado-plano-creatividad-pasion-superacion-de-miedos\/#breadcrumb"},"inLanguage":"ca","potentialAction":[{"@type":"ReadAction","target":["https:\/\/mineraleslunallena.com\/producto\/carneola-rodado-plano-creatividad-pasion-superacion-de-miedos\/"]}]},{"@type":"ImageObject","inLanguage":"ca","@id":"https:\/\/mineraleslunallena.com\/producto\/carneola-rodado-plano-creatividad-pasion-superacion-de-miedos\/#primaryimage","url":"https:\/\/mineraleslunallena.com\/wp-content\/uploads\/2024\/03\/carneolaplana1-scaled.jpg","contentUrl":"https:\/\/mineraleslunallena.com\/wp-content\/uploads\/2024\/03\/carneolaplana1-scaled.jpg","width":1920,"height":2560},{"@type":"BreadcrumbList","@id":"https:\/\/mineraleslunallena.com\/producto\/carneola-rodado-plano-creatividad-pasion-superacion-de-miedos\/#breadcrumb","itemListElement":[{"@type":"ListItem","position":1,"name":"Portada","item":"https:\/\/mineraleslunallena.com\/"},{"@type":"ListItem","position":2,"name":"Shop","item":"https:\/\/mineraleslunallena.com\/ca\/shop\/"},{"@type":"ListItem","position":3,"name":"Cornalina Rodado Plano | Creatividad \u2013 Pasi\u00f3n \u2013 Superaci\u00f3n De Miedos"}]},{"@type":"WebSite","@id":"https:\/\/mineraleslunallena.com\/#website","url":"https:\/\/mineraleslunallena.com\/","name":"LLUNA PLENA MINERALS","description":"\u00c9s el moment de connectar-te amb el teu poder i confiar en les teves habilitats.","publisher":{"@id":"https:\/\/mineraleslunallena.com\/#organization"},"potentialAction":[{"@type":"SearchAction","target":{"@type":"EntryPoint","urlTemplate":"https:\/\/mineraleslunallena.com\/?s={search_term_string}"},"query-input":{"@type":"PropertyValueSpecification","valueRequired":true,"valueName":"search_term_string"}}],"inLanguage":"ca"},{"@type":"Organization","@id":"https:\/\/mineraleslunallena.com\/#organization","name":"LLUNA PLENA MINERALS","url":"https:\/\/mineraleslunallena.com\/","logo":{"@type":"ImageObject","inLanguage":"ca","@id":"https:\/\/mineraleslunallena.com\/#\/schema\/logo\/image\/","url":"https:\/\/mineraleslunallena.com\/wp-content\/uploads\/2023\/07\/LUNA-LLENA-LOGO-nuevo.png","contentUrl":"https:\/\/mineraleslunallena.com\/wp-content\/uploads\/2023\/07\/LUNA-LLENA-LOGO-nuevo.png","width":229,"height":167,"caption":"LUNA LLENA MINERALES"},"image":{"@id":"https:\/\/mineraleslunallena.com\/#\/schema\/logo\/image\/"}}]}},"_links":{"self":[{"href":"https:\/\/mineraleslunallena.com\/ca\/wp-json\/wp\/v2\/product\/2587","targetHints":{"allow":["GET"]}}],"collection":[{"href":"https:\/\/mineraleslunallena.com\/ca\/wp-json\/wp\/v2\/product"}],"about":[{"href":"https:\/\/mineraleslunallena.com\/ca\/wp-json\/wp\/v2\/types\/product"}],"version-history":[{"count":6,"href":"https:\/\/mineraleslunallena.com\/ca\/wp-json\/wp\/v2\/product\/2587\/revisions"}],"predecessor-version":[{"id":6849,"href":"https:\/\/mineraleslunallena.com\/ca\/wp-json\/wp\/v2\/product\/2587\/revisions\/6849"}],"wp:featuredmedia":[{"embeddable":true,"href":"https:\/\/mineraleslunallena.com\/ca\/wp-json\/wp\/v2\/media\/3506"}],"wp:attachment":[{"href":"https:\/\/mineraleslunallena.com\/ca\/wp-json\/wp\/v2\/media?parent=2587"}],"wp:term":[{"taxonomy":"product_cat","embeddable":true,"href":"https:\/\/mineraleslunallena.com\/ca\/wp-json\/wp\/v2\/product_cat?post=2587"},{"taxonomy":"product_tag","embeddable":true,"href":"https:\/\/mineraleslunallena.com\/ca\/wp-json\/wp\/v2\/product_tag?post=2587"}],"curies":[{"name":"wp","href":"https:\/\/api.w.org\/{rel}","templated":true}]}}