{"id":3216,"date":"2024-03-19T10:04:03","date_gmt":"2024-03-19T09:04:03","guid":{"rendered":"https:\/\/mineraleslunallena.com\/?post_type=product&#038;p=3216"},"modified":"2025-01-27T13:31:29","modified_gmt":"2025-01-27T12:31:29","slug":"consulta-de-15-minutos","status":"publish","type":"product","link":"https:\/\/mineraleslunallena.com\/ca\/producte\/consulta-de-15-minutos\/","title":{"rendered":"Consulta de 15 minuts"},"content":{"rendered":"","protected":false},"excerpt":{"rendered":"<p>En esta sesi\u00f3n abordaremos preguntas espec\u00edficas que puedas tener, como por ejemplo, los sentimientos de alguien, la llegada de cambios favorables, qu\u00e9 ocurrir\u00e1 con una situaci\u00f3n en el corto plazo, la posibilidad de conseguir un nuevo trabajo y cu\u00e1ndo podr\u00eda suceder, entre otros temas similares.<\/p>\n<p><strong>\u00bfC\u00f3mo agendas una Consulta?<\/strong><\/p>\n<p>Pagas la sesi\u00f3n y Contactas conmigo v\u00eda mensaje de Whatsapp: +34 633 94 22 44<\/p>","protected":false},"featured_media":926,"template":"","meta":[],"product_cat":[108],"product_tag":[],"class_list":{"0":"post-3216","1":"product","2":"type-product","3":"status-publish","4":"has-post-thumbnail","6":"product_cat-tarot","8":"first","9":"instock","10":"virtual","11":"taxable","12":"purchasable","13":"product-type-simple"},"yoast_head":"<!-- This site is optimized with the Yoast SEO plugin v27.3 - https:\/\/yoast.com\/product\/yoast-seo-wordpress\/ -->\n<title>Consulta de 15 minutos - MINERALES LUNA LLENA<\/title>\n<meta name=\"robots\" content=\"index, follow, max-snippet:-1, max-image-preview:large, max-video-preview:-1\" \/>\n<link rel=\"canonical\" href=\"https:\/\/mineraleslunallena.com\/ca\/producte\/consulta-de-15-minutos\/\" \/>\n<meta property=\"og:locale\" content=\"ca_ES\" \/>\n<meta property=\"og:type\" content=\"article\" \/>\n<meta property=\"og:title\" content=\"Consulta de 15 minutos - MINERALES LUNA LLENA\" \/>\n<meta property=\"og:description\" content=\"En esta sesi\u00f3n abordaremos preguntas espec\u00edficas que puedas tener, como por ejemplo, los sentimientos de alguien, la llegada de cambios favorables, qu\u00e9 ocurrir\u00e1 con una situaci\u00f3n en el corto plazo, la posibilidad de conseguir un nuevo trabajo y cu\u00e1ndo podr\u00eda suceder, entre otros temas similares.  \u00bfC\u00f3mo agendas una Consulta?  Pagas la sesi\u00f3n y Contactas conmigo v\u00eda mensaje de Whatsapp: +34 633 94 22 44\" \/>\n<meta property=\"og:url\" content=\"https:\/\/mineraleslunallena.com\/ca\/producte\/consulta-de-15-minutos\/\" \/>\n<meta property=\"og:site_name\" content=\"MINERALES LUNA LLENA\" \/>\n<meta property=\"article:modified_time\" content=\"2025-01-27T12:31:29+00:00\" \/>\n<meta property=\"og:image\" content=\"https:\/\/mineraleslunallena.com\/wp-content\/uploads\/2023\/12\/mujer-alto-angulo-leyendo-tarot_23-2150276139.jpg\" \/>\n\t<meta property=\"og:image:width\" content=\"1800\" \/>\n\t<meta property=\"og:image:height\" content=\"1198\" \/>\n\t<meta property=\"og:image:type\" content=\"image\/jpeg\" \/>\n<meta name=\"twitter:card\" content=\"summary_large_image\" \/>\n<meta name=\"twitter:label1\" content=\"Temps estimat de lectura\" \/>\n\t<meta name=\"twitter:data1\" content=\"1 minut\" \/>\n<script type=\"application\/ld+json\" class=\"yoast-schema-graph\">{\"@context\":\"https:\\\/\\\/schema.org\",\"@graph\":[{\"@type\":\"WebPage\",\"@id\":\"https:\\\/\\\/mineraleslunallena.com\\\/producto\\\/consulta-de-15-minutos\\\/\",\"url\":\"https:\\\/\\\/mineraleslunallena.com\\\/producto\\\/consulta-de-15-minutos\\\/\",\"name\":\"Consulta de 15 minutos - MINERALES LUNA LLENA\",\"isPartOf\":{\"@id\":\"https:\\\/\\\/mineraleslunallena.com\\\/#website\"},\"primaryImageOfPage\":{\"@id\":\"https:\\\/\\\/mineraleslunallena.com\\\/producto\\\/consulta-de-15-minutos\\\/#primaryimage\"},\"image\":{\"@id\":\"https:\\\/\\\/mineraleslunallena.com\\\/producto\\\/consulta-de-15-minutos\\\/#primaryimage\"},\"thumbnailUrl\":\"https:\\\/\\\/mineraleslunallena.com\\\/wp-content\\\/uploads\\\/2023\\\/12\\\/mujer-alto-angulo-leyendo-tarot_23-2150276139.jpg\",\"datePublished\":\"2024-03-19T09:04:03+00:00\",\"dateModified\":\"2025-01-27T12:31:29+00:00\",\"breadcrumb\":{\"@id\":\"https:\\\/\\\/mineraleslunallena.com\\\/producto\\\/consulta-de-15-minutos\\\/#breadcrumb\"},\"inLanguage\":\"ca\",\"potentialAction\":[{\"@type\":\"ReadAction\",\"target\":[\"https:\\\/\\\/mineraleslunallena.com\\\/producto\\\/consulta-de-15-minutos\\\/\"]}]},{\"@type\":\"ImageObject\",\"inLanguage\":\"ca\",\"@id\":\"https:\\\/\\\/mineraleslunallena.com\\\/producto\\\/consulta-de-15-minutos\\\/#primaryimage\",\"url\":\"https:\\\/\\\/mineraleslunallena.com\\\/wp-content\\\/uploads\\\/2023\\\/12\\\/mujer-alto-angulo-leyendo-tarot_23-2150276139.jpg\",\"contentUrl\":\"https:\\\/\\\/mineraleslunallena.com\\\/wp-content\\\/uploads\\\/2023\\\/12\\\/mujer-alto-angulo-leyendo-tarot_23-2150276139.jpg\",\"width\":1800,\"height\":1198},{\"@type\":\"BreadcrumbList\",\"@id\":\"https:\\\/\\\/mineraleslunallena.com\\\/producto\\\/consulta-de-15-minutos\\\/#breadcrumb\",\"itemListElement\":[{\"@type\":\"ListItem\",\"position\":1,\"name\":\"Portada\",\"item\":\"https:\\\/\\\/mineraleslunallena.com\\\/\"},{\"@type\":\"ListItem\",\"position\":2,\"name\":\"Shop\",\"item\":\"https:\\\/\\\/mineraleslunallena.com\\\/ca\\\/shop\\\/\"},{\"@type\":\"ListItem\",\"position\":3,\"name\":\"Consulta de 15 minutos\"}]},{\"@type\":\"WebSite\",\"@id\":\"https:\\\/\\\/mineraleslunallena.com\\\/#website\",\"url\":\"https:\\\/\\\/mineraleslunallena.com\\\/\",\"name\":\"LUNA LLENA MINERALES\",\"description\":\"Es el momento de conectarte con tu propio poder y confiar en tus habilidades.\",\"publisher\":{\"@id\":\"https:\\\/\\\/mineraleslunallena.com\\\/#organization\"},\"potentialAction\":[{\"@type\":\"SearchAction\",\"target\":{\"@type\":\"EntryPoint\",\"urlTemplate\":\"https:\\\/\\\/mineraleslunallena.com\\\/?s={search_term_string}\"},\"query-input\":{\"@type\":\"PropertyValueSpecification\",\"valueRequired\":true,\"valueName\":\"search_term_string\"}}],\"inLanguage\":\"ca\"},{\"@type\":\"Organization\",\"@id\":\"https:\\\/\\\/mineraleslunallena.com\\\/#organization\",\"name\":\"LUNA LLENA MINERALES\",\"url\":\"https:\\\/\\\/mineraleslunallena.com\\\/\",\"logo\":{\"@type\":\"ImageObject\",\"inLanguage\":\"ca\",\"@id\":\"https:\\\/\\\/mineraleslunallena.com\\\/#\\\/schema\\\/logo\\\/image\\\/\",\"url\":\"https:\\\/\\\/mineraleslunallena.com\\\/wp-content\\\/uploads\\\/2023\\\/07\\\/LUNA-LLENA-LOGO-nuevo.png\",\"contentUrl\":\"https:\\\/\\\/mineraleslunallena.com\\\/wp-content\\\/uploads\\\/2023\\\/07\\\/LUNA-LLENA-LOGO-nuevo.png\",\"width\":229,\"height\":167,\"caption\":\"LUNA LLENA MINERALES\"},\"image\":{\"@id\":\"https:\\\/\\\/mineraleslunallena.com\\\/#\\\/schema\\\/logo\\\/image\\\/\"}}]}<\/script>\n<!-- \/ Yoast SEO plugin. -->","yoast_head_json":{"title":"Consulta de 15 minutos - MINERALES LUNA LLENA","robots":{"index":"index","follow":"follow","max-snippet":"max-snippet:-1","max-image-preview":"max-image-preview:large","max-video-preview":"max-video-preview:-1"},"canonical":"https:\/\/mineraleslunallena.com\/ca\/producte\/consulta-de-15-minutos\/","og_locale":"ca_ES","og_type":"article","og_title":"Consulta de 15 minutos - MINERALES LUNA LLENA","og_description":"En esta sesi\u00f3n abordaremos preguntas espec\u00edficas que puedas tener, como por ejemplo, los sentimientos de alguien, la llegada de cambios favorables, qu\u00e9 ocurrir\u00e1 con una situaci\u00f3n en el corto plazo, la posibilidad de conseguir un nuevo trabajo y cu\u00e1ndo podr\u00eda suceder, entre otros temas similares.  \u00bfC\u00f3mo agendas una Consulta?  Pagas la sesi\u00f3n y Contactas conmigo v\u00eda mensaje de Whatsapp: +34 633 94 22 44","og_url":"https:\/\/mineraleslunallena.com\/ca\/producte\/consulta-de-15-minutos\/","og_site_name":"MINERALES LUNA LLENA","article_modified_time":"2025-01-27T12:31:29+00:00","og_image":[{"width":1800,"height":1198,"url":"https:\/\/mineraleslunallena.com\/wp-content\/uploads\/2023\/12\/mujer-alto-angulo-leyendo-tarot_23-2150276139.jpg","type":"image\/jpeg"}],"twitter_card":"summary_large_image","twitter_misc":{"Temps estimat de lectura":"1 minut"},"schema":{"@context":"https:\/\/schema.org","@graph":[{"@type":"WebPage","@id":"https:\/\/mineraleslunallena.com\/producto\/consulta-de-15-minutos\/","url":"https:\/\/mineraleslunallena.com\/producto\/consulta-de-15-minutos\/","name":"Consulta de 15 minutos - MINERALES LUNA LLENA","isPartOf":{"@id":"https:\/\/mineraleslunallena.com\/#website"},"primaryImageOfPage":{"@id":"https:\/\/mineraleslunallena.com\/producto\/consulta-de-15-minutos\/#primaryimage"},"image":{"@id":"https:\/\/mineraleslunallena.com\/producto\/consulta-de-15-minutos\/#primaryimage"},"thumbnailUrl":"https:\/\/mineraleslunallena.com\/wp-content\/uploads\/2023\/12\/mujer-alto-angulo-leyendo-tarot_23-2150276139.jpg","datePublished":"2024-03-19T09:04:03+00:00","dateModified":"2025-01-27T12:31:29+00:00","breadcrumb":{"@id":"https:\/\/mineraleslunallena.com\/producto\/consulta-de-15-minutos\/#breadcrumb"},"inLanguage":"ca","potentialAction":[{"@type":"ReadAction","target":["https:\/\/mineraleslunallena.com\/producto\/consulta-de-15-minutos\/"]}]},{"@type":"ImageObject","inLanguage":"ca","@id":"https:\/\/mineraleslunallena.com\/producto\/consulta-de-15-minutos\/#primaryimage","url":"https:\/\/mineraleslunallena.com\/wp-content\/uploads\/2023\/12\/mujer-alto-angulo-leyendo-tarot_23-2150276139.jpg","contentUrl":"https:\/\/mineraleslunallena.com\/wp-content\/uploads\/2023\/12\/mujer-alto-angulo-leyendo-tarot_23-2150276139.jpg","width":1800,"height":1198},{"@type":"BreadcrumbList","@id":"https:\/\/mineraleslunallena.com\/producto\/consulta-de-15-minutos\/#breadcrumb","itemListElement":[{"@type":"ListItem","position":1,"name":"Portada","item":"https:\/\/mineraleslunallena.com\/"},{"@type":"ListItem","position":2,"name":"Shop","item":"https:\/\/mineraleslunallena.com\/ca\/shop\/"},{"@type":"ListItem","position":3,"name":"Consulta de 15 minutos"}]},{"@type":"WebSite","@id":"https:\/\/mineraleslunallena.com\/#website","url":"https:\/\/mineraleslunallena.com\/","name":"LLUNA PLENA MINERALS","description":"\u00c9s el moment de connectar-te amb el teu poder i confiar en les teves habilitats.","publisher":{"@id":"https:\/\/mineraleslunallena.com\/#organization"},"potentialAction":[{"@type":"SearchAction","target":{"@type":"EntryPoint","urlTemplate":"https:\/\/mineraleslunallena.com\/?s={search_term_string}"},"query-input":{"@type":"PropertyValueSpecification","valueRequired":true,"valueName":"search_term_string"}}],"inLanguage":"ca"},{"@type":"Organization","@id":"https:\/\/mineraleslunallena.com\/#organization","name":"LLUNA PLENA MINERALS","url":"https:\/\/mineraleslunallena.com\/","logo":{"@type":"ImageObject","inLanguage":"ca","@id":"https:\/\/mineraleslunallena.com\/#\/schema\/logo\/image\/","url":"https:\/\/mineraleslunallena.com\/wp-content\/uploads\/2023\/07\/LUNA-LLENA-LOGO-nuevo.png","contentUrl":"https:\/\/mineraleslunallena.com\/wp-content\/uploads\/2023\/07\/LUNA-LLENA-LOGO-nuevo.png","width":229,"height":167,"caption":"LUNA LLENA MINERALES"},"image":{"@id":"https:\/\/mineraleslunallena.com\/#\/schema\/logo\/image\/"}}]}},"jetpack_sharing_enabled":true,"_links":{"self":[{"href":"https:\/\/mineraleslunallena.com\/ca\/wp-json\/wp\/v2\/product\/3216","targetHints":{"allow":["GET"]}}],"collection":[{"href":"https:\/\/mineraleslunallena.com\/ca\/wp-json\/wp\/v2\/product"}],"about":[{"href":"https:\/\/mineraleslunallena.com\/ca\/wp-json\/wp\/v2\/types\/product"}],"version-history":[{"count":7,"href":"https:\/\/mineraleslunallena.com\/ca\/wp-json\/wp\/v2\/product\/3216\/revisions"}],"predecessor-version":[{"id":5665,"href":"https:\/\/mineraleslunallena.com\/ca\/wp-json\/wp\/v2\/product\/3216\/revisions\/5665"}],"wp:featuredmedia":[{"embeddable":true,"href":"https:\/\/mineraleslunallena.com\/ca\/wp-json\/wp\/v2\/media\/926"}],"wp:attachment":[{"href":"https:\/\/mineraleslunallena.com\/ca\/wp-json\/wp\/v2\/media?parent=3216"}],"wp:term":[{"taxonomy":"product_cat","embeddable":true,"href":"https:\/\/mineraleslunallena.com\/ca\/wp-json\/wp\/v2\/product_cat?post=3216"},{"taxonomy":"product_tag","embeddable":true,"href":"https:\/\/mineraleslunallena.com\/ca\/wp-json\/wp\/v2\/product_tag?post=3216"}],"curies":[{"name":"wp","href":"https:\/\/api.w.org\/{rel}","templated":true}]}}