{"id":3536,"date":"2024-03-21T11:24:16","date_gmt":"2024-03-21T10:24:16","guid":{"rendered":"https:\/\/mineraleslunallena.com\/?post_type=product&#038;p=3536"},"modified":"2025-05-11T14:05:05","modified_gmt":"2025-05-11T12:05:05","slug":"incienso-organico-de-romero","status":"publish","type":"product","link":"https:\/\/mineraleslunallena.com\/ca\/producte\/incienso-organico-de-romero\/","title":{"rendered":"Encens Org\u00e0nic de Romero | Purificador \u2013 Protector"},"content":{"rendered":"<p>\u00a1Descubre el incienso de romero org\u00e1nico y despierta tus sentidos! Este poderoso incienso no solo purifica el ambiente, sino que tambi\u00e9n proporciona una claridad mental instant\u00e1nea, promoviendo la concentraci\u00f3n y el enfoque. Con su aroma fresco y herbal, el romero eleva tu esp\u00edritu, fortaleciendo tu conexi\u00f3n con lo divino y renovando tu energ\u00eda espiritual. Enci\u00e9ndelo durante la meditaci\u00f3n para encontrar paz interior y armon\u00eda, o simplemente para disfrutar de un momento de tranquilidad en tu hogar. \u00a1Hazte con el incienso de romero org\u00e1nico y deja que su magia transforme tu vida hoy mismo!<\/p>\n<p>Son inciensos hechos a mano, <strong>100% naturales y org\u00e1nicos<\/strong>. Proceden de la India. La l\u00ednea\u00a0Ullas Org\u00e1nico es una nueva gama\u00a0premium que\u00a0ha creado\u00a0esta marca, asegurando haber conseguido inciensos de alta calidad con materiales 100% naturales.<\/p>\n<p>Sus varillas de Incienso son\u00a0<strong>resinas org\u00e1nicas<\/strong>\u00a0de diferentes procedencias y est\u00e1n enriquecidas con\u00a0<strong>aceites esenciales naturales<\/strong>. Su esencia favorece la relajaci\u00f3n y la meditaci\u00f3n como pr\u00e1ctica diaria, llenando a la vez el ambiente de un aroma profundamente embriagador. Estas mezclas est\u00e1n hechas seg\u00fan la antigua pr\u00e1ctica de quemar incienso las civilizaciones mayas e incas.<\/p>\n<p>Quantitat: 1 Unitat. El preu \u00e9s per una unitat.<\/p>\n<p>Duraci\u00f3n : 45 minutos aproximadamente.<\/p>\n<p>Cantidad: 25 gramos.<\/p>","protected":false},"excerpt":{"rendered":"<p>\u00a1Descubre el incienso de romero org\u00e1nico y despierta tus sentidos! Este poderoso incienso no solo purifica el ambiente, sino que tambi\u00e9n proporciona una claridad mental instant\u00e1nea, promoviendo la concentraci\u00f3n y el enfoque. Con su aroma fresco y herbal, el romero eleva tu esp\u00edritu, fortaleciendo tu conexi\u00f3n con lo divino y renovando tu energ\u00eda espiritual. Enci\u00e9ndelo durante la meditaci\u00f3n para encontrar paz interior y armon\u00eda, o simplemente para disfrutar de un momento de tranquilidad en tu hogar. \u00a1Hazte con el incienso de romero org\u00e1nico y deja que su magia transforme tu vida hoy mismo!<\/p>\n<p>Son inciensos hechos a mano, <strong>100% naturales y org\u00e1nicos<\/strong>. Proceden de la India. La l\u00ednea\u00a0Ullas Org\u00e1nico es una nueva gama\u00a0premium que\u00a0ha creado\u00a0esta marca, asegurando haber conseguido inciensos de alta calidad con materiales 100% naturales.<\/p>\n<p>Sus varillas de Incienso son\u00a0<strong>resinas org\u00e1nicas<\/strong>\u00a0de diferentes procedencias y est\u00e1n enriquecidas con\u00a0<strong>aceites esenciales naturales<\/strong>. Su esencia favorece la relajaci\u00f3n y la meditaci\u00f3n como pr\u00e1ctica diaria, llenando a la vez el ambiente de un aroma profundamente embriagador. Estas mezclas est\u00e1n hechas seg\u00fan la antigua pr\u00e1ctica de quemar incienso las civilizaciones mayas e incas.<\/p>\n<p>Quantitat: 1 Unitat. El preu \u00e9s per una unitat.<\/p>","protected":false},"featured_media":3570,"template":"","meta":[],"product_cat":[100,98,15],"product_tag":[],"class_list":{"0":"post-3536","1":"product","2":"type-product","3":"status-publish","4":"has-post-thumbnail","6":"product_cat-incienso-natural-en-varilla","7":"product_cat-incienso","8":"product_cat-uncategorized","10":"first","11":"instock","12":"sale","13":"taxable","14":"shipping-taxable","15":"purchasable","16":"product-type-simple"},"yoast_head":"<!-- This site is optimized with the Yoast SEO plugin v27.3 - https:\/\/yoast.com\/product\/yoast-seo-wordpress\/ -->\n<title>Incienso Org\u00e1nico de Romero | Purificador - Protector - MINERALES LUNA LLENA<\/title>\n<meta name=\"robots\" content=\"index, follow, max-snippet:-1, max-image-preview:large, max-video-preview:-1\" \/>\n<link rel=\"canonical\" href=\"https:\/\/mineraleslunallena.com\/ca\/producte\/incienso-organico-de-romero\/\" \/>\n<meta property=\"og:locale\" content=\"ca_ES\" \/>\n<meta property=\"og:type\" content=\"article\" \/>\n<meta property=\"og:title\" content=\"Incienso Org\u00e1nico de Romero | Purificador - Protector - MINERALES LUNA LLENA\" \/>\n<meta property=\"og:description\" content=\"\u00a1Descubre el incienso de romero org\u00e1nico y despierta tus sentidos! Este poderoso incienso no solo purifica el ambiente, sino que tambi\u00e9n proporciona una claridad mental instant\u00e1nea, promoviendo la concentraci\u00f3n y el enfoque. Con su aroma fresco y herbal, el romero eleva tu esp\u00edritu, fortaleciendo tu conexi\u00f3n con lo divino y renovando tu energ\u00eda espiritual. Enci\u00e9ndelo durante la meditaci\u00f3n para encontrar paz interior y armon\u00eda, o simplemente para disfrutar de un momento de tranquilidad en tu hogar. \u00a1Hazte con el incienso de romero org\u00e1nico y deja que su magia transforme tu vida hoy mismo!  Son inciensos hechos a mano, 100% naturales y org\u00e1nicos. Proceden de la India. La l\u00ednea\u00a0Ullas Org\u00e1nico es una nueva gama\u00a0premium que\u00a0ha creado\u00a0esta marca, asegurando haber conseguido inciensos de alta calidad con materiales 100% naturales.  Sus varillas de Incienso son\u00a0resinas org\u00e1nicas\u00a0de diferentes procedencias y est\u00e1n enriquecidas con\u00a0aceites esenciales naturales. Su esencia favorece la relajaci\u00f3n y la meditaci\u00f3n como pr\u00e1ctica diaria, llenando a la vez el ambiente de un aroma profundamente embriagador. Estas mezclas est\u00e1n hechas seg\u00fan la antigua pr\u00e1ctica de quemar incienso las civilizaciones mayas e incas.  Cantidad: 1 Unidad. El precio es por una unidad.\" \/>\n<meta property=\"og:url\" content=\"https:\/\/mineraleslunallena.com\/ca\/producte\/incienso-organico-de-romero\/\" \/>\n<meta property=\"og:site_name\" content=\"MINERALES LUNA LLENA\" \/>\n<meta property=\"article:modified_time\" content=\"2025-05-11T12:05:05+00:00\" \/>\n<meta property=\"og:image\" content=\"https:\/\/mineraleslunallena.com\/wp-content\/uploads\/2024\/03\/inciensoorganicromero-scaled.jpg\" \/>\n\t<meta property=\"og:image:width\" content=\"1920\" \/>\n\t<meta property=\"og:image:height\" content=\"2560\" \/>\n\t<meta property=\"og:image:type\" content=\"image\/jpeg\" \/>\n<meta name=\"twitter:card\" content=\"summary_large_image\" \/>\n<meta name=\"twitter:label1\" content=\"Temps estimat de lectura\" \/>\n\t<meta name=\"twitter:data1\" content=\"2 minuts\" \/>\n<script type=\"application\/ld+json\" class=\"yoast-schema-graph\">{\"@context\":\"https:\\\/\\\/schema.org\",\"@graph\":[{\"@type\":\"WebPage\",\"@id\":\"https:\\\/\\\/mineraleslunallena.com\\\/producto\\\/incienso-organico-de-romero\\\/\",\"url\":\"https:\\\/\\\/mineraleslunallena.com\\\/producto\\\/incienso-organico-de-romero\\\/\",\"name\":\"Incienso Org\u00e1nico de Romero | Purificador - Protector - MINERALES LUNA LLENA\",\"isPartOf\":{\"@id\":\"https:\\\/\\\/mineraleslunallena.com\\\/#website\"},\"primaryImageOfPage\":{\"@id\":\"https:\\\/\\\/mineraleslunallena.com\\\/producto\\\/incienso-organico-de-romero\\\/#primaryimage\"},\"image\":{\"@id\":\"https:\\\/\\\/mineraleslunallena.com\\\/producto\\\/incienso-organico-de-romero\\\/#primaryimage\"},\"thumbnailUrl\":\"https:\\\/\\\/mineraleslunallena.com\\\/wp-content\\\/uploads\\\/2024\\\/03\\\/inciensoorganicromero-scaled.jpg\",\"datePublished\":\"2024-03-21T10:24:16+00:00\",\"dateModified\":\"2025-05-11T12:05:05+00:00\",\"breadcrumb\":{\"@id\":\"https:\\\/\\\/mineraleslunallena.com\\\/producto\\\/incienso-organico-de-romero\\\/#breadcrumb\"},\"inLanguage\":\"ca\",\"potentialAction\":[{\"@type\":\"ReadAction\",\"target\":[\"https:\\\/\\\/mineraleslunallena.com\\\/producto\\\/incienso-organico-de-romero\\\/\"]}]},{\"@type\":\"ImageObject\",\"inLanguage\":\"ca\",\"@id\":\"https:\\\/\\\/mineraleslunallena.com\\\/producto\\\/incienso-organico-de-romero\\\/#primaryimage\",\"url\":\"https:\\\/\\\/mineraleslunallena.com\\\/wp-content\\\/uploads\\\/2024\\\/03\\\/inciensoorganicromero-scaled.jpg\",\"contentUrl\":\"https:\\\/\\\/mineraleslunallena.com\\\/wp-content\\\/uploads\\\/2024\\\/03\\\/inciensoorganicromero-scaled.jpg\",\"width\":1920,\"height\":2560},{\"@type\":\"BreadcrumbList\",\"@id\":\"https:\\\/\\\/mineraleslunallena.com\\\/producto\\\/incienso-organico-de-romero\\\/#breadcrumb\",\"itemListElement\":[{\"@type\":\"ListItem\",\"position\":1,\"name\":\"Portada\",\"item\":\"https:\\\/\\\/mineraleslunallena.com\\\/\"},{\"@type\":\"ListItem\",\"position\":2,\"name\":\"Shop\",\"item\":\"https:\\\/\\\/mineraleslunallena.com\\\/ca\\\/shop\\\/\"},{\"@type\":\"ListItem\",\"position\":3,\"name\":\"Incienso Org\u00e1nico de Romero | Purificador &#8211; Protector\"}]},{\"@type\":\"WebSite\",\"@id\":\"https:\\\/\\\/mineraleslunallena.com\\\/#website\",\"url\":\"https:\\\/\\\/mineraleslunallena.com\\\/\",\"name\":\"LUNA LLENA MINERALES\",\"description\":\"Es el momento de conectarte con tu propio poder y confiar en tus habilidades.\",\"publisher\":{\"@id\":\"https:\\\/\\\/mineraleslunallena.com\\\/#organization\"},\"potentialAction\":[{\"@type\":\"SearchAction\",\"target\":{\"@type\":\"EntryPoint\",\"urlTemplate\":\"https:\\\/\\\/mineraleslunallena.com\\\/?s={search_term_string}\"},\"query-input\":{\"@type\":\"PropertyValueSpecification\",\"valueRequired\":true,\"valueName\":\"search_term_string\"}}],\"inLanguage\":\"ca\"},{\"@type\":\"Organization\",\"@id\":\"https:\\\/\\\/mineraleslunallena.com\\\/#organization\",\"name\":\"LUNA LLENA MINERALES\",\"url\":\"https:\\\/\\\/mineraleslunallena.com\\\/\",\"logo\":{\"@type\":\"ImageObject\",\"inLanguage\":\"ca\",\"@id\":\"https:\\\/\\\/mineraleslunallena.com\\\/#\\\/schema\\\/logo\\\/image\\\/\",\"url\":\"https:\\\/\\\/mineraleslunallena.com\\\/wp-content\\\/uploads\\\/2023\\\/07\\\/LUNA-LLENA-LOGO-nuevo.png\",\"contentUrl\":\"https:\\\/\\\/mineraleslunallena.com\\\/wp-content\\\/uploads\\\/2023\\\/07\\\/LUNA-LLENA-LOGO-nuevo.png\",\"width\":229,\"height\":167,\"caption\":\"LUNA LLENA MINERALES\"},\"image\":{\"@id\":\"https:\\\/\\\/mineraleslunallena.com\\\/#\\\/schema\\\/logo\\\/image\\\/\"}}]}<\/script>\n<!-- \/ Yoast SEO plugin. -->","yoast_head_json":{"title":"Incienso Org\u00e1nico de Romero | Purificador - Protector - MINERALES LUNA LLENA","robots":{"index":"index","follow":"follow","max-snippet":"max-snippet:-1","max-image-preview":"max-image-preview:large","max-video-preview":"max-video-preview:-1"},"canonical":"https:\/\/mineraleslunallena.com\/ca\/producte\/incienso-organico-de-romero\/","og_locale":"ca_ES","og_type":"article","og_title":"Incienso Org\u00e1nico de Romero | Purificador - Protector - MINERALES LUNA LLENA","og_description":"\u00a1Descubre el incienso de romero org\u00e1nico y despierta tus sentidos! Este poderoso incienso no solo purifica el ambiente, sino que tambi\u00e9n proporciona una claridad mental instant\u00e1nea, promoviendo la concentraci\u00f3n y el enfoque. Con su aroma fresco y herbal, el romero eleva tu esp\u00edritu, fortaleciendo tu conexi\u00f3n con lo divino y renovando tu energ\u00eda espiritual. Enci\u00e9ndelo durante la meditaci\u00f3n para encontrar paz interior y armon\u00eda, o simplemente para disfrutar de un momento de tranquilidad en tu hogar. \u00a1Hazte con el incienso de romero org\u00e1nico y deja que su magia transforme tu vida hoy mismo!  Son inciensos hechos a mano, 100% naturales y org\u00e1nicos. Proceden de la India. La l\u00ednea\u00a0Ullas Org\u00e1nico es una nueva gama\u00a0premium que\u00a0ha creado\u00a0esta marca, asegurando haber conseguido inciensos de alta calidad con materiales 100% naturales.  Sus varillas de Incienso son\u00a0resinas org\u00e1nicas\u00a0de diferentes procedencias y est\u00e1n enriquecidas con\u00a0aceites esenciales naturales. Su esencia favorece la relajaci\u00f3n y la meditaci\u00f3n como pr\u00e1ctica diaria, llenando a la vez el ambiente de un aroma profundamente embriagador. Estas mezclas est\u00e1n hechas seg\u00fan la antigua pr\u00e1ctica de quemar incienso las civilizaciones mayas e incas.  Cantidad: 1 Unidad. El precio es por una unidad.","og_url":"https:\/\/mineraleslunallena.com\/ca\/producte\/incienso-organico-de-romero\/","og_site_name":"MINERALES LUNA LLENA","article_modified_time":"2025-05-11T12:05:05+00:00","og_image":[{"width":1920,"height":2560,"url":"https:\/\/mineraleslunallena.com\/wp-content\/uploads\/2024\/03\/inciensoorganicromero-scaled.jpg","type":"image\/jpeg"}],"twitter_card":"summary_large_image","twitter_misc":{"Temps estimat de lectura":"2 minuts"},"schema":{"@context":"https:\/\/schema.org","@graph":[{"@type":"WebPage","@id":"https:\/\/mineraleslunallena.com\/producto\/incienso-organico-de-romero\/","url":"https:\/\/mineraleslunallena.com\/producto\/incienso-organico-de-romero\/","name":"Incienso Org\u00e1nico de Romero | Purificador - Protector - MINERALES LUNA LLENA","isPartOf":{"@id":"https:\/\/mineraleslunallena.com\/#website"},"primaryImageOfPage":{"@id":"https:\/\/mineraleslunallena.com\/producto\/incienso-organico-de-romero\/#primaryimage"},"image":{"@id":"https:\/\/mineraleslunallena.com\/producto\/incienso-organico-de-romero\/#primaryimage"},"thumbnailUrl":"https:\/\/mineraleslunallena.com\/wp-content\/uploads\/2024\/03\/inciensoorganicromero-scaled.jpg","datePublished":"2024-03-21T10:24:16+00:00","dateModified":"2025-05-11T12:05:05+00:00","breadcrumb":{"@id":"https:\/\/mineraleslunallena.com\/producto\/incienso-organico-de-romero\/#breadcrumb"},"inLanguage":"ca","potentialAction":[{"@type":"ReadAction","target":["https:\/\/mineraleslunallena.com\/producto\/incienso-organico-de-romero\/"]}]},{"@type":"ImageObject","inLanguage":"ca","@id":"https:\/\/mineraleslunallena.com\/producto\/incienso-organico-de-romero\/#primaryimage","url":"https:\/\/mineraleslunallena.com\/wp-content\/uploads\/2024\/03\/inciensoorganicromero-scaled.jpg","contentUrl":"https:\/\/mineraleslunallena.com\/wp-content\/uploads\/2024\/03\/inciensoorganicromero-scaled.jpg","width":1920,"height":2560},{"@type":"BreadcrumbList","@id":"https:\/\/mineraleslunallena.com\/producto\/incienso-organico-de-romero\/#breadcrumb","itemListElement":[{"@type":"ListItem","position":1,"name":"Portada","item":"https:\/\/mineraleslunallena.com\/"},{"@type":"ListItem","position":2,"name":"Shop","item":"https:\/\/mineraleslunallena.com\/ca\/shop\/"},{"@type":"ListItem","position":3,"name":"Incienso Org\u00e1nico de Romero | Purificador &#8211; Protector"}]},{"@type":"WebSite","@id":"https:\/\/mineraleslunallena.com\/#website","url":"https:\/\/mineraleslunallena.com\/","name":"LLUNA PLENA MINERALS","description":"\u00c9s el moment de connectar-te amb el teu poder i confiar en les teves habilitats.","publisher":{"@id":"https:\/\/mineraleslunallena.com\/#organization"},"potentialAction":[{"@type":"SearchAction","target":{"@type":"EntryPoint","urlTemplate":"https:\/\/mineraleslunallena.com\/?s={search_term_string}"},"query-input":{"@type":"PropertyValueSpecification","valueRequired":true,"valueName":"search_term_string"}}],"inLanguage":"ca"},{"@type":"Organization","@id":"https:\/\/mineraleslunallena.com\/#organization","name":"LLUNA PLENA MINERALS","url":"https:\/\/mineraleslunallena.com\/","logo":{"@type":"ImageObject","inLanguage":"ca","@id":"https:\/\/mineraleslunallena.com\/#\/schema\/logo\/image\/","url":"https:\/\/mineraleslunallena.com\/wp-content\/uploads\/2023\/07\/LUNA-LLENA-LOGO-nuevo.png","contentUrl":"https:\/\/mineraleslunallena.com\/wp-content\/uploads\/2023\/07\/LUNA-LLENA-LOGO-nuevo.png","width":229,"height":167,"caption":"LUNA LLENA MINERALES"},"image":{"@id":"https:\/\/mineraleslunallena.com\/#\/schema\/logo\/image\/"}}]}},"_links":{"self":[{"href":"https:\/\/mineraleslunallena.com\/ca\/wp-json\/wp\/v2\/product\/3536","targetHints":{"allow":["GET"]}}],"collection":[{"href":"https:\/\/mineraleslunallena.com\/ca\/wp-json\/wp\/v2\/product"}],"about":[{"href":"https:\/\/mineraleslunallena.com\/ca\/wp-json\/wp\/v2\/types\/product"}],"version-history":[{"count":5,"href":"https:\/\/mineraleslunallena.com\/ca\/wp-json\/wp\/v2\/product\/3536\/revisions"}],"predecessor-version":[{"id":3571,"href":"https:\/\/mineraleslunallena.com\/ca\/wp-json\/wp\/v2\/product\/3536\/revisions\/3571"}],"wp:featuredmedia":[{"embeddable":true,"href":"https:\/\/mineraleslunallena.com\/ca\/wp-json\/wp\/v2\/media\/3570"}],"wp:attachment":[{"href":"https:\/\/mineraleslunallena.com\/ca\/wp-json\/wp\/v2\/media?parent=3536"}],"wp:term":[{"taxonomy":"product_cat","embeddable":true,"href":"https:\/\/mineraleslunallena.com\/ca\/wp-json\/wp\/v2\/product_cat?post=3536"},{"taxonomy":"product_tag","embeddable":true,"href":"https:\/\/mineraleslunallena.com\/ca\/wp-json\/wp\/v2\/product_tag?post=3536"}],"curies":[{"name":"wp","href":"https:\/\/api.w.org\/{rel}","templated":true}]}}