{"id":3582,"date":"2024-03-21T16:44:57","date_gmt":"2024-03-21T15:44:57","guid":{"rendered":"https:\/\/mineraleslunallena.com\/?post_type=product&#038;p=3582"},"modified":"2025-07-10T11:09:37","modified_gmt":"2025-07-10T09:09:37","slug":"incienso-en-conos-de-reflujo-de-ruda-disipa-energia-negativas-proteccion","status":"publish","type":"product","link":"https:\/\/mineraleslunallena.com\/ca\/producte\/incienso-en-conos-de-reflujo-de-ruda-disipa-energia-negativas-proteccion\/","title":{"rendered":"Incienso en Conos de Reflujo de Ruda | Disipa Energ\u00eda Negativas &#8211; Protecci\u00f3n"},"content":{"rendered":"<p>\u00a1Bienvenidos a nuestra \u00faltima adici\u00f3n: el Incienso en Conos de Reflujo de Ruda! Sum\u00e9rgete en una experiencia espiritual \u00fanica con el aroma vigorizante y protector de la ruda, conocida por sus propiedades de limpieza y purificaci\u00f3n espiritual. Este incienso no solo purifica el ambiente, sino que tambi\u00e9n disipa las energ\u00edas negativas y promueve la protecci\u00f3n espiritual. \u00dasalo durante la meditaci\u00f3n para fortalecer tu conexi\u00f3n con tu intuici\u00f3n y elevar tu vibraci\u00f3n espiritual. Con cada cono encendido, sentir\u00e1s c\u00f3mo la ruda te envuelve en un manto de fuerza y claridad mental. Descubre el poder transformador del incienso de ruda en conos de reflujo y hazlo tuyo hoy mismo. \u00a1Deja que la ruda gu\u00ede tus rituales de limpieza y protecci\u00f3n espiritual!<\/p>\n<p>Cantidad: 18 conos en cada unidad. El precio es por una unidad.<\/p>\n<p>Duraci\u00f3n : 20 minutos aproximadamente.<\/p>","protected":false},"excerpt":{"rendered":"<p>\u00a1Bienvenidos a nuestra \u00faltima adici\u00f3n: el Incienso en Conos de Reflujo de Ruda! Sum\u00e9rgete en una experiencia espiritual \u00fanica con el aroma vigorizante y protector de la ruda, conocida por sus propiedades de limpieza y purificaci\u00f3n espiritual. Este incienso no solo purifica el ambiente, sino que tambi\u00e9n disipa las energ\u00edas negativas y promueve la protecci\u00f3n espiritual. \u00dasalo durante la meditaci\u00f3n para fortalecer tu conexi\u00f3n con tu intuici\u00f3n y elevar tu vibraci\u00f3n espiritual. Con cada cono encendido, sentir\u00e1s c\u00f3mo la ruda te envuelve en un manto de fuerza y claridad mental. Descubre el poder transformador del incienso de ruda en conos de reflujo y hazlo tuyo hoy mismo. \u00a1Deja que la ruda gu\u00ede tus rituales de limpieza y protecci\u00f3n espiritual!<\/p>\n<p>Cantidad: 18 conos en cada unidad. El precio es por una unidad.<\/p>\n<p>Duraci\u00f3n : 20 minutos aproximadamente.<\/p>","protected":false},"featured_media":3583,"template":"","meta":[],"product_cat":[98],"product_tag":[],"class_list":{"0":"post-3582","1":"product","2":"type-product","3":"status-publish","4":"has-post-thumbnail","6":"product_cat-incienso","8":"first","9":"outofstock","10":"taxable","11":"shipping-taxable","12":"purchasable","13":"product-type-simple"},"yoast_head":"<!-- This site is optimized with the Yoast SEO plugin v27.3 - https:\/\/yoast.com\/product\/yoast-seo-wordpress\/ -->\n<title>Incienso en Conos de Reflujo de Ruda | Disipa Energ\u00eda Negativas - Protecci\u00f3n - MINERALES LUNA LLENA<\/title>\n<meta name=\"robots\" content=\"index, follow, max-snippet:-1, max-image-preview:large, max-video-preview:-1\" \/>\n<link rel=\"canonical\" href=\"https:\/\/mineraleslunallena.com\/ca\/producte\/incienso-en-conos-de-reflujo-de-ruda-disipa-energia-negativas-proteccion\/\" \/>\n<meta property=\"og:locale\" content=\"ca_ES\" \/>\n<meta property=\"og:type\" content=\"article\" \/>\n<meta property=\"og:title\" content=\"Incienso en Conos de Reflujo de Ruda | Disipa Energ\u00eda Negativas - Protecci\u00f3n - MINERALES LUNA LLENA\" \/>\n<meta property=\"og:description\" content=\"\u00a1Bienvenidos a nuestra \u00faltima adici\u00f3n: el Incienso en Conos de Reflujo de Ruda! Sum\u00e9rgete en una experiencia espiritual \u00fanica con el aroma vigorizante y protector de la ruda, conocida por sus propiedades de limpieza y purificaci\u00f3n espiritual. Este incienso no solo purifica el ambiente, sino que tambi\u00e9n disipa las energ\u00edas negativas y promueve la protecci\u00f3n espiritual. \u00dasalo durante la meditaci\u00f3n para fortalecer tu conexi\u00f3n con tu intuici\u00f3n y elevar tu vibraci\u00f3n espiritual. Con cada cono encendido, sentir\u00e1s c\u00f3mo la ruda te envuelve en un manto de fuerza y claridad mental. Descubre el poder transformador del incienso de ruda en conos de reflujo y hazlo tuyo hoy mismo. \u00a1Deja que la ruda gu\u00ede tus rituales de limpieza y protecci\u00f3n espiritual!  Cantidad: 18 conos en cada unidad. El precio es por una unidad.  Duraci\u00f3n : 20 minutos aproximadamente.\" \/>\n<meta property=\"og:url\" content=\"https:\/\/mineraleslunallena.com\/ca\/producte\/incienso-en-conos-de-reflujo-de-ruda-disipa-energia-negativas-proteccion\/\" \/>\n<meta property=\"og:site_name\" content=\"MINERALES LUNA LLENA\" \/>\n<meta property=\"article:modified_time\" content=\"2025-07-10T09:09:37+00:00\" \/>\n<meta property=\"og:image\" content=\"https:\/\/mineraleslunallena.com\/wp-content\/uploads\/2024\/03\/conoreflujo-ruda-scaled.jpg\" \/>\n\t<meta property=\"og:image:width\" content=\"1920\" \/>\n\t<meta property=\"og:image:height\" content=\"2560\" \/>\n\t<meta property=\"og:image:type\" content=\"image\/jpeg\" \/>\n<meta name=\"twitter:card\" content=\"summary_large_image\" \/>\n<meta name=\"twitter:label1\" content=\"Temps estimat de lectura\" \/>\n\t<meta name=\"twitter:data1\" content=\"1 minut\" \/>\n<script type=\"application\/ld+json\" class=\"yoast-schema-graph\">{\"@context\":\"https:\\\/\\\/schema.org\",\"@graph\":[{\"@type\":\"WebPage\",\"@id\":\"https:\\\/\\\/mineraleslunallena.com\\\/producto\\\/incienso-en-conos-de-reflujo-de-ruda-disipa-energia-negativas-proteccion\\\/\",\"url\":\"https:\\\/\\\/mineraleslunallena.com\\\/producto\\\/incienso-en-conos-de-reflujo-de-ruda-disipa-energia-negativas-proteccion\\\/\",\"name\":\"Incienso en Conos de Reflujo de Ruda | Disipa Energ\u00eda Negativas - Protecci\u00f3n - MINERALES LUNA LLENA\",\"isPartOf\":{\"@id\":\"https:\\\/\\\/mineraleslunallena.com\\\/#website\"},\"primaryImageOfPage\":{\"@id\":\"https:\\\/\\\/mineraleslunallena.com\\\/producto\\\/incienso-en-conos-de-reflujo-de-ruda-disipa-energia-negativas-proteccion\\\/#primaryimage\"},\"image\":{\"@id\":\"https:\\\/\\\/mineraleslunallena.com\\\/producto\\\/incienso-en-conos-de-reflujo-de-ruda-disipa-energia-negativas-proteccion\\\/#primaryimage\"},\"thumbnailUrl\":\"https:\\\/\\\/mineraleslunallena.com\\\/wp-content\\\/uploads\\\/2024\\\/03\\\/conoreflujo-ruda-scaled.jpg\",\"datePublished\":\"2024-03-21T15:44:57+00:00\",\"dateModified\":\"2025-07-10T09:09:37+00:00\",\"breadcrumb\":{\"@id\":\"https:\\\/\\\/mineraleslunallena.com\\\/producto\\\/incienso-en-conos-de-reflujo-de-ruda-disipa-energia-negativas-proteccion\\\/#breadcrumb\"},\"inLanguage\":\"ca\",\"potentialAction\":[{\"@type\":\"ReadAction\",\"target\":[\"https:\\\/\\\/mineraleslunallena.com\\\/producto\\\/incienso-en-conos-de-reflujo-de-ruda-disipa-energia-negativas-proteccion\\\/\"]}]},{\"@type\":\"ImageObject\",\"inLanguage\":\"ca\",\"@id\":\"https:\\\/\\\/mineraleslunallena.com\\\/producto\\\/incienso-en-conos-de-reflujo-de-ruda-disipa-energia-negativas-proteccion\\\/#primaryimage\",\"url\":\"https:\\\/\\\/mineraleslunallena.com\\\/wp-content\\\/uploads\\\/2024\\\/03\\\/conoreflujo-ruda-scaled.jpg\",\"contentUrl\":\"https:\\\/\\\/mineraleslunallena.com\\\/wp-content\\\/uploads\\\/2024\\\/03\\\/conoreflujo-ruda-scaled.jpg\",\"width\":1920,\"height\":2560},{\"@type\":\"BreadcrumbList\",\"@id\":\"https:\\\/\\\/mineraleslunallena.com\\\/producto\\\/incienso-en-conos-de-reflujo-de-ruda-disipa-energia-negativas-proteccion\\\/#breadcrumb\",\"itemListElement\":[{\"@type\":\"ListItem\",\"position\":1,\"name\":\"Portada\",\"item\":\"https:\\\/\\\/mineraleslunallena.com\\\/\"},{\"@type\":\"ListItem\",\"position\":2,\"name\":\"Shop\",\"item\":\"https:\\\/\\\/mineraleslunallena.com\\\/ca\\\/shop\\\/\"},{\"@type\":\"ListItem\",\"position\":3,\"name\":\"Incienso en Conos de Reflujo de Ruda | Disipa Energ\u00eda Negativas &#8211; Protecci\u00f3n\"}]},{\"@type\":\"WebSite\",\"@id\":\"https:\\\/\\\/mineraleslunallena.com\\\/#website\",\"url\":\"https:\\\/\\\/mineraleslunallena.com\\\/\",\"name\":\"LUNA LLENA MINERALES\",\"description\":\"Es el momento de conectarte con tu propio poder y confiar en tus habilidades.\",\"publisher\":{\"@id\":\"https:\\\/\\\/mineraleslunallena.com\\\/#organization\"},\"potentialAction\":[{\"@type\":\"SearchAction\",\"target\":{\"@type\":\"EntryPoint\",\"urlTemplate\":\"https:\\\/\\\/mineraleslunallena.com\\\/?s={search_term_string}\"},\"query-input\":{\"@type\":\"PropertyValueSpecification\",\"valueRequired\":true,\"valueName\":\"search_term_string\"}}],\"inLanguage\":\"ca\"},{\"@type\":\"Organization\",\"@id\":\"https:\\\/\\\/mineraleslunallena.com\\\/#organization\",\"name\":\"LUNA LLENA MINERALES\",\"url\":\"https:\\\/\\\/mineraleslunallena.com\\\/\",\"logo\":{\"@type\":\"ImageObject\",\"inLanguage\":\"ca\",\"@id\":\"https:\\\/\\\/mineraleslunallena.com\\\/#\\\/schema\\\/logo\\\/image\\\/\",\"url\":\"https:\\\/\\\/mineraleslunallena.com\\\/wp-content\\\/uploads\\\/2023\\\/07\\\/LUNA-LLENA-LOGO-nuevo.png\",\"contentUrl\":\"https:\\\/\\\/mineraleslunallena.com\\\/wp-content\\\/uploads\\\/2023\\\/07\\\/LUNA-LLENA-LOGO-nuevo.png\",\"width\":229,\"height\":167,\"caption\":\"LUNA LLENA MINERALES\"},\"image\":{\"@id\":\"https:\\\/\\\/mineraleslunallena.com\\\/#\\\/schema\\\/logo\\\/image\\\/\"}}]}<\/script>\n<!-- \/ Yoast SEO plugin. -->","yoast_head_json":{"title":"Incienso en Conos de Reflujo de Ruda | Disipa Energ\u00eda Negativas - Protecci\u00f3n - MINERALES LUNA LLENA","robots":{"index":"index","follow":"follow","max-snippet":"max-snippet:-1","max-image-preview":"max-image-preview:large","max-video-preview":"max-video-preview:-1"},"canonical":"https:\/\/mineraleslunallena.com\/ca\/producte\/incienso-en-conos-de-reflujo-de-ruda-disipa-energia-negativas-proteccion\/","og_locale":"ca_ES","og_type":"article","og_title":"Incienso en Conos de Reflujo de Ruda | Disipa Energ\u00eda Negativas - Protecci\u00f3n - MINERALES LUNA LLENA","og_description":"\u00a1Bienvenidos a nuestra \u00faltima adici\u00f3n: el Incienso en Conos de Reflujo de Ruda! Sum\u00e9rgete en una experiencia espiritual \u00fanica con el aroma vigorizante y protector de la ruda, conocida por sus propiedades de limpieza y purificaci\u00f3n espiritual. Este incienso no solo purifica el ambiente, sino que tambi\u00e9n disipa las energ\u00edas negativas y promueve la protecci\u00f3n espiritual. \u00dasalo durante la meditaci\u00f3n para fortalecer tu conexi\u00f3n con tu intuici\u00f3n y elevar tu vibraci\u00f3n espiritual. Con cada cono encendido, sentir\u00e1s c\u00f3mo la ruda te envuelve en un manto de fuerza y claridad mental. Descubre el poder transformador del incienso de ruda en conos de reflujo y hazlo tuyo hoy mismo. \u00a1Deja que la ruda gu\u00ede tus rituales de limpieza y protecci\u00f3n espiritual!  Cantidad: 18 conos en cada unidad. El precio es por una unidad.  Duraci\u00f3n : 20 minutos aproximadamente.","og_url":"https:\/\/mineraleslunallena.com\/ca\/producte\/incienso-en-conos-de-reflujo-de-ruda-disipa-energia-negativas-proteccion\/","og_site_name":"MINERALES LUNA LLENA","article_modified_time":"2025-07-10T09:09:37+00:00","og_image":[{"width":1920,"height":2560,"url":"https:\/\/mineraleslunallena.com\/wp-content\/uploads\/2024\/03\/conoreflujo-ruda-scaled.jpg","type":"image\/jpeg"}],"twitter_card":"summary_large_image","twitter_misc":{"Temps estimat de lectura":"1 minut"},"schema":{"@context":"https:\/\/schema.org","@graph":[{"@type":"WebPage","@id":"https:\/\/mineraleslunallena.com\/producto\/incienso-en-conos-de-reflujo-de-ruda-disipa-energia-negativas-proteccion\/","url":"https:\/\/mineraleslunallena.com\/producto\/incienso-en-conos-de-reflujo-de-ruda-disipa-energia-negativas-proteccion\/","name":"Incienso en Conos de Reflujo de Ruda | Disipa Energ\u00eda Negativas - Protecci\u00f3n - MINERALES LUNA LLENA","isPartOf":{"@id":"https:\/\/mineraleslunallena.com\/#website"},"primaryImageOfPage":{"@id":"https:\/\/mineraleslunallena.com\/producto\/incienso-en-conos-de-reflujo-de-ruda-disipa-energia-negativas-proteccion\/#primaryimage"},"image":{"@id":"https:\/\/mineraleslunallena.com\/producto\/incienso-en-conos-de-reflujo-de-ruda-disipa-energia-negativas-proteccion\/#primaryimage"},"thumbnailUrl":"https:\/\/mineraleslunallena.com\/wp-content\/uploads\/2024\/03\/conoreflujo-ruda-scaled.jpg","datePublished":"2024-03-21T15:44:57+00:00","dateModified":"2025-07-10T09:09:37+00:00","breadcrumb":{"@id":"https:\/\/mineraleslunallena.com\/producto\/incienso-en-conos-de-reflujo-de-ruda-disipa-energia-negativas-proteccion\/#breadcrumb"},"inLanguage":"ca","potentialAction":[{"@type":"ReadAction","target":["https:\/\/mineraleslunallena.com\/producto\/incienso-en-conos-de-reflujo-de-ruda-disipa-energia-negativas-proteccion\/"]}]},{"@type":"ImageObject","inLanguage":"ca","@id":"https:\/\/mineraleslunallena.com\/producto\/incienso-en-conos-de-reflujo-de-ruda-disipa-energia-negativas-proteccion\/#primaryimage","url":"https:\/\/mineraleslunallena.com\/wp-content\/uploads\/2024\/03\/conoreflujo-ruda-scaled.jpg","contentUrl":"https:\/\/mineraleslunallena.com\/wp-content\/uploads\/2024\/03\/conoreflujo-ruda-scaled.jpg","width":1920,"height":2560},{"@type":"BreadcrumbList","@id":"https:\/\/mineraleslunallena.com\/producto\/incienso-en-conos-de-reflujo-de-ruda-disipa-energia-negativas-proteccion\/#breadcrumb","itemListElement":[{"@type":"ListItem","position":1,"name":"Portada","item":"https:\/\/mineraleslunallena.com\/"},{"@type":"ListItem","position":2,"name":"Shop","item":"https:\/\/mineraleslunallena.com\/ca\/shop\/"},{"@type":"ListItem","position":3,"name":"Incienso en Conos de Reflujo de Ruda | Disipa Energ\u00eda Negativas &#8211; Protecci\u00f3n"}]},{"@type":"WebSite","@id":"https:\/\/mineraleslunallena.com\/#website","url":"https:\/\/mineraleslunallena.com\/","name":"LLUNA PLENA MINERALS","description":"\u00c9s el moment de connectar-te amb el teu poder i confiar en les teves habilitats.","publisher":{"@id":"https:\/\/mineraleslunallena.com\/#organization"},"potentialAction":[{"@type":"SearchAction","target":{"@type":"EntryPoint","urlTemplate":"https:\/\/mineraleslunallena.com\/?s={search_term_string}"},"query-input":{"@type":"PropertyValueSpecification","valueRequired":true,"valueName":"search_term_string"}}],"inLanguage":"ca"},{"@type":"Organization","@id":"https:\/\/mineraleslunallena.com\/#organization","name":"LLUNA PLENA MINERALS","url":"https:\/\/mineraleslunallena.com\/","logo":{"@type":"ImageObject","inLanguage":"ca","@id":"https:\/\/mineraleslunallena.com\/#\/schema\/logo\/image\/","url":"https:\/\/mineraleslunallena.com\/wp-content\/uploads\/2023\/07\/LUNA-LLENA-LOGO-nuevo.png","contentUrl":"https:\/\/mineraleslunallena.com\/wp-content\/uploads\/2023\/07\/LUNA-LLENA-LOGO-nuevo.png","width":229,"height":167,"caption":"LUNA LLENA MINERALES"},"image":{"@id":"https:\/\/mineraleslunallena.com\/#\/schema\/logo\/image\/"}}]}},"_links":{"self":[{"href":"https:\/\/mineraleslunallena.com\/ca\/wp-json\/wp\/v2\/product\/3582","targetHints":{"allow":["GET"]}}],"collection":[{"href":"https:\/\/mineraleslunallena.com\/ca\/wp-json\/wp\/v2\/product"}],"about":[{"href":"https:\/\/mineraleslunallena.com\/ca\/wp-json\/wp\/v2\/types\/product"}],"version-history":[{"count":1,"href":"https:\/\/mineraleslunallena.com\/ca\/wp-json\/wp\/v2\/product\/3582\/revisions"}],"predecessor-version":[{"id":3584,"href":"https:\/\/mineraleslunallena.com\/ca\/wp-json\/wp\/v2\/product\/3582\/revisions\/3584"}],"wp:featuredmedia":[{"embeddable":true,"href":"https:\/\/mineraleslunallena.com\/ca\/wp-json\/wp\/v2\/media\/3583"}],"wp:attachment":[{"href":"https:\/\/mineraleslunallena.com\/ca\/wp-json\/wp\/v2\/media?parent=3582"}],"wp:term":[{"taxonomy":"product_cat","embeddable":true,"href":"https:\/\/mineraleslunallena.com\/ca\/wp-json\/wp\/v2\/product_cat?post=3582"},{"taxonomy":"product_tag","embeddable":true,"href":"https:\/\/mineraleslunallena.com\/ca\/wp-json\/wp\/v2\/product_tag?post=3582"}],"curies":[{"name":"wp","href":"https:\/\/api.w.org\/{rel}","templated":true}]}}