{"id":3585,"date":"2024-03-21T16:58:15","date_gmt":"2024-03-21T15:58:15","guid":{"rendered":"https:\/\/mineraleslunallena.com\/?post_type=product&#038;p=3585"},"modified":"2025-11-04T11:38:06","modified_gmt":"2025-11-04T10:38:06","slug":"incienso-en-conos-de-ruda-con-base-contra-mal-de-ojo-envidia","status":"publish","type":"product","link":"https:\/\/mineraleslunallena.com\/ca\/producte\/incienso-en-conos-de-ruda-con-base-contra-mal-de-ojo-envidia\/","title":{"rendered":"Encens a Conos de Ruda amb Base | Contra Mal d&#039;Ull \u2013 Enveja"},"content":{"rendered":"<p>\u00a1Descubre nuestro nuevo incienso en conos de ruda y eleva tu experiencia espiritual! Con su aroma vigorizante y purificador, la ruda te ofrece protecci\u00f3n contra energ\u00edas negativas y fortalece tu conexi\u00f3n espiritual. Enciende estos conos durante tus pr\u00e1cticas espirituales para limpiar el ambiente y potenciar tu intuici\u00f3n. Siente c\u00f3mo la ruda te envuelve en una esfera de fuerza y claridad mental, renovando tu energ\u00eda y promoviendo la paz interior. Con cada cono encendido, experimenta la sabidur\u00eda ancestral de la ruda y su poder de purificaci\u00f3n espiritual. \u00a1Hazte con nuestro incienso de ruda en conos y transforma tu espacio en un santuario de protecci\u00f3n y armon\u00eda espiritual!<\/p>\n<p>Cantidad: 10 conos en cada unidad. El precio es por una unidad.<\/p>\n<p>Duraci\u00f3n : 20 minutos aproximadamente.<\/p>\n<p>Incluye base para cono.<\/p>","protected":false},"excerpt":{"rendered":"<p>\u00a1Descubre nuestro nuevo incienso en conos de ruda y eleva tu experiencia espiritual! Con su aroma vigorizante y purificador, la ruda te ofrece protecci\u00f3n contra energ\u00edas negativas y fortalece tu conexi\u00f3n espiritual. Enciende estos conos durante tus pr\u00e1cticas espirituales para limpiar el ambiente y potenciar tu intuici\u00f3n. Siente c\u00f3mo la ruda te envuelve en una esfera de fuerza y claridad mental, renovando tu energ\u00eda y promoviendo la paz interior. Con cada cono encendido, experimenta la sabidur\u00eda ancestral de la ruda y su poder de purificaci\u00f3n espiritual. \u00a1Hazte con nuestro incienso de ruda en conos y transforma tu espacio en un santuario de protecci\u00f3n y armon\u00eda espiritual!<\/p>\n<p>Cantidad: 10 conos en cada unidad. El precio es por una unidad.<\/p>\n<p>Duraci\u00f3n : 20 minutos aproximadamente.<\/p>\n<p>Incluye base para cono.<\/p>","protected":false},"featured_media":3586,"template":"","meta":[],"product_cat":[114,98],"product_tag":[],"class_list":{"0":"post-3585","1":"product","2":"type-product","3":"status-publish","4":"has-post-thumbnail","6":"product_cat-incienso-en-cono","7":"product_cat-incienso","9":"first","10":"instock","11":"sale","12":"taxable","13":"shipping-taxable","14":"purchasable","15":"product-type-simple"},"yoast_head":"<!-- This site is optimized with the Yoast SEO plugin v27.3 - https:\/\/yoast.com\/product\/yoast-seo-wordpress\/ -->\n<title>Incienso en Conos de Ruda con Base | Contra Mal de Ojo - Envidia - MINERALES LUNA LLENA<\/title>\n<meta name=\"robots\" content=\"index, follow, max-snippet:-1, max-image-preview:large, max-video-preview:-1\" \/>\n<link rel=\"canonical\" href=\"https:\/\/mineraleslunallena.com\/ca\/producte\/incienso-en-conos-de-ruda-con-base-contra-mal-de-ojo-envidia\/\" \/>\n<meta property=\"og:locale\" content=\"ca_ES\" \/>\n<meta property=\"og:type\" content=\"article\" \/>\n<meta property=\"og:title\" content=\"Incienso en Conos de Ruda con Base | Contra Mal de Ojo - Envidia - MINERALES LUNA LLENA\" \/>\n<meta property=\"og:description\" content=\"\u00a1Descubre nuestro nuevo incienso en conos de ruda y eleva tu experiencia espiritual! Con su aroma vigorizante y purificador, la ruda te ofrece protecci\u00f3n contra energ\u00edas negativas y fortalece tu conexi\u00f3n espiritual. Enciende estos conos durante tus pr\u00e1cticas espirituales para limpiar el ambiente y potenciar tu intuici\u00f3n. Siente c\u00f3mo la ruda te envuelve en una esfera de fuerza y claridad mental, renovando tu energ\u00eda y promoviendo la paz interior. Con cada cono encendido, experimenta la sabidur\u00eda ancestral de la ruda y su poder de purificaci\u00f3n espiritual. \u00a1Hazte con nuestro incienso de ruda en conos y transforma tu espacio en un santuario de protecci\u00f3n y armon\u00eda espiritual!  Cantidad: 10 conos en cada unidad. El precio es por una unidad.  Duraci\u00f3n : 20 minutos aproximadamente.  Incluye base para cono.\" \/>\n<meta property=\"og:url\" content=\"https:\/\/mineraleslunallena.com\/ca\/producte\/incienso-en-conos-de-ruda-con-base-contra-mal-de-ojo-envidia\/\" \/>\n<meta property=\"og:site_name\" content=\"MINERALES LUNA LLENA\" \/>\n<meta property=\"article:modified_time\" content=\"2025-11-04T10:38:06+00:00\" \/>\n<meta property=\"og:image\" content=\"https:\/\/mineraleslunallena.com\/wp-content\/uploads\/2024\/03\/conoruda-scaled.jpg\" \/>\n\t<meta property=\"og:image:width\" content=\"1920\" \/>\n\t<meta property=\"og:image:height\" content=\"2560\" \/>\n\t<meta property=\"og:image:type\" content=\"image\/jpeg\" \/>\n<meta name=\"twitter:card\" content=\"summary_large_image\" \/>\n<meta name=\"twitter:label1\" content=\"Temps estimat de lectura\" \/>\n\t<meta name=\"twitter:data1\" content=\"1 minut\" \/>\n<script type=\"application\/ld+json\" class=\"yoast-schema-graph\">{\"@context\":\"https:\\\/\\\/schema.org\",\"@graph\":[{\"@type\":\"WebPage\",\"@id\":\"https:\\\/\\\/mineraleslunallena.com\\\/producto\\\/incienso-en-conos-de-ruda-con-base-contra-mal-de-ojo-envidia\\\/\",\"url\":\"https:\\\/\\\/mineraleslunallena.com\\\/producto\\\/incienso-en-conos-de-ruda-con-base-contra-mal-de-ojo-envidia\\\/\",\"name\":\"Incienso en Conos de Ruda con Base | Contra Mal de Ojo - Envidia - MINERALES LUNA LLENA\",\"isPartOf\":{\"@id\":\"https:\\\/\\\/mineraleslunallena.com\\\/#website\"},\"primaryImageOfPage\":{\"@id\":\"https:\\\/\\\/mineraleslunallena.com\\\/producto\\\/incienso-en-conos-de-ruda-con-base-contra-mal-de-ojo-envidia\\\/#primaryimage\"},\"image\":{\"@id\":\"https:\\\/\\\/mineraleslunallena.com\\\/producto\\\/incienso-en-conos-de-ruda-con-base-contra-mal-de-ojo-envidia\\\/#primaryimage\"},\"thumbnailUrl\":\"https:\\\/\\\/mineraleslunallena.com\\\/wp-content\\\/uploads\\\/2024\\\/03\\\/conoruda-scaled.jpg\",\"datePublished\":\"2024-03-21T15:58:15+00:00\",\"dateModified\":\"2025-11-04T10:38:06+00:00\",\"breadcrumb\":{\"@id\":\"https:\\\/\\\/mineraleslunallena.com\\\/producto\\\/incienso-en-conos-de-ruda-con-base-contra-mal-de-ojo-envidia\\\/#breadcrumb\"},\"inLanguage\":\"ca\",\"potentialAction\":[{\"@type\":\"ReadAction\",\"target\":[\"https:\\\/\\\/mineraleslunallena.com\\\/producto\\\/incienso-en-conos-de-ruda-con-base-contra-mal-de-ojo-envidia\\\/\"]}]},{\"@type\":\"ImageObject\",\"inLanguage\":\"ca\",\"@id\":\"https:\\\/\\\/mineraleslunallena.com\\\/producto\\\/incienso-en-conos-de-ruda-con-base-contra-mal-de-ojo-envidia\\\/#primaryimage\",\"url\":\"https:\\\/\\\/mineraleslunallena.com\\\/wp-content\\\/uploads\\\/2024\\\/03\\\/conoruda-scaled.jpg\",\"contentUrl\":\"https:\\\/\\\/mineraleslunallena.com\\\/wp-content\\\/uploads\\\/2024\\\/03\\\/conoruda-scaled.jpg\",\"width\":1920,\"height\":2560},{\"@type\":\"BreadcrumbList\",\"@id\":\"https:\\\/\\\/mineraleslunallena.com\\\/producto\\\/incienso-en-conos-de-ruda-con-base-contra-mal-de-ojo-envidia\\\/#breadcrumb\",\"itemListElement\":[{\"@type\":\"ListItem\",\"position\":1,\"name\":\"Portada\",\"item\":\"https:\\\/\\\/mineraleslunallena.com\\\/\"},{\"@type\":\"ListItem\",\"position\":2,\"name\":\"Shop\",\"item\":\"https:\\\/\\\/mineraleslunallena.com\\\/ca\\\/shop\\\/\"},{\"@type\":\"ListItem\",\"position\":3,\"name\":\"Incienso en Conos de Ruda con Base | Contra Mal de Ojo &#8211; Envidia\"}]},{\"@type\":\"WebSite\",\"@id\":\"https:\\\/\\\/mineraleslunallena.com\\\/#website\",\"url\":\"https:\\\/\\\/mineraleslunallena.com\\\/\",\"name\":\"LUNA LLENA MINERALES\",\"description\":\"Es el momento de conectarte con tu propio poder y confiar en tus habilidades.\",\"publisher\":{\"@id\":\"https:\\\/\\\/mineraleslunallena.com\\\/#organization\"},\"potentialAction\":[{\"@type\":\"SearchAction\",\"target\":{\"@type\":\"EntryPoint\",\"urlTemplate\":\"https:\\\/\\\/mineraleslunallena.com\\\/?s={search_term_string}\"},\"query-input\":{\"@type\":\"PropertyValueSpecification\",\"valueRequired\":true,\"valueName\":\"search_term_string\"}}],\"inLanguage\":\"ca\"},{\"@type\":\"Organization\",\"@id\":\"https:\\\/\\\/mineraleslunallena.com\\\/#organization\",\"name\":\"LUNA LLENA MINERALES\",\"url\":\"https:\\\/\\\/mineraleslunallena.com\\\/\",\"logo\":{\"@type\":\"ImageObject\",\"inLanguage\":\"ca\",\"@id\":\"https:\\\/\\\/mineraleslunallena.com\\\/#\\\/schema\\\/logo\\\/image\\\/\",\"url\":\"https:\\\/\\\/mineraleslunallena.com\\\/wp-content\\\/uploads\\\/2023\\\/07\\\/LUNA-LLENA-LOGO-nuevo.png\",\"contentUrl\":\"https:\\\/\\\/mineraleslunallena.com\\\/wp-content\\\/uploads\\\/2023\\\/07\\\/LUNA-LLENA-LOGO-nuevo.png\",\"width\":229,\"height\":167,\"caption\":\"LUNA LLENA MINERALES\"},\"image\":{\"@id\":\"https:\\\/\\\/mineraleslunallena.com\\\/#\\\/schema\\\/logo\\\/image\\\/\"}}]}<\/script>\n<!-- \/ Yoast SEO plugin. -->","yoast_head_json":{"title":"Incienso en Conos de Ruda con Base | Contra Mal de Ojo - Envidia - MINERALES LUNA LLENA","robots":{"index":"index","follow":"follow","max-snippet":"max-snippet:-1","max-image-preview":"max-image-preview:large","max-video-preview":"max-video-preview:-1"},"canonical":"https:\/\/mineraleslunallena.com\/ca\/producte\/incienso-en-conos-de-ruda-con-base-contra-mal-de-ojo-envidia\/","og_locale":"ca_ES","og_type":"article","og_title":"Incienso en Conos de Ruda con Base | Contra Mal de Ojo - Envidia - MINERALES LUNA LLENA","og_description":"\u00a1Descubre nuestro nuevo incienso en conos de ruda y eleva tu experiencia espiritual! Con su aroma vigorizante y purificador, la ruda te ofrece protecci\u00f3n contra energ\u00edas negativas y fortalece tu conexi\u00f3n espiritual. Enciende estos conos durante tus pr\u00e1cticas espirituales para limpiar el ambiente y potenciar tu intuici\u00f3n. Siente c\u00f3mo la ruda te envuelve en una esfera de fuerza y claridad mental, renovando tu energ\u00eda y promoviendo la paz interior. Con cada cono encendido, experimenta la sabidur\u00eda ancestral de la ruda y su poder de purificaci\u00f3n espiritual. \u00a1Hazte con nuestro incienso de ruda en conos y transforma tu espacio en un santuario de protecci\u00f3n y armon\u00eda espiritual!  Cantidad: 10 conos en cada unidad. El precio es por una unidad.  Duraci\u00f3n : 20 minutos aproximadamente.  Incluye base para cono.","og_url":"https:\/\/mineraleslunallena.com\/ca\/producte\/incienso-en-conos-de-ruda-con-base-contra-mal-de-ojo-envidia\/","og_site_name":"MINERALES LUNA LLENA","article_modified_time":"2025-11-04T10:38:06+00:00","og_image":[{"width":1920,"height":2560,"url":"https:\/\/mineraleslunallena.com\/wp-content\/uploads\/2024\/03\/conoruda-scaled.jpg","type":"image\/jpeg"}],"twitter_card":"summary_large_image","twitter_misc":{"Temps estimat de lectura":"1 minut"},"schema":{"@context":"https:\/\/schema.org","@graph":[{"@type":"WebPage","@id":"https:\/\/mineraleslunallena.com\/producto\/incienso-en-conos-de-ruda-con-base-contra-mal-de-ojo-envidia\/","url":"https:\/\/mineraleslunallena.com\/producto\/incienso-en-conos-de-ruda-con-base-contra-mal-de-ojo-envidia\/","name":"Incienso en Conos de Ruda con Base | Contra Mal de Ojo - Envidia - MINERALES LUNA LLENA","isPartOf":{"@id":"https:\/\/mineraleslunallena.com\/#website"},"primaryImageOfPage":{"@id":"https:\/\/mineraleslunallena.com\/producto\/incienso-en-conos-de-ruda-con-base-contra-mal-de-ojo-envidia\/#primaryimage"},"image":{"@id":"https:\/\/mineraleslunallena.com\/producto\/incienso-en-conos-de-ruda-con-base-contra-mal-de-ojo-envidia\/#primaryimage"},"thumbnailUrl":"https:\/\/mineraleslunallena.com\/wp-content\/uploads\/2024\/03\/conoruda-scaled.jpg","datePublished":"2024-03-21T15:58:15+00:00","dateModified":"2025-11-04T10:38:06+00:00","breadcrumb":{"@id":"https:\/\/mineraleslunallena.com\/producto\/incienso-en-conos-de-ruda-con-base-contra-mal-de-ojo-envidia\/#breadcrumb"},"inLanguage":"ca","potentialAction":[{"@type":"ReadAction","target":["https:\/\/mineraleslunallena.com\/producto\/incienso-en-conos-de-ruda-con-base-contra-mal-de-ojo-envidia\/"]}]},{"@type":"ImageObject","inLanguage":"ca","@id":"https:\/\/mineraleslunallena.com\/producto\/incienso-en-conos-de-ruda-con-base-contra-mal-de-ojo-envidia\/#primaryimage","url":"https:\/\/mineraleslunallena.com\/wp-content\/uploads\/2024\/03\/conoruda-scaled.jpg","contentUrl":"https:\/\/mineraleslunallena.com\/wp-content\/uploads\/2024\/03\/conoruda-scaled.jpg","width":1920,"height":2560},{"@type":"BreadcrumbList","@id":"https:\/\/mineraleslunallena.com\/producto\/incienso-en-conos-de-ruda-con-base-contra-mal-de-ojo-envidia\/#breadcrumb","itemListElement":[{"@type":"ListItem","position":1,"name":"Portada","item":"https:\/\/mineraleslunallena.com\/"},{"@type":"ListItem","position":2,"name":"Shop","item":"https:\/\/mineraleslunallena.com\/ca\/shop\/"},{"@type":"ListItem","position":3,"name":"Incienso en Conos de Ruda con Base | Contra Mal de Ojo &#8211; Envidia"}]},{"@type":"WebSite","@id":"https:\/\/mineraleslunallena.com\/#website","url":"https:\/\/mineraleslunallena.com\/","name":"LLUNA PLENA MINERALS","description":"\u00c9s el moment de connectar-te amb el teu poder i confiar en les teves habilitats.","publisher":{"@id":"https:\/\/mineraleslunallena.com\/#organization"},"potentialAction":[{"@type":"SearchAction","target":{"@type":"EntryPoint","urlTemplate":"https:\/\/mineraleslunallena.com\/?s={search_term_string}"},"query-input":{"@type":"PropertyValueSpecification","valueRequired":true,"valueName":"search_term_string"}}],"inLanguage":"ca"},{"@type":"Organization","@id":"https:\/\/mineraleslunallena.com\/#organization","name":"LLUNA PLENA MINERALS","url":"https:\/\/mineraleslunallena.com\/","logo":{"@type":"ImageObject","inLanguage":"ca","@id":"https:\/\/mineraleslunallena.com\/#\/schema\/logo\/image\/","url":"https:\/\/mineraleslunallena.com\/wp-content\/uploads\/2023\/07\/LUNA-LLENA-LOGO-nuevo.png","contentUrl":"https:\/\/mineraleslunallena.com\/wp-content\/uploads\/2023\/07\/LUNA-LLENA-LOGO-nuevo.png","width":229,"height":167,"caption":"LUNA LLENA MINERALES"},"image":{"@id":"https:\/\/mineraleslunallena.com\/#\/schema\/logo\/image\/"}}]}},"jetpack_sharing_enabled":true,"_links":{"self":[{"href":"https:\/\/mineraleslunallena.com\/ca\/wp-json\/wp\/v2\/product\/3585","targetHints":{"allow":["GET"]}}],"collection":[{"href":"https:\/\/mineraleslunallena.com\/ca\/wp-json\/wp\/v2\/product"}],"about":[{"href":"https:\/\/mineraleslunallena.com\/ca\/wp-json\/wp\/v2\/types\/product"}],"version-history":[{"count":1,"href":"https:\/\/mineraleslunallena.com\/ca\/wp-json\/wp\/v2\/product\/3585\/revisions"}],"predecessor-version":[{"id":3587,"href":"https:\/\/mineraleslunallena.com\/ca\/wp-json\/wp\/v2\/product\/3585\/revisions\/3587"}],"wp:featuredmedia":[{"embeddable":true,"href":"https:\/\/mineraleslunallena.com\/ca\/wp-json\/wp\/v2\/media\/3586"}],"wp:attachment":[{"href":"https:\/\/mineraleslunallena.com\/ca\/wp-json\/wp\/v2\/media?parent=3585"}],"wp:term":[{"taxonomy":"product_cat","embeddable":true,"href":"https:\/\/mineraleslunallena.com\/ca\/wp-json\/wp\/v2\/product_cat?post=3585"},{"taxonomy":"product_tag","embeddable":true,"href":"https:\/\/mineraleslunallena.com\/ca\/wp-json\/wp\/v2\/product_tag?post=3585"}],"curies":[{"name":"wp","href":"https:\/\/api.w.org\/{rel}","templated":true}]}}